{"id":8170,"date":"2023-06-02T09:33:20","date_gmt":"2023-06-02T06:33:20","guid":{"rendered":"https:\/\/nspshop.net\/ueber-das-unternehmen\/"},"modified":"2024-04-05T20:56:59","modified_gmt":"2024-04-05T17:56:59","slug":"about","status":"publish","type":"page","link":"https:\/\/nspshop.net\/de\/about\/","title":{"rendered":"\u00dcber das Unternehmen"},"content":{"rendered":"<div class=\"wpb-content-wrapper\"><p>[vc_row][vc_column width=&#8220;1\/2&#8243;]\t\t<div id=\"wd-647d4d27298f3\" class=\"wd-image wd-wpb wd-rs-647d4d27298f3 text-center \">\n\t\t\t\n\t\t\t<img loading=\"lazy\" decoding=\"async\" width=\"1024\" height=\"683\" src=\"https:\/\/nspshop.net\/wp-content\/uploads\/2023\/06\/nsp-of-1024x683-1.jpg\" class=\"attachment-full\" alt=\"\" title=\"nsp-of-1024x683\" srcset=\"https:\/\/nspshop.net\/wp-content\/uploads\/2023\/06\/nsp-of-1024x683-1.jpg 1024w, https:\/\/nspshop.net\/wp-content\/uploads\/2023\/06\/nsp-of-1024x683-1-400x267.jpg 400w, https:\/\/nspshop.net\/wp-content\/uploads\/2023\/06\/nsp-of-1024x683-1-768x512.jpg 768w, https:\/\/nspshop.net\/wp-content\/uploads\/2023\/06\/nsp-of-1024x683-1-860x574.jpg 860w, https:\/\/nspshop.net\/wp-content\/uploads\/2023\/06\/nsp-of-1024x683-1-430x287.jpg 430w, https:\/\/nspshop.net\/wp-content\/uploads\/2023\/06\/nsp-of-1024x683-1-700x467.jpg 700w, https:\/\/nspshop.net\/wp-content\/uploads\/2023\/06\/nsp-of-1024x683-1-150x100.jpg 150w\" sizes=\"auto, (max-width: 1024px) 100vw, 1024px\" \/>\n\t\t\t\t\t<\/div>\n\t\t[\/vc_column][vc_column width=&#8220;1\/2&#8243;]\t\t<div id=\"wd-64840f00e4729\" class=\"wd-text-block wd-wpb reset-last-child wd-rs-64840f00e4729 text-left wd-fontsize-s vc_custom_1686376344059\">\n\t\t\t<p>Nature&#8217;s Sunshine (USA) war das erste Unternehmen der Welt, das Kr\u00e4uter einkapselte und reist seit fast 50 Jahren bis ans Ende der Welt auf der Suche nach den seltensten, reinsten und wirksamsten Inhaltsstoffen von Wildtieren, um umfassende L\u00f6sungen f\u00fcr die Gesundheit anzubieten.<\/p>\n<p>Unsere Wissenschaftler und Kr\u00e4uterexperten haben unter Verwendung der neuesten wissenschaftlichen Erkenntnisse eine der gr\u00f6\u00dften und effektivsten Sammlungen nat\u00fcrlicher Nahrungserg\u00e4nzungsmittel entwickelt, die heute erh\u00e4ltlich sind. NSP verf\u00fcgt \u00fcber 600 Rezepturen von Phytopr\u00e4paraten.<\/p>\n<p>Wir halten uns an strengste Qualit\u00e4tsstandards und testen Produkte in 6 eigenen Labors.<\/p>\n\t\t<\/div>\n\t\t[\/vc_column][\/vc_row][vc_row content_placement=&#8220;middle&#8220; css=&#8220;.vc_custom_1685933639171{margin-top: 40px !important;}&#8220; woodmart_css_id=&#8220;647d4dbd1c049&#8243; responsive_spacing=&#8220;eyJwYXJhbV90eXBlIjoid29vZG1hcnRfcmVzcG9uc2l2ZV9zcGFjaW5nIiwic2VsZWN0b3JfaWQiOiI2NDdkNGRiZDFjMDQ5Iiwic2hvcnRjb2RlIjoidmNfcm93IiwiZGF0YSI6eyJ0YWJsZXQiOnt9LCJtb2JpbGUiOnt9fX0=&#8220; mobile_bg_img_hidden=&#8220;no&#8220; tablet_bg_img_hidden=&#8220;no&#8220; woodmart_parallax=&#8220;0&#8243; woodmart_gradient_switch=&#8220;no&#8220; woodmart_box_shadow=&#8220;no&#8220; wd_z_index=&#8220;no&#8220; woodmart_disable_overflow=&#8220;0&#8243; row_reverse_mobile=&#8220;0&#8243; row_reverse_tablet=&#8220;0&#8243;][vc_column width=&#8220;1\/2&#8243;]\t\t<div id=\"wd-64840f1732b6b\" class=\"wd-text-block wd-wpb reset-last-child wd-rs-64840f1732b6b text-left wd-fontsize-s \">\n\t\t\t<h3>Die gesamte NSP-Produktion befindet sich im US-Bundesstaat Utah<\/h3>\n<p>Moderne Fabrik 25.000 m2<br \/>\nEigenes Forschungszentrum<br \/>\n6 eigene Labore<\/p>\n\t\t<\/div>\n\t\t[\/vc_column][vc_column width=&#8220;1\/2&#8243;]\t\t<div id=\"wd-647d4da0ef1e9\" class=\"wd-image wd-wpb wd-rs-647d4da0ef1e9 text-center \">\n\t\t\t\n\t\t\t<img loading=\"lazy\" decoding=\"async\" width=\"548\" height=\"383\" src=\"https:\/\/nspshop.net\/wp-content\/uploads\/2023\/06\/nsp-pl.png\" class=\"attachment-full\" alt=\"\" title=\"nsp-pl\" srcset=\"https:\/\/nspshop.net\/wp-content\/uploads\/2023\/06\/nsp-pl.png 548w, https:\/\/nspshop.net\/wp-content\/uploads\/2023\/06\/nsp-pl-400x280.png 400w, https:\/\/nspshop.net\/wp-content\/uploads\/2023\/06\/nsp-pl-430x301.png 430w, https:\/\/nspshop.net\/wp-content\/uploads\/2023\/06\/nsp-pl-150x105.png 150w\" sizes=\"auto, (max-width: 548px) 100vw, 548px\" \/>\n\t\t\t\t\t<\/div>\n\t\t[\/vc_column][\/vc_row][vc_row css=&#8220;.vc_custom_1685933672174{margin-top: 40px !important;}&#8220; woodmart_css_id=&#8220;647d4de4c1fd1&#8243; responsive_spacing=&#8220;eyJwYXJhbV90eXBlIjoid29vZG1hcnRfcmVzcG9uc2l2ZV9zcGFjaW5nIiwic2VsZWN0b3JfaWQiOiI2NDdkNGRlNGMxZmQxIiwic2hvcnRjb2RlIjoidmNfcm93IiwiZGF0YSI6eyJ0YWJsZXQiOnt9LCJtb2JpbGUiOnt9fX0=&#8220; mobile_bg_img_hidden=&#8220;no&#8220; tablet_bg_img_hidden=&#8220;no&#8220; woodmart_parallax=&#8220;0&#8243; woodmart_gradient_switch=&#8220;no&#8220; woodmart_box_shadow=&#8220;no&#8220; wd_z_index=&#8220;no&#8220; woodmart_disable_overflow=&#8220;0&#8243; row_reverse_mobile=&#8220;0&#8243; row_reverse_tablet=&#8220;0&#8243;][vc_column width=&#8220;1\/2&#8243;]\t\t<div id=\"wd-647d4df53cf89\" class=\"wd-image wd-wpb wd-rs-647d4df53cf89 text-center \">\n\t\t\t\n\t\t\t<img loading=\"lazy\" decoding=\"async\" width=\"850\" height=\"383\" src=\"https:\/\/nspshop.net\/wp-content\/uploads\/2023\/06\/tr-map.png\" class=\"attachment-full\" alt=\"\" title=\"tr-map\" srcset=\"https:\/\/nspshop.net\/wp-content\/uploads\/2023\/06\/tr-map.png 850w, https:\/\/nspshop.net\/wp-content\/uploads\/2023\/06\/tr-map-400x180.png 400w, https:\/\/nspshop.net\/wp-content\/uploads\/2023\/06\/tr-map-768x346.png 768w, https:\/\/nspshop.net\/wp-content\/uploads\/2023\/06\/tr-map-430x194.png 430w, https:\/\/nspshop.net\/wp-content\/uploads\/2023\/06\/tr-map-700x315.png 700w, https:\/\/nspshop.net\/wp-content\/uploads\/2023\/06\/tr-map-150x68.png 150w\" sizes=\"auto, (max-width: 850px) 100vw, 850px\" \/>\n\t\t\t\t\t<\/div>\n\t\t[\/vc_column][vc_column width=&#8220;1\/2&#8243;]\t\t<div id=\"wd-64840f291b440\" class=\"wd-text-block wd-wpb reset-last-child wd-rs-64840f291b440 text-left wd-fontsize-s \">\n\t\t\t<p>Nature&#8217;s Sunshine verf\u00fcgt heute \u00fcber 27 Repr\u00e4sentanzen auf der ganzen Welt, die 50 L\u00e4nder und Millionen von Verbrauchern abdecken.<\/p>\n\t\t<\/div>\n\t\t[\/vc_column][\/vc_row]<\/p>\n<\/div>","protected":false},"excerpt":{"rendered":"<p>[vc_row][vc_column width=&#8220;1\/2&#8243;][\/vc_column][vc_column width=&#8220;1\/2&#8243;][\/vc_column][\/vc_row][vc_row content_placement=&#8220;middle&#8220; css=&#8220;.vc_custom_1685933639171{margin-top: 40px !important;}&#8220; woodmart_css_id=&#8220;647d4dbd1c049&#8243; responsive_spacing=&#8220;eyJwYXJhbV90eXBlIjoid29vZG1hcnRfcmVzcG9uc2l2ZV9zcGFjaW5nIiwic2VsZWN0b3JfaWQiOiI2NDdkNGRiZDFjMDQ5Iiwic2hvcnRjb2RlIjoidmNfcm93IiwiZGF0YSI6eyJ0YWJsZXQiOnt9LCJtb2JpbGUiOnt9fX0=&#8220; mobile_bg_img_hidden=&#8220;no&#8220; tablet_bg_img_hidden=&#8220;no&#8220; woodmart_parallax=&#8220;0&#8243; woodmart_gradient_switch=&#8220;no&#8220; woodmart_box_shadow=&#8220;no&#8220; wd_z_index=&#8220;no&#8220; woodmart_disable_overflow=&#8220;0&#8243; row_reverse_mobile=&#8220;0&#8243; row_reverse_tablet=&#8220;0&#8243;][vc_column width=&#8220;1\/2&#8243;][\/vc_column][vc_column width=&#8220;1\/2&#8243;][\/vc_column][\/vc_row][vc_row<\/p>\n","protected":false},"author":1,"featured_media":0,"parent":0,"menu_order":0,"comment_status":"closed","ping_status":"closed","template":"","meta":{"_acf_changed":false,"footnotes":""},"class_list":["post-8170","page","type-page","status-publish","hentry"],"acf":[],"yoast_head":"<!-- This site is optimized with the Yoast SEO plugin v22.3 - https:\/\/yoast.com\/wordpress\/plugins\/seo\/ -->\n<title>\u00dcber das Unternehmen | Dietary Supplements<\/title>\n<meta name=\"description\" content=\"Nature&#039;s Sunshine (USA) war das erste Unternehmen der Welt, das Kr\u00e4uter einkapselte und reist seit fast 50 Jahren bis ans Ende der Welt\" \/>\n<meta name=\"robots\" content=\"index, follow, max-snippet:-1, max-image-preview:large, max-video-preview:-1\" \/>\n<link rel=\"canonical\" href=\"https:\/\/nspshop.net\/de\/about\/\" \/>\n<meta property=\"og:locale\" content=\"de_DE\" \/>\n<meta property=\"og:type\" content=\"article\" \/>\n<meta property=\"og:title\" content=\"\u00dcber das Unternehmen | Dietary Supplements\" \/>\n<meta property=\"og:description\" content=\"Nature&#039;s Sunshine (USA) war das erste Unternehmen der Welt, das Kr\u00e4uter einkapselte und reist seit fast 50 Jahren bis ans Ende der Welt\" \/>\n<meta property=\"og:url\" content=\"https:\/\/nspshop.net\/de\/about\/\" \/>\n<meta property=\"og:site_name\" content=\"Dietary Supplements\" \/>\n<meta property=\"article:modified_time\" content=\"2024-04-05T17:56:59+00:00\" \/>\n<meta property=\"og:image\" content=\"https:\/\/nspshop.net\/wp-content\/uploads\/2023\/06\/cropped-Logo-NSP.png\" \/>\n\t<meta property=\"og:image:width\" content=\"512\" \/>\n\t<meta property=\"og:image:height\" content=\"512\" \/>\n\t<meta property=\"og:image:type\" content=\"image\/png\" \/>\n<meta name=\"twitter:card\" content=\"summary_large_image\" \/>\n<meta name=\"twitter:label1\" content=\"Gesch\u00e4tzte Lesezeit\" \/>\n\t<meta name=\"twitter:data1\" content=\"2\u00a0Minuten\" \/>\n<script type=\"application\/ld+json\" class=\"yoast-schema-graph\">{\"@context\":\"https:\/\/schema.org\",\"@graph\":[{\"@type\":\"WebPage\",\"@id\":\"https:\/\/nspshop.net\/de\/about\/\",\"url\":\"https:\/\/nspshop.net\/de\/about\/\",\"name\":\"\u00dcber das Unternehmen | Dietary Supplements\",\"isPartOf\":{\"@id\":\"https:\/\/nspshop.net\/#website\"},\"datePublished\":\"2023-06-02T06:33:20+00:00\",\"dateModified\":\"2024-04-05T17:56:59+00:00\",\"description\":\"Nature's Sunshine (USA) war das erste Unternehmen der Welt, das Kr\u00e4uter einkapselte und reist seit fast 50 Jahren bis ans Ende der Welt\",\"breadcrumb\":{\"@id\":\"https:\/\/nspshop.net\/de\/about\/#breadcrumb\"},\"inLanguage\":\"de\",\"potentialAction\":[{\"@type\":\"ReadAction\",\"target\":[\"https:\/\/nspshop.net\/de\/about\/\"]}]},{\"@type\":\"BreadcrumbList\",\"@id\":\"https:\/\/nspshop.net\/de\/about\/#breadcrumb\",\"itemListElement\":[{\"@type\":\"ListItem\",\"position\":1,\"name\":\"\u0413\u043b\u0430\u0432\u043d\u0430\u044f \u0441\u0442\u0440\u0430\u043d\u0438\u0446\u0430\",\"item\":\"https:\/\/nspshop.net\/\"},{\"@type\":\"ListItem\",\"position\":2,\"name\":\"\u00dcber das Unternehmen\"}]},{\"@type\":\"WebSite\",\"@id\":\"https:\/\/nspshop.net\/#website\",\"url\":\"https:\/\/nspshop.net\/\",\"name\":\"Dietary Supplements\",\"description\":\"BuyNSP\",\"publisher\":{\"@id\":\"https:\/\/nspshop.net\/#organization\"},\"potentialAction\":[{\"@type\":\"SearchAction\",\"target\":{\"@type\":\"EntryPoint\",\"urlTemplate\":\"https:\/\/nspshop.net\/?s={search_term_string}\"},\"query-input\":\"required name=search_term_string\"}],\"inLanguage\":\"de\"},{\"@type\":\"Organization\",\"@id\":\"https:\/\/nspshop.net\/#organization\",\"name\":\"Dietary Supplements\",\"alternateName\":\"BuyNSP\",\"url\":\"https:\/\/nspshop.net\/\",\"logo\":{\"@type\":\"ImageObject\",\"inLanguage\":\"de\",\"@id\":\"https:\/\/nspshop.net\/#\/schema\/logo\/image\/\",\"url\":\"https:\/\/nspshop.net\/wp-content\/uploads\/2023\/06\/cropped-Logo-NSP.png\",\"contentUrl\":\"https:\/\/nspshop.net\/wp-content\/uploads\/2023\/06\/cropped-Logo-NSP.png\",\"width\":512,\"height\":512,\"caption\":\"Dietary Supplements\"},\"image\":{\"@id\":\"https:\/\/nspshop.net\/#\/schema\/logo\/image\/\"}}]}<\/script>\n<!-- \/ Yoast SEO plugin. -->","yoast_head_json":{"title":"\u00dcber das Unternehmen | Dietary Supplements","description":"Nature's Sunshine (USA) war das erste Unternehmen der Welt, das Kr\u00e4uter einkapselte und reist seit fast 50 Jahren bis ans Ende der Welt","robots":{"index":"index","follow":"follow","max-snippet":"max-snippet:-1","max-image-preview":"max-image-preview:large","max-video-preview":"max-video-preview:-1"},"canonical":"https:\/\/nspshop.net\/de\/about\/","og_locale":"de_DE","og_type":"article","og_title":"\u00dcber das Unternehmen | Dietary Supplements","og_description":"Nature's Sunshine (USA) war das erste Unternehmen der Welt, das Kr\u00e4uter einkapselte und reist seit fast 50 Jahren bis ans Ende der Welt","og_url":"https:\/\/nspshop.net\/de\/about\/","og_site_name":"Dietary Supplements","article_modified_time":"2024-04-05T17:56:59+00:00","og_image":[{"width":512,"height":512,"url":"https:\/\/nspshop.net\/wp-content\/uploads\/2023\/06\/cropped-Logo-NSP.png","type":"image\/png"}],"twitter_card":"summary_large_image","twitter_misc":{"Gesch\u00e4tzte Lesezeit":"2\u00a0Minuten"},"schema":{"@context":"https:\/\/schema.org","@graph":[{"@type":"WebPage","@id":"https:\/\/nspshop.net\/de\/about\/","url":"https:\/\/nspshop.net\/de\/about\/","name":"\u00dcber das Unternehmen | Dietary Supplements","isPartOf":{"@id":"https:\/\/nspshop.net\/#website"},"datePublished":"2023-06-02T06:33:20+00:00","dateModified":"2024-04-05T17:56:59+00:00","description":"Nature's Sunshine (USA) war das erste Unternehmen der Welt, das Kr\u00e4uter einkapselte und reist seit fast 50 Jahren bis ans Ende der Welt","breadcrumb":{"@id":"https:\/\/nspshop.net\/de\/about\/#breadcrumb"},"inLanguage":"de","potentialAction":[{"@type":"ReadAction","target":["https:\/\/nspshop.net\/de\/about\/"]}]},{"@type":"BreadcrumbList","@id":"https:\/\/nspshop.net\/de\/about\/#breadcrumb","itemListElement":[{"@type":"ListItem","position":1,"name":"\u0413\u043b\u0430\u0432\u043d\u0430\u044f \u0441\u0442\u0440\u0430\u043d\u0438\u0446\u0430","item":"https:\/\/nspshop.net\/"},{"@type":"ListItem","position":2,"name":"\u00dcber das Unternehmen"}]},{"@type":"WebSite","@id":"https:\/\/nspshop.net\/#website","url":"https:\/\/nspshop.net\/","name":"Dietary Supplements","description":"BuyNSP","publisher":{"@id":"https:\/\/nspshop.net\/#organization"},"potentialAction":[{"@type":"SearchAction","target":{"@type":"EntryPoint","urlTemplate":"https:\/\/nspshop.net\/?s={search_term_string}"},"query-input":"required name=search_term_string"}],"inLanguage":"de"},{"@type":"Organization","@id":"https:\/\/nspshop.net\/#organization","name":"Dietary Supplements","alternateName":"BuyNSP","url":"https:\/\/nspshop.net\/","logo":{"@type":"ImageObject","inLanguage":"de","@id":"https:\/\/nspshop.net\/#\/schema\/logo\/image\/","url":"https:\/\/nspshop.net\/wp-content\/uploads\/2023\/06\/cropped-Logo-NSP.png","contentUrl":"https:\/\/nspshop.net\/wp-content\/uploads\/2023\/06\/cropped-Logo-NSP.png","width":512,"height":512,"caption":"Dietary Supplements"},"image":{"@id":"https:\/\/nspshop.net\/#\/schema\/logo\/image\/"}}]}},"_links":{"self":[{"href":"https:\/\/nspshop.net\/de\/wp-json\/wp\/v2\/pages\/8170","targetHints":{"allow":["GET"]}}],"collection":[{"href":"https:\/\/nspshop.net\/de\/wp-json\/wp\/v2\/pages"}],"about":[{"href":"https:\/\/nspshop.net\/de\/wp-json\/wp\/v2\/types\/page"}],"author":[{"embeddable":true,"href":"https:\/\/nspshop.net\/de\/wp-json\/wp\/v2\/users\/1"}],"replies":[{"embeddable":true,"href":"https:\/\/nspshop.net\/de\/wp-json\/wp\/v2\/comments?post=8170"}],"version-history":[{"count":0,"href":"https:\/\/nspshop.net\/de\/wp-json\/wp\/v2\/pages\/8170\/revisions"}],"wp:attachment":[{"href":"https:\/\/nspshop.net\/de\/wp-json\/wp\/v2\/media?parent=8170"}],"curies":[{"name":"wp","href":"https:\/\/api.w.org\/{rel}","templated":true}]}}