{"id":8229,"date":"2023-06-02T09:30:10","date_gmt":"2023-06-02T06:30:10","guid":{"rendered":"https:\/\/nspshop.net\/abrufen-einer-rabattnummer\/"},"modified":"2024-03-24T20:36:00","modified_gmt":"2024-03-24T17:36:00","slug":"abrufen-einer-rabattnummer","status":"publish","type":"page","link":"https:\/\/nspshop.net\/de\/abrufen-einer-rabattnummer\/","title":{"rendered":"Abrufen einer Rabattnummer"},"content":{"rendered":"<div class=\"wpb-content-wrapper\"><p>[vc_row][vc_column]\n\t\t<div id=\"wd-648462f951291\" class=\"title-wrapper wd-wpb set-mb-s reset-last-child  wd-rs-648462f951291 wd-title-color-default wd-title-style-default text-left  wd-underline-colored\">\n\t\t\t\n\t\t\t<div class=\"liner-continer\">\n\t\t\t\t<h2 class=\"woodmart-title-container title  wd-font-weight- wd-fontsize-l\" >VORTEILE, DIE SIE ERHALTEN<\/h2>\n\t\t\t\t\t\t\t<\/div>\n\t\t\t\n\t\t\t\n\t\t\t\n\t\t<\/div>\n\t\t\n\t\t[vc_row_inner][vc_column_inner width=&#8220;1\/3&#8243;]\t\t\t<div class=\"info-box-wrapper\">\n\t\t\t\t<div id=\"wd-6484630a9035f\" class=\" wd-rs-6484630a9035f wd-info-box wd-wpb text-left box-icon-align-top box-style- color-scheme- wd-bg-none vc_custom_1686397869898\"  >\n\t\t\t\t\t\t\t\t\t\t<div class=\"info-box-content\">\n\t\t\t\t\t\t<h2 class=\"info-box-title title wd-font-weight- box-title-style-default wd-fontsize-m\">Sparen Sie 40% bei jedem Einkauf<\/h2>\t\t\t\t\t\t<div class=\"info-box-inner set-cont-mb-s reset-last-child\">\n\t\t\t\t\t\t\t<p>Kaufen Sie zu NSP-Partnerpreisen (dies ist der niedrigstm\u00f6gliche Preis), ohne Einzelhandelsmargen.<\/p>\n<p>Verwenden Sie die NSP-Rabattnummer jedes Mal, wenn Sie Produkte bestellen.<\/p>\n\t\t\t\t\t\t<\/div>\n\n\t\t\t\t\t\t\t\t\t\t\t<\/div>\n\n\t\t\t\t\t\t\t\t\t<\/div>\n\t\t\t<\/div>\n\t\t[\/vc_column_inner][vc_column_inner width=&#8220;1\/3&#8243;]\t\t\t<div class=\"info-box-wrapper\">\n\t\t\t\t<div id=\"wd-6484632c0b9e2\" class=\" wd-rs-6484632c0b9e2 wd-info-box wd-wpb text-left box-icon-align-top box-style- color-scheme- wd-bg-none vc_custom_1686397900459\"  >\n\t\t\t\t\t\t\t\t\t\t<div class=\"info-box-content\">\n\t\t\t\t\t\t<h2 class=\"info-box-title title wd-font-weight- box-title-style-default wd-fontsize-m\">Kumulatives Programm<\/h2>\t\t\t\t\t\t<div class=\"info-box-inner set-cont-mb-s reset-last-child\">\n\t\t\t\t\t\t\t<p>Bei jedem Einkauf werden die Punkte Ihrer NSP-Rabattnummer gutgeschrieben.<\/p>\n<p>Cashback von 5 bis 30% des Betrags der gesammelten Punkte. Oder kaufen Sie NSP-Produkte f\u00fcr die gesammelten Punkte.<\/p>\n\t\t\t\t\t\t<\/div>\n\n\t\t\t\t\t\t\t\t\t\t\t<\/div>\n\n\t\t\t\t\t\t\t\t\t<\/div>\n\t\t\t<\/div>\n\t\t[\/vc_column_inner][vc_column_inner width=&#8220;1\/3&#8243;]\t\t\t<div class=\"info-box-wrapper\">\n\t\t\t\t<div id=\"wd-6484634a2c1b9\" class=\" wd-rs-6484634a2c1b9 wd-info-box wd-wpb text-left box-icon-align-top box-style- color-scheme- wd-bg-none vc_custom_1686397935398\"  >\n\t\t\t\t\t\t\t\t\t\t<div class=\"info-box-content\">\n\t\t\t\t\t\t<h2 class=\"info-box-title title wd-font-weight- box-title-style-default wd-fontsize-m\">Die M\u00f6glichkeit, ein eigenes Unternehmen zu er\u00f6ffnen<\/h2>\t\t\t\t\t\t<div class=\"info-box-inner set-cont-mb-s reset-last-child\">\n\t\t\t\t\t\t\t<p>Die M\u00f6glichkeit, ein Organisator Ihres Unternehmens zu werden, ein Unterst\u00fctzungssystem und Empfehlungen f\u00fcr die Entwicklung zu haben.<\/p>\n<p>Verdienen Sie Einnahmen von anderen Kunden, die NSP-Produkte auf Ihre Empfehlung oder die Empfehlung Ihrer Partner hin verwenden.<\/p>\n\t\t\t\t\t\t<\/div>\n\n\t\t\t\t\t\t\t\t\t\t\t<\/div>\n\n\t\t\t\t\t\t\t\t\t<\/div>\n\t\t\t<\/div>\n\t\t[\/vc_column_inner][\/vc_row_inner][\/vc_column][\/vc_row][vc_row css=&#8220;.vc_custom_1685934338702{margin-top: 40px !important;}&#8220; woodmart_css_id=&#8220;647d507b1ee68&#8243; responsive_spacing=&#8220;eyJwYXJhbV90eXBlIjoid29vZG1hcnRfcmVzcG9uc2l2ZV9zcGFjaW5nIiwic2VsZWN0b3JfaWQiOiI2NDdkNTA3YjFlZTY4Iiwic2hvcnRjb2RlIjoidmNfcm93IiwiZGF0YSI6eyJ0YWJsZXQiOnt9LCJtb2JpbGUiOnsibWFyZ2luLXRvcCI6IjI1cHgifX19&#8243; mobile_bg_img_hidden=&#8220;no&#8220; tablet_bg_img_hidden=&#8220;no&#8220; woodmart_parallax=&#8220;0&#8243; woodmart_gradient_switch=&#8220;no&#8220; woodmart_box_shadow=&#8220;no&#8220; wd_z_index=&#8220;no&#8220; woodmart_disable_overflow=&#8220;0&#8243; row_reverse_mobile=&#8220;0&#8243; row_reverse_tablet=&#8220;0&#8243;][vc_column]\n\t\t<div id=\"wd-6484636e0deea\" class=\"title-wrapper wd-wpb set-mb-s reset-last-child  wd-rs-6484636e0deea wd-title-color-default wd-title-style-default text-left  wd-underline-colored\">\n\t\t\t\n\t\t\t<div class=\"liner-continer\">\n\t\t\t\t<h2 class=\"woodmart-title-container title  wd-font-weight- wd-fontsize-l\" >SO ERHALTEN SIE EINE RABATT-NSP-NUMMER<\/h2>\n\t\t\t\t\t\t\t<\/div>\n\t\t\t\n\t\t\t\n\t\t\t\n\t\t<\/div>\n\t\t\n\t\t\t\t<div id=\"wd-6484638173e1f\" class=\"wd-text-block wd-wpb reset-last-child wd-rs-6484638173e1f text-left wd-fontsize-s \">\n\t\t\t<blockquote>\n<p><strong>Nach einer kurzen Registrierung erhalten Sie von der Firma NSP eine pers\u00f6nliche siebenstellige Nummer (die Rabatt-Sammelnummer wird an Ihre bei der Registrierung angegebene E-Mail-Adresse gesendet).<\/strong><\/p>\n<\/blockquote>\n<p>&nbsp;<\/p>\n\t\t<\/div>\n\t\t[\/vc_column][\/vc_row][vc_row][vc_column]\n\t\t<div id=\"wd-64846398704d7\" class=\"title-wrapper wd-wpb set-mb-s reset-last-child  wd-rs-64846398704d7 wd-title-color-default wd-title-style-default text-center  wd-underline-colored\">\n\t\t\t\n\t\t\t<div class=\"liner-continer\">\n\t\t\t\t<p class=\"woodmart-title-container title  wd-font-weight- wd-fontsize-l\" >Anleitung zum Registrieren einer Rabattnummer NSP<\/p>\n\t\t\t\t\t\t\t<\/div>\n\t\t\t\n\t\t\t\n\t\t\t\n\t\t<\/div>\n\t\t\n\t\t[vc_row_inner][vc_column_inner width=&#8220;1\/3&#8243;]\t\t\t<div class=\"info-box-wrapper\">\n\t\t\t\t<div id=\"wd-648463b92806c\" class=\" wd-rs-648463b92806c wd-info-box wd-wpb text-left box-icon-align-top box-style- color-scheme- wd-bg-none vc_custom_1686398033554\"  >\n\t\t\t\t\t\t\t\t\t\t\t<div class=\"box-icon-wrapper  box-with-text text-size-default box-icon-simple\">\n\t\t\t\t\t\t\t<div class=\"info-box-icon\">\n\n\t\t\t\t\t\t\t\t\t\t\t\t\t\t\t01\t\t\t\t\t\t\t\n\t\t\t\t\t\t\t<\/div>\n\t\t\t\t\t\t<\/div>\n\t\t\t\t\t\t\t\t\t\t<div class=\"info-box-content\">\n\t\t\t\t\t\t\t\t\t\t\t\t<div class=\"info-box-inner set-cont-mb-s reset-last-child\">\n\t\t\t\t\t\t\t<p>Gehen Sie zu <a href=\"https:\/\/nsp25.com%20\/\" target=\"_blank\" rel=\"noopener noreferrer\">nsp25.com <\/a> ist die offizielle Website des NSP-Unternehmens, um eine Rabattnummer zu erhalten.<\/p>\n\t\t\t\t\t\t<\/div>\n\n\t\t\t\t\t\t\t\t\t\t\t<\/div>\n\n\t\t\t\t\t\t\t\t\t<\/div>\n\t\t\t<\/div>\n\t\t[\/vc_column_inner][vc_column_inner width=&#8220;1\/3&#8243;]\t\t\t<div class=\"info-box-wrapper\">\n\t\t\t\t<div id=\"wd-648463cf1e6c8\" class=\" wd-rs-648463cf1e6c8 wd-info-box wd-wpb text-left box-icon-align-top box-style- color-scheme- wd-bg-none vc_custom_1686398060019\"  >\n\t\t\t\t\t\t\t\t\t\t\t<div class=\"box-icon-wrapper  box-with-text text-size-default box-icon-simple\">\n\t\t\t\t\t\t\t<div class=\"info-box-icon\">\n\n\t\t\t\t\t\t\t\t\t\t\t\t\t\t\t02\t\t\t\t\t\t\t\n\t\t\t\t\t\t\t<\/div>\n\t\t\t\t\t\t<\/div>\n\t\t\t\t\t\t\t\t\t\t<div class=\"info-box-content\">\n\t\t\t\t\t\t\t\t\t\t\t\t<div class=\"info-box-inner set-cont-mb-s reset-last-child\">\n\t\t\t\t\t\t\t<p>Klicken Sie auf Registrierung f\u00fcr neue Partner.<img loading=\"lazy\" decoding=\"async\" class=\"alignnone size-full wp-image-7342\" src=\"https:\/\/nspshop.net\/wp-content\/uploads\/2023\/06\/r1.png\" alt=\"\" width=\"300\" height=\"81\" srcset=\"https:\/\/nspshop.net\/wp-content\/uploads\/2023\/06\/r1.png 300w, https:\/\/nspshop.net\/wp-content\/uploads\/2023\/06\/r1-150x41.png 150w\" sizes=\"auto, (max-width: 300px) 100vw, 300px\" \/><\/p>\n\t\t\t\t\t\t<\/div>\n\n\t\t\t\t\t\t\t\t\t\t\t<\/div>\n\n\t\t\t\t\t\t\t\t\t<\/div>\n\t\t\t<\/div>\n\t\t[\/vc_column_inner][vc_column_inner width=&#8220;1\/3&#8243;]\t\t\t<div class=\"info-box-wrapper\">\n\t\t\t\t<div id=\"wd-648463fd8c4eb\" class=\" wd-rs-648463fd8c4eb wd-info-box wd-wpb text-left box-icon-align-top box-style- color-scheme- wd-bg-none vc_custom_1686398101164\"  >\n\t\t\t\t\t\t\t\t\t\t\t<div class=\"box-icon-wrapper  box-with-text text-size-default box-icon-simple\">\n\t\t\t\t\t\t\t<div class=\"info-box-icon\">\n\n\t\t\t\t\t\t\t\t\t\t\t\t\t\t\t03\t\t\t\t\t\t\t\n\t\t\t\t\t\t\t<\/div>\n\t\t\t\t\t\t<\/div>\n\t\t\t\t\t\t\t\t\t\t<div class=\"info-box-content\">\n\t\t\t\t\t\t\t\t\t\t\t\t<div class=\"info-box-inner set-cont-mb-s reset-last-child\">\n\t\t\t\t\t\t\t<p>Geben Sie in den Zeilen Sponsor-ID# und Sponsorenland die Sponsorennummer (ID) und die Registrierung des L\u00e4ndersponsors an.<img loading=\"lazy\" decoding=\"async\" class=\"alignnone size-full wp-image-7344\" src=\"https:\/\/nspshop.net\/wp-content\/uploads\/2023\/06\/r2-300x124-1.png\" alt=\"\" width=\"300\" height=\"124\" srcset=\"https:\/\/nspshop.net\/wp-content\/uploads\/2023\/06\/r2-300x124-1.png 300w, https:\/\/nspshop.net\/wp-content\/uploads\/2023\/06\/r2-300x124-1-150x62.png 150w\" sizes=\"auto, (max-width: 300px) 100vw, 300px\" \/><\/p>\n\t\t\t\t\t\t<\/div>\n\n\t\t\t\t\t\t\t\t\t\t\t<\/div>\n\n\t\t\t\t\t\t\t\t\t<\/div>\n\t\t\t<\/div>\n\t\t[\/vc_column_inner][\/vc_row_inner][vc_row_inner][vc_column_inner width=&#8220;1\/2&#8243;]\t\t\t<div class=\"info-box-wrapper\">\n\t\t\t\t<div id=\"wd-64846415b358d\" class=\" wd-rs-64846415b358d wd-info-box wd-wpb text-left box-icon-align-top box-style- color-scheme- wd-bg-none vc_custom_1686398127702\"  >\n\t\t\t\t\t\t\t\t\t\t\t<div class=\"box-icon-wrapper  box-with-text text-size-default box-icon-simple\">\n\t\t\t\t\t\t\t<div class=\"info-box-icon\">\n\n\t\t\t\t\t\t\t\t\t\t\t\t\t\t\t04\t\t\t\t\t\t\t\n\t\t\t\t\t\t\t<\/div>\n\t\t\t\t\t\t<\/div>\n\t\t\t\t\t\t\t\t\t\t<div class=\"info-box-content\">\n\t\t\t\t\t\t\t\t\t\t\t\t<div class=\"info-box-inner set-cont-mb-s reset-last-child\">\n\t\t\t\t\t\t\t<p>Klicken Sie auf &#8222;Weiter&#8220; und f\u00fcllen Sie das Formular aus.<\/p>\n<blockquote>\n<p><strong>Aufmerksamkeit! Um Cashback auf unsere offizielle Ressource zu erhalten oder NSP-Produkte f\u00fcr gesammelte Punkte zu kaufen, ist es notwendig, &#8222;350&#8220; in der Zeile &#8222;Service Center Number&#8220; (Lieferservice in der T\u00fcrkei) anzugeben<\/strong><\/p>\n<p><img loading=\"lazy\" decoding=\"async\" class=\"alignnone size-full wp-image-7346\" src=\"https:\/\/nspshop.net\/wp-content\/uploads\/2023\/06\/r3.png\" alt=\"\" width=\"300\" height=\"241\" srcset=\"https:\/\/nspshop.net\/wp-content\/uploads\/2023\/06\/r3.png 300w, https:\/\/nspshop.net\/wp-content\/uploads\/2023\/06\/r3-150x121.png 150w\" sizes=\"auto, (max-width: 300px) 100vw, 300px\" \/><\/p>\n<\/blockquote>\n<p>&nbsp;<\/p>\n\t\t\t\t\t\t<\/div>\n\n\t\t\t\t\t\t\t\t\t\t\t<\/div>\n\n\t\t\t\t\t\t\t\t\t<\/div>\n\t\t\t<\/div>\n\t\t[\/vc_column_inner][vc_column_inner width=&#8220;1\/2&#8243;]\t\t\t<div class=\"info-box-wrapper\">\n\t\t\t\t<div id=\"wd-6484642da1431\" class=\" wd-rs-6484642da1431 wd-info-box wd-wpb text-left box-icon-align-top box-style- color-scheme- wd-bg-none vc_custom_1686398147501\"  >\n\t\t\t\t\t\t\t\t\t\t\t<div class=\"box-icon-wrapper  box-with-text text-size-default box-icon-simple\">\n\t\t\t\t\t\t\t<div class=\"info-box-icon\">\n\n\t\t\t\t\t\t\t\t\t\t\t\t\t\t\t05\t\t\t\t\t\t\t\n\t\t\t\t\t\t\t<\/div>\n\t\t\t\t\t\t<\/div>\n\t\t\t\t\t\t\t\t\t\t<div class=\"info-box-content\">\n\t\t\t\t\t\t\t\t\t\t\t\t<div class=\"info-box-inner set-cont-mb-s reset-last-child\">\n\t\t\t\t\t\t\t<p>Nachdem Sie den Fragebogen ausgef\u00fcllt haben, klicken Sie auf &#8222;Weiter&#8220; und eine E-Mail mit einer Rabatt-NSP-Nummer (Ihrer ID) wird an die bei der Registrierung angegebene E-Mail-Adresse gesendet. Diese Nummer muss im Gesch\u00e4ft natr.com.tr verwendet werden, um reduzierte Produkte zu kaufen.<\/p>\n\t\t\t\t\t\t<\/div>\n\n\t\t\t\t\t\t\t\t\t\t\t<\/div>\n\n\t\t\t\t\t\t\t\t\t<\/div>\n\t\t\t<\/div>\n\t\t[\/vc_column_inner][\/vc_row_inner]<div id=\"wd-6484644161e70\" class=\" wd-rs-6484644161e70  wd-button-wrapper text-center\"><a href=\"https:\/\/nsp25.com\/signup\" title=\"\" target=\"_blank\" class=\"btn btn-color-primary btn-style-link btn-style-rectangle btn-size-extra-large\">ERHALTEN SIE EINE RABATT-NSP-NUMMER<\/a><\/div>[\/vc_column][\/vc_row][vc_row css=&#8220;.vc_custom_1685935420775{margin-top: 40px !important;}&#8220; woodmart_css_id=&#8220;647d54b85fa78&#8243; responsive_spacing=&#8220;eyJwYXJhbV90eXBlIjoid29vZG1hcnRfcmVzcG9uc2l2ZV9zcGFjaW5nIiwic2VsZWN0b3JfaWQiOiI2NDdkNTRiODVmYTc4Iiwic2hvcnRjb2RlIjoidmNfcm93IiwiZGF0YSI6eyJ0YWJsZXQiOnt9LCJtb2JpbGUiOnt9fX0=&#8220; mobile_bg_img_hidden=&#8220;no&#8220; tablet_bg_img_hidden=&#8220;no&#8220; woodmart_parallax=&#8220;0&#8243; woodmart_gradient_switch=&#8220;no&#8220; woodmart_box_shadow=&#8220;no&#8220; wd_z_index=&#8220;no&#8220; woodmart_disable_overflow=&#8220;0&#8243; row_reverse_mobile=&#8220;0&#8243; row_reverse_tablet=&#8220;0&#8243;][vc_column]\n\t\t<div id=\"wd-648464526322a\" class=\"title-wrapper wd-wpb set-mb-s reset-last-child  wd-rs-648464526322a wd-title-color-default wd-title-style-default text-left  wd-underline-colored\">\n\t\t\t\n\t\t\t<div class=\"liner-continer\">\n\t\t\t\t<h2 class=\"woodmart-title-container title  wd-font-weight- wd-fontsize-l\" >WO KANN MAN WAREN KAUFEN, NACHDEM MAN EINE RABATT-NSP-NUMMER ERHALTEN HAT?<\/h2>\n\t\t\t\t\t\t\t<\/div>\n\t\t\t\n\t\t\t\n\t\t\t\n\t\t<\/div>\n\t\t\n\t\t\t\t<div id=\"wd-648464615161f\" class=\"wd-text-block wd-wpb reset-last-child wd-rs-648464615161f text-left wd-fontsize-s \">\n\t\t\t<p>Im Lieferservice der Firma NSP mit Lieferung an jeden Punkt in der T\u00fcrkei (<a href=\"http:\/\/natr.com.tr%20\/\" target=\"_blank\" rel=\"noopener noreferrer\">natr.com.tr <\/a>), in der Ukraine (<a href=\"http:\/\/nsp.com.ua%20\/\" target=\"_blank\" rel=\"noopener noreferrer\">nsp.com.ua <\/a>) und in Russland (<a href=\"http:\/\/nsp.com.ru%20\/\" target=\"_blank\" rel=\"noopener noreferrer\">nsp.com.ru <\/a>). Bestellen Sie \u00fcber die Website oder telefonisch.<\/p>\n\t\t<\/div>\n\t\t[\/vc_column][\/vc_row]<\/p>\n<\/div>","protected":false},"excerpt":{"rendered":"<p>[vc_row][vc_column][vc_row_inner][vc_column_inner width=&#8220;1\/3&#8243;][\/vc_column_inner][vc_column_inner width=&#8220;1\/3&#8243;][\/vc_column_inner][vc_column_inner width=&#8220;1\/3&#8243;][\/vc_column_inner][\/vc_row_inner][\/vc_column][\/vc_row][vc_row css=&#8220;.vc_custom_1685934338702{margin-top: 40px !important;}&#8220; woodmart_css_id=&#8220;647d507b1ee68&#8243; responsive_spacing=&#8220;eyJwYXJhbV90eXBlIjoid29vZG1hcnRfcmVzcG9uc2l2ZV9zcGFjaW5nIiwic2VsZWN0b3JfaWQiOiI2NDdkNTA3YjFlZTY4Iiwic2hvcnRjb2RlIjoidmNfcm93IiwiZGF0YSI6eyJ0YWJsZXQiOnt9LCJtb2JpbGUiOnsibWFyZ2luLXRvcCI6IjI1cHgifX19&#8243; mobile_bg_img_hidden=&#8220;no&#8220; tablet_bg_img_hidden=&#8220;no&#8220; woodmart_parallax=&#8220;0&#8243; woodmart_gradient_switch=&#8220;no&#8220; woodmart_box_shadow=&#8220;no&#8220; wd_z_index=&#8220;no&#8220; woodmart_disable_overflow=&#8220;0&#8243; row_reverse_mobile=&#8220;0&#8243; row_reverse_tablet=&#8220;0&#8243;][vc_column][\/vc_column][\/vc_row][vc_row][vc_column][vc_row_inner][vc_column_inner width=&#8220;1\/3&#8243;][\/vc_column_inner][vc_column_inner width=&#8220;1\/3&#8243;][\/vc_column_inner][vc_column_inner<\/p>\n","protected":false},"author":1,"featured_media":0,"parent":0,"menu_order":0,"comment_status":"closed","ping_status":"closed","template":"","meta":{"_acf_changed":false,"footnotes":""},"class_list":["post-8229","page","type-page","status-publish","hentry"],"acf":[],"yoast_head":"<!-- This site is optimized with the Yoast SEO plugin v22.3 - https:\/\/yoast.com\/wordpress\/plugins\/seo\/ -->\n<title>Abrufen einer Rabattnummer | Dietary Supplements<\/title>\n<meta name=\"description\" content=\"Sparen Sie 40 % bei jedem Einkauf, den Sie zu NSP-Affiliate-Preisen kaufen (dies ist der niedrigste Preis), ohne Einzelhandelsaufschlag. Verwenden Sie bei jeder Bestellung eine NSP-Rabattnummer.\" \/>\n<meta name=\"robots\" content=\"index, follow, max-snippet:-1, max-image-preview:large, max-video-preview:-1\" \/>\n<link rel=\"canonical\" href=\"https:\/\/nspshop.net\/getting-a-discount-number\/\" \/>\n<meta property=\"og:locale\" content=\"de_DE\" \/>\n<meta property=\"og:type\" content=\"article\" \/>\n<meta property=\"og:title\" content=\"Abrufen einer Rabattnummer | Dietary Supplements\" \/>\n<meta property=\"og:description\" content=\"Sparen Sie 40 % bei jedem Einkauf, den Sie zu NSP-Affiliate-Preisen kaufen (dies ist der niedrigste Preis), ohne Einzelhandelsaufschlag. Verwenden Sie bei jeder Bestellung eine NSP-Rabattnummer.\" \/>\n<meta property=\"og:url\" content=\"https:\/\/nspshop.net\/getting-a-discount-number\/\" \/>\n<meta property=\"og:site_name\" content=\"Dietary Supplements\" \/>\n<meta property=\"article:modified_time\" content=\"2024-03-24T17:36:00+00:00\" \/>\n<meta property=\"og:image\" content=\"https:\/\/nspshop.net\/wp-content\/uploads\/2023\/06\/r1.png\" \/>\n<meta name=\"twitter:card\" content=\"summary_large_image\" \/>\n<meta name=\"twitter:label1\" content=\"Gesch\u00e4tzte Lesezeit\" \/>\n\t<meta name=\"twitter:data1\" content=\"11\u00a0Minuten\" \/>\n<script type=\"application\/ld+json\" class=\"yoast-schema-graph\">{\"@context\":\"https:\/\/schema.org\",\"@graph\":[{\"@type\":\"WebPage\",\"@id\":\"https:\/\/nspshop.net\/getting-a-discount-number\/\",\"url\":\"https:\/\/nspshop.net\/getting-a-discount-number\/\",\"name\":\"Abrufen einer Rabattnummer | Dietary Supplements\",\"isPartOf\":{\"@id\":\"https:\/\/nspshop.net\/#website\"},\"primaryImageOfPage\":{\"@id\":\"https:\/\/nspshop.net\/getting-a-discount-number\/#primaryimage\"},\"image\":{\"@id\":\"https:\/\/nspshop.net\/getting-a-discount-number\/#primaryimage\"},\"thumbnailUrl\":\"https:\/\/nspshop.net\/wp-content\/uploads\/2023\/06\/r1.png\",\"datePublished\":\"2023-06-02T06:30:10+00:00\",\"dateModified\":\"2024-03-24T17:36:00+00:00\",\"description\":\"Sparen Sie 40 % bei jedem Einkauf, den Sie zu NSP-Affiliate-Preisen kaufen (dies ist der niedrigste Preis), ohne Einzelhandelsaufschlag. Verwenden Sie bei jeder Bestellung eine NSP-Rabattnummer.\",\"breadcrumb\":{\"@id\":\"https:\/\/nspshop.net\/getting-a-discount-number\/#breadcrumb\"},\"inLanguage\":\"de\",\"potentialAction\":[{\"@type\":\"ReadAction\",\"target\":[\"https:\/\/nspshop.net\/getting-a-discount-number\/\"]}]},{\"@type\":\"ImageObject\",\"inLanguage\":\"de\",\"@id\":\"https:\/\/nspshop.net\/getting-a-discount-number\/#primaryimage\",\"url\":\"https:\/\/nspshop.net\/wp-content\/uploads\/2023\/06\/r1.png\",\"contentUrl\":\"https:\/\/nspshop.net\/wp-content\/uploads\/2023\/06\/r1.png\",\"width\":300,\"height\":81},{\"@type\":\"BreadcrumbList\",\"@id\":\"https:\/\/nspshop.net\/getting-a-discount-number\/#breadcrumb\",\"itemListElement\":[{\"@type\":\"ListItem\",\"position\":1,\"name\":\"\u0413\u043b\u0430\u0432\u043d\u0430\u044f \u0441\u0442\u0440\u0430\u043d\u0438\u0446\u0430\",\"item\":\"https:\/\/nspshop.net\/\"},{\"@type\":\"ListItem\",\"position\":2,\"name\":\"Abrufen einer Rabattnummer\"}]},{\"@type\":\"WebSite\",\"@id\":\"https:\/\/nspshop.net\/#website\",\"url\":\"https:\/\/nspshop.net\/\",\"name\":\"Dietary Supplements\",\"description\":\"BuyNSP\",\"publisher\":{\"@id\":\"https:\/\/nspshop.net\/#organization\"},\"potentialAction\":[{\"@type\":\"SearchAction\",\"target\":{\"@type\":\"EntryPoint\",\"urlTemplate\":\"https:\/\/nspshop.net\/?s={search_term_string}\"},\"query-input\":\"required name=search_term_string\"}],\"inLanguage\":\"de\"},{\"@type\":\"Organization\",\"@id\":\"https:\/\/nspshop.net\/#organization\",\"name\":\"Dietary Supplements\",\"alternateName\":\"BuyNSP\",\"url\":\"https:\/\/nspshop.net\/\",\"logo\":{\"@type\":\"ImageObject\",\"inLanguage\":\"de\",\"@id\":\"https:\/\/nspshop.net\/#\/schema\/logo\/image\/\",\"url\":\"https:\/\/nspshop.net\/wp-content\/uploads\/2023\/06\/cropped-Logo-NSP.png\",\"contentUrl\":\"https:\/\/nspshop.net\/wp-content\/uploads\/2023\/06\/cropped-Logo-NSP.png\",\"width\":512,\"height\":512,\"caption\":\"Dietary Supplements\"},\"image\":{\"@id\":\"https:\/\/nspshop.net\/#\/schema\/logo\/image\/\"}}]}<\/script>\n<!-- \/ Yoast SEO plugin. -->","yoast_head_json":{"title":"Abrufen einer Rabattnummer | Dietary Supplements","description":"Sparen Sie 40 % bei jedem Einkauf, den Sie zu NSP-Affiliate-Preisen kaufen (dies ist der niedrigste Preis), ohne Einzelhandelsaufschlag. Verwenden Sie bei jeder Bestellung eine NSP-Rabattnummer.","robots":{"index":"index","follow":"follow","max-snippet":"max-snippet:-1","max-image-preview":"max-image-preview:large","max-video-preview":"max-video-preview:-1"},"canonical":"https:\/\/nspshop.net\/getting-a-discount-number\/","og_locale":"de_DE","og_type":"article","og_title":"Abrufen einer Rabattnummer | Dietary Supplements","og_description":"Sparen Sie 40 % bei jedem Einkauf, den Sie zu NSP-Affiliate-Preisen kaufen (dies ist der niedrigste Preis), ohne Einzelhandelsaufschlag. Verwenden Sie bei jeder Bestellung eine NSP-Rabattnummer.","og_url":"https:\/\/nspshop.net\/getting-a-discount-number\/","og_site_name":"Dietary Supplements","article_modified_time":"2024-03-24T17:36:00+00:00","og_image":[{"url":"https:\/\/nspshop.net\/wp-content\/uploads\/2023\/06\/r1.png"}],"twitter_card":"summary_large_image","twitter_misc":{"Gesch\u00e4tzte Lesezeit":"11\u00a0Minuten"},"schema":{"@context":"https:\/\/schema.org","@graph":[{"@type":"WebPage","@id":"https:\/\/nspshop.net\/getting-a-discount-number\/","url":"https:\/\/nspshop.net\/getting-a-discount-number\/","name":"Abrufen einer Rabattnummer | Dietary Supplements","isPartOf":{"@id":"https:\/\/nspshop.net\/#website"},"primaryImageOfPage":{"@id":"https:\/\/nspshop.net\/getting-a-discount-number\/#primaryimage"},"image":{"@id":"https:\/\/nspshop.net\/getting-a-discount-number\/#primaryimage"},"thumbnailUrl":"https:\/\/nspshop.net\/wp-content\/uploads\/2023\/06\/r1.png","datePublished":"2023-06-02T06:30:10+00:00","dateModified":"2024-03-24T17:36:00+00:00","description":"Sparen Sie 40 % bei jedem Einkauf, den Sie zu NSP-Affiliate-Preisen kaufen (dies ist der niedrigste Preis), ohne Einzelhandelsaufschlag. Verwenden Sie bei jeder Bestellung eine NSP-Rabattnummer.","breadcrumb":{"@id":"https:\/\/nspshop.net\/getting-a-discount-number\/#breadcrumb"},"inLanguage":"de","potentialAction":[{"@type":"ReadAction","target":["https:\/\/nspshop.net\/getting-a-discount-number\/"]}]},{"@type":"ImageObject","inLanguage":"de","@id":"https:\/\/nspshop.net\/getting-a-discount-number\/#primaryimage","url":"https:\/\/nspshop.net\/wp-content\/uploads\/2023\/06\/r1.png","contentUrl":"https:\/\/nspshop.net\/wp-content\/uploads\/2023\/06\/r1.png","width":300,"height":81},{"@type":"BreadcrumbList","@id":"https:\/\/nspshop.net\/getting-a-discount-number\/#breadcrumb","itemListElement":[{"@type":"ListItem","position":1,"name":"\u0413\u043b\u0430\u0432\u043d\u0430\u044f \u0441\u0442\u0440\u0430\u043d\u0438\u0446\u0430","item":"https:\/\/nspshop.net\/"},{"@type":"ListItem","position":2,"name":"Abrufen einer Rabattnummer"}]},{"@type":"WebSite","@id":"https:\/\/nspshop.net\/#website","url":"https:\/\/nspshop.net\/","name":"Dietary Supplements","description":"BuyNSP","publisher":{"@id":"https:\/\/nspshop.net\/#organization"},"potentialAction":[{"@type":"SearchAction","target":{"@type":"EntryPoint","urlTemplate":"https:\/\/nspshop.net\/?s={search_term_string}"},"query-input":"required name=search_term_string"}],"inLanguage":"de"},{"@type":"Organization","@id":"https:\/\/nspshop.net\/#organization","name":"Dietary Supplements","alternateName":"BuyNSP","url":"https:\/\/nspshop.net\/","logo":{"@type":"ImageObject","inLanguage":"de","@id":"https:\/\/nspshop.net\/#\/schema\/logo\/image\/","url":"https:\/\/nspshop.net\/wp-content\/uploads\/2023\/06\/cropped-Logo-NSP.png","contentUrl":"https:\/\/nspshop.net\/wp-content\/uploads\/2023\/06\/cropped-Logo-NSP.png","width":512,"height":512,"caption":"Dietary Supplements"},"image":{"@id":"https:\/\/nspshop.net\/#\/schema\/logo\/image\/"}}]}},"_links":{"self":[{"href":"https:\/\/nspshop.net\/de\/wp-json\/wp\/v2\/pages\/8229","targetHints":{"allow":["GET"]}}],"collection":[{"href":"https:\/\/nspshop.net\/de\/wp-json\/wp\/v2\/pages"}],"about":[{"href":"https:\/\/nspshop.net\/de\/wp-json\/wp\/v2\/types\/page"}],"author":[{"embeddable":true,"href":"https:\/\/nspshop.net\/de\/wp-json\/wp\/v2\/users\/1"}],"replies":[{"embeddable":true,"href":"https:\/\/nspshop.net\/de\/wp-json\/wp\/v2\/comments?post=8229"}],"version-history":[{"count":0,"href":"https:\/\/nspshop.net\/de\/wp-json\/wp\/v2\/pages\/8229\/revisions"}],"wp:attachment":[{"href":"https:\/\/nspshop.net\/de\/wp-json\/wp\/v2\/media?parent=8229"}],"curies":[{"name":"wp","href":"https:\/\/api.w.org\/{rel}","templated":true}]}}