{"id":8241,"date":"2023-06-01T14:04:59","date_gmt":"2023-06-01T11:04:59","guid":{"rendered":"https:\/\/nspshop.net\/lieferung-und-zahlung\/"},"modified":"2024-04-15T17:58:29","modified_gmt":"2024-04-15T14:58:29","slug":"lieferung-und-zahlung","status":"publish","type":"page","link":"https:\/\/nspshop.net\/de\/lieferung-und-zahlung\/","title":{"rendered":"Lieferung und Zahlung"},"content":{"rendered":"<div class=\"wpb-content-wrapper\"><p>[vc_row][vc_column]\n\t\t<div id=\"wd-6484026360dc2\" class=\"title-wrapper wd-wpb set-mb-s reset-last-child  wd-rs-6484026360dc2 wd-title-color-default wd-title-style-default text-left  wd-underline-colored\">\n\t\t\t\n\t\t\t<div class=\"liner-continer\">\n\t\t\t\t<h2 class=\"woodmart-title-container title  wd-font-weight- wd-fontsize-l\" >Versandarten<\/h2>\n\t\t\t\t\t\t\t<\/div>\n\t\t\t\n\t\t\t\n\t\t\t\n\t\t<\/div>\n\t\t\n\t\t\t\t<div id=\"wd-661d3f9d29eed\" class=\"wd-text-block wd-wpb reset-last-child wd-rs-661d3f9d29eed text-left wd-fontsize-s \">\n\t\t\t<h3>Kurier Yurti\u00e7i Kargo an Ihre Adresse in der T\u00fcrkei:<\/h3>\n<p>Lieferung per Kurier Ptt oder Yurti\u00e7i Kargo an die Haust\u00fcr \u00fcberall in der T\u00fcrkei.<\/p>\n<ol>\n<li>Die Lieferzeit betr\u00e4gt 1-4 Tage.<br \/>\nF\u00fcr weitere Informationen \u00fcber die Fristen, die Lieferzeit sowie die Wochentage, an denen die Lieferung per Kurier erfolgt, wenden Sie sich bitte an unsere Manager.<\/li>\n<li>Nach dem Absenden der Bestellung erhalten Sie eine Deklarationsnummer per SMS, um den Lieferstatus zu verfolgen. Hier k\u00f6nnen Sie die <a href=\"https:\/\/nspshop.net\/de\/fracht-verfolgen\/\">Fracht online verfolgen<\/a>.<\/li>\n<li>Wenn die Bestellung bei Ihnen eintrifft, liefert der Kurier an Ihre Adresse.<\/li>\n<li>Es ist nicht m\u00f6glich, einen Teil der Bestellung zu stornieren.<\/li>\n<li>Die Kosten f\u00fcr die Kurierlieferung: 300 Lir, je nach Bestellung<\/li>\n<li>Bezahlung: 100% Vorauskasse (mit Karte online, bargeldlos f\u00fcr nat\u00fcrliche und juristische Personen)<\/li>\n<\/ol>\n<h3>Paketversand in andere L\u00e4nder<\/h3>\n<p>Das Buynsp.net versendet Produkte in andere L\u00e4nder. Genauere Informationen erhalten Sie, indem Sie die Telefonnummern des SC anrufen oder eine Anfrage an die E-Mail stellen.<\/p>\n<h3>Allgemeine Lieferbedingungen<\/h3>\n<p>1. <strong>Ab dem Zeitpunkt der \u00dcbergabe der Bestellung an das Transportunternehmen tr\u00e4gt es die volle Verantwortung f\u00fcr die Lieferzeit und die Sicherheit der Ladung.<\/strong> Die auf der Website angegebenen Daten sind nicht genau, sondern zeigen nur die ungef\u00e4hre Lieferzeit, die vom Spediteur \u00fcbermittelt wird.<br \/>\n2. Nach Erhalt der Bestellung in Anwesenheit eines Vertreters des Spediteurs die Bestellung \u00fcberpr\u00fcfen und sich von der Unversehrtheit der Verpackung \u00fcberzeugen. Sie haben das Recht, das Paket zu \u00f6ffnen und seinen Inhalt zu \u00fcberpr\u00fcfen.<br \/>\n<strong>Reklamationen \u00fcber den Inhalt des Pakets und seine Menge werden nur in Anwesenheit eines Vertreters des Spediteurs akzeptiert<\/strong>.<\/p>\n<p>3. <strong>Aufmerksamkeit! Die Manager sind nicht f\u00fcr die Lieferzeit verantwortlich und k\u00f6nnen keine Versprechungen machen<\/strong>.<\/p>\n\t\t<\/div>\n\t\t[vc_separator border_width=&#8220;2&#8243; wd_hide_on_desktop=&#8220;no&#8220; wd_hide_on_tablet=&#8220;no&#8220; wd_hide_on_mobile=&#8220;no&#8220;][\/vc_column][\/vc_row][vc_row][vc_column]\n\t\t<div id=\"wd-64840298a24e0\" class=\"title-wrapper wd-wpb set-mb-s reset-last-child  wd-rs-64840298a24e0 wd-title-color-default wd-title-style-default text-left  wd-underline-colored\">\n\t\t\t\n\t\t\t<div class=\"liner-continer\">\n\t\t\t\t<h2 class=\"woodmart-title-container title  wd-font-weight- wd-fontsize-l\" >Zahlungsmethoden<\/h2>\n\t\t\t\t\t\t\t<\/div>\n\t\t\t\n\t\t\t\n\t\t\t\n\t\t<\/div>\n\t\t\n\t\t\t\t<div id=\"wd-661d4061466fa\" class=\"wd-text-block wd-wpb reset-last-child wd-rs-661d4061466fa text-left wd-fontsize-s \">\n\t\t\t<h3>Bargeldloses Bezahlen<\/h3>\n<p>Zahlung f\u00fcr nat\u00fcrliche und juristische Personen \u00fcber das Verrechnungskonto:<\/p>\n<ul>\n<li>Nutzung des Online-Bankings \u00fcber das pers\u00f6nliche Konto Ihrer Bank.<\/li>\n<li>An der Kasse jeder Bankfiliale.<\/li>\n<li>\u00dcber ein beliebiges Zahlungsterminal.<\/li>\n<li>Bevor Sie bezahlen, m\u00fcssen Sie eine Bestellung \u00fcber die Website oder telefonisch unter <a href=\"tel:+905457120970\">+905457120970<\/a> aufgeben.<\/li>\n<\/ul>\n<p>Im Rahmen einer Bestellung auf der Website sehen Sie bei Auswahl der Zahlungsart &#8222;bargeldlose Zahlung&#8220; die Zahlungsdaten, die Sie bei Best\u00e4tigung der Bestellung auch per E-Mail erhalten.<br \/>\nNachdem Sie eine Bestellung auf der Website aufgegeben haben, sehen Sie die Bestellnummer und deren Betrag.<br \/>\nWenn Sie eine telefonische Bestellung aufgeben, teilt Ihnen unser Manager die Bestellnummer und deren Betrag sowie die Zahlungsdetails mit (oder sendet Ihnen eine E-Mail).<br \/>\n<strong>Wichtig! Nehmen Sie die Zahlung erst vor, nachdem Sie die Bestellung mit dem Manager vereinbart haben.<\/strong><br \/>\nDie Zahlungsfrist f\u00fcr die Bestellung betr\u00e4gt 2 Werktage.<br \/>\n<strong>Geben Sie im Verwendungszweck unbedingt die Bestellnummer an!<\/strong><br \/>\nDie Provision f\u00fcr die \u00dcberweisung von Geldern wird vom K\u00e4ufer bezahlt.<br \/>\nDie Lieferung der Ware erfolgt nach Gutschrift auf unserem Konto.<br \/>\nUm die Ware zu erhalten, ben\u00f6tigen Sie einen Reisepass.<\/p>\n<h3>Online-Kartenzahlung<\/h3>\n<p>Sie k\u00f6nnen die Bestellung mit Karte bezahlen \u2212 online oder nach Erhalt in unserem Gesch\u00e4ft in Antalya.<br \/>\nSo bezahlen Sie mit Karte im Gesch\u00e4ft: W\u00e4hlen Sie bei der Bestellung die Zahlungsmethode Zahlung nach Eingang der Bestellung.<br \/>\nSo bezahlen Sie eine Bestellung online:<\/p>\n<ul>\n<li>Legen Sie das Produkt in den Warenkorb und gehen Sie zur Kasse.<\/li>\n<li>W\u00e4hlen Sie die Zahlungsart Kartenzahlung online.<\/li>\n<li>Schlie\u00dfen Sie die Bestellung ab.<\/li>\n<li>Als n\u00e4chstes werden Sie auf die Seite des sicheren Zahlungssystems weitergeleitet, auf der Sie die Zahlung best\u00e4tigen k\u00f6nnen.<\/li>\n<\/ul>\n<p>F\u00fcr eine erfolgreiche Zahlung muss die Karte den 3D-Secure-Dienst unterst\u00fctzen.<\/p>\n\t\t<\/div>\n\t\t[vc_separator border_width=&#8220;2&#8243; wd_hide_on_desktop=&#8220;no&#8220; wd_hide_on_tablet=&#8220;no&#8220; wd_hide_on_mobile=&#8220;no&#8220;][\/vc_column][\/vc_row][vc_row][vc_column]\n\t\t<div id=\"wd-648402c453532\" class=\"title-wrapper wd-wpb set-mb-s reset-last-child  wd-rs-648402c453532 wd-title-color-default wd-title-style-default text-left  wd-underline-colored\">\n\t\t\t\n\t\t\t<div class=\"liner-continer\">\n\t\t\t\t<h2 class=\"woodmart-title-container title  wd-font-weight- wd-fontsize-l\" >Gew\u00e4hrleistung und R\u00fcckgabe von Waren<\/h2>\n\t\t\t\t\t\t\t<\/div>\n\t\t\t\n\t\t\t\n\t\t\t\n\t\t<\/div>\n\t\t\n\t\t\t\t<div id=\"wd-648402d904677\" class=\"wd-text-block wd-wpb reset-last-child wd-rs-648402d904677 text-left wd-fontsize-s \">\n\t\t\t<h3>Welche Artikel sind nicht umtauschbar oder erstattungsf\u00e4hig?<\/h3>\n<p>Gem\u00e4\u00df Artikel 4077 des t\u00fcrkischen Gesetzes &#8222;\u00dcber den Verbraucherschutz&#8220; hat das Ministerkabinett der T\u00fcrkei eine Liste von Waren guter Qualit\u00e4t genehmigt, die nicht umgetauscht oder zur\u00fcckgegeben werden k\u00f6nnen.<br \/>\nZu diesen Produkten geh\u00f6ren: biologisch aktive Lebensmittelzusatzstoffe, dekorative Kosmetik, Pflegekosmetik.<br \/>\nDer Empf\u00e4nger hat das Recht, die Ware innerhalb von 7 Tagen zur\u00fcckzusenden, wenn die nicht bestellte Ware geliefert wurde. Gleichzeitig darf die Verpackung nicht ge\u00f6ffnet oder besch\u00e4digt werden.<\/p>\n\t\t<\/div>\n\t\t[\/vc_column][\/vc_row]<\/p>\n<\/div>","protected":false},"excerpt":{"rendered":"<p>[vc_row][vc_column][vc_separator border_width=&#8220;2&#8243; wd_hide_on_desktop=&#8220;no&#8220; wd_hide_on_tablet=&#8220;no&#8220; wd_hide_on_mobile=&#8220;no&#8220;][\/vc_column][\/vc_row][vc_row][vc_column][vc_separator border_width=&#8220;2&#8243; wd_hide_on_desktop=&#8220;no&#8220; wd_hide_on_tablet=&#8220;no&#8220; wd_hide_on_mobile=&#8220;no&#8220;][\/vc_column][\/vc_row][vc_row][vc_column][\/vc_column][\/vc_row]<\/p>\n","protected":false},"author":1,"featured_media":0,"parent":0,"menu_order":0,"comment_status":"closed","ping_status":"closed","template":"","meta":{"_acf_changed":false,"footnotes":""},"class_list":["post-8241","page","type-page","status-publish","hentry"],"acf":[],"yoast_head":"<!-- This site is optimized with the Yoast SEO plugin v22.3 - https:\/\/yoast.com\/wordpress\/plugins\/seo\/ -->\n<title>Lieferung und Zahlung | Dietary Supplements<\/title>\n<meta name=\"description\" content=\"Lieferung und Bezahlung von Nahrungserg\u00e4nzungsmitteln in Deutschland. Arbeitszeit, Lieferplan, Bezahlung der Ware in unserem Gesch\u00e4ft\" \/>\n<meta name=\"robots\" content=\"index, follow, max-snippet:-1, max-image-preview:large, max-video-preview:-1\" \/>\n<link rel=\"canonical\" href=\"https:\/\/nspshop.net\/de\/lieferung-und-zahlung\/\" \/>\n<meta property=\"og:locale\" content=\"de_DE\" \/>\n<meta property=\"og:type\" content=\"article\" \/>\n<meta property=\"og:title\" content=\"Lieferung und Zahlung | Dietary Supplements\" \/>\n<meta property=\"og:description\" content=\"Lieferung und Bezahlung von Nahrungserg\u00e4nzungsmitteln in Deutschland. Arbeitszeit, Lieferplan, Bezahlung der Ware in unserem Gesch\u00e4ft\" \/>\n<meta property=\"og:url\" content=\"https:\/\/nspshop.net\/de\/lieferung-und-zahlung\/\" \/>\n<meta property=\"og:site_name\" content=\"Dietary Supplements\" \/>\n<meta property=\"article:modified_time\" content=\"2024-04-15T14:58:29+00:00\" \/>\n<meta property=\"og:image\" content=\"https:\/\/nspshop.net\/wp-content\/uploads\/2023\/06\/cropped-Logo-NSP.png\" \/>\n\t<meta property=\"og:image:width\" content=\"512\" \/>\n\t<meta property=\"og:image:height\" content=\"512\" \/>\n\t<meta property=\"og:image:type\" content=\"image\/png\" \/>\n<meta name=\"twitter:card\" content=\"summary_large_image\" \/>\n<meta name=\"twitter:label1\" content=\"Gesch\u00e4tzte Lesezeit\" \/>\n\t<meta name=\"twitter:data1\" content=\"4\u00a0Minuten\" \/>\n<script type=\"application\/ld+json\" class=\"yoast-schema-graph\">{\"@context\":\"https:\/\/schema.org\",\"@graph\":[{\"@type\":\"WebPage\",\"@id\":\"https:\/\/nspshop.net\/de\/lieferung-und-zahlung\/\",\"url\":\"https:\/\/nspshop.net\/de\/lieferung-und-zahlung\/\",\"name\":\"Lieferung und Zahlung | Dietary Supplements\",\"isPartOf\":{\"@id\":\"https:\/\/nspshop.net\/#website\"},\"datePublished\":\"2023-06-01T11:04:59+00:00\",\"dateModified\":\"2024-04-15T14:58:29+00:00\",\"description\":\"Lieferung und Bezahlung von Nahrungserg\u00e4nzungsmitteln in Deutschland. Arbeitszeit, Lieferplan, Bezahlung der Ware in unserem Gesch\u00e4ft\",\"breadcrumb\":{\"@id\":\"https:\/\/nspshop.net\/de\/lieferung-und-zahlung\/#breadcrumb\"},\"inLanguage\":\"de\",\"potentialAction\":[{\"@type\":\"ReadAction\",\"target\":[\"https:\/\/nspshop.net\/de\/lieferung-und-zahlung\/\"]}]},{\"@type\":\"BreadcrumbList\",\"@id\":\"https:\/\/nspshop.net\/de\/lieferung-und-zahlung\/#breadcrumb\",\"itemListElement\":[{\"@type\":\"ListItem\",\"position\":1,\"name\":\"\u0413\u043b\u0430\u0432\u043d\u0430\u044f \u0441\u0442\u0440\u0430\u043d\u0438\u0446\u0430\",\"item\":\"https:\/\/nspshop.net\/\"},{\"@type\":\"ListItem\",\"position\":2,\"name\":\"Lieferung und Zahlung\"}]},{\"@type\":\"WebSite\",\"@id\":\"https:\/\/nspshop.net\/#website\",\"url\":\"https:\/\/nspshop.net\/\",\"name\":\"Dietary Supplements\",\"description\":\"BuyNSP\",\"publisher\":{\"@id\":\"https:\/\/nspshop.net\/#organization\"},\"potentialAction\":[{\"@type\":\"SearchAction\",\"target\":{\"@type\":\"EntryPoint\",\"urlTemplate\":\"https:\/\/nspshop.net\/?s={search_term_string}\"},\"query-input\":\"required name=search_term_string\"}],\"inLanguage\":\"de\"},{\"@type\":\"Organization\",\"@id\":\"https:\/\/nspshop.net\/#organization\",\"name\":\"Dietary Supplements\",\"alternateName\":\"BuyNSP\",\"url\":\"https:\/\/nspshop.net\/\",\"logo\":{\"@type\":\"ImageObject\",\"inLanguage\":\"de\",\"@id\":\"https:\/\/nspshop.net\/#\/schema\/logo\/image\/\",\"url\":\"https:\/\/nspshop.net\/wp-content\/uploads\/2023\/06\/cropped-Logo-NSP.png\",\"contentUrl\":\"https:\/\/nspshop.net\/wp-content\/uploads\/2023\/06\/cropped-Logo-NSP.png\",\"width\":512,\"height\":512,\"caption\":\"Dietary Supplements\"},\"image\":{\"@id\":\"https:\/\/nspshop.net\/#\/schema\/logo\/image\/\"}}]}<\/script>\n<!-- \/ Yoast SEO plugin. -->","yoast_head_json":{"title":"Lieferung und Zahlung | Dietary Supplements","description":"Lieferung und Bezahlung von Nahrungserg\u00e4nzungsmitteln in Deutschland. Arbeitszeit, Lieferplan, Bezahlung der Ware in unserem Gesch\u00e4ft","robots":{"index":"index","follow":"follow","max-snippet":"max-snippet:-1","max-image-preview":"max-image-preview:large","max-video-preview":"max-video-preview:-1"},"canonical":"https:\/\/nspshop.net\/de\/lieferung-und-zahlung\/","og_locale":"de_DE","og_type":"article","og_title":"Lieferung und Zahlung | Dietary Supplements","og_description":"Lieferung und Bezahlung von Nahrungserg\u00e4nzungsmitteln in Deutschland. Arbeitszeit, Lieferplan, Bezahlung der Ware in unserem Gesch\u00e4ft","og_url":"https:\/\/nspshop.net\/de\/lieferung-und-zahlung\/","og_site_name":"Dietary Supplements","article_modified_time":"2024-04-15T14:58:29+00:00","og_image":[{"width":512,"height":512,"url":"https:\/\/nspshop.net\/wp-content\/uploads\/2023\/06\/cropped-Logo-NSP.png","type":"image\/png"}],"twitter_card":"summary_large_image","twitter_misc":{"Gesch\u00e4tzte Lesezeit":"4\u00a0Minuten"},"schema":{"@context":"https:\/\/schema.org","@graph":[{"@type":"WebPage","@id":"https:\/\/nspshop.net\/de\/lieferung-und-zahlung\/","url":"https:\/\/nspshop.net\/de\/lieferung-und-zahlung\/","name":"Lieferung und Zahlung | Dietary Supplements","isPartOf":{"@id":"https:\/\/nspshop.net\/#website"},"datePublished":"2023-06-01T11:04:59+00:00","dateModified":"2024-04-15T14:58:29+00:00","description":"Lieferung und Bezahlung von Nahrungserg\u00e4nzungsmitteln in Deutschland. Arbeitszeit, Lieferplan, Bezahlung der Ware in unserem Gesch\u00e4ft","breadcrumb":{"@id":"https:\/\/nspshop.net\/de\/lieferung-und-zahlung\/#breadcrumb"},"inLanguage":"de","potentialAction":[{"@type":"ReadAction","target":["https:\/\/nspshop.net\/de\/lieferung-und-zahlung\/"]}]},{"@type":"BreadcrumbList","@id":"https:\/\/nspshop.net\/de\/lieferung-und-zahlung\/#breadcrumb","itemListElement":[{"@type":"ListItem","position":1,"name":"\u0413\u043b\u0430\u0432\u043d\u0430\u044f \u0441\u0442\u0440\u0430\u043d\u0438\u0446\u0430","item":"https:\/\/nspshop.net\/"},{"@type":"ListItem","position":2,"name":"Lieferung und Zahlung"}]},{"@type":"WebSite","@id":"https:\/\/nspshop.net\/#website","url":"https:\/\/nspshop.net\/","name":"Dietary Supplements","description":"BuyNSP","publisher":{"@id":"https:\/\/nspshop.net\/#organization"},"potentialAction":[{"@type":"SearchAction","target":{"@type":"EntryPoint","urlTemplate":"https:\/\/nspshop.net\/?s={search_term_string}"},"query-input":"required name=search_term_string"}],"inLanguage":"de"},{"@type":"Organization","@id":"https:\/\/nspshop.net\/#organization","name":"Dietary Supplements","alternateName":"BuyNSP","url":"https:\/\/nspshop.net\/","logo":{"@type":"ImageObject","inLanguage":"de","@id":"https:\/\/nspshop.net\/#\/schema\/logo\/image\/","url":"https:\/\/nspshop.net\/wp-content\/uploads\/2023\/06\/cropped-Logo-NSP.png","contentUrl":"https:\/\/nspshop.net\/wp-content\/uploads\/2023\/06\/cropped-Logo-NSP.png","width":512,"height":512,"caption":"Dietary Supplements"},"image":{"@id":"https:\/\/nspshop.net\/#\/schema\/logo\/image\/"}}]}},"_links":{"self":[{"href":"https:\/\/nspshop.net\/de\/wp-json\/wp\/v2\/pages\/8241","targetHints":{"allow":["GET"]}}],"collection":[{"href":"https:\/\/nspshop.net\/de\/wp-json\/wp\/v2\/pages"}],"about":[{"href":"https:\/\/nspshop.net\/de\/wp-json\/wp\/v2\/types\/page"}],"author":[{"embeddable":true,"href":"https:\/\/nspshop.net\/de\/wp-json\/wp\/v2\/users\/1"}],"replies":[{"embeddable":true,"href":"https:\/\/nspshop.net\/de\/wp-json\/wp\/v2\/comments?post=8241"}],"version-history":[{"count":0,"href":"https:\/\/nspshop.net\/de\/wp-json\/wp\/v2\/pages\/8241\/revisions"}],"wp:attachment":[{"href":"https:\/\/nspshop.net\/de\/wp-json\/wp\/v2\/media?parent=8241"}],"curies":[{"name":"wp","href":"https:\/\/api.w.org\/{rel}","templated":true}]}}