{"id":8847,"date":"2023-06-01T14:04:37","date_gmt":"2023-06-01T11:04:37","guid":{"rendered":"https:\/\/nspshop.net\/help\/"},"modified":"2024-04-15T17:41:07","modified_gmt":"2024-04-15T14:41:07","slug":"help","status":"publish","type":"page","link":"https:\/\/nspshop.net\/de\/help\/","title":{"rendered":"Hilfe"},"content":{"rendered":"<div class=\"wpb-content-wrapper\"><p>[vc_row][vc_column]\n\t\t<div id=\"wd-66122cfe465ca\" class=\"title-wrapper wd-wpb set-mb-s reset-last-child  wd-rs-66122cfe465ca wd-title-color-default wd-title-style-default text-left  wd-underline-colored\">\n\t\t\t\n\t\t\t<div class=\"liner-continer\">\n\t\t\t\t<h2 class=\"woodmart-title-container title  wd-font-weight- wd-fontsize-l\" >Fragen zur Bestellung<\/h2>\n\t\t\t\t\t\t\t<\/div>\n\t\t\t\n\t\t\t\n\t\t\t\n\t\t<\/div>\n\t\t\n\t\t[vc_toggle title=&#8220;Woher wei\u00df ich, ob meine Bestellung abgeholt werden kann?&#8220; style=&#8220;square_outline&#8220; color=&#8220;green&#8220; size=&#8220;lg&#8220; custom_font_container=&#8220;tag:h3|font_size:22px|text_align:left|color:%233f3f3f&#8220; custom_use_theme_fonts=&#8220;yes&#8220; use_custom_heading=&#8220;true&#8220; css=&#8220;.vc_custom_1712467276450{margin-top: 15px !important;padding-top: 15px !important;}&#8220;]Bei der Zustellung durch einen Kurierdienst werden Sie benachrichtigt, sobald die Bestellung an Ihrem Wohnort eingetroffen ist.[\/vc_toggle][vc_separator border_width=&#8220;2&#8243; wd_hide_on_desktop=&#8220;no&#8220; wd_hide_on_tablet=&#8220;no&#8220; wd_hide_on_mobile=&#8220;no&#8220;][vc_toggle title=&#8220;Wie kann ich eine Bestellung stornieren?&#8220; style=&#8220;square_outline&#8220; color=&#8220;green&#8220; size=&#8220;lg&#8220; custom_font_container=&#8220;tag:h3|font_size:22px|text_align:left|color:%233f3f3f&#8220; custom_use_theme_fonts=&#8220;yes&#8220; use_custom_heading=&#8220;true&#8220; css=&#8220;.vc_custom_1712467414762{margin-top: 15px !important;padding-top: 15px !important;}&#8220;]<\/p>\n<p style=\"font-size: 16px;\">Sie k\u00f6nnen Ihre Bestellung stornieren, indem Sie sich mit Ihrem Manager in Verbindung setzen, bevor die Bestellung an den Spediteur \u00fcbergeben wird.<br \/>\nSobald die Bestellung an den Kurierdienst \u00fcbergeben wurde, kann sie nicht mehr storniert werden.<\/p>\n<p>[\/vc_toggle][vc_separator border_width=&#8220;2&#8243; wd_hide_on_desktop=&#8220;no&#8220; wd_hide_on_tablet=&#8220;no&#8220; wd_hide_on_mobile=&#8220;no&#8220;][\/vc_column][\/vc_row][vc_row css=&#8220;.vc_custom_1685848421503{margin-top: 25px !important;}&#8220; woodmart_css_id=&#8220;647c00e31639b&#8220; responsive_spacing=&#8220;eyJwYXJhbV90eXBlIjoid29vZG1hcnRfcmVzcG9uc2l2ZV9zcGFjaW5nIiwic2VsZWN0b3JfaWQiOiI2NDdjMDBlMzE2MzliIiwic2hvcnRjb2RlIjoidmNfcm93IiwiZGF0YSI6eyJ0YWJsZXQiOnt9LCJtb2JpbGUiOnt9fX0=&#8220; mobile_bg_img_hidden=&#8220;no&#8220; tablet_bg_img_hidden=&#8220;no&#8220; woodmart_parallax=&#8220;0&#8243; woodmart_gradient_switch=&#8220;no&#8220; woodmart_box_shadow=&#8220;no&#8220; wd_z_index=&#8220;no&#8220; woodmart_disable_overflow=&#8220;0&#8243; row_reverse_mobile=&#8220;0&#8243; row_reverse_tablet=&#8220;0&#8243;][vc_column]\n\t\t<div id=\"wd-66122de106004\" class=\"title-wrapper wd-wpb set-mb-s reset-last-child  wd-rs-66122de106004 wd-title-color-default wd-title-style-default text-left  wd-underline-colored\">\n\t\t\t\n\t\t\t<div class=\"liner-continer\">\n\t\t\t\t<h2 class=\"woodmart-title-container title  wd-font-weight- wd-fontsize-l\" >Fragen zum Produkt<\/h2>\n\t\t\t\t\t\t\t<\/div>\n\t\t\t\n\t\t\t\n\t\t\t\n\t\t<\/div>\n\t\t\n\t\t[vc_toggle title=&#8220;Woher wei\u00df ich, ob ein Artikel auf Lager ist?&#8220; style=&#8220;square_outline&#8220; color=&#8220;green&#8220; size=&#8220;lg&#8220; custom_font_container=&#8220;tag:h3|font_size:22px|text_align:left|color:%233f3f3f&#8220; custom_use_theme_fonts=&#8220;yes&#8220; use_custom_heading=&#8220;true&#8220; css=&#8220;.vc_custom_1712467569058{margin-top: 15px !important;padding-top: 15px !important;}&#8220;]Pr\u00fcfen Sie die Verf\u00fcgbarkeit auf der Produktseite.<br \/>\nWir aktualisieren die Informationen regelm\u00e4\u00dfig. Und wir sorgen daf\u00fcr, dass die Verf\u00fcgbarkeitsdaten auf dem neuesten Stand sind.<br \/>\nGehen Sie zur Produktseite. Wenn sich rechts neben dem Produktbild eine Schaltfl\u00e4che &#8222;In den Warenkorb&#8220; befindet, kann das Produkt bestellt werden.<br \/>\nWenn ein Artikel nicht mehr vorr\u00e4tig ist, wird er unter seinem Preis als &#8222;Nicht vorr\u00e4tig&#8220; gekennzeichnet.<br \/>\nSparen Sie Zeit und planen Sie Ihren Einkauf. Pr\u00fcfen Sie die Verf\u00fcgbarkeit in Sekundenschnelle!<\/p>\n<p>Sie k\u00f6nnen auch jederzeit die Verf\u00fcgbarkeit von Waren kl\u00e4ren, indem Sie \u00fcber den WhatsApp-Link oben auf der Seite chatten[\/vc_toggle][vc_separator border_width=&#8220;2&#8243; wd_hide_on_desktop=&#8220;no&#8220; wd_hide_on_tablet=&#8220;no&#8220; wd_hide_on_mobile=&#8220;no&#8220;][vc_toggle title=&#8220;Wie kann ich Produkte bestellen?&#8220; style=&#8220;square_outline&#8220; color=&#8220;green&#8220; size=&#8220;lg&#8220; custom_font_container=&#8220;tag:h3|font_size:22px|text_align:left|color:%233f3f3f&#8220; custom_use_theme_fonts=&#8220;yes&#8220; use_custom_heading=&#8220;true&#8220; css=&#8220;.vc_custom_1712467622691{margin-top: 15px !important;padding-top: 15px !important;}&#8220;]Bestellen Sie das Produkt telefonisch oder legen Sie es in Ihren Warenkorb:<\/p>\n<ol>\n<li>\u00d6ffnen Sie die Produktseite.<\/li>\n<li>Klicken Sie auf die Schaltfl\u00e4che &#8222;In den Warenkorb&#8220;.<\/li>\n<li>W\u00e4hlen Sie in dem daraufhin erscheinenden Fenster &#8222;Warenkorb anzeigen&#8220;.<\/li>\n<li>Stellen Sie die Anzahl der Artikel im Korb mit dem Mengenschalter ein.<\/li>\n<\/ol>\n<p><strong>Gehen Sie zur Kasse:<\/strong><\/p>\n<ol>\n<li>Klicken Sie auf die Schaltfl\u00e4che &#8222;Zur Kasse gehen&#8220;.<\/li>\n<li>Wenn Sie nicht eingeloggt sind, geben Sie bitte Ihre Kontaktdaten ein. Oder melden Sie sich an.<\/li>\n<li>W\u00e4hlen Sie die gew\u00fcnschte Versandart, Adresse aus.<\/li>\n<li>W\u00e4hlen Sie eine Zahlungsmethode.<\/li>\n<li>Klicken Sie dann auf die Schaltfl\u00e4che &#8222;Bestellung best\u00e4tigen&#8220; in dem Feld unten. Wenn die Website eine Fehlermeldung ausgibt, stellen Sie sicher, dass alle Felder ausgef\u00fcllt sind. Einschlie\u00dflich der Lieferadresse.<\/li>\n<\/ol>\n<p>[\/vc_toggle][vc_separator border_width=&#8220;2&#8243; wd_hide_on_desktop=&#8220;no&#8220; wd_hide_on_tablet=&#8220;no&#8220; wd_hide_on_mobile=&#8220;no&#8220;][\/vc_column][\/vc_row]<\/p>\n<\/div>","protected":false},"excerpt":{"rendered":"<p>[vc_row][vc_column][vc_toggle title=&#8220;Woher wei\u00df ich, ob meine Bestellung abgeholt werden kann?&#8220; style=&#8220;square_outline&#8220; color=&#8220;green&#8220; size=&#8220;lg&#8220; custom_font_container=&#8220;tag:h3|font_size:22px|text_align:left|color:%233f3f3f&#8220; custom_use_theme_fonts=&#8220;yes&#8220; use_custom_heading=&#8220;true&#8220; css=&#8220;.vc_custom_1712467276450{margin-top: 15px !important;padding-top: 15px<\/p>\n","protected":false},"author":1,"featured_media":0,"parent":0,"menu_order":0,"comment_status":"closed","ping_status":"closed","template":"","meta":{"_acf_changed":false,"footnotes":""},"class_list":["post-8847","page","type-page","status-publish","hentry"],"acf":[],"yoast_head":"<!-- This site is optimized with the Yoast SEO plugin v22.3 - https:\/\/yoast.com\/wordpress\/plugins\/seo\/ -->\n<title>Hilfe | Dietary Supplements<\/title>\n<meta name=\"description\" content=\"H\u00e4ufig gestellte Fragen zu Produkten, Warenbestellung und Lieferung von Nahrungserg\u00e4nzungsmitteln in Deutschland\" \/>\n<meta name=\"robots\" content=\"index, follow, max-snippet:-1, max-image-preview:large, max-video-preview:-1\" \/>\n<link rel=\"canonical\" href=\"https:\/\/nspshop.net\/de\/help\/\" \/>\n<meta property=\"og:locale\" content=\"de_DE\" \/>\n<meta property=\"og:type\" content=\"article\" \/>\n<meta property=\"og:title\" content=\"Hilfe | Dietary Supplements\" \/>\n<meta property=\"og:description\" content=\"H\u00e4ufig gestellte Fragen zu Produkten, Warenbestellung und Lieferung von Nahrungserg\u00e4nzungsmitteln in Deutschland\" \/>\n<meta property=\"og:url\" content=\"https:\/\/nspshop.net\/de\/help\/\" \/>\n<meta property=\"og:site_name\" content=\"Dietary Supplements\" \/>\n<meta property=\"article:modified_time\" content=\"2024-04-15T14:41:07+00:00\" \/>\n<meta property=\"og:image\" content=\"https:\/\/nspshop.net\/wp-content\/uploads\/2023\/06\/cropped-Logo-NSP.png\" \/>\n\t<meta property=\"og:image:width\" content=\"512\" \/>\n\t<meta property=\"og:image:height\" content=\"512\" \/>\n\t<meta property=\"og:image:type\" content=\"image\/png\" \/>\n<meta name=\"twitter:card\" content=\"summary_large_image\" \/>\n<meta name=\"twitter:label1\" content=\"Gesch\u00e4tzte Lesezeit\" \/>\n\t<meta name=\"twitter:data1\" content=\"3\u00a0Minuten\" \/>\n<script type=\"application\/ld+json\" class=\"yoast-schema-graph\">{\"@context\":\"https:\/\/schema.org\",\"@graph\":[{\"@type\":\"WebPage\",\"@id\":\"https:\/\/nspshop.net\/de\/help\/\",\"url\":\"https:\/\/nspshop.net\/de\/help\/\",\"name\":\"Hilfe | Dietary Supplements\",\"isPartOf\":{\"@id\":\"https:\/\/nspshop.net\/#website\"},\"datePublished\":\"2023-06-01T11:04:37+00:00\",\"dateModified\":\"2024-04-15T14:41:07+00:00\",\"description\":\"H\u00e4ufig gestellte Fragen zu Produkten, Warenbestellung und Lieferung von Nahrungserg\u00e4nzungsmitteln in Deutschland\",\"breadcrumb\":{\"@id\":\"https:\/\/nspshop.net\/de\/help\/#breadcrumb\"},\"inLanguage\":\"de\",\"potentialAction\":[{\"@type\":\"ReadAction\",\"target\":[\"https:\/\/nspshop.net\/de\/help\/\"]}]},{\"@type\":\"BreadcrumbList\",\"@id\":\"https:\/\/nspshop.net\/de\/help\/#breadcrumb\",\"itemListElement\":[{\"@type\":\"ListItem\",\"position\":1,\"name\":\"\u0413\u043b\u0430\u0432\u043d\u0430\u044f \u0441\u0442\u0440\u0430\u043d\u0438\u0446\u0430\",\"item\":\"https:\/\/nspshop.net\/\"},{\"@type\":\"ListItem\",\"position\":2,\"name\":\"Hilfe\"}]},{\"@type\":\"WebSite\",\"@id\":\"https:\/\/nspshop.net\/#website\",\"url\":\"https:\/\/nspshop.net\/\",\"name\":\"Dietary Supplements\",\"description\":\"BuyNSP\",\"publisher\":{\"@id\":\"https:\/\/nspshop.net\/#organization\"},\"potentialAction\":[{\"@type\":\"SearchAction\",\"target\":{\"@type\":\"EntryPoint\",\"urlTemplate\":\"https:\/\/nspshop.net\/?s={search_term_string}\"},\"query-input\":\"required name=search_term_string\"}],\"inLanguage\":\"de\"},{\"@type\":\"Organization\",\"@id\":\"https:\/\/nspshop.net\/#organization\",\"name\":\"Dietary Supplements\",\"alternateName\":\"BuyNSP\",\"url\":\"https:\/\/nspshop.net\/\",\"logo\":{\"@type\":\"ImageObject\",\"inLanguage\":\"de\",\"@id\":\"https:\/\/nspshop.net\/#\/schema\/logo\/image\/\",\"url\":\"https:\/\/nspshop.net\/wp-content\/uploads\/2023\/06\/cropped-Logo-NSP.png\",\"contentUrl\":\"https:\/\/nspshop.net\/wp-content\/uploads\/2023\/06\/cropped-Logo-NSP.png\",\"width\":512,\"height\":512,\"caption\":\"Dietary Supplements\"},\"image\":{\"@id\":\"https:\/\/nspshop.net\/#\/schema\/logo\/image\/\"}}]}<\/script>\n<!-- \/ Yoast SEO plugin. -->","yoast_head_json":{"title":"Hilfe | Dietary Supplements","description":"H\u00e4ufig gestellte Fragen zu Produkten, Warenbestellung und Lieferung von Nahrungserg\u00e4nzungsmitteln in Deutschland","robots":{"index":"index","follow":"follow","max-snippet":"max-snippet:-1","max-image-preview":"max-image-preview:large","max-video-preview":"max-video-preview:-1"},"canonical":"https:\/\/nspshop.net\/de\/help\/","og_locale":"de_DE","og_type":"article","og_title":"Hilfe | Dietary Supplements","og_description":"H\u00e4ufig gestellte Fragen zu Produkten, Warenbestellung und Lieferung von Nahrungserg\u00e4nzungsmitteln in Deutschland","og_url":"https:\/\/nspshop.net\/de\/help\/","og_site_name":"Dietary Supplements","article_modified_time":"2024-04-15T14:41:07+00:00","og_image":[{"width":512,"height":512,"url":"https:\/\/nspshop.net\/wp-content\/uploads\/2023\/06\/cropped-Logo-NSP.png","type":"image\/png"}],"twitter_card":"summary_large_image","twitter_misc":{"Gesch\u00e4tzte Lesezeit":"3\u00a0Minuten"},"schema":{"@context":"https:\/\/schema.org","@graph":[{"@type":"WebPage","@id":"https:\/\/nspshop.net\/de\/help\/","url":"https:\/\/nspshop.net\/de\/help\/","name":"Hilfe | Dietary Supplements","isPartOf":{"@id":"https:\/\/nspshop.net\/#website"},"datePublished":"2023-06-01T11:04:37+00:00","dateModified":"2024-04-15T14:41:07+00:00","description":"H\u00e4ufig gestellte Fragen zu Produkten, Warenbestellung und Lieferung von Nahrungserg\u00e4nzungsmitteln in Deutschland","breadcrumb":{"@id":"https:\/\/nspshop.net\/de\/help\/#breadcrumb"},"inLanguage":"de","potentialAction":[{"@type":"ReadAction","target":["https:\/\/nspshop.net\/de\/help\/"]}]},{"@type":"BreadcrumbList","@id":"https:\/\/nspshop.net\/de\/help\/#breadcrumb","itemListElement":[{"@type":"ListItem","position":1,"name":"\u0413\u043b\u0430\u0432\u043d\u0430\u044f \u0441\u0442\u0440\u0430\u043d\u0438\u0446\u0430","item":"https:\/\/nspshop.net\/"},{"@type":"ListItem","position":2,"name":"Hilfe"}]},{"@type":"WebSite","@id":"https:\/\/nspshop.net\/#website","url":"https:\/\/nspshop.net\/","name":"Dietary Supplements","description":"BuyNSP","publisher":{"@id":"https:\/\/nspshop.net\/#organization"},"potentialAction":[{"@type":"SearchAction","target":{"@type":"EntryPoint","urlTemplate":"https:\/\/nspshop.net\/?s={search_term_string}"},"query-input":"required name=search_term_string"}],"inLanguage":"de"},{"@type":"Organization","@id":"https:\/\/nspshop.net\/#organization","name":"Dietary Supplements","alternateName":"BuyNSP","url":"https:\/\/nspshop.net\/","logo":{"@type":"ImageObject","inLanguage":"de","@id":"https:\/\/nspshop.net\/#\/schema\/logo\/image\/","url":"https:\/\/nspshop.net\/wp-content\/uploads\/2023\/06\/cropped-Logo-NSP.png","contentUrl":"https:\/\/nspshop.net\/wp-content\/uploads\/2023\/06\/cropped-Logo-NSP.png","width":512,"height":512,"caption":"Dietary Supplements"},"image":{"@id":"https:\/\/nspshop.net\/#\/schema\/logo\/image\/"}}]}},"_links":{"self":[{"href":"https:\/\/nspshop.net\/de\/wp-json\/wp\/v2\/pages\/8847","targetHints":{"allow":["GET"]}}],"collection":[{"href":"https:\/\/nspshop.net\/de\/wp-json\/wp\/v2\/pages"}],"about":[{"href":"https:\/\/nspshop.net\/de\/wp-json\/wp\/v2\/types\/page"}],"author":[{"embeddable":true,"href":"https:\/\/nspshop.net\/de\/wp-json\/wp\/v2\/users\/1"}],"replies":[{"embeddable":true,"href":"https:\/\/nspshop.net\/de\/wp-json\/wp\/v2\/comments?post=8847"}],"version-history":[{"count":0,"href":"https:\/\/nspshop.net\/de\/wp-json\/wp\/v2\/pages\/8847\/revisions"}],"wp:attachment":[{"href":"https:\/\/nspshop.net\/de\/wp-json\/wp\/v2\/media?parent=8847"}],"curies":[{"name":"wp","href":"https:\/\/api.w.org\/{rel}","templated":true}]}}