{"id":8174,"date":"2023-06-01T14:04:37","date_gmt":"2023-06-01T11:04:37","guid":{"rendered":"https:\/\/nspshop.net\/yardim\/"},"modified":"2024-04-15T17:40:49","modified_gmt":"2024-04-15T14:40:49","slug":"yardim","status":"publish","type":"page","link":"https:\/\/nspshop.net\/tr\/yardim\/","title":{"rendered":"Yard\u0131m"},"content":{"rendered":"<div class=\"wpb-content-wrapper\"><p>[vc_row][vc_column]\n\t\t<div id=\"wd-64845f9b6bc37\" class=\"title-wrapper wd-wpb set-mb-s reset-last-child  wd-rs-64845f9b6bc37 wd-title-color-default wd-title-style-default text-left  wd-underline-colored\">\n\t\t\t\n\t\t\t<div class=\"liner-continer\">\n\t\t\t\t<h2 class=\"woodmart-title-container title  wd-font-weight- wd-fontsize-l\" >Sipari\u015fle ilgili sorular<\/h2>\n\t\t\t\t\t\t\t<\/div>\n\t\t\t\n\t\t\t\n\t\t\t\n\t\t<\/div>\n\t\t\n\t\t[vc_toggle title=&#8221;Sipari\u015fimin teslim al\u0131nabilece\u011fini nas\u0131l bilebilirim?&#8221; style=&#8221;square_outline&#8221; color=&#8221;green&#8221; size=&#8221;lg&#8221; custom_font_container=&#8221;tag:h3|font_size:22px|text_align:left|color:%233f3f3f&#8221; custom_use_theme_fonts=&#8221;yes&#8221; use_custom_heading=&#8221;true&#8221; css=&#8221;.vc_custom_1686397008313{margin-top: 15px !important;padding-top: 15px !important;}&#8221;]Antalya&#8217;daki ma\u011fazam\u0131zdan teslim al\u0131nd\u0131ktan sonra, y\u00f6netici derhal mallar\u0131n mevcudiyetini ve 2 g\u00fcnl\u00fck bir rezervi onaylar. Sipari\u015finiz teslimata haz\u0131r.<\/p>\n<p>Kurye ile teslim edildikten sonra, sipari\u015f bulundu\u011funuz yere ula\u015ft\u0131\u011f\u0131nda size bir bildirim g\u00f6nderilecektir.[\/vc_toggle][vc_separator border_width=&#8221;2&#8243; wd_hide_on_desktop=&#8221;no&#8221; wd_hide_on_tablet=&#8221;no&#8221; wd_hide_on_mobile=&#8221;no&#8221;][vc_toggle title=&#8221;Bir sipari\u015fi nas\u0131l iptal edebilirim?&#8221; style=&#8221;square_outline&#8221; color=&#8221;green&#8221; size=&#8221;lg&#8221; custom_font_container=&#8221;tag:h3|font_size:22px|text_align:left|color:%233f3f3f&#8221; custom_use_theme_fonts=&#8221;yes&#8221; use_custom_heading=&#8221;true&#8221; css=&#8221;.vc_custom_1686397253973{margin-top: 15px !important;padding-top: 15px !important;}&#8221;]<\/p>\n<p style=\"font-size: 16px;\">Sipari\u015fi ta\u015f\u0131y\u0131c\u0131ya teslim etmeden \u00f6nce y\u00f6neticiyle ileti\u015fime ge\u00e7erek iptal edebilirsiniz.<\/p>\n<p>[\/vc_toggle][vc_separator border_width=&#8221;2&#8243; wd_hide_on_desktop=&#8221;no&#8221; wd_hide_on_tablet=&#8221;no&#8221; wd_hide_on_mobile=&#8221;no&#8221;][\/vc_column][\/vc_row][vc_row css=&#8221;.vc_custom_1685848421503{margin-top: 25px !important;}&#8221; woodmart_css_id=&#8221;647c00e31639b&#8221; responsive_spacing=&#8221;eyJwYXJhbV90eXBlIjoid29vZG1hcnRfcmVzcG9uc2l2ZV9zcGFjaW5nIiwic2VsZWN0b3JfaWQiOiI2NDdjMDBlMzE2MzliIiwic2hvcnRjb2RlIjoidmNfcm93IiwiZGF0YSI6eyJ0YWJsZXQiOnt9LCJtb2JpbGUiOnt9fX0=&#8221; mobile_bg_img_hidden=&#8221;no&#8221; tablet_bg_img_hidden=&#8221;no&#8221; woodmart_parallax=&#8221;0&#8243; woodmart_gradient_switch=&#8221;no&#8221; woodmart_box_shadow=&#8221;no&#8221; wd_z_index=&#8221;no&#8221; woodmart_disable_overflow=&#8221;0&#8243; row_reverse_mobile=&#8221;0&#8243; row_reverse_tablet=&#8221;0&#8243;][vc_column]\n\t\t<div id=\"wd-648460c67e6e4\" class=\"title-wrapper wd-wpb set-mb-s reset-last-child  wd-rs-648460c67e6e4 wd-title-color-default wd-title-style-default text-left  wd-underline-colored\">\n\t\t\t\n\t\t\t<div class=\"liner-continer\">\n\t\t\t\t<h2 class=\"woodmart-title-container title  wd-font-weight- wd-fontsize-l\" >\u00dcr\u00fcnle ilgili sorular<\/h2>\n\t\t\t\t\t\t\t<\/div>\n\t\t\t\n\t\t\t\n\t\t\t\n\t\t<\/div>\n\t\t\n\t\t[vc_toggle title=&#8221;\u00dcr\u00fcn\u00fcn stokta oldu\u011funu nas\u0131l bilebilirim?&#8221; style=&#8221;square_outline&#8221; color=&#8221;green&#8221; size=&#8221;lg&#8221; custom_font_container=&#8221;tag:h3|font_size:22px|text_align:left|color:%233f3f3f&#8221; custom_use_theme_fonts=&#8221;yes&#8221; use_custom_heading=&#8221;true&#8221; css=&#8221;.vc_custom_1686397322640{margin-top: 15px !important;padding-top: 15px !important;}&#8221;]\u00dcr\u00fcn sayfas\u0131ndaki stok durumunu kontrol edin.<\/p>\n<p>Bilgileri d\u00fczenli olarak g\u00fcncelliyoruz. Ve kullan\u0131labilirlik verilerinin g\u00fcncel oldu\u011fundan emin oluruz.<\/p>\n<p>\u00dcr\u00fcn sayfas\u0131na gidin. \u00dcr\u00fcn g\u00f6rselinin sa\u011f\u0131nda &#8220;Sepete ekle&#8221; butonu varsa sipari\u015f verilebilir.<\/p>\n<p>\u00dcr\u00fcn biterse, fiyat\u0131n\u0131n alt\u0131nda &#8220;Stokta yok&#8221; notu olacakt\u0131r.<\/p>\n<p>Zamandan tasarruf edin ve sat\u0131n al\u0131mlar\u0131n\u0131z\u0131 planlay\u0131n. \u00dcr\u00fcn\u00fcn kullan\u0131labilirli\u011fini birka\u00e7 saniye i\u00e7inde kontrol edin![\/vc_toggle][vc_separator border_width=&#8221;2&#8243; wd_hide_on_desktop=&#8221;no&#8221; wd_hide_on_tablet=&#8221;no&#8221; wd_hide_on_mobile=&#8221;no&#8221;][vc_toggle title=&#8221;Bir \u00fcr\u00fcn nas\u0131l sipari\u015f edilir?&#8221; style=&#8221;square_outline&#8221; color=&#8221;green&#8221; size=&#8221;lg&#8221; custom_font_container=&#8221;tag:h3|font_size:22px|text_align:left|color:%233f3f3f&#8221; custom_use_theme_fonts=&#8221;yes&#8221; use_custom_heading=&#8221;true&#8221; css=&#8221;.vc_custom_1686397378693{margin-top: 15px !important;padding-top: 15px !important;}&#8221;]<\/p>\n<p style=\"font-size: 16px;\">\u00dcr\u00fcn\u00fc telefonla sipari\u015f edin veya sepete ekleyin:<\/p>\n<ol style=\"font-size: 16px;\">\n<li>\u00dcr\u00fcn sayfas\u0131n\u0131 a\u00e7\u0131n.<\/li>\n<li>&#8220;Sepete Ekle&#8221; d\u00fc\u011fmesini t\u0131klay\u0131n.<\/li>\n<li>A\u00e7\u0131lan pencerede &#8220;\u00c7\u00f6p Kutusunu G\u00f6r\u00fcnt\u00fcle&#8221; yi se\u00e7in.<br \/>\nMiktar anahtar\u0131n\u0131 kullanarak sepetteki \u00fcr\u00fcn say\u0131s\u0131n\u0131 ayarlay\u0131n.<\/li>\n<\/ol>\n<p style=\"font-size: 16px;\"><strong>\u00d6deme sayfas\u0131na git:<\/strong><\/p>\n<ol style=\"font-size: 16px;\">\n<li>&#8220;Sipari\u015f ver&#8221;e t\u0131klay\u0131n.<\/li>\n<li>Giri\u015f yapmad\u0131ysan\u0131z, ileti\u015fim bilgilerinizi girin. Veya giri\u015f yap\u0131n.<\/li>\n<li>\u0130stedi\u011finiz teslimat y\u00f6ntemini, adresi se\u00e7in.<\/li>\n<li>A\u015fa\u011f\u0131dan \u00f6deme y\u00f6ntemini se\u00e7in.<\/li>\n<li>Bundan sonra, a\u015fa\u011f\u0131daki bloktaki &#8220;Sipari\u015fi onayla&#8221; d\u00fc\u011fmesine t\u0131klay\u0131n.\n<pre>If the site gives an error, make sure that all fields are filled in. Including the delivery address.<\/pre>\n<\/li>\n<\/ol>\n<p>[\/vc_toggle][vc_separator border_width=&#8221;2&#8243; wd_hide_on_desktop=&#8221;no&#8221; wd_hide_on_tablet=&#8221;no&#8221; wd_hide_on_mobile=&#8221;no&#8221;][\/vc_column][\/vc_row]<\/p>\n<\/div>","protected":false},"excerpt":{"rendered":"<p>[vc_row][vc_column][vc_toggle title=&#8221;Sipari\u015fimin teslim al\u0131nabilece\u011fini nas\u0131l bilebilirim?&#8221; style=&#8221;square_outline&#8221; color=&#8221;green&#8221; size=&#8221;lg&#8221; custom_font_container=&#8221;tag:h3|font_size:22px|text_align:left|color:%233f3f3f&#8221; custom_use_theme_fonts=&#8221;yes&#8221; use_custom_heading=&#8221;true&#8221; css=&#8221;.vc_custom_1686397008313{margin-top: 15px !important;padding-top: 15px !important;}&#8221;]Antalya&#8217;daki ma\u011fazam\u0131zdan teslim al\u0131nd\u0131ktan<\/p>\n","protected":false},"author":1,"featured_media":0,"parent":0,"menu_order":0,"comment_status":"closed","ping_status":"closed","template":"","meta":{"_acf_changed":false,"footnotes":""},"class_list":["post-8174","page","type-page","status-publish","hentry"],"acf":[],"yoast_head":"<!-- This site is optimized with the Yoast SEO plugin v22.3 - https:\/\/yoast.com\/wordpress\/plugins\/seo\/ -->\n<title>Yard\u0131m | Dietary Supplements<\/title>\n<meta name=\"description\" content=\"Almanya&#039;da \u00fcr\u00fcnler, mal sipari\u015fi ve diyet takviyelerinin teslimat\u0131 hakk\u0131nda s\u0131k sorulan sorular\" \/>\n<meta name=\"robots\" content=\"index, follow, max-snippet:-1, max-image-preview:large, max-video-preview:-1\" \/>\n<link rel=\"canonical\" href=\"https:\/\/nspshop.net\/tr\/yardim\/\" \/>\n<meta property=\"og:locale\" content=\"tr_TR\" \/>\n<meta property=\"og:type\" content=\"article\" \/>\n<meta property=\"og:title\" content=\"Yard\u0131m | Dietary Supplements\" \/>\n<meta property=\"og:description\" content=\"Almanya&#039;da \u00fcr\u00fcnler, mal sipari\u015fi ve diyet takviyelerinin teslimat\u0131 hakk\u0131nda s\u0131k sorulan sorular\" \/>\n<meta property=\"og:url\" content=\"https:\/\/nspshop.net\/tr\/yardim\/\" \/>\n<meta property=\"og:site_name\" content=\"Dietary Supplements\" \/>\n<meta property=\"article:modified_time\" content=\"2024-04-15T14:40:49+00:00\" \/>\n<meta property=\"og:image\" content=\"https:\/\/nspshop.net\/wp-content\/uploads\/2023\/06\/cropped-Logo-NSP.png\" \/>\n\t<meta property=\"og:image:width\" content=\"512\" \/>\n\t<meta property=\"og:image:height\" content=\"512\" \/>\n\t<meta property=\"og:image:type\" content=\"image\/png\" \/>\n<meta name=\"twitter:card\" content=\"summary_large_image\" \/>\n<meta name=\"twitter:label1\" content=\"Tahmini okuma s\u00fcresi\" \/>\n\t<meta name=\"twitter:data1\" content=\"2 dakika\" \/>\n<script type=\"application\/ld+json\" class=\"yoast-schema-graph\">{\"@context\":\"https:\/\/schema.org\",\"@graph\":[{\"@type\":\"WebPage\",\"@id\":\"https:\/\/nspshop.net\/tr\/yardim\/\",\"url\":\"https:\/\/nspshop.net\/tr\/yardim\/\",\"name\":\"Yard\u0131m | Dietary Supplements\",\"isPartOf\":{\"@id\":\"https:\/\/nspshop.net\/#website\"},\"datePublished\":\"2023-06-01T11:04:37+00:00\",\"dateModified\":\"2024-04-15T14:40:49+00:00\",\"description\":\"Almanya'da \u00fcr\u00fcnler, mal sipari\u015fi ve diyet takviyelerinin teslimat\u0131 hakk\u0131nda s\u0131k sorulan sorular\",\"breadcrumb\":{\"@id\":\"https:\/\/nspshop.net\/tr\/yardim\/#breadcrumb\"},\"inLanguage\":\"tr\",\"potentialAction\":[{\"@type\":\"ReadAction\",\"target\":[\"https:\/\/nspshop.net\/tr\/yardim\/\"]}]},{\"@type\":\"BreadcrumbList\",\"@id\":\"https:\/\/nspshop.net\/tr\/yardim\/#breadcrumb\",\"itemListElement\":[{\"@type\":\"ListItem\",\"position\":1,\"name\":\"\u0413\u043b\u0430\u0432\u043d\u0430\u044f \u0441\u0442\u0440\u0430\u043d\u0438\u0446\u0430\",\"item\":\"https:\/\/nspshop.net\/\"},{\"@type\":\"ListItem\",\"position\":2,\"name\":\"Yard\u0131m\"}]},{\"@type\":\"WebSite\",\"@id\":\"https:\/\/nspshop.net\/#website\",\"url\":\"https:\/\/nspshop.net\/\",\"name\":\"Dietary Supplements\",\"description\":\"BuyNSP\",\"publisher\":{\"@id\":\"https:\/\/nspshop.net\/#organization\"},\"potentialAction\":[{\"@type\":\"SearchAction\",\"target\":{\"@type\":\"EntryPoint\",\"urlTemplate\":\"https:\/\/nspshop.net\/?s={search_term_string}\"},\"query-input\":\"required name=search_term_string\"}],\"inLanguage\":\"tr\"},{\"@type\":\"Organization\",\"@id\":\"https:\/\/nspshop.net\/#organization\",\"name\":\"Dietary Supplements\",\"alternateName\":\"BuyNSP\",\"url\":\"https:\/\/nspshop.net\/\",\"logo\":{\"@type\":\"ImageObject\",\"inLanguage\":\"tr\",\"@id\":\"https:\/\/nspshop.net\/#\/schema\/logo\/image\/\",\"url\":\"https:\/\/nspshop.net\/wp-content\/uploads\/2023\/06\/cropped-Logo-NSP.png\",\"contentUrl\":\"https:\/\/nspshop.net\/wp-content\/uploads\/2023\/06\/cropped-Logo-NSP.png\",\"width\":512,\"height\":512,\"caption\":\"Dietary Supplements\"},\"image\":{\"@id\":\"https:\/\/nspshop.net\/#\/schema\/logo\/image\/\"}}]}<\/script>\n<!-- \/ Yoast SEO plugin. -->","yoast_head_json":{"title":"Yard\u0131m | Dietary Supplements","description":"Almanya'da \u00fcr\u00fcnler, mal sipari\u015fi ve diyet takviyelerinin teslimat\u0131 hakk\u0131nda s\u0131k sorulan sorular","robots":{"index":"index","follow":"follow","max-snippet":"max-snippet:-1","max-image-preview":"max-image-preview:large","max-video-preview":"max-video-preview:-1"},"canonical":"https:\/\/nspshop.net\/tr\/yardim\/","og_locale":"tr_TR","og_type":"article","og_title":"Yard\u0131m | Dietary Supplements","og_description":"Almanya'da \u00fcr\u00fcnler, mal sipari\u015fi ve diyet takviyelerinin teslimat\u0131 hakk\u0131nda s\u0131k sorulan sorular","og_url":"https:\/\/nspshop.net\/tr\/yardim\/","og_site_name":"Dietary Supplements","article_modified_time":"2024-04-15T14:40:49+00:00","og_image":[{"width":512,"height":512,"url":"https:\/\/nspshop.net\/wp-content\/uploads\/2023\/06\/cropped-Logo-NSP.png","type":"image\/png"}],"twitter_card":"summary_large_image","twitter_misc":{"Tahmini okuma s\u00fcresi":"2 dakika"},"schema":{"@context":"https:\/\/schema.org","@graph":[{"@type":"WebPage","@id":"https:\/\/nspshop.net\/tr\/yardim\/","url":"https:\/\/nspshop.net\/tr\/yardim\/","name":"Yard\u0131m | Dietary Supplements","isPartOf":{"@id":"https:\/\/nspshop.net\/#website"},"datePublished":"2023-06-01T11:04:37+00:00","dateModified":"2024-04-15T14:40:49+00:00","description":"Almanya'da \u00fcr\u00fcnler, mal sipari\u015fi ve diyet takviyelerinin teslimat\u0131 hakk\u0131nda s\u0131k sorulan sorular","breadcrumb":{"@id":"https:\/\/nspshop.net\/tr\/yardim\/#breadcrumb"},"inLanguage":"tr","potentialAction":[{"@type":"ReadAction","target":["https:\/\/nspshop.net\/tr\/yardim\/"]}]},{"@type":"BreadcrumbList","@id":"https:\/\/nspshop.net\/tr\/yardim\/#breadcrumb","itemListElement":[{"@type":"ListItem","position":1,"name":"\u0413\u043b\u0430\u0432\u043d\u0430\u044f \u0441\u0442\u0440\u0430\u043d\u0438\u0446\u0430","item":"https:\/\/nspshop.net\/"},{"@type":"ListItem","position":2,"name":"Yard\u0131m"}]},{"@type":"WebSite","@id":"https:\/\/nspshop.net\/#website","url":"https:\/\/nspshop.net\/","name":"Dietary Supplements","description":"BuyNSP","publisher":{"@id":"https:\/\/nspshop.net\/#organization"},"potentialAction":[{"@type":"SearchAction","target":{"@type":"EntryPoint","urlTemplate":"https:\/\/nspshop.net\/?s={search_term_string}"},"query-input":"required name=search_term_string"}],"inLanguage":"tr"},{"@type":"Organization","@id":"https:\/\/nspshop.net\/#organization","name":"Dietary Supplements","alternateName":"BuyNSP","url":"https:\/\/nspshop.net\/","logo":{"@type":"ImageObject","inLanguage":"tr","@id":"https:\/\/nspshop.net\/#\/schema\/logo\/image\/","url":"https:\/\/nspshop.net\/wp-content\/uploads\/2023\/06\/cropped-Logo-NSP.png","contentUrl":"https:\/\/nspshop.net\/wp-content\/uploads\/2023\/06\/cropped-Logo-NSP.png","width":512,"height":512,"caption":"Dietary Supplements"},"image":{"@id":"https:\/\/nspshop.net\/#\/schema\/logo\/image\/"}}]}},"_links":{"self":[{"href":"https:\/\/nspshop.net\/tr\/wp-json\/wp\/v2\/pages\/8174","targetHints":{"allow":["GET"]}}],"collection":[{"href":"https:\/\/nspshop.net\/tr\/wp-json\/wp\/v2\/pages"}],"about":[{"href":"https:\/\/nspshop.net\/tr\/wp-json\/wp\/v2\/types\/page"}],"author":[{"embeddable":true,"href":"https:\/\/nspshop.net\/tr\/wp-json\/wp\/v2\/users\/1"}],"replies":[{"embeddable":true,"href":"https:\/\/nspshop.net\/tr\/wp-json\/wp\/v2\/comments?post=8174"}],"version-history":[{"count":0,"href":"https:\/\/nspshop.net\/tr\/wp-json\/wp\/v2\/pages\/8174\/revisions"}],"wp:attachment":[{"href":"https:\/\/nspshop.net\/tr\/wp-json\/wp\/v2\/media?parent=8174"}],"curies":[{"name":"wp","href":"https:\/\/api.w.org\/{rel}","templated":true}]}}