{"id":8217,"date":"2023-06-01T14:04:23","date_gmt":"2023-06-01T11:04:23","guid":{"rendered":"https:\/\/nspshop.net\/kisiler\/"},"modified":"2024-04-19T17:00:02","modified_gmt":"2024-04-19T14:00:02","slug":"kisiler","status":"publish","type":"page","link":"https:\/\/nspshop.net\/tr\/kisiler\/","title":{"rendered":"Ki\u015filer"},"content":{"rendered":"<div class=\"wpb-content-wrapper\"><p>[vc_row][vc_column width=&#8221;1\/2&#8243;]\t\t<div id=\"wd-648408e3433f4\" class=\"wd-text-block wd-wpb reset-last-child wd-rs-648408e3433f4 text-left wd-fontsize-m \">\n\t\t\t<h2>\u00c7a\u011fr\u0131 merkezi \u00e7al\u0131\u015fma saatleri:<\/h2>\n<p>Hafta i\u00e7i: 10:00 &#8211; 18:00<br \/>\nCumartesi, Pazar: 12:00-17:00<\/p>\n\t\t<\/div>\n\t\t[vc_separator border_width=&#8221;2&#8243; wd_hide_on_desktop=&#8221;no&#8221; wd_hide_on_tablet=&#8221;no&#8221; wd_hide_on_mobile=&#8221;no&#8221;][\/vc_column][vc_column width=&#8221;1\/2&#8243;]\n\t\t<div id=\"wd-648408f5d6d73\" class=\"title-wrapper wd-wpb set-mb-s reset-last-child  wd-rs-648408f5d6d73 wd-title-color-default wd-title-style-default text-left  wd-underline-colored\">\n\t\t\t\n\t\t\t<div class=\"liner-continer\">\n\t\t\t\t<p class=\"woodmart-title-container title  wd-font-weight- wd-fontsize-l\" >Geri besleme<\/p>\n\t\t\t\t\t\t\t<\/div>\n\t\t\t\n\t\t\t\t\t\t\t<div class=\"title-after_title  set-cont-mb-s reset-last-child  wd-fontsize-xs\">Destek hizmeti i\u00e7in sorular, yorumlar, \u00f6neriler<\/div>\n\t\t\t\n\t\t\t\n\t\t<\/div>\n\t\t\n\t\t<div class=\"wpforms-container wpforms-container-full\" id=\"wpforms-8930\"><form id=\"wpforms-form-8930\" class=\"wpforms-validate wpforms-form wpforms-ajax-form\" data-formid=\"8930\" method=\"post\" enctype=\"multipart\/form-data\" action=\"\/tr\/wp-json\/wp\/v2\/pages\/8217\" data-token=\"642a06e2a429ef5623664c093e430d8b\"><noscript class=\"wpforms-error-noscript\">Please enable JavaScript in your browser to complete this form.<\/noscript><div class=\"wpforms-field-container\"><div id=\"wpforms-8930-field_7-container\" class=\"wpforms-field wpforms-field-name\" data-field-id=\"7\"><label class=\"wpforms-field-label wpforms-label-hide\" for=\"wpforms-8930-field_7\">\u0418\u043c\u044f <span class=\"wpforms-required-label\">*<\/span><\/label><input type=\"text\" id=\"wpforms-8930-field_7\" class=\"wpforms-field-large wpforms-field-required\" name=\"wpforms[fields][7]\" placeholder=\"\u0130sim\" required><\/div><div id=\"wpforms-8930-field_8-container\" class=\"wpforms-field wpforms-field-email\" data-field-id=\"8\"><label class=\"wpforms-field-label wpforms-label-hide\" for=\"wpforms-8930-field_8\">Email<\/label><input type=\"email\" id=\"wpforms-8930-field_8\" class=\"wpforms-field-large\" name=\"wpforms[fields][8]\" placeholder=\"Email\" ><\/div><div id=\"wpforms-8930-field_9-container\" class=\"wpforms-field wpforms-field-phone\" data-field-id=\"9\"><label class=\"wpforms-field-label wpforms-label-hide\" for=\"wpforms-8930-field_9\">\u0422\u0435\u043b\u0435\u0444\u043e\u043d <span class=\"wpforms-required-label\">*<\/span><\/label><input type=\"tel\" id=\"wpforms-8930-field_9\" class=\"wpforms-field-large wpforms-field-required wpforms-smart-phone-field\" data-rule-smart-phone-field=\"true\" name=\"wpforms[fields][9]\" placeholder=\"Telefon numaras\u0131\" required><\/div><div id=\"wpforms-8930-field_10-container\" class=\"wpforms-field wpforms-field-textarea\" data-field-id=\"10\"><label class=\"wpforms-field-label wpforms-label-hide\" for=\"wpforms-8930-field_10\">\u0422\u0435\u043a\u0441\u0442<\/label><textarea id=\"wpforms-8930-field_10\" class=\"wpforms-field-large\" name=\"wpforms[fields][10]\" placeholder=\"Mesaj\" ><\/textarea><\/div><\/div><div class=\"wpforms-submit-container\"><input type=\"hidden\" name=\"wpforms[id]\" value=\"8930\"><input type=\"hidden\" name=\"wpforms[author]\" value=\"1\"><button type=\"submit\" name=\"wpforms[submit]\" id=\"wpforms-submit-8930\" class=\"wpforms-submit knopka-form\" data-alt-text=\"Sevkiyat...\" data-submit-text=\"G\u00f6nder\" aria-live=\"assertive\" value=\"wpforms-submit\">G\u00f6nder<\/button><img loading=\"lazy\" decoding=\"async\" src=\"https:\/\/nspshop.net\/wp-content\/plugins\/wpforms\/assets\/images\/submit-spin.svg\" class=\"wpforms-submit-spinner\" style=\"display: none;\" width=\"26\" height=\"26\" alt=\"Loading\"><\/div><\/form><\/div>  <!-- .wpforms-container -->[\/vc_column][\/vc_row]<\/p>\n<\/div>","protected":false},"excerpt":{"rendered":"<p>[vc_row][vc_column width=&#8221;1\/2&#8243;][vc_separator border_width=&#8221;2&#8243; wd_hide_on_desktop=&#8221;no&#8221; wd_hide_on_tablet=&#8221;no&#8221; wd_hide_on_mobile=&#8221;no&#8221;][\/vc_column][vc_column width=&#8221;1\/2&#8243;][\/vc_column][\/vc_row]<\/p>\n","protected":false},"author":1,"featured_media":0,"parent":0,"menu_order":0,"comment_status":"closed","ping_status":"closed","template":"","meta":{"_acf_changed":false,"footnotes":""},"class_list":["post-8217","page","type-page","status-publish","hentry"],"acf":[],"yoast_head":"<!-- This site is optimized with the Yoast SEO plugin v22.3 - https:\/\/yoast.com\/wordpress\/plugins\/seo\/ -->\n<title>Ki\u015filer | Dietary Supplements<\/title>\n<meta name=\"description\" content=\"T\u00fcm sorular\u0131n\u0131z\u0131 yan\u0131tlamaya her zaman haz\u0131r\u0131z. Bizimle ileti\u015fime ge\u00e7mek i\u00e7in geri bildirim formunu kullanabilir veya WhatsApp \u00fczerinden bizimle ileti\u015fime ge\u00e7ebilirsiniz\" \/>\n<meta name=\"robots\" content=\"index, follow, max-snippet:-1, max-image-preview:large, max-video-preview:-1\" \/>\n<link rel=\"canonical\" href=\"https:\/\/nspshop.net\/tr\/kisiler\/\" \/>\n<meta property=\"og:locale\" content=\"tr_TR\" \/>\n<meta property=\"og:type\" content=\"article\" \/>\n<meta property=\"og:title\" content=\"Ki\u015filer | Dietary Supplements\" \/>\n<meta property=\"og:description\" content=\"T\u00fcm sorular\u0131n\u0131z\u0131 yan\u0131tlamaya her zaman haz\u0131r\u0131z. Bizimle ileti\u015fime ge\u00e7mek i\u00e7in geri bildirim formunu kullanabilir veya WhatsApp \u00fczerinden bizimle ileti\u015fime ge\u00e7ebilirsiniz\" \/>\n<meta property=\"og:url\" content=\"https:\/\/nspshop.net\/tr\/kisiler\/\" \/>\n<meta property=\"og:site_name\" content=\"Dietary Supplements\" \/>\n<meta property=\"article:modified_time\" content=\"2024-04-19T14:00:02+00:00\" \/>\n<meta property=\"og:image\" content=\"https:\/\/nspshop.net\/wp-content\/uploads\/2023\/06\/cropped-Logo-NSP.png\" \/>\n\t<meta property=\"og:image:width\" content=\"512\" \/>\n\t<meta property=\"og:image:height\" content=\"512\" \/>\n\t<meta property=\"og:image:type\" content=\"image\/png\" \/>\n<meta name=\"twitter:card\" content=\"summary_large_image\" \/>\n<meta name=\"twitter:label1\" content=\"Tahmini okuma s\u00fcresi\" \/>\n\t<meta name=\"twitter:data1\" content=\"1 dakika\" \/>\n<script type=\"application\/ld+json\" class=\"yoast-schema-graph\">{\"@context\":\"https:\/\/schema.org\",\"@graph\":[{\"@type\":\"WebPage\",\"@id\":\"https:\/\/nspshop.net\/tr\/kisiler\/\",\"url\":\"https:\/\/nspshop.net\/tr\/kisiler\/\",\"name\":\"Ki\u015filer | Dietary Supplements\",\"isPartOf\":{\"@id\":\"https:\/\/nspshop.net\/#website\"},\"datePublished\":\"2023-06-01T11:04:23+00:00\",\"dateModified\":\"2024-04-19T14:00:02+00:00\",\"description\":\"T\u00fcm sorular\u0131n\u0131z\u0131 yan\u0131tlamaya her zaman haz\u0131r\u0131z. Bizimle ileti\u015fime ge\u00e7mek i\u00e7in geri bildirim formunu kullanabilir veya WhatsApp \u00fczerinden bizimle ileti\u015fime ge\u00e7ebilirsiniz\",\"breadcrumb\":{\"@id\":\"https:\/\/nspshop.net\/tr\/kisiler\/#breadcrumb\"},\"inLanguage\":\"tr\",\"potentialAction\":[{\"@type\":\"ReadAction\",\"target\":[\"https:\/\/nspshop.net\/tr\/kisiler\/\"]}]},{\"@type\":\"BreadcrumbList\",\"@id\":\"https:\/\/nspshop.net\/tr\/kisiler\/#breadcrumb\",\"itemListElement\":[{\"@type\":\"ListItem\",\"position\":1,\"name\":\"\u0413\u043b\u0430\u0432\u043d\u0430\u044f \u0441\u0442\u0440\u0430\u043d\u0438\u0446\u0430\",\"item\":\"https:\/\/nspshop.net\/\"},{\"@type\":\"ListItem\",\"position\":2,\"name\":\"Ki\u015filer\"}]},{\"@type\":\"WebSite\",\"@id\":\"https:\/\/nspshop.net\/#website\",\"url\":\"https:\/\/nspshop.net\/\",\"name\":\"Dietary Supplements\",\"description\":\"BuyNSP\",\"publisher\":{\"@id\":\"https:\/\/nspshop.net\/#organization\"},\"potentialAction\":[{\"@type\":\"SearchAction\",\"target\":{\"@type\":\"EntryPoint\",\"urlTemplate\":\"https:\/\/nspshop.net\/?s={search_term_string}\"},\"query-input\":\"required name=search_term_string\"}],\"inLanguage\":\"tr\"},{\"@type\":\"Organization\",\"@id\":\"https:\/\/nspshop.net\/#organization\",\"name\":\"Dietary Supplements\",\"alternateName\":\"BuyNSP\",\"url\":\"https:\/\/nspshop.net\/\",\"logo\":{\"@type\":\"ImageObject\",\"inLanguage\":\"tr\",\"@id\":\"https:\/\/nspshop.net\/#\/schema\/logo\/image\/\",\"url\":\"https:\/\/nspshop.net\/wp-content\/uploads\/2023\/06\/cropped-Logo-NSP.png\",\"contentUrl\":\"https:\/\/nspshop.net\/wp-content\/uploads\/2023\/06\/cropped-Logo-NSP.png\",\"width\":512,\"height\":512,\"caption\":\"Dietary Supplements\"},\"image\":{\"@id\":\"https:\/\/nspshop.net\/#\/schema\/logo\/image\/\"}}]}<\/script>\n<!-- \/ Yoast SEO plugin. -->","yoast_head_json":{"title":"Ki\u015filer | Dietary Supplements","description":"T\u00fcm sorular\u0131n\u0131z\u0131 yan\u0131tlamaya her zaman haz\u0131r\u0131z. Bizimle ileti\u015fime ge\u00e7mek i\u00e7in geri bildirim formunu kullanabilir veya WhatsApp \u00fczerinden bizimle ileti\u015fime ge\u00e7ebilirsiniz","robots":{"index":"index","follow":"follow","max-snippet":"max-snippet:-1","max-image-preview":"max-image-preview:large","max-video-preview":"max-video-preview:-1"},"canonical":"https:\/\/nspshop.net\/tr\/kisiler\/","og_locale":"tr_TR","og_type":"article","og_title":"Ki\u015filer | Dietary Supplements","og_description":"T\u00fcm sorular\u0131n\u0131z\u0131 yan\u0131tlamaya her zaman haz\u0131r\u0131z. Bizimle ileti\u015fime ge\u00e7mek i\u00e7in geri bildirim formunu kullanabilir veya WhatsApp \u00fczerinden bizimle ileti\u015fime ge\u00e7ebilirsiniz","og_url":"https:\/\/nspshop.net\/tr\/kisiler\/","og_site_name":"Dietary Supplements","article_modified_time":"2024-04-19T14:00:02+00:00","og_image":[{"width":512,"height":512,"url":"https:\/\/nspshop.net\/wp-content\/uploads\/2023\/06\/cropped-Logo-NSP.png","type":"image\/png"}],"twitter_card":"summary_large_image","twitter_misc":{"Tahmini okuma s\u00fcresi":"1 dakika"},"schema":{"@context":"https:\/\/schema.org","@graph":[{"@type":"WebPage","@id":"https:\/\/nspshop.net\/tr\/kisiler\/","url":"https:\/\/nspshop.net\/tr\/kisiler\/","name":"Ki\u015filer | Dietary Supplements","isPartOf":{"@id":"https:\/\/nspshop.net\/#website"},"datePublished":"2023-06-01T11:04:23+00:00","dateModified":"2024-04-19T14:00:02+00:00","description":"T\u00fcm sorular\u0131n\u0131z\u0131 yan\u0131tlamaya her zaman haz\u0131r\u0131z. Bizimle ileti\u015fime ge\u00e7mek i\u00e7in geri bildirim formunu kullanabilir veya WhatsApp \u00fczerinden bizimle ileti\u015fime ge\u00e7ebilirsiniz","breadcrumb":{"@id":"https:\/\/nspshop.net\/tr\/kisiler\/#breadcrumb"},"inLanguage":"tr","potentialAction":[{"@type":"ReadAction","target":["https:\/\/nspshop.net\/tr\/kisiler\/"]}]},{"@type":"BreadcrumbList","@id":"https:\/\/nspshop.net\/tr\/kisiler\/#breadcrumb","itemListElement":[{"@type":"ListItem","position":1,"name":"\u0413\u043b\u0430\u0432\u043d\u0430\u044f \u0441\u0442\u0440\u0430\u043d\u0438\u0446\u0430","item":"https:\/\/nspshop.net\/"},{"@type":"ListItem","position":2,"name":"Ki\u015filer"}]},{"@type":"WebSite","@id":"https:\/\/nspshop.net\/#website","url":"https:\/\/nspshop.net\/","name":"Dietary Supplements","description":"BuyNSP","publisher":{"@id":"https:\/\/nspshop.net\/#organization"},"potentialAction":[{"@type":"SearchAction","target":{"@type":"EntryPoint","urlTemplate":"https:\/\/nspshop.net\/?s={search_term_string}"},"query-input":"required name=search_term_string"}],"inLanguage":"tr"},{"@type":"Organization","@id":"https:\/\/nspshop.net\/#organization","name":"Dietary Supplements","alternateName":"BuyNSP","url":"https:\/\/nspshop.net\/","logo":{"@type":"ImageObject","inLanguage":"tr","@id":"https:\/\/nspshop.net\/#\/schema\/logo\/image\/","url":"https:\/\/nspshop.net\/wp-content\/uploads\/2023\/06\/cropped-Logo-NSP.png","contentUrl":"https:\/\/nspshop.net\/wp-content\/uploads\/2023\/06\/cropped-Logo-NSP.png","width":512,"height":512,"caption":"Dietary Supplements"},"image":{"@id":"https:\/\/nspshop.net\/#\/schema\/logo\/image\/"}}]}},"_links":{"self":[{"href":"https:\/\/nspshop.net\/tr\/wp-json\/wp\/v2\/pages\/8217","targetHints":{"allow":["GET"]}}],"collection":[{"href":"https:\/\/nspshop.net\/tr\/wp-json\/wp\/v2\/pages"}],"about":[{"href":"https:\/\/nspshop.net\/tr\/wp-json\/wp\/v2\/types\/page"}],"author":[{"embeddable":true,"href":"https:\/\/nspshop.net\/tr\/wp-json\/wp\/v2\/users\/1"}],"replies":[{"embeddable":true,"href":"https:\/\/nspshop.net\/tr\/wp-json\/wp\/v2\/comments?post=8217"}],"version-history":[{"count":0,"href":"https:\/\/nspshop.net\/tr\/wp-json\/wp\/v2\/pages\/8217\/revisions"}],"wp:attachment":[{"href":"https:\/\/nspshop.net\/tr\/wp-json\/wp\/v2\/media?parent=8217"}],"curies":[{"name":"wp","href":"https:\/\/api.w.org\/{rel}","templated":true}]}}