{"id":8242,"date":"2023-06-02T09:30:10","date_gmt":"2023-06-02T06:30:10","guid":{"rendered":"https:\/\/nspshop.net\/indirim-numarasi-alma\/"},"modified":"2024-03-24T20:36:02","modified_gmt":"2024-03-24T17:36:02","slug":"indirim-numarasi-alma","status":"publish","type":"page","link":"https:\/\/nspshop.net\/tr\/indirim-numarasi-alma\/","title":{"rendered":"\u0130ndirim numaras\u0131 alma"},"content":{"rendered":"<div class=\"wpb-content-wrapper\"><p>[vc_row][vc_column]\n\t\t<div id=\"wd-648462f951291\" class=\"title-wrapper wd-wpb set-mb-s reset-last-child  wd-rs-648462f951291 wd-title-color-default wd-title-style-default text-left  wd-underline-colored\">\n\t\t\t\n\t\t\t<div class=\"liner-continer\">\n\t\t\t\t<h2 class=\"woodmart-title-container title  wd-font-weight- wd-fontsize-l\" >ALACA\u011eINIZ FAYDALAR<\/h2>\n\t\t\t\t\t\t\t<\/div>\n\t\t\t\n\t\t\t\n\t\t\t\n\t\t<\/div>\n\t\t\n\t\t[vc_row_inner][vc_column_inner width=&#8221;1\/3&#8243;]\t\t\t<div class=\"info-box-wrapper\">\n\t\t\t\t<div id=\"wd-6484630a9035f\" class=\" wd-rs-6484630a9035f wd-info-box wd-wpb text-left box-icon-align-top box-style- color-scheme- wd-bg-none vc_custom_1686397869898\"  >\n\t\t\t\t\t\t\t\t\t\t<div class=\"info-box-content\">\n\t\t\t\t\t\t<h2 class=\"info-box-title title wd-font-weight- box-title-style-default wd-fontsize-m\">Her sat\u0131n al\u0131mda %40 tasarruf edin<\/h2>\t\t\t\t\t\t<div class=\"info-box-inner set-cont-mb-s reset-last-child\">\n\t\t\t\t\t\t\t<p>Perakende marjlar\u0131 olmadan NSP \u0130\u015f Orta\u011f\u0131 fiyatlar\u0131ndan (bu m\u00fcmk\u00fcn olan en d\u00fc\u015f\u00fck fiyatt\u0131r) sat\u0131n al\u0131n.<\/p>\n<p>Her \u00fcr\u00fcn sipari\u015f etti\u011finizde NSP indirim numaras\u0131n\u0131 kullan\u0131n.<\/p>\n\t\t\t\t\t\t<\/div>\n\n\t\t\t\t\t\t\t\t\t\t\t<\/div>\n\n\t\t\t\t\t\t\t\t\t<\/div>\n\t\t\t<\/div>\n\t\t[\/vc_column_inner][vc_column_inner width=&#8221;1\/3&#8243;]\t\t\t<div class=\"info-box-wrapper\">\n\t\t\t\t<div id=\"wd-6484632c0b9e2\" class=\" wd-rs-6484632c0b9e2 wd-info-box wd-wpb text-left box-icon-align-top box-style- color-scheme- wd-bg-none vc_custom_1686397900459\"  >\n\t\t\t\t\t\t\t\t\t\t<div class=\"info-box-content\">\n\t\t\t\t\t\t<h2 class=\"info-box-title title wd-font-weight- box-title-style-default wd-fontsize-m\">K\u00fcm\u00fclatif program<\/h2>\t\t\t\t\t\t<div class=\"info-box-inner set-cont-mb-s reset-last-child\">\n\t\t\t\t\t\t\t<p>Herhangi bir sat\u0131n alma i\u015fleminde, puanlar NSP indirim numaran\u0131za yat\u0131r\u0131l\u0131r.<\/p>\n<p>Birikmi\u015f puan miktar\u0131n\u0131n %5 ila %30&#8217;u aras\u0131nda geri \u00f6deme. Veya biriken puanlar i\u00e7in NSP \u00fcr\u00fcnleri sat\u0131n al\u0131n.<\/p>\n\t\t\t\t\t\t<\/div>\n\n\t\t\t\t\t\t\t\t\t\t\t<\/div>\n\n\t\t\t\t\t\t\t\t\t<\/div>\n\t\t\t<\/div>\n\t\t[\/vc_column_inner][vc_column_inner width=&#8221;1\/3&#8243;]\t\t\t<div class=\"info-box-wrapper\">\n\t\t\t\t<div id=\"wd-6484634a2c1b9\" class=\" wd-rs-6484634a2c1b9 wd-info-box wd-wpb text-left box-icon-align-top box-style- color-scheme- wd-bg-none vc_custom_1686397935398\"  >\n\t\t\t\t\t\t\t\t\t\t<div class=\"info-box-content\">\n\t\t\t\t\t\t<h2 class=\"info-box-title title wd-font-weight- box-title-style-default wd-fontsize-m\">Kendi i\u015finizi a\u00e7ma f\u0131rsat\u0131<\/h2>\t\t\t\t\t\t<div class=\"info-box-inner set-cont-mb-s reset-last-child\">\n\t\t\t\t\t\t\t<p>\u0130\u015fletmenizin organizat\u00f6r\u00fc olma, bir destek sistemine ve geli\u015fim \u00f6nerilerine sahip olma f\u0131rsat\u0131.<\/p>\n<p>Sizin tavsiyeniz veya i\u015f ortaklar\u0131n\u0131z\u0131n tavsiyesi \u00fczerine NSP \u00fcr\u00fcnlerini kullanan di\u011fer m\u00fc\u015fterilerden gelir elde edin.<\/p>\n\t\t\t\t\t\t<\/div>\n\n\t\t\t\t\t\t\t\t\t\t\t<\/div>\n\n\t\t\t\t\t\t\t\t\t<\/div>\n\t\t\t<\/div>\n\t\t[\/vc_column_inner][\/vc_row_inner][\/vc_column][\/vc_row][vc_row css=&#8221;.vc_custom_1685934338702{margin-top: 40px !important;}&#8221; woodmart_css_id=&#8221;647d507b1ee68&#8243; responsive_spacing=&#8221;eyJwYXJhbV90eXBlIjoid29vZG1hcnRfcmVzcG9uc2l2ZV9zcGFjaW5nIiwic2VsZWN0b3JfaWQiOiI2NDdkNTA3YjFlZTY4Iiwic2hvcnRjb2RlIjoidmNfcm93IiwiZGF0YSI6eyJ0YWJsZXQiOnt9LCJtb2JpbGUiOnsibWFyZ2luLXRvcCI6IjI1cHgifX19&#8243; mobile_bg_img_hidden=&#8221;no&#8221; tablet_bg_img_hidden=&#8221;no&#8221; woodmart_parallax=&#8221;0&#8243; woodmart_gradient_switch=&#8221;no&#8221; woodmart_box_shadow=&#8221;no&#8221; wd_z_index=&#8221;no&#8221; woodmart_disable_overflow=&#8221;0&#8243; row_reverse_mobile=&#8221;0&#8243; row_reverse_tablet=&#8221;0&#8243;][vc_column]\n\t\t<div id=\"wd-6484636e0deea\" class=\"title-wrapper wd-wpb set-mb-s reset-last-child  wd-rs-6484636e0deea wd-title-color-default wd-title-style-default text-left  wd-underline-colored\">\n\t\t\t\n\t\t\t<div class=\"liner-continer\">\n\t\t\t\t<h2 class=\"woodmart-title-container title  wd-font-weight- wd-fontsize-l\" >\u0130NDIRIM NSP NUMARASI NASIL ALINIR<\/h2>\n\t\t\t\t\t\t\t<\/div>\n\t\t\t\n\t\t\t\n\t\t\t\n\t\t<\/div>\n\t\t\n\t\t\t\t<div id=\"wd-6484638173e1f\" class=\"wd-text-block wd-wpb reset-last-child wd-rs-6484638173e1f text-left wd-fontsize-s \">\n\t\t\t<blockquote>\n<p><strong>H\u0131zl\u0131 bir kay\u0131ttan sonra, NSP \u015eirketi taraf\u0131ndan size yedi haneli ki\u015fisel bir numara atanacakt\u0131r (indirim biriktirici numara kay\u0131t s\u0131ras\u0131nda belirtti\u011finiz e-posta adresinize g\u00f6nderilecektir).<\/strong><\/p>\n<\/blockquote>\n<p>&nbsp;<\/p>\n\t\t<\/div>\n\t\t[\/vc_column][\/vc_row][vc_row][vc_column]\n\t\t<div id=\"wd-64846398704d7\" class=\"title-wrapper wd-wpb set-mb-s reset-last-child  wd-rs-64846398704d7 wd-title-color-default wd-title-style-default text-center  wd-underline-colored\">\n\t\t\t\n\t\t\t<div class=\"liner-continer\">\n\t\t\t\t<p class=\"woodmart-title-container title  wd-font-weight- wd-fontsize-l\" >Bir indirim numaras\u0131 kaydetme talimatlar\u0131 NSP<\/p>\n\t\t\t\t\t\t\t<\/div>\n\t\t\t\n\t\t\t\n\t\t\t\n\t\t<\/div>\n\t\t\n\t\t[vc_row_inner][vc_column_inner width=&#8221;1\/3&#8243;]\t\t\t<div class=\"info-box-wrapper\">\n\t\t\t\t<div id=\"wd-648463b92806c\" class=\" wd-rs-648463b92806c wd-info-box wd-wpb text-left box-icon-align-top box-style- color-scheme- wd-bg-none vc_custom_1686398033554\"  >\n\t\t\t\t\t\t\t\t\t\t\t<div class=\"box-icon-wrapper  box-with-text text-size-default box-icon-simple\">\n\t\t\t\t\t\t\t<div class=\"info-box-icon\">\n\n\t\t\t\t\t\t\t\t\t\t\t\t\t\t\t01\t\t\t\t\t\t\t\n\t\t\t\t\t\t\t<\/div>\n\t\t\t\t\t\t<\/div>\n\t\t\t\t\t\t\t\t\t\t<div class=\"info-box-content\">\n\t\t\t\t\t\t\t\t\t\t\t\t<div class=\"info-box-inner set-cont-mb-s reset-last-child\">\n\t\t\t\t\t\t\t<p>\u0130ndirim numaras\u0131 almak i\u00e7in NSP \u015firketinin resmi web sitesi <a href=\"https:\/\/nsp25.com%20\/\" target=\"_blank\" rel=\"noopener noreferrer\">olan nsp25.com&#8217;ye <\/a> gidin.<\/p>\n\t\t\t\t\t\t<\/div>\n\n\t\t\t\t\t\t\t\t\t\t\t<\/div>\n\n\t\t\t\t\t\t\t\t\t<\/div>\n\t\t\t<\/div>\n\t\t[\/vc_column_inner][vc_column_inner width=&#8221;1\/3&#8243;]\t\t\t<div class=\"info-box-wrapper\">\n\t\t\t\t<div id=\"wd-648463cf1e6c8\" class=\" wd-rs-648463cf1e6c8 wd-info-box wd-wpb text-left box-icon-align-top box-style- color-scheme- wd-bg-none vc_custom_1686398060019\"  >\n\t\t\t\t\t\t\t\t\t\t\t<div class=\"box-icon-wrapper  box-with-text text-size-default box-icon-simple\">\n\t\t\t\t\t\t\t<div class=\"info-box-icon\">\n\n\t\t\t\t\t\t\t\t\t\t\t\t\t\t\t02\t\t\t\t\t\t\t\n\t\t\t\t\t\t\t<\/div>\n\t\t\t\t\t\t<\/div>\n\t\t\t\t\t\t\t\t\t\t<div class=\"info-box-content\">\n\t\t\t\t\t\t\t\t\t\t\t\t<div class=\"info-box-inner set-cont-mb-s reset-last-child\">\n\t\t\t\t\t\t\t<p>Yeni ortaklar i\u00e7in Kay\u0131t&#8217;a t\u0131klay\u0131n.<img loading=\"lazy\" decoding=\"async\" class=\"alignnone size-full wp-image-7342\" src=\"https:\/\/nspshop.net\/wp-content\/uploads\/2023\/06\/r1.png\" alt=\"\" width=\"300\" height=\"81\" srcset=\"https:\/\/nspshop.net\/wp-content\/uploads\/2023\/06\/r1.png 300w, https:\/\/nspshop.net\/wp-content\/uploads\/2023\/06\/r1-150x41.png 150w\" sizes=\"auto, (max-width: 300px) 100vw, 300px\" \/><\/p>\n\t\t\t\t\t\t<\/div>\n\n\t\t\t\t\t\t\t\t\t\t\t<\/div>\n\n\t\t\t\t\t\t\t\t\t<\/div>\n\t\t\t<\/div>\n\t\t[\/vc_column_inner][vc_column_inner width=&#8221;1\/3&#8243;]\t\t\t<div class=\"info-box-wrapper\">\n\t\t\t\t<div id=\"wd-648463fd8c4eb\" class=\" wd-rs-648463fd8c4eb wd-info-box wd-wpb text-left box-icon-align-top box-style- color-scheme- wd-bg-none vc_custom_1686398101164\"  >\n\t\t\t\t\t\t\t\t\t\t\t<div class=\"box-icon-wrapper  box-with-text text-size-default box-icon-simple\">\n\t\t\t\t\t\t\t<div class=\"info-box-icon\">\n\n\t\t\t\t\t\t\t\t\t\t\t\t\t\t\t03\t\t\t\t\t\t\t\n\t\t\t\t\t\t\t<\/div>\n\t\t\t\t\t\t<\/div>\n\t\t\t\t\t\t\t\t\t\t<div class=\"info-box-content\">\n\t\t\t\t\t\t\t\t\t\t\t\t<div class=\"info-box-inner set-cont-mb-s reset-last-child\">\n\t\t\t\t\t\t\t<p>Sponsor Kimli\u011fi# ve Sponsor \u00dclkesi sat\u0131rlar\u0131nda, sponsor numaras\u0131n\u0131 (ID) ve \u00fclke sponsor kayd\u0131n\u0131 belirtin.<img loading=\"lazy\" decoding=\"async\" class=\"alignnone size-full wp-image-7344\" src=\"https:\/\/nspshop.net\/wp-content\/uploads\/2023\/06\/r2-300x124-1.png\" alt=\"\" width=\"300\" height=\"124\" srcset=\"https:\/\/nspshop.net\/wp-content\/uploads\/2023\/06\/r2-300x124-1.png 300w, https:\/\/nspshop.net\/wp-content\/uploads\/2023\/06\/r2-300x124-1-150x62.png 150w\" sizes=\"auto, (max-width: 300px) 100vw, 300px\" \/><\/p>\n\t\t\t\t\t\t<\/div>\n\n\t\t\t\t\t\t\t\t\t\t\t<\/div>\n\n\t\t\t\t\t\t\t\t\t<\/div>\n\t\t\t<\/div>\n\t\t[\/vc_column_inner][\/vc_row_inner][vc_row_inner][vc_column_inner width=&#8221;1\/2&#8243;]\t\t\t<div class=\"info-box-wrapper\">\n\t\t\t\t<div id=\"wd-64846415b358d\" class=\" wd-rs-64846415b358d wd-info-box wd-wpb text-left box-icon-align-top box-style- color-scheme- wd-bg-none vc_custom_1686398127702\"  >\n\t\t\t\t\t\t\t\t\t\t\t<div class=\"box-icon-wrapper  box-with-text text-size-default box-icon-simple\">\n\t\t\t\t\t\t\t<div class=\"info-box-icon\">\n\n\t\t\t\t\t\t\t\t\t\t\t\t\t\t\t04\t\t\t\t\t\t\t\n\t\t\t\t\t\t\t<\/div>\n\t\t\t\t\t\t<\/div>\n\t\t\t\t\t\t\t\t\t\t<div class=\"info-box-content\">\n\t\t\t\t\t\t\t\t\t\t\t\t<div class=\"info-box-inner set-cont-mb-s reset-last-child\">\n\t\t\t\t\t\t\t<p>&#8220;Devam et&#8221; i t\u0131klay\u0131n ve formu doldurun.<\/p>\n<blockquote>\n<p><strong>Dikkat! Resmi kayna\u011f\u0131m\u0131zda para iadesi almak veya biriken puanlar i\u00e7in NSP \u00fcr\u00fcnlerini sat\u0131n almak i\u00e7in &#8220;Servis Merkezi Numaras\u0131&#8221; (T\u00fcrkiye&#8217;de Teslimat Hizmeti) sat\u0131r\u0131nda &#8220;350&#8221; belirtilmesi gerekmektedir.<\/strong><\/p>\n<p><img loading=\"lazy\" decoding=\"async\" class=\"alignnone size-full wp-image-7346\" src=\"https:\/\/nspshop.net\/wp-content\/uploads\/2023\/06\/r3.png\" alt=\"\" width=\"300\" height=\"241\" srcset=\"https:\/\/nspshop.net\/wp-content\/uploads\/2023\/06\/r3.png 300w, https:\/\/nspshop.net\/wp-content\/uploads\/2023\/06\/r3-150x121.png 150w\" sizes=\"auto, (max-width: 300px) 100vw, 300px\" \/><\/p>\n<\/blockquote>\n<p>&nbsp;<\/p>\n\t\t\t\t\t\t<\/div>\n\n\t\t\t\t\t\t\t\t\t\t\t<\/div>\n\n\t\t\t\t\t\t\t\t\t<\/div>\n\t\t\t<\/div>\n\t\t[\/vc_column_inner][vc_column_inner width=&#8221;1\/2&#8243;]\t\t\t<div class=\"info-box-wrapper\">\n\t\t\t\t<div id=\"wd-6484642da1431\" class=\" wd-rs-6484642da1431 wd-info-box wd-wpb text-left box-icon-align-top box-style- color-scheme- wd-bg-none vc_custom_1686398147501\"  >\n\t\t\t\t\t\t\t\t\t\t\t<div class=\"box-icon-wrapper  box-with-text text-size-default box-icon-simple\">\n\t\t\t\t\t\t\t<div class=\"info-box-icon\">\n\n\t\t\t\t\t\t\t\t\t\t\t\t\t\t\t05\t\t\t\t\t\t\t\n\t\t\t\t\t\t\t<\/div>\n\t\t\t\t\t\t<\/div>\n\t\t\t\t\t\t\t\t\t\t<div class=\"info-box-content\">\n\t\t\t\t\t\t\t\t\t\t\t\t<div class=\"info-box-inner set-cont-mb-s reset-last-child\">\n\t\t\t\t\t\t\t<p>Anketi doldurduktan sonra &#8220;devam et&#8221;e t\u0131klay\u0131n ve kay\u0131t s\u0131ras\u0131nda belirtilen E-postaya indirimli NSP numaras\u0131 (kimli\u011finiz) i\u00e7eren bir e-posta g\u00f6nderilecektir. \u0130ndirimli \u00fcr\u00fcn sat\u0131n almak i\u00e7in ma\u011fazada natr.com.tr bu numaran\u0131n kullan\u0131lmas\u0131 gerekir.<\/p>\n\t\t\t\t\t\t<\/div>\n\n\t\t\t\t\t\t\t\t\t\t\t<\/div>\n\n\t\t\t\t\t\t\t\t\t<\/div>\n\t\t\t<\/div>\n\t\t[\/vc_column_inner][\/vc_row_inner]<div id=\"wd-6484644161e70\" class=\" wd-rs-6484644161e70  wd-button-wrapper text-center\"><a href=\"https:\/\/nsp25.com\/signup\" title=\"\" target=\"_blank\" class=\"btn btn-color-primary btn-style-link btn-style-rectangle btn-size-extra-large\">\u0130NDIRIMLI NSP NUMARASI ALIN<\/a><\/div>[\/vc_column][\/vc_row][vc_row css=&#8221;.vc_custom_1685935420775{margin-top: 40px !important;}&#8221; woodmart_css_id=&#8221;647d54b85fa78&#8243; responsive_spacing=&#8221;eyJwYXJhbV90eXBlIjoid29vZG1hcnRfcmVzcG9uc2l2ZV9zcGFjaW5nIiwic2VsZWN0b3JfaWQiOiI2NDdkNTRiODVmYTc4Iiwic2hvcnRjb2RlIjoidmNfcm93IiwiZGF0YSI6eyJ0YWJsZXQiOnt9LCJtb2JpbGUiOnt9fX0=&#8221; mobile_bg_img_hidden=&#8221;no&#8221; tablet_bg_img_hidden=&#8221;no&#8221; woodmart_parallax=&#8221;0&#8243; woodmart_gradient_switch=&#8221;no&#8221; woodmart_box_shadow=&#8221;no&#8221; wd_z_index=&#8221;no&#8221; woodmart_disable_overflow=&#8221;0&#8243; row_reverse_mobile=&#8221;0&#8243; row_reverse_tablet=&#8221;0&#8243;][vc_column]\n\t\t<div id=\"wd-648464526322a\" class=\"title-wrapper wd-wpb set-mb-s reset-last-child  wd-rs-648464526322a wd-title-color-default wd-title-style-default text-left  wd-underline-colored\">\n\t\t\t\n\t\t\t<div class=\"liner-continer\">\n\t\t\t\t<h2 class=\"woodmart-title-container title  wd-font-weight- wd-fontsize-l\" >\u0130NDIRIMLI NSP NUMARASI ALDIKTAN SONRA MALLAR NEREDEN ALINIR?<\/h2>\n\t\t\t\t\t\t\t<\/div>\n\t\t\t\n\t\t\t\n\t\t\t\n\t\t<\/div>\n\t\t\n\t\t\t\t<div id=\"wd-648464615161f\" class=\"wd-text-block wd-wpb reset-last-child wd-rs-648464615161f text-left wd-fontsize-s \">\n\t\t\t<p>NSP Firmas\u0131n\u0131n T\u00fcrkiye&#8217;de (<a href=\"http:\/\/natr.com.tr%20\/\" target=\"_blank\" rel=\"noopener noreferrer\">natr.com.tr <\/a>), Ukrayna&#8217;da (<a href=\"http:\/\/nsp.com.ua%20\/\" target=\"_blank\" rel=\"noopener noreferrer\">nsp.com.ua <\/a>) ve Rusya&#8217;da (<a href=\"http:\/\/nsp.com.ru%20\/\" target=\"_blank\" rel=\"noopener noreferrer\">nsp.com.ru <\/a>) herhangi bir noktaya teslimat ile teslimat hizmetinde . Web sitesi \u00fczerinden veya telefonla sipari\u015f verin.<\/p>\n\t\t<\/div>\n\t\t[\/vc_column][\/vc_row]<\/p>\n<\/div>","protected":false},"excerpt":{"rendered":"<p>[vc_row][vc_column][vc_row_inner][vc_column_inner width=&#8221;1\/3&#8243;][\/vc_column_inner][vc_column_inner width=&#8221;1\/3&#8243;][\/vc_column_inner][vc_column_inner width=&#8221;1\/3&#8243;][\/vc_column_inner][\/vc_row_inner][\/vc_column][\/vc_row][vc_row css=&#8221;.vc_custom_1685934338702{margin-top: 40px !important;}&#8221; woodmart_css_id=&#8221;647d507b1ee68&#8243; responsive_spacing=&#8221;eyJwYXJhbV90eXBlIjoid29vZG1hcnRfcmVzcG9uc2l2ZV9zcGFjaW5nIiwic2VsZWN0b3JfaWQiOiI2NDdkNTA3YjFlZTY4Iiwic2hvcnRjb2RlIjoidmNfcm93IiwiZGF0YSI6eyJ0YWJsZXQiOnt9LCJtb2JpbGUiOnsibWFyZ2luLXRvcCI6IjI1cHgifX19&#8243; mobile_bg_img_hidden=&#8221;no&#8221; tablet_bg_img_hidden=&#8221;no&#8221; woodmart_parallax=&#8221;0&#8243; woodmart_gradient_switch=&#8221;no&#8221; woodmart_box_shadow=&#8221;no&#8221; wd_z_index=&#8221;no&#8221; woodmart_disable_overflow=&#8221;0&#8243; row_reverse_mobile=&#8221;0&#8243; row_reverse_tablet=&#8221;0&#8243;][vc_column][\/vc_column][\/vc_row][vc_row][vc_column][vc_row_inner][vc_column_inner width=&#8221;1\/3&#8243;][\/vc_column_inner][vc_column_inner width=&#8221;1\/3&#8243;][\/vc_column_inner][vc_column_inner<\/p>\n","protected":false},"author":1,"featured_media":0,"parent":0,"menu_order":0,"comment_status":"closed","ping_status":"closed","template":"","meta":{"_acf_changed":false,"footnotes":""},"class_list":["post-8242","page","type-page","status-publish","hentry"],"acf":[],"yoast_head":"<!-- This site is optimized with the Yoast SEO plugin v22.3 - https:\/\/yoast.com\/wordpress\/plugins\/seo\/ -->\n<title>\u0130ndirim numaras\u0131 alma | Dietary Supplements<\/title>\n<meta name=\"description\" content=\"NSP ba\u011fl\u0131 kurulu\u015f fiyatlar\u0131nda (bu en d\u00fc\u015f\u00fck fiyatt\u0131r) sat\u0131n ald\u0131\u011f\u0131n\u0131z her sat\u0131n alma i\u015fleminde perakende fiyat art\u0131\u015f\u0131 olmadan tasarruf edin. Her sipari\u015fte bir NSP indirim numaras\u0131 kullan\u0131n.\" \/>\n<meta name=\"robots\" content=\"index, follow, max-snippet:-1, max-image-preview:large, max-video-preview:-1\" \/>\n<link rel=\"canonical\" href=\"https:\/\/nspshop.net\/getting-a-discount-number\/\" \/>\n<meta property=\"og:locale\" content=\"tr_TR\" \/>\n<meta property=\"og:type\" content=\"article\" \/>\n<meta property=\"og:title\" content=\"\u0130ndirim numaras\u0131 alma | Dietary Supplements\" \/>\n<meta property=\"og:description\" content=\"NSP ba\u011fl\u0131 kurulu\u015f fiyatlar\u0131nda (bu en d\u00fc\u015f\u00fck fiyatt\u0131r) sat\u0131n ald\u0131\u011f\u0131n\u0131z her sat\u0131n alma i\u015fleminde perakende fiyat art\u0131\u015f\u0131 olmadan tasarruf edin. Her sipari\u015fte bir NSP indirim numaras\u0131 kullan\u0131n.\" \/>\n<meta property=\"og:url\" content=\"https:\/\/nspshop.net\/getting-a-discount-number\/\" \/>\n<meta property=\"og:site_name\" content=\"Dietary Supplements\" \/>\n<meta property=\"article:modified_time\" content=\"2024-03-24T17:36:02+00:00\" \/>\n<meta property=\"og:image\" content=\"https:\/\/nspshop.net\/wp-content\/uploads\/2023\/06\/r1.png\" \/>\n<meta name=\"twitter:card\" content=\"summary_large_image\" \/>\n<meta name=\"twitter:label1\" content=\"Tahmini okuma s\u00fcresi\" \/>\n\t<meta name=\"twitter:data1\" content=\"11 dakika\" \/>\n<script type=\"application\/ld+json\" class=\"yoast-schema-graph\">{\"@context\":\"https:\/\/schema.org\",\"@graph\":[{\"@type\":\"WebPage\",\"@id\":\"https:\/\/nspshop.net\/getting-a-discount-number\/\",\"url\":\"https:\/\/nspshop.net\/getting-a-discount-number\/\",\"name\":\"\u0130ndirim numaras\u0131 alma | Dietary Supplements\",\"isPartOf\":{\"@id\":\"https:\/\/nspshop.net\/#website\"},\"primaryImageOfPage\":{\"@id\":\"https:\/\/nspshop.net\/getting-a-discount-number\/#primaryimage\"},\"image\":{\"@id\":\"https:\/\/nspshop.net\/getting-a-discount-number\/#primaryimage\"},\"thumbnailUrl\":\"https:\/\/nspshop.net\/wp-content\/uploads\/2023\/06\/r1.png\",\"datePublished\":\"2023-06-02T06:30:10+00:00\",\"dateModified\":\"2024-03-24T17:36:02+00:00\",\"description\":\"NSP ba\u011fl\u0131 kurulu\u015f fiyatlar\u0131nda (bu en d\u00fc\u015f\u00fck fiyatt\u0131r) sat\u0131n ald\u0131\u011f\u0131n\u0131z her sat\u0131n alma i\u015fleminde perakende fiyat art\u0131\u015f\u0131 olmadan tasarruf edin. Her sipari\u015fte bir NSP indirim numaras\u0131 kullan\u0131n.\",\"breadcrumb\":{\"@id\":\"https:\/\/nspshop.net\/getting-a-discount-number\/#breadcrumb\"},\"inLanguage\":\"tr\",\"potentialAction\":[{\"@type\":\"ReadAction\",\"target\":[\"https:\/\/nspshop.net\/getting-a-discount-number\/\"]}]},{\"@type\":\"ImageObject\",\"inLanguage\":\"tr\",\"@id\":\"https:\/\/nspshop.net\/getting-a-discount-number\/#primaryimage\",\"url\":\"https:\/\/nspshop.net\/wp-content\/uploads\/2023\/06\/r1.png\",\"contentUrl\":\"https:\/\/nspshop.net\/wp-content\/uploads\/2023\/06\/r1.png\",\"width\":300,\"height\":81},{\"@type\":\"BreadcrumbList\",\"@id\":\"https:\/\/nspshop.net\/getting-a-discount-number\/#breadcrumb\",\"itemListElement\":[{\"@type\":\"ListItem\",\"position\":1,\"name\":\"\u0413\u043b\u0430\u0432\u043d\u0430\u044f \u0441\u0442\u0440\u0430\u043d\u0438\u0446\u0430\",\"item\":\"https:\/\/nspshop.net\/\"},{\"@type\":\"ListItem\",\"position\":2,\"name\":\"\u0130ndirim numaras\u0131 alma\"}]},{\"@type\":\"WebSite\",\"@id\":\"https:\/\/nspshop.net\/#website\",\"url\":\"https:\/\/nspshop.net\/\",\"name\":\"Dietary Supplements\",\"description\":\"BuyNSP\",\"publisher\":{\"@id\":\"https:\/\/nspshop.net\/#organization\"},\"potentialAction\":[{\"@type\":\"SearchAction\",\"target\":{\"@type\":\"EntryPoint\",\"urlTemplate\":\"https:\/\/nspshop.net\/?s={search_term_string}\"},\"query-input\":\"required name=search_term_string\"}],\"inLanguage\":\"tr\"},{\"@type\":\"Organization\",\"@id\":\"https:\/\/nspshop.net\/#organization\",\"name\":\"Dietary Supplements\",\"alternateName\":\"BuyNSP\",\"url\":\"https:\/\/nspshop.net\/\",\"logo\":{\"@type\":\"ImageObject\",\"inLanguage\":\"tr\",\"@id\":\"https:\/\/nspshop.net\/#\/schema\/logo\/image\/\",\"url\":\"https:\/\/nspshop.net\/wp-content\/uploads\/2023\/06\/cropped-Logo-NSP.png\",\"contentUrl\":\"https:\/\/nspshop.net\/wp-content\/uploads\/2023\/06\/cropped-Logo-NSP.png\",\"width\":512,\"height\":512,\"caption\":\"Dietary Supplements\"},\"image\":{\"@id\":\"https:\/\/nspshop.net\/#\/schema\/logo\/image\/\"}}]}<\/script>\n<!-- \/ Yoast SEO plugin. -->","yoast_head_json":{"title":"\u0130ndirim numaras\u0131 alma | Dietary Supplements","description":"NSP ba\u011fl\u0131 kurulu\u015f fiyatlar\u0131nda (bu en d\u00fc\u015f\u00fck fiyatt\u0131r) sat\u0131n ald\u0131\u011f\u0131n\u0131z her sat\u0131n alma i\u015fleminde perakende fiyat art\u0131\u015f\u0131 olmadan tasarruf edin. Her sipari\u015fte bir NSP indirim numaras\u0131 kullan\u0131n.","robots":{"index":"index","follow":"follow","max-snippet":"max-snippet:-1","max-image-preview":"max-image-preview:large","max-video-preview":"max-video-preview:-1"},"canonical":"https:\/\/nspshop.net\/getting-a-discount-number\/","og_locale":"tr_TR","og_type":"article","og_title":"\u0130ndirim numaras\u0131 alma | Dietary Supplements","og_description":"NSP ba\u011fl\u0131 kurulu\u015f fiyatlar\u0131nda (bu en d\u00fc\u015f\u00fck fiyatt\u0131r) sat\u0131n ald\u0131\u011f\u0131n\u0131z her sat\u0131n alma i\u015fleminde perakende fiyat art\u0131\u015f\u0131 olmadan tasarruf edin. Her sipari\u015fte bir NSP indirim numaras\u0131 kullan\u0131n.","og_url":"https:\/\/nspshop.net\/getting-a-discount-number\/","og_site_name":"Dietary Supplements","article_modified_time":"2024-03-24T17:36:02+00:00","og_image":[{"url":"https:\/\/nspshop.net\/wp-content\/uploads\/2023\/06\/r1.png"}],"twitter_card":"summary_large_image","twitter_misc":{"Tahmini okuma s\u00fcresi":"11 dakika"},"schema":{"@context":"https:\/\/schema.org","@graph":[{"@type":"WebPage","@id":"https:\/\/nspshop.net\/getting-a-discount-number\/","url":"https:\/\/nspshop.net\/getting-a-discount-number\/","name":"\u0130ndirim numaras\u0131 alma | Dietary Supplements","isPartOf":{"@id":"https:\/\/nspshop.net\/#website"},"primaryImageOfPage":{"@id":"https:\/\/nspshop.net\/getting-a-discount-number\/#primaryimage"},"image":{"@id":"https:\/\/nspshop.net\/getting-a-discount-number\/#primaryimage"},"thumbnailUrl":"https:\/\/nspshop.net\/wp-content\/uploads\/2023\/06\/r1.png","datePublished":"2023-06-02T06:30:10+00:00","dateModified":"2024-03-24T17:36:02+00:00","description":"NSP ba\u011fl\u0131 kurulu\u015f fiyatlar\u0131nda (bu en d\u00fc\u015f\u00fck fiyatt\u0131r) sat\u0131n ald\u0131\u011f\u0131n\u0131z her sat\u0131n alma i\u015fleminde perakende fiyat art\u0131\u015f\u0131 olmadan tasarruf edin. Her sipari\u015fte bir NSP indirim numaras\u0131 kullan\u0131n.","breadcrumb":{"@id":"https:\/\/nspshop.net\/getting-a-discount-number\/#breadcrumb"},"inLanguage":"tr","potentialAction":[{"@type":"ReadAction","target":["https:\/\/nspshop.net\/getting-a-discount-number\/"]}]},{"@type":"ImageObject","inLanguage":"tr","@id":"https:\/\/nspshop.net\/getting-a-discount-number\/#primaryimage","url":"https:\/\/nspshop.net\/wp-content\/uploads\/2023\/06\/r1.png","contentUrl":"https:\/\/nspshop.net\/wp-content\/uploads\/2023\/06\/r1.png","width":300,"height":81},{"@type":"BreadcrumbList","@id":"https:\/\/nspshop.net\/getting-a-discount-number\/#breadcrumb","itemListElement":[{"@type":"ListItem","position":1,"name":"\u0413\u043b\u0430\u0432\u043d\u0430\u044f \u0441\u0442\u0440\u0430\u043d\u0438\u0446\u0430","item":"https:\/\/nspshop.net\/"},{"@type":"ListItem","position":2,"name":"\u0130ndirim numaras\u0131 alma"}]},{"@type":"WebSite","@id":"https:\/\/nspshop.net\/#website","url":"https:\/\/nspshop.net\/","name":"Dietary Supplements","description":"BuyNSP","publisher":{"@id":"https:\/\/nspshop.net\/#organization"},"potentialAction":[{"@type":"SearchAction","target":{"@type":"EntryPoint","urlTemplate":"https:\/\/nspshop.net\/?s={search_term_string}"},"query-input":"required name=search_term_string"}],"inLanguage":"tr"},{"@type":"Organization","@id":"https:\/\/nspshop.net\/#organization","name":"Dietary Supplements","alternateName":"BuyNSP","url":"https:\/\/nspshop.net\/","logo":{"@type":"ImageObject","inLanguage":"tr","@id":"https:\/\/nspshop.net\/#\/schema\/logo\/image\/","url":"https:\/\/nspshop.net\/wp-content\/uploads\/2023\/06\/cropped-Logo-NSP.png","contentUrl":"https:\/\/nspshop.net\/wp-content\/uploads\/2023\/06\/cropped-Logo-NSP.png","width":512,"height":512,"caption":"Dietary Supplements"},"image":{"@id":"https:\/\/nspshop.net\/#\/schema\/logo\/image\/"}}]}},"_links":{"self":[{"href":"https:\/\/nspshop.net\/tr\/wp-json\/wp\/v2\/pages\/8242","targetHints":{"allow":["GET"]}}],"collection":[{"href":"https:\/\/nspshop.net\/tr\/wp-json\/wp\/v2\/pages"}],"about":[{"href":"https:\/\/nspshop.net\/tr\/wp-json\/wp\/v2\/types\/page"}],"author":[{"embeddable":true,"href":"https:\/\/nspshop.net\/tr\/wp-json\/wp\/v2\/users\/1"}],"replies":[{"embeddable":true,"href":"https:\/\/nspshop.net\/tr\/wp-json\/wp\/v2\/comments?post=8242"}],"version-history":[{"count":0,"href":"https:\/\/nspshop.net\/tr\/wp-json\/wp\/v2\/pages\/8242\/revisions"}],"wp:attachment":[{"href":"https:\/\/nspshop.net\/tr\/wp-json\/wp\/v2\/media?parent=8242"}],"curies":[{"name":"wp","href":"https:\/\/api.w.org\/{rel}","templated":true}]}}