{"id":8249,"date":"2023-06-01T14:04:59","date_gmt":"2023-06-01T11:04:59","guid":{"rendered":"https:\/\/nspshop.net\/teslimat-ve-odeme\/"},"modified":"2024-04-15T17:52:39","modified_gmt":"2024-04-15T14:52:39","slug":"teslimat-ve-odeme","status":"publish","type":"page","link":"https:\/\/nspshop.net\/tr\/teslimat-ve-odeme\/","title":{"rendered":"Teslimat ve \u00f6deme"},"content":{"rendered":"<div class=\"wpb-content-wrapper\"><p>[vc_row][vc_column]\n\t\t<div id=\"wd-6484026360dc2\" class=\"title-wrapper wd-wpb set-mb-s reset-last-child  wd-rs-6484026360dc2 wd-title-color-default wd-title-style-default text-left  wd-underline-colored\">\n\t\t\t\n\t\t\t<div class=\"liner-continer\">\n\t\t\t\t<h2 class=\"woodmart-title-container title  wd-font-weight- wd-fontsize-l\" >Nakliye y\u00f6ntemleri<\/h2>\n\t\t\t\t\t\t\t<\/div>\n\t\t\t\n\t\t\t\n\t\t\t\n\t\t<\/div>\n\t\t\n\t\t\t\t<div id=\"wd-661d3f0a42d10\" class=\"wd-text-block wd-wpb reset-last-child wd-rs-661d3f0a42d10 text-left wd-fontsize-s \">\n\t\t\t<h3>Kurye Ptt veya Yurti\u00e7i Kargo T\u00fcrkiye&#8217;deki adresinize:<\/h3>\n<p>T\u00fcrkiye&#8217;nin her yerine kurye, Ptt veya Yurti\u00e7i Kargo ile kap\u0131ya teslimat.<\/p>\n<ol>\n<li>Teslim s\u00fcresi 1-4 g\u00fcnd\u00fcr.<br \/>\n\u015eartlar, teslimat s\u00fcresi ve teslimat\u0131n kurye ile ger\u00e7ekle\u015ftirildi\u011fi haftan\u0131n g\u00fcnleri hakk\u0131nda daha fazla bilgi i\u00e7in y\u00f6neticilerimize sorun.<\/li>\n<li>Sipari\u015fi g\u00f6nderdikten sonra, teslimat durumunu takip etmek i\u00e7in SMS ile bir beyan numaras\u0131 alacaks\u0131n\u0131z. Kargoyu online <a href=\"https:\/\/natr.com.tr\/track-your-order%20\/\">olarak buradan<\/a> takip edebilirsiniz.<\/li>\n<li>Sipari\u015f bulundu\u011funuz yere ula\u015ft\u0131\u011f\u0131nda kurye adresinize teslim edecektir.<\/li>\n<li>Sipari\u015fin bir k\u0131sm\u0131n\u0131 iptal etmek m\u00fcmk\u00fcn de\u011fildir.<\/li>\n<li>Kurye teslimat maliyeti: Sipari\u015fe ba\u011fl\u0131 olarak 300 lir<\/li>\n<li>\u00d6deme: %100 \u00f6n \u00f6deme (\u00e7evrimi\u00e7i kartla, bireyler ve t\u00fczel ki\u015filer i\u00e7in nakit olmayan)<\/li>\n<\/ol>\n<h3>Di\u011fer \u00fclkelere paket g\u00f6nderme<\/h3>\n<p>buynsp.net merkezi \u00fcr\u00fcnleri di\u011fer \u00fclkelere g\u00f6nderir. SC&#8217;nin telefon numaralar\u0131n\u0131 arayarak veya maile talepte bulunarak daha detayl\u0131 bilgi edinebilirsiniz.<\/p>\n<h3>Genel teslimat \u015fartlar\u0131<\/h3>\n<p>1. <strong>Sipari\u015fin nakliye \u015firketine aktar\u0131ld\u0131\u011f\u0131 andan itibaren, teslimat s\u00fcresi ve y\u00fck\u00fcn g\u00fcvenli\u011fi ile ilgili t\u00fcm sorumlulu\u011fu \u00fcstlenir.<\/strong> Web sitesinde belirtilen tarihler do\u011fru de\u011fildir, ancak yaln\u0131zca ta\u015f\u0131y\u0131c\u0131 taraf\u0131ndan iletilen yakla\u015f\u0131k teslimat s\u00fcresini g\u00f6sterir.<br \/>\n2. Sipari\u015fi ald\u0131ktan sonra, ta\u015f\u0131y\u0131c\u0131n\u0131n bir temsilcisinin huzurunda, sipari\u015fi inceleyin, ambalaj\u0131n b\u00fct\u00fcnl\u00fc\u011f\u00fcnden emin olun. Paketi a\u00e7ma ve i\u00e7eri\u011fini kontrol etme hakk\u0131na sahipsiniz.<br \/>\n<strong>Parselin i\u00e7eri\u011fine ve miktar\u0131na ili\u015fkin talepler yaln\u0131zca ta\u015f\u0131y\u0131c\u0131n\u0131n bir temsilcisinin huzurunda kabul edilir<\/strong>.<\/p>\n<p>3. <strong>Dikkat! Y\u00f6neticiler teslimat s\u00fcresinden sorumlu de\u011fildir ve herhangi bir vaatte bulunamazlar<\/strong>.<\/p>\n\t\t<\/div>\n\t\t[vc_separator border_width=&#8221;2&#8243; wd_hide_on_desktop=&#8221;no&#8221; wd_hide_on_tablet=&#8221;no&#8221; wd_hide_on_mobile=&#8221;no&#8221;][\/vc_column][\/vc_row][vc_row][vc_column]\n\t\t<div id=\"wd-64840298a24e0\" class=\"title-wrapper wd-wpb set-mb-s reset-last-child  wd-rs-64840298a24e0 wd-title-color-default wd-title-style-default text-left  wd-underline-colored\">\n\t\t\t\n\t\t\t<div class=\"liner-continer\">\n\t\t\t\t<h2 class=\"woodmart-title-container title  wd-font-weight- wd-fontsize-l\" >\u00d6deme metodlar\u0131<\/h2>\n\t\t\t\t\t\t\t<\/div>\n\t\t\t\n\t\t\t\n\t\t\t\n\t\t<\/div>\n\t\t\n\t\t\t\t<div id=\"wd-661d3f2158811\" class=\"wd-text-block wd-wpb reset-last-child wd-rs-661d3f2158811 text-left wd-fontsize-s \">\n\t\t\t<h3>Nakitsiz \u00f6deme<\/h3>\n<p>Bireyler ve t\u00fczel ki\u015filer i\u00e7in \u00f6deme hesab\u0131 \u00fczerinden \u00f6deme:<\/p>\n<ul>\n<li>Bankan\u0131z\u0131n ki\u015fisel hesab\u0131 \u00fczerinden internet bankac\u0131l\u0131\u011f\u0131n\u0131 kullanma.<\/li>\n<li>Herhangi bir banka \u015fubesinin kasas\u0131nda.<\/li>\n<li>Herhangi bir \u00f6deme terminali arac\u0131l\u0131\u011f\u0131yla.<\/li>\n<li>\u00d6deme yapmadan \u00f6nce, web sitesi \u00fczerinden veya +905457120970 numaral\u0131 telefondan sipari\u015f vermeniz gerekir.<\/li>\n<\/ul>\n<p>Web sitesinde sipari\u015f verme s\u00fcrecinde, &#8220;nakitsiz \u00f6deme&#8221; \u00f6deme \u015feklini se\u00e7erken, sipari\u015fi onaylarken e-posta ile de alaca\u011f\u0131n\u0131z \u00f6deme ayr\u0131nt\u0131lar\u0131n\u0131 g\u00f6receksiniz.<br \/>\nWeb sitesinde sipari\u015f verdikten sonra sipari\u015f numaras\u0131n\u0131 ve tutar\u0131n\u0131 g\u00f6receksiniz.<br \/>\nTelefonla sipari\u015f verirken, y\u00f6neticimiz size sipari\u015f numaras\u0131n\u0131 ve tutar\u0131n\u0131, \u00f6deme ayr\u0131nt\u0131lar\u0131n\u0131 bildirecektir (veya size bir e-posta g\u00f6nderecektir).<br \/>\n<strong>\u00d6nemli! \u00d6demeyi ancak y\u00f6netici ile sipari\u015fi kabul ettikten sonra yap\u0131n.<\/strong><br \/>\nSipari\u015f \u00f6deme s\u00fcresi 2 i\u015f g\u00fcn\u00fcd\u00fcr.<br \/>\n<strong>\u00d6deme amac\u0131nda, sipari\u015f numaras\u0131n\u0131 girdi\u011finizden emin olun!<\/strong><br \/>\nPara transferi komisyonu al\u0131c\u0131 taraf\u0131ndan \u00f6denir.<br \/>\nMallar, para hesab\u0131m\u0131za yat\u0131r\u0131ld\u0131ktan sonra teslim edilir.<br \/>\nMallar\u0131 almak i\u00e7in bir pasaporta ihtiyac\u0131n\u0131z var.<\/p>\n<h3>Online kart ile \u00f6deme<\/h3>\n<p>Sipari\u015f i\u00e7in kartla &#8211; \u00e7evrimi\u00e7i olarak veya Antalya&#8217;daki ma\u011fazam\u0131zda teslim al\u0131nd\u0131ktan sonra \u00f6deme yapabilirsiniz.<br \/>\nMa\u011fazada bir kartla \u00f6deme yapmak i\u00e7in: sipari\u015f verirken, \u00f6deme y\u00f6ntemini se\u00e7in Sipari\u015fi ald\u0131ktan sonra \u00f6deme.<br \/>\nBir sipari\u015fin \u00f6demesini \u00e7evrimi\u00e7i yapmak i\u00e7in:<\/p>\n<ul>\n<li>\u00dcr\u00fcn\u00fc sepete ekleyin ve \u00f6deme i\u015flemine devam edin.<\/li>\n<li>\u00d6deme y\u00f6ntemini se\u00e7in \u00c7evrimi\u00e7i kartla \u00f6deme.<\/li>\n<li>Sipari\u015fi tamamlay\u0131n.<\/li>\n<li>Ard\u0131ndan, \u00f6demeyi onaylayabilece\u011finiz g\u00fcvenli \u00f6deme sistemi sayfas\u0131na y\u00f6nlendirileceksiniz.<\/li>\n<\/ul>\n<p>Ba\u015far\u0131l\u0131 bir \u00f6deme i\u00e7in kart\u0131n 3d secure hizmetini desteklemesi gerekir.<\/p>\n\t\t<\/div>\n\t\t[vc_separator border_width=&#8221;2&#8243; wd_hide_on_desktop=&#8221;no&#8221; wd_hide_on_tablet=&#8221;no&#8221; wd_hide_on_mobile=&#8221;no&#8221;][\/vc_column][\/vc_row][vc_row][vc_column]\n\t\t<div id=\"wd-648402c453532\" class=\"title-wrapper wd-wpb set-mb-s reset-last-child  wd-rs-648402c453532 wd-title-color-default wd-title-style-default text-left  wd-underline-colored\">\n\t\t\t\n\t\t\t<div class=\"liner-continer\">\n\t\t\t\t<h2 class=\"woodmart-title-container title  wd-font-weight- wd-fontsize-l\" >Garanti ve mallar\u0131n iadesi<\/h2>\n\t\t\t\t\t\t\t<\/div>\n\t\t\t\n\t\t\t\n\t\t\t\n\t\t<\/div>\n\t\t\n\t\t\t\t<div id=\"wd-648402d904677\" class=\"wd-text-block wd-wpb reset-last-child wd-rs-648402d904677 text-left wd-fontsize-s \">\n\t\t\t<h3>Hangi \u00fcr\u00fcnler de\u011fi\u015ftirilemez veya iade edilemez?<\/h3>\n<p>T\u00fcketicinin Korunmas\u0131 Hakk\u0131nda Kanun&#8217;un 4077. maddesine g\u00f6re, T\u00fcrkiye Bakanlar Kurulu, de\u011fi\u015fim veya iadeye tabi olmayan kaliteli mallar\u0131n bir listesini onaylam\u0131\u015ft\u0131r.<br \/>\nBu t\u00fcr \u00fcr\u00fcnler \u015funlar\u0131 i\u00e7erir: biyolojik olarak aktif g\u0131da katk\u0131 maddeleri, dekoratif kozmetikler, bak\u0131m kozmetikleri.<br \/>\nAl\u0131c\u0131, sipari\u015f edilmeyen mallar\u0131n teslim edilmesi durumunda mallar\u0131 7 g\u00fcn i\u00e7inde iade etme hakk\u0131na sahiptir. Ayn\u0131 zamanda paket a\u00e7\u0131lmamal\u0131 veya hasar g\u00f6rmemelidir.<\/p>\n\t\t<\/div>\n\t\t[\/vc_column][\/vc_row]<\/p>\n<\/div>","protected":false},"excerpt":{"rendered":"<p>[vc_row][vc_column][vc_separator border_width=&#8221;2&#8243; wd_hide_on_desktop=&#8221;no&#8221; wd_hide_on_tablet=&#8221;no&#8221; wd_hide_on_mobile=&#8221;no&#8221;][\/vc_column][\/vc_row][vc_row][vc_column][vc_separator border_width=&#8221;2&#8243; wd_hide_on_desktop=&#8221;no&#8221; wd_hide_on_tablet=&#8221;no&#8221; wd_hide_on_mobile=&#8221;no&#8221;][\/vc_column][\/vc_row][vc_row][vc_column][\/vc_column][\/vc_row]<\/p>\n","protected":false},"author":1,"featured_media":0,"parent":0,"menu_order":0,"comment_status":"closed","ping_status":"closed","template":"","meta":{"_acf_changed":false,"footnotes":""},"class_list":["post-8249","page","type-page","status-publish","hentry"],"acf":[],"yoast_head":"<!-- This site is optimized with the Yoast SEO plugin v22.3 - https:\/\/yoast.com\/wordpress\/plugins\/seo\/ -->\n<title>Teslimat ve \u00f6deme | Dietary Supplements<\/title>\n<meta name=\"description\" content=\"Almanya&#039;da diyet takviyelerinin teslimat\u0131 ve \u00f6denmesi. \u00c7al\u0131\u015fma s\u00fcresi, teslimat program\u0131, ma\u011fazam\u0131zdaki mallar i\u00e7in nas\u0131l \u00f6deme yap\u0131laca\u011f\u0131\" \/>\n<meta name=\"robots\" content=\"index, follow, max-snippet:-1, max-image-preview:large, max-video-preview:-1\" \/>\n<link rel=\"canonical\" href=\"https:\/\/nspshop.net\/tr\/teslimat-ve-odeme\/\" \/>\n<meta property=\"og:locale\" content=\"tr_TR\" \/>\n<meta property=\"og:type\" content=\"article\" \/>\n<meta property=\"og:title\" content=\"Teslimat ve \u00f6deme | Dietary Supplements\" \/>\n<meta property=\"og:description\" content=\"Almanya&#039;da diyet takviyelerinin teslimat\u0131 ve \u00f6denmesi. \u00c7al\u0131\u015fma s\u00fcresi, teslimat program\u0131, ma\u011fazam\u0131zdaki mallar i\u00e7in nas\u0131l \u00f6deme yap\u0131laca\u011f\u0131\" \/>\n<meta property=\"og:url\" content=\"https:\/\/nspshop.net\/tr\/teslimat-ve-odeme\/\" \/>\n<meta property=\"og:site_name\" content=\"Dietary Supplements\" \/>\n<meta property=\"article:modified_time\" content=\"2024-04-15T14:52:39+00:00\" \/>\n<meta property=\"og:image\" content=\"https:\/\/nspshop.net\/wp-content\/uploads\/2023\/06\/cropped-Logo-NSP.png\" \/>\n\t<meta property=\"og:image:width\" content=\"512\" \/>\n\t<meta property=\"og:image:height\" content=\"512\" \/>\n\t<meta property=\"og:image:type\" content=\"image\/png\" \/>\n<meta name=\"twitter:card\" content=\"summary_large_image\" \/>\n<meta name=\"twitter:label1\" content=\"Tahmini okuma s\u00fcresi\" \/>\n\t<meta name=\"twitter:data1\" content=\"3 dakika\" \/>\n<script type=\"application\/ld+json\" class=\"yoast-schema-graph\">{\"@context\":\"https:\/\/schema.org\",\"@graph\":[{\"@type\":\"WebPage\",\"@id\":\"https:\/\/nspshop.net\/tr\/teslimat-ve-odeme\/\",\"url\":\"https:\/\/nspshop.net\/tr\/teslimat-ve-odeme\/\",\"name\":\"Teslimat ve \u00f6deme | Dietary Supplements\",\"isPartOf\":{\"@id\":\"https:\/\/nspshop.net\/#website\"},\"datePublished\":\"2023-06-01T11:04:59+00:00\",\"dateModified\":\"2024-04-15T14:52:39+00:00\",\"description\":\"Almanya'da diyet takviyelerinin teslimat\u0131 ve \u00f6denmesi. \u00c7al\u0131\u015fma s\u00fcresi, teslimat program\u0131, ma\u011fazam\u0131zdaki mallar i\u00e7in nas\u0131l \u00f6deme yap\u0131laca\u011f\u0131\",\"breadcrumb\":{\"@id\":\"https:\/\/nspshop.net\/tr\/teslimat-ve-odeme\/#breadcrumb\"},\"inLanguage\":\"tr\",\"potentialAction\":[{\"@type\":\"ReadAction\",\"target\":[\"https:\/\/nspshop.net\/tr\/teslimat-ve-odeme\/\"]}]},{\"@type\":\"BreadcrumbList\",\"@id\":\"https:\/\/nspshop.net\/tr\/teslimat-ve-odeme\/#breadcrumb\",\"itemListElement\":[{\"@type\":\"ListItem\",\"position\":1,\"name\":\"\u0413\u043b\u0430\u0432\u043d\u0430\u044f \u0441\u0442\u0440\u0430\u043d\u0438\u0446\u0430\",\"item\":\"https:\/\/nspshop.net\/\"},{\"@type\":\"ListItem\",\"position\":2,\"name\":\"Teslimat ve \u00f6deme\"}]},{\"@type\":\"WebSite\",\"@id\":\"https:\/\/nspshop.net\/#website\",\"url\":\"https:\/\/nspshop.net\/\",\"name\":\"Dietary Supplements\",\"description\":\"BuyNSP\",\"publisher\":{\"@id\":\"https:\/\/nspshop.net\/#organization\"},\"potentialAction\":[{\"@type\":\"SearchAction\",\"target\":{\"@type\":\"EntryPoint\",\"urlTemplate\":\"https:\/\/nspshop.net\/?s={search_term_string}\"},\"query-input\":\"required name=search_term_string\"}],\"inLanguage\":\"tr\"},{\"@type\":\"Organization\",\"@id\":\"https:\/\/nspshop.net\/#organization\",\"name\":\"Dietary Supplements\",\"alternateName\":\"BuyNSP\",\"url\":\"https:\/\/nspshop.net\/\",\"logo\":{\"@type\":\"ImageObject\",\"inLanguage\":\"tr\",\"@id\":\"https:\/\/nspshop.net\/#\/schema\/logo\/image\/\",\"url\":\"https:\/\/nspshop.net\/wp-content\/uploads\/2023\/06\/cropped-Logo-NSP.png\",\"contentUrl\":\"https:\/\/nspshop.net\/wp-content\/uploads\/2023\/06\/cropped-Logo-NSP.png\",\"width\":512,\"height\":512,\"caption\":\"Dietary Supplements\"},\"image\":{\"@id\":\"https:\/\/nspshop.net\/#\/schema\/logo\/image\/\"}}]}<\/script>\n<!-- \/ Yoast SEO plugin. -->","yoast_head_json":{"title":"Teslimat ve \u00f6deme | Dietary Supplements","description":"Almanya'da diyet takviyelerinin teslimat\u0131 ve \u00f6denmesi. \u00c7al\u0131\u015fma s\u00fcresi, teslimat program\u0131, ma\u011fazam\u0131zdaki mallar i\u00e7in nas\u0131l \u00f6deme yap\u0131laca\u011f\u0131","robots":{"index":"index","follow":"follow","max-snippet":"max-snippet:-1","max-image-preview":"max-image-preview:large","max-video-preview":"max-video-preview:-1"},"canonical":"https:\/\/nspshop.net\/tr\/teslimat-ve-odeme\/","og_locale":"tr_TR","og_type":"article","og_title":"Teslimat ve \u00f6deme | Dietary Supplements","og_description":"Almanya'da diyet takviyelerinin teslimat\u0131 ve \u00f6denmesi. \u00c7al\u0131\u015fma s\u00fcresi, teslimat program\u0131, ma\u011fazam\u0131zdaki mallar i\u00e7in nas\u0131l \u00f6deme yap\u0131laca\u011f\u0131","og_url":"https:\/\/nspshop.net\/tr\/teslimat-ve-odeme\/","og_site_name":"Dietary Supplements","article_modified_time":"2024-04-15T14:52:39+00:00","og_image":[{"width":512,"height":512,"url":"https:\/\/nspshop.net\/wp-content\/uploads\/2023\/06\/cropped-Logo-NSP.png","type":"image\/png"}],"twitter_card":"summary_large_image","twitter_misc":{"Tahmini okuma s\u00fcresi":"3 dakika"},"schema":{"@context":"https:\/\/schema.org","@graph":[{"@type":"WebPage","@id":"https:\/\/nspshop.net\/tr\/teslimat-ve-odeme\/","url":"https:\/\/nspshop.net\/tr\/teslimat-ve-odeme\/","name":"Teslimat ve \u00f6deme | Dietary Supplements","isPartOf":{"@id":"https:\/\/nspshop.net\/#website"},"datePublished":"2023-06-01T11:04:59+00:00","dateModified":"2024-04-15T14:52:39+00:00","description":"Almanya'da diyet takviyelerinin teslimat\u0131 ve \u00f6denmesi. \u00c7al\u0131\u015fma s\u00fcresi, teslimat program\u0131, ma\u011fazam\u0131zdaki mallar i\u00e7in nas\u0131l \u00f6deme yap\u0131laca\u011f\u0131","breadcrumb":{"@id":"https:\/\/nspshop.net\/tr\/teslimat-ve-odeme\/#breadcrumb"},"inLanguage":"tr","potentialAction":[{"@type":"ReadAction","target":["https:\/\/nspshop.net\/tr\/teslimat-ve-odeme\/"]}]},{"@type":"BreadcrumbList","@id":"https:\/\/nspshop.net\/tr\/teslimat-ve-odeme\/#breadcrumb","itemListElement":[{"@type":"ListItem","position":1,"name":"\u0413\u043b\u0430\u0432\u043d\u0430\u044f \u0441\u0442\u0440\u0430\u043d\u0438\u0446\u0430","item":"https:\/\/nspshop.net\/"},{"@type":"ListItem","position":2,"name":"Teslimat ve \u00f6deme"}]},{"@type":"WebSite","@id":"https:\/\/nspshop.net\/#website","url":"https:\/\/nspshop.net\/","name":"Dietary Supplements","description":"BuyNSP","publisher":{"@id":"https:\/\/nspshop.net\/#organization"},"potentialAction":[{"@type":"SearchAction","target":{"@type":"EntryPoint","urlTemplate":"https:\/\/nspshop.net\/?s={search_term_string}"},"query-input":"required name=search_term_string"}],"inLanguage":"tr"},{"@type":"Organization","@id":"https:\/\/nspshop.net\/#organization","name":"Dietary Supplements","alternateName":"BuyNSP","url":"https:\/\/nspshop.net\/","logo":{"@type":"ImageObject","inLanguage":"tr","@id":"https:\/\/nspshop.net\/#\/schema\/logo\/image\/","url":"https:\/\/nspshop.net\/wp-content\/uploads\/2023\/06\/cropped-Logo-NSP.png","contentUrl":"https:\/\/nspshop.net\/wp-content\/uploads\/2023\/06\/cropped-Logo-NSP.png","width":512,"height":512,"caption":"Dietary Supplements"},"image":{"@id":"https:\/\/nspshop.net\/#\/schema\/logo\/image\/"}}]}},"_links":{"self":[{"href":"https:\/\/nspshop.net\/tr\/wp-json\/wp\/v2\/pages\/8249","targetHints":{"allow":["GET"]}}],"collection":[{"href":"https:\/\/nspshop.net\/tr\/wp-json\/wp\/v2\/pages"}],"about":[{"href":"https:\/\/nspshop.net\/tr\/wp-json\/wp\/v2\/types\/page"}],"author":[{"embeddable":true,"href":"https:\/\/nspshop.net\/tr\/wp-json\/wp\/v2\/users\/1"}],"replies":[{"embeddable":true,"href":"https:\/\/nspshop.net\/tr\/wp-json\/wp\/v2\/comments?post=8249"}],"version-history":[{"count":0,"href":"https:\/\/nspshop.net\/tr\/wp-json\/wp\/v2\/pages\/8249\/revisions"}],"wp:attachment":[{"href":"https:\/\/nspshop.net\/tr\/wp-json\/wp\/v2\/media?parent=8249"}],"curies":[{"name":"wp","href":"https:\/\/api.w.org\/{rel}","templated":true}]}}