{"id":7967,"date":"2023-06-03T19:12:32","date_gmt":"2023-06-03T16:12:32","guid":{"rendered":"https:\/\/nspshop.net\/product\/una-de-gato-nsp\/"},"modified":"2024-03-31T11:37:28","modified_gmt":"2024-03-31T08:37:28","slug":"una-de-gato-nsp","status":"publish","type":"product","link":"https:\/\/nspshop.net\/tr\/urun\/una-de-gato-nsp\/","title":{"rendered":"Ekinezya, Kedi Pen\u00e7esi, \u00c7in Geveni NSP"},"content":{"rendered":"\r\n        <div class=\"med_worker_introduce_text \">\r\n\r\n            Bu b\u00f6l\u00fcm sadece <span class=\"med_anchor_link\"> <b>Sa\u011fl\u0131k profesyonelleri<\/b> i\u00e7indir<\/span>\r\n\r\n        <\/div>\r\n\r\n        <div class=\"med_worker_popup_wrapper hide\" style=\"background-color: rgba(10,10,10,0.3)\">\r\n            <div class=\"med_worker_popup\" style=\"width:1024px; height:600px;background-color:#ffffff; border-radius: 10px;\">\r\n                <div class=\"med_worker_confirmation\">\r\n                    <span style=\"font-size: 20px\">\r\n                        Sa\u011fl\u0131k profesyoneli misiniz?                    <\/span>\r\n                    <div class=\"med_worker_buttons\">\r\n                        <a href=\"\" class=\"confirm\" style=\"background-color:#0d594e; color: #ffffff;\">Evet<\/a>\r\n                        <a href=\"\" class=\"reject\" style=\"background-color:#bc2b2b; color: #0a0a0a;\">Hay\u0131r<\/a>\r\n                    <\/div>\r\n                <\/div>\r\n                <div class=\"med_worker_decription hide\"><h1 class=\"product_title entry-title\">Ekinezya, Kedi Pen\u00e7esi, \u00c7in Geveni NSP<\/h1>\n<p class=\"product_title entry-title\">Ekinezya, Kedi Pen\u00e7esi, \u00c7in Geveni NSP, Uncaria (Una de Gato veya kedi pen\u00e7esi), astragalus ve ekinezya bitkilerinden olu\u015fan bir komplekstir. Kedi pen\u00e7esi, Una de Gato ya da t\u00fcyl\u00fc uncaria<em>(Uncaria tomentosa<\/em>) Peru ormanlar\u0131nda yeti\u015fen, dikenleri kedi pen\u00e7esine benzeyen yabani bir bitkidir. Kabukta bulunan bile\u015fenler belirgin bir imm\u00fcnostim\u00fclan etkiye sahiptir, makrofajlar\u0131 ve T-lenfositleri aktive eder, trombosit agregasyonunu ve kan p\u0131ht\u0131lar\u0131n\u0131n olu\u015fumunu \u00f6nler ve kan bas\u0131nc\u0131n\u0131 d\u00fc\u015f\u00fcrebilir. Bitkideki polifenoller, triterpenler ve bitkisel steroidler kedi pen\u00e7esinin antioksidan, antiviral, antineoplastik ve anti-inflamatuar \u00f6zelliklerini korur.<\/p>\n<p>Ba\u011f\u0131\u015f\u0131kl\u0131k yetersizli\u011fi ve alerjik hastal\u0131klar, gastrointestinal sistemin iltihabi hastal\u0131klar\u0131, mide \u00fclseri, zehirlenme, disbiyoz, genito\u00fcriner (\u00fcrogenital) sistem hastal\u0131klar\u0131, akut ve kronik viral (zona, genital herpes), bakteriyel ve mantar enfeksiyonlar\u0131, artrit, romatizma, cilt hastal\u0131klar\u0131 ve adet d\u00fczensizlikleri. Kedi pen\u00e7esi ekstresi sitostatik etkiye sahiptir (h\u00fccre b\u00f6l\u00fcnmesini engeller), bu nedenle k\u00f6t\u00fc huylu t\u00fcm\u00f6rleri olan hastalara yard\u0131mc\u0131 olmak i\u00e7in kullan\u0131l\u0131r.<br \/>\nAstragalus<em>(Astragalus membranaceus<\/em>) koroner damarlar\u0131 geni\u015fletir, kan bas\u0131nc\u0131n\u0131 d\u00fc\u015f\u00fcr\u00fcr, interferon \u00fcretimini art\u0131rarak v\u00fccudun viral enfeksiyonlara kar\u015f\u0131 direncine katk\u0131da bulunur. Y\u00fcksek fiziksel ve zihinsel stres ve ikincil ba\u011f\u0131\u015f\u0131kl\u0131k yetersizlikleri s\u0131ras\u0131nda ba\u011f\u0131\u015f\u0131kl\u0131k sisteminin normal i\u015flevini destekler (kanser hastalar\u0131 da dahil olmak \u00fczere, kanserlerde NK katil h\u00fccrelerinin i\u015flevini uyarabilir ve interferon \u00fcretimini te\u015fvik edebilir).<\/p>\n<h2>Ekinezya<em>(E<\/em>chinacea<em>purpurea<\/em>)<\/h2>\n<p>eski \u00e7a\u011flardan beri bula\u015f\u0131c\u0131 hastal\u0131klara kar\u015f\u0131 bir \u00e7are olarak kullan\u0131lmaktad\u0131r. Bu bitki koruyucu g\u00fc\u00e7lerin seviyesini art\u0131r\u0131r. Ekinezya y\u0131lan \u0131s\u0131r\u0131klar\u0131 i\u00e7in kullan\u0131lm\u0131\u015ft\u0131r. Bitkinin k\u00f6k\u00fcndeki bile\u015fenler v\u00fccudun bula\u015f\u0131c\u0131 ve viral enfeksiyonlara kar\u015f\u0131 direncini art\u0131r\u0131r, kortizon benzeri aktiviteye sahiptir ve yaralar\u0131n iyile\u015fmesini h\u0131zland\u0131rabilir. Ekinezya l\u00f6kosit say\u0131s\u0131n\u0131 art\u0131r\u0131r, makrofajlar\u0131, gran\u00fclositleri ve T-lenfositleri aktive eder ve baz\u0131 polisakkaritler, belirli T lenfosit resept\u00f6rlerine etki ederek interferon \u00fcretiminin artmas\u0131na neden olur. Ekinezya makrofajlar\u0131n aktivitesini art\u0131r\u0131r, bu da hastal\u0131\u011f\u0131n ba\u015flamas\u0131n\u0131 \u00f6nlemeye veya so\u011fuk alg\u0131nl\u0131\u011f\u0131 semptomlar\u0131n\u0131 hafifletmeye yard\u0131mc\u0131 olabilir. Bu nedenle, ekinezya bakteriostatik, mantar \u00f6ld\u00fcr\u00fcc\u00fc ve antiviral etkiye, antialerjik ve adaptojenik \u00f6zelliklere sahiptir. Romatizma, poliartrit, prostatit ve jinekolojik hastal\u0131klar, \u00fcst solunum sistemi hastal\u0131klar\u0131, enfeksiyonlar, egzama ve \u00e7e\u015fitli yara s\u00fcre\u00e7leri (trofik \u00fclserler, osteomiyelit) gibi iltihapl\u0131 hastal\u0131klarda etkilidir.<\/p>\n<p><strong>\u00dcr\u00fcn kodu <\/strong>: 175 <strong>Kategori: <\/strong>G\u0131da Takviyeleri<\/p>\n<p><strong>\u0130\u00e7indekiler <\/strong><\/p>\n<p>G\u0131da takviyesi Cat&#8217;s Claw NSP hidroksisinnamik asit kayna\u011f\u0131d\u0131r.<\/p>\n<p><strong>\u0130\u00e7erik <\/strong>(1 kaps\u00fcl): kedi pen\u00e7esi bitkisinin i\u00e7 kabu\u011fu (Uncaria tomentosa) &#8211; 300 mg;<\/p>\n<p>Astragalus (\u00c7in yabani meyan k\u00f6k\u00fc\/Astragalus membranaceus) k\u00f6k\u00fc &#8211; 121 mg;<\/p>\n<p>Ekinezya k\u00f6k\u00fc (Echinacea purpurea) &#8211; 25 mg.<\/p>\n<p><strong>Aktif Olmayan \u0130\u00e7erikler :<\/strong> mikrokristalin sel\u00fcloz, magnezyum stearat ve jelatin.<\/p>\n<p>&nbsp;<\/p>\n<div class=\"t-store__tabs__controls-wrap\">\n<div class=\"t-store__tabs__controls\">\n<div class=\"t-store__tabs__button js-store-tab-button t-store__tabs__button_active\" data-tab-title=\"Usage\">\n<div class=\"t-store__tabs__button-title t-name t-name_xs\"><strong>Kullan\u0131m<\/strong><\/div>\n<\/div>\n<\/div>\n<\/div>\n<div class=\"t-store__tabs__list\">\n<div class=\"t-store__tabs__item t-store__tabs__item_active\" data-tab-type=\"info\" data-tab-title=\"Usage\">\n<div class=\"t-store__tabs__content t-descr t-descr_xxs\">\n<p>Yeti\u015fkinler i\u00e7in, yemeklerle birlikte g\u00fcnde bir ila iki kaps\u00fcl. Kullan\u0131m s\u00fcresi 12-15 g\u00fcnd\u00fcr. Gerekirse kullan\u0131m tekrarlanabilir.<\/p>\n<p><strong>Kontrendikasyonlar<\/strong>: ki\u015fisel intolerans, hamilelik ve emzirme.<\/p>\n<\/div>\n<\/div>\n<\/div>\n<\/div>\r\n            <\/div>\r\n        <\/div>\r\n\r\n\n","protected":false},"excerpt":{"rendered":"<div class=\"woocommerce-product-details__short-description\">\n<ul>\n<li>Kedi Pen\u00e7esi ve \u00c7in Geveni i\u00e7erir.<\/li>\n<li>Takviye edici g\u0131dad\u0131r.<\/li>\n<\/ul>\n<\/div>\n","protected":false},"featured_media":7968,"template":"","meta":{"_acf_changed":false},"product_cat":[397],"product_tag":[],"class_list":{"0":"post-7967","1":"product","2":"type-product","3":"status-publish","4":"has-post-thumbnail","6":"product_cat-heath","7":"pa_body-systems-bagisiklik-ve-lenfatik","8":"pa_health-topics-bagisiklik","9":"pa_health-topics-detoks-ve-arinma","10":"pa_health-topics-mevsimsel-destek","11":"pa_product-categories-antibakteriyeller","12":"pa_product-categories-antifungal-tr","13":"pa_product-categories-antiviraller","14":"pa_product-categories-parafarmasotikler","16":"first","17":"instock","18":"sale","19":"shipping-taxable","20":"purchasable","21":"product-type-simple"},"acf":[],"yoast_head":"<!-- This site is optimized with the Yoast SEO plugin v22.3 - https:\/\/yoast.com\/wordpress\/plugins\/seo\/ -->\n<title>Ekinezya, Kedi Pen\u00e7esi, \u00c7in Geveni NSP | Dietary Supplements<\/title>\n<meta name=\"description\" content=\"Una de Gato NSP veya kedi pen\u00e7esi: Ba\u011f\u0131\u015f\u0131kl\u0131k fonksiyonunu art\u0131r\u0131r. Antibakteriyel, antifungal ve antiviral \u00f6zelliklere sahiptir. Polifenoller, triterpenler ve bitkisel\" \/>\n<meta name=\"robots\" content=\"index, follow, max-snippet:-1, max-image-preview:large, max-video-preview:-1\" \/>\n<link rel=\"canonical\" href=\"https:\/\/nspshop.net\/tr\/urun\/una-de-gato-nsp\/\" \/>\n<meta property=\"og:locale\" content=\"tr_TR\" \/>\n<meta property=\"og:type\" content=\"article\" \/>\n<meta property=\"og:title\" content=\"Ekinezya, Kedi Pen\u00e7esi, \u00c7in Geveni NSP | Dietary Supplements\" \/>\n<meta property=\"og:description\" content=\"Una de Gato NSP veya kedi pen\u00e7esi: Ba\u011f\u0131\u015f\u0131kl\u0131k fonksiyonunu art\u0131r\u0131r. Antibakteriyel, antifungal ve antiviral \u00f6zelliklere sahiptir. Polifenoller, triterpenler ve bitkisel\" \/>\n<meta property=\"og:url\" content=\"https:\/\/nspshop.net\/tr\/urun\/una-de-gato-nsp\/\" \/>\n<meta property=\"og:site_name\" content=\"Dietary Supplements\" \/>\n<meta property=\"article:modified_time\" content=\"2024-03-31T08:37:28+00:00\" \/>\n<meta property=\"og:image\" content=\"https:\/\/nspshop.net\/wp-content\/uploads\/2023\/06\/Una_De_Gato.webp\" \/>\n\t<meta property=\"og:image:width\" content=\"1080\" \/>\n\t<meta property=\"og:image:height\" content=\"1080\" \/>\n\t<meta property=\"og:image:type\" content=\"image\/webp\" \/>\n<meta name=\"twitter:card\" content=\"summary_large_image\" \/>\n<meta name=\"twitter:label1\" content=\"Tahmini okuma s\u00fcresi\" \/>\n\t<meta name=\"twitter:data1\" content=\"1 dakika\" \/>\n<script type=\"application\/ld+json\" class=\"yoast-schema-graph\">{\"@context\":\"https:\/\/schema.org\",\"@graph\":[{\"@type\":\"WebPage\",\"@id\":\"https:\/\/nspshop.net\/tr\/urun\/una-de-gato-nsp\/\",\"url\":\"https:\/\/nspshop.net\/tr\/urun\/una-de-gato-nsp\/\",\"name\":\"Ekinezya, Kedi Pen\u00e7esi, \u00c7in Geveni NSP | Dietary Supplements\",\"isPartOf\":{\"@id\":\"https:\/\/nspshop.net\/#website\"},\"primaryImageOfPage\":{\"@id\":\"https:\/\/nspshop.net\/tr\/urun\/una-de-gato-nsp\/#primaryimage\"},\"image\":{\"@id\":\"https:\/\/nspshop.net\/tr\/urun\/una-de-gato-nsp\/#primaryimage\"},\"thumbnailUrl\":\"https:\/\/nspshop.net\/wp-content\/uploads\/2023\/06\/Una_De_Gato.webp\",\"datePublished\":\"2023-06-03T16:12:32+00:00\",\"dateModified\":\"2024-03-31T08:37:28+00:00\",\"description\":\"Una de Gato NSP veya kedi pen\u00e7esi: Ba\u011f\u0131\u015f\u0131kl\u0131k fonksiyonunu art\u0131r\u0131r. Antibakteriyel, antifungal ve antiviral \u00f6zelliklere sahiptir. Polifenoller, triterpenler ve bitkisel\",\"breadcrumb\":{\"@id\":\"https:\/\/nspshop.net\/tr\/urun\/una-de-gato-nsp\/#breadcrumb\"},\"inLanguage\":\"tr\",\"potentialAction\":[{\"@type\":\"ReadAction\",\"target\":[\"https:\/\/nspshop.net\/tr\/urun\/una-de-gato-nsp\/\"]}]},{\"@type\":\"ImageObject\",\"inLanguage\":\"tr\",\"@id\":\"https:\/\/nspshop.net\/tr\/urun\/una-de-gato-nsp\/#primaryimage\",\"url\":\"https:\/\/nspshop.net\/wp-content\/uploads\/2023\/06\/Una_De_Gato.webp\",\"contentUrl\":\"https:\/\/nspshop.net\/wp-content\/uploads\/2023\/06\/Una_De_Gato.webp\",\"width\":1080,\"height\":1080,\"caption\":\"Una De Gato NSP\"},{\"@type\":\"BreadcrumbList\",\"@id\":\"https:\/\/nspshop.net\/tr\/urun\/una-de-gato-nsp\/#breadcrumb\",\"itemListElement\":[{\"@type\":\"ListItem\",\"position\":1,\"name\":\"\u0413\u043b\u0430\u0432\u043d\u0430\u044f \u0441\u0442\u0440\u0430\u043d\u0438\u0446\u0430\",\"item\":\"https:\/\/nspshop.net\/\"},{\"@type\":\"ListItem\",\"position\":2,\"name\":\"D\u00fckk\u00e2n\",\"item\":\"https:\/\/nspshop.net\/tr\/shop\/\"},{\"@type\":\"ListItem\",\"position\":3,\"name\":\"Ekinezya, Kedi Pen\u00e7esi, \u00c7in Geveni NSP\"}]},{\"@type\":\"WebSite\",\"@id\":\"https:\/\/nspshop.net\/#website\",\"url\":\"https:\/\/nspshop.net\/\",\"name\":\"Dietary Supplements\",\"description\":\"BuyNSP\",\"publisher\":{\"@id\":\"https:\/\/nspshop.net\/#organization\"},\"potentialAction\":[{\"@type\":\"SearchAction\",\"target\":{\"@type\":\"EntryPoint\",\"urlTemplate\":\"https:\/\/nspshop.net\/?s={search_term_string}\"},\"query-input\":\"required name=search_term_string\"}],\"inLanguage\":\"tr\"},{\"@type\":\"Organization\",\"@id\":\"https:\/\/nspshop.net\/#organization\",\"name\":\"Dietary Supplements\",\"alternateName\":\"BuyNSP\",\"url\":\"https:\/\/nspshop.net\/\",\"logo\":{\"@type\":\"ImageObject\",\"inLanguage\":\"tr\",\"@id\":\"https:\/\/nspshop.net\/#\/schema\/logo\/image\/\",\"url\":\"https:\/\/nspshop.net\/wp-content\/uploads\/2023\/06\/cropped-Logo-NSP.png\",\"contentUrl\":\"https:\/\/nspshop.net\/wp-content\/uploads\/2023\/06\/cropped-Logo-NSP.png\",\"width\":512,\"height\":512,\"caption\":\"Dietary Supplements\"},\"image\":{\"@id\":\"https:\/\/nspshop.net\/#\/schema\/logo\/image\/\"}}]}<\/script>\n<!-- \/ Yoast SEO plugin. -->","yoast_head_json":{"title":"Ekinezya, Kedi Pen\u00e7esi, \u00c7in Geveni NSP | Dietary Supplements","description":"Una de Gato NSP veya kedi pen\u00e7esi: Ba\u011f\u0131\u015f\u0131kl\u0131k fonksiyonunu art\u0131r\u0131r. Antibakteriyel, antifungal ve antiviral \u00f6zelliklere sahiptir. Polifenoller, triterpenler ve bitkisel","robots":{"index":"index","follow":"follow","max-snippet":"max-snippet:-1","max-image-preview":"max-image-preview:large","max-video-preview":"max-video-preview:-1"},"canonical":"https:\/\/nspshop.net\/tr\/urun\/una-de-gato-nsp\/","og_locale":"tr_TR","og_type":"article","og_title":"Ekinezya, Kedi Pen\u00e7esi, \u00c7in Geveni NSP | Dietary Supplements","og_description":"Una de Gato NSP veya kedi pen\u00e7esi: Ba\u011f\u0131\u015f\u0131kl\u0131k fonksiyonunu art\u0131r\u0131r. Antibakteriyel, antifungal ve antiviral \u00f6zelliklere sahiptir. Polifenoller, triterpenler ve bitkisel","og_url":"https:\/\/nspshop.net\/tr\/urun\/una-de-gato-nsp\/","og_site_name":"Dietary Supplements","article_modified_time":"2024-03-31T08:37:28+00:00","og_image":[{"width":1080,"height":1080,"url":"https:\/\/nspshop.net\/wp-content\/uploads\/2023\/06\/Una_De_Gato.webp","type":"image\/webp"}],"twitter_card":"summary_large_image","twitter_misc":{"Tahmini okuma s\u00fcresi":"1 dakika"},"schema":{"@context":"https:\/\/schema.org","@graph":[{"@type":"WebPage","@id":"https:\/\/nspshop.net\/tr\/urun\/una-de-gato-nsp\/","url":"https:\/\/nspshop.net\/tr\/urun\/una-de-gato-nsp\/","name":"Ekinezya, Kedi Pen\u00e7esi, \u00c7in Geveni NSP | Dietary Supplements","isPartOf":{"@id":"https:\/\/nspshop.net\/#website"},"primaryImageOfPage":{"@id":"https:\/\/nspshop.net\/tr\/urun\/una-de-gato-nsp\/#primaryimage"},"image":{"@id":"https:\/\/nspshop.net\/tr\/urun\/una-de-gato-nsp\/#primaryimage"},"thumbnailUrl":"https:\/\/nspshop.net\/wp-content\/uploads\/2023\/06\/Una_De_Gato.webp","datePublished":"2023-06-03T16:12:32+00:00","dateModified":"2024-03-31T08:37:28+00:00","description":"Una de Gato NSP veya kedi pen\u00e7esi: Ba\u011f\u0131\u015f\u0131kl\u0131k fonksiyonunu art\u0131r\u0131r. Antibakteriyel, antifungal ve antiviral \u00f6zelliklere sahiptir. Polifenoller, triterpenler ve bitkisel","breadcrumb":{"@id":"https:\/\/nspshop.net\/tr\/urun\/una-de-gato-nsp\/#breadcrumb"},"inLanguage":"tr","potentialAction":[{"@type":"ReadAction","target":["https:\/\/nspshop.net\/tr\/urun\/una-de-gato-nsp\/"]}]},{"@type":"ImageObject","inLanguage":"tr","@id":"https:\/\/nspshop.net\/tr\/urun\/una-de-gato-nsp\/#primaryimage","url":"https:\/\/nspshop.net\/wp-content\/uploads\/2023\/06\/Una_De_Gato.webp","contentUrl":"https:\/\/nspshop.net\/wp-content\/uploads\/2023\/06\/Una_De_Gato.webp","width":1080,"height":1080,"caption":"Una De Gato NSP"},{"@type":"BreadcrumbList","@id":"https:\/\/nspshop.net\/tr\/urun\/una-de-gato-nsp\/#breadcrumb","itemListElement":[{"@type":"ListItem","position":1,"name":"\u0413\u043b\u0430\u0432\u043d\u0430\u044f \u0441\u0442\u0440\u0430\u043d\u0438\u0446\u0430","item":"https:\/\/nspshop.net\/"},{"@type":"ListItem","position":2,"name":"D\u00fckk\u00e2n","item":"https:\/\/nspshop.net\/tr\/shop\/"},{"@type":"ListItem","position":3,"name":"Ekinezya, Kedi Pen\u00e7esi, \u00c7in Geveni NSP"}]},{"@type":"WebSite","@id":"https:\/\/nspshop.net\/#website","url":"https:\/\/nspshop.net\/","name":"Dietary Supplements","description":"BuyNSP","publisher":{"@id":"https:\/\/nspshop.net\/#organization"},"potentialAction":[{"@type":"SearchAction","target":{"@type":"EntryPoint","urlTemplate":"https:\/\/nspshop.net\/?s={search_term_string}"},"query-input":"required name=search_term_string"}],"inLanguage":"tr"},{"@type":"Organization","@id":"https:\/\/nspshop.net\/#organization","name":"Dietary Supplements","alternateName":"BuyNSP","url":"https:\/\/nspshop.net\/","logo":{"@type":"ImageObject","inLanguage":"tr","@id":"https:\/\/nspshop.net\/#\/schema\/logo\/image\/","url":"https:\/\/nspshop.net\/wp-content\/uploads\/2023\/06\/cropped-Logo-NSP.png","contentUrl":"https:\/\/nspshop.net\/wp-content\/uploads\/2023\/06\/cropped-Logo-NSP.png","width":512,"height":512,"caption":"Dietary Supplements"},"image":{"@id":"https:\/\/nspshop.net\/#\/schema\/logo\/image\/"}}]}},"_links":{"self":[{"href":"https:\/\/nspshop.net\/tr\/wp-json\/wp\/v2\/product\/7967","targetHints":{"allow":["GET"]}}],"collection":[{"href":"https:\/\/nspshop.net\/tr\/wp-json\/wp\/v2\/product"}],"about":[{"href":"https:\/\/nspshop.net\/tr\/wp-json\/wp\/v2\/types\/product"}],"wp:featuredmedia":[{"embeddable":true,"href":"https:\/\/nspshop.net\/tr\/wp-json\/wp\/v2\/media\/7968"}],"wp:attachment":[{"href":"https:\/\/nspshop.net\/tr\/wp-json\/wp\/v2\/media?parent=7967"}],"wp:term":[{"taxonomy":"product_cat","embeddable":true,"href":"https:\/\/nspshop.net\/tr\/wp-json\/wp\/v2\/product_cat?post=7967"},{"taxonomy":"product_tag","embeddable":true,"href":"https:\/\/nspshop.net\/tr\/wp-json\/wp\/v2\/product_tag?post=7967"}],"curies":[{"name":"wp","href":"https:\/\/api.w.org\/{rel}","templated":true}]}}