{"id":7971,"date":"2023-06-03T18:19:08","date_gmt":"2023-06-03T15:19:08","guid":{"rendered":"https:\/\/nspshop.net\/product\/hawthorn-plus-nsp\/"},"modified":"2024-03-31T11:38:21","modified_gmt":"2024-03-31T08:38:21","slug":"hawthorn-plus-nsp","status":"publish","type":"product","link":"https:\/\/nspshop.net\/tr\/urun\/hawthorn-plus-nsp\/","title":{"rendered":"Al\u0131\u00e7 NSP"},"content":{"rendered":"\r\n        <div class=\"med_worker_introduce_text \">\r\n\r\n            Bu b\u00f6l\u00fcm sadece <span class=\"med_anchor_link\"> <b>Sa\u011fl\u0131k profesyonelleri<\/b> i\u00e7indir<\/span>\r\n\r\n        <\/div>\r\n\r\n        <div class=\"med_worker_popup_wrapper hide\" style=\"background-color: rgba(10,10,10,0.3)\">\r\n            <div class=\"med_worker_popup\" style=\"width:1024px; height:600px;background-color:#ffffff; border-radius: 10px;\">\r\n                <div class=\"med_worker_confirmation\">\r\n                    <span style=\"font-size: 20px\">\r\n                        Sa\u011fl\u0131k profesyoneli misiniz?                    <\/span>\r\n                    <div class=\"med_worker_buttons\">\r\n                        <a href=\"\" class=\"confirm\" style=\"background-color:#0d594e; color: #ffffff;\">Evet<\/a>\r\n                        <a href=\"\" class=\"reject\" style=\"background-color:#bc2b2b; color: #0a0a0a;\">Hay\u0131r<\/a>\r\n                    <\/div>\r\n                <\/div>\r\n                <div class=\"med_worker_decription hide\"><h1 class=\"product_title entry-title\">Al\u0131\u00e7 NSP<\/h1>\n<p class=\"product_title entry-title\">Al\u0131\u00e7 NSP&#8217;nin iyile\u015ftirici \u00f6zellikleri antik \u00e7a\u011flarda t\u0131pta kullan\u0131lmaya ba\u015flanm\u0131\u015ft\u0131r ve bunun teyidi eski el yazmalar\u0131nda defalarca bulunmu\u015ftur. Daha sonra \u00e7o\u011funlukla ishal ve dizanteri tedavisinde kullan\u0131ld\u0131. Daha sonra, bilim adamlar\u0131 bitkinin temizleyici niteliklerine dikkat \u00e7ekti, d\u00fcnya sava\u015flar\u0131 s\u0131ras\u0131nda al\u0131\u00e7 o zamanlar az bulunan kalp ila\u00e7lar\u0131n\u0131n yerini ald\u0131 ve yirminci y\u00fczy\u0131lda zaten evrensel olarak kalp ve kan damarlar\u0131n\u0131n hastal\u0131klar\u0131n\u0131 tedavi etmek i\u00e7in kullan\u0131ld\u0131.<\/p>\n<p>Eski Yunanl\u0131lar sert, sa\u011flam odunu ve uzun \u00f6m\u00fcrl\u00fc olma e\u011filimi nedeniyle al\u0131\u00e7a &#8220;sa\u011flam&#8221; derlerdi. Baz\u0131 a\u011fa\u00e7lar neredeyse \u00fc\u00e7 y\u00fcz y\u0131l boyunca b\u00fcy\u00fcr! De\u011ferli bir g\u0131da ve t\u0131bbi bitkidir. Al\u0131\u00e7\u0131n hem meyveleri hem de yapraklar\u0131 kullan\u0131l\u0131r. Meyveleri re\u00e7el, komposto ve \u015farap yap\u0131m\u0131nda kullan\u0131l\u0131r ve yapraklar\u0131 \u00e7ay olarak demlenir. Kurutulmu\u015f meyveler \u00f6\u011f\u00fct\u00fcl\u00fcr ve ekmek ve tatl\u0131lar pi\u015firilirken hamura eklenir.<\/p>\n<p>Bu bitkinin Do\u011fu&#8217;daki lakab\u0131 olan &#8220;yabani elma a\u011fac\u0131nda&#8221;, v\u00fccudun fizyolojik s\u00fcre\u00e7lerinin normalle\u015ftirilmesi ve d\u00fczenlenmesinde do\u011frudan rol oynayan bir\u00e7ok yararl\u0131 madde ve vitamin bulunmu\u015ftur. Al\u0131\u00e7 yapraklar\u0131 ve meyvelerindeki biyolojik olarak aktif maddeler, anjina pektoris, ta\u015fikardi gibi kardiyak aktivitenin fonksiyonel bozukluklar\u0131yla aktif olarak m\u00fccadele eder, kan damarlar\u0131n\u0131n duvarlar\u0131n\u0131 g\u00fc\u00e7lendirir ve kalp kas\u0131n\u0131n \u00e7al\u0131\u015fmas\u0131n\u0131 iyile\u015ftirir. Bu \u00f6zellikler sayesinde v\u00fccut oksijeni daha verimli kullanmaya ba\u015flar, kan bas\u0131nc\u0131 normalle\u015fir, beyin ve kan damarlar\u0131n\u0131n kan dola\u015f\u0131m\u0131 iyile\u015fir, metabolik s\u00fcre\u00e7ler aktive olur, kan kolesterol seviyeleri d\u00fc\u015fer ve genel sa\u011fl\u0131k iyile\u015fir.<\/p>\n<p>NSP \u015firketi, \u00f6zellikle kardiyovask\u00fcler sistemin \u00e7e\u015fitli hastal\u0131klar\u0131na kar\u015f\u0131 m\u00fccadelede etkili yard\u0131m i\u00e7in k\u0131rm\u0131z\u0131 biber ve sar\u0131msak i\u00e7eren bir diyet g\u0131da takviyesi olan Hawthorn plus&#8217;\u0131 geli\u015ftirmi\u015ftir. Biber kan bas\u0131nc\u0131n\u0131 normalle\u015ftirmeye, sindirimi iyile\u015ftirmeye ve kolesterol seviyesini d\u00fc\u015f\u00fcrmeye yard\u0131mc\u0131 olurken, sar\u0131msak do\u011fal bir antibiyotik olarak ba\u011f\u0131\u015f\u0131kl\u0131\u011f\u0131 art\u0131r\u0131r, hastalar\u0131n genel durumunu g\u00fc\u00e7lendirir ve hastal\u0131klardan sonra iyile\u015fmeye yard\u0131mc\u0131 olur.<\/p>\n<p>NSP&#8217;den al\u0131\u00e7, kalp a\u011fr\u0131lar\u0131n\u0131n ve rahats\u0131zl\u0131klar\u0131n\u0131n giderilmesi, kardiyovask\u00fcler sistemin \u00e7e\u015fitli fonksiyonel bozukluklar\u0131n\u0131n tedavisi, ateroskleroz, anjina pektoris, aritmi, anjiyo\u00f6dem, miyokardit, birinci derece kalp yetmezli\u011fi, klimakterik sendrom i\u00e7in her ya\u015ftan insan ve hatta hamile kad\u0131nlar i\u00e7in tavsiye edilir. \u00dcr\u00fcn stres ve uykusuzluk i\u00e7in yat\u0131\u015ft\u0131r\u0131c\u0131 olarak kullan\u0131l\u0131r. So\u011fuk alg\u0131nl\u0131\u011f\u0131 s\u0131ras\u0131nda faydal\u0131d\u0131r.<\/p>\n<p><strong>\u00dcr\u00fcn kodu <\/strong>: 930 <strong>Kategori <\/strong>: G\u0131da Takviyeleri <strong>Se\u00e7ilen \u00fcr\u00fcnler: <\/strong>\u015eimdi stokta<\/p>\n<h2><strong>\u0130\u00e7indekiler<\/strong><\/h2>\n<p>Takviye Edici G\u0131da Hawthorn Plus; flavonoidler ve allisin i\u00e7in ek bir kaynakt\u0131r.<\/p>\n<p><strong>\u0130\u00e7erik <\/strong>(1 kaps\u00fcl): al\u0131\u00e7 meyvesi (Crataegus laevigata, C. monogyna) &#8211; 350 mg;<br \/>\nk\u0131rm\u0131z\u0131 biber (Capsicum annuum) &#8211; 93 mg; sar\u0131msak (Allium sativum) -17 mg.<\/p>\n<p><strong>Aktif Olmayan Bile\u015fenler:<\/strong> jelatin.<\/p>\n<h3><strong>Kullan\u0131m<\/strong><\/h3>\n<p>Yeti\u015fkinler i\u00e7in, g\u00fcnde \u00fc\u00e7 kez yemekle birlikte bir ila \u00fc\u00e7 kaps\u00fcl. Kullan\u0131m s\u00fcresi iki ila \u00fc\u00e7 haftad\u0131r.<\/p>\n<p><strong>Kontrendikasyonlar:<\/strong> ki\u015fisel intolerans, hamilelik ve emzirme.<\/p>\n<\/div>\r\n            <\/div>\r\n        <\/div>\r\n\r\n\n","protected":false},"excerpt":{"rendered":"<ul>\n<li>Al\u0131\u00e7,K\u0131rm\u0131z\u0131 Biber, Sar\u0131msak i\u00e7erir<\/li>\n<\/ul>\n","protected":false},"featured_media":7972,"template":"","meta":{"_acf_changed":false},"product_cat":[397],"product_tag":[],"class_list":{"0":"post-7971","1":"product","2":"type-product","3":"status-publish","4":"has-post-thumbnail","6":"product_cat-heath","7":"pa_body-systems-kardiyovaskuler","8":"pa_body-systems-nervous-tr-2","9":"pa_health-topics-enerji","10":"pa_health-topics-hafiza-ve-beyin","11":"pa_health-topics-kalp-sagligi","12":"pa_product-categories-parafarmasotikler","14":"first","15":"instock","16":"sale","17":"shipping-taxable","18":"purchasable","19":"product-type-simple"},"acf":[],"yoast_head":"<!-- This site is optimized with the Yoast SEO plugin v22.3 - https:\/\/yoast.com\/wordpress\/plugins\/seo\/ -->\n<title>Al\u0131\u00e7 NSP | Dietary Supplements<\/title>\n<meta name=\"description\" content=\"Hawthorn Plus NSP, \u00fc\u00e7 bitkisel i\u00e7eri\u011fin etkisi sayesinde kalbe besinsel destek sa\u011flar: al\u0131\u00e7, sar\u0131msak ve k\u0131rm\u0131z\u0131 arnavut biberi.\" \/>\n<meta name=\"robots\" content=\"index, follow, max-snippet:-1, max-image-preview:large, max-video-preview:-1\" \/>\n<link rel=\"canonical\" href=\"https:\/\/nspshop.net\/tr\/urun\/hawthorn-plus-nsp\/\" \/>\n<meta property=\"og:locale\" content=\"tr_TR\" \/>\n<meta property=\"og:type\" content=\"article\" \/>\n<meta property=\"og:title\" content=\"Al\u0131\u00e7 NSP | Dietary Supplements\" \/>\n<meta property=\"og:description\" content=\"Hawthorn Plus NSP, \u00fc\u00e7 bitkisel i\u00e7eri\u011fin etkisi sayesinde kalbe besinsel destek sa\u011flar: al\u0131\u00e7, sar\u0131msak ve k\u0131rm\u0131z\u0131 arnavut biberi.\" \/>\n<meta property=\"og:url\" content=\"https:\/\/nspshop.net\/tr\/urun\/hawthorn-plus-nsp\/\" \/>\n<meta property=\"og:site_name\" content=\"Dietary Supplements\" \/>\n<meta property=\"article:modified_time\" content=\"2024-03-31T08:38:21+00:00\" \/>\n<meta property=\"og:image\" content=\"https:\/\/nspshop.net\/wp-content\/uploads\/2023\/06\/Hawthorn_Plus.webp\" \/>\n\t<meta property=\"og:image:width\" content=\"1080\" \/>\n\t<meta property=\"og:image:height\" content=\"1080\" \/>\n\t<meta property=\"og:image:type\" content=\"image\/webp\" \/>\n<meta name=\"twitter:card\" content=\"summary_large_image\" \/>\n<meta name=\"twitter:label1\" content=\"Tahmini okuma s\u00fcresi\" \/>\n\t<meta name=\"twitter:data1\" content=\"1 dakika\" \/>\n<script type=\"application\/ld+json\" class=\"yoast-schema-graph\">{\"@context\":\"https:\/\/schema.org\",\"@graph\":[{\"@type\":\"WebPage\",\"@id\":\"https:\/\/nspshop.net\/tr\/urun\/hawthorn-plus-nsp\/\",\"url\":\"https:\/\/nspshop.net\/tr\/urun\/hawthorn-plus-nsp\/\",\"name\":\"Al\u0131\u00e7 NSP | Dietary Supplements\",\"isPartOf\":{\"@id\":\"https:\/\/nspshop.net\/#website\"},\"primaryImageOfPage\":{\"@id\":\"https:\/\/nspshop.net\/tr\/urun\/hawthorn-plus-nsp\/#primaryimage\"},\"image\":{\"@id\":\"https:\/\/nspshop.net\/tr\/urun\/hawthorn-plus-nsp\/#primaryimage\"},\"thumbnailUrl\":\"https:\/\/nspshop.net\/wp-content\/uploads\/2023\/06\/Hawthorn_Plus.webp\",\"datePublished\":\"2023-06-03T15:19:08+00:00\",\"dateModified\":\"2024-03-31T08:38:21+00:00\",\"description\":\"Hawthorn Plus NSP, \u00fc\u00e7 bitkisel i\u00e7eri\u011fin etkisi sayesinde kalbe besinsel destek sa\u011flar: al\u0131\u00e7, sar\u0131msak ve k\u0131rm\u0131z\u0131 arnavut biberi.\",\"breadcrumb\":{\"@id\":\"https:\/\/nspshop.net\/tr\/urun\/hawthorn-plus-nsp\/#breadcrumb\"},\"inLanguage\":\"tr\",\"potentialAction\":[{\"@type\":\"ReadAction\",\"target\":[\"https:\/\/nspshop.net\/tr\/urun\/hawthorn-plus-nsp\/\"]}]},{\"@type\":\"ImageObject\",\"inLanguage\":\"tr\",\"@id\":\"https:\/\/nspshop.net\/tr\/urun\/hawthorn-plus-nsp\/#primaryimage\",\"url\":\"https:\/\/nspshop.net\/wp-content\/uploads\/2023\/06\/Hawthorn_Plus.webp\",\"contentUrl\":\"https:\/\/nspshop.net\/wp-content\/uploads\/2023\/06\/Hawthorn_Plus.webp\",\"width\":1080,\"height\":1080,\"caption\":\"Hawthorn Plus NSP\"},{\"@type\":\"BreadcrumbList\",\"@id\":\"https:\/\/nspshop.net\/tr\/urun\/hawthorn-plus-nsp\/#breadcrumb\",\"itemListElement\":[{\"@type\":\"ListItem\",\"position\":1,\"name\":\"\u0413\u043b\u0430\u0432\u043d\u0430\u044f \u0441\u0442\u0440\u0430\u043d\u0438\u0446\u0430\",\"item\":\"https:\/\/nspshop.net\/\"},{\"@type\":\"ListItem\",\"position\":2,\"name\":\"D\u00fckk\u00e2n\",\"item\":\"https:\/\/nspshop.net\/tr\/shop\/\"},{\"@type\":\"ListItem\",\"position\":3,\"name\":\"Al\u0131\u00e7 NSP\"}]},{\"@type\":\"WebSite\",\"@id\":\"https:\/\/nspshop.net\/#website\",\"url\":\"https:\/\/nspshop.net\/\",\"name\":\"Dietary Supplements\",\"description\":\"BuyNSP\",\"publisher\":{\"@id\":\"https:\/\/nspshop.net\/#organization\"},\"potentialAction\":[{\"@type\":\"SearchAction\",\"target\":{\"@type\":\"EntryPoint\",\"urlTemplate\":\"https:\/\/nspshop.net\/?s={search_term_string}\"},\"query-input\":\"required name=search_term_string\"}],\"inLanguage\":\"tr\"},{\"@type\":\"Organization\",\"@id\":\"https:\/\/nspshop.net\/#organization\",\"name\":\"Dietary Supplements\",\"alternateName\":\"BuyNSP\",\"url\":\"https:\/\/nspshop.net\/\",\"logo\":{\"@type\":\"ImageObject\",\"inLanguage\":\"tr\",\"@id\":\"https:\/\/nspshop.net\/#\/schema\/logo\/image\/\",\"url\":\"https:\/\/nspshop.net\/wp-content\/uploads\/2023\/06\/cropped-Logo-NSP.png\",\"contentUrl\":\"https:\/\/nspshop.net\/wp-content\/uploads\/2023\/06\/cropped-Logo-NSP.png\",\"width\":512,\"height\":512,\"caption\":\"Dietary Supplements\"},\"image\":{\"@id\":\"https:\/\/nspshop.net\/#\/schema\/logo\/image\/\"}}]}<\/script>\n<!-- \/ Yoast SEO plugin. -->","yoast_head_json":{"title":"Al\u0131\u00e7 NSP | Dietary Supplements","description":"Hawthorn Plus NSP, \u00fc\u00e7 bitkisel i\u00e7eri\u011fin etkisi sayesinde kalbe besinsel destek sa\u011flar: al\u0131\u00e7, sar\u0131msak ve k\u0131rm\u0131z\u0131 arnavut biberi.","robots":{"index":"index","follow":"follow","max-snippet":"max-snippet:-1","max-image-preview":"max-image-preview:large","max-video-preview":"max-video-preview:-1"},"canonical":"https:\/\/nspshop.net\/tr\/urun\/hawthorn-plus-nsp\/","og_locale":"tr_TR","og_type":"article","og_title":"Al\u0131\u00e7 NSP | Dietary Supplements","og_description":"Hawthorn Plus NSP, \u00fc\u00e7 bitkisel i\u00e7eri\u011fin etkisi sayesinde kalbe besinsel destek sa\u011flar: al\u0131\u00e7, sar\u0131msak ve k\u0131rm\u0131z\u0131 arnavut biberi.","og_url":"https:\/\/nspshop.net\/tr\/urun\/hawthorn-plus-nsp\/","og_site_name":"Dietary Supplements","article_modified_time":"2024-03-31T08:38:21+00:00","og_image":[{"width":1080,"height":1080,"url":"https:\/\/nspshop.net\/wp-content\/uploads\/2023\/06\/Hawthorn_Plus.webp","type":"image\/webp"}],"twitter_card":"summary_large_image","twitter_misc":{"Tahmini okuma s\u00fcresi":"1 dakika"},"schema":{"@context":"https:\/\/schema.org","@graph":[{"@type":"WebPage","@id":"https:\/\/nspshop.net\/tr\/urun\/hawthorn-plus-nsp\/","url":"https:\/\/nspshop.net\/tr\/urun\/hawthorn-plus-nsp\/","name":"Al\u0131\u00e7 NSP | Dietary Supplements","isPartOf":{"@id":"https:\/\/nspshop.net\/#website"},"primaryImageOfPage":{"@id":"https:\/\/nspshop.net\/tr\/urun\/hawthorn-plus-nsp\/#primaryimage"},"image":{"@id":"https:\/\/nspshop.net\/tr\/urun\/hawthorn-plus-nsp\/#primaryimage"},"thumbnailUrl":"https:\/\/nspshop.net\/wp-content\/uploads\/2023\/06\/Hawthorn_Plus.webp","datePublished":"2023-06-03T15:19:08+00:00","dateModified":"2024-03-31T08:38:21+00:00","description":"Hawthorn Plus NSP, \u00fc\u00e7 bitkisel i\u00e7eri\u011fin etkisi sayesinde kalbe besinsel destek sa\u011flar: al\u0131\u00e7, sar\u0131msak ve k\u0131rm\u0131z\u0131 arnavut biberi.","breadcrumb":{"@id":"https:\/\/nspshop.net\/tr\/urun\/hawthorn-plus-nsp\/#breadcrumb"},"inLanguage":"tr","potentialAction":[{"@type":"ReadAction","target":["https:\/\/nspshop.net\/tr\/urun\/hawthorn-plus-nsp\/"]}]},{"@type":"ImageObject","inLanguage":"tr","@id":"https:\/\/nspshop.net\/tr\/urun\/hawthorn-plus-nsp\/#primaryimage","url":"https:\/\/nspshop.net\/wp-content\/uploads\/2023\/06\/Hawthorn_Plus.webp","contentUrl":"https:\/\/nspshop.net\/wp-content\/uploads\/2023\/06\/Hawthorn_Plus.webp","width":1080,"height":1080,"caption":"Hawthorn Plus NSP"},{"@type":"BreadcrumbList","@id":"https:\/\/nspshop.net\/tr\/urun\/hawthorn-plus-nsp\/#breadcrumb","itemListElement":[{"@type":"ListItem","position":1,"name":"\u0413\u043b\u0430\u0432\u043d\u0430\u044f \u0441\u0442\u0440\u0430\u043d\u0438\u0446\u0430","item":"https:\/\/nspshop.net\/"},{"@type":"ListItem","position":2,"name":"D\u00fckk\u00e2n","item":"https:\/\/nspshop.net\/tr\/shop\/"},{"@type":"ListItem","position":3,"name":"Al\u0131\u00e7 NSP"}]},{"@type":"WebSite","@id":"https:\/\/nspshop.net\/#website","url":"https:\/\/nspshop.net\/","name":"Dietary Supplements","description":"BuyNSP","publisher":{"@id":"https:\/\/nspshop.net\/#organization"},"potentialAction":[{"@type":"SearchAction","target":{"@type":"EntryPoint","urlTemplate":"https:\/\/nspshop.net\/?s={search_term_string}"},"query-input":"required name=search_term_string"}],"inLanguage":"tr"},{"@type":"Organization","@id":"https:\/\/nspshop.net\/#organization","name":"Dietary Supplements","alternateName":"BuyNSP","url":"https:\/\/nspshop.net\/","logo":{"@type":"ImageObject","inLanguage":"tr","@id":"https:\/\/nspshop.net\/#\/schema\/logo\/image\/","url":"https:\/\/nspshop.net\/wp-content\/uploads\/2023\/06\/cropped-Logo-NSP.png","contentUrl":"https:\/\/nspshop.net\/wp-content\/uploads\/2023\/06\/cropped-Logo-NSP.png","width":512,"height":512,"caption":"Dietary Supplements"},"image":{"@id":"https:\/\/nspshop.net\/#\/schema\/logo\/image\/"}}]}},"_links":{"self":[{"href":"https:\/\/nspshop.net\/tr\/wp-json\/wp\/v2\/product\/7971","targetHints":{"allow":["GET"]}}],"collection":[{"href":"https:\/\/nspshop.net\/tr\/wp-json\/wp\/v2\/product"}],"about":[{"href":"https:\/\/nspshop.net\/tr\/wp-json\/wp\/v2\/types\/product"}],"wp:featuredmedia":[{"embeddable":true,"href":"https:\/\/nspshop.net\/tr\/wp-json\/wp\/v2\/media\/7972"}],"wp:attachment":[{"href":"https:\/\/nspshop.net\/tr\/wp-json\/wp\/v2\/media?parent=7971"}],"wp:term":[{"taxonomy":"product_cat","embeddable":true,"href":"https:\/\/nspshop.net\/tr\/wp-json\/wp\/v2\/product_cat?post=7971"},{"taxonomy":"product_tag","embeddable":true,"href":"https:\/\/nspshop.net\/tr\/wp-json\/wp\/v2\/product_tag?post=7971"}],"curies":[{"name":"wp","href":"https:\/\/api.w.org\/{rel}","templated":true}]}}