{"id":7973,"date":"2023-06-04T07:13:03","date_gmt":"2023-06-04T04:13:03","guid":{"rendered":"https:\/\/nspshop.net\/product\/alfalfa-nsp\/"},"modified":"2024-03-31T11:34:06","modified_gmt":"2024-03-31T08:34:06","slug":"alfalfa-nsp","status":"publish","type":"product","link":"https:\/\/nspshop.net\/tr\/urun\/alfalfa-nsp\/","title":{"rendered":"AlfaLfa NSP"},"content":{"rendered":"\r\n        <div class=\"med_worker_introduce_text \">\r\n\r\n            Bu b\u00f6l\u00fcm sadece <span class=\"med_anchor_link\"> <b>Sa\u011fl\u0131k profesyonelleri<\/b> i\u00e7indir<\/span>\r\n\r\n        <\/div>\r\n\r\n        <div class=\"med_worker_popup_wrapper hide\" style=\"background-color: rgba(10,10,10,0.3)\">\r\n            <div class=\"med_worker_popup\" style=\"width:1024px; height:600px;background-color:#ffffff; border-radius: 10px;\">\r\n                <div class=\"med_worker_confirmation\">\r\n                    <span style=\"font-size: 20px\">\r\n                        Sa\u011fl\u0131k profesyoneli misiniz?                    <\/span>\r\n                    <div class=\"med_worker_buttons\">\r\n                        <a href=\"\" class=\"confirm\" style=\"background-color:#0d594e; color: #ffffff;\">Evet<\/a>\r\n                        <a href=\"\" class=\"reject\" style=\"background-color:#bc2b2b; color: #0a0a0a;\">Hay\u0131r<\/a>\r\n                    <\/div>\r\n                <\/div>\r\n                <div class=\"med_worker_decription hide\"><h1>AlfaLfa NSP<\/h1>\n<p>Latince&#8217;de &#8220;alfalfa&#8221; kelimesi &#8220;Mydia&#8217;dan gelen yiyecek&#8221; anlam\u0131na gelir. Bitki buradan Yunanistan&#8217;a getirilmi\u015f ve k\u0131sa s\u00fcrede d\u00fcnya \u00e7ap\u0131nda t\u0131bbi form\u00fcllerin atas\u0131 olarak tan\u0131nm\u0131\u015ft\u0131r. Eski Asyal\u0131lar, \u00c7inliler, Persler, Kafkasyal\u0131lar bile tedavi edici niteliklerini iyi kullanmak i\u00e7in kulland\u0131lar. G\u00fcn\u00fcm\u00fczde BDT \u00fclkelerinde yonca (Ingredients NSP) ekilen alan birka\u00e7 milyon hektarla \u00f6l\u00e7\u00fclmektedir.<\/p>\n<p>Yonca NSP fasulyesi, insan v\u00fccudunun hayati fonksiyonlar\u0131n\u0131 yerine getirebilmesi i\u00e7in gerekli olan vitamin ve besin maddelerinin neredeyse tamam\u0131n\u0131 i\u00e7eren kahverengi veya esmer bir fasulyedir. Bunlar kalsiyum, manganez, \u00e7inko, fosfor, demir, bak\u0131r ve di\u011ferleri gibi canl\u0131l\u0131\u011f\u0131 destekleyen bile\u015fenlerdir. Ayr\u0131ca, yoncan\u0131n k\u00fc\u00e7\u00fck meyveleri A, D, C, E, K vitaminleri, B vitaminleri (B1, B2, B12), bir dizi enzim, izoflavanoidler (genistene, daidzein), b\u00fcy\u00fck oranda klorofil bak\u0131m\u0131ndan zengindir.<\/p>\n<p>Yoncan\u0131n insan v\u00fccudu \u00fczerindeki etki yelpazesi son derece geni\u015ftir. Kullan\u0131m\u0131 proteinlerin aktif olarak par\u00e7alanmas\u0131n\u0131 ve sonu\u00e7 olarak daha iyi asimilasyonunu sa\u011flar. Yonca erozyonlar\u0131, \u00fclserleri, a\u00e7\u0131k yaralar\u0131 iyile\u015ftirir, enfeksiyonlarla yo\u011fun bir \u015fekilde sava\u015f\u0131r, sindirim sisteminin mikrofloras\u0131n\u0131 dengeler, kab\u0131zl\u0131\u011f\u0131 ortadan kald\u0131r\u0131r. Alfalfa Lucerne NSP kullan\u0131ld\u0131\u011f\u0131nda kandaki ya\u011f\u0131n azalmas\u0131 nedeniyle v\u00fccut incelir ve hafifler.<\/p>\n<p>Mesanedeki ta\u015flar\u0131 temizlemek, kan \u015fekeri seviyelerini dengelemek, ateroskleroz geli\u015fimini \u00f6nlemek, kolesterol seviyelerini d\u00fc\u015f\u00fcrmek, i\u00e7 organlar\u0131 esnek hale getirmek &#8211; bunlar, bu bitkinin ot-litchukha olarak adland\u0131r\u0131lmas\u0131ndan dolay\u0131 yararl\u0131 \u00f6zelliklerinden sadece birka\u00e7\u0131d\u0131r.<\/p>\n<p>G\u00fcn\u00fcm\u00fczde, v\u00fccuda besinlerle giren kolesterol ve ya\u011flar\u0131n kana kar\u0131\u015fmas\u0131n\u0131 engelleyen biyolojik olarak aktif tek do\u011fal maddedir.<\/p>\n<p>NSP \u015firketi, ba\u011f\u0131\u015f\u0131kl\u0131\u011f\u0131n restorasyonu ve g\u00fc\u00e7lendirilmesi amac\u0131yla, sa\u011fl\u0131k \u00fcr\u00fcnlerinin geli\u015ftirilmesinde d\u00fcnyadaki en iyi uygulamalara dayanarak, Alfalfa Lucerne NSP adl\u0131 bir diyet g\u0131da takviyesi geli\u015ftirmi\u015ftir ve peptik \u00fclser ve duodenal \u00fclser durumunda her ya\u015ftan insan taraf\u0131ndan kullan\u0131lmas\u0131n\u0131 \u00f6nermektedir, Ateroskleroz, koroner kalp hastal\u0131\u011f\u0131, gut, artrit, artroz gibi eklem hastal\u0131klar\u0131, \u00e7e\u015fitli viral ve bakteriyel so\u011fuk alg\u0131nl\u0131\u011f\u0131 (SARS, trakeit, bron\u015fit) ve bunlar\u0131n komplikasyonlar\u0131 (bron\u015fiyal ast\u0131m). Yoncan\u0131n anemide, periodontal hastal\u0131klarda, di\u015f \u00e7\u00fcr\u00fcklerini \u00f6nlemede etkin kullan\u0131m\u0131. Adiphalfa cildi temizler, p\u00fcst\u00fcler hastal\u0131klardan ar\u0131nd\u0131r\u0131r.<\/p>\n<p>Yoncan\u0131n enflamasyonu ortadan kald\u0131rmaya y\u00f6nelik ola\u011fan\u00fcst\u00fc \u00f6zelli\u011fi g\u00f6z \u00f6n\u00fcnde bulundurularak, kronik ve akut sistit, prostatit, romatizma i\u00e7in tavsiye edilir.<\/p>\n<p>Emziren anneler i\u00e7in al\u0131\u015f\u0131lmad\u0131k derecede yararl\u0131 Yonca Alfalfa NRS, \u00fcr\u00fcn\u00fcn sistematik kullan\u0131m\u0131 ile bile\u015fimindeki aktif bile\u015fenler laktasyonu art\u0131r\u0131r.<\/p>\n<p>1 kaps\u00fcl\u00fcn i\u00e7eri\u011fi: yoncan\u0131n hava k\u0131s\u0131mlar\u0131 (Medicago sativa) &#8211; 340 mg.<\/p>\n<p>Yard\u0131mc\u0131 maddeler: jelatin.<\/p>\n<p>\u00d6nerilen dozaj rejimi: G\u00fcnde 3 kez, 1 kaps\u00fcl yemekle birlikte al\u0131n.<\/p>\n<p>Kuru, do\u011frudan g\u00fcne\u015f \u0131\u015f\u0131\u011f\u0131ndan ve y\u00fcksek s\u0131cakl\u0131klardan korunmu\u015f bir yerde saklay\u0131n.<\/p>\n<p>Kontrendikasyonlar: otoimm\u00fcn hastal\u0131klar, \u00fcr\u00fcne kar\u015f\u0131 bireysel intolerans; menopoz sendromu ile kullan\u0131m, bir beslenme uzman\u0131 ve jinekolog ile g\u00f6r\u00fc\u015ft\u00fckten sonra \u00f6nerilir.<\/p>\n<\/div>\r\n            <\/div>\r\n        <\/div>\r\n\r\n\n","protected":false},"excerpt":{"rendered":"<ul>\n<li>Alfa lfa (Toprak \u00dcst\u00fc (<em>Medicago sativa<\/em>\u00a0) i\u00e7erir<\/li>\n<li>Takviye edici g\u0131dad\u0131r.<\/li>\n<\/ul>\n","protected":false},"featured_media":7974,"template":"","meta":{"_acf_changed":false},"product_cat":[397],"product_tag":[],"class_list":{"0":"post-7973","1":"product","2":"type-product","3":"status-publish","4":"has-post-thumbnail","6":"product_cat-heath","7":"pa_body-systems-bagisiklik-ve-lenfatik","8":"pa_body-systems-endokrin-tr","9":"pa_body-systems-kadin-ureme","10":"pa_body-systems-metabolizma","11":"pa_body-systems-sindirim-sistemi","12":"pa_body-systems-skin-hair-nails-tr-2","13":"pa_body-systems-solunum","14":"pa_health-topics-bagisiklik","15":"pa_health-topics-detoks-ve-arinma","16":"pa_health-topics-enflamasyon-ve-agri","17":"pa_health-topics-kadin-sagligi","18":"pa_health-topics-kalp-sagligi","19":"pa_health-topics-kan-sekeri","20":"pa_health-topics-sindirim","21":"pa_product-categories-parafarmasotikler","23":"first","24":"instock","25":"sale","26":"shipping-taxable","27":"purchasable","28":"product-type-simple"},"acf":[],"yoast_head":"<!-- This site is optimized with the Yoast SEO plugin v22.3 - https:\/\/yoast.com\/wordpress\/plugins\/seo\/ -->\n<title>AlfaLfa NSP | Dietary Supplements<\/title>\n<meta name=\"description\" content=\"AlfaLfa: Kandaki kolesterol seviyesini d\u00fc\u015f\u00fcr\u00fcr ve ateroskleroz geli\u015fimini \u00f6nler. Diyabet hastal\u0131klar\u0131n\u0131n seyrini hafifletir ve iyile\u015ftirir.\" \/>\n<meta name=\"robots\" content=\"index, follow, max-snippet:-1, max-image-preview:large, max-video-preview:-1\" \/>\n<link rel=\"canonical\" href=\"https:\/\/nspshop.net\/tr\/urun\/alfalfa-nsp\/\" \/>\n<meta property=\"og:locale\" content=\"tr_TR\" \/>\n<meta property=\"og:type\" content=\"article\" \/>\n<meta property=\"og:title\" content=\"AlfaLfa NSP | Dietary Supplements\" \/>\n<meta property=\"og:description\" content=\"AlfaLfa: Kandaki kolesterol seviyesini d\u00fc\u015f\u00fcr\u00fcr ve ateroskleroz geli\u015fimini \u00f6nler. Diyabet hastal\u0131klar\u0131n\u0131n seyrini hafifletir ve iyile\u015ftirir.\" \/>\n<meta property=\"og:url\" content=\"https:\/\/nspshop.net\/tr\/urun\/alfalfa-nsp\/\" \/>\n<meta property=\"og:site_name\" content=\"Dietary Supplements\" \/>\n<meta property=\"article:modified_time\" content=\"2024-03-31T08:34:06+00:00\" \/>\n<meta property=\"og:image\" content=\"https:\/\/nspshop.net\/wp-content\/uploads\/2023\/06\/Alfalfa.webp\" \/>\n\t<meta property=\"og:image:width\" content=\"1080\" \/>\n\t<meta property=\"og:image:height\" content=\"1080\" \/>\n\t<meta property=\"og:image:type\" content=\"image\/webp\" \/>\n<meta name=\"twitter:card\" content=\"summary_large_image\" \/>\n<meta name=\"twitter:label1\" content=\"Tahmini okuma s\u00fcresi\" \/>\n\t<meta name=\"twitter:data1\" content=\"1 dakika\" \/>\n<script type=\"application\/ld+json\" class=\"yoast-schema-graph\">{\"@context\":\"https:\/\/schema.org\",\"@graph\":[{\"@type\":\"WebPage\",\"@id\":\"https:\/\/nspshop.net\/tr\/urun\/alfalfa-nsp\/\",\"url\":\"https:\/\/nspshop.net\/tr\/urun\/alfalfa-nsp\/\",\"name\":\"AlfaLfa NSP | Dietary Supplements\",\"isPartOf\":{\"@id\":\"https:\/\/nspshop.net\/#website\"},\"primaryImageOfPage\":{\"@id\":\"https:\/\/nspshop.net\/tr\/urun\/alfalfa-nsp\/#primaryimage\"},\"image\":{\"@id\":\"https:\/\/nspshop.net\/tr\/urun\/alfalfa-nsp\/#primaryimage\"},\"thumbnailUrl\":\"https:\/\/nspshop.net\/wp-content\/uploads\/2023\/06\/Alfalfa.webp\",\"datePublished\":\"2023-06-04T04:13:03+00:00\",\"dateModified\":\"2024-03-31T08:34:06+00:00\",\"description\":\"AlfaLfa: Kandaki kolesterol seviyesini d\u00fc\u015f\u00fcr\u00fcr ve ateroskleroz geli\u015fimini \u00f6nler. Diyabet hastal\u0131klar\u0131n\u0131n seyrini hafifletir ve iyile\u015ftirir.\",\"breadcrumb\":{\"@id\":\"https:\/\/nspshop.net\/tr\/urun\/alfalfa-nsp\/#breadcrumb\"},\"inLanguage\":\"tr\",\"potentialAction\":[{\"@type\":\"ReadAction\",\"target\":[\"https:\/\/nspshop.net\/tr\/urun\/alfalfa-nsp\/\"]}]},{\"@type\":\"ImageObject\",\"inLanguage\":\"tr\",\"@id\":\"https:\/\/nspshop.net\/tr\/urun\/alfalfa-nsp\/#primaryimage\",\"url\":\"https:\/\/nspshop.net\/wp-content\/uploads\/2023\/06\/Alfalfa.webp\",\"contentUrl\":\"https:\/\/nspshop.net\/wp-content\/uploads\/2023\/06\/Alfalfa.webp\",\"width\":1080,\"height\":1080,\"caption\":\"Alfalfa NSP\"},{\"@type\":\"BreadcrumbList\",\"@id\":\"https:\/\/nspshop.net\/tr\/urun\/alfalfa-nsp\/#breadcrumb\",\"itemListElement\":[{\"@type\":\"ListItem\",\"position\":1,\"name\":\"\u0413\u043b\u0430\u0432\u043d\u0430\u044f \u0441\u0442\u0440\u0430\u043d\u0438\u0446\u0430\",\"item\":\"https:\/\/nspshop.net\/\"},{\"@type\":\"ListItem\",\"position\":2,\"name\":\"D\u00fckk\u00e2n\",\"item\":\"https:\/\/nspshop.net\/tr\/shop\/\"},{\"@type\":\"ListItem\",\"position\":3,\"name\":\"AlfaLfa NSP\"}]},{\"@type\":\"WebSite\",\"@id\":\"https:\/\/nspshop.net\/#website\",\"url\":\"https:\/\/nspshop.net\/\",\"name\":\"Dietary Supplements\",\"description\":\"BuyNSP\",\"publisher\":{\"@id\":\"https:\/\/nspshop.net\/#organization\"},\"potentialAction\":[{\"@type\":\"SearchAction\",\"target\":{\"@type\":\"EntryPoint\",\"urlTemplate\":\"https:\/\/nspshop.net\/?s={search_term_string}\"},\"query-input\":\"required name=search_term_string\"}],\"inLanguage\":\"tr\"},{\"@type\":\"Organization\",\"@id\":\"https:\/\/nspshop.net\/#organization\",\"name\":\"Dietary Supplements\",\"alternateName\":\"BuyNSP\",\"url\":\"https:\/\/nspshop.net\/\",\"logo\":{\"@type\":\"ImageObject\",\"inLanguage\":\"tr\",\"@id\":\"https:\/\/nspshop.net\/#\/schema\/logo\/image\/\",\"url\":\"https:\/\/nspshop.net\/wp-content\/uploads\/2023\/06\/cropped-Logo-NSP.png\",\"contentUrl\":\"https:\/\/nspshop.net\/wp-content\/uploads\/2023\/06\/cropped-Logo-NSP.png\",\"width\":512,\"height\":512,\"caption\":\"Dietary Supplements\"},\"image\":{\"@id\":\"https:\/\/nspshop.net\/#\/schema\/logo\/image\/\"}}]}<\/script>\n<!-- \/ Yoast SEO plugin. -->","yoast_head_json":{"title":"AlfaLfa NSP | Dietary Supplements","description":"AlfaLfa: Kandaki kolesterol seviyesini d\u00fc\u015f\u00fcr\u00fcr ve ateroskleroz geli\u015fimini \u00f6nler. Diyabet hastal\u0131klar\u0131n\u0131n seyrini hafifletir ve iyile\u015ftirir.","robots":{"index":"index","follow":"follow","max-snippet":"max-snippet:-1","max-image-preview":"max-image-preview:large","max-video-preview":"max-video-preview:-1"},"canonical":"https:\/\/nspshop.net\/tr\/urun\/alfalfa-nsp\/","og_locale":"tr_TR","og_type":"article","og_title":"AlfaLfa NSP | Dietary Supplements","og_description":"AlfaLfa: Kandaki kolesterol seviyesini d\u00fc\u015f\u00fcr\u00fcr ve ateroskleroz geli\u015fimini \u00f6nler. Diyabet hastal\u0131klar\u0131n\u0131n seyrini hafifletir ve iyile\u015ftirir.","og_url":"https:\/\/nspshop.net\/tr\/urun\/alfalfa-nsp\/","og_site_name":"Dietary Supplements","article_modified_time":"2024-03-31T08:34:06+00:00","og_image":[{"width":1080,"height":1080,"url":"https:\/\/nspshop.net\/wp-content\/uploads\/2023\/06\/Alfalfa.webp","type":"image\/webp"}],"twitter_card":"summary_large_image","twitter_misc":{"Tahmini okuma s\u00fcresi":"1 dakika"},"schema":{"@context":"https:\/\/schema.org","@graph":[{"@type":"WebPage","@id":"https:\/\/nspshop.net\/tr\/urun\/alfalfa-nsp\/","url":"https:\/\/nspshop.net\/tr\/urun\/alfalfa-nsp\/","name":"AlfaLfa NSP | Dietary Supplements","isPartOf":{"@id":"https:\/\/nspshop.net\/#website"},"primaryImageOfPage":{"@id":"https:\/\/nspshop.net\/tr\/urun\/alfalfa-nsp\/#primaryimage"},"image":{"@id":"https:\/\/nspshop.net\/tr\/urun\/alfalfa-nsp\/#primaryimage"},"thumbnailUrl":"https:\/\/nspshop.net\/wp-content\/uploads\/2023\/06\/Alfalfa.webp","datePublished":"2023-06-04T04:13:03+00:00","dateModified":"2024-03-31T08:34:06+00:00","description":"AlfaLfa: Kandaki kolesterol seviyesini d\u00fc\u015f\u00fcr\u00fcr ve ateroskleroz geli\u015fimini \u00f6nler. Diyabet hastal\u0131klar\u0131n\u0131n seyrini hafifletir ve iyile\u015ftirir.","breadcrumb":{"@id":"https:\/\/nspshop.net\/tr\/urun\/alfalfa-nsp\/#breadcrumb"},"inLanguage":"tr","potentialAction":[{"@type":"ReadAction","target":["https:\/\/nspshop.net\/tr\/urun\/alfalfa-nsp\/"]}]},{"@type":"ImageObject","inLanguage":"tr","@id":"https:\/\/nspshop.net\/tr\/urun\/alfalfa-nsp\/#primaryimage","url":"https:\/\/nspshop.net\/wp-content\/uploads\/2023\/06\/Alfalfa.webp","contentUrl":"https:\/\/nspshop.net\/wp-content\/uploads\/2023\/06\/Alfalfa.webp","width":1080,"height":1080,"caption":"Alfalfa NSP"},{"@type":"BreadcrumbList","@id":"https:\/\/nspshop.net\/tr\/urun\/alfalfa-nsp\/#breadcrumb","itemListElement":[{"@type":"ListItem","position":1,"name":"\u0413\u043b\u0430\u0432\u043d\u0430\u044f \u0441\u0442\u0440\u0430\u043d\u0438\u0446\u0430","item":"https:\/\/nspshop.net\/"},{"@type":"ListItem","position":2,"name":"D\u00fckk\u00e2n","item":"https:\/\/nspshop.net\/tr\/shop\/"},{"@type":"ListItem","position":3,"name":"AlfaLfa NSP"}]},{"@type":"WebSite","@id":"https:\/\/nspshop.net\/#website","url":"https:\/\/nspshop.net\/","name":"Dietary Supplements","description":"BuyNSP","publisher":{"@id":"https:\/\/nspshop.net\/#organization"},"potentialAction":[{"@type":"SearchAction","target":{"@type":"EntryPoint","urlTemplate":"https:\/\/nspshop.net\/?s={search_term_string}"},"query-input":"required name=search_term_string"}],"inLanguage":"tr"},{"@type":"Organization","@id":"https:\/\/nspshop.net\/#organization","name":"Dietary Supplements","alternateName":"BuyNSP","url":"https:\/\/nspshop.net\/","logo":{"@type":"ImageObject","inLanguage":"tr","@id":"https:\/\/nspshop.net\/#\/schema\/logo\/image\/","url":"https:\/\/nspshop.net\/wp-content\/uploads\/2023\/06\/cropped-Logo-NSP.png","contentUrl":"https:\/\/nspshop.net\/wp-content\/uploads\/2023\/06\/cropped-Logo-NSP.png","width":512,"height":512,"caption":"Dietary Supplements"},"image":{"@id":"https:\/\/nspshop.net\/#\/schema\/logo\/image\/"}}]}},"_links":{"self":[{"href":"https:\/\/nspshop.net\/tr\/wp-json\/wp\/v2\/product\/7973","targetHints":{"allow":["GET"]}}],"collection":[{"href":"https:\/\/nspshop.net\/tr\/wp-json\/wp\/v2\/product"}],"about":[{"href":"https:\/\/nspshop.net\/tr\/wp-json\/wp\/v2\/types\/product"}],"wp:featuredmedia":[{"embeddable":true,"href":"https:\/\/nspshop.net\/tr\/wp-json\/wp\/v2\/media\/7974"}],"wp:attachment":[{"href":"https:\/\/nspshop.net\/tr\/wp-json\/wp\/v2\/media?parent=7973"}],"wp:term":[{"taxonomy":"product_cat","embeddable":true,"href":"https:\/\/nspshop.net\/tr\/wp-json\/wp\/v2\/product_cat?post=7973"},{"taxonomy":"product_tag","embeddable":true,"href":"https:\/\/nspshop.net\/tr\/wp-json\/wp\/v2\/product_tag?post=7973"}],"curies":[{"name":"wp","href":"https:\/\/api.w.org\/{rel}","templated":true}]}}