{"id":7994,"date":"2023-06-03T15:43:08","date_gmt":"2023-06-03T12:43:08","guid":{"rendered":"https:\/\/nspshop.net\/product\/c-vitamini-nsp\/"},"modified":"2024-03-31T11:39:10","modified_gmt":"2024-03-31T08:39:10","slug":"c-vitamini-nsp","status":"publish","type":"product","link":"https:\/\/nspshop.net\/tr\/urun\/c-vitamini-nsp\/","title":{"rendered":"Vitamin C NSP"},"content":{"rendered":"\r\n        <div class=\"med_worker_introduce_text \">\r\n\r\n            Bu b\u00f6l\u00fcm sadece <span class=\"med_anchor_link\"> <b>Sa\u011fl\u0131k profesyonelleri<\/b> i\u00e7indir<\/span>\r\n\r\n        <\/div>\r\n\r\n        <div class=\"med_worker_popup_wrapper hide\" style=\"background-color: rgba(10,10,10,0.3)\">\r\n            <div class=\"med_worker_popup\" style=\"width:1024px; height:600px;background-color:#ffffff; border-radius: 10px;\">\r\n                <div class=\"med_worker_confirmation\">\r\n                    <span style=\"font-size: 20px\">\r\n                        Sa\u011fl\u0131k profesyoneli misiniz?                    <\/span>\r\n                    <div class=\"med_worker_buttons\">\r\n                        <a href=\"\" class=\"confirm\" style=\"background-color:#0d594e; color: #ffffff;\">Evet<\/a>\r\n                        <a href=\"\" class=\"reject\" style=\"background-color:#bc2b2b; color: #0a0a0a;\">Hay\u0131r<\/a>\r\n                    <\/div>\r\n                <\/div>\r\n                <div class=\"med_worker_decription hide\"><h1>C Vitamini NSP<\/h1>\n<p>Nobel T\u0131p \u00d6d\u00fcl\u00fc, biyolojik oksidasyon s\u00fcrecinin ve vitaminlerin bu s\u00fcre\u00e7teki rol\u00fcn\u00fcn ke\u015ffi nedeniyle b\u00fcy\u00fck bilim adam\u0131 Albert Szent-Gy\u00f6rgyi&#8217;ye verilmi\u015ftir. Albert Szent-Gy\u00f6rgyi modern biyokimyan\u0131n kurucusudur ve C vitamininin a\u015f\u0131r\u0131 oksidasyona kar\u015f\u0131 koruma ve dolay\u0131s\u0131yla sa\u011fl\u0131k i\u00e7in hayati \u00f6nem ta\u015f\u0131yan kofakt\u00f6rler sisteminin yaln\u0131zca bir par\u00e7as\u0131 oldu\u011funu hem ke\u015ffeden hem de dahiyane versiyonuyla tan\u0131nan ki\u015fidir.<br \/>\nBilim insanlar\u0131n\u0131n ara\u015ft\u0131rmalar\u0131 devam ediyor ve \u015funu rahatl\u0131kla s\u00f6yleyebiliriz ki en b\u00fcy\u00fck ke\u015fifler, bilim insanlar\u0131 Do\u011fan\u0131n bize sundu\u011fu bitkilerin k\u0131ymetini bildi\u011finde yap\u0131lacakt\u0131r! Sadece beslenmemizi de\u011fil, ayn\u0131 zamanda koruyucu maddeler almam\u0131z\u0131 sa\u011flayan basit meyveler, meyveler, sebzeler, modern insan\u0131n sa\u011fl\u0131\u011f\u0131n\u0131 korumak i\u00e7in son derece \u00f6nemlidir! Antioksidanlar\u0131n bu \u015fekilde ke\u015ffedilmesinden sonra, v\u00fccudun ya\u015flanma s\u00fcre\u00e7leriyle ilgili bilimsel ke\u015fifler yap\u0131ld\u0131. Harman D. 1956 y\u0131l\u0131nda insan ya\u015flanmas\u0131na ili\u015fkin serbest radikal teorisinin temellerini form\u00fcle etmi\u015ftir. Organizman\u0131n ya\u015flanmas\u0131, makromolek\u00fcllerin serbest radikal oksidasyon reaksiyonlar\u0131 sonucunda h\u00fccre ve dokularda meydana gelen hasardan kaynaklan\u0131r.<\/p>\n<h2>C VI\u0307TAMI\u0307NI\u0307 NSP: TANIM VE KULLANIM ENDI\u0307KASYONLARI<\/h2>\n<p>Kompleks, bioflavonoidler i\u00e7eren aserola ve ku\u015fburnu i\u00e7erir. \u00d6rne\u011fin, kan damarlar\u0131n\u0131n duvarlar\u0131n\u0131 g\u00fc\u00e7lendiren ve esnekliklerini sa\u011flayan rutin ve hesperidin.<br \/>\nBesin takviyesi NSP, v\u00fccutta emilim ve kullan\u0131m s\u0131ras\u0131nda kayb\u0131n\u0131 azaltan uzun s\u00fcreli bir askorbik asit formudur.<\/p>\n<p>C vitamini en g\u00fc\u00e7l\u00fc antioksidanlardan biridir. C vitamini serbest radikalleri ba\u011flayarak v\u00fccut dokular\u0131 \u00fczerindeki zararl\u0131 etkilerini \u00f6nler.<\/p>\n<p>Ayr\u0131ca C vitamini, C vitamini varl\u0131\u011f\u0131nda oksitlenmi\u015f formundan geri kazan\u0131lan E vitamini gibi di\u011fer antioksidanlar\u0131n aktivitesini art\u0131rma yetene\u011fine sahiptir.<\/p>\n<p>C vitamininin etkileri \u00e7ok \u00e7e\u015fitlidir:<\/p>\n<p>Kan p\u0131ht\u0131la\u015fmas\u0131n\u0131 ve lipid seviyelerini d\u00fczenler;<br \/>\nSteroid hormonlar\u0131n olu\u015fumuna kat\u0131l\u0131r, kemik ve ba\u011f dokusu olu\u015fumunda, kolajen biyosentezini sa\u011flar, karbonhidrat metabolizmas\u0131n\u0131 d\u00fczenler;<br \/>\nVir\u00fcslerin \u00e7o\u011falmas\u0131n\u0131 engelleyen interferon \u00fcretimini uyar\u0131r;<br \/>\nHistamin salg\u0131lanmas\u0131n\u0131 azalt\u0131r, b\u00f6ylece alerjenlerin etkilerini azalt\u0131r.<\/p>\n<p>Kompozisyonun \u00f6zellikleri:<\/p>\n<p>Limon flavonoidleri &#8211; hesperidin ve rutin &#8211; farkl\u0131 flavonoid s\u0131n\u0131flar\u0131na aittir ve antioksidan ve membranoprotektif etkiye, zay\u0131f \u00f6strojen benzeri aktiviteye sahiptir. K\u0131lcal damarlar\u0131 stabilize ederler.<br \/>\nAcerola veya Malpighia glabra, (Malpighia glabra) &#8211; antioksidan, k\u0131lcal damar koruyucu ve ba\u011f\u0131\u015f\u0131kl\u0131k uyar\u0131c\u0131 etkiye sahiptir.<br \/>\nKu\u015fburnu (Rosa canina) &#8211; anti-enflamatuar, anti-sklerotik etkiye sahiptir, rejenerasyonu ve hormon sentezini art\u0131r\u0131r.<br \/>\nC vitamini kompleksi ek bir flavonoid kayna\u011f\u0131d\u0131r.<\/p>\n<p>Acerola veya Barbados kiraz\u0131<em>(Malpighia glabra)<\/em> k\u0131lcal damar koruyucu ve ba\u011f\u0131\u015f\u0131kl\u0131k sistemini uyar\u0131c\u0131 etkileri olan bir antioksidand\u0131r.<\/p>\n<p>Ku\u015fburnu<em>(Rosa canina)<\/em> anti-enflamatuar ve antisklerotik etkilere sahiptir ve rejenerasyon ve hormon sentezi s\u00fcre\u00e7lerini art\u0131r\u0131r.<\/p>\n<p><strong>\u00dcr\u00fcn kodu<\/strong>: 1635 <strong> Kategori <\/strong>: G\u0131da Takviyeleri <strong>Se\u00e7ilen \u00fcr\u00fcnler: <\/strong>\u015eimdi stokta<\/p>\n<h2><strong>\u0130\u00e7indekiler<\/strong><\/h2>\n<p>Vitamin C NSP; ilave bir C vitamini ve flavonoid kayna\u011f\u0131d\u0131r.<\/p>\n<p><strong>\u0130\u00e7erik <\/strong>(1 tablet):<\/p>\n<p>C vitamini (askorbik asit) &#8211; 1000 mg (normal t\u00fcketim miktar\u0131n\u0131n %1111&#8217;i);<\/p>\n<p>limon biyoflavonoidi &#8211; 5 mg (normal t\u00fcketimin %2&#8217;si);<\/p>\n<p>hesperidin &#8211; 5 mg (normal t\u00fcketimin %2,5&#8217;i); rutin &#8211; 5 mg (normal t\u00fcketimin %16,6&#8217;s\u0131);<\/p>\n<p>Acerola meyve \u00f6z\u00fc (Malpighia glabra) &#8211; 5 mg; Ku\u015fburnu (Rosa canina) &#8211; 5 mg.<\/p>\n<p><strong>\u0130naktif Bile\u015fenler: <\/strong>stearik asit, sel\u00fcloz, magnezyum stearat, dikalsiyum fosfat ve silikon dioksit. Vitamin kabu\u011fu karnauba mumu, sel\u00fcloz ve ar\u0131t\u0131lm\u0131\u015f su i\u00e7erir.<\/p>\n<h3><strong>Kullan\u0131m<\/strong><\/h3>\n<p>Yeti\u015fkinler i\u00e7in, g\u00fcnde bir kez bir tabletin yar\u0131s\u0131n\u0131 yemekle birlikte al\u0131n. Kullan\u0131m s\u00fcresi bir ayd\u0131r. Kullan\u0131m y\u0131lda \u00fc\u00e7 ila d\u00f6rt kez tekrarlanabilir.<\/p>\n<p><strong>Kontrendikasyonlar<\/strong>: ki\u015fisel intolerans, hamilelik ve emzirme.<\/p>\n<\/div>\r\n            <\/div>\r\n        <\/div>\r\n\r\n\n","protected":false},"excerpt":{"rendered":"<ul>\n<li>C vitamini ba\u011f\u0131\u015f\u0131kl\u0131k sisteminin normal fonksiyonuna katk\u0131da bulunur.<\/li>\n<li>C vitamini normal enerji olu\u015fum metabolizmas\u0131na katk\u0131da bulunur.<\/li>\n<li>C vitamini yorgunluk ve bitkinli\u011fin azalmas\u0131na katk\u0131da bulunur.<\/li>\n<li>Takviye edici g\u0131dad\u0131r.<\/li>\n<\/ul>\n","protected":false},"featured_media":7991,"template":"","meta":{"_acf_changed":false},"product_cat":[397],"product_tag":[],"class_list":{"0":"post-7994","1":"product","2":"type-product","3":"status-publish","4":"has-post-thumbnail","6":"product_cat-heath","7":"pa_body-systems-bagisiklik-ve-lenfatik","8":"pa_body-systems-endokrin-tr","9":"pa_body-systems-erkek-ureme","10":"pa_body-systems-hematopoez","11":"pa_body-systems-kardiyovaskuler","12":"pa_body-systems-kas-iskelet-sistemi-disler","13":"pa_body-systems-metabolizma","14":"pa_body-systems-nervous-tr-2","15":"pa_body-systems-skin-hair-nails-tr-2","16":"pa_body-systems-vision-tr","17":"pa_health-topics-bagisiklik","18":"pa_health-topics-enflamasyon-ve-agri","19":"pa_health-topics-kalp-sagligi","20":"pa_health-topics-kemikler-ve-eklemler","21":"pa_health-topics-mevsimsel-destek","22":"pa_health-topics-sac-cilt-tirnaklar","23":"pa_health-topics-stres-rahatlama-uyku-tr","24":"pa_product-categories-antioxidants-tr","25":"pa_product-categories-hepatoprotectors-tr","26":"pa_product-categories-nutrasotikler","27":"pa_product-categories-onkoprotektorler","28":"pa_product-categories-vitamins-and-minerals-tr","30":"first","31":"outofstock","32":"sale","33":"shipping-taxable","34":"purchasable","35":"product-type-simple"},"acf":[],"yoast_head":"<!-- This site is optimized with the Yoast SEO plugin v22.3 - https:\/\/yoast.com\/wordpress\/plugins\/seo\/ -->\n<title>Vitamin C NSP | Dietary Supplements<\/title>\n<meta name=\"description\" content=\"C Vitamini NSP: Antioksidan etkiye sahiptir. Bakteriyel ve viral hastal\u0131klarda iyile\u015fmeyi h\u0131zland\u0131r\u0131r. ATP sentezine kat\u0131larak enerji \u00fcretimini sa\u011flar.\" \/>\n<meta name=\"robots\" content=\"index, follow, max-snippet:-1, max-image-preview:large, max-video-preview:-1\" \/>\n<link rel=\"canonical\" href=\"https:\/\/nspshop.net\/tr\/urun\/c-vitamini-nsp\/\" \/>\n<meta property=\"og:locale\" content=\"tr_TR\" \/>\n<meta property=\"og:type\" content=\"article\" \/>\n<meta property=\"og:title\" content=\"Vitamin C NSP | Dietary Supplements\" \/>\n<meta property=\"og:description\" content=\"C Vitamini NSP: Antioksidan etkiye sahiptir. Bakteriyel ve viral hastal\u0131klarda iyile\u015fmeyi h\u0131zland\u0131r\u0131r. ATP sentezine kat\u0131larak enerji \u00fcretimini sa\u011flar.\" \/>\n<meta property=\"og:url\" content=\"https:\/\/nspshop.net\/tr\/urun\/c-vitamini-nsp\/\" \/>\n<meta property=\"og:site_name\" content=\"Dietary Supplements\" \/>\n<meta property=\"article:modified_time\" content=\"2024-03-31T08:39:10+00:00\" \/>\n<meta property=\"og:image\" content=\"https:\/\/nspshop.net\/wp-content\/uploads\/2023\/06\/Vitamin_C.webp\" \/>\n\t<meta property=\"og:image:width\" content=\"1707\" \/>\n\t<meta property=\"og:image:height\" content=\"1707\" \/>\n\t<meta property=\"og:image:type\" content=\"image\/webp\" \/>\n<meta name=\"twitter:card\" content=\"summary_large_image\" \/>\n<meta name=\"twitter:label1\" content=\"Tahmini okuma s\u00fcresi\" \/>\n\t<meta name=\"twitter:data1\" content=\"1 dakika\" \/>\n<script type=\"application\/ld+json\" class=\"yoast-schema-graph\">{\"@context\":\"https:\/\/schema.org\",\"@graph\":[{\"@type\":\"WebPage\",\"@id\":\"https:\/\/nspshop.net\/tr\/urun\/c-vitamini-nsp\/\",\"url\":\"https:\/\/nspshop.net\/tr\/urun\/c-vitamini-nsp\/\",\"name\":\"Vitamin C NSP | Dietary Supplements\",\"isPartOf\":{\"@id\":\"https:\/\/nspshop.net\/#website\"},\"primaryImageOfPage\":{\"@id\":\"https:\/\/nspshop.net\/tr\/urun\/c-vitamini-nsp\/#primaryimage\"},\"image\":{\"@id\":\"https:\/\/nspshop.net\/tr\/urun\/c-vitamini-nsp\/#primaryimage\"},\"thumbnailUrl\":\"https:\/\/nspshop.net\/wp-content\/uploads\/2023\/06\/Vitamin_C.webp\",\"datePublished\":\"2023-06-03T12:43:08+00:00\",\"dateModified\":\"2024-03-31T08:39:10+00:00\",\"description\":\"C Vitamini NSP: Antioksidan etkiye sahiptir. Bakteriyel ve viral hastal\u0131klarda iyile\u015fmeyi h\u0131zland\u0131r\u0131r. ATP sentezine kat\u0131larak enerji \u00fcretimini sa\u011flar.\",\"breadcrumb\":{\"@id\":\"https:\/\/nspshop.net\/tr\/urun\/c-vitamini-nsp\/#breadcrumb\"},\"inLanguage\":\"tr\",\"potentialAction\":[{\"@type\":\"ReadAction\",\"target\":[\"https:\/\/nspshop.net\/tr\/urun\/c-vitamini-nsp\/\"]}]},{\"@type\":\"ImageObject\",\"inLanguage\":\"tr\",\"@id\":\"https:\/\/nspshop.net\/tr\/urun\/c-vitamini-nsp\/#primaryimage\",\"url\":\"https:\/\/nspshop.net\/wp-content\/uploads\/2023\/06\/Vitamin_C.webp\",\"contentUrl\":\"https:\/\/nspshop.net\/wp-content\/uploads\/2023\/06\/Vitamin_C.webp\",\"width\":1707,\"height\":1707,\"caption\":\"Vitamin C NSP\"},{\"@type\":\"BreadcrumbList\",\"@id\":\"https:\/\/nspshop.net\/tr\/urun\/c-vitamini-nsp\/#breadcrumb\",\"itemListElement\":[{\"@type\":\"ListItem\",\"position\":1,\"name\":\"\u0413\u043b\u0430\u0432\u043d\u0430\u044f \u0441\u0442\u0440\u0430\u043d\u0438\u0446\u0430\",\"item\":\"https:\/\/nspshop.net\/\"},{\"@type\":\"ListItem\",\"position\":2,\"name\":\"D\u00fckk\u00e2n\",\"item\":\"https:\/\/nspshop.net\/tr\/shop\/\"},{\"@type\":\"ListItem\",\"position\":3,\"name\":\"Vitamin C NSP\"}]},{\"@type\":\"WebSite\",\"@id\":\"https:\/\/nspshop.net\/#website\",\"url\":\"https:\/\/nspshop.net\/\",\"name\":\"Dietary Supplements\",\"description\":\"BuyNSP\",\"publisher\":{\"@id\":\"https:\/\/nspshop.net\/#organization\"},\"potentialAction\":[{\"@type\":\"SearchAction\",\"target\":{\"@type\":\"EntryPoint\",\"urlTemplate\":\"https:\/\/nspshop.net\/?s={search_term_string}\"},\"query-input\":\"required name=search_term_string\"}],\"inLanguage\":\"tr\"},{\"@type\":\"Organization\",\"@id\":\"https:\/\/nspshop.net\/#organization\",\"name\":\"Dietary Supplements\",\"alternateName\":\"BuyNSP\",\"url\":\"https:\/\/nspshop.net\/\",\"logo\":{\"@type\":\"ImageObject\",\"inLanguage\":\"tr\",\"@id\":\"https:\/\/nspshop.net\/#\/schema\/logo\/image\/\",\"url\":\"https:\/\/nspshop.net\/wp-content\/uploads\/2023\/06\/cropped-Logo-NSP.png\",\"contentUrl\":\"https:\/\/nspshop.net\/wp-content\/uploads\/2023\/06\/cropped-Logo-NSP.png\",\"width\":512,\"height\":512,\"caption\":\"Dietary Supplements\"},\"image\":{\"@id\":\"https:\/\/nspshop.net\/#\/schema\/logo\/image\/\"}}]}<\/script>\n<!-- \/ Yoast SEO plugin. -->","yoast_head_json":{"title":"Vitamin C NSP | Dietary Supplements","description":"C Vitamini NSP: Antioksidan etkiye sahiptir. Bakteriyel ve viral hastal\u0131klarda iyile\u015fmeyi h\u0131zland\u0131r\u0131r. ATP sentezine kat\u0131larak enerji \u00fcretimini sa\u011flar.","robots":{"index":"index","follow":"follow","max-snippet":"max-snippet:-1","max-image-preview":"max-image-preview:large","max-video-preview":"max-video-preview:-1"},"canonical":"https:\/\/nspshop.net\/tr\/urun\/c-vitamini-nsp\/","og_locale":"tr_TR","og_type":"article","og_title":"Vitamin C NSP | Dietary Supplements","og_description":"C Vitamini NSP: Antioksidan etkiye sahiptir. Bakteriyel ve viral hastal\u0131klarda iyile\u015fmeyi h\u0131zland\u0131r\u0131r. ATP sentezine kat\u0131larak enerji \u00fcretimini sa\u011flar.","og_url":"https:\/\/nspshop.net\/tr\/urun\/c-vitamini-nsp\/","og_site_name":"Dietary Supplements","article_modified_time":"2024-03-31T08:39:10+00:00","og_image":[{"width":1707,"height":1707,"url":"https:\/\/nspshop.net\/wp-content\/uploads\/2023\/06\/Vitamin_C.webp","type":"image\/webp"}],"twitter_card":"summary_large_image","twitter_misc":{"Tahmini okuma s\u00fcresi":"1 dakika"},"schema":{"@context":"https:\/\/schema.org","@graph":[{"@type":"WebPage","@id":"https:\/\/nspshop.net\/tr\/urun\/c-vitamini-nsp\/","url":"https:\/\/nspshop.net\/tr\/urun\/c-vitamini-nsp\/","name":"Vitamin C NSP | Dietary Supplements","isPartOf":{"@id":"https:\/\/nspshop.net\/#website"},"primaryImageOfPage":{"@id":"https:\/\/nspshop.net\/tr\/urun\/c-vitamini-nsp\/#primaryimage"},"image":{"@id":"https:\/\/nspshop.net\/tr\/urun\/c-vitamini-nsp\/#primaryimage"},"thumbnailUrl":"https:\/\/nspshop.net\/wp-content\/uploads\/2023\/06\/Vitamin_C.webp","datePublished":"2023-06-03T12:43:08+00:00","dateModified":"2024-03-31T08:39:10+00:00","description":"C Vitamini NSP: Antioksidan etkiye sahiptir. Bakteriyel ve viral hastal\u0131klarda iyile\u015fmeyi h\u0131zland\u0131r\u0131r. ATP sentezine kat\u0131larak enerji \u00fcretimini sa\u011flar.","breadcrumb":{"@id":"https:\/\/nspshop.net\/tr\/urun\/c-vitamini-nsp\/#breadcrumb"},"inLanguage":"tr","potentialAction":[{"@type":"ReadAction","target":["https:\/\/nspshop.net\/tr\/urun\/c-vitamini-nsp\/"]}]},{"@type":"ImageObject","inLanguage":"tr","@id":"https:\/\/nspshop.net\/tr\/urun\/c-vitamini-nsp\/#primaryimage","url":"https:\/\/nspshop.net\/wp-content\/uploads\/2023\/06\/Vitamin_C.webp","contentUrl":"https:\/\/nspshop.net\/wp-content\/uploads\/2023\/06\/Vitamin_C.webp","width":1707,"height":1707,"caption":"Vitamin C NSP"},{"@type":"BreadcrumbList","@id":"https:\/\/nspshop.net\/tr\/urun\/c-vitamini-nsp\/#breadcrumb","itemListElement":[{"@type":"ListItem","position":1,"name":"\u0413\u043b\u0430\u0432\u043d\u0430\u044f \u0441\u0442\u0440\u0430\u043d\u0438\u0446\u0430","item":"https:\/\/nspshop.net\/"},{"@type":"ListItem","position":2,"name":"D\u00fckk\u00e2n","item":"https:\/\/nspshop.net\/tr\/shop\/"},{"@type":"ListItem","position":3,"name":"Vitamin C NSP"}]},{"@type":"WebSite","@id":"https:\/\/nspshop.net\/#website","url":"https:\/\/nspshop.net\/","name":"Dietary Supplements","description":"BuyNSP","publisher":{"@id":"https:\/\/nspshop.net\/#organization"},"potentialAction":[{"@type":"SearchAction","target":{"@type":"EntryPoint","urlTemplate":"https:\/\/nspshop.net\/?s={search_term_string}"},"query-input":"required name=search_term_string"}],"inLanguage":"tr"},{"@type":"Organization","@id":"https:\/\/nspshop.net\/#organization","name":"Dietary Supplements","alternateName":"BuyNSP","url":"https:\/\/nspshop.net\/","logo":{"@type":"ImageObject","inLanguage":"tr","@id":"https:\/\/nspshop.net\/#\/schema\/logo\/image\/","url":"https:\/\/nspshop.net\/wp-content\/uploads\/2023\/06\/cropped-Logo-NSP.png","contentUrl":"https:\/\/nspshop.net\/wp-content\/uploads\/2023\/06\/cropped-Logo-NSP.png","width":512,"height":512,"caption":"Dietary Supplements"},"image":{"@id":"https:\/\/nspshop.net\/#\/schema\/logo\/image\/"}}]}},"_links":{"self":[{"href":"https:\/\/nspshop.net\/tr\/wp-json\/wp\/v2\/product\/7994","targetHints":{"allow":["GET"]}}],"collection":[{"href":"https:\/\/nspshop.net\/tr\/wp-json\/wp\/v2\/product"}],"about":[{"href":"https:\/\/nspshop.net\/tr\/wp-json\/wp\/v2\/types\/product"}],"wp:featuredmedia":[{"embeddable":true,"href":"https:\/\/nspshop.net\/tr\/wp-json\/wp\/v2\/media\/7991"}],"wp:attachment":[{"href":"https:\/\/nspshop.net\/tr\/wp-json\/wp\/v2\/media?parent=7994"}],"wp:term":[{"taxonomy":"product_cat","embeddable":true,"href":"https:\/\/nspshop.net\/tr\/wp-json\/wp\/v2\/product_cat?post=7994"},{"taxonomy":"product_tag","embeddable":true,"href":"https:\/\/nspshop.net\/tr\/wp-json\/wp\/v2\/product_tag?post=7994"}],"curies":[{"name":"wp","href":"https:\/\/api.w.org\/{rel}","templated":true}]}}