{"id":7995,"date":"2023-06-03T14:54:50","date_gmt":"2023-06-03T11:54:50","guid":{"rendered":"https:\/\/nspshop.net\/product\/5-htp-power-nsp\/"},"modified":"2024-03-31T11:40:53","modified_gmt":"2024-03-31T08:40:53","slug":"5-htp-power-nsp","status":"publish","type":"product","link":"https:\/\/nspshop.net\/tr\/urun\/5-htp-power-nsp\/","title":{"rendered":"Sibirya Ginsengi ve 5 &#8211; Hidroksitriptofan NSP"},"content":{"rendered":"\r\n        <div class=\"med_worker_introduce_text \">\r\n\r\n            Bu b\u00f6l\u00fcm sadece <span class=\"med_anchor_link\"> <b>Sa\u011fl\u0131k profesyonelleri<\/b> i\u00e7indir<\/span>\r\n\r\n        <\/div>\r\n\r\n        <div class=\"med_worker_popup_wrapper hide\" style=\"background-color: rgba(10,10,10,0.3)\">\r\n            <div class=\"med_worker_popup\" style=\"width:1024px; height:600px;background-color:#ffffff; border-radius: 10px;\">\r\n                <div class=\"med_worker_confirmation\">\r\n                    <span style=\"font-size: 20px\">\r\n                        Sa\u011fl\u0131k profesyoneli misiniz?                    <\/span>\r\n                    <div class=\"med_worker_buttons\">\r\n                        <a href=\"\" class=\"confirm\" style=\"background-color:#0d594e; color: #ffffff;\">Evet<\/a>\r\n                        <a href=\"\" class=\"reject\" style=\"background-color:#bc2b2b; color: #0a0a0a;\">Hay\u0131r<\/a>\r\n                    <\/div>\r\n                <\/div>\r\n                <div class=\"med_worker_decription hide\"><h1 class=\"product_title entry-title\">Sibirya Ginsengi ve 5 &#8211; Hidroksitriptofan NSP<\/h1>\n<p class=\"product_title entry-title\">Sibirya Ginsengi ve 5 &#8211; Hidroksitriptofan NSP S\u00fcrekli stres, gelecekle ilgili belirsizlik ve \u00e7e\u015fitli korkular genellikle sa\u011fl\u0131kl\u0131 ve ba\u015far\u0131l\u0131 insanlar\u0131 bile etkiler. Ki\u015finin ruh halindeki de\u011fi\u015fiklikler ve uykusuzluk depresyona yol a\u00e7abilir. Baz\u0131 insanlar fark\u0131nda olmadan a\u015f\u0131r\u0131 miktarda g\u0131da t\u00fcketerek stresle m\u00fccadele ederken, di\u011ferleri teselliyi alkolde arar ve daha da tehlikeli bir ba\u011f\u0131ml\u0131l\u0131\u011f\u0131n i\u00e7ine d\u00fc\u015fer. Doktorlar stres ve depresyonla m\u00fccadelede sakinle\u015ftiriciler ve antidepresanlar gibi yan etkileri olabilen farmas\u00f6tik ila\u00e7lara g\u00fcvenmektedir. Baz\u0131lar\u0131, \u00f6rne\u011fin Prozac, SSRI (se\u00e7ici serotonin geri al\u0131m inhibit\u00f6rleri) ya\u015fam\u0131 uzatan farmakolojik ajanlar grubuna aittir. Sinir sisteminin i\u015fleyi\u015fini do\u011fal biyolojik d\u00fczelticiler kullanarak etkilemek m\u00fcmk\u00fcnd\u00fcr, bunlardan biri de triptofand\u0131r.<\/p>\n<p>Triptofan\u0131n bir metaboliti olan 5-hidroksitriptofan (5-HTP) n\u00f6rotransmitter serotoninin bir \u00f6nc\u00fcs\u00fcd\u00fcr. Antidepresan, i\u015ftah kesici (yemeklerden \u00f6nce al\u0131n\u0131rsa) ve uykusuzluk giderici (yatmadan \u00f6nce al\u0131n\u0131rsa) olarak kullan\u0131l\u0131r. Mevsimsel duygusal bozukluklarda, sald\u0131rganl\u0131kta, obsesif-kompulsif bozuklukta, uyu\u015fturucu ve alkol ba\u011f\u0131ml\u0131l\u0131\u011f\u0131nda kullan\u0131l\u0131r.<\/p>\n<p>Serotonin eksikli\u011finin tipik belirtileri uykusuzluk, kronik ba\u015f a\u011fr\u0131s\u0131, obezite, narkolepsi, uyku apnesi, bulimia ve fibromiyaljidir.<\/p>\n<p>5 HTP Power NSP kompleksi, triptofan\u0131n yan\u0131 s\u0131ra B6 vitamini ve \u00e7inkonun etkisini art\u0131ran eleutherococcus k\u00f6k\u00fc (Sibirya ginsengi) ve suma k\u00f6k\u00fc kabu\u011fu i\u00e7erir.<\/p>\n<p>Eleutherococcus veya Sibirya ginsengi&#8221;<em>(Eleutherococcus senticosus<\/em>) bir adaptojendir. Merkezi sinir sistemini uyar\u0131r, g\u00f6rme keskinli\u011fini art\u0131r\u0131r, zihinsel ve fiziksel performans\u0131 geli\u015ftirir, egzersiz s\u0131ras\u0131nda yorgunlu\u011fu azalt\u0131r, temel metabolizmay\u0131 ve i\u015ftah\u0131 art\u0131r\u0131r ve kan \u015fekeri seviyelerini normalle\u015ftirir.<\/p>\n<p>Suma<em>(Pfaffia paniculata<\/em>) fitosterolleri hormonal dengeyi sa\u011flar, analjezik etkilere sahiptir ve kan \u015fekerini d\u00fczenler. Saponinler ve t\u00fcrevlerinin antit\u00fcm\u00f6r etkileri vard\u0131r. Suma k\u00f6k\u00fc, v\u00fccudun ba\u011f\u0131\u015f\u0131kl\u0131k sistemini destekleyen, strese yard\u0131mc\u0131 olan, a\u011fr\u0131y\u0131 hafifleten ve kronik yorgunluk sendromunu hafifleten etkili bir adaptojendir. Modern t\u0131pta suma k\u00f6k\u00fc kanser i\u00e7in kullan\u0131l\u0131r. Ayr\u0131ca, suma yasal bir anabolik olarak kullan\u0131l\u0131r. Anabolik etki beta-ekdisteron ve glikozitlere atfedilir. Saponinler kandaki kolesterol seviyesini d\u00fc\u015f\u00fcr\u00fcr, t\u00fcm\u00f6r h\u00fccrelerinin b\u00fcy\u00fcmesini yava\u015flat\u0131r ve antifungal ve antibakteriyel etkilere sahiptir.<\/p>\n<p>\u00c7inko antioksidan enzimlerin bir par\u00e7as\u0131d\u0131r, proliferatif aktiviteyi art\u0131r\u0131r ve ba\u011f\u0131\u015f\u0131kl\u0131k fonksiyonunu uyar\u0131r.<\/p>\n<p>B6 vitamini. 5-HTP ve B6 vitaminini birlikte kullanman\u0131n faydas\u0131, B6 vitamininin 5-HTP&#8217;yi serotonine d\u00f6n\u00fc\u015ft\u00fcrmeye yard\u0131mc\u0131 olmas\u0131d\u0131r.<\/p>\n<p>5 HTP Power NSP kullan\u0131m endikasyonlar\u0131: 5 HTP Power NSP, sigaray\u0131 b\u0131rakmak ve sigaray\u0131 b\u0131rakma ile ili\u015fkili nevrotik semptomlar\u0131 azaltmak isteyen ki\u015filer taraf\u0131ndan kullan\u0131labilir. Yan etkisi yoktur ve di\u011fer ila\u00e7larla kombine edilebilir<\/p>\n<p>G\u0131da takviyesi 5 HTP Power NSP, eleutherosidler ile ek bir B6 vitamini ve \u00e7inko kayna\u011f\u0131d\u0131r.<\/p>\n<p><strong>\u00dcr\u00fcn kodu <\/strong>: 3088 <strong>Kategori: <\/strong>G\u0131da Takviyeleri<\/p>\n<h2><strong>\u0130\u00e7indekiler<\/strong><\/h2>\n<p><strong>\u0130\u00e7erik <\/strong>(1 kaps\u00fcl):<\/p>\n<p>Eleutherococcus senticosus k\u00f6k\u00fc &#8211; 341,1 mg;<\/p>\n<p>Suma k\u00f6k\u00fc kabu\u011fu (Pfaffia paniculata) &#8211; 70 mg;<\/p>\n<p>5-Hidroksitriptofan (5-HTP) 35 mg (normal t\u00fcketimin %4,4&#8217;\u00fc);<\/p>\n<p>\u00e7inko (\u00e7inko glukonat i\u00e7inde) &#8211; 3,4 mg (NTM&#8217;nin %28,3&#8217;\u00fc);<\/p>\n<p>B6 Vitamini (piridoksin hidroklor\u00fcr) &#8211; 3 mg (NTM&#8217;nin %150&#8217;si).<\/p>\n<p><strong>Aktif Olmayan \u0130\u00e7er<\/strong>ikler: magnezyum stearat ve jelatin.<\/p>\n<h3><strong>Kullan\u0131m<\/strong><\/h3>\n<p>Yeti\u015fkinler i\u00e7in, sabahlar\u0131 yemeklerle birlikte g\u00fcnde bir kaps\u00fcl. Kullan\u0131m s\u00fcresi \u00fc\u00e7 ila d\u00f6rt haftad\u0131r.<\/p>\n<p><strong>Kontrendikasyonlar:<\/strong> Diyet takviyelerinin bile\u015fenlerine kar\u015f\u0131 bireysel intolerans, hamilelik, emzirme ve artan sinirlilik.<\/p>\n<\/div>\r\n            <\/div>\r\n        <\/div>\r\n\r\n\n","protected":false},"excerpt":{"rendered":"<ul>\n<li>Sibirya Ginsengi ve 5- Hidroksitriptofan i\u00e7erir<\/li>\n<li>Takviye Edici G\u0131dad\u0131r<\/li>\n<\/ul>\n","protected":false},"featured_media":7996,"template":"","meta":{"_acf_changed":false},"product_cat":[397],"product_tag":[],"class_list":{"0":"post-7995","1":"product","2":"type-product","3":"status-publish","4":"has-post-thumbnail","6":"product_cat-heath","7":"pa_body-systems-nervous-tr-2","8":"pa_health-topics-ruh-hali","9":"pa_health-topics-stres-rahatlama-uyku-tr","10":"pa_product-categories-adaptogenler","11":"pa_product-categories-nutrasotikler","13":"first","14":"instock","15":"sale","16":"shipping-taxable","17":"purchasable","18":"product-type-simple"},"acf":[],"yoast_head":"<!-- This site is optimized with the Yoast SEO plugin v22.3 - https:\/\/yoast.com\/wordpress\/plugins\/seo\/ -->\n<title>Sibirya Ginsengi ve 5 - Hidroksitriptofan NSP | Dietary Supplements<\/title>\n<meta name=\"description\" content=\"5-HTP Power NSP: Antidepresan etkiye sahiptir. Derin uyku sa\u011flar. Sinirsel gerginli\u011fi d\u00fczenleyici etkisi vard\u0131r. \u0130\u015ftah\u0131 azalt\u0131r.\" \/>\n<meta name=\"robots\" content=\"index, follow, max-snippet:-1, max-image-preview:large, max-video-preview:-1\" \/>\n<link rel=\"canonical\" href=\"https:\/\/nspshop.net\/tr\/urun\/5-htp-power-nsp\/\" \/>\n<meta property=\"og:locale\" content=\"tr_TR\" \/>\n<meta property=\"og:type\" content=\"article\" \/>\n<meta property=\"og:title\" content=\"Sibirya Ginsengi ve 5 - Hidroksitriptofan NSP | Dietary Supplements\" \/>\n<meta property=\"og:description\" content=\"5-HTP Power NSP: Antidepresan etkiye sahiptir. Derin uyku sa\u011flar. Sinirsel gerginli\u011fi d\u00fczenleyici etkisi vard\u0131r. \u0130\u015ftah\u0131 azalt\u0131r.\" \/>\n<meta property=\"og:url\" content=\"https:\/\/nspshop.net\/tr\/urun\/5-htp-power-nsp\/\" \/>\n<meta property=\"og:site_name\" content=\"Dietary Supplements\" \/>\n<meta property=\"article:modified_time\" content=\"2024-03-31T08:40:53+00:00\" \/>\n<meta property=\"og:image\" content=\"https:\/\/nspshop.net\/wp-content\/uploads\/2023\/06\/5-HTP_Power.webp\" \/>\n\t<meta property=\"og:image:width\" content=\"1080\" \/>\n\t<meta property=\"og:image:height\" content=\"1080\" \/>\n\t<meta property=\"og:image:type\" content=\"image\/webp\" \/>\n<meta name=\"twitter:card\" content=\"summary_large_image\" \/>\n<meta name=\"twitter:label1\" content=\"Tahmini okuma s\u00fcresi\" \/>\n\t<meta name=\"twitter:data1\" content=\"1 dakika\" \/>\n<script type=\"application\/ld+json\" class=\"yoast-schema-graph\">{\"@context\":\"https:\/\/schema.org\",\"@graph\":[{\"@type\":\"WebPage\",\"@id\":\"https:\/\/nspshop.net\/tr\/urun\/5-htp-power-nsp\/\",\"url\":\"https:\/\/nspshop.net\/tr\/urun\/5-htp-power-nsp\/\",\"name\":\"Sibirya Ginsengi ve 5 - Hidroksitriptofan NSP | Dietary Supplements\",\"isPartOf\":{\"@id\":\"https:\/\/nspshop.net\/#website\"},\"primaryImageOfPage\":{\"@id\":\"https:\/\/nspshop.net\/tr\/urun\/5-htp-power-nsp\/#primaryimage\"},\"image\":{\"@id\":\"https:\/\/nspshop.net\/tr\/urun\/5-htp-power-nsp\/#primaryimage\"},\"thumbnailUrl\":\"https:\/\/nspshop.net\/wp-content\/uploads\/2023\/06\/5-HTP_Power.webp\",\"datePublished\":\"2023-06-03T11:54:50+00:00\",\"dateModified\":\"2024-03-31T08:40:53+00:00\",\"description\":\"5-HTP Power NSP: Antidepresan etkiye sahiptir. Derin uyku sa\u011flar. Sinirsel gerginli\u011fi d\u00fczenleyici etkisi vard\u0131r. \u0130\u015ftah\u0131 azalt\u0131r.\",\"breadcrumb\":{\"@id\":\"https:\/\/nspshop.net\/tr\/urun\/5-htp-power-nsp\/#breadcrumb\"},\"inLanguage\":\"tr\",\"potentialAction\":[{\"@type\":\"ReadAction\",\"target\":[\"https:\/\/nspshop.net\/tr\/urun\/5-htp-power-nsp\/\"]}]},{\"@type\":\"ImageObject\",\"inLanguage\":\"tr\",\"@id\":\"https:\/\/nspshop.net\/tr\/urun\/5-htp-power-nsp\/#primaryimage\",\"url\":\"https:\/\/nspshop.net\/wp-content\/uploads\/2023\/06\/5-HTP_Power.webp\",\"contentUrl\":\"https:\/\/nspshop.net\/wp-content\/uploads\/2023\/06\/5-HTP_Power.webp\",\"width\":1080,\"height\":1080,\"caption\":\"5 HTP Power NSP\"},{\"@type\":\"BreadcrumbList\",\"@id\":\"https:\/\/nspshop.net\/tr\/urun\/5-htp-power-nsp\/#breadcrumb\",\"itemListElement\":[{\"@type\":\"ListItem\",\"position\":1,\"name\":\"\u0413\u043b\u0430\u0432\u043d\u0430\u044f \u0441\u0442\u0440\u0430\u043d\u0438\u0446\u0430\",\"item\":\"https:\/\/nspshop.net\/\"},{\"@type\":\"ListItem\",\"position\":2,\"name\":\"D\u00fckk\u00e2n\",\"item\":\"https:\/\/nspshop.net\/tr\/shop\/\"},{\"@type\":\"ListItem\",\"position\":3,\"name\":\"Sibirya Ginsengi ve 5 &#8212; Hidroksitriptofan NSP\"}]},{\"@type\":\"WebSite\",\"@id\":\"https:\/\/nspshop.net\/#website\",\"url\":\"https:\/\/nspshop.net\/\",\"name\":\"Dietary Supplements\",\"description\":\"BuyNSP\",\"publisher\":{\"@id\":\"https:\/\/nspshop.net\/#organization\"},\"potentialAction\":[{\"@type\":\"SearchAction\",\"target\":{\"@type\":\"EntryPoint\",\"urlTemplate\":\"https:\/\/nspshop.net\/?s={search_term_string}\"},\"query-input\":\"required name=search_term_string\"}],\"inLanguage\":\"tr\"},{\"@type\":\"Organization\",\"@id\":\"https:\/\/nspshop.net\/#organization\",\"name\":\"Dietary Supplements\",\"alternateName\":\"BuyNSP\",\"url\":\"https:\/\/nspshop.net\/\",\"logo\":{\"@type\":\"ImageObject\",\"inLanguage\":\"tr\",\"@id\":\"https:\/\/nspshop.net\/#\/schema\/logo\/image\/\",\"url\":\"https:\/\/nspshop.net\/wp-content\/uploads\/2023\/06\/cropped-Logo-NSP.png\",\"contentUrl\":\"https:\/\/nspshop.net\/wp-content\/uploads\/2023\/06\/cropped-Logo-NSP.png\",\"width\":512,\"height\":512,\"caption\":\"Dietary Supplements\"},\"image\":{\"@id\":\"https:\/\/nspshop.net\/#\/schema\/logo\/image\/\"}}]}<\/script>\n<!-- \/ Yoast SEO plugin. -->","yoast_head_json":{"title":"Sibirya Ginsengi ve 5 - Hidroksitriptofan NSP | Dietary Supplements","description":"5-HTP Power NSP: Antidepresan etkiye sahiptir. Derin uyku sa\u011flar. Sinirsel gerginli\u011fi d\u00fczenleyici etkisi vard\u0131r. \u0130\u015ftah\u0131 azalt\u0131r.","robots":{"index":"index","follow":"follow","max-snippet":"max-snippet:-1","max-image-preview":"max-image-preview:large","max-video-preview":"max-video-preview:-1"},"canonical":"https:\/\/nspshop.net\/tr\/urun\/5-htp-power-nsp\/","og_locale":"tr_TR","og_type":"article","og_title":"Sibirya Ginsengi ve 5 - Hidroksitriptofan NSP | Dietary Supplements","og_description":"5-HTP Power NSP: Antidepresan etkiye sahiptir. Derin uyku sa\u011flar. Sinirsel gerginli\u011fi d\u00fczenleyici etkisi vard\u0131r. \u0130\u015ftah\u0131 azalt\u0131r.","og_url":"https:\/\/nspshop.net\/tr\/urun\/5-htp-power-nsp\/","og_site_name":"Dietary Supplements","article_modified_time":"2024-03-31T08:40:53+00:00","og_image":[{"width":1080,"height":1080,"url":"https:\/\/nspshop.net\/wp-content\/uploads\/2023\/06\/5-HTP_Power.webp","type":"image\/webp"}],"twitter_card":"summary_large_image","twitter_misc":{"Tahmini okuma s\u00fcresi":"1 dakika"},"schema":{"@context":"https:\/\/schema.org","@graph":[{"@type":"WebPage","@id":"https:\/\/nspshop.net\/tr\/urun\/5-htp-power-nsp\/","url":"https:\/\/nspshop.net\/tr\/urun\/5-htp-power-nsp\/","name":"Sibirya Ginsengi ve 5 - Hidroksitriptofan NSP | Dietary Supplements","isPartOf":{"@id":"https:\/\/nspshop.net\/#website"},"primaryImageOfPage":{"@id":"https:\/\/nspshop.net\/tr\/urun\/5-htp-power-nsp\/#primaryimage"},"image":{"@id":"https:\/\/nspshop.net\/tr\/urun\/5-htp-power-nsp\/#primaryimage"},"thumbnailUrl":"https:\/\/nspshop.net\/wp-content\/uploads\/2023\/06\/5-HTP_Power.webp","datePublished":"2023-06-03T11:54:50+00:00","dateModified":"2024-03-31T08:40:53+00:00","description":"5-HTP Power NSP: Antidepresan etkiye sahiptir. Derin uyku sa\u011flar. Sinirsel gerginli\u011fi d\u00fczenleyici etkisi vard\u0131r. \u0130\u015ftah\u0131 azalt\u0131r.","breadcrumb":{"@id":"https:\/\/nspshop.net\/tr\/urun\/5-htp-power-nsp\/#breadcrumb"},"inLanguage":"tr","potentialAction":[{"@type":"ReadAction","target":["https:\/\/nspshop.net\/tr\/urun\/5-htp-power-nsp\/"]}]},{"@type":"ImageObject","inLanguage":"tr","@id":"https:\/\/nspshop.net\/tr\/urun\/5-htp-power-nsp\/#primaryimage","url":"https:\/\/nspshop.net\/wp-content\/uploads\/2023\/06\/5-HTP_Power.webp","contentUrl":"https:\/\/nspshop.net\/wp-content\/uploads\/2023\/06\/5-HTP_Power.webp","width":1080,"height":1080,"caption":"5 HTP Power NSP"},{"@type":"BreadcrumbList","@id":"https:\/\/nspshop.net\/tr\/urun\/5-htp-power-nsp\/#breadcrumb","itemListElement":[{"@type":"ListItem","position":1,"name":"\u0413\u043b\u0430\u0432\u043d\u0430\u044f \u0441\u0442\u0440\u0430\u043d\u0438\u0446\u0430","item":"https:\/\/nspshop.net\/"},{"@type":"ListItem","position":2,"name":"D\u00fckk\u00e2n","item":"https:\/\/nspshop.net\/tr\/shop\/"},{"@type":"ListItem","position":3,"name":"Sibirya Ginsengi ve 5 &#8212; Hidroksitriptofan NSP"}]},{"@type":"WebSite","@id":"https:\/\/nspshop.net\/#website","url":"https:\/\/nspshop.net\/","name":"Dietary Supplements","description":"BuyNSP","publisher":{"@id":"https:\/\/nspshop.net\/#organization"},"potentialAction":[{"@type":"SearchAction","target":{"@type":"EntryPoint","urlTemplate":"https:\/\/nspshop.net\/?s={search_term_string}"},"query-input":"required name=search_term_string"}],"inLanguage":"tr"},{"@type":"Organization","@id":"https:\/\/nspshop.net\/#organization","name":"Dietary Supplements","alternateName":"BuyNSP","url":"https:\/\/nspshop.net\/","logo":{"@type":"ImageObject","inLanguage":"tr","@id":"https:\/\/nspshop.net\/#\/schema\/logo\/image\/","url":"https:\/\/nspshop.net\/wp-content\/uploads\/2023\/06\/cropped-Logo-NSP.png","contentUrl":"https:\/\/nspshop.net\/wp-content\/uploads\/2023\/06\/cropped-Logo-NSP.png","width":512,"height":512,"caption":"Dietary Supplements"},"image":{"@id":"https:\/\/nspshop.net\/#\/schema\/logo\/image\/"}}]}},"_links":{"self":[{"href":"https:\/\/nspshop.net\/tr\/wp-json\/wp\/v2\/product\/7995","targetHints":{"allow":["GET"]}}],"collection":[{"href":"https:\/\/nspshop.net\/tr\/wp-json\/wp\/v2\/product"}],"about":[{"href":"https:\/\/nspshop.net\/tr\/wp-json\/wp\/v2\/types\/product"}],"wp:featuredmedia":[{"embeddable":true,"href":"https:\/\/nspshop.net\/tr\/wp-json\/wp\/v2\/media\/7996"}],"wp:attachment":[{"href":"https:\/\/nspshop.net\/tr\/wp-json\/wp\/v2\/media?parent=7995"}],"wp:term":[{"taxonomy":"product_cat","embeddable":true,"href":"https:\/\/nspshop.net\/tr\/wp-json\/wp\/v2\/product_cat?post=7995"},{"taxonomy":"product_tag","embeddable":true,"href":"https:\/\/nspshop.net\/tr\/wp-json\/wp\/v2\/product_tag?post=7995"}],"curies":[{"name":"wp","href":"https:\/\/api.w.org\/{rel}","templated":true}]}}