{"id":7998,"date":"2023-06-04T08:45:09","date_gmt":"2023-06-04T05:45:09","guid":{"rendered":"https:\/\/nspshop.net\/product\/klorofil-sivi-nsp\/"},"modified":"2024-03-31T11:31:39","modified_gmt":"2024-03-31T08:31:39","slug":"klorofil-sivi-nsp","status":"publish","type":"product","link":"https:\/\/nspshop.net\/tr\/urun\/klorofil-sivi-nsp\/","title":{"rendered":"S\u0131v\u0131 Klorofilin NSP"},"content":{"rendered":"\r\n        <div class=\"med_worker_introduce_text \">\r\n\r\n            Bu b\u00f6l\u00fcm sadece <span class=\"med_anchor_link\"> <b>Sa\u011fl\u0131k profesyonelleri<\/b> i\u00e7indir<\/span>\r\n\r\n        <\/div>\r\n\r\n        <div class=\"med_worker_popup_wrapper hide\" style=\"background-color: rgba(10,10,10,0.3)\">\r\n            <div class=\"med_worker_popup\" style=\"width:1024px; height:600px;background-color:#ffffff; border-radius: 10px;\">\r\n                <div class=\"med_worker_confirmation\">\r\n                    <span style=\"font-size: 20px\">\r\n                        Sa\u011fl\u0131k profesyoneli misiniz?                    <\/span>\r\n                    <div class=\"med_worker_buttons\">\r\n                        <a href=\"\" class=\"confirm\" style=\"background-color:#0d594e; color: #ffffff;\">Evet<\/a>\r\n                        <a href=\"\" class=\"reject\" style=\"background-color:#bc2b2b; color: #0a0a0a;\">Hay\u0131r<\/a>\r\n                    <\/div>\r\n                <\/div>\r\n                <div class=\"med_worker_decription hide\"><h1 class=\"product_title entry-title\">S\u0131v\u0131 Klorofilin NSP<\/h1>\n<p>Klorofil ye\u015fil bitkilerin kan\u0131 olarak adland\u0131r\u0131l\u0131r. Klorofil nedir? Klorofil, bitki kloroplastlar\u0131nda bulunan magnezyum i\u00e7eren ye\u015fil bir pigmenttir. Ye\u015fil bitkilerdeki klorofil miktar\u0131 %1,7 ila 5,0 (kuru a\u011f\u0131rl\u0131k) aras\u0131nda de\u011fi\u015fmektedir. Klorofil s\u0131v\u0131s\u0131 NSP, fotosentez s\u00fcrecindeki kat\u0131l\u0131mc\u0131lardan biridir; g\u00fcne\u015f enerjisini karbonhidratlar\u0131n (glikoz) kimyasal ba\u011flar\u0131na d\u00f6n\u00fc\u015ft\u00fcrme i\u015flemini ger\u00e7ekle\u015ftirir. Fotosentez s\u00fcrecinde karbondioksit glikoza d\u00f6n\u00fc\u015ft\u00fcr\u00fcl\u00fcr ve ard\u0131ndan oksijen olu\u015fur. Klorofil kayna\u011f\u0131 genellikle yonca bitkisidir. Yonca yapraklar\u0131ndan elde edilen su kurutularak kaps\u00fcllere yerle\u015ftirilir veya tekrar \u00e7\u00f6zelti haline getirilir. Bu durumda \u00fcr\u00fcn v\u00fccut taraf\u0131ndan daha iyi emilir ve etkisini daha h\u0131zl\u0131 g\u00f6sterir.<\/p>\n<p>Klorofil ile ilgili ilk bilimsel veriler 1940 y\u0131l\u0131nda American Journal of Surgical dergisinde yay\u0131nlanm\u0131\u015ft\u0131r. Doku rejenerasyon s\u00fcre\u00e7lerini h\u0131zland\u0131rd\u0131\u011f\u0131 kan\u0131tlanm\u0131\u015ft\u0131r. Klorofilin a\u011f\u0131z bo\u015flu\u011funun mikroekolojisi \u00fczerindeki etkisini inceleyen Dr. Robert Nara, klorofil i\u00e7eren bir di\u015f macunu kullanarak di\u015f \u00e7\u00fcr\u00fcklerinin \u00f6nlenmesi i\u00e7in bir program geli\u015ftirmi\u015ftir. Klorofilin bula\u015f\u0131c\u0131 hastal\u0131klardaki etkinli\u011fi kan\u0131tlanm\u0131\u015ft\u0131r. 1979 y\u0131l\u0131nda, klorofilin kolon t\u00fcm\u00f6rlerinin (kal\u0131n ba\u011f\u0131rsak t\u00fcm\u00f6rleri) olu\u015fumunu \u00f6nlemedeki etkinli\u011fi Amerika Birle\u015fik Devletleri&#8217;nde deneysel olarak do\u011frulanm\u0131\u015ft\u0131r. B\u00f6ylece ye\u015fillik ve sebze kullan\u0131m\u0131n\u0131n kanser \u00f6ncesi \u00f6zellikle ba\u011f\u0131rsak kanseri geli\u015fimini engelledi\u011fi ger\u00e7e\u011fi bir kez daha kan\u0131tlanm\u0131\u015f oluyor. Klorofilin ana antikanserojen fakt\u00f6r oldu\u011funa ve DNA hasar\u0131n\u0131 \u00f6nleyebilece\u011fine inan\u0131lmaktad\u0131r. Baz\u0131 ara\u015ft\u0131rmac\u0131lar, antimutajen bir ajan olarak klorofilin, sa\u011fl\u0131kl\u0131 h\u00fccrelerin kanserli h\u00fccrelere d\u00f6n\u00fc\u015f\u00fcm\u00fcn\u00fcn ilk a\u015famas\u0131n\u0131 engelledi\u011fine inanmaktad\u0131r. Br\u00fcksel lahanas\u0131, brokoli, \u0131spanak, yonca, spirulina, bu\u011fday tohumu gibi klorofil bak\u0131m\u0131ndan zengin t\u00fcm bitkiler antimutajenik \u00f6zelliklere sahiptir. 1950 y\u0131l\u0131nda bilim adam\u0131 Howard Wescott, d\u00fczenli klorofil kullan\u0131m\u0131yla a\u011f\u0131z kokusu ve ter kokusunun ortadan kalkt\u0131\u011f\u0131n\u0131 bildirmi\u015ftir. Bilim adam\u0131 bir dizi \u00e7al\u0131\u015fma y\u00fcr\u00fctm\u00fc\u015f ve &#8220;do\u011fal deodorant&#8221; olarak adland\u0131r\u0131lan klorofilden g\u00fcnde 100 mg (tercihen sabahlar\u0131) alman\u0131n yeterli oldu\u011funu kan\u0131tlam\u0131\u015ft\u0131r. Ayr\u0131ca, klorofil a\u011f\u0131z kokusunu ve hatta sigara sonras\u0131 idrar ve adet kokusunu giderir. Klorofilin erozyonlar\u0131, \u00fclserleri, a\u00e7\u0131k yaralar\u0131 iyile\u015ftirmeye yard\u0131mc\u0131 olan ba\u011f dokusu olu\u015fumuna yard\u0131mc\u0131 oldu\u011fu, ba\u011f\u0131\u015f\u0131kl\u0131k fonksiyonunu art\u0131rd\u0131\u011f\u0131 ve fagositozu uyard\u0131\u011f\u0131 bulunmu\u015ftur. Klorofil toksinlerin v\u00fccuttan at\u0131lmas\u0131na yard\u0131mc\u0131 olur ve ayn\u0131 zamanda hafif bir idrar s\u00f6kt\u00fcr\u00fcc\u00fc g\u00f6revi g\u00f6r\u00fcr. Chlorophyll Liquid NSP, \u00e7e\u015fitli organlar ve kardiyovask\u00fcler, solunum, sindirim sistemleri \u00fczerinde uyar\u0131c\u0131 bir etkiye ve antioksidan aktiviteye sahiptir. Tiroid bezinin i\u015flevini iyile\u015ftirir, pankreas enzimlerinin salg\u0131lanmas\u0131n\u0131 art\u0131r\u0131r, kans\u0131zl\u0131\u011fa yard\u0131mc\u0131 olur, kan bas\u0131nc\u0131n\u0131 d\u00fczenler ve sinirlili\u011fi azalt\u0131r. Klorofilin en \u015fa\u015f\u0131rt\u0131c\u0131 \u00f6zelliklerinden biri (akut solunum yolu hastal\u0131\u011f\u0131, sin\u00fczit, kronik cilt \u00fclseri, servikal erozyon vb. hastal\u0131klar olsa bile) antibakteriyel etkisidir. Klorofil s\u0131v\u0131s\u0131 yonca bitkisinden elde edilir ve klorofilin olarak adland\u0131r\u0131l\u0131r. S\u0131v\u0131 klorofil, kolpitiste ve ayr\u0131ca KBB hastal\u0131klar\u0131nda gargara olarak kullan\u0131labilir.<\/p>\n<p><strong>Klorofil etkisinin k\u0131sa a\u00e7\u0131klamas\u0131:<\/strong><br \/>\n1. Ba\u011f\u0131rsak yaralar\u0131nda, anaerobik bakterilerde ve mantarlarda bakteri \u00fcremesini durdurur.<br \/>\n2. K\u00f6t\u00fc nefes ve v\u00fccut kokusunu ortadan kald\u0131r\u0131r.<br \/>\n3. Di\u015f \u00e7\u00fcr\u00fcmelerini ve di\u015f eti hastal\u0131klar\u0131n\u0131 \u00f6nler.<br \/>\n4. Kar\u015f\u0131 etkiler: so\u011fuk alg\u0131nl\u0131\u011f\u0131, bo\u011faz a\u011fr\u0131s\u0131, bademcik iltihab\u0131, piyore, di\u015f eti iltihab\u0131, mide ve ba\u011f\u0131rsak \u00fclserleri, deri iltihab\u0131, artrit vb.<br \/>\n5. Doku yenilenmesini ve onar\u0131m\u0131n\u0131 destekler.<br \/>\n6. Radyasyon hasar\u0131na kar\u015f\u0131 dayan\u0131kl\u0131d\u0131r.<br \/>\n7. Sa\u011fl\u0131kl\u0131 ba\u011f\u0131rsak floras\u0131n\u0131 destekler.<br \/>\n8. K vitamini sentezinde rol alan enzimlerin etkisini aktive eder.<br \/>\n9. Emziren annelerde s\u00fct \u00fcretimini art\u0131r\u0131r.<\/p>\n<p><strong>\u00dcr\u00fcn kodu<\/strong>: <span data-sanitized-data-mce-fragment=\"1\">1580 <\/span><strong>Kategori <\/strong>: G\u0131da Takviyeleri <strong>Se\u00e7ilen \u00fcr\u00fcnler: <\/strong>\u015eimdi stokta<\/p>\n<p><span style=\"text-decoration: underline; color: #3f6348;\"><strong>\u0130\u00e7indekiler<\/strong><\/span><\/p>\n<p>Sodyum Bak\u0131r Klorofilin i\u00e7eren g\u0131da takviyesi;<\/p>\n<p>Ek bir klorofil kayna\u011f\u0131d\u0131r.<\/p>\n<p>Bile\u015fim (1 \u00e7ay ka\u015f\u0131\u011f\u0131 -\/5 ml): sodyum-bak\u0131r klorofilin (sodyum bak\u0131r klorofilin) &#8211; 14,9 mg;<\/p>\n<p>mentol ya\u011f\u0131 (Mentha spicata) &#8211; 4,35 mg.<\/p>\n<p><strong>Aktif olmayan bile\u015fenler:<\/strong> ar\u0131t\u0131lm\u0131\u015f su ve bitkisel gliserin.<\/p>\n<p><span style=\"text-decoration: underline; color: #3e6347;\"><strong>Kullan\u0131m<\/strong><\/span><\/p>\n<p style=\"padding-left: 30px;\">Yeti\u015fkinler i\u00e7in, g\u00fcnde \u00fc\u00e7 kez yemeklerle birlikte, bir \u00e7ay ka\u015f\u0131\u011f\u0131 suda seyreltilerek i\u00e7ilir. Kullan\u0131m s\u00fcresi bir ayd\u0131r.<\/p>\n<p><strong>Kontrendikasyonlar<\/strong>: ki\u015fisel intolerans, hamilelik ve emzirme.<\/p>\n<p>Saklama <strong>ko\u015fullar\u0131 <\/strong>: \u00c7ocuklar\u0131n ula\u015famayaca\u011f\u0131 kuru bir yerde + 25 \u00b0C&#8217;yi ge\u00e7meyen s\u0131cakl\u0131kta saklay\u0131n\u0131z. \u00dcr\u00fcn\u00fc a\u00e7t\u0131ktan sonra buzdolab\u0131nda saklay\u0131n\u0131z.<\/p>\n<\/div>\r\n            <\/div>\r\n        <\/div>\r\n\r\n\n","protected":false},"excerpt":{"rendered":"<ul>\n<li>Sodyum Bak\u0131r Klorofilin ve K\u0131v\u0131rc\u0131k Nane Ya\u011f i\u00e7erir.<\/li>\n<li>Takviye Edici G\u0131dad\u0131r.<\/li>\n<\/ul>\n","protected":false},"featured_media":7977,"template":"","meta":{"_acf_changed":false},"product_cat":[397],"product_tag":[],"class_list":{"0":"post-7998","1":"product","2":"type-product","3":"status-publish","4":"has-post-thumbnail","6":"product_cat-heath","7":"pa_body-systems-bagisiklik-ve-lenfatik","8":"pa_body-systems-hematopoez","9":"pa_body-systems-idrar","10":"pa_body-systems-metabolizma","11":"pa_body-systems-sindirim-sistemi","12":"pa_body-systems-solunum","13":"pa_health-topics-bagisiklik","14":"pa_health-topics-cocuk-sagligi","15":"pa_health-topics-detoks-ve-arinma","16":"pa_health-topics-enflamasyon-ve-agri","17":"pa_health-topics-hamile-emziren","18":"pa_health-topics-mevsimsel-destek","19":"pa_health-topics-sindirim","20":"pa_product-categories-antibakteriyeller","21":"pa_product-categories-antifungal-tr","22":"pa_product-categories-nutrasotikler","23":"pa_product-categories-onkoprotektorler","25":"first","26":"instock","27":"sale","28":"shipping-taxable","29":"purchasable","30":"product-type-simple"},"acf":[],"yoast_head":"<!-- This site is optimized with the Yoast SEO plugin v22.3 - https:\/\/yoast.com\/wordpress\/plugins\/seo\/ -->\n<title>S\u0131v\u0131 Klorofilin NSP | Dietary Supplements<\/title>\n<meta name=\"description\" content=\"Chlorophyll Liquid NSP: Doku yenilenmesini ve yaralar\u0131n h\u0131zl\u0131 iyile\u015fmesini destekler. V\u00fccudun ba\u011f\u0131\u015f\u0131kl\u0131k sistemini uyar\u0131r. Rejenerasyon s\u00fcre\u00e7lerini h\u0131zland\u0131r\u0131r.\" \/>\n<meta name=\"robots\" content=\"index, follow, max-snippet:-1, max-image-preview:large, max-video-preview:-1\" \/>\n<link rel=\"canonical\" href=\"https:\/\/nspshop.net\/tr\/urun\/klorofil-sivi-nsp\/\" \/>\n<meta property=\"og:locale\" content=\"tr_TR\" \/>\n<meta property=\"og:type\" content=\"article\" \/>\n<meta property=\"og:title\" content=\"S\u0131v\u0131 Klorofilin NSP | Dietary Supplements\" \/>\n<meta property=\"og:description\" content=\"Chlorophyll Liquid NSP: Doku yenilenmesini ve yaralar\u0131n h\u0131zl\u0131 iyile\u015fmesini destekler. V\u00fccudun ba\u011f\u0131\u015f\u0131kl\u0131k sistemini uyar\u0131r. Rejenerasyon s\u00fcre\u00e7lerini h\u0131zland\u0131r\u0131r.\" \/>\n<meta property=\"og:url\" content=\"https:\/\/nspshop.net\/tr\/urun\/klorofil-sivi-nsp\/\" \/>\n<meta property=\"og:site_name\" content=\"Dietary Supplements\" \/>\n<meta property=\"article:modified_time\" content=\"2024-03-31T08:31:39+00:00\" \/>\n<meta property=\"og:image\" content=\"https:\/\/nspshop.net\/wp-content\/uploads\/2023\/06\/Chlorophyll_Liquid.webp\" \/>\n\t<meta property=\"og:image:width\" content=\"1350\" \/>\n\t<meta property=\"og:image:height\" content=\"1350\" \/>\n\t<meta property=\"og:image:type\" content=\"image\/webp\" \/>\n<meta name=\"twitter:card\" content=\"summary_large_image\" \/>\n<meta name=\"twitter:label1\" content=\"Tahmini okuma s\u00fcresi\" \/>\n\t<meta name=\"twitter:data1\" content=\"1 dakika\" \/>\n<script type=\"application\/ld+json\" class=\"yoast-schema-graph\">{\"@context\":\"https:\/\/schema.org\",\"@graph\":[{\"@type\":\"WebPage\",\"@id\":\"https:\/\/nspshop.net\/tr\/urun\/klorofil-sivi-nsp\/\",\"url\":\"https:\/\/nspshop.net\/tr\/urun\/klorofil-sivi-nsp\/\",\"name\":\"S\u0131v\u0131 Klorofilin NSP | Dietary Supplements\",\"isPartOf\":{\"@id\":\"https:\/\/nspshop.net\/#website\"},\"primaryImageOfPage\":{\"@id\":\"https:\/\/nspshop.net\/tr\/urun\/klorofil-sivi-nsp\/#primaryimage\"},\"image\":{\"@id\":\"https:\/\/nspshop.net\/tr\/urun\/klorofil-sivi-nsp\/#primaryimage\"},\"thumbnailUrl\":\"https:\/\/nspshop.net\/wp-content\/uploads\/2023\/06\/Chlorophyll_Liquid.webp\",\"datePublished\":\"2023-06-04T05:45:09+00:00\",\"dateModified\":\"2024-03-31T08:31:39+00:00\",\"description\":\"Chlorophyll Liquid NSP: Doku yenilenmesini ve yaralar\u0131n h\u0131zl\u0131 iyile\u015fmesini destekler. V\u00fccudun ba\u011f\u0131\u015f\u0131kl\u0131k sistemini uyar\u0131r. Rejenerasyon s\u00fcre\u00e7lerini h\u0131zland\u0131r\u0131r.\",\"breadcrumb\":{\"@id\":\"https:\/\/nspshop.net\/tr\/urun\/klorofil-sivi-nsp\/#breadcrumb\"},\"inLanguage\":\"tr\",\"potentialAction\":[{\"@type\":\"ReadAction\",\"target\":[\"https:\/\/nspshop.net\/tr\/urun\/klorofil-sivi-nsp\/\"]}]},{\"@type\":\"ImageObject\",\"inLanguage\":\"tr\",\"@id\":\"https:\/\/nspshop.net\/tr\/urun\/klorofil-sivi-nsp\/#primaryimage\",\"url\":\"https:\/\/nspshop.net\/wp-content\/uploads\/2023\/06\/Chlorophyll_Liquid.webp\",\"contentUrl\":\"https:\/\/nspshop.net\/wp-content\/uploads\/2023\/06\/Chlorophyll_Liquid.webp\",\"width\":1350,\"height\":1350,\"caption\":\"Chlorophyll Liquid NSP\"},{\"@type\":\"BreadcrumbList\",\"@id\":\"https:\/\/nspshop.net\/tr\/urun\/klorofil-sivi-nsp\/#breadcrumb\",\"itemListElement\":[{\"@type\":\"ListItem\",\"position\":1,\"name\":\"\u0413\u043b\u0430\u0432\u043d\u0430\u044f \u0441\u0442\u0440\u0430\u043d\u0438\u0446\u0430\",\"item\":\"https:\/\/nspshop.net\/\"},{\"@type\":\"ListItem\",\"position\":2,\"name\":\"D\u00fckk\u00e2n\",\"item\":\"https:\/\/nspshop.net\/tr\/shop\/\"},{\"@type\":\"ListItem\",\"position\":3,\"name\":\"S\u0131v\u0131 Klorofilin NSP\"}]},{\"@type\":\"WebSite\",\"@id\":\"https:\/\/nspshop.net\/#website\",\"url\":\"https:\/\/nspshop.net\/\",\"name\":\"Dietary Supplements\",\"description\":\"BuyNSP\",\"publisher\":{\"@id\":\"https:\/\/nspshop.net\/#organization\"},\"potentialAction\":[{\"@type\":\"SearchAction\",\"target\":{\"@type\":\"EntryPoint\",\"urlTemplate\":\"https:\/\/nspshop.net\/?s={search_term_string}\"},\"query-input\":\"required name=search_term_string\"}],\"inLanguage\":\"tr\"},{\"@type\":\"Organization\",\"@id\":\"https:\/\/nspshop.net\/#organization\",\"name\":\"Dietary Supplements\",\"alternateName\":\"BuyNSP\",\"url\":\"https:\/\/nspshop.net\/\",\"logo\":{\"@type\":\"ImageObject\",\"inLanguage\":\"tr\",\"@id\":\"https:\/\/nspshop.net\/#\/schema\/logo\/image\/\",\"url\":\"https:\/\/nspshop.net\/wp-content\/uploads\/2023\/06\/cropped-Logo-NSP.png\",\"contentUrl\":\"https:\/\/nspshop.net\/wp-content\/uploads\/2023\/06\/cropped-Logo-NSP.png\",\"width\":512,\"height\":512,\"caption\":\"Dietary Supplements\"},\"image\":{\"@id\":\"https:\/\/nspshop.net\/#\/schema\/logo\/image\/\"}}]}<\/script>\n<!-- \/ Yoast SEO plugin. -->","yoast_head_json":{"title":"S\u0131v\u0131 Klorofilin NSP | Dietary Supplements","description":"Chlorophyll Liquid NSP: Doku yenilenmesini ve yaralar\u0131n h\u0131zl\u0131 iyile\u015fmesini destekler. V\u00fccudun ba\u011f\u0131\u015f\u0131kl\u0131k sistemini uyar\u0131r. Rejenerasyon s\u00fcre\u00e7lerini h\u0131zland\u0131r\u0131r.","robots":{"index":"index","follow":"follow","max-snippet":"max-snippet:-1","max-image-preview":"max-image-preview:large","max-video-preview":"max-video-preview:-1"},"canonical":"https:\/\/nspshop.net\/tr\/urun\/klorofil-sivi-nsp\/","og_locale":"tr_TR","og_type":"article","og_title":"S\u0131v\u0131 Klorofilin NSP | Dietary Supplements","og_description":"Chlorophyll Liquid NSP: Doku yenilenmesini ve yaralar\u0131n h\u0131zl\u0131 iyile\u015fmesini destekler. V\u00fccudun ba\u011f\u0131\u015f\u0131kl\u0131k sistemini uyar\u0131r. Rejenerasyon s\u00fcre\u00e7lerini h\u0131zland\u0131r\u0131r.","og_url":"https:\/\/nspshop.net\/tr\/urun\/klorofil-sivi-nsp\/","og_site_name":"Dietary Supplements","article_modified_time":"2024-03-31T08:31:39+00:00","og_image":[{"width":1350,"height":1350,"url":"https:\/\/nspshop.net\/wp-content\/uploads\/2023\/06\/Chlorophyll_Liquid.webp","type":"image\/webp"}],"twitter_card":"summary_large_image","twitter_misc":{"Tahmini okuma s\u00fcresi":"1 dakika"},"schema":{"@context":"https:\/\/schema.org","@graph":[{"@type":"WebPage","@id":"https:\/\/nspshop.net\/tr\/urun\/klorofil-sivi-nsp\/","url":"https:\/\/nspshop.net\/tr\/urun\/klorofil-sivi-nsp\/","name":"S\u0131v\u0131 Klorofilin NSP | Dietary Supplements","isPartOf":{"@id":"https:\/\/nspshop.net\/#website"},"primaryImageOfPage":{"@id":"https:\/\/nspshop.net\/tr\/urun\/klorofil-sivi-nsp\/#primaryimage"},"image":{"@id":"https:\/\/nspshop.net\/tr\/urun\/klorofil-sivi-nsp\/#primaryimage"},"thumbnailUrl":"https:\/\/nspshop.net\/wp-content\/uploads\/2023\/06\/Chlorophyll_Liquid.webp","datePublished":"2023-06-04T05:45:09+00:00","dateModified":"2024-03-31T08:31:39+00:00","description":"Chlorophyll Liquid NSP: Doku yenilenmesini ve yaralar\u0131n h\u0131zl\u0131 iyile\u015fmesini destekler. V\u00fccudun ba\u011f\u0131\u015f\u0131kl\u0131k sistemini uyar\u0131r. Rejenerasyon s\u00fcre\u00e7lerini h\u0131zland\u0131r\u0131r.","breadcrumb":{"@id":"https:\/\/nspshop.net\/tr\/urun\/klorofil-sivi-nsp\/#breadcrumb"},"inLanguage":"tr","potentialAction":[{"@type":"ReadAction","target":["https:\/\/nspshop.net\/tr\/urun\/klorofil-sivi-nsp\/"]}]},{"@type":"ImageObject","inLanguage":"tr","@id":"https:\/\/nspshop.net\/tr\/urun\/klorofil-sivi-nsp\/#primaryimage","url":"https:\/\/nspshop.net\/wp-content\/uploads\/2023\/06\/Chlorophyll_Liquid.webp","contentUrl":"https:\/\/nspshop.net\/wp-content\/uploads\/2023\/06\/Chlorophyll_Liquid.webp","width":1350,"height":1350,"caption":"Chlorophyll Liquid NSP"},{"@type":"BreadcrumbList","@id":"https:\/\/nspshop.net\/tr\/urun\/klorofil-sivi-nsp\/#breadcrumb","itemListElement":[{"@type":"ListItem","position":1,"name":"\u0413\u043b\u0430\u0432\u043d\u0430\u044f \u0441\u0442\u0440\u0430\u043d\u0438\u0446\u0430","item":"https:\/\/nspshop.net\/"},{"@type":"ListItem","position":2,"name":"D\u00fckk\u00e2n","item":"https:\/\/nspshop.net\/tr\/shop\/"},{"@type":"ListItem","position":3,"name":"S\u0131v\u0131 Klorofilin NSP"}]},{"@type":"WebSite","@id":"https:\/\/nspshop.net\/#website","url":"https:\/\/nspshop.net\/","name":"Dietary Supplements","description":"BuyNSP","publisher":{"@id":"https:\/\/nspshop.net\/#organization"},"potentialAction":[{"@type":"SearchAction","target":{"@type":"EntryPoint","urlTemplate":"https:\/\/nspshop.net\/?s={search_term_string}"},"query-input":"required name=search_term_string"}],"inLanguage":"tr"},{"@type":"Organization","@id":"https:\/\/nspshop.net\/#organization","name":"Dietary Supplements","alternateName":"BuyNSP","url":"https:\/\/nspshop.net\/","logo":{"@type":"ImageObject","inLanguage":"tr","@id":"https:\/\/nspshop.net\/#\/schema\/logo\/image\/","url":"https:\/\/nspshop.net\/wp-content\/uploads\/2023\/06\/cropped-Logo-NSP.png","contentUrl":"https:\/\/nspshop.net\/wp-content\/uploads\/2023\/06\/cropped-Logo-NSP.png","width":512,"height":512,"caption":"Dietary Supplements"},"image":{"@id":"https:\/\/nspshop.net\/#\/schema\/logo\/image\/"}}]}},"_links":{"self":[{"href":"https:\/\/nspshop.net\/tr\/wp-json\/wp\/v2\/product\/7998","targetHints":{"allow":["GET"]}}],"collection":[{"href":"https:\/\/nspshop.net\/tr\/wp-json\/wp\/v2\/product"}],"about":[{"href":"https:\/\/nspshop.net\/tr\/wp-json\/wp\/v2\/types\/product"}],"wp:featuredmedia":[{"embeddable":true,"href":"https:\/\/nspshop.net\/tr\/wp-json\/wp\/v2\/media\/7977"}],"wp:attachment":[{"href":"https:\/\/nspshop.net\/tr\/wp-json\/wp\/v2\/media?parent=7998"}],"wp:term":[{"taxonomy":"product_cat","embeddable":true,"href":"https:\/\/nspshop.net\/tr\/wp-json\/wp\/v2\/product_cat?post=7998"},{"taxonomy":"product_tag","embeddable":true,"href":"https:\/\/nspshop.net\/tr\/wp-json\/wp\/v2\/product_tag?post=7998"}],"curies":[{"name":"wp","href":"https:\/\/api.w.org\/{rel}","templated":true}]}}