{"id":7999,"date":"2023-06-02T08:29:33","date_gmt":"2023-06-02T05:29:33","guid":{"rendered":"https:\/\/nspshop.net\/product\/magnezyum-kompleks-nsp\/"},"modified":"2024-03-31T11:44:27","modified_gmt":"2024-03-31T08:44:27","slug":"magnezyum-kompleks-nsp","status":"publish","type":"product","link":"https:\/\/nspshop.net\/tr\/urun\/magnezyum-kompleks-nsp\/","title":{"rendered":"Magnezyum Helat NSP"},"content":{"rendered":"\r\n        <div class=\"med_worker_introduce_text \">\r\n\r\n            Bu b\u00f6l\u00fcm sadece <span class=\"med_anchor_link\"> <b>Sa\u011fl\u0131k profesyonelleri<\/b> i\u00e7indir<\/span>\r\n\r\n        <\/div>\r\n\r\n        <div class=\"med_worker_popup_wrapper hide\" style=\"background-color: rgba(10,10,10,0.3)\">\r\n            <div class=\"med_worker_popup\" style=\"width:1024px; height:600px;background-color:#ffffff; border-radius: 10px;\">\r\n                <div class=\"med_worker_confirmation\">\r\n                    <span style=\"font-size: 20px\">\r\n                        Sa\u011fl\u0131k profesyoneli misiniz?                    <\/span>\r\n                    <div class=\"med_worker_buttons\">\r\n                        <a href=\"\" class=\"confirm\" style=\"background-color:#0d594e; color: #ffffff;\">Evet<\/a>\r\n                        <a href=\"\" class=\"reject\" style=\"background-color:#bc2b2b; color: #0a0a0a;\">Hay\u0131r<\/a>\r\n                    <\/div>\r\n                <\/div>\r\n                <div class=\"med_worker_decription hide\"><h1 class=\"product_title entry-title\">Magnezyum Helat NSP nedir?<\/h1>\n<p class=\"product_title entry-title\">Magnezyum Helat NSP, insan v\u00fccudunun \u00e7e\u015fitli dokular\u0131n\u0131n, organlar\u0131n\u0131n ve sistemlerinin normal i\u015fleyi\u015fi i\u00e7in hayati \u00f6nem ta\u015f\u0131yan bir\u00e7ok mineral ve vitaminle birlikte en \u00f6nemli makro besinlerden biridir.<\/p>\n<p>Magnezyum, insan v\u00fccudunda \u00e7ok say\u0131da enzimatik reaksiyonun ger\u00e7ekle\u015fti\u011fi bir\u00e7ok enzimin kofakt\u00f6r\u00fcd\u00fcr. Magnezyum mitokondriyal enerji \u00fcretimini, depolanmas\u0131n\u0131 ve ta\u015f\u0131nmas\u0131n\u0131 d\u00fczenler, ya\u011f, protein ve karbonhidrat metabolizmas\u0131n\u0131n t\u00fcm enerji t\u00fcketen reaksiyonlar\u0131nda yer al\u0131r. Mineral, \u00f6zellikle glikozun par\u00e7alanmas\u0131 ve toksinlerin v\u00fccuttan at\u0131lmas\u0131 gibi enerji kullan\u0131m\u0131yla ilgili s\u00fcre\u00e7lerde aktiftir.<\/p>\n<p>Potasyum, sodyum ve kalsiyum ile yak\u0131n etkile\u015fim i\u00e7inde olan magnezyum, su-elektrolit dengesinin korunmas\u0131nda rol oynar. Makrobesin, n\u00f6rom\u00fcsk\u00fcler aparat\u0131n i\u015fleyi\u015finde rol oynar, antikonv\u00fclsan ve antispazmodik etkilere sahiptir, doku ve organ h\u00fccrelerinin yenilenmesini uyar\u0131r, ba\u011f dokusu olu\u015fumuna kat\u0131l\u0131r, kalsiyumun tam emilimini destekler, kemik dokusunu ve di\u015f minesini g\u00fc\u00e7lendirir. Magnezyum kalbin ritmik \u00e7al\u0131\u015fmas\u0131 i\u00e7in gereklidir, kan p\u0131ht\u0131la\u015fmas\u0131n\u0131 azalt\u0131r, hipertansiyon ve ateroskleroz geli\u015fimini \u00f6nler. Sakinle\u015ftirici bir etkiye sahip olan magnezyum, v\u00fccudun strese kar\u015f\u0131 direncini art\u0131r\u0131r.<\/p>\n<p>Magnezyum eksikli\u011fi d\u00fcnya genelinde en yayg\u0131n mineral eksikli\u011fi t\u00fcr\u00fcd\u00fcr ve n\u00f6rom\u00fcsk\u00fcler bozukluklar (kas g\u00fc\u00e7s\u00fczl\u00fc\u011f\u00fc, kramplar, n\u00f6betler), kronik yorgunluk, haf\u0131za ve dikkat azalmas\u0131, n\u00f6rolojik bozukluklar, vask\u00fcler bozukluklar, kalp rahats\u0131zl\u0131klar\u0131, gastrointestinal bozukluklar (kramplar, ishal vb.), \u00e7ocuklarda hiperaktivite sendromu, premenstr\u00fcel sendrom olarak kendini g\u00f6sterir.<\/p>\n<p>Y\u00fcksek fiziksel ve zihinsel stres, stres, a\u015f\u0131r\u0131 terleme, alkol t\u00fcketimi, laksatif ve di\u00fcretiklerin k\u00f6t\u00fcye kullan\u0131m\u0131 ile magnezyum ihtiyac\u0131 artar.<\/p>\n<p>Magnezyum Helat<\/p>\n<p>Ek magnezyum kompleksi al\u0131m\u0131 a\u015fa\u011f\u0131dakiler i\u00e7in \u00f6nerilebilir:<\/p>\n<ul>\n<li>Herhangi bir nedene ba\u011fl\u0131 hipomagnezemi;<\/li>\n<li>Poli\u00fcri;<\/li>\n<li>Hipertiroidizm ve hiperparatiroidizm;<\/li>\n<li>Aritmiler, kalp yetmezli\u011fi ve miyokard enfarkt\u00fcs\u00fc;<\/li>\n<li>Arteriyel hipertansiyon, ateroskleroz ve inme;<\/li>\n<li>Ba\u011f dokusu displazisi (prolapsuslar, d\u00fcz tabanl\u0131k, vb.);<\/li>\n<li>Osteoporoz;<\/li>\n<li>\u00dcrolitiyazis;<\/li>\n<li>Diabetes mellitus ve komplikasyonlar\u0131;<\/li>\n<li>Epilepsi ve n\u00f6betler;<\/li>\n<li>\u00c7ocuklarda hiperaktivite\/sinirlilik, otizm, demans, nevroz, depresyon;<\/li>\n<li>Bron\u015fiyal ast\u0131m;<\/li>\n<li>Spastik diskinezi;<\/li>\n<li>Kronik alkolizm.<\/li>\n<\/ul>\n<p>Magnezyum \u015eelat&#8217;\u0131n her kaps\u00fcl\u00fc, besinin maksimum emilimini sa\u011flayan malik ve sitrik asitlerin bir kombinasyonunda 100 mg saf magnezyum i\u00e7erir.<\/p>\n<p><strong>\u00dcr\u00fcn kodu<\/strong>: <span data-sanitized-data-mce-fragment=\"1\">1859 <\/span><strong>Kategori <\/strong>: G\u0131da Takviyeleri <strong>Se\u00e7ilen \u00fcr\u00fcnler: <\/strong>\u015eimdi stokta<\/p>\n<p><span style=\"text-decoration: underline; color: #3a643e;\"><strong>\u0130\u00e7indekiler<\/strong><\/span><\/p>\n<p style=\"padding-left: 30px;\">Magnezyum Kompleksi ek bir magnezyum kayna\u011f\u0131d\u0131r.<\/p>\n<p><strong>\u0130\u00e7erik<\/strong> (1 kaps\u00fcl): magnezyum (sitrat, malat) &#8211; 100 mg.<\/p>\n<p><strong>Aktif Olmayan \u0130\u00e7erikler:<\/strong> magnezyum stearat, sel\u00fcloz, silikon dioksit ve jelatin.<\/p>\n<p><span style=\"text-decoration: underline; color: #3c6640;\"><strong>Kullan\u0131m<\/strong><\/span><\/p>\n<p style=\"padding-left: 30px;\">Yeti\u015fkinler i\u00e7in g\u00fcnde \u00fc\u00e7 kez bir kaps\u00fcl. Kullan\u0131m s\u00fcresi bir ayd\u0131r.<\/p>\n<p><strong>Kontrendikasyonlar<\/strong>: ki\u015fisel intolerans, hamilelik ve emzirme.<\/p>\n<\/div>\r\n            <\/div>\r\n        <\/div>\r\n\r\n\n","protected":false},"excerpt":{"rendered":"<ul>\n<li>Magnezyum normal enerji olu\u015fum metabolizmas\u0131na katk\u0131da bulunur<\/li>\n<li>Magnezyum sinir sisteminin normal i\u015fleyi\u015fine katk\u0131da bulunur<\/li>\n<li>Magnezyum normal kas fonksiyonuna katk\u0131da bulunur<\/li>\n<li>Takviye edici g\u0131dad\u0131r<\/li>\n<\/ul>\n","protected":false},"featured_media":7984,"template":"","meta":{"_acf_changed":false},"product_cat":[397],"product_tag":[],"class_list":{"0":"post-7999","1":"product","2":"type-product","3":"status-publish","4":"has-post-thumbnail","6":"product_cat-heath","7":"pa_body-systems-endokrin-tr","8":"pa_body-systems-kardiyovaskuler","9":"pa_body-systems-metabolizma","10":"pa_body-systems-nervous-tr-2","11":"pa_health-topics-cocuk-sagligi","12":"pa_health-topics-detoks-ve-arinma","13":"pa_health-topics-enerji","14":"pa_health-topics-goz-sagligi","15":"pa_health-topics-hamile-emziren","16":"pa_health-topics-kalp-sagligi","17":"pa_health-topics-kemikler-ve-eklemler","18":"pa_health-topics-sac-cilt-tirnaklar","19":"pa_product-categories-adaptogenler","20":"pa_product-categories-nutrasotikler","21":"pa_product-categories-vitamins-and-minerals-tr","23":"first","24":"instock","25":"sale","26":"shipping-taxable","27":"purchasable","28":"product-type-simple"},"acf":[],"yoast_head":"<!-- This site is optimized with the Yoast SEO plugin v22.3 - https:\/\/yoast.com\/wordpress\/plugins\/seo\/ -->\n<title>Magnezyum Helat NSP | Dietary Supplements<\/title>\n<meta name=\"description\" content=\"Magnezyum Kompleks NSP: Ba\u011f dokusu olu\u015fumuna kat\u0131l\u0131r. Trombosit agregasyonunu \u00f6nleyerek kan p\u0131ht\u0131la\u015fmas\u0131n\u0131 azalt\u0131r.\" \/>\n<meta name=\"robots\" content=\"index, follow, max-snippet:-1, max-image-preview:large, max-video-preview:-1\" \/>\n<link rel=\"canonical\" href=\"https:\/\/nspshop.net\/tr\/urun\/magnezyum-kompleks-nsp\/\" \/>\n<meta property=\"og:locale\" content=\"tr_TR\" \/>\n<meta property=\"og:type\" content=\"article\" \/>\n<meta property=\"og:title\" content=\"Magnezyum Helat NSP | Dietary Supplements\" \/>\n<meta property=\"og:description\" content=\"Magnezyum Kompleks NSP: Ba\u011f dokusu olu\u015fumuna kat\u0131l\u0131r. Trombosit agregasyonunu \u00f6nleyerek kan p\u0131ht\u0131la\u015fmas\u0131n\u0131 azalt\u0131r.\" \/>\n<meta property=\"og:url\" content=\"https:\/\/nspshop.net\/tr\/urun\/magnezyum-kompleks-nsp\/\" \/>\n<meta property=\"og:site_name\" content=\"Dietary Supplements\" \/>\n<meta property=\"article:modified_time\" content=\"2024-03-31T08:44:27+00:00\" \/>\n<meta property=\"og:image\" content=\"https:\/\/nspshop.net\/wp-content\/uploads\/2023\/06\/Magnesium_Complex.webp\" \/>\n\t<meta property=\"og:image:width\" content=\"1350\" \/>\n\t<meta property=\"og:image:height\" content=\"1350\" \/>\n\t<meta property=\"og:image:type\" content=\"image\/webp\" \/>\n<meta name=\"twitter:card\" content=\"summary_large_image\" \/>\n<meta name=\"twitter:label1\" content=\"Tahmini okuma s\u00fcresi\" \/>\n\t<meta name=\"twitter:data1\" content=\"1 dakika\" \/>\n<script type=\"application\/ld+json\" class=\"yoast-schema-graph\">{\"@context\":\"https:\/\/schema.org\",\"@graph\":[{\"@type\":\"WebPage\",\"@id\":\"https:\/\/nspshop.net\/tr\/urun\/magnezyum-kompleks-nsp\/\",\"url\":\"https:\/\/nspshop.net\/tr\/urun\/magnezyum-kompleks-nsp\/\",\"name\":\"Magnezyum Helat NSP | Dietary Supplements\",\"isPartOf\":{\"@id\":\"https:\/\/nspshop.net\/#website\"},\"primaryImageOfPage\":{\"@id\":\"https:\/\/nspshop.net\/tr\/urun\/magnezyum-kompleks-nsp\/#primaryimage\"},\"image\":{\"@id\":\"https:\/\/nspshop.net\/tr\/urun\/magnezyum-kompleks-nsp\/#primaryimage\"},\"thumbnailUrl\":\"https:\/\/nspshop.net\/wp-content\/uploads\/2023\/06\/Magnesium_Complex.webp\",\"datePublished\":\"2023-06-02T05:29:33+00:00\",\"dateModified\":\"2024-03-31T08:44:27+00:00\",\"description\":\"Magnezyum Kompleks NSP: Ba\u011f dokusu olu\u015fumuna kat\u0131l\u0131r. Trombosit agregasyonunu \u00f6nleyerek kan p\u0131ht\u0131la\u015fmas\u0131n\u0131 azalt\u0131r.\",\"breadcrumb\":{\"@id\":\"https:\/\/nspshop.net\/tr\/urun\/magnezyum-kompleks-nsp\/#breadcrumb\"},\"inLanguage\":\"tr\",\"potentialAction\":[{\"@type\":\"ReadAction\",\"target\":[\"https:\/\/nspshop.net\/tr\/urun\/magnezyum-kompleks-nsp\/\"]}]},{\"@type\":\"ImageObject\",\"inLanguage\":\"tr\",\"@id\":\"https:\/\/nspshop.net\/tr\/urun\/magnezyum-kompleks-nsp\/#primaryimage\",\"url\":\"https:\/\/nspshop.net\/wp-content\/uploads\/2023\/06\/Magnesium_Complex.webp\",\"contentUrl\":\"https:\/\/nspshop.net\/wp-content\/uploads\/2023\/06\/Magnesium_Complex.webp\",\"width\":1350,\"height\":1350,\"caption\":\"Magnesium Complex NSP\"},{\"@type\":\"BreadcrumbList\",\"@id\":\"https:\/\/nspshop.net\/tr\/urun\/magnezyum-kompleks-nsp\/#breadcrumb\",\"itemListElement\":[{\"@type\":\"ListItem\",\"position\":1,\"name\":\"\u0413\u043b\u0430\u0432\u043d\u0430\u044f \u0441\u0442\u0440\u0430\u043d\u0438\u0446\u0430\",\"item\":\"https:\/\/nspshop.net\/\"},{\"@type\":\"ListItem\",\"position\":2,\"name\":\"D\u00fckk\u00e2n\",\"item\":\"https:\/\/nspshop.net\/tr\/shop\/\"},{\"@type\":\"ListItem\",\"position\":3,\"name\":\"Magnezyum Helat NSP\"}]},{\"@type\":\"WebSite\",\"@id\":\"https:\/\/nspshop.net\/#website\",\"url\":\"https:\/\/nspshop.net\/\",\"name\":\"Dietary Supplements\",\"description\":\"BuyNSP\",\"publisher\":{\"@id\":\"https:\/\/nspshop.net\/#organization\"},\"potentialAction\":[{\"@type\":\"SearchAction\",\"target\":{\"@type\":\"EntryPoint\",\"urlTemplate\":\"https:\/\/nspshop.net\/?s={search_term_string}\"},\"query-input\":\"required name=search_term_string\"}],\"inLanguage\":\"tr\"},{\"@type\":\"Organization\",\"@id\":\"https:\/\/nspshop.net\/#organization\",\"name\":\"Dietary Supplements\",\"alternateName\":\"BuyNSP\",\"url\":\"https:\/\/nspshop.net\/\",\"logo\":{\"@type\":\"ImageObject\",\"inLanguage\":\"tr\",\"@id\":\"https:\/\/nspshop.net\/#\/schema\/logo\/image\/\",\"url\":\"https:\/\/nspshop.net\/wp-content\/uploads\/2023\/06\/cropped-Logo-NSP.png\",\"contentUrl\":\"https:\/\/nspshop.net\/wp-content\/uploads\/2023\/06\/cropped-Logo-NSP.png\",\"width\":512,\"height\":512,\"caption\":\"Dietary Supplements\"},\"image\":{\"@id\":\"https:\/\/nspshop.net\/#\/schema\/logo\/image\/\"}}]}<\/script>\n<!-- \/ Yoast SEO plugin. -->","yoast_head_json":{"title":"Magnezyum Helat NSP | Dietary Supplements","description":"Magnezyum Kompleks NSP: Ba\u011f dokusu olu\u015fumuna kat\u0131l\u0131r. Trombosit agregasyonunu \u00f6nleyerek kan p\u0131ht\u0131la\u015fmas\u0131n\u0131 azalt\u0131r.","robots":{"index":"index","follow":"follow","max-snippet":"max-snippet:-1","max-image-preview":"max-image-preview:large","max-video-preview":"max-video-preview:-1"},"canonical":"https:\/\/nspshop.net\/tr\/urun\/magnezyum-kompleks-nsp\/","og_locale":"tr_TR","og_type":"article","og_title":"Magnezyum Helat NSP | Dietary Supplements","og_description":"Magnezyum Kompleks NSP: Ba\u011f dokusu olu\u015fumuna kat\u0131l\u0131r. Trombosit agregasyonunu \u00f6nleyerek kan p\u0131ht\u0131la\u015fmas\u0131n\u0131 azalt\u0131r.","og_url":"https:\/\/nspshop.net\/tr\/urun\/magnezyum-kompleks-nsp\/","og_site_name":"Dietary Supplements","article_modified_time":"2024-03-31T08:44:27+00:00","og_image":[{"width":1350,"height":1350,"url":"https:\/\/nspshop.net\/wp-content\/uploads\/2023\/06\/Magnesium_Complex.webp","type":"image\/webp"}],"twitter_card":"summary_large_image","twitter_misc":{"Tahmini okuma s\u00fcresi":"1 dakika"},"schema":{"@context":"https:\/\/schema.org","@graph":[{"@type":"WebPage","@id":"https:\/\/nspshop.net\/tr\/urun\/magnezyum-kompleks-nsp\/","url":"https:\/\/nspshop.net\/tr\/urun\/magnezyum-kompleks-nsp\/","name":"Magnezyum Helat NSP | Dietary Supplements","isPartOf":{"@id":"https:\/\/nspshop.net\/#website"},"primaryImageOfPage":{"@id":"https:\/\/nspshop.net\/tr\/urun\/magnezyum-kompleks-nsp\/#primaryimage"},"image":{"@id":"https:\/\/nspshop.net\/tr\/urun\/magnezyum-kompleks-nsp\/#primaryimage"},"thumbnailUrl":"https:\/\/nspshop.net\/wp-content\/uploads\/2023\/06\/Magnesium_Complex.webp","datePublished":"2023-06-02T05:29:33+00:00","dateModified":"2024-03-31T08:44:27+00:00","description":"Magnezyum Kompleks NSP: Ba\u011f dokusu olu\u015fumuna kat\u0131l\u0131r. Trombosit agregasyonunu \u00f6nleyerek kan p\u0131ht\u0131la\u015fmas\u0131n\u0131 azalt\u0131r.","breadcrumb":{"@id":"https:\/\/nspshop.net\/tr\/urun\/magnezyum-kompleks-nsp\/#breadcrumb"},"inLanguage":"tr","potentialAction":[{"@type":"ReadAction","target":["https:\/\/nspshop.net\/tr\/urun\/magnezyum-kompleks-nsp\/"]}]},{"@type":"ImageObject","inLanguage":"tr","@id":"https:\/\/nspshop.net\/tr\/urun\/magnezyum-kompleks-nsp\/#primaryimage","url":"https:\/\/nspshop.net\/wp-content\/uploads\/2023\/06\/Magnesium_Complex.webp","contentUrl":"https:\/\/nspshop.net\/wp-content\/uploads\/2023\/06\/Magnesium_Complex.webp","width":1350,"height":1350,"caption":"Magnesium Complex NSP"},{"@type":"BreadcrumbList","@id":"https:\/\/nspshop.net\/tr\/urun\/magnezyum-kompleks-nsp\/#breadcrumb","itemListElement":[{"@type":"ListItem","position":1,"name":"\u0413\u043b\u0430\u0432\u043d\u0430\u044f \u0441\u0442\u0440\u0430\u043d\u0438\u0446\u0430","item":"https:\/\/nspshop.net\/"},{"@type":"ListItem","position":2,"name":"D\u00fckk\u00e2n","item":"https:\/\/nspshop.net\/tr\/shop\/"},{"@type":"ListItem","position":3,"name":"Magnezyum Helat NSP"}]},{"@type":"WebSite","@id":"https:\/\/nspshop.net\/#website","url":"https:\/\/nspshop.net\/","name":"Dietary Supplements","description":"BuyNSP","publisher":{"@id":"https:\/\/nspshop.net\/#organization"},"potentialAction":[{"@type":"SearchAction","target":{"@type":"EntryPoint","urlTemplate":"https:\/\/nspshop.net\/?s={search_term_string}"},"query-input":"required name=search_term_string"}],"inLanguage":"tr"},{"@type":"Organization","@id":"https:\/\/nspshop.net\/#organization","name":"Dietary Supplements","alternateName":"BuyNSP","url":"https:\/\/nspshop.net\/","logo":{"@type":"ImageObject","inLanguage":"tr","@id":"https:\/\/nspshop.net\/#\/schema\/logo\/image\/","url":"https:\/\/nspshop.net\/wp-content\/uploads\/2023\/06\/cropped-Logo-NSP.png","contentUrl":"https:\/\/nspshop.net\/wp-content\/uploads\/2023\/06\/cropped-Logo-NSP.png","width":512,"height":512,"caption":"Dietary Supplements"},"image":{"@id":"https:\/\/nspshop.net\/#\/schema\/logo\/image\/"}}]}},"_links":{"self":[{"href":"https:\/\/nspshop.net\/tr\/wp-json\/wp\/v2\/product\/7999","targetHints":{"allow":["GET"]}}],"collection":[{"href":"https:\/\/nspshop.net\/tr\/wp-json\/wp\/v2\/product"}],"about":[{"href":"https:\/\/nspshop.net\/tr\/wp-json\/wp\/v2\/types\/product"}],"wp:featuredmedia":[{"embeddable":true,"href":"https:\/\/nspshop.net\/tr\/wp-json\/wp\/v2\/media\/7984"}],"wp:attachment":[{"href":"https:\/\/nspshop.net\/tr\/wp-json\/wp\/v2\/media?parent=7999"}],"wp:term":[{"taxonomy":"product_cat","embeddable":true,"href":"https:\/\/nspshop.net\/tr\/wp-json\/wp\/v2\/product_cat?post=7999"},{"taxonomy":"product_tag","embeddable":true,"href":"https:\/\/nspshop.net\/tr\/wp-json\/wp\/v2\/product_tag?post=7999"}],"curies":[{"name":"wp","href":"https:\/\/api.w.org\/{rel}","templated":true}]}}