{"id":8000,"date":"2023-06-04T19:06:35","date_gmt":"2023-06-04T16:06:35","guid":{"rendered":"https:\/\/nspshop.net\/product\/kelp-nsp\/"},"modified":"2024-03-31T11:12:47","modified_gmt":"2024-03-31T08:12:47","slug":"kelp-nsp","status":"publish","type":"product","link":"https:\/\/nspshop.net\/tr\/urun\/kelp-nsp\/","title":{"rendered":"Kelp NSP"},"content":{"rendered":"\r\n        <div class=\"med_worker_introduce_text \">\r\n\r\n            Bu b\u00f6l\u00fcm sadece <span class=\"med_anchor_link\"> <b>Sa\u011fl\u0131k profesyonelleri<\/b> i\u00e7indir<\/span>\r\n\r\n        <\/div>\r\n\r\n        <div class=\"med_worker_popup_wrapper hide\" style=\"background-color: rgba(10,10,10,0.3)\">\r\n            <div class=\"med_worker_popup\" style=\"width:1024px; height:600px;background-color:#ffffff; border-radius: 10px;\">\r\n                <div class=\"med_worker_confirmation\">\r\n                    <span style=\"font-size: 20px\">\r\n                        Sa\u011fl\u0131k profesyoneli misiniz?                    <\/span>\r\n                    <div class=\"med_worker_buttons\">\r\n                        <a href=\"\" class=\"confirm\" style=\"background-color:#0d594e; color: #ffffff;\">Evet<\/a>\r\n                        <a href=\"\" class=\"reject\" style=\"background-color:#bc2b2b; color: #0a0a0a;\">Hay\u0131r<\/a>\r\n                    <\/div>\r\n                <\/div>\r\n                <div class=\"med_worker_decription hide\"><h1>Kelp NSP<\/h1>\n<p>Kelp NSP takviyeleri iki t\u00fcr kahverengi alg i\u00e7erir:<\/p>\n<p>Ascophyllum nodosum, kuzey denizlerinde bulunan Fucus ailesinden kahverengi bir algdir;<br \/>\nLaminaria digitata, kuzey Atlantik Okyanusu&#8217;nda yeti\u015fen Laminaria cinsinden kahverengi bir algdir;<br \/>\nKelp 12 do\u011fal vitamin (A, B1, B2, C, D, E, vb.) ve esansiyel amino asit kayna\u011f\u0131d\u0131r. Yosun, bir insan i\u00e7in gerekli olan birka\u00e7 d\u00fczine makro ve mikro elementi (demir, sodyum, kalsiyum, magnezyum, potasyum, fosfor, k\u00fck\u00fcrt, baryum, vb.) ve asimilasyon i\u00e7in en eri\u015filebilir formda i\u00e7erir. Ve en \u00f6nemlisi Kelp&#8217;in bol miktarda iyot i\u00e7ermesidir. Kahverengi alglerin bu kimyasal elementin en iyi do\u011fal kayna\u011f\u0131 oldu\u011fu bilinmektedir.<\/p>\n<p>G\u00fcnl\u00fck iyot ihtiyac\u0131 azd\u0131r ve mikrogram (mcg) miktar\u0131ndad\u0131r. \u0130yot mikro elementlere aittir. Ancak iyotun insan sa\u011fl\u0131\u011f\u0131 i\u00e7in \u00f6nemi \u00e7ok b\u00fcy\u00fckt\u00fcr! \u0130yotun insan v\u00fccudundaki ana rol\u00fc, hormon dengesini, metabolizmay\u0131, ba\u011f\u0131\u015f\u0131kl\u0131k sistemini ve di\u011fer bir\u00e7ok v\u00fccut sisteminin i\u015fleyi\u015fini etkileyen tiroid hormonlar\u0131n\u0131n sentezlenmesidir. Bir ki\u015finin sadece fiziksel durumu de\u011fil, zihinsel yetenekleri de hormon seviyesine ba\u011fl\u0131d\u0131r.<\/p>\n<p>D\u00fcnya Sa\u011fl\u0131k \u00d6rg\u00fct\u00fc&#8217;ne g\u00f6re d\u00fcnya genelinde 2 milyardan fazla insan iyot eksikli\u011fi ya\u015famaktad\u0131r. Rusya Federasyonu&#8217;nda 100 milyon insan do\u011fal iyot eksikli\u011fi olan b\u00f6lgelerde ya\u015famaktad\u0131r ve iyot al\u0131m\u0131 40-80 mkg\/g\u00fcn olup ortalama 150 mkg&#8217;d\u0131r. Kelp (kahverengi yosun) takviyesi iyot eksikli\u011fini gidermeye yard\u0131mc\u0131 olabilir.<\/p>\n<p>Kelp Kullan\u0131m\u0131<br \/>\nYosun, v\u00fccuttaki iyot eksikli\u011fi i\u00e7in bir \u00e7aredir. \u00d6ncelikle iyot eksikli\u011finin ve iyot eksikli\u011finden kaynaklanan tiroid hastal\u0131\u011f\u0131n\u0131n \u00f6nlenmesi i\u00e7in kullan\u0131l\u0131r.<\/p>\n<p>Kelp antitrombotik etkiye sahiptir (kan p\u0131ht\u0131lar\u0131n\u0131n olu\u015fumunu \u00f6nler), kalp kas\u0131n\u0131n kas\u0131lmas\u0131 \u00fczerinde olumlu bir etkiye sahiptir, kan damarlar\u0131ndaki sklerotik de\u011fi\u015fiklikleri \u00f6nler, ateroskleroz ve koroner kalp hastal\u0131\u011f\u0131n\u0131n geli\u015fmesini \u00f6nler.<\/p>\n<p>Kelp, a\u011f\u0131r metal tuzlar\u0131n\u0131 (c\u0131va, kur\u015fun) ve radyoaktif elementleri (stronsiyum, sezyum) ba\u011flama ve v\u00fccuttan uzakla\u015ft\u0131rma konusunda benzersiz bir yetene\u011fe sahip \u00e7\u00f6z\u00fcnebilir diyet lifleri olan aljinatlar i\u00e7erir. Ayr\u0131ca aljinatlar antimikrobiyal ve imm\u00fcnomod\u00fclat\u00f6r aktiviteye sahiptir.<\/p>\n<p>Kelp biyolojik olarak aktif katk\u0131 maddesi mineraller ve vitaminler a\u00e7\u0131s\u0131ndan zengindir ve v\u00fccut \u00fczerinde onar\u0131c\u0131 bir etkiye sahiptir, ba\u011f\u0131\u015f\u0131kl\u0131k sistemini destekler, kemikleri, t\u0131rnaklar\u0131 ve sa\u00e7lar\u0131 g\u00fc\u00e7lendirir, ra\u015fitizm, osteoporoz, \u00e7\u00fcr\u00fck geli\u015fimini \u00f6nler.<\/p>\n<p>Bu nedenle, diyet takviyeleri Kelp kullan\u0131m\u0131 i\u00e7in endikasyonlar olabilir:<\/p>\n<ul>\n<li>\u0130yot eksikli\u011fi.<\/li>\n<li>Metabolizma bozuklu\u011fu.<\/li>\n<li>Tiroid bezinin hipofonksiyonu (i\u015flevinin azalmas\u0131).<\/li>\n<li>Ba\u011f\u0131\u015f\u0131kl\u0131k sistemi ar\u0131zas\u0131.<\/li>\n<li>Ateroskleroz.<\/li>\n<li>\u0130skemi.<\/li>\n<li>\u00c7evre dostu olmayan b\u00f6lgelerde ikamet.<\/li>\n<\/ul>\n<p><strong>\u00dcr\u00fcn kodu <\/strong>: 410 <strong>Kategori <\/strong>: G\u0131da Takviyeleri <strong>Se\u00e7ilen \u00fcr\u00fcnler: <\/strong>\u015eimdi stokta<\/p>\n<p><span style=\"text-decoration: underline;\"><strong>\u0130\u00e7indekiler<\/strong><\/span><\/p>\n<p>Tamamlay\u0131c\u0131 g\u0131da Kelp: Ek iyot kayna\u011f\u0131d\u0131r ve \u00e7\u00f6z\u00fcnebilir g\u0131da lifi (aljinatlar) i\u00e7erir.<\/p>\n<p><strong>\u0130\u00e7erik (1 kaps\u00fcl): <\/strong>Deniz Yosunu (Ascophyllum nodosum ve Laminaria digitata) &#8211; 525 mg. Aktif Olmayan \u0130\u00e7erikler <strong>: magnezyum <\/strong>stearat, silikon dioksit ve jelatin.<\/p>\n<p><span style=\"text-decoration: underline;\"><strong>Kullan\u0131m<\/strong><\/span><\/p>\n<p>Yeti\u015fkinler i\u00e7in g\u00fcnde bir kaps\u00fcl yemekle birlikte. Kullan\u0131m s\u00fcresi bir ayd\u0131r. \u0130ki ila \u00fc\u00e7 ay sonra kullan\u0131m tekrarlanabilir.<\/p>\n<p><strong>Kontrendikasyonlar:<\/strong> bireysel intolerans, iyot preparatlar\u0131na kar\u015f\u0131 etkiler, hamilelik ve emzirme.<\/p>\n<\/div>\r\n            <\/div>\r\n        <\/div>\r\n\r\n\n","protected":false},"excerpt":{"rendered":"<ul>\n<li>Ascophyllum nodosum, Kelp Yosunu i\u00e7erir.<\/li>\n<li>Takviye edici g\u0131dad\u0131r.<\/li>\n<\/ul>\n","protected":false},"featured_media":7982,"template":"","meta":{"_acf_changed":false},"product_cat":[397],"product_tag":[],"class_list":{"0":"post-8000","1":"product","2":"type-product","3":"status-publish","4":"has-post-thumbnail","6":"product_cat-heath","7":"pa_body-systems-endokrin-tr","8":"pa_body-systems-nervous-tr-2","9":"pa_health-topics-enerji","10":"pa_health-topics-fitness-tr","11":"pa_health-topics-hafiza-ve-beyin","12":"pa_health-topics-hamile-emziren","13":"pa_health-topics-kadin-sagligi","14":"pa_health-topics-sac-cilt-tirnaklar","15":"pa_health-topics-kilo-vermek","16":"pa_product-categories-adaptogenler","17":"pa_product-categories-parafarmasotikler","19":"first","20":"instock","21":"sale","22":"shipping-taxable","23":"purchasable","24":"product-type-simple"},"acf":[],"yoast_head":"<!-- This site is optimized with the Yoast SEO plugin v22.3 - https:\/\/yoast.com\/wordpress\/plugins\/seo\/ -->\n<title>Kelp NSP | Dietary Supplements<\/title>\n<meta name=\"description\" content=\"Kelp NSP - kahverengi alg: Tiroid bezinin normal fonksiyonunu korur. Metabolizmay\u0131 geli\u015ftirir. Ba\u011f\u0131\u015f\u0131kl\u0131k sistemini uyar\u0131r.\" \/>\n<meta name=\"robots\" content=\"index, follow, max-snippet:-1, max-image-preview:large, max-video-preview:-1\" \/>\n<link rel=\"canonical\" href=\"https:\/\/nspshop.net\/tr\/urun\/kelp-nsp\/\" \/>\n<meta property=\"og:locale\" content=\"tr_TR\" \/>\n<meta property=\"og:type\" content=\"article\" \/>\n<meta property=\"og:title\" content=\"Kelp NSP | Dietary Supplements\" \/>\n<meta property=\"og:description\" content=\"Kelp NSP - kahverengi alg: Tiroid bezinin normal fonksiyonunu korur. Metabolizmay\u0131 geli\u015ftirir. Ba\u011f\u0131\u015f\u0131kl\u0131k sistemini uyar\u0131r.\" \/>\n<meta property=\"og:url\" content=\"https:\/\/nspshop.net\/tr\/urun\/kelp-nsp\/\" \/>\n<meta property=\"og:site_name\" content=\"Dietary Supplements\" \/>\n<meta property=\"article:modified_time\" content=\"2024-03-31T08:12:47+00:00\" \/>\n<meta property=\"og:image\" content=\"https:\/\/nspshop.net\/wp-content\/uploads\/2023\/06\/Kelp.webp\" \/>\n\t<meta property=\"og:image:width\" content=\"1350\" \/>\n\t<meta property=\"og:image:height\" content=\"1350\" \/>\n\t<meta property=\"og:image:type\" content=\"image\/webp\" \/>\n<meta name=\"twitter:card\" content=\"summary_large_image\" \/>\n<meta name=\"twitter:label1\" content=\"Tahmini okuma s\u00fcresi\" \/>\n\t<meta name=\"twitter:data1\" content=\"1 dakika\" \/>\n<script type=\"application\/ld+json\" class=\"yoast-schema-graph\">{\"@context\":\"https:\/\/schema.org\",\"@graph\":[{\"@type\":\"WebPage\",\"@id\":\"https:\/\/nspshop.net\/tr\/urun\/kelp-nsp\/\",\"url\":\"https:\/\/nspshop.net\/tr\/urun\/kelp-nsp\/\",\"name\":\"Kelp NSP | Dietary Supplements\",\"isPartOf\":{\"@id\":\"https:\/\/nspshop.net\/#website\"},\"primaryImageOfPage\":{\"@id\":\"https:\/\/nspshop.net\/tr\/urun\/kelp-nsp\/#primaryimage\"},\"image\":{\"@id\":\"https:\/\/nspshop.net\/tr\/urun\/kelp-nsp\/#primaryimage\"},\"thumbnailUrl\":\"https:\/\/nspshop.net\/wp-content\/uploads\/2023\/06\/Kelp.webp\",\"datePublished\":\"2023-06-04T16:06:35+00:00\",\"dateModified\":\"2024-03-31T08:12:47+00:00\",\"description\":\"Kelp NSP - kahverengi alg: Tiroid bezinin normal fonksiyonunu korur. Metabolizmay\u0131 geli\u015ftirir. Ba\u011f\u0131\u015f\u0131kl\u0131k sistemini uyar\u0131r.\",\"breadcrumb\":{\"@id\":\"https:\/\/nspshop.net\/tr\/urun\/kelp-nsp\/#breadcrumb\"},\"inLanguage\":\"tr\",\"potentialAction\":[{\"@type\":\"ReadAction\",\"target\":[\"https:\/\/nspshop.net\/tr\/urun\/kelp-nsp\/\"]}]},{\"@type\":\"ImageObject\",\"inLanguage\":\"tr\",\"@id\":\"https:\/\/nspshop.net\/tr\/urun\/kelp-nsp\/#primaryimage\",\"url\":\"https:\/\/nspshop.net\/wp-content\/uploads\/2023\/06\/Kelp.webp\",\"contentUrl\":\"https:\/\/nspshop.net\/wp-content\/uploads\/2023\/06\/Kelp.webp\",\"width\":1350,\"height\":1350,\"caption\":\"Kelp NSP\"},{\"@type\":\"BreadcrumbList\",\"@id\":\"https:\/\/nspshop.net\/tr\/urun\/kelp-nsp\/#breadcrumb\",\"itemListElement\":[{\"@type\":\"ListItem\",\"position\":1,\"name\":\"\u0413\u043b\u0430\u0432\u043d\u0430\u044f \u0441\u0442\u0440\u0430\u043d\u0438\u0446\u0430\",\"item\":\"https:\/\/nspshop.net\/\"},{\"@type\":\"ListItem\",\"position\":2,\"name\":\"D\u00fckk\u00e2n\",\"item\":\"https:\/\/nspshop.net\/tr\/shop\/\"},{\"@type\":\"ListItem\",\"position\":3,\"name\":\"Kelp NSP\"}]},{\"@type\":\"WebSite\",\"@id\":\"https:\/\/nspshop.net\/#website\",\"url\":\"https:\/\/nspshop.net\/\",\"name\":\"Dietary Supplements\",\"description\":\"BuyNSP\",\"publisher\":{\"@id\":\"https:\/\/nspshop.net\/#organization\"},\"potentialAction\":[{\"@type\":\"SearchAction\",\"target\":{\"@type\":\"EntryPoint\",\"urlTemplate\":\"https:\/\/nspshop.net\/?s={search_term_string}\"},\"query-input\":\"required name=search_term_string\"}],\"inLanguage\":\"tr\"},{\"@type\":\"Organization\",\"@id\":\"https:\/\/nspshop.net\/#organization\",\"name\":\"Dietary Supplements\",\"alternateName\":\"BuyNSP\",\"url\":\"https:\/\/nspshop.net\/\",\"logo\":{\"@type\":\"ImageObject\",\"inLanguage\":\"tr\",\"@id\":\"https:\/\/nspshop.net\/#\/schema\/logo\/image\/\",\"url\":\"https:\/\/nspshop.net\/wp-content\/uploads\/2023\/06\/cropped-Logo-NSP.png\",\"contentUrl\":\"https:\/\/nspshop.net\/wp-content\/uploads\/2023\/06\/cropped-Logo-NSP.png\",\"width\":512,\"height\":512,\"caption\":\"Dietary Supplements\"},\"image\":{\"@id\":\"https:\/\/nspshop.net\/#\/schema\/logo\/image\/\"}}]}<\/script>\n<!-- \/ Yoast SEO plugin. -->","yoast_head_json":{"title":"Kelp NSP | Dietary Supplements","description":"Kelp NSP - kahverengi alg: Tiroid bezinin normal fonksiyonunu korur. Metabolizmay\u0131 geli\u015ftirir. Ba\u011f\u0131\u015f\u0131kl\u0131k sistemini uyar\u0131r.","robots":{"index":"index","follow":"follow","max-snippet":"max-snippet:-1","max-image-preview":"max-image-preview:large","max-video-preview":"max-video-preview:-1"},"canonical":"https:\/\/nspshop.net\/tr\/urun\/kelp-nsp\/","og_locale":"tr_TR","og_type":"article","og_title":"Kelp NSP | Dietary Supplements","og_description":"Kelp NSP - kahverengi alg: Tiroid bezinin normal fonksiyonunu korur. Metabolizmay\u0131 geli\u015ftirir. Ba\u011f\u0131\u015f\u0131kl\u0131k sistemini uyar\u0131r.","og_url":"https:\/\/nspshop.net\/tr\/urun\/kelp-nsp\/","og_site_name":"Dietary Supplements","article_modified_time":"2024-03-31T08:12:47+00:00","og_image":[{"width":1350,"height":1350,"url":"https:\/\/nspshop.net\/wp-content\/uploads\/2023\/06\/Kelp.webp","type":"image\/webp"}],"twitter_card":"summary_large_image","twitter_misc":{"Tahmini okuma s\u00fcresi":"1 dakika"},"schema":{"@context":"https:\/\/schema.org","@graph":[{"@type":"WebPage","@id":"https:\/\/nspshop.net\/tr\/urun\/kelp-nsp\/","url":"https:\/\/nspshop.net\/tr\/urun\/kelp-nsp\/","name":"Kelp NSP | Dietary Supplements","isPartOf":{"@id":"https:\/\/nspshop.net\/#website"},"primaryImageOfPage":{"@id":"https:\/\/nspshop.net\/tr\/urun\/kelp-nsp\/#primaryimage"},"image":{"@id":"https:\/\/nspshop.net\/tr\/urun\/kelp-nsp\/#primaryimage"},"thumbnailUrl":"https:\/\/nspshop.net\/wp-content\/uploads\/2023\/06\/Kelp.webp","datePublished":"2023-06-04T16:06:35+00:00","dateModified":"2024-03-31T08:12:47+00:00","description":"Kelp NSP - kahverengi alg: Tiroid bezinin normal fonksiyonunu korur. Metabolizmay\u0131 geli\u015ftirir. Ba\u011f\u0131\u015f\u0131kl\u0131k sistemini uyar\u0131r.","breadcrumb":{"@id":"https:\/\/nspshop.net\/tr\/urun\/kelp-nsp\/#breadcrumb"},"inLanguage":"tr","potentialAction":[{"@type":"ReadAction","target":["https:\/\/nspshop.net\/tr\/urun\/kelp-nsp\/"]}]},{"@type":"ImageObject","inLanguage":"tr","@id":"https:\/\/nspshop.net\/tr\/urun\/kelp-nsp\/#primaryimage","url":"https:\/\/nspshop.net\/wp-content\/uploads\/2023\/06\/Kelp.webp","contentUrl":"https:\/\/nspshop.net\/wp-content\/uploads\/2023\/06\/Kelp.webp","width":1350,"height":1350,"caption":"Kelp NSP"},{"@type":"BreadcrumbList","@id":"https:\/\/nspshop.net\/tr\/urun\/kelp-nsp\/#breadcrumb","itemListElement":[{"@type":"ListItem","position":1,"name":"\u0413\u043b\u0430\u0432\u043d\u0430\u044f \u0441\u0442\u0440\u0430\u043d\u0438\u0446\u0430","item":"https:\/\/nspshop.net\/"},{"@type":"ListItem","position":2,"name":"D\u00fckk\u00e2n","item":"https:\/\/nspshop.net\/tr\/shop\/"},{"@type":"ListItem","position":3,"name":"Kelp NSP"}]},{"@type":"WebSite","@id":"https:\/\/nspshop.net\/#website","url":"https:\/\/nspshop.net\/","name":"Dietary Supplements","description":"BuyNSP","publisher":{"@id":"https:\/\/nspshop.net\/#organization"},"potentialAction":[{"@type":"SearchAction","target":{"@type":"EntryPoint","urlTemplate":"https:\/\/nspshop.net\/?s={search_term_string}"},"query-input":"required name=search_term_string"}],"inLanguage":"tr"},{"@type":"Organization","@id":"https:\/\/nspshop.net\/#organization","name":"Dietary Supplements","alternateName":"BuyNSP","url":"https:\/\/nspshop.net\/","logo":{"@type":"ImageObject","inLanguage":"tr","@id":"https:\/\/nspshop.net\/#\/schema\/logo\/image\/","url":"https:\/\/nspshop.net\/wp-content\/uploads\/2023\/06\/cropped-Logo-NSP.png","contentUrl":"https:\/\/nspshop.net\/wp-content\/uploads\/2023\/06\/cropped-Logo-NSP.png","width":512,"height":512,"caption":"Dietary Supplements"},"image":{"@id":"https:\/\/nspshop.net\/#\/schema\/logo\/image\/"}}]}},"_links":{"self":[{"href":"https:\/\/nspshop.net\/tr\/wp-json\/wp\/v2\/product\/8000","targetHints":{"allow":["GET"]}}],"collection":[{"href":"https:\/\/nspshop.net\/tr\/wp-json\/wp\/v2\/product"}],"about":[{"href":"https:\/\/nspshop.net\/tr\/wp-json\/wp\/v2\/types\/product"}],"wp:featuredmedia":[{"embeddable":true,"href":"https:\/\/nspshop.net\/tr\/wp-json\/wp\/v2\/media\/7982"}],"wp:attachment":[{"href":"https:\/\/nspshop.net\/tr\/wp-json\/wp\/v2\/media?parent=8000"}],"wp:term":[{"taxonomy":"product_cat","embeddable":true,"href":"https:\/\/nspshop.net\/tr\/wp-json\/wp\/v2\/product_cat?post=8000"},{"taxonomy":"product_tag","embeddable":true,"href":"https:\/\/nspshop.net\/tr\/wp-json\/wp\/v2\/product_tag?post=8000"}],"curies":[{"name":"wp","href":"https:\/\/api.w.org\/{rel}","templated":true}]}}