{"id":8001,"date":"2023-06-04T18:49:18","date_gmt":"2023-06-04T15:49:18","guid":{"rendered":"https:\/\/nspshop.net\/product\/coklu-vitaminler-nsp\/"},"modified":"2024-03-31T11:13:43","modified_gmt":"2024-03-31T08:13:43","slug":"vitazavrik-nsp","status":"publish","type":"product","link":"https:\/\/nspshop.net\/tr\/urun\/vitazavrik-nsp\/","title":{"rendered":"\u201cVitazavrik\u201d Demir \u0130\u00e7eren \u00c7i\u011fnenebilir Vitamin NSP"},"content":{"rendered":"\r\n        <div class=\"med_worker_introduce_text \">\r\n\r\n            Bu b\u00f6l\u00fcm sadece <span class=\"med_anchor_link\"> <b>Sa\u011fl\u0131k profesyonelleri<\/b> i\u00e7indir<\/span>\r\n\r\n        <\/div>\r\n\r\n        <div class=\"med_worker_popup_wrapper hide\" style=\"background-color: rgba(10,10,10,0.3)\">\r\n            <div class=\"med_worker_popup\" style=\"width:1024px; height:600px;background-color:#ffffff; border-radius: 10px;\">\r\n                <div class=\"med_worker_confirmation\">\r\n                    <span style=\"font-size: 20px\">\r\n                        Sa\u011fl\u0131k profesyoneli misiniz?                    <\/span>\r\n                    <div class=\"med_worker_buttons\">\r\n                        <a href=\"\" class=\"confirm\" style=\"background-color:#0d594e; color: #ffffff;\">Evet<\/a>\r\n                        <a href=\"\" class=\"reject\" style=\"background-color:#bc2b2b; color: #0a0a0a;\">Hay\u0131r<\/a>\r\n                    <\/div>\r\n                <\/div>\r\n                <div class=\"med_worker_decription hide\"><h1 class=\"product_title entry-title\">\u201cVitazavrik\u201d Demir \u0130\u00e7eren \u00c7i\u011fnenebilir Vitamin NSP<\/h1>\n<p>K\u00fc\u00e7\u00fck \u00e7ocuklar\u0131n v\u00fccutlar\u0131, vitaminler ve biyolojik elementler gibi temel besin fakt\u00f6rlerinin eksikli\u011fine kar\u015f\u0131 hassast\u0131r. NSP \u015firketinin Vitazavrik \u00fcr\u00fcn\u00fcn\u00fcn g\u00fcc\u00fc, sa\u011fl\u0131kl\u0131 g\u00f6rme ve bula\u015f\u0131c\u0131 hastal\u0131klara kar\u015f\u0131 artan diren\u00e7 i\u00e7in gerekli vitaminlerin zenginli\u011finde ve sinir, ba\u011f\u0131\u015f\u0131kl\u0131k ve kardiyovask\u00fcler sistemlerin sa\u011fl\u0131\u011f\u0131n\u0131 ve geli\u015fimini desteklemesinde yatmaktad\u0131r.<\/p>\n<p>Bu vitamin kompleksi hem yeti\u015fkinler hem de \u00e7ocuklar i\u00e7in m\u00fckemmel bir ek vitamin kayna\u011f\u0131d\u0131r.<\/p>\n<p>B\u00fcy\u00fcme ve geli\u015fme i\u00e7in \u00e7ocuklar\u0131n v\u00fccuduna vitamin ve demir sa\u011flar. \u00c7i\u011fnenebilir tabletler k\u00fc\u00e7\u00fck \u00e7ocuklar i\u00e7in uygundur ve papaya, misket limonu ve portakal aromal\u0131d\u0131r.<\/p>\n<p>Aktif bile\u015fenler<\/p>\n<p>Vitaminler: A Vitamini, D2 Vitamini, E Vitamini, C Vitamini ve B vitaminlerinden sekizi.<\/p>\n<p>Demir, k\u00fc\u00e7\u00fck \u00e7ocuklar i\u00e7in en \u00f6nemli biyoelementlerden biridir. Demir, kan hemoglobininin ana bile\u015fenidir ve antioksidan savunma enzimlerinin bir par\u00e7as\u0131d\u0131r. Demir eksikli\u011fi demir eksikli\u011fi anemisinin geli\u015fmesine yol a\u00e7ar. Ya\u015fa ba\u011fl\u0131 olarak, bebekler g\u00fcnde en az 4 mg, alt\u0131 ila on ya\u015f aras\u0131 \u00e7ocuklar ise g\u00fcnde 15 mg&#8217;a ihtiya\u00e7 duyar.<\/p>\n<p>\u0130nositol vitamin benzeri bir maddedir (Vitamin B 8). Beyin fonksiyonlar\u0131n\u0131 d\u00fczenler, sakinle\u015ftirici etkisi vard\u0131r, stres, depresyon, nevroz, anksiyete ataklar\u0131, uyku bozukluklar\u0131n\u0131 giderir ve kan bas\u0131nc\u0131n\u0131 d\u00fc\u015f\u00fcr\u00fcr. Kan damarlar\u0131n\u0131n duvarlar\u0131n\u0131 g\u00fc\u00e7lendirir, kolesterol seviyelerini normalle\u015ftirir ve ateroskleroz, obezite ve tromboflebit hastal\u0131klar\u0131n\u0131n olu\u015fumunu \u00f6nler. \u00d6zellikle \u00e7ocuklar, ergenler ve sporcular i\u00e7in gerekli olan kemiklerin, kaslar\u0131n ve sa\u00e7 sa\u011fl\u0131\u011f\u0131n\u0131n b\u00fcy\u00fcmesi i\u00e7in \u00f6nemlidir. \u0130nositol eksikli\u011fi egzama ve di\u011fer cilt rahats\u0131zl\u0131klar\u0131na yol a\u00e7ar ve sa\u00e7lar k\u0131r\u0131lganla\u015farak sa\u00e7 d\u00f6k\u00fclmesine neden olabilir. Uzun s\u00fcreli fiziksel efordan sonra v\u00fccudun h\u0131zl\u0131 bir \u015fekilde toparlanmas\u0131n\u0131 sa\u011flar. Karaci\u011feri korur ve i\u015flevini uyar\u0131r. Antioksidan etkisi vard\u0131r.<\/p>\n<p>Kolin vitamin benzeri bir maddedir (B4 Vitamini). Sinir sisteminin \u00e7al\u0131\u015fmas\u0131nda kilit bir rol oynar. Miyelin k\u0131l\u0131f\u0131n\u0131n olu\u015fumuna ve korunmas\u0131na kat\u0131l\u0131r. K\u0131sa s\u00fcreli haf\u0131zay\u0131 \u00f6nemli \u00f6l\u00e7\u00fcde d\u00fczenler ve depresyonu \u00f6nler. Hepatoprotekt\u00f6rd\u00fcr. Toksik etki durumunda karaci\u011ferin iyile\u015fmesini h\u0131zland\u0131r\u0131r ve safra kesesinde ta\u015f olu\u015fumunu engeller. Ya\u011flar\u0131n par\u00e7alanmas\u0131n\u0131 uyar\u0131r ve kardiyovask\u00fcler hastal\u0131k riskini azalt\u0131r. Kalp kas\u0131n\u0131 g\u00fc\u00e7lendirir ve kalp at\u0131\u015f h\u0131z\u0131n\u0131 normalle\u015ftirir. \u0130ns\u00fclin seviyelerini d\u00fczenler. Tip I diyabette (diabetes mellitus) ins\u00fclin ihtiyac\u0131n\u0131 azalt\u0131r. Hamile kad\u0131nlar ve \u00e7ocuklar i\u00e7in zihinsel yetenekler \u00fczerinde olumlu bir etkiye sahiptir ve \u00e7ocuklarda b\u00fcy\u00fcmenin d\u00fczenlenmesine yard\u0131mc\u0131 olabilir.<\/p>\n<p>Papaya meyvesi<em>(Carica pap<\/em>aya) organik asitler, kariksantin, beta-karoten, vitaminler, enzimler ve papain i\u00e7erir. Anti-inflamatuar etkisi vard\u0131r.<\/p>\n<p>Portakal suyu ve ku\u015fburnu \u00f6nemli miktarda vitamin, antioksidan ve iorganik asit i\u00e7erir. Bu\u011fday tohumu zengin bir vitamin, antioksidan, protein ve biyolojik olarak aktif bile\u015fik kayna\u011f\u0131d\u0131r. Kahverengi algler<em>(Ascophillum nodosum<\/em>ve<em> Laminaria digitata<\/em>) iyot ve aljinik asitler i\u00e7erir.<\/p>\n<p><strong>\u00dcr\u00fcn kodu<\/strong>: <strong> 1622<\/strong> <strong>Kategori <\/strong>: G\u0131da Takviyeleri <strong>Se\u00e7ilen \u00fcr\u00fcnler: <\/strong>\u015eimdi stokta<\/p>\n<p><span style=\"text-decoration: underline; color: #477047;\"><strong>\u0130\u00e7indekiler<\/strong><\/span><\/p>\n<p>Vitazavric&#8221; Demir \u0130\u00e7eren \u00c7i\u011fneme Vitamini, E, D, C, A, B1, B2, B6, B12, PP, folik, pantotenik asit, biotin, demir ve flavonoidlerin ek bir kayna\u011f\u0131d\u0131r.<\/p>\n<p><span style=\"text-decoration: underline; color: #446c45;\"><strong>Kullan\u0131m<\/strong><\/span><\/p>\n<p>G\u00fcnde bir tableti yemekle birlikte \u00e7i\u011fneyin. Kullan\u0131m s\u00fcresi bir ayd\u0131r. Gerekirse kullan\u0131m tekrarlanabilir.<\/p>\n<p><strong>Kontrendikasyonlar:<\/strong> ki\u015fisel intolerans, hamile ve emziren kad\u0131nlar\u0131n doktora dan\u0131\u015fmalar\u0131 tavsiye edilir.<\/p>\n<\/div>\r\n            <\/div>\r\n        <\/div>\r\n\r\n\n","protected":false},"excerpt":{"rendered":"<ul>\n<li>Multivitamin \u0130\u00e7eren Takviye Edici G\u0131da<\/li>\n<\/ul>\n","protected":false},"featured_media":7980,"template":"","meta":{"_acf_changed":false},"product_cat":[397],"product_tag":[],"class_list":{"0":"post-8001","1":"product","2":"type-product","3":"status-publish","4":"has-post-thumbnail","6":"product_cat-heath","7":"pa_body-systems-bagisiklik-ve-lenfatik","8":"pa_body-systems-endokrin-tr","9":"pa_body-systems-hematopoez","10":"pa_body-systems-metabolizma","11":"pa_body-systems-nervous-tr-2","12":"pa_body-systems-vision-tr","13":"pa_health-topics-bagisiklik","14":"pa_health-topics-cocuk-sagligi","15":"pa_health-topics-goz-sagligi","16":"pa_health-topics-kemikler-ve-eklemler","17":"pa_health-topics-mevsimsel-destek","18":"pa_product-categories-nutrasotikler","19":"pa_product-categories-vitamins-and-minerals-tr","21":"first","22":"outofstock","23":"sale","24":"shipping-taxable","25":"purchasable","26":"product-type-simple"},"acf":[],"yoast_head":"<!-- This site is optimized with the Yoast SEO plugin v22.3 - https:\/\/yoast.com\/wordpress\/plugins\/seo\/ -->\n<title>\u201cVitazavrik\u201d Demir \u0130\u00e7eren \u00c7i\u011fnenebilir Vitamin NSP | Dietary Supplements<\/title>\n<meta name=\"description\" content=\"Multiple Vitamins NSP: \u00c7ocuklarda normal b\u00fcy\u00fcme ve geli\u015fmeyi destekler. V\u00fccudun bakteri ve vir\u00fcslere kar\u015f\u0131 do\u011fal savunmas\u0131n\u0131 destekler.\" \/>\n<meta name=\"robots\" content=\"index, follow, max-snippet:-1, max-image-preview:large, max-video-preview:-1\" \/>\n<link rel=\"canonical\" href=\"https:\/\/nspshop.net\/tr\/urun\/vitazavrik-nsp\/\" \/>\n<meta property=\"og:locale\" content=\"tr_TR\" \/>\n<meta property=\"og:type\" content=\"article\" \/>\n<meta property=\"og:title\" content=\"\u201cVitazavrik\u201d Demir \u0130\u00e7eren \u00c7i\u011fnenebilir Vitamin NSP | Dietary Supplements\" \/>\n<meta property=\"og:description\" content=\"Multiple Vitamins NSP: \u00c7ocuklarda normal b\u00fcy\u00fcme ve geli\u015fmeyi destekler. V\u00fccudun bakteri ve vir\u00fcslere kar\u015f\u0131 do\u011fal savunmas\u0131n\u0131 destekler.\" \/>\n<meta property=\"og:url\" content=\"https:\/\/nspshop.net\/tr\/urun\/vitazavrik-nsp\/\" \/>\n<meta property=\"og:site_name\" content=\"Dietary Supplements\" \/>\n<meta property=\"article:modified_time\" content=\"2024-03-31T08:13:43+00:00\" \/>\n<meta property=\"og:image\" content=\"https:\/\/nspshop.net\/wp-content\/uploads\/2023\/06\/Herbasaurs_Chewable_Multiple_Vitamins_Plus_Iron.webp\" \/>\n\t<meta property=\"og:image:width\" content=\"1350\" \/>\n\t<meta property=\"og:image:height\" content=\"1350\" \/>\n\t<meta property=\"og:image:type\" content=\"image\/webp\" \/>\n<meta name=\"twitter:card\" content=\"summary_large_image\" \/>\n<meta name=\"twitter:label1\" content=\"Tahmini okuma s\u00fcresi\" \/>\n\t<meta name=\"twitter:data1\" content=\"1 dakika\" \/>\n<script type=\"application\/ld+json\" class=\"yoast-schema-graph\">{\"@context\":\"https:\/\/schema.org\",\"@graph\":[{\"@type\":\"WebPage\",\"@id\":\"https:\/\/nspshop.net\/tr\/urun\/vitazavrik-nsp\/\",\"url\":\"https:\/\/nspshop.net\/tr\/urun\/vitazavrik-nsp\/\",\"name\":\"\u201cVitazavrik\u201d Demir \u0130\u00e7eren \u00c7i\u011fnenebilir Vitamin NSP | Dietary Supplements\",\"isPartOf\":{\"@id\":\"https:\/\/nspshop.net\/#website\"},\"primaryImageOfPage\":{\"@id\":\"https:\/\/nspshop.net\/tr\/urun\/vitazavrik-nsp\/#primaryimage\"},\"image\":{\"@id\":\"https:\/\/nspshop.net\/tr\/urun\/vitazavrik-nsp\/#primaryimage\"},\"thumbnailUrl\":\"https:\/\/nspshop.net\/wp-content\/uploads\/2023\/06\/Herbasaurs_Chewable_Multiple_Vitamins_Plus_Iron.webp\",\"datePublished\":\"2023-06-04T15:49:18+00:00\",\"dateModified\":\"2024-03-31T08:13:43+00:00\",\"description\":\"Multiple Vitamins NSP: \u00c7ocuklarda normal b\u00fcy\u00fcme ve geli\u015fmeyi destekler. V\u00fccudun bakteri ve vir\u00fcslere kar\u015f\u0131 do\u011fal savunmas\u0131n\u0131 destekler.\",\"breadcrumb\":{\"@id\":\"https:\/\/nspshop.net\/tr\/urun\/vitazavrik-nsp\/#breadcrumb\"},\"inLanguage\":\"tr\",\"potentialAction\":[{\"@type\":\"ReadAction\",\"target\":[\"https:\/\/nspshop.net\/tr\/urun\/vitazavrik-nsp\/\"]}]},{\"@type\":\"ImageObject\",\"inLanguage\":\"tr\",\"@id\":\"https:\/\/nspshop.net\/tr\/urun\/vitazavrik-nsp\/#primaryimage\",\"url\":\"https:\/\/nspshop.net\/wp-content\/uploads\/2023\/06\/Herbasaurs_Chewable_Multiple_Vitamins_Plus_Iron.webp\",\"contentUrl\":\"https:\/\/nspshop.net\/wp-content\/uploads\/2023\/06\/Herbasaurs_Chewable_Multiple_Vitamins_Plus_Iron.webp\",\"width\":1350,\"height\":1350,\"caption\":\"Multiple Vitamins NSP\"},{\"@type\":\"BreadcrumbList\",\"@id\":\"https:\/\/nspshop.net\/tr\/urun\/vitazavrik-nsp\/#breadcrumb\",\"itemListElement\":[{\"@type\":\"ListItem\",\"position\":1,\"name\":\"\u0413\u043b\u0430\u0432\u043d\u0430\u044f \u0441\u0442\u0440\u0430\u043d\u0438\u0446\u0430\",\"item\":\"https:\/\/nspshop.net\/\"},{\"@type\":\"ListItem\",\"position\":2,\"name\":\"D\u00fckk\u00e2n\",\"item\":\"https:\/\/nspshop.net\/tr\/shop\/\"},{\"@type\":\"ListItem\",\"position\":3,\"name\":\"\u201cVitazavrik\u201d Demir \u0130\u00e7eren \u00c7i\u011fnenebilir Vitamin NSP\"}]},{\"@type\":\"WebSite\",\"@id\":\"https:\/\/nspshop.net\/#website\",\"url\":\"https:\/\/nspshop.net\/\",\"name\":\"Dietary Supplements\",\"description\":\"BuyNSP\",\"publisher\":{\"@id\":\"https:\/\/nspshop.net\/#organization\"},\"potentialAction\":[{\"@type\":\"SearchAction\",\"target\":{\"@type\":\"EntryPoint\",\"urlTemplate\":\"https:\/\/nspshop.net\/?s={search_term_string}\"},\"query-input\":\"required name=search_term_string\"}],\"inLanguage\":\"tr\"},{\"@type\":\"Organization\",\"@id\":\"https:\/\/nspshop.net\/#organization\",\"name\":\"Dietary Supplements\",\"alternateName\":\"BuyNSP\",\"url\":\"https:\/\/nspshop.net\/\",\"logo\":{\"@type\":\"ImageObject\",\"inLanguage\":\"tr\",\"@id\":\"https:\/\/nspshop.net\/#\/schema\/logo\/image\/\",\"url\":\"https:\/\/nspshop.net\/wp-content\/uploads\/2023\/06\/cropped-Logo-NSP.png\",\"contentUrl\":\"https:\/\/nspshop.net\/wp-content\/uploads\/2023\/06\/cropped-Logo-NSP.png\",\"width\":512,\"height\":512,\"caption\":\"Dietary Supplements\"},\"image\":{\"@id\":\"https:\/\/nspshop.net\/#\/schema\/logo\/image\/\"}}]}<\/script>\n<!-- \/ Yoast SEO plugin. -->","yoast_head_json":{"title":"\u201cVitazavrik\u201d Demir \u0130\u00e7eren \u00c7i\u011fnenebilir Vitamin NSP | Dietary Supplements","description":"Multiple Vitamins NSP: \u00c7ocuklarda normal b\u00fcy\u00fcme ve geli\u015fmeyi destekler. V\u00fccudun bakteri ve vir\u00fcslere kar\u015f\u0131 do\u011fal savunmas\u0131n\u0131 destekler.","robots":{"index":"index","follow":"follow","max-snippet":"max-snippet:-1","max-image-preview":"max-image-preview:large","max-video-preview":"max-video-preview:-1"},"canonical":"https:\/\/nspshop.net\/tr\/urun\/vitazavrik-nsp\/","og_locale":"tr_TR","og_type":"article","og_title":"\u201cVitazavrik\u201d Demir \u0130\u00e7eren \u00c7i\u011fnenebilir Vitamin NSP | Dietary Supplements","og_description":"Multiple Vitamins NSP: \u00c7ocuklarda normal b\u00fcy\u00fcme ve geli\u015fmeyi destekler. V\u00fccudun bakteri ve vir\u00fcslere kar\u015f\u0131 do\u011fal savunmas\u0131n\u0131 destekler.","og_url":"https:\/\/nspshop.net\/tr\/urun\/vitazavrik-nsp\/","og_site_name":"Dietary Supplements","article_modified_time":"2024-03-31T08:13:43+00:00","og_image":[{"width":1350,"height":1350,"url":"https:\/\/nspshop.net\/wp-content\/uploads\/2023\/06\/Herbasaurs_Chewable_Multiple_Vitamins_Plus_Iron.webp","type":"image\/webp"}],"twitter_card":"summary_large_image","twitter_misc":{"Tahmini okuma s\u00fcresi":"1 dakika"},"schema":{"@context":"https:\/\/schema.org","@graph":[{"@type":"WebPage","@id":"https:\/\/nspshop.net\/tr\/urun\/vitazavrik-nsp\/","url":"https:\/\/nspshop.net\/tr\/urun\/vitazavrik-nsp\/","name":"\u201cVitazavrik\u201d Demir \u0130\u00e7eren \u00c7i\u011fnenebilir Vitamin NSP | Dietary Supplements","isPartOf":{"@id":"https:\/\/nspshop.net\/#website"},"primaryImageOfPage":{"@id":"https:\/\/nspshop.net\/tr\/urun\/vitazavrik-nsp\/#primaryimage"},"image":{"@id":"https:\/\/nspshop.net\/tr\/urun\/vitazavrik-nsp\/#primaryimage"},"thumbnailUrl":"https:\/\/nspshop.net\/wp-content\/uploads\/2023\/06\/Herbasaurs_Chewable_Multiple_Vitamins_Plus_Iron.webp","datePublished":"2023-06-04T15:49:18+00:00","dateModified":"2024-03-31T08:13:43+00:00","description":"Multiple Vitamins NSP: \u00c7ocuklarda normal b\u00fcy\u00fcme ve geli\u015fmeyi destekler. V\u00fccudun bakteri ve vir\u00fcslere kar\u015f\u0131 do\u011fal savunmas\u0131n\u0131 destekler.","breadcrumb":{"@id":"https:\/\/nspshop.net\/tr\/urun\/vitazavrik-nsp\/#breadcrumb"},"inLanguage":"tr","potentialAction":[{"@type":"ReadAction","target":["https:\/\/nspshop.net\/tr\/urun\/vitazavrik-nsp\/"]}]},{"@type":"ImageObject","inLanguage":"tr","@id":"https:\/\/nspshop.net\/tr\/urun\/vitazavrik-nsp\/#primaryimage","url":"https:\/\/nspshop.net\/wp-content\/uploads\/2023\/06\/Herbasaurs_Chewable_Multiple_Vitamins_Plus_Iron.webp","contentUrl":"https:\/\/nspshop.net\/wp-content\/uploads\/2023\/06\/Herbasaurs_Chewable_Multiple_Vitamins_Plus_Iron.webp","width":1350,"height":1350,"caption":"Multiple Vitamins NSP"},{"@type":"BreadcrumbList","@id":"https:\/\/nspshop.net\/tr\/urun\/vitazavrik-nsp\/#breadcrumb","itemListElement":[{"@type":"ListItem","position":1,"name":"\u0413\u043b\u0430\u0432\u043d\u0430\u044f \u0441\u0442\u0440\u0430\u043d\u0438\u0446\u0430","item":"https:\/\/nspshop.net\/"},{"@type":"ListItem","position":2,"name":"D\u00fckk\u00e2n","item":"https:\/\/nspshop.net\/tr\/shop\/"},{"@type":"ListItem","position":3,"name":"\u201cVitazavrik\u201d Demir \u0130\u00e7eren \u00c7i\u011fnenebilir Vitamin NSP"}]},{"@type":"WebSite","@id":"https:\/\/nspshop.net\/#website","url":"https:\/\/nspshop.net\/","name":"Dietary Supplements","description":"BuyNSP","publisher":{"@id":"https:\/\/nspshop.net\/#organization"},"potentialAction":[{"@type":"SearchAction","target":{"@type":"EntryPoint","urlTemplate":"https:\/\/nspshop.net\/?s={search_term_string}"},"query-input":"required name=search_term_string"}],"inLanguage":"tr"},{"@type":"Organization","@id":"https:\/\/nspshop.net\/#organization","name":"Dietary Supplements","alternateName":"BuyNSP","url":"https:\/\/nspshop.net\/","logo":{"@type":"ImageObject","inLanguage":"tr","@id":"https:\/\/nspshop.net\/#\/schema\/logo\/image\/","url":"https:\/\/nspshop.net\/wp-content\/uploads\/2023\/06\/cropped-Logo-NSP.png","contentUrl":"https:\/\/nspshop.net\/wp-content\/uploads\/2023\/06\/cropped-Logo-NSP.png","width":512,"height":512,"caption":"Dietary Supplements"},"image":{"@id":"https:\/\/nspshop.net\/#\/schema\/logo\/image\/"}}]}},"_links":{"self":[{"href":"https:\/\/nspshop.net\/tr\/wp-json\/wp\/v2\/product\/8001","targetHints":{"allow":["GET"]}}],"collection":[{"href":"https:\/\/nspshop.net\/tr\/wp-json\/wp\/v2\/product"}],"about":[{"href":"https:\/\/nspshop.net\/tr\/wp-json\/wp\/v2\/types\/product"}],"wp:featuredmedia":[{"embeddable":true,"href":"https:\/\/nspshop.net\/tr\/wp-json\/wp\/v2\/media\/7980"}],"wp:attachment":[{"href":"https:\/\/nspshop.net\/tr\/wp-json\/wp\/v2\/media?parent=8001"}],"wp:term":[{"taxonomy":"product_cat","embeddable":true,"href":"https:\/\/nspshop.net\/tr\/wp-json\/wp\/v2\/product_cat?post=8001"},{"taxonomy":"product_tag","embeddable":true,"href":"https:\/\/nspshop.net\/tr\/wp-json\/wp\/v2\/product_tag?post=8001"}],"curies":[{"name":"wp","href":"https:\/\/api.w.org\/{rel}","templated":true}]}}