{"id":8002,"date":"2023-06-04T15:53:01","date_gmt":"2023-06-04T12:53:01","guid":{"rendered":"https:\/\/nspshop.net\/product\/omega-3-epa-nsp\/"},"modified":"2024-03-31T11:14:46","modified_gmt":"2024-03-31T08:14:46","slug":"omega-3-epa-nsp","status":"publish","type":"product","link":"https:\/\/nspshop.net\/tr\/urun\/omega-3-epa-nsp\/","title":{"rendered":"Omega-3 EPA NSP"},"content":{"rendered":"\r\n        <div class=\"med_worker_introduce_text \">\r\n\r\n            Bu b\u00f6l\u00fcm sadece <span class=\"med_anchor_link\"> <b>Sa\u011fl\u0131k profesyonelleri<\/b> i\u00e7indir<\/span>\r\n\r\n        <\/div>\r\n\r\n        <div class=\"med_worker_popup_wrapper hide\" style=\"background-color: rgba(10,10,10,0.3)\">\r\n            <div class=\"med_worker_popup\" style=\"width:1024px; height:600px;background-color:#ffffff; border-radius: 10px;\">\r\n                <div class=\"med_worker_confirmation\">\r\n                    <span style=\"font-size: 20px\">\r\n                        Sa\u011fl\u0131k profesyoneli misiniz?                    <\/span>\r\n                    <div class=\"med_worker_buttons\">\r\n                        <a href=\"\" class=\"confirm\" style=\"background-color:#0d594e; color: #ffffff;\">Evet<\/a>\r\n                        <a href=\"\" class=\"reject\" style=\"background-color:#bc2b2b; color: #0a0a0a;\">Hay\u0131r<\/a>\r\n                    <\/div>\r\n                <\/div>\r\n                <div class=\"med_worker_decription hide\"><h1>Omega-3 EPA NSP<\/h1>\n<p>Omega 3 NSP, insan v\u00fccudunda olu\u015fmayan \u00e7oklu doymam\u0131\u015f ya\u011f asitleri (PUFA) ailesindendir. \u0130nsanlar\u0131n beslenme ihtiya\u00e7lar\u0131n\u0131 kar\u015f\u0131lamak i\u00e7in g\u0131da yoluyla t\u00fcketilmelidir. Bitkisel g\u0131dalar 18 karbon atomuna sahip olan alfa-linolenik asit i\u00e7erir. T\u00fcm alfa-linolenik asitlerin \u00e7o\u011fu keten tohumu (%44-61), kamelya (%35-39) ve hardal (%14) ya\u011f\u0131nda bulunur. Alfa-linolenik asitten daha y\u00fcksek ya\u011f asitleri insan v\u00fccudunda sentezlenir: eikosapentaenoik asit (EPA) ve dokosaheksaenoik asit (DHA). Bu asitler sadece hayvansal \u00fcr\u00fcnlerden elde edilebilir. Somon, sardalya, ringa, hamsi ve uskumru gibi so\u011fuk su bal\u0131klar\u0131n\u0131n ya\u011flar\u0131nda bol miktarda ya\u011f bulunur. Y\u00fcksek ya\u011f asitleri (EPA ve DHA) sinir h\u00fccreleri ve sinir liflerinin biyolojik membranlar\u0131 ve g\u00f6z retinas\u0131 i\u00e7in \u00f6nemli bir yap\u0131 malzemesidir. EPA&#8217;dan biyolojik d\u00fczenleyiciler, yani prostaglandinler ve l\u00f6kotrienler v\u00fccutta olu\u015fur. omega-3 (PUFA) kandaki kolesterol ve trigliserit miktar\u0131n\u0131 d\u00fc\u015f\u00fcr\u00fcr ve kan bas\u0131nc\u0131n\u0131 normalle\u015ftirir. Bu nedenle, omega-3 kardiyovask\u00fcler hastal\u0131klar i\u00e7in m\u00fckemmel bir \u00f6nleyici maddedir. Onkologlar, omega-3&#8217;\u00fcn t\u00fcm\u00f6r b\u00fcy\u00fcmesini yava\u015flatt\u0131\u011f\u0131n\u0131 ve kanseri \u00f6nlemede etkili bir ara\u00e7 oldu\u011funu belirtmektedir. Omega-3&#8217;\u00fcn cilt hastal\u0131klar\u0131n\u0131n tedavisindeki olumlu etkisi de dikkat \u00e7ekmektedir. Omega-3 \u00e7ocuklarda alerji semptomlar\u0131n\u0131 azalt\u0131r ve yara ve yara izlerinin iyile\u015fmesini h\u0131zland\u0131r\u0131r. Omega-3 mide \u00fclseri gibi durumlarda yard\u0131mc\u0131 olur. Tedavinin ba\u015flamas\u0131ndan birka\u00e7 g\u00fcn sonra a\u011fr\u0131 azal\u0131r ve \u00fclser (ba\u011f\u0131rsaktaki yaralar) iyile\u015fmeye ba\u015flar. Omega-3 artrit, artroz ve osteokondroza yard\u0131mc\u0131 olur. Bazen hastalar ilac\u0131 ald\u0131ktan \u00fc\u00e7 ila be\u015f g\u00fcn sonra iyile\u015fme s\u00fcrecini fark ederler. Sonu\u00e7 olarak a\u011fr\u0131 kaybolur ve eklem hareketlili\u011fi geri gelir. Ayr\u0131ca omega-3 aritmiyi \u00f6nleyici etkiye sahiptir.<\/p>\n<p>Omega-3, sinyal ta\u015f\u0131yan uyar\u0131lar\u0131n bir h\u00fccreden di\u011ferine iletilmesine yard\u0131mc\u0131 oldu\u011fundan, retinan\u0131n durumunu ve g\u00f6rme i\u015flevini korur. Beynin ve haf\u0131zan\u0131n h\u0131z\u0131n\u0131 ve performans\u0131n\u0131 art\u0131rmak i\u00e7in normal beyin aktivitesi i\u00e7in gereklidir. Omega-3 EPA NSP migren ve stres i\u00e7in \u00f6nerilmektedir. Omega-3 \u00f6zellikle anne karn\u0131nda geli\u015fmekte olan fet\u00fcs i\u00e7in organ ve dokular\u0131n yeni olu\u015fmaya ba\u015flad\u0131\u011f\u0131 d\u00f6nemde gereklidir. Hamilelik s\u0131ras\u0131nda annelerde omega-3 eksikli\u011fi varsa, \u00e7ocuklar\u0131n \u00f6\u011frenme yetenekleri bozulabilir. Omega-3 PUFA eksikli\u011fine \u015fu durumlar e\u015flik edebilir: inflamasyonda art\u0131\u015f, g\u00f6rme bozuklu\u011fu, merkezi sinir sisteminde fonksiyonel bozukluklara neden olabilir, kardiyak aritmi, atopi, dermatit, deri atrofisi ve romatoid artrit riskini art\u0131rabilir. Omega-3, ABD, \u0130ngiltere ve di\u011fer \u00fclkelerde en pop\u00fcler besin takviyeleri aras\u0131nda yer almaktad\u0131r.<\/p>\n<p>Omega-3 NSP; E vitamini de dahil olmak \u00fczere omega-3 \u00e7oklu doymam\u0131\u015f ya\u011f asitlerinin tamamlay\u0131c\u0131 bir kayna\u011f\u0131d\u0131r.<\/p>\n<p><strong>\u00dcr\u00fcn kodu <\/strong>: 1609 <strong>Kategori: <\/strong>G\u0131da Takviyeleri<\/p>\n<p><strong>\u0130\u00e7indekiler<\/strong><\/p>\n<p><strong>\u0130\u00e7erik (1 kaps\u00fcl)<\/strong>: bal\u0131ktan elde edilen yemeklik ya\u011f &#8211; 1208 mg; eikosapentaenoik asit (EPA) &#8211; 180 mg (%30); dokosaheksaenoik asit (DHA) &#8211; 120 mg (normal t\u00fcketimin %17&#8217;si); E Vitamini (d-alfa tokoferol) &#8211; 1 ME (1 mg) (normal t\u00fcketimin %6,7&#8217;si).<\/p>\n<p><strong>Inactive Ingredients<\/strong>: gelatine.<\/p>\n<p><strong>Kullan\u0131m \u015eekli: <\/strong>14 ya\u015f\u0131ndan b\u00fcy\u00fck \u00e7ocuklar ve yeti\u015fkinler i\u00e7in g\u00fcnde iki kez yemeklerle birlikte bir kaps\u00fcl. Kullan\u0131m s\u00fcresi bir ayd\u0131r.<\/p>\n<p><strong>Kontrendikasyonlar<\/strong>: ki\u015fisel intolerans, gebelik, emzirme ve hemorajik sendrom.<\/p>\n<p>Saklama <strong>ko\u015fullar\u0131 <\/strong>: \u00c7ocuklar\u0131n ula\u015famayaca\u011f\u0131 kuru bir yerde + 25\u00b0C&#8217;yi ge\u00e7meyen s\u0131cakl\u0131kta saklay\u0131n\u0131z.<\/p>\n<\/div>\r\n            <\/div>\r\n        <\/div>\r\n\r\n\n","protected":false},"excerpt":{"rendered":"<div class=\"woocommerce-product-details__short-description\">\n<ul>\n<li>EPA ve DHA i\u00e7erir.<\/li>\n<li>DHA normal beyin fonksiyonlar\u0131n\u0131n korunmas\u0131na katk\u0131da bulunur.<\/li>\n<li>DHA normal g\u00f6rme yetisinin korunmas\u0131na katk\u0131da bulunur.<\/li>\n<li>Faydal\u0131 etki g\u00fcnde 250 mg DHA al\u0131nd\u0131\u011f\u0131nda sa\u011flanacakt\u0131r.<\/li>\n<\/ul>\n<\/div>\n","protected":false},"featured_media":8003,"template":"","meta":{"_acf_changed":false},"product_cat":[397],"product_tag":[],"class_list":{"0":"post-8002","1":"product","2":"type-product","3":"status-publish","4":"has-post-thumbnail","6":"product_cat-heath","7":"pa_body-systems-bagisiklik-ve-lenfatik","8":"pa_body-systems-erkek-ureme","9":"pa_body-systems-kadin-ureme","10":"pa_body-systems-kardiyovaskuler","11":"pa_body-systems-kas-iskelet-sistemi-disler","12":"pa_body-systems-metabolizma","13":"pa_body-systems-nervous-tr-2","14":"pa_body-systems-sindirim-sistemi","15":"pa_body-systems-solunum","16":"pa_body-systems-vision-tr","17":"pa_health-topics-bagisiklik","18":"pa_health-topics-enflamasyon-ve-agri","19":"pa_health-topics-erkek-sagligi","20":"pa_health-topics-goz-sagligi","21":"pa_health-topics-hafiza-ve-beyin","22":"pa_health-topics-hamile-emziren","23":"pa_health-topics-kadin-sagligi","24":"pa_health-topics-kalp-sagligi","25":"pa_health-topics-sac-cilt-tirnaklar","26":"pa_health-topics-stres-rahatlama-uyku-tr","27":"pa_product-categories-anti-alerjenik","28":"pa_product-categories-esansiyel-yag-asitleri","29":"pa_product-categories-hepatoprotectors-tr","30":"pa_product-categories-nutrasotikler","32":"first","33":"instock","34":"sale","35":"shipping-taxable","36":"purchasable","37":"product-type-simple"},"acf":[],"yoast_head":"<!-- This site is optimized with the Yoast SEO plugin v22.3 - https:\/\/yoast.com\/wordpress\/plugins\/seo\/ -->\n<title>Omega-3 EPA NSP | Dietary Supplements<\/title>\n<meta name=\"description\" content=\"Omega-3 EPA NSP: Beyin ve retina h\u00fccrelerinin optimal \u00e7al\u0131\u015fmas\u0131n\u0131 sa\u011flar. Ba\u011f\u0131\u015f\u0131kl\u0131k, sinir ve kardiyovask\u00fcler sistemler \u00fczerinde faydal\u0131 bir etkiye sahiptir.\" \/>\n<meta name=\"robots\" content=\"index, follow, max-snippet:-1, max-image-preview:large, max-video-preview:-1\" \/>\n<link rel=\"canonical\" href=\"https:\/\/nspshop.net\/tr\/urun\/omega-3-epa-nsp\/\" \/>\n<meta property=\"og:locale\" content=\"tr_TR\" \/>\n<meta property=\"og:type\" content=\"article\" \/>\n<meta property=\"og:title\" content=\"Omega-3 EPA NSP | Dietary Supplements\" \/>\n<meta property=\"og:description\" content=\"Omega-3 EPA NSP: Beyin ve retina h\u00fccrelerinin optimal \u00e7al\u0131\u015fmas\u0131n\u0131 sa\u011flar. Ba\u011f\u0131\u015f\u0131kl\u0131k, sinir ve kardiyovask\u00fcler sistemler \u00fczerinde faydal\u0131 bir etkiye sahiptir.\" \/>\n<meta property=\"og:url\" content=\"https:\/\/nspshop.net\/tr\/urun\/omega-3-epa-nsp\/\" \/>\n<meta property=\"og:site_name\" content=\"Dietary Supplements\" \/>\n<meta property=\"article:modified_time\" content=\"2024-03-31T08:14:46+00:00\" \/>\n<meta property=\"og:image\" content=\"https:\/\/nspshop.net\/wp-content\/uploads\/2023\/06\/Omega-3_EPA.webp\" \/>\n\t<meta property=\"og:image:width\" content=\"1080\" \/>\n\t<meta property=\"og:image:height\" content=\"1080\" \/>\n\t<meta property=\"og:image:type\" content=\"image\/webp\" \/>\n<meta name=\"twitter:card\" content=\"summary_large_image\" \/>\n<meta name=\"twitter:label1\" content=\"Tahmini okuma s\u00fcresi\" \/>\n\t<meta name=\"twitter:data1\" content=\"1 dakika\" \/>\n<script type=\"application\/ld+json\" class=\"yoast-schema-graph\">{\"@context\":\"https:\/\/schema.org\",\"@graph\":[{\"@type\":\"WebPage\",\"@id\":\"https:\/\/nspshop.net\/tr\/urun\/omega-3-epa-nsp\/\",\"url\":\"https:\/\/nspshop.net\/tr\/urun\/omega-3-epa-nsp\/\",\"name\":\"Omega-3 EPA NSP | Dietary Supplements\",\"isPartOf\":{\"@id\":\"https:\/\/nspshop.net\/#website\"},\"primaryImageOfPage\":{\"@id\":\"https:\/\/nspshop.net\/tr\/urun\/omega-3-epa-nsp\/#primaryimage\"},\"image\":{\"@id\":\"https:\/\/nspshop.net\/tr\/urun\/omega-3-epa-nsp\/#primaryimage\"},\"thumbnailUrl\":\"https:\/\/nspshop.net\/wp-content\/uploads\/2023\/06\/Omega-3_EPA.webp\",\"datePublished\":\"2023-06-04T12:53:01+00:00\",\"dateModified\":\"2024-03-31T08:14:46+00:00\",\"description\":\"Omega-3 EPA NSP: Beyin ve retina h\u00fccrelerinin optimal \u00e7al\u0131\u015fmas\u0131n\u0131 sa\u011flar. Ba\u011f\u0131\u015f\u0131kl\u0131k, sinir ve kardiyovask\u00fcler sistemler \u00fczerinde faydal\u0131 bir etkiye sahiptir.\",\"breadcrumb\":{\"@id\":\"https:\/\/nspshop.net\/tr\/urun\/omega-3-epa-nsp\/#breadcrumb\"},\"inLanguage\":\"tr\",\"potentialAction\":[{\"@type\":\"ReadAction\",\"target\":[\"https:\/\/nspshop.net\/tr\/urun\/omega-3-epa-nsp\/\"]}]},{\"@type\":\"ImageObject\",\"inLanguage\":\"tr\",\"@id\":\"https:\/\/nspshop.net\/tr\/urun\/omega-3-epa-nsp\/#primaryimage\",\"url\":\"https:\/\/nspshop.net\/wp-content\/uploads\/2023\/06\/Omega-3_EPA.webp\",\"contentUrl\":\"https:\/\/nspshop.net\/wp-content\/uploads\/2023\/06\/Omega-3_EPA.webp\",\"width\":1080,\"height\":1080,\"caption\":\"Omega-3 EPA NSP\"},{\"@type\":\"BreadcrumbList\",\"@id\":\"https:\/\/nspshop.net\/tr\/urun\/omega-3-epa-nsp\/#breadcrumb\",\"itemListElement\":[{\"@type\":\"ListItem\",\"position\":1,\"name\":\"\u0413\u043b\u0430\u0432\u043d\u0430\u044f \u0441\u0442\u0440\u0430\u043d\u0438\u0446\u0430\",\"item\":\"https:\/\/nspshop.net\/\"},{\"@type\":\"ListItem\",\"position\":2,\"name\":\"D\u00fckk\u00e2n\",\"item\":\"https:\/\/nspshop.net\/tr\/shop\/\"},{\"@type\":\"ListItem\",\"position\":3,\"name\":\"Omega-3 EPA NSP\"}]},{\"@type\":\"WebSite\",\"@id\":\"https:\/\/nspshop.net\/#website\",\"url\":\"https:\/\/nspshop.net\/\",\"name\":\"Dietary Supplements\",\"description\":\"BuyNSP\",\"publisher\":{\"@id\":\"https:\/\/nspshop.net\/#organization\"},\"potentialAction\":[{\"@type\":\"SearchAction\",\"target\":{\"@type\":\"EntryPoint\",\"urlTemplate\":\"https:\/\/nspshop.net\/?s={search_term_string}\"},\"query-input\":\"required name=search_term_string\"}],\"inLanguage\":\"tr\"},{\"@type\":\"Organization\",\"@id\":\"https:\/\/nspshop.net\/#organization\",\"name\":\"Dietary Supplements\",\"alternateName\":\"BuyNSP\",\"url\":\"https:\/\/nspshop.net\/\",\"logo\":{\"@type\":\"ImageObject\",\"inLanguage\":\"tr\",\"@id\":\"https:\/\/nspshop.net\/#\/schema\/logo\/image\/\",\"url\":\"https:\/\/nspshop.net\/wp-content\/uploads\/2023\/06\/cropped-Logo-NSP.png\",\"contentUrl\":\"https:\/\/nspshop.net\/wp-content\/uploads\/2023\/06\/cropped-Logo-NSP.png\",\"width\":512,\"height\":512,\"caption\":\"Dietary Supplements\"},\"image\":{\"@id\":\"https:\/\/nspshop.net\/#\/schema\/logo\/image\/\"}}]}<\/script>\n<!-- \/ Yoast SEO plugin. -->","yoast_head_json":{"title":"Omega-3 EPA NSP | Dietary Supplements","description":"Omega-3 EPA NSP: Beyin ve retina h\u00fccrelerinin optimal \u00e7al\u0131\u015fmas\u0131n\u0131 sa\u011flar. Ba\u011f\u0131\u015f\u0131kl\u0131k, sinir ve kardiyovask\u00fcler sistemler \u00fczerinde faydal\u0131 bir etkiye sahiptir.","robots":{"index":"index","follow":"follow","max-snippet":"max-snippet:-1","max-image-preview":"max-image-preview:large","max-video-preview":"max-video-preview:-1"},"canonical":"https:\/\/nspshop.net\/tr\/urun\/omega-3-epa-nsp\/","og_locale":"tr_TR","og_type":"article","og_title":"Omega-3 EPA NSP | Dietary Supplements","og_description":"Omega-3 EPA NSP: Beyin ve retina h\u00fccrelerinin optimal \u00e7al\u0131\u015fmas\u0131n\u0131 sa\u011flar. Ba\u011f\u0131\u015f\u0131kl\u0131k, sinir ve kardiyovask\u00fcler sistemler \u00fczerinde faydal\u0131 bir etkiye sahiptir.","og_url":"https:\/\/nspshop.net\/tr\/urun\/omega-3-epa-nsp\/","og_site_name":"Dietary Supplements","article_modified_time":"2024-03-31T08:14:46+00:00","og_image":[{"width":1080,"height":1080,"url":"https:\/\/nspshop.net\/wp-content\/uploads\/2023\/06\/Omega-3_EPA.webp","type":"image\/webp"}],"twitter_card":"summary_large_image","twitter_misc":{"Tahmini okuma s\u00fcresi":"1 dakika"},"schema":{"@context":"https:\/\/schema.org","@graph":[{"@type":"WebPage","@id":"https:\/\/nspshop.net\/tr\/urun\/omega-3-epa-nsp\/","url":"https:\/\/nspshop.net\/tr\/urun\/omega-3-epa-nsp\/","name":"Omega-3 EPA NSP | Dietary Supplements","isPartOf":{"@id":"https:\/\/nspshop.net\/#website"},"primaryImageOfPage":{"@id":"https:\/\/nspshop.net\/tr\/urun\/omega-3-epa-nsp\/#primaryimage"},"image":{"@id":"https:\/\/nspshop.net\/tr\/urun\/omega-3-epa-nsp\/#primaryimage"},"thumbnailUrl":"https:\/\/nspshop.net\/wp-content\/uploads\/2023\/06\/Omega-3_EPA.webp","datePublished":"2023-06-04T12:53:01+00:00","dateModified":"2024-03-31T08:14:46+00:00","description":"Omega-3 EPA NSP: Beyin ve retina h\u00fccrelerinin optimal \u00e7al\u0131\u015fmas\u0131n\u0131 sa\u011flar. Ba\u011f\u0131\u015f\u0131kl\u0131k, sinir ve kardiyovask\u00fcler sistemler \u00fczerinde faydal\u0131 bir etkiye sahiptir.","breadcrumb":{"@id":"https:\/\/nspshop.net\/tr\/urun\/omega-3-epa-nsp\/#breadcrumb"},"inLanguage":"tr","potentialAction":[{"@type":"ReadAction","target":["https:\/\/nspshop.net\/tr\/urun\/omega-3-epa-nsp\/"]}]},{"@type":"ImageObject","inLanguage":"tr","@id":"https:\/\/nspshop.net\/tr\/urun\/omega-3-epa-nsp\/#primaryimage","url":"https:\/\/nspshop.net\/wp-content\/uploads\/2023\/06\/Omega-3_EPA.webp","contentUrl":"https:\/\/nspshop.net\/wp-content\/uploads\/2023\/06\/Omega-3_EPA.webp","width":1080,"height":1080,"caption":"Omega-3 EPA NSP"},{"@type":"BreadcrumbList","@id":"https:\/\/nspshop.net\/tr\/urun\/omega-3-epa-nsp\/#breadcrumb","itemListElement":[{"@type":"ListItem","position":1,"name":"\u0413\u043b\u0430\u0432\u043d\u0430\u044f \u0441\u0442\u0440\u0430\u043d\u0438\u0446\u0430","item":"https:\/\/nspshop.net\/"},{"@type":"ListItem","position":2,"name":"D\u00fckk\u00e2n","item":"https:\/\/nspshop.net\/tr\/shop\/"},{"@type":"ListItem","position":3,"name":"Omega-3 EPA NSP"}]},{"@type":"WebSite","@id":"https:\/\/nspshop.net\/#website","url":"https:\/\/nspshop.net\/","name":"Dietary Supplements","description":"BuyNSP","publisher":{"@id":"https:\/\/nspshop.net\/#organization"},"potentialAction":[{"@type":"SearchAction","target":{"@type":"EntryPoint","urlTemplate":"https:\/\/nspshop.net\/?s={search_term_string}"},"query-input":"required name=search_term_string"}],"inLanguage":"tr"},{"@type":"Organization","@id":"https:\/\/nspshop.net\/#organization","name":"Dietary Supplements","alternateName":"BuyNSP","url":"https:\/\/nspshop.net\/","logo":{"@type":"ImageObject","inLanguage":"tr","@id":"https:\/\/nspshop.net\/#\/schema\/logo\/image\/","url":"https:\/\/nspshop.net\/wp-content\/uploads\/2023\/06\/cropped-Logo-NSP.png","contentUrl":"https:\/\/nspshop.net\/wp-content\/uploads\/2023\/06\/cropped-Logo-NSP.png","width":512,"height":512,"caption":"Dietary Supplements"},"image":{"@id":"https:\/\/nspshop.net\/#\/schema\/logo\/image\/"}}]}},"_links":{"self":[{"href":"https:\/\/nspshop.net\/tr\/wp-json\/wp\/v2\/product\/8002","targetHints":{"allow":["GET"]}}],"collection":[{"href":"https:\/\/nspshop.net\/tr\/wp-json\/wp\/v2\/product"}],"about":[{"href":"https:\/\/nspshop.net\/tr\/wp-json\/wp\/v2\/types\/product"}],"wp:featuredmedia":[{"embeddable":true,"href":"https:\/\/nspshop.net\/tr\/wp-json\/wp\/v2\/media\/8003"}],"wp:attachment":[{"href":"https:\/\/nspshop.net\/tr\/wp-json\/wp\/v2\/media?parent=8002"}],"wp:term":[{"taxonomy":"product_cat","embeddable":true,"href":"https:\/\/nspshop.net\/tr\/wp-json\/wp\/v2\/product_cat?post=8002"},{"taxonomy":"product_tag","embeddable":true,"href":"https:\/\/nspshop.net\/tr\/wp-json\/wp\/v2\/product_tag?post=8002"}],"curies":[{"name":"wp","href":"https:\/\/api.w.org\/{rel}","templated":true}]}}