{"id":8004,"date":"2023-06-04T15:47:29","date_gmt":"2023-06-04T12:47:29","guid":{"rendered":"https:\/\/nspshop.net\/product\/antioksidan-nsp\/"},"modified":"2024-03-31T11:15:37","modified_gmt":"2024-03-31T08:15:37","slug":"antioxidant-nsp","status":"publish","type":"product","link":"https:\/\/nspshop.net\/tr\/urun\/antioxidant-nsp\/","title":{"rendered":"Zerde\u00e7al NSP"},"content":{"rendered":"\r\n        <div class=\"med_worker_introduce_text \">\r\n\r\n            Bu b\u00f6l\u00fcm sadece <span class=\"med_anchor_link\"> <b>Sa\u011fl\u0131k profesyonelleri<\/b> i\u00e7indir<\/span>\r\n\r\n        <\/div>\r\n\r\n        <div class=\"med_worker_popup_wrapper hide\" style=\"background-color: rgba(10,10,10,0.3)\">\r\n            <div class=\"med_worker_popup\" style=\"width:1024px; height:600px;background-color:#ffffff; border-radius: 10px;\">\r\n                <div class=\"med_worker_confirmation\">\r\n                    <span style=\"font-size: 20px\">\r\n                        Sa\u011fl\u0131k profesyoneli misiniz?                    <\/span>\r\n                    <div class=\"med_worker_buttons\">\r\n                        <a href=\"\" class=\"confirm\" style=\"background-color:#0d594e; color: #ffffff;\">Evet<\/a>\r\n                        <a href=\"\" class=\"reject\" style=\"background-color:#bc2b2b; color: #0a0a0a;\">Hay\u0131r<\/a>\r\n                    <\/div>\r\n                <\/div>\r\n                <div class=\"med_worker_decription hide\"><h1 class=\"product_title entry-title\">Zerde\u00e7al NSP<\/h1>\n<p>Zerde\u00e7al <em>(Curcuma longa<\/em>) safra s\u0131v\u0131s\u0131 \u00fcretimini art\u0131r\u0131r ve safra kesesinin bo\u015falmas\u0131n\u0131 uyar\u0131r. Sineol ve tumeron ile antiparazitik ve antibakteriyel aktivite g\u00f6sterir. Yara iyile\u015fmesini h\u0131zland\u0131r\u0131r. Antioksidan NSP&#8217;deki zerde\u00e7al deri, rahim ve meme bezlerindeki k\u00f6t\u00fc huylu olu\u015fumlar\u0131n b\u00fcy\u00fcmesini engeller, melanom h\u00fccrelerinin b\u00fcy\u00fcmesini yava\u015flat\u0131r ve meme, pankreas ve prostat kanseri vakalar\u0131nda t\u00fcm\u00f6r dokusunda k\u0131lcal damar olu\u015fumunu \u00f6nler.<\/p>\n<p>Ku\u015fburnu<em>(Rosa canina<\/em>) meyveleri C vitamini, karoten, bioflavonoidler, tanenler, kate\u015finler, antosiyaninler, demir, manganez ve magnezyum i\u00e7erir. Anti-enflamatuar etkileri vard\u0131r, rejenerasyon s\u00fcre\u00e7lerini h\u0131zland\u0131r\u0131r ve hormon sentezini ve safra salg\u0131s\u0131n\u0131 uyar\u0131r.<\/p>\n<p>Deve dikeni<em>(Silybum marianum<\/em>) belirgin bir hepatoprotektif, antioksidan ve anti-inflamatuar etkilere sahiptir. H\u00fccre zarlar\u0131n\u0131 korur ve rejenerasyonu art\u0131r\u0131r.<\/p>\n<p>Likopen bir karotenoiddir ve h\u00fccre zarlar\u0131n\u0131 oksidasyondan koruyan bir antioksidand\u0131r, antiaterojenik etkiye sahiptir. Prostat, meme, endometriyal ve akci\u011fer kanserlerine kar\u015f\u0131 onkoprotektif (kanser \u00f6nleyici) \u00f6zellikleri tespit edilmi\u015ftir.<\/p>\n<p>Tokotrienoller antioksidan aktiviteye sahip E vitamini izomerleridir. H\u00fccre membranlar\u0131n\u0131 oksidasyondan korurlar ve onkoprotektif etkiye sahiptirler.<\/p>\n<p>Lipoik asit hem suda hem de ya\u011fda \u00e7\u00f6z\u00fcnebilen bir enzimdir. V\u00fccudun bir par\u00e7as\u0131 olan ve ATP olu\u015fumuna kat\u0131lan g\u00fc\u00e7l\u00fc bir antioksidand\u0131r. Lipoik asit eksikli\u011fi kas ve beyin k\u00fctlesinde a\u011f\u0131rl\u0131k azalmas\u0131na yol a\u00e7arak b\u00fcy\u00fcme s\u00fcre\u00e7lerini yava\u015flat\u0131r.<\/p>\n<p><strong>\u00dcr\u00fcn kodu <\/strong>: 1825 <strong>Kategori <\/strong>: G\u0131da Takviyeleri <strong>Se\u00e7ilen \u00fcr\u00fcnler: <\/strong>\u015eimdi stokta<\/p>\n<p><span style=\"text-decoration: underline;\"><strong>\u0130\u00e7indekiler<\/strong><\/span><\/p>\n<p>G\u0131da takviyesi Zerde\u00e7al NSP flavolignanlar, likopen, lipoik asit, E vitamini i\u00e7in ek bir kaynakt\u0131r.<\/p>\n<p><strong>\u0130\u00e7erik<\/strong> <strong>(1 kaps\u00fcl)<\/strong>: zerde\u00e7al k\u00f6k\u00fc (Curcuma longa) &#8211; 153.0 mg; tokotrienol kar\u0131\u015f\u0131m\u0131 &#8211; 131.2 mg (5 mg E vitamini\/normal t\u00fcketimin %33&#8217;\u00fc); ku\u015fburnu (Rosa canina) &#8211; 122.5 mg; devedikeni tohumu (Silybum marianum) &#8211; 87.0 mg; alfa lipoik asit &#8211; 2.3 mg (normal t\u00fcketimin %7.7&#8217;si); likopen &#8211; 1.4 mg (normal t\u00fcketimin %28&#8217;i).<\/p>\n<p><strong>Aktif Olmayan <\/strong> \u0130\u00e7erikler : magnezyum stearat, jelatin ve silikon dioksit.<\/p>\n<p><span style=\"text-decoration: underline;\"><strong>Usage <\/strong><\/span><\/p>\n<p>Yeti\u015fkinler i\u00e7in \u00fc\u00e7 ila d\u00f6rt hafta boyunca g\u00fcnde iki kez yemekle birlikte bir kaps\u00fcl.<\/p>\n<p><strong>Contraindications:<\/strong> personal intolerance, pregnancy, and lactation.<\/p>\n<\/div>\r\n            <\/div>\r\n        <\/div>\r\n\r\n\n","protected":false},"excerpt":{"rendered":"<ul>\n<li>E vitamini h\u00fccrelerin oksidatif stresten korunmas\u0131na katk\u0131da bulunur<\/li>\n<li>Alfa Lipoik asit ve likopen i\u00e7erir<\/li>\n<\/ul>\n","protected":false},"featured_media":8005,"template":"","meta":{"_acf_changed":false},"product_cat":[397],"product_tag":[],"class_list":{"0":"post-8004","1":"product","2":"type-product","3":"status-publish","4":"has-post-thumbnail","6":"product_cat-heath","7":"pa_body-systems-endokrin-tr","8":"pa_body-systems-kardiyovaskuler","9":"pa_health-topics-bagisiklik","10":"pa_health-topics-detoks-ve-arinma","11":"pa_health-topics-goz-sagligi","12":"pa_health-topics-hafiza-ve-beyin","13":"pa_health-topics-kadin-sagligi","14":"pa_health-topics-kalp-sagligi","15":"pa_health-topics-mevsimsel-destek","16":"pa_health-topics-sac-cilt-tirnaklar","17":"pa_product-categories-antioxidants-tr","18":"pa_product-categories-hepatoprotectors-tr","19":"pa_product-categories-nutrasotikler","20":"pa_product-categories-onkoprotektorler","21":"pa_product-categories-vitamins-and-minerals-tr","23":"first","24":"instock","25":"sale","26":"shipping-taxable","27":"purchasable","28":"product-type-simple"},"acf":[],"yoast_head":"<!-- This site is optimized with the Yoast SEO plugin v22.3 - https:\/\/yoast.com\/wordpress\/plugins\/seo\/ -->\n<title>Zerde\u00e7al NSP | Dietary Supplements<\/title>\n<meta name=\"description\" content=\"Antioksidan NSP: Antioksidan etkiye sahiptir. Rejenerasyon s\u00fcre\u00e7lerini art\u0131r\u0131r, yaralar\u0131n ve trofik \u00fclserlerin iyile\u015fmesini destekler. V\u00fccut \u0131s\u0131s\u0131na kar\u015f\u0131 koruyucu etkisi vard\u0131r...\" \/>\n<meta name=\"robots\" content=\"index, follow, max-snippet:-1, max-image-preview:large, max-video-preview:-1\" \/>\n<link rel=\"canonical\" href=\"https:\/\/nspshop.net\/tr\/urun\/antioxidant-nsp\/\" \/>\n<meta property=\"og:locale\" content=\"tr_TR\" \/>\n<meta property=\"og:type\" content=\"article\" \/>\n<meta property=\"og:title\" content=\"Zerde\u00e7al NSP | Dietary Supplements\" \/>\n<meta property=\"og:description\" content=\"Antioksidan NSP: Antioksidan etkiye sahiptir. Rejenerasyon s\u00fcre\u00e7lerini art\u0131r\u0131r, yaralar\u0131n ve trofik \u00fclserlerin iyile\u015fmesini destekler. V\u00fccut \u0131s\u0131s\u0131na kar\u015f\u0131 koruyucu etkisi vard\u0131r...\" \/>\n<meta property=\"og:url\" content=\"https:\/\/nspshop.net\/tr\/urun\/antioxidant-nsp\/\" \/>\n<meta property=\"og:site_name\" content=\"Dietary Supplements\" \/>\n<meta property=\"article:modified_time\" content=\"2024-03-31T08:15:37+00:00\" \/>\n<meta property=\"og:image\" content=\"https:\/\/nspshop.net\/wp-content\/uploads\/2023\/06\/Antioxidant.webp\" \/>\n\t<meta property=\"og:image:width\" content=\"1080\" \/>\n\t<meta property=\"og:image:height\" content=\"1080\" \/>\n\t<meta property=\"og:image:type\" content=\"image\/webp\" \/>\n<meta name=\"twitter:card\" content=\"summary_large_image\" \/>\n<meta name=\"twitter:label1\" content=\"Tahmini okuma s\u00fcresi\" \/>\n\t<meta name=\"twitter:data1\" content=\"1 dakika\" \/>\n<script type=\"application\/ld+json\" class=\"yoast-schema-graph\">{\"@context\":\"https:\/\/schema.org\",\"@graph\":[{\"@type\":\"WebPage\",\"@id\":\"https:\/\/nspshop.net\/tr\/urun\/antioxidant-nsp\/\",\"url\":\"https:\/\/nspshop.net\/tr\/urun\/antioxidant-nsp\/\",\"name\":\"Zerde\u00e7al NSP | Dietary Supplements\",\"isPartOf\":{\"@id\":\"https:\/\/nspshop.net\/#website\"},\"primaryImageOfPage\":{\"@id\":\"https:\/\/nspshop.net\/tr\/urun\/antioxidant-nsp\/#primaryimage\"},\"image\":{\"@id\":\"https:\/\/nspshop.net\/tr\/urun\/antioxidant-nsp\/#primaryimage\"},\"thumbnailUrl\":\"https:\/\/nspshop.net\/wp-content\/uploads\/2023\/06\/Antioxidant.webp\",\"datePublished\":\"2023-06-04T12:47:29+00:00\",\"dateModified\":\"2024-03-31T08:15:37+00:00\",\"description\":\"Antioksidan NSP: Antioksidan etkiye sahiptir. Rejenerasyon s\u00fcre\u00e7lerini art\u0131r\u0131r, yaralar\u0131n ve trofik \u00fclserlerin iyile\u015fmesini destekler. V\u00fccut \u0131s\u0131s\u0131na kar\u015f\u0131 koruyucu etkisi vard\u0131r...\",\"breadcrumb\":{\"@id\":\"https:\/\/nspshop.net\/tr\/urun\/antioxidant-nsp\/#breadcrumb\"},\"inLanguage\":\"tr\",\"potentialAction\":[{\"@type\":\"ReadAction\",\"target\":[\"https:\/\/nspshop.net\/tr\/urun\/antioxidant-nsp\/\"]}]},{\"@type\":\"ImageObject\",\"inLanguage\":\"tr\",\"@id\":\"https:\/\/nspshop.net\/tr\/urun\/antioxidant-nsp\/#primaryimage\",\"url\":\"https:\/\/nspshop.net\/wp-content\/uploads\/2023\/06\/Antioxidant.webp\",\"contentUrl\":\"https:\/\/nspshop.net\/wp-content\/uploads\/2023\/06\/Antioxidant.webp\",\"width\":1080,\"height\":1080,\"caption\":\"Antioxidant NSP\"},{\"@type\":\"BreadcrumbList\",\"@id\":\"https:\/\/nspshop.net\/tr\/urun\/antioxidant-nsp\/#breadcrumb\",\"itemListElement\":[{\"@type\":\"ListItem\",\"position\":1,\"name\":\"\u0413\u043b\u0430\u0432\u043d\u0430\u044f \u0441\u0442\u0440\u0430\u043d\u0438\u0446\u0430\",\"item\":\"https:\/\/nspshop.net\/\"},{\"@type\":\"ListItem\",\"position\":2,\"name\":\"D\u00fckk\u00e2n\",\"item\":\"https:\/\/nspshop.net\/tr\/shop\/\"},{\"@type\":\"ListItem\",\"position\":3,\"name\":\"Zerde\u00e7al NSP\"}]},{\"@type\":\"WebSite\",\"@id\":\"https:\/\/nspshop.net\/#website\",\"url\":\"https:\/\/nspshop.net\/\",\"name\":\"Dietary Supplements\",\"description\":\"BuyNSP\",\"publisher\":{\"@id\":\"https:\/\/nspshop.net\/#organization\"},\"potentialAction\":[{\"@type\":\"SearchAction\",\"target\":{\"@type\":\"EntryPoint\",\"urlTemplate\":\"https:\/\/nspshop.net\/?s={search_term_string}\"},\"query-input\":\"required name=search_term_string\"}],\"inLanguage\":\"tr\"},{\"@type\":\"Organization\",\"@id\":\"https:\/\/nspshop.net\/#organization\",\"name\":\"Dietary Supplements\",\"alternateName\":\"BuyNSP\",\"url\":\"https:\/\/nspshop.net\/\",\"logo\":{\"@type\":\"ImageObject\",\"inLanguage\":\"tr\",\"@id\":\"https:\/\/nspshop.net\/#\/schema\/logo\/image\/\",\"url\":\"https:\/\/nspshop.net\/wp-content\/uploads\/2023\/06\/cropped-Logo-NSP.png\",\"contentUrl\":\"https:\/\/nspshop.net\/wp-content\/uploads\/2023\/06\/cropped-Logo-NSP.png\",\"width\":512,\"height\":512,\"caption\":\"Dietary Supplements\"},\"image\":{\"@id\":\"https:\/\/nspshop.net\/#\/schema\/logo\/image\/\"}}]}<\/script>\n<!-- \/ Yoast SEO plugin. -->","yoast_head_json":{"title":"Zerde\u00e7al NSP | Dietary Supplements","description":"Antioksidan NSP: Antioksidan etkiye sahiptir. Rejenerasyon s\u00fcre\u00e7lerini art\u0131r\u0131r, yaralar\u0131n ve trofik \u00fclserlerin iyile\u015fmesini destekler. V\u00fccut \u0131s\u0131s\u0131na kar\u015f\u0131 koruyucu etkisi vard\u0131r...","robots":{"index":"index","follow":"follow","max-snippet":"max-snippet:-1","max-image-preview":"max-image-preview:large","max-video-preview":"max-video-preview:-1"},"canonical":"https:\/\/nspshop.net\/tr\/urun\/antioxidant-nsp\/","og_locale":"tr_TR","og_type":"article","og_title":"Zerde\u00e7al NSP | Dietary Supplements","og_description":"Antioksidan NSP: Antioksidan etkiye sahiptir. Rejenerasyon s\u00fcre\u00e7lerini art\u0131r\u0131r, yaralar\u0131n ve trofik \u00fclserlerin iyile\u015fmesini destekler. V\u00fccut \u0131s\u0131s\u0131na kar\u015f\u0131 koruyucu etkisi vard\u0131r...","og_url":"https:\/\/nspshop.net\/tr\/urun\/antioxidant-nsp\/","og_site_name":"Dietary Supplements","article_modified_time":"2024-03-31T08:15:37+00:00","og_image":[{"width":1080,"height":1080,"url":"https:\/\/nspshop.net\/wp-content\/uploads\/2023\/06\/Antioxidant.webp","type":"image\/webp"}],"twitter_card":"summary_large_image","twitter_misc":{"Tahmini okuma s\u00fcresi":"1 dakika"},"schema":{"@context":"https:\/\/schema.org","@graph":[{"@type":"WebPage","@id":"https:\/\/nspshop.net\/tr\/urun\/antioxidant-nsp\/","url":"https:\/\/nspshop.net\/tr\/urun\/antioxidant-nsp\/","name":"Zerde\u00e7al NSP | Dietary Supplements","isPartOf":{"@id":"https:\/\/nspshop.net\/#website"},"primaryImageOfPage":{"@id":"https:\/\/nspshop.net\/tr\/urun\/antioxidant-nsp\/#primaryimage"},"image":{"@id":"https:\/\/nspshop.net\/tr\/urun\/antioxidant-nsp\/#primaryimage"},"thumbnailUrl":"https:\/\/nspshop.net\/wp-content\/uploads\/2023\/06\/Antioxidant.webp","datePublished":"2023-06-04T12:47:29+00:00","dateModified":"2024-03-31T08:15:37+00:00","description":"Antioksidan NSP: Antioksidan etkiye sahiptir. Rejenerasyon s\u00fcre\u00e7lerini art\u0131r\u0131r, yaralar\u0131n ve trofik \u00fclserlerin iyile\u015fmesini destekler. V\u00fccut \u0131s\u0131s\u0131na kar\u015f\u0131 koruyucu etkisi vard\u0131r...","breadcrumb":{"@id":"https:\/\/nspshop.net\/tr\/urun\/antioxidant-nsp\/#breadcrumb"},"inLanguage":"tr","potentialAction":[{"@type":"ReadAction","target":["https:\/\/nspshop.net\/tr\/urun\/antioxidant-nsp\/"]}]},{"@type":"ImageObject","inLanguage":"tr","@id":"https:\/\/nspshop.net\/tr\/urun\/antioxidant-nsp\/#primaryimage","url":"https:\/\/nspshop.net\/wp-content\/uploads\/2023\/06\/Antioxidant.webp","contentUrl":"https:\/\/nspshop.net\/wp-content\/uploads\/2023\/06\/Antioxidant.webp","width":1080,"height":1080,"caption":"Antioxidant NSP"},{"@type":"BreadcrumbList","@id":"https:\/\/nspshop.net\/tr\/urun\/antioxidant-nsp\/#breadcrumb","itemListElement":[{"@type":"ListItem","position":1,"name":"\u0413\u043b\u0430\u0432\u043d\u0430\u044f \u0441\u0442\u0440\u0430\u043d\u0438\u0446\u0430","item":"https:\/\/nspshop.net\/"},{"@type":"ListItem","position":2,"name":"D\u00fckk\u00e2n","item":"https:\/\/nspshop.net\/tr\/shop\/"},{"@type":"ListItem","position":3,"name":"Zerde\u00e7al NSP"}]},{"@type":"WebSite","@id":"https:\/\/nspshop.net\/#website","url":"https:\/\/nspshop.net\/","name":"Dietary Supplements","description":"BuyNSP","publisher":{"@id":"https:\/\/nspshop.net\/#organization"},"potentialAction":[{"@type":"SearchAction","target":{"@type":"EntryPoint","urlTemplate":"https:\/\/nspshop.net\/?s={search_term_string}"},"query-input":"required name=search_term_string"}],"inLanguage":"tr"},{"@type":"Organization","@id":"https:\/\/nspshop.net\/#organization","name":"Dietary Supplements","alternateName":"BuyNSP","url":"https:\/\/nspshop.net\/","logo":{"@type":"ImageObject","inLanguage":"tr","@id":"https:\/\/nspshop.net\/#\/schema\/logo\/image\/","url":"https:\/\/nspshop.net\/wp-content\/uploads\/2023\/06\/cropped-Logo-NSP.png","contentUrl":"https:\/\/nspshop.net\/wp-content\/uploads\/2023\/06\/cropped-Logo-NSP.png","width":512,"height":512,"caption":"Dietary Supplements"},"image":{"@id":"https:\/\/nspshop.net\/#\/schema\/logo\/image\/"}}]}},"_links":{"self":[{"href":"https:\/\/nspshop.net\/tr\/wp-json\/wp\/v2\/product\/8004","targetHints":{"allow":["GET"]}}],"collection":[{"href":"https:\/\/nspshop.net\/tr\/wp-json\/wp\/v2\/product"}],"about":[{"href":"https:\/\/nspshop.net\/tr\/wp-json\/wp\/v2\/types\/product"}],"wp:featuredmedia":[{"embeddable":true,"href":"https:\/\/nspshop.net\/tr\/wp-json\/wp\/v2\/media\/8005"}],"wp:attachment":[{"href":"https:\/\/nspshop.net\/tr\/wp-json\/wp\/v2\/media?parent=8004"}],"wp:term":[{"taxonomy":"product_cat","embeddable":true,"href":"https:\/\/nspshop.net\/tr\/wp-json\/wp\/v2\/product_cat?post=8004"},{"taxonomy":"product_tag","embeddable":true,"href":"https:\/\/nspshop.net\/tr\/wp-json\/wp\/v2\/product_tag?post=8004"}],"curies":[{"name":"wp","href":"https:\/\/api.w.org\/{rel}","templated":true}]}}