{"id":8006,"date":"2023-06-04T15:40:55","date_gmt":"2023-06-04T12:40:55","guid":{"rendered":"https:\/\/nspshop.net\/product\/deve-dikeni-nsp\/"},"modified":"2024-03-31T11:16:38","modified_gmt":"2024-03-31T08:16:38","slug":"deve-dikeni-nsp","status":"publish","type":"product","link":"https:\/\/nspshop.net\/tr\/urun\/deve-dikeni-nsp\/","title":{"rendered":"Devedikeni NSP"},"content":{"rendered":"\r\n        <div class=\"med_worker_introduce_text \">\r\n\r\n            Bu b\u00f6l\u00fcm sadece <span class=\"med_anchor_link\"> <b>Sa\u011fl\u0131k profesyonelleri<\/b> i\u00e7indir<\/span>\r\n\r\n        <\/div>\r\n\r\n        <div class=\"med_worker_popup_wrapper hide\" style=\"background-color: rgba(10,10,10,0.3)\">\r\n            <div class=\"med_worker_popup\" style=\"width:1024px; height:600px;background-color:#ffffff; border-radius: 10px;\">\r\n                <div class=\"med_worker_confirmation\">\r\n                    <span style=\"font-size: 20px\">\r\n                        Sa\u011fl\u0131k profesyoneli misiniz?                    <\/span>\r\n                    <div class=\"med_worker_buttons\">\r\n                        <a href=\"\" class=\"confirm\" style=\"background-color:#0d594e; color: #ffffff;\">Evet<\/a>\r\n                        <a href=\"\" class=\"reject\" style=\"background-color:#bc2b2b; color: #0a0a0a;\">Hay\u0131r<\/a>\r\n                    <\/div>\r\n                <\/div>\r\n                <div class=\"med_worker_decription hide\"><h1 class=\"product_title entry-title\">Devedikeni NSP veya St John&#8217;s Milk thistle NSP veya St John&#8217;s Milk thistle NSP. Meryemana devedikeni<em>(Silybum marianum<\/em>).<\/h1>\n<p>Deve dikeni NSP veya St. John&#8217;s&#8217;un iyile\u015ftirici \u00f6zellikleri. Meryemana dikeninin<em>(Silybum marianum<\/em>) karaci\u011fer hastal\u0131klar\u0131ndaki etkisi 2000 y\u0131l\u0131 a\u015fk\u0131n s\u00fcredir bilinmektedir. Silimarinin antioksidan, membran stabilize edici, anti-toksik, anti-inflamatuar ve antifibrotik, rejeneratif entegre etkileri tan\u0131mlanm\u0131\u015f ve kapsaml\u0131 bir \u015fekilde ara\u015ft\u0131r\u0131lm\u0131\u015ft\u0131r. Deve dikeninin hepatoprotektif (sitoprotektif) \u00f6zellikleri, lipid peroksidasyonunun azalt\u0131lmas\u0131na ve glutatyon depolar\u0131n\u0131n t\u00fckenmesinin \u00f6nlenmesine dayan\u0131r. Deve dikeni l\u00f6kotrien olu\u015fumunu engeller, ba\u011f\u0131\u015f\u0131kl\u0131k fonksiyonlar\u0131n\u0131 mod\u00fcle eder, protein sentezini uyar\u0131r ve karaci\u011fer fibrozunun geli\u015fimini yava\u015flat\u0131r veya tersine \u00e7evirir. Serbest radikallerin ve lipid peroksidasyon \u00fcr\u00fcnlerinin a\u015f\u0131r\u0131 birikimi, eksojen ve endojen kaynakl\u0131 toksinlerin etkisi alt\u0131nda hepatositlere verilen hasar\u0131n \u00f6nde gelen patojenetik mekanizmalar\u0131ndan biridir. Bu da h\u00fccre zar\u0131n\u0131n bozulmas\u0131na ve h\u00fccre \u00f6l\u00fcm\u00fcne yol a\u00e7ar. Silimarin akut ve kronik zehirlenmelerde hepatoprotektif etkiye sahiptir.<\/p>\n<p>\u0130\u015fyerindeki sorunlar, aile i\u00e7i \u00e7at\u0131\u015fmalar, finansal ve ya\u015fam zorluklar\u0131, insanlar\u0131n her g\u00fcn kar\u015f\u0131la\u015ft\u0131\u011f\u0131 psiko-duygusal stres fakt\u00f6rlerinden sadece birka\u00e7\u0131d\u0131r. Bunun sonucunda duygusal dengesizlik, uykusuzluk, anksiyete, beklenmedik panik ataklar, uyu\u015fukluk, sinirlilik ve yayg\u0131n hastal\u0131klara e\u011filim ortaya \u00e7\u0131kar. Stres ya\u015fayan ki\u015filerin v\u00fccudunu ve her \u015feyden \u00f6nce sinir sistemini besinlerle desteklemek gerekir.<\/p>\n<p>Karaci\u011fer normal \u00e7al\u0131\u015f\u0131yorsa, metabolizma ve ba\u011f\u0131\u015f\u0131kl\u0131k sisteminin i\u015fleyi\u015fi yeterince istikrarl\u0131d\u0131r. Karaci\u011ferin normal i\u015flevi, v\u00fccudun hormona ba\u011fl\u0131 t\u00fcm\u00f6rlere kar\u015f\u0131 savunmas\u0131yla da ili\u015fkilidir, bu nedenle doktorlar kad\u0131n \u00fcreme organlar\u0131n\u0131n hastal\u0131klar\u0131n\u0131n \u00f6nlenmesi i\u00e7in deve dikenini \u00f6nermektedir. Bir\u00e7ok bitki uzman\u0131, sedef hastal\u0131\u011f\u0131n\u0131n alevlenmeleri s\u0131ras\u0131nda ortaya \u00e7\u0131kan karaci\u011fer fonksiyon bozuklu\u011fu vakalar\u0131nda bu bitkinin kullan\u0131lmas\u0131n\u0131 \u00f6nermektedir. Karaci\u011fer fonksiyon bozuklu\u011funun ilk belirtileri \u00e7e\u015fitli deri d\u00f6k\u00fcnt\u00fcleri \u015feklinde ortaya \u00e7\u0131kabilir. Devedikeni, ya\u011f\u0131n sindirimi ve ya\u011fda \u00e7\u00f6z\u00fcnen vitaminlerin emilimi i\u00e7in gerekli olan safra s\u0131v\u0131s\u0131n\u0131n \u00fcretimi ile ili\u015fkili olan sindirim sistemi \u00fczerinde faydal\u0131 etkilere sahiptir.<\/p>\n<p>Thistle NSP, toksik maddelerle ili\u015fkili, olumsuz \u00e7evre ko\u015fullar\u0131nda ya\u015fayan ve alkol ba\u011f\u0131ml\u0131l\u0131\u011f\u0131 olan t\u00fcm insanlar i\u00e7in \u00f6nleyici bir &#8216;ajan&#8217; olarak \u00f6nerilebilir. G\u0131da takviyesi NSP Thistle ek flavonolignan kayna\u011f\u0131d\u0131r.<\/p>\n<p><strong data-sanitized-data-mce-fragment=\"1\">\u00dcr\u00fcn kodu<\/strong>: <span data-sanitized-data-mce-fragment=\"1\">4112 <\/span> <strong data-sanitized-data-mce-fragment=\"1\">Kategori<\/strong>: G\u0131da Takviyeleri <strong>Se\u00e7ilen \u00fcr\u00fcnler: <\/strong>\u015eimdi stokta<\/p>\n<p><span style=\"color: #50734a;\"><strong><span style=\"text-decoration: underline;\">\u0130\u00e7indekiler<\/span><\/strong><\/span><\/p>\n<p style=\"padding-left: 30px;\"><strong>\u0130\u00e7erik <\/strong>(1 kaps\u00fcl): Devedikeni (Silybum marianum) tohumu-320 mg, Devedikeni tohumu ekstresi- 25 mg,<\/p>\n<p><strong>\u0130naktif Bile\u015fenler: <\/strong>sel\u00fcloz, magnezyum stearat, silikon dioksit, jelatin.<\/p>\n<p><span style=\"text-decoration: underline; color: #577c50;\"><strong>Kullan\u0131m<\/strong><\/span><\/p>\n<p style=\"padding-left: 30px;\">Yeti\u015fkinler i\u00e7in g\u00fcnde bir kez yemeklerle birlikte bir kaps\u00fcl. Kullan\u0131m s\u00fcresi bir ayd\u0131r.<\/p>\n<p><strong>Kontrendikasyonlar<\/strong>: ki\u015fisel intolerans, hamilelik ve emzirme.<\/p>\n<\/div>\r\n            <\/div>\r\n        <\/div>\r\n\r\n\n","protected":false},"excerpt":{"rendered":"<div class=\"woocommerce-product-details__short-description\">\n<ul>\n<li>Devedikeni i\u00e7erir<\/li>\n<li>Takviye Edici G\u0131dad\u0131r<\/li>\n<\/ul>\n<\/div>\n","protected":false},"featured_media":8007,"template":"","meta":{"_acf_changed":false},"product_cat":[397],"product_tag":[],"class_list":{"0":"post-8006","1":"product","2":"type-product","3":"status-publish","4":"has-post-thumbnail","6":"product_cat-heath","7":"pa_body-systems-metabolizma","8":"pa_body-systems-sindirim-sistemi","9":"pa_health-topics-detoks-ve-arinma","10":"pa_health-topics-sac-cilt-tirnaklar","11":"pa_health-topics-sindirim","12":"pa_product-categories-antioxidants-tr","13":"pa_product-categories-hepatoprotectors-tr","14":"pa_product-categories-parafarmasotikler","16":"first","17":"instock","18":"sale","19":"shipping-taxable","20":"purchasable","21":"product-type-simple"},"acf":[],"yoast_head":"<!-- This site is optimized with the Yoast SEO plugin v22.3 - https:\/\/yoast.com\/wordpress\/plugins\/seo\/ -->\n<title>Devedikeni NSP | Dietary Supplements<\/title>\n<meta name=\"description\" content=\"Milk Thistle NSP: Karaci\u011fer detoksifikasyon fonksiyonunu geli\u015ftirir. Karaci\u011fer h\u00fccrelerini korur ve rejenerasyonu destekler. Anti-enflamatuar \u00f6zelliklere sahiptir.\" \/>\n<meta name=\"robots\" content=\"index, follow, max-snippet:-1, max-image-preview:large, max-video-preview:-1\" \/>\n<link rel=\"canonical\" href=\"https:\/\/nspshop.net\/tr\/urun\/deve-dikeni-nsp\/\" \/>\n<meta property=\"og:locale\" content=\"tr_TR\" \/>\n<meta property=\"og:type\" content=\"article\" \/>\n<meta property=\"og:title\" content=\"Devedikeni NSP | Dietary Supplements\" \/>\n<meta property=\"og:description\" content=\"Milk Thistle NSP: Karaci\u011fer detoksifikasyon fonksiyonunu geli\u015ftirir. Karaci\u011fer h\u00fccrelerini korur ve rejenerasyonu destekler. Anti-enflamatuar \u00f6zelliklere sahiptir.\" \/>\n<meta property=\"og:url\" content=\"https:\/\/nspshop.net\/tr\/urun\/deve-dikeni-nsp\/\" \/>\n<meta property=\"og:site_name\" content=\"Dietary Supplements\" \/>\n<meta property=\"article:modified_time\" content=\"2024-03-31T08:16:38+00:00\" \/>\n<meta property=\"og:image\" content=\"https:\/\/nspshop.net\/wp-content\/uploads\/2023\/06\/Milk_Thistle.webp\" \/>\n\t<meta property=\"og:image:width\" content=\"1080\" \/>\n\t<meta property=\"og:image:height\" content=\"1080\" \/>\n\t<meta property=\"og:image:type\" content=\"image\/webp\" \/>\n<meta name=\"twitter:card\" content=\"summary_large_image\" \/>\n<meta name=\"twitter:label1\" content=\"Tahmini okuma s\u00fcresi\" \/>\n\t<meta name=\"twitter:data1\" content=\"1 dakika\" \/>\n<script type=\"application\/ld+json\" class=\"yoast-schema-graph\">{\"@context\":\"https:\/\/schema.org\",\"@graph\":[{\"@type\":\"WebPage\",\"@id\":\"https:\/\/nspshop.net\/tr\/urun\/deve-dikeni-nsp\/\",\"url\":\"https:\/\/nspshop.net\/tr\/urun\/deve-dikeni-nsp\/\",\"name\":\"Devedikeni NSP | Dietary Supplements\",\"isPartOf\":{\"@id\":\"https:\/\/nspshop.net\/#website\"},\"primaryImageOfPage\":{\"@id\":\"https:\/\/nspshop.net\/tr\/urun\/deve-dikeni-nsp\/#primaryimage\"},\"image\":{\"@id\":\"https:\/\/nspshop.net\/tr\/urun\/deve-dikeni-nsp\/#primaryimage\"},\"thumbnailUrl\":\"https:\/\/nspshop.net\/wp-content\/uploads\/2023\/06\/Milk_Thistle.webp\",\"datePublished\":\"2023-06-04T12:40:55+00:00\",\"dateModified\":\"2024-03-31T08:16:38+00:00\",\"description\":\"Milk Thistle NSP: Karaci\u011fer detoksifikasyon fonksiyonunu geli\u015ftirir. Karaci\u011fer h\u00fccrelerini korur ve rejenerasyonu destekler. Anti-enflamatuar \u00f6zelliklere sahiptir.\",\"breadcrumb\":{\"@id\":\"https:\/\/nspshop.net\/tr\/urun\/deve-dikeni-nsp\/#breadcrumb\"},\"inLanguage\":\"tr\",\"potentialAction\":[{\"@type\":\"ReadAction\",\"target\":[\"https:\/\/nspshop.net\/tr\/urun\/deve-dikeni-nsp\/\"]}]},{\"@type\":\"ImageObject\",\"inLanguage\":\"tr\",\"@id\":\"https:\/\/nspshop.net\/tr\/urun\/deve-dikeni-nsp\/#primaryimage\",\"url\":\"https:\/\/nspshop.net\/wp-content\/uploads\/2023\/06\/Milk_Thistle.webp\",\"contentUrl\":\"https:\/\/nspshop.net\/wp-content\/uploads\/2023\/06\/Milk_Thistle.webp\",\"width\":1080,\"height\":1080,\"caption\":\"Milk Thistle NSP\"},{\"@type\":\"BreadcrumbList\",\"@id\":\"https:\/\/nspshop.net\/tr\/urun\/deve-dikeni-nsp\/#breadcrumb\",\"itemListElement\":[{\"@type\":\"ListItem\",\"position\":1,\"name\":\"\u0413\u043b\u0430\u0432\u043d\u0430\u044f \u0441\u0442\u0440\u0430\u043d\u0438\u0446\u0430\",\"item\":\"https:\/\/nspshop.net\/\"},{\"@type\":\"ListItem\",\"position\":2,\"name\":\"D\u00fckk\u00e2n\",\"item\":\"https:\/\/nspshop.net\/tr\/shop\/\"},{\"@type\":\"ListItem\",\"position\":3,\"name\":\"Devedikeni NSP\"}]},{\"@type\":\"WebSite\",\"@id\":\"https:\/\/nspshop.net\/#website\",\"url\":\"https:\/\/nspshop.net\/\",\"name\":\"Dietary Supplements\",\"description\":\"BuyNSP\",\"publisher\":{\"@id\":\"https:\/\/nspshop.net\/#organization\"},\"potentialAction\":[{\"@type\":\"SearchAction\",\"target\":{\"@type\":\"EntryPoint\",\"urlTemplate\":\"https:\/\/nspshop.net\/?s={search_term_string}\"},\"query-input\":\"required name=search_term_string\"}],\"inLanguage\":\"tr\"},{\"@type\":\"Organization\",\"@id\":\"https:\/\/nspshop.net\/#organization\",\"name\":\"Dietary Supplements\",\"alternateName\":\"BuyNSP\",\"url\":\"https:\/\/nspshop.net\/\",\"logo\":{\"@type\":\"ImageObject\",\"inLanguage\":\"tr\",\"@id\":\"https:\/\/nspshop.net\/#\/schema\/logo\/image\/\",\"url\":\"https:\/\/nspshop.net\/wp-content\/uploads\/2023\/06\/cropped-Logo-NSP.png\",\"contentUrl\":\"https:\/\/nspshop.net\/wp-content\/uploads\/2023\/06\/cropped-Logo-NSP.png\",\"width\":512,\"height\":512,\"caption\":\"Dietary Supplements\"},\"image\":{\"@id\":\"https:\/\/nspshop.net\/#\/schema\/logo\/image\/\"}}]}<\/script>\n<!-- \/ Yoast SEO plugin. -->","yoast_head_json":{"title":"Devedikeni NSP | Dietary Supplements","description":"Milk Thistle NSP: Karaci\u011fer detoksifikasyon fonksiyonunu geli\u015ftirir. Karaci\u011fer h\u00fccrelerini korur ve rejenerasyonu destekler. Anti-enflamatuar \u00f6zelliklere sahiptir.","robots":{"index":"index","follow":"follow","max-snippet":"max-snippet:-1","max-image-preview":"max-image-preview:large","max-video-preview":"max-video-preview:-1"},"canonical":"https:\/\/nspshop.net\/tr\/urun\/deve-dikeni-nsp\/","og_locale":"tr_TR","og_type":"article","og_title":"Devedikeni NSP | Dietary Supplements","og_description":"Milk Thistle NSP: Karaci\u011fer detoksifikasyon fonksiyonunu geli\u015ftirir. Karaci\u011fer h\u00fccrelerini korur ve rejenerasyonu destekler. Anti-enflamatuar \u00f6zelliklere sahiptir.","og_url":"https:\/\/nspshop.net\/tr\/urun\/deve-dikeni-nsp\/","og_site_name":"Dietary Supplements","article_modified_time":"2024-03-31T08:16:38+00:00","og_image":[{"width":1080,"height":1080,"url":"https:\/\/nspshop.net\/wp-content\/uploads\/2023\/06\/Milk_Thistle.webp","type":"image\/webp"}],"twitter_card":"summary_large_image","twitter_misc":{"Tahmini okuma s\u00fcresi":"1 dakika"},"schema":{"@context":"https:\/\/schema.org","@graph":[{"@type":"WebPage","@id":"https:\/\/nspshop.net\/tr\/urun\/deve-dikeni-nsp\/","url":"https:\/\/nspshop.net\/tr\/urun\/deve-dikeni-nsp\/","name":"Devedikeni NSP | Dietary Supplements","isPartOf":{"@id":"https:\/\/nspshop.net\/#website"},"primaryImageOfPage":{"@id":"https:\/\/nspshop.net\/tr\/urun\/deve-dikeni-nsp\/#primaryimage"},"image":{"@id":"https:\/\/nspshop.net\/tr\/urun\/deve-dikeni-nsp\/#primaryimage"},"thumbnailUrl":"https:\/\/nspshop.net\/wp-content\/uploads\/2023\/06\/Milk_Thistle.webp","datePublished":"2023-06-04T12:40:55+00:00","dateModified":"2024-03-31T08:16:38+00:00","description":"Milk Thistle NSP: Karaci\u011fer detoksifikasyon fonksiyonunu geli\u015ftirir. Karaci\u011fer h\u00fccrelerini korur ve rejenerasyonu destekler. Anti-enflamatuar \u00f6zelliklere sahiptir.","breadcrumb":{"@id":"https:\/\/nspshop.net\/tr\/urun\/deve-dikeni-nsp\/#breadcrumb"},"inLanguage":"tr","potentialAction":[{"@type":"ReadAction","target":["https:\/\/nspshop.net\/tr\/urun\/deve-dikeni-nsp\/"]}]},{"@type":"ImageObject","inLanguage":"tr","@id":"https:\/\/nspshop.net\/tr\/urun\/deve-dikeni-nsp\/#primaryimage","url":"https:\/\/nspshop.net\/wp-content\/uploads\/2023\/06\/Milk_Thistle.webp","contentUrl":"https:\/\/nspshop.net\/wp-content\/uploads\/2023\/06\/Milk_Thistle.webp","width":1080,"height":1080,"caption":"Milk Thistle NSP"},{"@type":"BreadcrumbList","@id":"https:\/\/nspshop.net\/tr\/urun\/deve-dikeni-nsp\/#breadcrumb","itemListElement":[{"@type":"ListItem","position":1,"name":"\u0413\u043b\u0430\u0432\u043d\u0430\u044f \u0441\u0442\u0440\u0430\u043d\u0438\u0446\u0430","item":"https:\/\/nspshop.net\/"},{"@type":"ListItem","position":2,"name":"D\u00fckk\u00e2n","item":"https:\/\/nspshop.net\/tr\/shop\/"},{"@type":"ListItem","position":3,"name":"Devedikeni NSP"}]},{"@type":"WebSite","@id":"https:\/\/nspshop.net\/#website","url":"https:\/\/nspshop.net\/","name":"Dietary Supplements","description":"BuyNSP","publisher":{"@id":"https:\/\/nspshop.net\/#organization"},"potentialAction":[{"@type":"SearchAction","target":{"@type":"EntryPoint","urlTemplate":"https:\/\/nspshop.net\/?s={search_term_string}"},"query-input":"required name=search_term_string"}],"inLanguage":"tr"},{"@type":"Organization","@id":"https:\/\/nspshop.net\/#organization","name":"Dietary Supplements","alternateName":"BuyNSP","url":"https:\/\/nspshop.net\/","logo":{"@type":"ImageObject","inLanguage":"tr","@id":"https:\/\/nspshop.net\/#\/schema\/logo\/image\/","url":"https:\/\/nspshop.net\/wp-content\/uploads\/2023\/06\/cropped-Logo-NSP.png","contentUrl":"https:\/\/nspshop.net\/wp-content\/uploads\/2023\/06\/cropped-Logo-NSP.png","width":512,"height":512,"caption":"Dietary Supplements"},"image":{"@id":"https:\/\/nspshop.net\/#\/schema\/logo\/image\/"}}]}},"_links":{"self":[{"href":"https:\/\/nspshop.net\/tr\/wp-json\/wp\/v2\/product\/8006","targetHints":{"allow":["GET"]}}],"collection":[{"href":"https:\/\/nspshop.net\/tr\/wp-json\/wp\/v2\/product"}],"about":[{"href":"https:\/\/nspshop.net\/tr\/wp-json\/wp\/v2\/types\/product"}],"wp:featuredmedia":[{"embeddable":true,"href":"https:\/\/nspshop.net\/tr\/wp-json\/wp\/v2\/media\/8007"}],"wp:attachment":[{"href":"https:\/\/nspshop.net\/tr\/wp-json\/wp\/v2\/media?parent=8006"}],"wp:term":[{"taxonomy":"product_cat","embeddable":true,"href":"https:\/\/nspshop.net\/tr\/wp-json\/wp\/v2\/product_cat?post=8006"},{"taxonomy":"product_tag","embeddable":true,"href":"https:\/\/nspshop.net\/tr\/wp-json\/wp\/v2\/product_tag?post=8006"}],"curies":[{"name":"wp","href":"https:\/\/api.w.org\/{rel}","templated":true}]}}