{"id":8008,"date":"2023-06-04T15:29:42","date_gmt":"2023-06-04T12:29:42","guid":{"rendered":"https:\/\/nspshop.net\/product\/krom-selat-nsp\/"},"modified":"2024-03-31T11:17:24","modified_gmt":"2024-03-31T08:17:24","slug":"krom-selat-nsp","status":"publish","type":"product","link":"https:\/\/nspshop.net\/tr\/urun\/krom-selat-nsp\/","title":{"rendered":"Krom \u015eelat NSP"},"content":{"rendered":"\r\n        <div class=\"med_worker_introduce_text \">\r\n\r\n            Bu b\u00f6l\u00fcm sadece <span class=\"med_anchor_link\"> <b>Sa\u011fl\u0131k profesyonelleri<\/b> i\u00e7indir<\/span>\r\n\r\n        <\/div>\r\n\r\n        <div class=\"med_worker_popup_wrapper hide\" style=\"background-color: rgba(10,10,10,0.3)\">\r\n            <div class=\"med_worker_popup\" style=\"width:1024px; height:600px;background-color:#ffffff; border-radius: 10px;\">\r\n                <div class=\"med_worker_confirmation\">\r\n                    <span style=\"font-size: 20px\">\r\n                        Sa\u011fl\u0131k profesyoneli misiniz?                    <\/span>\r\n                    <div class=\"med_worker_buttons\">\r\n                        <a href=\"\" class=\"confirm\" style=\"background-color:#0d594e; color: #ffffff;\">Evet<\/a>\r\n                        <a href=\"\" class=\"reject\" style=\"background-color:#bc2b2b; color: #0a0a0a;\">Hay\u0131r<\/a>\r\n                    <\/div>\r\n                <\/div>\r\n                <div class=\"med_worker_decription hide\"><h1>Krom \u015eelat NSP<\/h1>\n<p>Chromium chelate NSP, v\u00fccutta daha iyi asimilasyonuna katk\u0131da bulunan \u015felatl\u0131 bir formda (amino asitlerle krom bile\u015fi\u011fi) krom i\u00e7erir. Kalsiyum ve at kuyru\u011fu, k\u0131rm\u0131z\u0131 yonca ve civanper\u00e7emi gibi bitkilerin kar\u0131\u015f\u0131m\u0131n\u0131 i\u00e7erir.<br \/>\nKrom, g\u00fcnl\u00fck 50 mcg gereksinimi olan temel bir eser elementtir. Bununla birlikte, d\u00fc\u015f\u00fck bir emilim oran\u0131na (yakla\u015f\u0131k %10) ve olduk\u00e7a y\u00fcksek bir v\u00fccuttan at\u0131lma oran\u0131na (83 g\u00fcn) sahiptir. Krom &#8216;glikoz tolerans fakt\u00f6r\u00fc&#8217;n\u00fcn bir bile\u015feni oldu\u011funda, kromun en \u00f6nemli biyolojik rol\u00fc karbonhidrat metabolizmas\u0131 ve kan \u015fekeri seviyelerinin d\u00fczenlenmesidir. \u0130ns\u00fclin ile birlikte hareket ederek glikozun h\u00fccreler taraf\u0131ndan depolanmas\u0131n\u0131 ve kullan\u0131lmas\u0131n\u0131 d\u00fczenler. H\u00fccresel resept\u00f6rlerin ins\u00fcline kar\u015f\u0131 duyarl\u0131l\u0131\u011f\u0131n\u0131 art\u0131r\u0131r ve ins\u00fclin ihtiyac\u0131n\u0131 azalt\u0131r. Krom \u00f6ncelikle \u015feker hastalar\u0131 i\u00e7in gereklidir, \u00e7\u00fcnk\u00fc bu elementin eksikli\u011fi diyabet gibi durumlar\u0131n riskini art\u0131rabilir. Hamilelik s\u0131ras\u0131nda ve do\u011fumdan sonra kad\u0131nlarda krom seviyeleri d\u00fc\u015fer, bu da hamilelik s\u0131ras\u0131nda diyabete yol a\u00e7abilir. T\u00fcketti\u011fimiz \u015feker ve karbonhidratl\u0131 g\u0131dalar v\u00fccuttaki krom seviyesini d\u00fc\u015f\u00fcr\u00fcr. 40 ya\u015f\u0131ndan sonra, normal ins\u00fclin \u00fcretimine sahip insanlar\u0131n d\u00f6rtte birinde ins\u00fclin sorunlar\u0131 ortaya \u00e7\u0131kacakt\u0131r. Topraktaki krom i\u00e7eri\u011finin azalmas\u0131, d\u00fcnyadaki neredeyse t\u00fcm insanlarda krom eksikli\u011fine yol a\u00e7m\u0131\u015ft\u0131r.<\/p>\n<p>Krom, bu hormon taraf\u0131ndan d\u00fczenlenen t\u00fcm metabolik s\u00fcre\u00e7lerde ins\u00fclinin etkisini art\u0131rabilir. V\u00fccudun glikojen depolama yetene\u011fini art\u0131r\u0131r ve protein biyosentezini uyararak kas k\u00fctlesinde art\u0131\u015fa katk\u0131da bulunur. V\u00fccuttaki krom eksikli\u011fi, kandaki glikoz seviyesini, trigliserit ve kolesterol\u00fc y\u00fckseltir ve damar sertli\u011fine neden olur.<\/p>\n<p>Kromun biyolojik etkisi \u00e7ok \u00e7e\u015fitlidir. Sadece kandaki glikoz seviyesini d\u00fczenlemekle kalmaz, ayn\u0131 zamanda yara iyile\u015ftirici etkileri de vard\u0131r (peptik \u00fclser hastal\u0131\u011f\u0131nda). Kalp ve sinir dokusunun metabolizmas\u0131n\u0131, cinsel fonksiyonu ve tiroid bezinin i\u015flevini destekler. Krom, DNA ve RNA sentezinde lesitin, kolesterol, ya\u011f asitleri ve karaci\u011ferdeki metabolitlerin detoksifikasyonunda rol oynar.<\/p>\n<p>At kuyru\u011fu<em>(Equisetum arvense<\/em>) bir silikon kayna\u011f\u0131d\u0131r. Ba\u011f dokusunun yenilenmesini ve endokrin bezlerinin aktivitesini uyar\u0131r ve anti-enflamatuar ve antibakteriyel etkilere sahiptir.<\/p>\n<p>K\u0131rm\u0131z\u0131 yonca<em>(Trifolium pratense<\/em>) bakteriyel ve viral enfeksiyonlara kar\u015f\u0131 ba\u011f\u0131\u015f\u0131kl\u0131k uyar\u0131c\u0131d\u0131r ve yaralar\u0131 ve \u00fclserleri iyile\u015ftirir. Yonca y\u00fcksek fito\u00f6strojen i\u00e7eri\u011fine sahiptir. \u00d6zellikle gen\u00e7 erkeklerdeki sivilcelere iyi gelir. Cilt k\u0131zar\u0131kl\u0131klar\u0131n\u0131 giderir, sebore ve sedef hastal\u0131\u011f\u0131nda kullan\u0131l\u0131r. Antispazmodik, antiseptik, antit\u00fcm\u00f6r etkileri vard\u0131r. Kolesterol\u00fc d\u00fc\u015f\u00fcr\u00fcr ve ateroskleroz geli\u015fimini \u00f6nler.<\/p>\n<p>Civanper\u00e7emi<em>(Achillea millefolium<\/em>) bakteri \u00f6ld\u00fcr\u00fcc\u00fc, yara iyile\u015ftirici, iltihap \u00f6nleyici, spazm giderici ve anti-alerjik etkiye sahiptir.<\/p>\n<p>Chromium Chelate NSP, tip II diyabet ve ateroskleroz gibi ciddi metabolik hastal\u0131klar\u0131 \u00f6nler.<\/p>\n<p><strong>\u00dcr\u00fcn kodu <\/strong>: 1894 <strong>Kategori <\/strong>: G\u0131da Takviyeleri <strong>Se\u00e7ilen \u00fcr\u00fcnler: <\/strong>\u015eimdi stokta<\/p>\n<p><span style=\"text-decoration: underline; color: #406035;\"><strong>\u0130\u00e7indekiler<\/strong><\/span><\/p>\n<p style=\"padding-left: 30px;\"><strong>Content<\/strong> (1 tablet):<\/p>\n<p style=\"padding-left: 30px;\">krom (\u015felat) &#8211; 100 mcg,<\/p>\n<p style=\"padding-left: 30px;\">kalsiyum (dikalsiyum fosfat i\u00e7inde bulunur) &#8211; 87,8 mg<\/p>\n<p style=\"padding-left: 30px;\">atkuyru\u011fu (Equisetum arvense) &#8211; 20 mg,<\/p>\n<p style=\"padding-left: 30px;\">k\u0131rm\u0131z\u0131 yonca (Trifolium pratense) &#8211; 20 mg,<\/p>\n<p style=\"padding-left: 30px;\">civanper\u00e7emi (Achillea millefolium) &#8211; 20 mg.<\/p>\n<p><strong>Etkin Olmayan \u0130\u00e7er<\/strong>ikler: sel\u00fcloz, stearik asit ve magnezyum stearat.<\/p>\n<p><span style=\"text-decoration: underline; color: #3d5933;\"><strong>Kullan\u0131m<\/strong><\/span><\/p>\n<p style=\"padding-left: 30px;\">Yeti\u015fkinler i\u00e7in g\u00fcnde bir kez yemekle birlikte bir kaps\u00fcl. Kullan\u0131m s\u00fcresi bir ayd\u0131r. Gerekirse kullan\u0131m tekrarlanabilir.<\/p>\n<p><strong>Contraindications:<\/strong> personal intolerance, pregnancy, and lactation.<\/p>\n<\/div>\r\n            <\/div>\r\n        <\/div>\r\n\r\n\n","protected":false},"excerpt":{"rendered":"<ul>\n<li>Krom i\u00e7eri\u011fi ile normal makro besin \u00f6geleri metabolizmas\u0131na katk\u0131da bulunur<\/li>\n<li>Krom i\u00e7eri\u011fi ile normal kan glukoz d\u00fczeyinin korunmas\u0131na katk\u0131da bulunur<\/li>\n<\/ul>\n","protected":false},"featured_media":8009,"template":"","meta":{"_acf_changed":false},"product_cat":[397],"product_tag":[],"class_list":{"0":"post-8008","1":"product","2":"type-product","3":"status-publish","4":"has-post-thumbnail","6":"product_cat-heath","7":"pa_body-systems-endokrin-tr","8":"pa_body-systems-metabolizma","9":"pa_health-topics-enerji","10":"pa_health-topics-fitness-tr","11":"pa_health-topics-kan-sekeri","12":"pa_health-topics-kilo-vermek","13":"pa_product-categories-nutrasotikler","14":"pa_product-categories-sports-nutrition-tr","15":"pa_product-categories-vitamins-and-minerals-tr","17":"first","18":"outofstock","19":"sale","20":"shipping-taxable","21":"purchasable","22":"product-type-simple"},"acf":[],"yoast_head":"<!-- This site is optimized with the Yoast SEO plugin v22.3 - https:\/\/yoast.com\/wordpress\/plugins\/seo\/ -->\n<title>Krom \u015eelat NSP | Dietary Supplements<\/title>\n<meta name=\"description\" content=\"Chromium Chelate NSP: Normal kan \u015fekeri seviyelerini korur. Kas performans\u0131n\u0131 ve dayan\u0131kl\u0131l\u0131\u011f\u0131n\u0131 art\u0131r\u0131r. Metabolizmay\u0131 normalle\u015ftirir, kan kolesterol\u00fcn\u00fc d\u00fc\u015f\u00fcr\u00fcr.\" \/>\n<meta name=\"robots\" content=\"index, follow, max-snippet:-1, max-image-preview:large, max-video-preview:-1\" \/>\n<link rel=\"canonical\" href=\"https:\/\/nspshop.net\/tr\/urun\/krom-selat-nsp\/\" \/>\n<meta property=\"og:locale\" content=\"tr_TR\" \/>\n<meta property=\"og:type\" content=\"article\" \/>\n<meta property=\"og:title\" content=\"Krom \u015eelat NSP | Dietary Supplements\" \/>\n<meta property=\"og:description\" content=\"Chromium Chelate NSP: Normal kan \u015fekeri seviyelerini korur. Kas performans\u0131n\u0131 ve dayan\u0131kl\u0131l\u0131\u011f\u0131n\u0131 art\u0131r\u0131r. Metabolizmay\u0131 normalle\u015ftirir, kan kolesterol\u00fcn\u00fc d\u00fc\u015f\u00fcr\u00fcr.\" \/>\n<meta property=\"og:url\" content=\"https:\/\/nspshop.net\/tr\/urun\/krom-selat-nsp\/\" \/>\n<meta property=\"og:site_name\" content=\"Dietary Supplements\" \/>\n<meta property=\"article:modified_time\" content=\"2024-03-31T08:17:24+00:00\" \/>\n<meta property=\"og:image\" content=\"https:\/\/nspshop.net\/wp-content\/uploads\/2023\/06\/Chromium_Chelate.webp\" \/>\n\t<meta property=\"og:image:width\" content=\"1080\" \/>\n\t<meta property=\"og:image:height\" content=\"1080\" \/>\n\t<meta property=\"og:image:type\" content=\"image\/webp\" \/>\n<meta name=\"twitter:card\" content=\"summary_large_image\" \/>\n<meta name=\"twitter:label1\" content=\"Tahmini okuma s\u00fcresi\" \/>\n\t<meta name=\"twitter:data1\" content=\"1 dakika\" \/>\n<script type=\"application\/ld+json\" class=\"yoast-schema-graph\">{\"@context\":\"https:\/\/schema.org\",\"@graph\":[{\"@type\":\"WebPage\",\"@id\":\"https:\/\/nspshop.net\/tr\/urun\/krom-selat-nsp\/\",\"url\":\"https:\/\/nspshop.net\/tr\/urun\/krom-selat-nsp\/\",\"name\":\"Krom \u015eelat NSP | Dietary Supplements\",\"isPartOf\":{\"@id\":\"https:\/\/nspshop.net\/#website\"},\"primaryImageOfPage\":{\"@id\":\"https:\/\/nspshop.net\/tr\/urun\/krom-selat-nsp\/#primaryimage\"},\"image\":{\"@id\":\"https:\/\/nspshop.net\/tr\/urun\/krom-selat-nsp\/#primaryimage\"},\"thumbnailUrl\":\"https:\/\/nspshop.net\/wp-content\/uploads\/2023\/06\/Chromium_Chelate.webp\",\"datePublished\":\"2023-06-04T12:29:42+00:00\",\"dateModified\":\"2024-03-31T08:17:24+00:00\",\"description\":\"Chromium Chelate NSP: Normal kan \u015fekeri seviyelerini korur. Kas performans\u0131n\u0131 ve dayan\u0131kl\u0131l\u0131\u011f\u0131n\u0131 art\u0131r\u0131r. Metabolizmay\u0131 normalle\u015ftirir, kan kolesterol\u00fcn\u00fc d\u00fc\u015f\u00fcr\u00fcr.\",\"breadcrumb\":{\"@id\":\"https:\/\/nspshop.net\/tr\/urun\/krom-selat-nsp\/#breadcrumb\"},\"inLanguage\":\"tr\",\"potentialAction\":[{\"@type\":\"ReadAction\",\"target\":[\"https:\/\/nspshop.net\/tr\/urun\/krom-selat-nsp\/\"]}]},{\"@type\":\"ImageObject\",\"inLanguage\":\"tr\",\"@id\":\"https:\/\/nspshop.net\/tr\/urun\/krom-selat-nsp\/#primaryimage\",\"url\":\"https:\/\/nspshop.net\/wp-content\/uploads\/2023\/06\/Chromium_Chelate.webp\",\"contentUrl\":\"https:\/\/nspshop.net\/wp-content\/uploads\/2023\/06\/Chromium_Chelate.webp\",\"width\":1080,\"height\":1080,\"caption\":\"Chromium Chelate\"},{\"@type\":\"BreadcrumbList\",\"@id\":\"https:\/\/nspshop.net\/tr\/urun\/krom-selat-nsp\/#breadcrumb\",\"itemListElement\":[{\"@type\":\"ListItem\",\"position\":1,\"name\":\"\u0413\u043b\u0430\u0432\u043d\u0430\u044f \u0441\u0442\u0440\u0430\u043d\u0438\u0446\u0430\",\"item\":\"https:\/\/nspshop.net\/\"},{\"@type\":\"ListItem\",\"position\":2,\"name\":\"D\u00fckk\u00e2n\",\"item\":\"https:\/\/nspshop.net\/tr\/shop\/\"},{\"@type\":\"ListItem\",\"position\":3,\"name\":\"Krom \u015eelat NSP\"}]},{\"@type\":\"WebSite\",\"@id\":\"https:\/\/nspshop.net\/#website\",\"url\":\"https:\/\/nspshop.net\/\",\"name\":\"Dietary Supplements\",\"description\":\"BuyNSP\",\"publisher\":{\"@id\":\"https:\/\/nspshop.net\/#organization\"},\"potentialAction\":[{\"@type\":\"SearchAction\",\"target\":{\"@type\":\"EntryPoint\",\"urlTemplate\":\"https:\/\/nspshop.net\/?s={search_term_string}\"},\"query-input\":\"required name=search_term_string\"}],\"inLanguage\":\"tr\"},{\"@type\":\"Organization\",\"@id\":\"https:\/\/nspshop.net\/#organization\",\"name\":\"Dietary Supplements\",\"alternateName\":\"BuyNSP\",\"url\":\"https:\/\/nspshop.net\/\",\"logo\":{\"@type\":\"ImageObject\",\"inLanguage\":\"tr\",\"@id\":\"https:\/\/nspshop.net\/#\/schema\/logo\/image\/\",\"url\":\"https:\/\/nspshop.net\/wp-content\/uploads\/2023\/06\/cropped-Logo-NSP.png\",\"contentUrl\":\"https:\/\/nspshop.net\/wp-content\/uploads\/2023\/06\/cropped-Logo-NSP.png\",\"width\":512,\"height\":512,\"caption\":\"Dietary Supplements\"},\"image\":{\"@id\":\"https:\/\/nspshop.net\/#\/schema\/logo\/image\/\"}}]}<\/script>\n<!-- \/ Yoast SEO plugin. -->","yoast_head_json":{"title":"Krom \u015eelat NSP | Dietary Supplements","description":"Chromium Chelate NSP: Normal kan \u015fekeri seviyelerini korur. Kas performans\u0131n\u0131 ve dayan\u0131kl\u0131l\u0131\u011f\u0131n\u0131 art\u0131r\u0131r. Metabolizmay\u0131 normalle\u015ftirir, kan kolesterol\u00fcn\u00fc d\u00fc\u015f\u00fcr\u00fcr.","robots":{"index":"index","follow":"follow","max-snippet":"max-snippet:-1","max-image-preview":"max-image-preview:large","max-video-preview":"max-video-preview:-1"},"canonical":"https:\/\/nspshop.net\/tr\/urun\/krom-selat-nsp\/","og_locale":"tr_TR","og_type":"article","og_title":"Krom \u015eelat NSP | Dietary Supplements","og_description":"Chromium Chelate NSP: Normal kan \u015fekeri seviyelerini korur. Kas performans\u0131n\u0131 ve dayan\u0131kl\u0131l\u0131\u011f\u0131n\u0131 art\u0131r\u0131r. Metabolizmay\u0131 normalle\u015ftirir, kan kolesterol\u00fcn\u00fc d\u00fc\u015f\u00fcr\u00fcr.","og_url":"https:\/\/nspshop.net\/tr\/urun\/krom-selat-nsp\/","og_site_name":"Dietary Supplements","article_modified_time":"2024-03-31T08:17:24+00:00","og_image":[{"width":1080,"height":1080,"url":"https:\/\/nspshop.net\/wp-content\/uploads\/2023\/06\/Chromium_Chelate.webp","type":"image\/webp"}],"twitter_card":"summary_large_image","twitter_misc":{"Tahmini okuma s\u00fcresi":"1 dakika"},"schema":{"@context":"https:\/\/schema.org","@graph":[{"@type":"WebPage","@id":"https:\/\/nspshop.net\/tr\/urun\/krom-selat-nsp\/","url":"https:\/\/nspshop.net\/tr\/urun\/krom-selat-nsp\/","name":"Krom \u015eelat NSP | Dietary Supplements","isPartOf":{"@id":"https:\/\/nspshop.net\/#website"},"primaryImageOfPage":{"@id":"https:\/\/nspshop.net\/tr\/urun\/krom-selat-nsp\/#primaryimage"},"image":{"@id":"https:\/\/nspshop.net\/tr\/urun\/krom-selat-nsp\/#primaryimage"},"thumbnailUrl":"https:\/\/nspshop.net\/wp-content\/uploads\/2023\/06\/Chromium_Chelate.webp","datePublished":"2023-06-04T12:29:42+00:00","dateModified":"2024-03-31T08:17:24+00:00","description":"Chromium Chelate NSP: Normal kan \u015fekeri seviyelerini korur. Kas performans\u0131n\u0131 ve dayan\u0131kl\u0131l\u0131\u011f\u0131n\u0131 art\u0131r\u0131r. Metabolizmay\u0131 normalle\u015ftirir, kan kolesterol\u00fcn\u00fc d\u00fc\u015f\u00fcr\u00fcr.","breadcrumb":{"@id":"https:\/\/nspshop.net\/tr\/urun\/krom-selat-nsp\/#breadcrumb"},"inLanguage":"tr","potentialAction":[{"@type":"ReadAction","target":["https:\/\/nspshop.net\/tr\/urun\/krom-selat-nsp\/"]}]},{"@type":"ImageObject","inLanguage":"tr","@id":"https:\/\/nspshop.net\/tr\/urun\/krom-selat-nsp\/#primaryimage","url":"https:\/\/nspshop.net\/wp-content\/uploads\/2023\/06\/Chromium_Chelate.webp","contentUrl":"https:\/\/nspshop.net\/wp-content\/uploads\/2023\/06\/Chromium_Chelate.webp","width":1080,"height":1080,"caption":"Chromium Chelate"},{"@type":"BreadcrumbList","@id":"https:\/\/nspshop.net\/tr\/urun\/krom-selat-nsp\/#breadcrumb","itemListElement":[{"@type":"ListItem","position":1,"name":"\u0413\u043b\u0430\u0432\u043d\u0430\u044f \u0441\u0442\u0440\u0430\u043d\u0438\u0446\u0430","item":"https:\/\/nspshop.net\/"},{"@type":"ListItem","position":2,"name":"D\u00fckk\u00e2n","item":"https:\/\/nspshop.net\/tr\/shop\/"},{"@type":"ListItem","position":3,"name":"Krom \u015eelat NSP"}]},{"@type":"WebSite","@id":"https:\/\/nspshop.net\/#website","url":"https:\/\/nspshop.net\/","name":"Dietary Supplements","description":"BuyNSP","publisher":{"@id":"https:\/\/nspshop.net\/#organization"},"potentialAction":[{"@type":"SearchAction","target":{"@type":"EntryPoint","urlTemplate":"https:\/\/nspshop.net\/?s={search_term_string}"},"query-input":"required name=search_term_string"}],"inLanguage":"tr"},{"@type":"Organization","@id":"https:\/\/nspshop.net\/#organization","name":"Dietary Supplements","alternateName":"BuyNSP","url":"https:\/\/nspshop.net\/","logo":{"@type":"ImageObject","inLanguage":"tr","@id":"https:\/\/nspshop.net\/#\/schema\/logo\/image\/","url":"https:\/\/nspshop.net\/wp-content\/uploads\/2023\/06\/cropped-Logo-NSP.png","contentUrl":"https:\/\/nspshop.net\/wp-content\/uploads\/2023\/06\/cropped-Logo-NSP.png","width":512,"height":512,"caption":"Dietary Supplements"},"image":{"@id":"https:\/\/nspshop.net\/#\/schema\/logo\/image\/"}}]}},"_links":{"self":[{"href":"https:\/\/nspshop.net\/tr\/wp-json\/wp\/v2\/product\/8008","targetHints":{"allow":["GET"]}}],"collection":[{"href":"https:\/\/nspshop.net\/tr\/wp-json\/wp\/v2\/product"}],"about":[{"href":"https:\/\/nspshop.net\/tr\/wp-json\/wp\/v2\/types\/product"}],"wp:featuredmedia":[{"embeddable":true,"href":"https:\/\/nspshop.net\/tr\/wp-json\/wp\/v2\/media\/8009"}],"wp:attachment":[{"href":"https:\/\/nspshop.net\/tr\/wp-json\/wp\/v2\/media?parent=8008"}],"wp:term":[{"taxonomy":"product_cat","embeddable":true,"href":"https:\/\/nspshop.net\/tr\/wp-json\/wp\/v2\/product_cat?post=8008"},{"taxonomy":"product_tag","embeddable":true,"href":"https:\/\/nspshop.net\/tr\/wp-json\/wp\/v2\/product_tag?post=8008"}],"curies":[{"name":"wp","href":"https:\/\/api.w.org\/{rel}","templated":true}]}}