{"id":8010,"date":"2023-06-04T15:24:50","date_gmt":"2023-06-04T12:24:50","guid":{"rendered":"https:\/\/nspshop.net\/product\/d3-vitamini-nsp\/"},"modified":"2024-03-31T11:18:22","modified_gmt":"2024-03-31T08:18:22","slug":"d3-vitamini-nsp","status":"publish","type":"product","link":"https:\/\/nspshop.net\/tr\/urun\/d3-vitamini-nsp\/","title":{"rendered":"Vitamin D3 NSP"},"content":{"rendered":"\r\n        <div class=\"med_worker_introduce_text \">\r\n\r\n            Bu b\u00f6l\u00fcm sadece <span class=\"med_anchor_link\"> <b>Sa\u011fl\u0131k profesyonelleri<\/b> i\u00e7indir<\/span>\r\n\r\n        <\/div>\r\n\r\n        <div class=\"med_worker_popup_wrapper hide\" style=\"background-color: rgba(10,10,10,0.3)\">\r\n            <div class=\"med_worker_popup\" style=\"width:1024px; height:600px;background-color:#ffffff; border-radius: 10px;\">\r\n                <div class=\"med_worker_confirmation\">\r\n                    <span style=\"font-size: 20px\">\r\n                        Sa\u011fl\u0131k profesyoneli misiniz?                    <\/span>\r\n                    <div class=\"med_worker_buttons\">\r\n                        <a href=\"\" class=\"confirm\" style=\"background-color:#0d594e; color: #ffffff;\">Evet<\/a>\r\n                        <a href=\"\" class=\"reject\" style=\"background-color:#bc2b2b; color: #0a0a0a;\">Hay\u0131r<\/a>\r\n                    <\/div>\r\n                <\/div>\r\n                <div class=\"med_worker_decription hide\"><h1>D3 Vitamini NSP<\/h1>\n<p>Vitamin D3 NSP<em>(kalsiferol<\/em>) bir besin, hormon ve imm\u00fcnomod\u00fclat\u00f6rd\u00fcr.<br \/>\nD vitamini, g\u00fcne\u015ften gelen ultraviyole \u0131\u015f\u0131nlar\u0131n\u0131n etkisi alt\u0131nda v\u00fccudumuzda, cildimiz yoluyla D3 vitamini<em>(kolekalsiferol<\/em>) \u015feklinde olu\u015fur. Ayr\u0131ca, bu vitaminin insan derisinde ergosterol bak\u0131m\u0131ndan zengin bitkisel g\u0131dalardan elde edilen daha az aktif bir formu olan D2<em>(ergokalsiferol<\/em>) vard\u0131r. D vitamini deriden karaci\u011fere gider ve burada kalsiyum homeostaz\u0131n\u0131 d\u00fczenleyen bir hormona d\u00f6n\u00fc\u015ft\u00fcr\u00fcld\u00fckten sonra b\u00f6breklere ge\u00e7er. D vitamininin bu aktif formu ba\u011f\u0131rsaklarda ve b\u00f6breklerde \u00f6zel bir kalsiyum ba\u011flay\u0131c\u0131 proteinin olu\u015fumunu tetikler, bu da ince ba\u011f\u0131rsakta kalsiyum emilimini art\u0131r\u0131r ve ayr\u0131ca b\u00f6breklerde emilimi h\u0131zland\u0131r\u0131r, \u00f6zel elementi kana geri verir ve idrarda kalsiyum kayb\u0131n\u0131 azalt\u0131r. Ya\u015f ilerledik\u00e7e insan v\u00fccudunda D vitamini olu\u015fumu azal\u0131r. Ya\u015fl\u0131 insanlar d\u00fczenli olarak g\u00fcne\u015fe maruz kalsalar bile ciltleri o kadar fazla D vitamini \u00fcretmeyecektir.<\/p>\n<p>D vitamini eksikli\u011fi ya\u015f, k\u00f6t\u00fc beslenme, g\u00fcne\u015f eksikli\u011fi, karaci\u011fer ve b\u00f6brek hastal\u0131klar\u0131 ile ortaya \u00e7\u0131kabilir. D\u00fcnyan\u0131n kuzey b\u00f6lgelerinin \u00e7o\u011fu g\u00fcne\u015f \u0131\u015f\u0131\u011f\u0131n\u0131n az oldu\u011fu b\u00f6lgelerde yer almaktad\u0131r, bu nedenle bu b\u00f6lgelerde ya\u015fayan bir\u00e7ok insan D vitamini eksikli\u011fi riski alt\u0131ndad\u0131r.<br \/>\nD vitamini, kandaki kalsiyum seviyelerini ve kemik mineral yo\u011funlu\u011funu d\u00fczenlemekten daha fazlas\u0131 i\u00e7in gereklidir. V\u00fccudumuzdaki bir\u00e7ok organ ve dokuda D vitamini resept\u00f6rleri bulunur; bu da D vitamininin sadece kemik dokusunu de\u011fil, di\u011fer bir\u00e7ok organ ve sistemi de etkiledi\u011fi anlam\u0131na gelir. D vitamini ayn\u0131 zamanda v\u00fccutta 200&#8217;den fazla genin d\u00fczenlenmesinde rol alan ve \u00e7ok i\u015flevli etkileri olan bir hormondur. Kronik D vitamini eksikli\u011fi ve bir dizi hastal\u0131\u011f\u0131n geli\u015fiminde ciddi bir risk fakt\u00f6r\u00fcd\u00fcr.<\/p>\n<p>Kas ve iskelet sisteminde D vitamini: D vitamini, kemik dokusu ve di\u015flerin olu\u015fumu s\u0131ras\u0131nda kalsiyum ve fosfor metabolizmas\u0131n\u0131n d\u00fczenlenmesi ve osteoporozun \u00f6nlenmesi ve tedavisi i\u00e7in gereklidir.<br \/>\n\u0130nce ba\u011f\u0131rsakta kalsiyum ve fosfor emilimini ve b\u00f6breklerde kalsiyumun geri emilimini art\u0131r\u0131r.<br \/>\nKanda kalsiyum eksikli\u011fi olmas\u0131 durumunda D Vitamini, kana kalsiyum ak\u0131\u015f\u0131n\u0131 d\u00fczenleyen paratiroid hormonunun \u00fcretimini ve osteoklast h\u00fccrelerinin aktivitesini art\u0131r\u0131r.<\/p>\n<p>Ba\u011f\u0131\u015f\u0131kl\u0131k sisteminde: D vitamini ayr\u0131ca do\u011fu\u015ftan gelen ve edinilmi\u015f ba\u011f\u0131\u015f\u0131kl\u0131\u011f\u0131 destekler, lenfositlerin kan h\u00fccrelerinin i\u015flevini, kan h\u00fccrelerinin (makrofajlar) aktivitesini etkiler ve inflamatuar fakt\u00f6rlerin (sitokinler), interl\u00f6kin-1 ve E2 prostaglandinlerin \u00fcretimini art\u0131r\u0131r. Kendi interferon sentezine kat\u0131l\u0131r.<br \/>\nD vitamini ba\u011f\u0131\u015f\u0131kl\u0131k sisteminde \u00e7ok \u00f6nemli bir rol oynar: antikor \u00fcretimi ile antiviral ve0 t\u00fcberk\u00fclozda antibakteriyel ba\u011f\u0131\u015f\u0131kl\u0131k olu\u015fturur. D vitamininin etkisi alt\u0131nda kan h\u00fccreleri de olu\u015fur.<\/p>\n<p>Cilt sa\u011fl\u0131\u011f\u0131: D vitamini cilt h\u00fccrelerinin \u00e7o\u011falmas\u0131n\u0131 ve \u00e7e\u015fitlili\u011fini d\u00fczenler. Onkoloji tedavilerinde kullan\u0131labilir. Sedef hastal\u0131\u011f\u0131, vitiligo ve di\u011fer otoimm\u00fcn reaksiyonlar\u0131n tedavi riskini ve semptomlar\u0131n\u0131 azalt\u0131r.<\/p>\n<p>Endokrin sistem: D vitamini tiroid bezi, pankreas, \u00fcreme bezlerinin i\u015flevini d\u00fczenler; fet\u00fcs\u00fcn embriyonik geli\u015fimini, spermatogenez ve \u00fcreme i\u015flevini ve DNA&#8217;y\u0131 d\u00fczenler. \u0130ns\u00fclin olu\u015fumunu art\u0131rarak tip I diyabet riskini azalt\u0131r. Solunum ve ba\u011f\u0131rsak bariyer sistemlerinin sa\u011fl\u0131\u011f\u0131n\u0131 destekler. Enerji i\u00e7in ATP sentezi, kan p\u0131ht\u0131la\u015fmas\u0131 ve etanol detoksifikasyonu gibi \u00f6nemli s\u00fcre\u00e7leri d\u00fczenler.<\/p>\n<p>\u00c7ocuklar i\u00e7in: \u00c7ocuklarda D vitamini eksikli\u011fi, \u00e7ocuklarda ra\u015fitizmin ana nedenidir. Annelerin hamilelik s\u0131ras\u0131nda a\u015f\u0131r\u0131 kilo almas\u0131n\u0131n hem annede hem de bebekte ya\u015fam boyu D vitamini eksikli\u011fine yol a\u00e7abilece\u011fi belirlenmi\u015ftir.<\/p>\n<p>Sinir sistemi: Bilimsel \u00e7al\u0131\u015fmalar D vitamini eksikli\u011finin haf\u0131za bozuklu\u011fu, uykusuzluk ve ruh hali dengesizli\u011fine neden olabilece\u011fini g\u00f6stermi\u015ftir.<br \/>\nNe yaz\u0131k ki g\u0131dalardaki D vitamini i\u00e7eri\u011fi yetersizdir. Standart bir diyetle v\u00fccudumuz g\u00fcnde yakla\u015f\u0131k 0,7 ila 5,4 mcg D vitamini al\u0131r, ancak bu miktar\u0131n normal seviyeleri korumak i\u00e7in yeterli olmad\u0131\u011f\u0131 a\u00e7\u0131kt\u0131r.<\/p>\n<p>D vitamini a\u00e7\u0131s\u0131ndan zengin besinler ve d\u00fczeyleri (morina karaci\u011feri ya\u011f\u0131 (250 mcg\/100 g), morina karaci\u011feri (100 mcg\/100 g), ya\u011fl\u0131 ringa bal\u0131\u011f\u0131 (22,5 mcg\/100 g), yumurta sar\u0131s\u0131 ve eti (2,0 mcg), s\u0131\u011f\u0131r karaci\u011feri, tereya\u011f\u0131 (1,3-1,5 mcg\/100 g).<\/p>\n<p>D3 vitamini v\u00fccut taraf\u0131ndan yakla\u015f\u0131k %50 oran\u0131nda emilir. D2 vitamini emilimi daha d\u00fc\u015f\u00fckt\u00fcr.<\/p>\n<p>Bu bitki bazl\u0131 vitamin vejetaryenlerin favorisidir. V\u00fccuttaki D vitamini seviyesini \u00f6\u011frenmek i\u00e7in endokrinolo\u011funuzdan &#8216;D oxyvitamin 25&#8217; kan testi isteyebilirsiniz.<br \/>\nOptimal D vitamini seviyesini (50-60 ng\/ml) sa\u011flamak i\u00e7in g\u00fcnde en az 4000 IU (100 mcg) D vitamini al\u0131nmas\u0131 \u00f6nerilir (kandaki D oksivitamin 25 i\u00e7eri\u011finin kontrol edilmesi). Yeti\u015fkinler i\u00e7in normal bir ya\u015fam tarz\u0131nda, ortalama D vitamini al\u0131m\u0131 g\u00fcnde 2000 IU (50 mcg) ve kronik hastal\u0131klar\u0131 olan risk alt\u0131ndaki ki\u015filer i\u00e7in g\u00fcnde 4000 IU (100 mcg) olmal\u0131d\u0131r. \u00c7o\u011fu multivitamin preparat\u0131nda D vitamini miktar\u0131 2,5 ila 10 mcg aras\u0131nda de\u011fi\u015fir ve bu da fizyolojik ihtiyac\u0131 kar\u015f\u0131lamaz. Bu nedenle D vitamini i\u00e7eren g\u0131da takviyeleri alman\u0131z\u0131 tavsiye ederiz. Vitamin D3 NSP, Avustralya ve Yeni Zelanda&#8217;dan gelen do\u011fal \u00e7evre dostu hammaddelerden biyoteknolojik sentez sonucu elde edilmi\u015ftir. Tatland\u0131r\u0131c\u0131 olarak GDO i\u00e7ermeyen ve farmas\u00f6tik standartlara uygun olan mannitol, do\u011fal sorbitol ve ksilitol kullan\u0131lmaktad\u0131r.<\/p>\n<p><strong>\u00dcr\u00fcn kodu<\/strong>: <span data-sanitized-data-mce-fragment=\"1\">22485 <\/span><strong> Kategori <\/strong>: G\u0131da Takviyeleri <strong>Se\u00e7ilen \u00fcr\u00fcnler: <\/strong>\u015eimdi stokta<\/p>\n<p><span style=\"text-decoration: underline;\"><span style=\"color: #517c56;\"><strong>\u0130\u00e7indekiler<\/strong><\/span><\/span><\/p>\n<p style=\"padding-left: 30px;\">Vitamin D3 NSP ek bir D3 vitamini kayna\u011f\u0131d\u0131r.<\/p>\n<p><strong>\u0130\u00e7erik <\/strong>(1 tablet): 355 mg: sorbitol 220 mg, mannitol 83 mg, ksilitol 25 mg, D3 vitamini (kolikalsiferol) 600 ME \/ 15 mcg.<\/p>\n<p><strong>\u0130naktif Bile\u015fenler:<\/strong> stearik asit (bitkisel), magnezyum stearat (bitkisel), do\u011fal \u015feftali aromas\u0131, do\u011fal tropikal meyve aromas\u0131, sitrik asit<\/p>\n<p><span style=\"text-decoration: underline; color: #3b633f;\"><strong>Kullan\u0131m<\/strong><\/span><\/p>\n<p style=\"padding-left: 30px;\">Yeti\u015fkinler i\u00e7in: Yemeklerle birlikte g\u00fcnde bir tablet \u00e7i\u011fneyin. Kullan\u0131m s\u00fcresi bir ayd\u0131r. Gerekirse kullan\u0131m tekrarlanabilir.<\/p>\n<p>Testlerin sonu\u00e7lar\u0131na ve doktorlar\u0131n tavsiyelerine ba\u011fl\u0131 olarak g\u00fcnde bir ila \u00fc\u00e7 tablet alabilirsiniz.<\/p>\n<p>2-3 ya\u015f aras\u0131 \u00e7ocuklar i\u00e7in \u00e7ocuk doktoruna dan\u0131\u015f\u0131ld\u0131ktan sonra D vitamini verilebilir.<\/p>\n<p><strong>Kontrendikasyonlar<\/strong>: ki\u015fisel intolerans, hamilelik ve emzirme. Kullanmadan \u00f6nce doktorunuza dan\u0131\u015f\u0131n\u0131z.<\/p>\n<p>Saklama <strong>ko\u015fullar\u0131 <\/strong>: Kuru ve karanl\u0131k bir yerde, \u00e7ocuklar\u0131n ula\u015famayaca\u011f\u0131 bir yerde, + 30\u00b0C&#8217;yi ge\u00e7meyen bir s\u0131cakl\u0131kta saklay\u0131n.<\/p>\n<\/div>\r\n            <\/div>\r\n        <\/div>\r\n\r\n\n","protected":false},"excerpt":{"rendered":"<div class=\"woocommerce-product-details__short-description\">\n<ul>\n<li>D vitamini kalsiyumun ve fosforun normal emilimine\/kullan\u0131m\u0131na katk\u0131da bulunur<\/li>\n<li>D vitamini normal kan kalsiyum d\u00fczeyine katk\u0131da bulunur<\/li>\n<li>D vitamini normal kemiklerin korunmas\u0131na katk\u0131da bulunur<\/li>\n<li>D vitamini normal kas fonksiyonunun korunmas\u0131na katk\u0131da bulunur<\/li>\n<li>D vitamini normal di\u015flerin korunmas\u0131na katk\u0131da bulunur<\/li>\n<li>D vitamini ba\u011f\u0131\u015f\u0131kl\u0131k sisteminin normal fonksiyonuna katk\u0131da bulunur<\/li>\n<li>D vitaminin h\u00fccre b\u00f6l\u00fcnmesinde g\u00f6revi vard\u0131r<\/li>\n<\/ul>\n<\/div>\n","protected":false},"featured_media":7992,"template":"","meta":{"_acf_changed":false},"product_cat":[397],"product_tag":[],"class_list":{"0":"post-8010","1":"product","2":"type-product","3":"status-publish","4":"has-post-thumbnail","6":"product_cat-heath","7":"pa_body-systems-bagisiklik-ve-lenfatik","8":"pa_body-systems-endokrin-tr","9":"pa_body-systems-erkek-ureme","10":"pa_body-systems-hematopoez","11":"pa_body-systems-kadin-ureme","12":"pa_body-systems-kas-iskelet-sistemi-disler","13":"pa_body-systems-metabolizma","14":"pa_body-systems-sindirim-sistemi","15":"pa_body-systems-skin-hair-nails-tr-2","16":"pa_health-topics-bagisiklik","17":"pa_health-topics-cocuk-sagligi","18":"pa_health-topics-enerji","19":"pa_health-topics-erkek-sagligi","20":"pa_health-topics-fitness-tr","21":"pa_health-topics-hamile-emziren","22":"pa_health-topics-kadin-sagligi","23":"pa_health-topics-kemikler-ve-eklemler","24":"pa_health-topics-sac-cilt-tirnaklar","25":"pa_health-topics-stres-rahatlama-uyku-tr","26":"pa_product-categories-nutrasotikler","27":"pa_product-categories-vitamins-and-minerals-tr","29":"first","30":"outofstock","31":"sale","32":"shipping-taxable","33":"purchasable","34":"product-type-simple"},"acf":[],"yoast_head":"<!-- This site is optimized with the Yoast SEO plugin v22.3 - https:\/\/yoast.com\/wordpress\/plugins\/seo\/ -->\n<title>Vitamin D3 NSP | Dietary Supplements<\/title>\n<meta name=\"description\" content=\"Vitamin D3 NSP: Kemik ve kas geli\u015fimi i\u00e7in gereklidir. Osteoporozu \u00f6nlemek ve kalsiyum, fosfor emilimini art\u0131rmak i\u00e7in gereklidir.\" \/>\n<meta name=\"robots\" content=\"index, follow, max-snippet:-1, max-image-preview:large, max-video-preview:-1\" \/>\n<link rel=\"canonical\" href=\"https:\/\/nspshop.net\/tr\/urun\/d3-vitamini-nsp\/\" \/>\n<meta property=\"og:locale\" content=\"tr_TR\" \/>\n<meta property=\"og:type\" content=\"article\" \/>\n<meta property=\"og:title\" content=\"Vitamin D3 NSP | Dietary Supplements\" \/>\n<meta property=\"og:description\" content=\"Vitamin D3 NSP: Kemik ve kas geli\u015fimi i\u00e7in gereklidir. Osteoporozu \u00f6nlemek ve kalsiyum, fosfor emilimini art\u0131rmak i\u00e7in gereklidir.\" \/>\n<meta property=\"og:url\" content=\"https:\/\/nspshop.net\/tr\/urun\/d3-vitamini-nsp\/\" \/>\n<meta property=\"og:site_name\" content=\"Dietary Supplements\" \/>\n<meta property=\"article:modified_time\" content=\"2024-03-31T08:18:22+00:00\" \/>\n<meta property=\"og:image\" content=\"https:\/\/nspshop.net\/wp-content\/uploads\/2023\/06\/Vitamin_D3.webp\" \/>\n\t<meta property=\"og:image:width\" content=\"1652\" \/>\n\t<meta property=\"og:image:height\" content=\"1652\" \/>\n\t<meta property=\"og:image:type\" content=\"image\/webp\" \/>\n<meta name=\"twitter:card\" content=\"summary_large_image\" \/>\n<meta name=\"twitter:label1\" content=\"Tahmini okuma s\u00fcresi\" \/>\n\t<meta name=\"twitter:data1\" content=\"1 dakika\" \/>\n<script type=\"application\/ld+json\" class=\"yoast-schema-graph\">{\"@context\":\"https:\/\/schema.org\",\"@graph\":[{\"@type\":\"WebPage\",\"@id\":\"https:\/\/nspshop.net\/tr\/urun\/d3-vitamini-nsp\/\",\"url\":\"https:\/\/nspshop.net\/tr\/urun\/d3-vitamini-nsp\/\",\"name\":\"Vitamin D3 NSP | Dietary Supplements\",\"isPartOf\":{\"@id\":\"https:\/\/nspshop.net\/#website\"},\"primaryImageOfPage\":{\"@id\":\"https:\/\/nspshop.net\/tr\/urun\/d3-vitamini-nsp\/#primaryimage\"},\"image\":{\"@id\":\"https:\/\/nspshop.net\/tr\/urun\/d3-vitamini-nsp\/#primaryimage\"},\"thumbnailUrl\":\"https:\/\/nspshop.net\/wp-content\/uploads\/2023\/06\/Vitamin_D3.webp\",\"datePublished\":\"2023-06-04T12:24:50+00:00\",\"dateModified\":\"2024-03-31T08:18:22+00:00\",\"description\":\"Vitamin D3 NSP: Kemik ve kas geli\u015fimi i\u00e7in gereklidir. Osteoporozu \u00f6nlemek ve kalsiyum, fosfor emilimini art\u0131rmak i\u00e7in gereklidir.\",\"breadcrumb\":{\"@id\":\"https:\/\/nspshop.net\/tr\/urun\/d3-vitamini-nsp\/#breadcrumb\"},\"inLanguage\":\"tr\",\"potentialAction\":[{\"@type\":\"ReadAction\",\"target\":[\"https:\/\/nspshop.net\/tr\/urun\/d3-vitamini-nsp\/\"]}]},{\"@type\":\"ImageObject\",\"inLanguage\":\"tr\",\"@id\":\"https:\/\/nspshop.net\/tr\/urun\/d3-vitamini-nsp\/#primaryimage\",\"url\":\"https:\/\/nspshop.net\/wp-content\/uploads\/2023\/06\/Vitamin_D3.webp\",\"contentUrl\":\"https:\/\/nspshop.net\/wp-content\/uploads\/2023\/06\/Vitamin_D3.webp\",\"width\":1652,\"height\":1652,\"caption\":\"Vitamin D3 NSP\"},{\"@type\":\"BreadcrumbList\",\"@id\":\"https:\/\/nspshop.net\/tr\/urun\/d3-vitamini-nsp\/#breadcrumb\",\"itemListElement\":[{\"@type\":\"ListItem\",\"position\":1,\"name\":\"\u0413\u043b\u0430\u0432\u043d\u0430\u044f \u0441\u0442\u0440\u0430\u043d\u0438\u0446\u0430\",\"item\":\"https:\/\/nspshop.net\/\"},{\"@type\":\"ListItem\",\"position\":2,\"name\":\"D\u00fckk\u00e2n\",\"item\":\"https:\/\/nspshop.net\/tr\/shop\/\"},{\"@type\":\"ListItem\",\"position\":3,\"name\":\"Vitamin D3 NSP\"}]},{\"@type\":\"WebSite\",\"@id\":\"https:\/\/nspshop.net\/#website\",\"url\":\"https:\/\/nspshop.net\/\",\"name\":\"Dietary Supplements\",\"description\":\"BuyNSP\",\"publisher\":{\"@id\":\"https:\/\/nspshop.net\/#organization\"},\"potentialAction\":[{\"@type\":\"SearchAction\",\"target\":{\"@type\":\"EntryPoint\",\"urlTemplate\":\"https:\/\/nspshop.net\/?s={search_term_string}\"},\"query-input\":\"required name=search_term_string\"}],\"inLanguage\":\"tr\"},{\"@type\":\"Organization\",\"@id\":\"https:\/\/nspshop.net\/#organization\",\"name\":\"Dietary Supplements\",\"alternateName\":\"BuyNSP\",\"url\":\"https:\/\/nspshop.net\/\",\"logo\":{\"@type\":\"ImageObject\",\"inLanguage\":\"tr\",\"@id\":\"https:\/\/nspshop.net\/#\/schema\/logo\/image\/\",\"url\":\"https:\/\/nspshop.net\/wp-content\/uploads\/2023\/06\/cropped-Logo-NSP.png\",\"contentUrl\":\"https:\/\/nspshop.net\/wp-content\/uploads\/2023\/06\/cropped-Logo-NSP.png\",\"width\":512,\"height\":512,\"caption\":\"Dietary Supplements\"},\"image\":{\"@id\":\"https:\/\/nspshop.net\/#\/schema\/logo\/image\/\"}}]}<\/script>\n<!-- \/ Yoast SEO plugin. -->","yoast_head_json":{"title":"Vitamin D3 NSP | Dietary Supplements","description":"Vitamin D3 NSP: Kemik ve kas geli\u015fimi i\u00e7in gereklidir. Osteoporozu \u00f6nlemek ve kalsiyum, fosfor emilimini art\u0131rmak i\u00e7in gereklidir.","robots":{"index":"index","follow":"follow","max-snippet":"max-snippet:-1","max-image-preview":"max-image-preview:large","max-video-preview":"max-video-preview:-1"},"canonical":"https:\/\/nspshop.net\/tr\/urun\/d3-vitamini-nsp\/","og_locale":"tr_TR","og_type":"article","og_title":"Vitamin D3 NSP | Dietary Supplements","og_description":"Vitamin D3 NSP: Kemik ve kas geli\u015fimi i\u00e7in gereklidir. Osteoporozu \u00f6nlemek ve kalsiyum, fosfor emilimini art\u0131rmak i\u00e7in gereklidir.","og_url":"https:\/\/nspshop.net\/tr\/urun\/d3-vitamini-nsp\/","og_site_name":"Dietary Supplements","article_modified_time":"2024-03-31T08:18:22+00:00","og_image":[{"width":1652,"height":1652,"url":"https:\/\/nspshop.net\/wp-content\/uploads\/2023\/06\/Vitamin_D3.webp","type":"image\/webp"}],"twitter_card":"summary_large_image","twitter_misc":{"Tahmini okuma s\u00fcresi":"1 dakika"},"schema":{"@context":"https:\/\/schema.org","@graph":[{"@type":"WebPage","@id":"https:\/\/nspshop.net\/tr\/urun\/d3-vitamini-nsp\/","url":"https:\/\/nspshop.net\/tr\/urun\/d3-vitamini-nsp\/","name":"Vitamin D3 NSP | Dietary Supplements","isPartOf":{"@id":"https:\/\/nspshop.net\/#website"},"primaryImageOfPage":{"@id":"https:\/\/nspshop.net\/tr\/urun\/d3-vitamini-nsp\/#primaryimage"},"image":{"@id":"https:\/\/nspshop.net\/tr\/urun\/d3-vitamini-nsp\/#primaryimage"},"thumbnailUrl":"https:\/\/nspshop.net\/wp-content\/uploads\/2023\/06\/Vitamin_D3.webp","datePublished":"2023-06-04T12:24:50+00:00","dateModified":"2024-03-31T08:18:22+00:00","description":"Vitamin D3 NSP: Kemik ve kas geli\u015fimi i\u00e7in gereklidir. Osteoporozu \u00f6nlemek ve kalsiyum, fosfor emilimini art\u0131rmak i\u00e7in gereklidir.","breadcrumb":{"@id":"https:\/\/nspshop.net\/tr\/urun\/d3-vitamini-nsp\/#breadcrumb"},"inLanguage":"tr","potentialAction":[{"@type":"ReadAction","target":["https:\/\/nspshop.net\/tr\/urun\/d3-vitamini-nsp\/"]}]},{"@type":"ImageObject","inLanguage":"tr","@id":"https:\/\/nspshop.net\/tr\/urun\/d3-vitamini-nsp\/#primaryimage","url":"https:\/\/nspshop.net\/wp-content\/uploads\/2023\/06\/Vitamin_D3.webp","contentUrl":"https:\/\/nspshop.net\/wp-content\/uploads\/2023\/06\/Vitamin_D3.webp","width":1652,"height":1652,"caption":"Vitamin D3 NSP"},{"@type":"BreadcrumbList","@id":"https:\/\/nspshop.net\/tr\/urun\/d3-vitamini-nsp\/#breadcrumb","itemListElement":[{"@type":"ListItem","position":1,"name":"\u0413\u043b\u0430\u0432\u043d\u0430\u044f \u0441\u0442\u0440\u0430\u043d\u0438\u0446\u0430","item":"https:\/\/nspshop.net\/"},{"@type":"ListItem","position":2,"name":"D\u00fckk\u00e2n","item":"https:\/\/nspshop.net\/tr\/shop\/"},{"@type":"ListItem","position":3,"name":"Vitamin D3 NSP"}]},{"@type":"WebSite","@id":"https:\/\/nspshop.net\/#website","url":"https:\/\/nspshop.net\/","name":"Dietary Supplements","description":"BuyNSP","publisher":{"@id":"https:\/\/nspshop.net\/#organization"},"potentialAction":[{"@type":"SearchAction","target":{"@type":"EntryPoint","urlTemplate":"https:\/\/nspshop.net\/?s={search_term_string}"},"query-input":"required name=search_term_string"}],"inLanguage":"tr"},{"@type":"Organization","@id":"https:\/\/nspshop.net\/#organization","name":"Dietary Supplements","alternateName":"BuyNSP","url":"https:\/\/nspshop.net\/","logo":{"@type":"ImageObject","inLanguage":"tr","@id":"https:\/\/nspshop.net\/#\/schema\/logo\/image\/","url":"https:\/\/nspshop.net\/wp-content\/uploads\/2023\/06\/cropped-Logo-NSP.png","contentUrl":"https:\/\/nspshop.net\/wp-content\/uploads\/2023\/06\/cropped-Logo-NSP.png","width":512,"height":512,"caption":"Dietary Supplements"},"image":{"@id":"https:\/\/nspshop.net\/#\/schema\/logo\/image\/"}}]}},"_links":{"self":[{"href":"https:\/\/nspshop.net\/tr\/wp-json\/wp\/v2\/product\/8010","targetHints":{"allow":["GET"]}}],"collection":[{"href":"https:\/\/nspshop.net\/tr\/wp-json\/wp\/v2\/product"}],"about":[{"href":"https:\/\/nspshop.net\/tr\/wp-json\/wp\/v2\/types\/product"}],"wp:featuredmedia":[{"embeddable":true,"href":"https:\/\/nspshop.net\/tr\/wp-json\/wp\/v2\/media\/7992"}],"wp:attachment":[{"href":"https:\/\/nspshop.net\/tr\/wp-json\/wp\/v2\/media?parent=8010"}],"wp:term":[{"taxonomy":"product_cat","embeddable":true,"href":"https:\/\/nspshop.net\/tr\/wp-json\/wp\/v2\/product_cat?post=8010"},{"taxonomy":"product_tag","embeddable":true,"href":"https:\/\/nspshop.net\/tr\/wp-json\/wp\/v2\/product_tag?post=8010"}],"curies":[{"name":"wp","href":"https:\/\/api.w.org\/{rel}","templated":true}]}}