{"id":8011,"date":"2023-06-04T13:39:57","date_gmt":"2023-06-04T10:39:57","guid":{"rendered":"https:\/\/nspshop.net\/product\/meme-guvenceli-nsp\/"},"modified":"2024-03-31T11:19:27","modified_gmt":"2024-03-31T08:19:27","slug":"meme-guvenceli-nsp","status":"publish","type":"product","link":"https:\/\/nspshop.net\/tr\/urun\/meme-guvenceli-nsp\/","title":{"rendered":"Keten, Nar, Kudzu ve Maytake Mantar\u0131 NSP"},"content":{"rendered":"\r\n        <div class=\"med_worker_introduce_text \">\r\n\r\n            Bu b\u00f6l\u00fcm sadece <span class=\"med_anchor_link\"> <b>Sa\u011fl\u0131k profesyonelleri<\/b> i\u00e7indir<\/span>\r\n\r\n        <\/div>\r\n\r\n        <div class=\"med_worker_popup_wrapper hide\" style=\"background-color: rgba(10,10,10,0.3)\">\r\n            <div class=\"med_worker_popup\" style=\"width:1024px; height:600px;background-color:#ffffff; border-radius: 10px;\">\r\n                <div class=\"med_worker_confirmation\">\r\n                    <span style=\"font-size: 20px\">\r\n                        Sa\u011fl\u0131k profesyoneli misiniz?                    <\/span>\r\n                    <div class=\"med_worker_buttons\">\r\n                        <a href=\"\" class=\"confirm\" style=\"background-color:#0d594e; color: #ffffff;\">Evet<\/a>\r\n                        <a href=\"\" class=\"reject\" style=\"background-color:#bc2b2b; color: #0a0a0a;\">Hay\u0131r<\/a>\r\n                    <\/div>\r\n                <\/div>\r\n                <div class=\"med_worker_decription hide\"><h1 class=\"product_title entry-title\">Keten, Nar, Kudzu ve Maytake\u00a0Mantar\u0131 NSP<\/h1>\n<p>\u00dcreme sa\u011fl\u0131\u011f\u0131n\u0131za dikkat ederek ve Breast Assured NSP alarak bir kad\u0131n hamile kalma, hamilelik ve do\u011fumu g\u00fcvenli bir \u015fekilde atlatma, sa\u011fl\u0131kl\u0131 bir \u00e7ocuk do\u011furma ve daha da \u00f6nemlisi g\u00fcvenli ve tatmin edici bir cinsel ya\u015fam f\u0131rsat\u0131 elde eder.<\/p>\n<p>NSP Breast Assured, farkl\u0131 \u00fclkelerin halk t\u0131bb\u0131nda uzun s\u00fcredir kullan\u0131lan, birbirinin etkisini g\u00fc\u00e7lendiren ve \u00e7e\u015fitli \u00fcreme sa\u011fl\u0131\u011f\u0131 sorunlar\u0131n\u0131 \u00e7\u00f6zebilen \u015fifal\u0131 bitkileri i\u00e7erir.<\/p>\n<p>Keten<em>(Linum usitatissimum<\/em>) anti-enflamatuar etkiye sahiptir. Bu bitkideki enterodiol bile\u015feni zay\u0131f \u00f6strojen aktivitesine sahiptir. Meme h\u00fccrelerindeki steroidogenez enzimlerinin aktivitesini inhibe eder ve onkoprotektif etkisini sa\u011flar.<\/p>\n<p>Nar\u0131n<em>(Punica granatum<\/em>) anti-enflamatuar, stabilize edici, onkoprotektif ve anti-parazitik etkileri vard\u0131r.<\/p>\n<p>Kalsiyum glukarat (glukarik asidin kalsiyum tuzu), \u00fcronik asitlerin sentezinde, proteoglikanlar\u0131n olu\u015fumunda, ksenobiyotiklerin metabolizmas\u0131nda steroid hormonlar\u0131n ve glukuronidasyon i\u015flemlerinde kullan\u0131lan bir metabolittir. Elma, greyfurt, kiraz, kay\u0131s\u0131, brokoli ve br\u00fcksel lahanas\u0131nda bulunur. Deney sonu\u00e7lar\u0131na g\u00f6re, glukarik asit akci\u011fer, deri, meme ve kolon kanserlerini %60&#8217;tan fazla azaltmaktad\u0131r. Prostat kanserinin ind\u00fcklenmesini \u00f6nler, bu da kanserojen aktiviteye sahip ksenobiyotikleri toplama ve v\u00fccuttan uzakla\u015ft\u0131rma yetene\u011fi ile a\u00e7\u0131klanabilir. Glukarik asit kad\u0131nlarda hormonal dengeyi ve androjenik aktiviteyi d\u00fczenler.<\/p>\n<p>Kudzu<em>(Pueraria lobata<\/em>) g\u00fc\u00e7l\u00fc bir \u00f6strojen benzeri aktiviteye sahiptir. Kudzunun hipotansif etkisi oldu\u011fu, serebral ve koroner damar spazmlar\u0131n\u0131 hafifletti\u011fi ve kan viskozitesini azaltt\u0131\u011f\u0131 g\u00f6sterilmi\u015ftir. Kudzu bile\u015fenleri, endometriyumdaki steroidogenez enzimlerinin aktivitesini bask\u0131layarak onkoprotektif bir etki sa\u011flar.<\/p>\n<p>Lutein bir karotenoiddir. V\u00fccuda meyve ve sebzelerin yan\u0131 s\u0131ra yumurta yenmesi yoluyla girer. G\u00f6z dokular\u0131nda ondan olu\u015fan lutein ve zeaksantin antioksidand\u0131r.<\/p>\n<p>Grifola curly veya maitake<em>(Grifola frondosa<\/em>) adaptojenik ve imm\u00fcn sistemi uyar\u0131c\u0131 etkileri olan yenilebilir bir mantard\u0131r. Se\u00e7ici olarak atipik (kanser) h\u00fccrelerin b\u00fcy\u00fcmesini engeller ve T-yard\u0131mc\u0131 h\u00fccrelerin aktivitesini uyar\u0131r. Kronik yorgunluk sendromu, ikincil imm\u00fcn yetmezlikler, y\u00fcksek tansiyon ve diabetes mellitus i\u00e7in bir adaptojen olarak kullan\u0131l\u0131r.<\/p>\n<p>G\u0131da takviyesi Brest kompleksi lutein kayna\u011f\u0131d\u0131r, tanen i\u00e7erir.<\/p>\n<p><strong>\u00dcr\u00fcn kodu <\/strong>: 1122 <strong>Kategori <\/strong>: G\u0131da Takviyeleri <strong>Se\u00e7ilen \u00fcr\u00fcnler: <\/strong>\u015eimdi stokta<\/p>\n<p><span style=\"text-decoration: underline;\"><strong>\u0130\u00e7indekiler<\/strong><\/span><\/p>\n<p><strong>\u0130\u00e7erik<\/strong> <strong>(1 kaps\u00fcl<\/strong>): keten tohumu tozu (Linum usitatissimum) &#8211; 267 mg; nar \u00f6z\u00fc (Punica granatum) &#8211; 75 mg; kalsiyum D-glukarat &#8211; 75 mg; kudzu k\u00f6k\u00fc \u00f6z\u00fc (Pueraria lobata) &#8211; 50 mg; lutein (%5) &#8211; 24mg (1,28mg &#8211; %26,5); k\u0131v\u0131rc\u0131k griffin (Grifola frondosa) &#8211; 4 mg.<\/p>\n<p><strong>Aktif Olmayan \u0130\u00e7er<\/strong>ikler: magnezyum stearat ve jelatin.<\/p>\n<p><strong><span style=\"text-decoration: underline;\">Kullan\u0131m<\/span><\/strong><\/p>\n<p>Meme kompleksi, aralar\u0131nda baz\u0131 jinekolojik hastal\u0131klar\u0131n \u00f6nlenmesi ve bak\u0131m\u0131 i\u00e7in kullan\u0131labilir:<br \/>\n&#8211; Fibrokistik g\u00f6\u011f\u00fcsler de dahil olmak \u00fczere mastopati,<br \/>\n&#8211; Kad\u0131nlarda onkolojik ve hormonal bozukluklar\u0131n \u00f6nlenmesi,<br \/>\n&#8211; Premenstr\u00fcel sendrom ve<br \/>\n&#8211; Baz\u0131 k\u0131s\u0131rl\u0131k t\u00fcrleri.<\/p>\n<p>Yeti\u015fkinler i\u00e7in, yemeklerle birlikte g\u00fcnde iki ila \u00fc\u00e7 kaps\u00fcl.<\/p>\n<p><strong>Contraindications:<\/strong> personal intolerance, pregnancy, and lactation.<\/p>\n<\/div>\r\n            <\/div>\r\n        <\/div>\r\n\r\n\n","protected":false},"excerpt":{"rendered":"<ul>\n<li>Keten, Nar, Kudzu ve Maytake Mantar\u0131 i\u00e7eren g\u0131da takviyesidir.<\/li>\n<\/ul>\n","protected":false},"featured_media":8012,"template":"","meta":{"_acf_changed":false},"product_cat":[397],"product_tag":[],"class_list":{"0":"post-8011","1":"product","2":"type-product","3":"status-publish","4":"has-post-thumbnail","6":"product_cat-heath","8":"first","9":"instock","10":"sale","11":"shipping-taxable","12":"purchasable","13":"product-type-simple"},"acf":[],"yoast_head":"<!-- This site is optimized with the Yoast SEO plugin v22.3 - https:\/\/yoast.com\/wordpress\/plugins\/seo\/ -->\n<title>Keten, Nar, Kudzu ve Maytake Mantar\u0131 NSP | Dietary Supplements<\/title>\n<meta name=\"description\" content=\"Breast Assured NSP: Kad\u0131nlarda hormon dengesine ve \u00fcreme organlar\u0131n\u0131n normal \u00e7al\u0131\u015fmas\u0131na yard\u0131mc\u0131 olur. V\u00fccudun ar\u0131nmas\u0131n\u0131 sa\u011flar.\" \/>\n<meta name=\"robots\" content=\"index, follow, max-snippet:-1, max-image-preview:large, max-video-preview:-1\" \/>\n<link rel=\"canonical\" href=\"https:\/\/nspshop.net\/tr\/urun\/meme-guvenceli-nsp\/\" \/>\n<meta property=\"og:locale\" content=\"tr_TR\" \/>\n<meta property=\"og:type\" content=\"article\" \/>\n<meta property=\"og:title\" content=\"Keten, Nar, Kudzu ve Maytake Mantar\u0131 NSP | Dietary Supplements\" \/>\n<meta property=\"og:description\" content=\"Breast Assured NSP: Kad\u0131nlarda hormon dengesine ve \u00fcreme organlar\u0131n\u0131n normal \u00e7al\u0131\u015fmas\u0131na yard\u0131mc\u0131 olur. V\u00fccudun ar\u0131nmas\u0131n\u0131 sa\u011flar.\" \/>\n<meta property=\"og:url\" content=\"https:\/\/nspshop.net\/tr\/urun\/meme-guvenceli-nsp\/\" \/>\n<meta property=\"og:site_name\" content=\"Dietary Supplements\" \/>\n<meta property=\"article:modified_time\" content=\"2024-03-31T08:19:27+00:00\" \/>\n<meta property=\"og:image\" content=\"https:\/\/nspshop.net\/wp-content\/uploads\/2023\/06\/Breast_Assured.webp\" \/>\n\t<meta property=\"og:image:width\" content=\"1080\" \/>\n\t<meta property=\"og:image:height\" content=\"1080\" \/>\n\t<meta property=\"og:image:type\" content=\"image\/webp\" \/>\n<meta name=\"twitter:card\" content=\"summary_large_image\" \/>\n<meta name=\"twitter:label1\" content=\"Tahmini okuma s\u00fcresi\" \/>\n\t<meta name=\"twitter:data1\" content=\"1 dakika\" \/>\n<script type=\"application\/ld+json\" class=\"yoast-schema-graph\">{\"@context\":\"https:\/\/schema.org\",\"@graph\":[{\"@type\":\"WebPage\",\"@id\":\"https:\/\/nspshop.net\/tr\/urun\/meme-guvenceli-nsp\/\",\"url\":\"https:\/\/nspshop.net\/tr\/urun\/meme-guvenceli-nsp\/\",\"name\":\"Keten, Nar, Kudzu ve Maytake Mantar\u0131 NSP | Dietary Supplements\",\"isPartOf\":{\"@id\":\"https:\/\/nspshop.net\/#website\"},\"primaryImageOfPage\":{\"@id\":\"https:\/\/nspshop.net\/tr\/urun\/meme-guvenceli-nsp\/#primaryimage\"},\"image\":{\"@id\":\"https:\/\/nspshop.net\/tr\/urun\/meme-guvenceli-nsp\/#primaryimage\"},\"thumbnailUrl\":\"https:\/\/nspshop.net\/wp-content\/uploads\/2023\/06\/Breast_Assured.webp\",\"datePublished\":\"2023-06-04T10:39:57+00:00\",\"dateModified\":\"2024-03-31T08:19:27+00:00\",\"description\":\"Breast Assured NSP: Kad\u0131nlarda hormon dengesine ve \u00fcreme organlar\u0131n\u0131n normal \u00e7al\u0131\u015fmas\u0131na yard\u0131mc\u0131 olur. V\u00fccudun ar\u0131nmas\u0131n\u0131 sa\u011flar.\",\"breadcrumb\":{\"@id\":\"https:\/\/nspshop.net\/tr\/urun\/meme-guvenceli-nsp\/#breadcrumb\"},\"inLanguage\":\"tr\",\"potentialAction\":[{\"@type\":\"ReadAction\",\"target\":[\"https:\/\/nspshop.net\/tr\/urun\/meme-guvenceli-nsp\/\"]}]},{\"@type\":\"ImageObject\",\"inLanguage\":\"tr\",\"@id\":\"https:\/\/nspshop.net\/tr\/urun\/meme-guvenceli-nsp\/#primaryimage\",\"url\":\"https:\/\/nspshop.net\/wp-content\/uploads\/2023\/06\/Breast_Assured.webp\",\"contentUrl\":\"https:\/\/nspshop.net\/wp-content\/uploads\/2023\/06\/Breast_Assured.webp\",\"width\":1080,\"height\":1080,\"caption\":\"Breast Assured NSP\"},{\"@type\":\"BreadcrumbList\",\"@id\":\"https:\/\/nspshop.net\/tr\/urun\/meme-guvenceli-nsp\/#breadcrumb\",\"itemListElement\":[{\"@type\":\"ListItem\",\"position\":1,\"name\":\"\u0413\u043b\u0430\u0432\u043d\u0430\u044f \u0441\u0442\u0440\u0430\u043d\u0438\u0446\u0430\",\"item\":\"https:\/\/nspshop.net\/\"},{\"@type\":\"ListItem\",\"position\":2,\"name\":\"D\u00fckk\u00e2n\",\"item\":\"https:\/\/nspshop.net\/tr\/shop\/\"},{\"@type\":\"ListItem\",\"position\":3,\"name\":\"Keten, Nar, Kudzu ve Maytake Mantar\u0131 NSP\"}]},{\"@type\":\"WebSite\",\"@id\":\"https:\/\/nspshop.net\/#website\",\"url\":\"https:\/\/nspshop.net\/\",\"name\":\"Dietary Supplements\",\"description\":\"BuyNSP\",\"publisher\":{\"@id\":\"https:\/\/nspshop.net\/#organization\"},\"potentialAction\":[{\"@type\":\"SearchAction\",\"target\":{\"@type\":\"EntryPoint\",\"urlTemplate\":\"https:\/\/nspshop.net\/?s={search_term_string}\"},\"query-input\":\"required name=search_term_string\"}],\"inLanguage\":\"tr\"},{\"@type\":\"Organization\",\"@id\":\"https:\/\/nspshop.net\/#organization\",\"name\":\"Dietary Supplements\",\"alternateName\":\"BuyNSP\",\"url\":\"https:\/\/nspshop.net\/\",\"logo\":{\"@type\":\"ImageObject\",\"inLanguage\":\"tr\",\"@id\":\"https:\/\/nspshop.net\/#\/schema\/logo\/image\/\",\"url\":\"https:\/\/nspshop.net\/wp-content\/uploads\/2023\/06\/cropped-Logo-NSP.png\",\"contentUrl\":\"https:\/\/nspshop.net\/wp-content\/uploads\/2023\/06\/cropped-Logo-NSP.png\",\"width\":512,\"height\":512,\"caption\":\"Dietary Supplements\"},\"image\":{\"@id\":\"https:\/\/nspshop.net\/#\/schema\/logo\/image\/\"}}]}<\/script>\n<!-- \/ Yoast SEO plugin. -->","yoast_head_json":{"title":"Keten, Nar, Kudzu ve Maytake Mantar\u0131 NSP | Dietary Supplements","description":"Breast Assured NSP: Kad\u0131nlarda hormon dengesine ve \u00fcreme organlar\u0131n\u0131n normal \u00e7al\u0131\u015fmas\u0131na yard\u0131mc\u0131 olur. V\u00fccudun ar\u0131nmas\u0131n\u0131 sa\u011flar.","robots":{"index":"index","follow":"follow","max-snippet":"max-snippet:-1","max-image-preview":"max-image-preview:large","max-video-preview":"max-video-preview:-1"},"canonical":"https:\/\/nspshop.net\/tr\/urun\/meme-guvenceli-nsp\/","og_locale":"tr_TR","og_type":"article","og_title":"Keten, Nar, Kudzu ve Maytake Mantar\u0131 NSP | Dietary Supplements","og_description":"Breast Assured NSP: Kad\u0131nlarda hormon dengesine ve \u00fcreme organlar\u0131n\u0131n normal \u00e7al\u0131\u015fmas\u0131na yard\u0131mc\u0131 olur. V\u00fccudun ar\u0131nmas\u0131n\u0131 sa\u011flar.","og_url":"https:\/\/nspshop.net\/tr\/urun\/meme-guvenceli-nsp\/","og_site_name":"Dietary Supplements","article_modified_time":"2024-03-31T08:19:27+00:00","og_image":[{"width":1080,"height":1080,"url":"https:\/\/nspshop.net\/wp-content\/uploads\/2023\/06\/Breast_Assured.webp","type":"image\/webp"}],"twitter_card":"summary_large_image","twitter_misc":{"Tahmini okuma s\u00fcresi":"1 dakika"},"schema":{"@context":"https:\/\/schema.org","@graph":[{"@type":"WebPage","@id":"https:\/\/nspshop.net\/tr\/urun\/meme-guvenceli-nsp\/","url":"https:\/\/nspshop.net\/tr\/urun\/meme-guvenceli-nsp\/","name":"Keten, Nar, Kudzu ve Maytake Mantar\u0131 NSP | Dietary Supplements","isPartOf":{"@id":"https:\/\/nspshop.net\/#website"},"primaryImageOfPage":{"@id":"https:\/\/nspshop.net\/tr\/urun\/meme-guvenceli-nsp\/#primaryimage"},"image":{"@id":"https:\/\/nspshop.net\/tr\/urun\/meme-guvenceli-nsp\/#primaryimage"},"thumbnailUrl":"https:\/\/nspshop.net\/wp-content\/uploads\/2023\/06\/Breast_Assured.webp","datePublished":"2023-06-04T10:39:57+00:00","dateModified":"2024-03-31T08:19:27+00:00","description":"Breast Assured NSP: Kad\u0131nlarda hormon dengesine ve \u00fcreme organlar\u0131n\u0131n normal \u00e7al\u0131\u015fmas\u0131na yard\u0131mc\u0131 olur. V\u00fccudun ar\u0131nmas\u0131n\u0131 sa\u011flar.","breadcrumb":{"@id":"https:\/\/nspshop.net\/tr\/urun\/meme-guvenceli-nsp\/#breadcrumb"},"inLanguage":"tr","potentialAction":[{"@type":"ReadAction","target":["https:\/\/nspshop.net\/tr\/urun\/meme-guvenceli-nsp\/"]}]},{"@type":"ImageObject","inLanguage":"tr","@id":"https:\/\/nspshop.net\/tr\/urun\/meme-guvenceli-nsp\/#primaryimage","url":"https:\/\/nspshop.net\/wp-content\/uploads\/2023\/06\/Breast_Assured.webp","contentUrl":"https:\/\/nspshop.net\/wp-content\/uploads\/2023\/06\/Breast_Assured.webp","width":1080,"height":1080,"caption":"Breast Assured NSP"},{"@type":"BreadcrumbList","@id":"https:\/\/nspshop.net\/tr\/urun\/meme-guvenceli-nsp\/#breadcrumb","itemListElement":[{"@type":"ListItem","position":1,"name":"\u0413\u043b\u0430\u0432\u043d\u0430\u044f \u0441\u0442\u0440\u0430\u043d\u0438\u0446\u0430","item":"https:\/\/nspshop.net\/"},{"@type":"ListItem","position":2,"name":"D\u00fckk\u00e2n","item":"https:\/\/nspshop.net\/tr\/shop\/"},{"@type":"ListItem","position":3,"name":"Keten, Nar, Kudzu ve Maytake Mantar\u0131 NSP"}]},{"@type":"WebSite","@id":"https:\/\/nspshop.net\/#website","url":"https:\/\/nspshop.net\/","name":"Dietary Supplements","description":"BuyNSP","publisher":{"@id":"https:\/\/nspshop.net\/#organization"},"potentialAction":[{"@type":"SearchAction","target":{"@type":"EntryPoint","urlTemplate":"https:\/\/nspshop.net\/?s={search_term_string}"},"query-input":"required name=search_term_string"}],"inLanguage":"tr"},{"@type":"Organization","@id":"https:\/\/nspshop.net\/#organization","name":"Dietary Supplements","alternateName":"BuyNSP","url":"https:\/\/nspshop.net\/","logo":{"@type":"ImageObject","inLanguage":"tr","@id":"https:\/\/nspshop.net\/#\/schema\/logo\/image\/","url":"https:\/\/nspshop.net\/wp-content\/uploads\/2023\/06\/cropped-Logo-NSP.png","contentUrl":"https:\/\/nspshop.net\/wp-content\/uploads\/2023\/06\/cropped-Logo-NSP.png","width":512,"height":512,"caption":"Dietary Supplements"},"image":{"@id":"https:\/\/nspshop.net\/#\/schema\/logo\/image\/"}}]}},"_links":{"self":[{"href":"https:\/\/nspshop.net\/tr\/wp-json\/wp\/v2\/product\/8011","targetHints":{"allow":["GET"]}}],"collection":[{"href":"https:\/\/nspshop.net\/tr\/wp-json\/wp\/v2\/product"}],"about":[{"href":"https:\/\/nspshop.net\/tr\/wp-json\/wp\/v2\/types\/product"}],"wp:featuredmedia":[{"embeddable":true,"href":"https:\/\/nspshop.net\/tr\/wp-json\/wp\/v2\/media\/8012"}],"wp:attachment":[{"href":"https:\/\/nspshop.net\/tr\/wp-json\/wp\/v2\/media?parent=8011"}],"wp:term":[{"taxonomy":"product_cat","embeddable":true,"href":"https:\/\/nspshop.net\/tr\/wp-json\/wp\/v2\/product_cat?post=8011"},{"taxonomy":"product_tag","embeddable":true,"href":"https:\/\/nspshop.net\/tr\/wp-json\/wp\/v2\/product_tag?post=8011"}],"curies":[{"name":"wp","href":"https:\/\/api.w.org\/{rel}","templated":true}]}}