{"id":8013,"date":"2023-06-04T13:30:33","date_gmt":"2023-06-04T10:30:33","guid":{"rendered":"https:\/\/nspshop.net\/product\/glukozamin-nsp\/"},"modified":"2024-08-15T08:35:09","modified_gmt":"2024-08-15T05:35:09","slug":"glukozamin-nsp","status":"publish","type":"product","link":"https:\/\/nspshop.net\/tr\/urun\/glukozamin-nsp\/","title":{"rendered":"Glukozamin NSP"},"content":{"rendered":"\r\n        <div class=\"med_worker_introduce_text \">\r\n\r\n            Bu b\u00f6l\u00fcm sadece <span class=\"med_anchor_link\"> <b>Sa\u011fl\u0131k profesyonelleri<\/b> i\u00e7indir<\/span>\r\n\r\n        <\/div>\r\n\r\n        <div class=\"med_worker_popup_wrapper hide\" style=\"background-color: rgba(10,10,10,0.3)\">\r\n            <div class=\"med_worker_popup\" style=\"width:1024px; height:600px;background-color:#ffffff; border-radius: 10px;\">\r\n                <div class=\"med_worker_confirmation\">\r\n                    <span style=\"font-size: 20px\">\r\n                        Sa\u011fl\u0131k profesyoneli misiniz?                    <\/span>\r\n                    <div class=\"med_worker_buttons\">\r\n                        <a href=\"\" class=\"confirm\" style=\"background-color:#0d594e; color: #ffffff;\">Evet<\/a>\r\n                        <a href=\"\" class=\"reject\" style=\"background-color:#bc2b2b; color: #0a0a0a;\">Hay\u0131r<\/a>\r\n                    <\/div>\r\n                <\/div>\r\n                <div class=\"med_worker_decription hide\"><h1>Glukozamin NSP nedir?<\/h1>\n<p>Normal ko\u015fullar alt\u0131nda, k\u0131k\u0131rdak ve ba\u011f dokusu yeterli miktarda glikozaminoglikan \u00fcreterek do\u011fal a\u015f\u0131nma ve y\u0131pranmaya ba\u011fl\u0131 kay\u0131plar\u0131 s\u00fcrekli olarak yeniler. Bu durumda k\u0131k\u0131rdak a\u015f\u0131nma oran\u0131 k\u0131k\u0131rdak yenilenme oran\u0131 ile dengelenir. Glukozamin NSP \u00c7e\u015fitli nedenlerden dolay\u0131: spor, i\u015f, yaralanma, obezite, kal\u0131t\u0131m, bir veya daha fazla eklemdeki k\u0131k\u0131rdak yeterli glikoaminoglikan \u00fcretmeyebilir. Bu durum eklemin y\u0131pranmas\u0131n\u0131 veya dejenerasyonunu h\u0131zland\u0131r\u0131r ve genellikle osteoartrit ile sonu\u00e7lan\u0131r. Bu s\u00fcre\u00e7 ilerledik\u00e7e eklem hareketlili\u011fi azal\u0131r ve a\u011fr\u0131 artar, eklem normal i\u015flevini yerine getiremez hale gelir ve en iyi ihtimalle cerrahi replasman gerektirir. Ba\u011f dokusu sa\u011fl\u0131\u011f\u0131 sadece eklemlerin de\u011fil, ayn\u0131 zamanda temeli ba\u011f dokusu olan kan damarlar\u0131n\u0131n, cildin ve i\u00e7 organlar\u0131n da sa\u011fl\u0131\u011f\u0131d\u0131r.<\/p>\n<p>K\u0131k\u0131rdak ve ba\u011f dokusunun di\u011fer bile\u015fenlerinin rejenerasyonunu ve restorasyonunu h\u0131zland\u0131rmak glukozamin, kondroitin, MSM ve di\u011fer kondroprotekt\u00f6rlerin kullan\u0131m\u0131 ile m\u00fcmk\u00fcnd\u00fcr. Glukozamin NRS, glukozamin ve uncaria&#8217;dan olu\u015fur. Glukozamin ve uncaria&#8217;n\u0131n kombine etkisi eklemlerdeki iltihaplanmay\u0131 azaltmaya ve k\u0131k\u0131rda\u011f\u0131n yenilenmesine yard\u0131mc\u0131 olan rejenerasyon s\u00fcrecini uyarmaya yard\u0131mc\u0131 olur.<\/p>\n<p>Glukozamin ba\u011f dokusunun bir par\u00e7as\u0131d\u0131r: k\u0131k\u0131rdak, ba\u011flar, tendonlar, kalp kapak\u00e7\u0131klar\u0131, eklem s\u0131v\u0131s\u0131, sa\u00e7 ve t\u0131rnaklar dahil. Glukozaminin k\u0131k\u0131rdak metabolizmas\u0131 \u00fczerinde olumlu bir etkisi oldu\u011fu tespit edilmi\u015ftir. Glukozamin uygulamas\u0131, proteoglikan ve kolajen sentezini uyar\u0131r, h\u00fccre d\u0131\u015f\u0131 matris bile\u015fenlerinin \u00fcretimini art\u0131r\u0131r, kondroitin\u00f6z asit sentezinde k\u00fck\u00fcrt fiksasyonuna katk\u0131da bulunur, kemik dokusunda normal Ca2+ birikimini kolayla\u015ft\u0131r\u0131r, eklemlerde dejeneratif s\u00fcre\u00e7lerin geli\u015fimini engeller, i\u015flevlerini geri kazand\u0131r\u0131r, eklem a\u011fr\u0131s\u0131n\u0131 azalt\u0131r. Osteoartritte uzun s\u00fcreli kullan\u0131mda glukozamin artrozun ilerlemesini \u00f6nler, a\u011fr\u0131n\u0131n \u015fiddetini azalt\u0131r, etkilenen eklemin hareketlili\u011fini art\u0131r\u0131r. Glukozamin NRS&#8217;nin MSM ve Kondroitin ile birlikte kullan\u0131m\u0131, izole glukozamin kullan\u0131m\u0131na k\u0131yasla osteoartritte a\u011fr\u0131 sendromunda \u00f6nemli bir azalmaya yol a\u00e7maktad\u0131r (tedavi s\u00fcresi 12 hafta).<\/p>\n<p>Uncaria hairy veya kedi pen\u00e7esi (Uncaria tomentosa) &#8211; makrofajlar\u0131 ve T-lenfositleri aktive ederek belirgin bir imm\u00fcnostim\u00fclat\u00f6r etkiye sahiptir. Alkaloid inhophylline trombosit agregasyonunu ve kan p\u0131ht\u0131la\u015fmas\u0131n\u0131 \u00f6nler ve rhincophylline kan bas\u0131nc\u0131n\u0131 d\u00fc\u015f\u00fcr\u00fcr. Polifenoller, triterpenler ve bitki steroidleri Uncaria&#8217;n\u0131n antioksidan, antiviral, antit\u00fcm\u00f6r ve anti-inflamatuar \u00f6zelliklerine neden olur. \u0130mm\u00fcn yetmezlik ve alerjik durumlarda, iltihapl\u0131 eklem hastal\u0131klar\u0131, artrit, romatizma, lupus, akut ve kronik viral, bakteriyel ve mantar enfeksiyonlar\u0131, herpes zoster, genital herpes ile birlikte kullan\u0131l\u0131r. Uncaria&#8217;dan elde edilen ekstrakt sitostatik etkiye sahiptir (h\u00fccre b\u00f6l\u00fcnmesini engeller), bu nedenle k\u00f6t\u00fc huylu t\u00fcm\u00f6rleri olan hastalara yard\u0131mc\u0131 olmak i\u00e7in kullan\u0131l\u0131r.<\/p>\n<p><strong data-sanitized-data-mce-fragment=\"1\">\u00dcr\u00fcn kodu: <\/strong><span data-sanitized-data-mce-fragment=\"1\">903 <\/span><strong data-sanitized-data-mce-fragment=\"1\">Kategori <\/strong><span data-sanitized-data-mce-fragment=\"1\">G\u0131da Takviyeleri <\/span><\/p>\n<p><span style=\"text-decoration: underline; color: #4c7146;\"><strong>\u0130\u00e7indekiler<\/strong><\/span><\/p>\n<p style=\"padding-left: 30px;\">G\u0131da takviyesi Glucosamine NSP ek bir glukozamin kayna\u011f\u0131d\u0131r.<\/p>\n<p><strong>Content<\/strong> <strong>(1 capsule)<\/strong>:<\/p>\n<p style=\"padding-left: 30px;\">glukozamin hidroklor\u00fcr (yenge\u00e7 kabu\u011fundan) &#8211; 400 mg (yeterli t\u00fcketimin %80&#8217;i),<\/p>\n<p style=\"padding-left: 30px;\">uncaria kabu\u011fu (Uncaria tomentosa) &#8211; 50 mg.<\/p>\n<p><strong>Aktif Olmayan \u0130\u00e7erikler: <\/strong>jelatin, sel\u00fcloz, maltodekstrin, magnezyum stearat ve silikon dioksit.<\/p>\n<p><span style=\"text-decoration: underline; color: #4d6e46;\"><strong>Kullan\u0131m<\/strong><\/span><\/p>\n<p style=\"padding-left: 30px;\">Yeti\u015fkinler i\u00e7in, yemekle birlikte g\u00fcnde bir kaps\u00fcl. Kullan\u0131m s\u00fcresi bir ayd\u0131r. Gerekirse, kullan\u0131m iki ila \u00fc\u00e7 ay sonra tekrarlanabilir.<\/p>\n<p><strong>Kontrendikasyonlar<\/strong>: ki\u015fisel intolerans, hamilelik ve emzirme.<\/p>\n<\/div>\r\n            <\/div>\r\n        <\/div>\r\n\r\n\n","protected":false},"excerpt":{"rendered":"<div class=\"woocommerce-product-details__short-description\">\n<ul>\n<li>Glikozamin HCL, Kedi Pen\u00e7esi i\u00e7erir<\/li>\n<li>Takviye Edici G\u0131dad\u0131r<\/li>\n<\/ul>\n<\/div>\n","protected":false},"featured_media":8014,"template":"","meta":{"_acf_changed":false},"product_cat":[397],"product_tag":[],"class_list":{"0":"post-8013","1":"product","2":"type-product","3":"status-publish","4":"has-post-thumbnail","6":"product_cat-heath","7":"pa_body-systems-kas-iskelet-sistemi-disler","8":"pa_body-systems-skin-hair-nails-tr-2","9":"pa_health-topics-enflamasyon-ve-agri","10":"pa_health-topics-kemikler-ve-eklemler","11":"pa_health-topics-sac-cilt-tirnaklar","12":"pa_product-categories-parafarmasotikler","13":"pa_product-categories-sports-nutrition-tr","15":"first","16":"outofstock","17":"sale","18":"shipping-taxable","19":"purchasable","20":"product-type-simple"},"acf":[],"yoast_head":"<!-- This site is optimized with the Yoast SEO plugin v22.3 - https:\/\/yoast.com\/wordpress\/plugins\/seo\/ -->\n<title>Glukozamin NSP | Dietary Supplements<\/title>\n<meta name=\"description\" content=\"Glukozamin NSP: Ba\u011f dokusu, k\u0131k\u0131rdak, eklem s\u0131v\u0131s\u0131 olu\u015fumu i\u00e7in gereklidir. \u0130ltihapl\u0131 ve dejeneratif eklem hastal\u0131klar\u0131n\u0131 kolayla\u015ft\u0131r\u0131r.\" \/>\n<meta name=\"robots\" content=\"index, follow, max-snippet:-1, max-image-preview:large, max-video-preview:-1\" \/>\n<link rel=\"canonical\" href=\"https:\/\/nspshop.net\/tr\/urun\/glukozamin-nsp\/\" \/>\n<meta property=\"og:locale\" content=\"tr_TR\" \/>\n<meta property=\"og:type\" content=\"article\" \/>\n<meta property=\"og:title\" content=\"Glukozamin NSP | Dietary Supplements\" \/>\n<meta property=\"og:description\" content=\"Glukozamin NSP: Ba\u011f dokusu, k\u0131k\u0131rdak, eklem s\u0131v\u0131s\u0131 olu\u015fumu i\u00e7in gereklidir. \u0130ltihapl\u0131 ve dejeneratif eklem hastal\u0131klar\u0131n\u0131 kolayla\u015ft\u0131r\u0131r.\" \/>\n<meta property=\"og:url\" content=\"https:\/\/nspshop.net\/tr\/urun\/glukozamin-nsp\/\" \/>\n<meta property=\"og:site_name\" content=\"Dietary Supplements\" \/>\n<meta property=\"article:modified_time\" content=\"2024-08-15T05:35:09+00:00\" \/>\n<meta property=\"og:image\" content=\"https:\/\/nspshop.net\/wp-content\/uploads\/2023\/06\/Glucosamine.webp\" \/>\n\t<meta property=\"og:image:width\" content=\"1080\" \/>\n\t<meta property=\"og:image:height\" content=\"1080\" \/>\n\t<meta property=\"og:image:type\" content=\"image\/webp\" \/>\n<meta name=\"twitter:card\" content=\"summary_large_image\" \/>\n<meta name=\"twitter:label1\" content=\"Tahmini okuma s\u00fcresi\" \/>\n\t<meta name=\"twitter:data1\" content=\"1 dakika\" \/>\n<script type=\"application\/ld+json\" class=\"yoast-schema-graph\">{\"@context\":\"https:\/\/schema.org\",\"@graph\":[{\"@type\":\"WebPage\",\"@id\":\"https:\/\/nspshop.net\/tr\/urun\/glukozamin-nsp\/\",\"url\":\"https:\/\/nspshop.net\/tr\/urun\/glukozamin-nsp\/\",\"name\":\"Glukozamin NSP | Dietary Supplements\",\"isPartOf\":{\"@id\":\"https:\/\/nspshop.net\/#website\"},\"primaryImageOfPage\":{\"@id\":\"https:\/\/nspshop.net\/tr\/urun\/glukozamin-nsp\/#primaryimage\"},\"image\":{\"@id\":\"https:\/\/nspshop.net\/tr\/urun\/glukozamin-nsp\/#primaryimage\"},\"thumbnailUrl\":\"https:\/\/nspshop.net\/wp-content\/uploads\/2023\/06\/Glucosamine.webp\",\"datePublished\":\"2023-06-04T10:30:33+00:00\",\"dateModified\":\"2024-08-15T05:35:09+00:00\",\"description\":\"Glukozamin NSP: Ba\u011f dokusu, k\u0131k\u0131rdak, eklem s\u0131v\u0131s\u0131 olu\u015fumu i\u00e7in gereklidir. \u0130ltihapl\u0131 ve dejeneratif eklem hastal\u0131klar\u0131n\u0131 kolayla\u015ft\u0131r\u0131r.\",\"breadcrumb\":{\"@id\":\"https:\/\/nspshop.net\/tr\/urun\/glukozamin-nsp\/#breadcrumb\"},\"inLanguage\":\"tr\",\"potentialAction\":[{\"@type\":\"ReadAction\",\"target\":[\"https:\/\/nspshop.net\/tr\/urun\/glukozamin-nsp\/\"]}]},{\"@type\":\"ImageObject\",\"inLanguage\":\"tr\",\"@id\":\"https:\/\/nspshop.net\/tr\/urun\/glukozamin-nsp\/#primaryimage\",\"url\":\"https:\/\/nspshop.net\/wp-content\/uploads\/2023\/06\/Glucosamine.webp\",\"contentUrl\":\"https:\/\/nspshop.net\/wp-content\/uploads\/2023\/06\/Glucosamine.webp\",\"width\":1080,\"height\":1080,\"caption\":\"Glucosamine NSP\"},{\"@type\":\"BreadcrumbList\",\"@id\":\"https:\/\/nspshop.net\/tr\/urun\/glukozamin-nsp\/#breadcrumb\",\"itemListElement\":[{\"@type\":\"ListItem\",\"position\":1,\"name\":\"\u0413\u043b\u0430\u0432\u043d\u0430\u044f \u0441\u0442\u0440\u0430\u043d\u0438\u0446\u0430\",\"item\":\"https:\/\/nspshop.net\/\"},{\"@type\":\"ListItem\",\"position\":2,\"name\":\"D\u00fckk\u00e2n\",\"item\":\"https:\/\/nspshop.net\/tr\/shop\/\"},{\"@type\":\"ListItem\",\"position\":3,\"name\":\"Glukozamin NSP\"}]},{\"@type\":\"WebSite\",\"@id\":\"https:\/\/nspshop.net\/#website\",\"url\":\"https:\/\/nspshop.net\/\",\"name\":\"Dietary Supplements\",\"description\":\"BuyNSP\",\"publisher\":{\"@id\":\"https:\/\/nspshop.net\/#organization\"},\"potentialAction\":[{\"@type\":\"SearchAction\",\"target\":{\"@type\":\"EntryPoint\",\"urlTemplate\":\"https:\/\/nspshop.net\/?s={search_term_string}\"},\"query-input\":\"required name=search_term_string\"}],\"inLanguage\":\"tr\"},{\"@type\":\"Organization\",\"@id\":\"https:\/\/nspshop.net\/#organization\",\"name\":\"Dietary Supplements\",\"alternateName\":\"BuyNSP\",\"url\":\"https:\/\/nspshop.net\/\",\"logo\":{\"@type\":\"ImageObject\",\"inLanguage\":\"tr\",\"@id\":\"https:\/\/nspshop.net\/#\/schema\/logo\/image\/\",\"url\":\"https:\/\/nspshop.net\/wp-content\/uploads\/2023\/06\/cropped-Logo-NSP.png\",\"contentUrl\":\"https:\/\/nspshop.net\/wp-content\/uploads\/2023\/06\/cropped-Logo-NSP.png\",\"width\":512,\"height\":512,\"caption\":\"Dietary Supplements\"},\"image\":{\"@id\":\"https:\/\/nspshop.net\/#\/schema\/logo\/image\/\"}}]}<\/script>\n<!-- \/ Yoast SEO plugin. -->","yoast_head_json":{"title":"Glukozamin NSP | Dietary Supplements","description":"Glukozamin NSP: Ba\u011f dokusu, k\u0131k\u0131rdak, eklem s\u0131v\u0131s\u0131 olu\u015fumu i\u00e7in gereklidir. \u0130ltihapl\u0131 ve dejeneratif eklem hastal\u0131klar\u0131n\u0131 kolayla\u015ft\u0131r\u0131r.","robots":{"index":"index","follow":"follow","max-snippet":"max-snippet:-1","max-image-preview":"max-image-preview:large","max-video-preview":"max-video-preview:-1"},"canonical":"https:\/\/nspshop.net\/tr\/urun\/glukozamin-nsp\/","og_locale":"tr_TR","og_type":"article","og_title":"Glukozamin NSP | Dietary Supplements","og_description":"Glukozamin NSP: Ba\u011f dokusu, k\u0131k\u0131rdak, eklem s\u0131v\u0131s\u0131 olu\u015fumu i\u00e7in gereklidir. \u0130ltihapl\u0131 ve dejeneratif eklem hastal\u0131klar\u0131n\u0131 kolayla\u015ft\u0131r\u0131r.","og_url":"https:\/\/nspshop.net\/tr\/urun\/glukozamin-nsp\/","og_site_name":"Dietary Supplements","article_modified_time":"2024-08-15T05:35:09+00:00","og_image":[{"width":1080,"height":1080,"url":"https:\/\/nspshop.net\/wp-content\/uploads\/2023\/06\/Glucosamine.webp","type":"image\/webp"}],"twitter_card":"summary_large_image","twitter_misc":{"Tahmini okuma s\u00fcresi":"1 dakika"},"schema":{"@context":"https:\/\/schema.org","@graph":[{"@type":"WebPage","@id":"https:\/\/nspshop.net\/tr\/urun\/glukozamin-nsp\/","url":"https:\/\/nspshop.net\/tr\/urun\/glukozamin-nsp\/","name":"Glukozamin NSP | Dietary Supplements","isPartOf":{"@id":"https:\/\/nspshop.net\/#website"},"primaryImageOfPage":{"@id":"https:\/\/nspshop.net\/tr\/urun\/glukozamin-nsp\/#primaryimage"},"image":{"@id":"https:\/\/nspshop.net\/tr\/urun\/glukozamin-nsp\/#primaryimage"},"thumbnailUrl":"https:\/\/nspshop.net\/wp-content\/uploads\/2023\/06\/Glucosamine.webp","datePublished":"2023-06-04T10:30:33+00:00","dateModified":"2024-08-15T05:35:09+00:00","description":"Glukozamin NSP: Ba\u011f dokusu, k\u0131k\u0131rdak, eklem s\u0131v\u0131s\u0131 olu\u015fumu i\u00e7in gereklidir. \u0130ltihapl\u0131 ve dejeneratif eklem hastal\u0131klar\u0131n\u0131 kolayla\u015ft\u0131r\u0131r.","breadcrumb":{"@id":"https:\/\/nspshop.net\/tr\/urun\/glukozamin-nsp\/#breadcrumb"},"inLanguage":"tr","potentialAction":[{"@type":"ReadAction","target":["https:\/\/nspshop.net\/tr\/urun\/glukozamin-nsp\/"]}]},{"@type":"ImageObject","inLanguage":"tr","@id":"https:\/\/nspshop.net\/tr\/urun\/glukozamin-nsp\/#primaryimage","url":"https:\/\/nspshop.net\/wp-content\/uploads\/2023\/06\/Glucosamine.webp","contentUrl":"https:\/\/nspshop.net\/wp-content\/uploads\/2023\/06\/Glucosamine.webp","width":1080,"height":1080,"caption":"Glucosamine NSP"},{"@type":"BreadcrumbList","@id":"https:\/\/nspshop.net\/tr\/urun\/glukozamin-nsp\/#breadcrumb","itemListElement":[{"@type":"ListItem","position":1,"name":"\u0413\u043b\u0430\u0432\u043d\u0430\u044f \u0441\u0442\u0440\u0430\u043d\u0438\u0446\u0430","item":"https:\/\/nspshop.net\/"},{"@type":"ListItem","position":2,"name":"D\u00fckk\u00e2n","item":"https:\/\/nspshop.net\/tr\/shop\/"},{"@type":"ListItem","position":3,"name":"Glukozamin NSP"}]},{"@type":"WebSite","@id":"https:\/\/nspshop.net\/#website","url":"https:\/\/nspshop.net\/","name":"Dietary Supplements","description":"BuyNSP","publisher":{"@id":"https:\/\/nspshop.net\/#organization"},"potentialAction":[{"@type":"SearchAction","target":{"@type":"EntryPoint","urlTemplate":"https:\/\/nspshop.net\/?s={search_term_string}"},"query-input":"required name=search_term_string"}],"inLanguage":"tr"},{"@type":"Organization","@id":"https:\/\/nspshop.net\/#organization","name":"Dietary Supplements","alternateName":"BuyNSP","url":"https:\/\/nspshop.net\/","logo":{"@type":"ImageObject","inLanguage":"tr","@id":"https:\/\/nspshop.net\/#\/schema\/logo\/image\/","url":"https:\/\/nspshop.net\/wp-content\/uploads\/2023\/06\/cropped-Logo-NSP.png","contentUrl":"https:\/\/nspshop.net\/wp-content\/uploads\/2023\/06\/cropped-Logo-NSP.png","width":512,"height":512,"caption":"Dietary Supplements"},"image":{"@id":"https:\/\/nspshop.net\/#\/schema\/logo\/image\/"}}]}},"_links":{"self":[{"href":"https:\/\/nspshop.net\/tr\/wp-json\/wp\/v2\/product\/8013","targetHints":{"allow":["GET"]}}],"collection":[{"href":"https:\/\/nspshop.net\/tr\/wp-json\/wp\/v2\/product"}],"about":[{"href":"https:\/\/nspshop.net\/tr\/wp-json\/wp\/v2\/types\/product"}],"wp:featuredmedia":[{"embeddable":true,"href":"https:\/\/nspshop.net\/tr\/wp-json\/wp\/v2\/media\/8014"}],"wp:attachment":[{"href":"https:\/\/nspshop.net\/tr\/wp-json\/wp\/v2\/media?parent=8013"}],"wp:term":[{"taxonomy":"product_cat","embeddable":true,"href":"https:\/\/nspshop.net\/tr\/wp-json\/wp\/v2\/product_cat?post=8013"},{"taxonomy":"product_tag","embeddable":true,"href":"https:\/\/nspshop.net\/tr\/wp-json\/wp\/v2\/product_tag?post=8013"}],"curies":[{"name":"wp","href":"https:\/\/api.w.org\/{rel}","templated":true}]}}