{"id":8017,"date":"2023-06-04T11:03:23","date_gmt":"2023-06-04T08:03:23","guid":{"rendered":"https:\/\/nspshop.net\/product\/cc-a-nsp\/"},"modified":"2024-03-31T11:27:20","modified_gmt":"2024-03-31T08:27:20","slug":"cc-a-nsp","status":"publish","type":"product","link":"https:\/\/nspshop.net\/tr\/urun\/cc-a-nsp\/","title":{"rendered":"Ku\u015fburnu ve Kar\u0131\u015f\u0131k Bitkiler NSP"},"content":{"rendered":"\r\n        <div class=\"med_worker_introduce_text \">\r\n\r\n            Bu b\u00f6l\u00fcm sadece <span class=\"med_anchor_link\"> <b>Sa\u011fl\u0131k profesyonelleri<\/b> i\u00e7indir<\/span>\r\n\r\n        <\/div>\r\n\r\n        <div class=\"med_worker_popup_wrapper hide\" style=\"background-color: rgba(10,10,10,0.3)\">\r\n            <div class=\"med_worker_popup\" style=\"width:1024px; height:600px;background-color:#ffffff; border-radius: 10px;\">\r\n                <div class=\"med_worker_confirmation\">\r\n                    <span style=\"font-size: 20px\">\r\n                        Sa\u011fl\u0131k profesyoneli misiniz?                    <\/span>\r\n                    <div class=\"med_worker_buttons\">\r\n                        <a href=\"\" class=\"confirm\" style=\"background-color:#0d594e; color: #ffffff;\">Evet<\/a>\r\n                        <a href=\"\" class=\"reject\" style=\"background-color:#bc2b2b; color: #0a0a0a;\">Hay\u0131r<\/a>\r\n                    <\/div>\r\n                <\/div>\r\n                <div class=\"med_worker_decription hide\"><div class=\"t-store__tabs__controls-wrap\">\n<div class=\"t-store__tabs__controls\">\n<div class=\"t-store__tabs__button js-store-tab-button\" data-tab-title=\"Ingredients\" data-sanitized-data-tab-title=\"Ingredients\">\n<h1 class=\"product_title entry-title\">Ku\u015fburnu ve Kar\u0131\u015f\u0131k Bitkiler NSP<\/h1>\n<div class=\"t-store__tabs__button-title t-name t-name_xs\">\n<p class=\"product_title entry-title\">Ku\u015fburnu ve Kar\u0131\u015f\u0131k Bitkiler\u00a0 NSP Ku\u015fburnu ve Kar\u0131\u015f\u0131k Bitkiler i\u00e7eren takviye edici g\u0131da, ba\u011f\u0131\u015f\u0131kl\u0131\u011f\u0131 art\u0131rmay\u0131 ama\u00e7layan on bitkiden olu\u015fan bir bile\u015fimdir. Bakteri, vir\u00fcs ve mantarlara kar\u015f\u0131 do\u011fal savunmay\u0131 art\u0131rmak, iltihaplanmay\u0131 azaltmak, kardiyovask\u00fcler ve sinir sistemlerinin i\u015fleyi\u015fini d\u00fczenlemek i\u00e7in tavsiye edilir.<\/p>\n<p>Ku\u015fburnu veya K\u00f6pek g\u00fcl\u00fc ya da Yabani G\u00fcl<em>(Rosa canina<\/em>) anti-enflamatuar etkiye sahiptir, hormonlar\u0131n sentezini ve yenilenme s\u00fcre\u00e7lerini art\u0131r\u0131r ve ba\u011f\u0131\u015f\u0131kl\u0131k fonksiyonunu uyar\u0131r.<\/p>\n<p>Papatya<em>(Matricaria recutita<\/em>) anti-enflamatuar, antiseptik, antialerjik etkiye sahiptir, safra kanallar\u0131n\u0131n spazmlar\u0131n\u0131 hafifletir, safra salg\u0131s\u0131n\u0131 art\u0131r\u0131r ve karaci\u011fer fonksiyonlar\u0131n\u0131 iyile\u015ftirir. Papatya, mantar \u00f6nleyici etkiye sahip olan kaprilik asit i\u00e7erir.<\/p>\n<p>Pasl\u0131 (k\u0131rm\u0131z\u0131) karaa\u011fa\u00e7 (<em>Ulmus rubra<\/em>) g\u00fc\u00e7l\u00fc bir anti-enflamatuard\u0131r, yara iyile\u015ftirici ve b\u00fcz\u00fcc\u00fc \u00f6zelliklere sahiptir ve \u00f6ks\u00fcr\u00fc\u011f\u00fc azaltmaya yard\u0131mc\u0131 olur. Ate\u015f, eklem a\u011fr\u0131s\u0131, akci\u011ferlerdeki iltihabi s\u00fcre\u00e7ler, \u00fcriner sistem, gastrointestinal sistem durumunda kullan\u0131l\u0131r.<\/p>\n<p>Civanper\u00e7emi<em>(Achillea millefolium<\/em>) antibakteriyel, b\u00fcz\u00fcc\u00fc ve anti-enflamatuar etkilere sahiptir. So\u011fuk alg\u0131nl\u0131\u011f\u0131 i\u00e7in kullan\u0131l\u0131r.<\/p>\n<p>Ac\u0131 biber<em>(Capsicum annuum<\/em>) antiseptik ve antienflamatuar etkiye sahiptir. K\u0131lcal damarlar\u0131 geni\u015fletir, damar spazmlar\u0131n\u0131 ve kan viskozitesini (sertle\u015fmesini) hafifletir ve kan bas\u0131nc\u0131n\u0131 d\u00fc\u015f\u00fcr\u00fcr. Biber gastrointestinal hastal\u0131klarda yard\u0131mc\u0131 olur, \u00fclser sonras\u0131 yaralar\u0131 iyile\u015ftirir, t\u00fck\u00fcr\u00fck ve mukus salg\u0131s\u0131n\u0131 uyar\u0131r.<\/p>\n<p>Beyaz s\u00f6\u011f\u00fct<em>(Salix alba<\/em>) farmakolojide non-steroid anti-inflamatuar ila\u00e7lar olarak i\u015flev g\u00f6r\u00fcr. Beyaz s\u00f6\u011f\u00fct kabu\u011fu, anti-enflamatuar, antipiretik ve antioksidan etkileri olan C vitamini ve biyoflavonoidler i\u00e7erir.<\/p>\n<p>Myrra veya m\u00fcr veya commiphora (<em>Commifora molmol<\/em>) antispazmodik (a\u011fr\u0131 kesici) bir etkiye sahiptir ve antibakteriyel bir etkiye sahiptir.<\/p>\n<p>Nane<em>(Mentha piperita<\/em>) antiseptik bir etkiye sahiptir, d\u00fcz kaslar\u0131n tonusunu azalt\u0131r, spazmlar\u0131 hafifletir, kalp, beyin ve akci\u011ferlerin kan damarlar\u0131n\u0131 geni\u015fletir, a\u011fr\u0131y\u0131 hafifletir ve sindirim sistemindeki s\u0131v\u0131y\u0131 artt\u0131r\u0131r.<\/p>\n<p>Ada\u00e7ay\u0131<em>(Salvia sclarea<\/em>) gastrointestinal sistemin aktivitesini art\u0131r\u0131r. Anti-enflamatuar, antimikrobiyal ve sakinle\u015ftirici etkileri vard\u0131r.<\/p>\n<p><em>Limon<\/em> otu<em>(Cymbopogon citratus<\/em>), \u00f6zellikle Staphylococcus aureus&#8217;a kar\u015f\u0131 anti-enflamatuar, antiviral ve antibakteriyel etkilere sahiptir. U\u00e7ucu ya\u011flar, ila\u00e7larla tedavisi zor olanlar da dahil olmak \u00fczere belirli k\u00fcf ve pamuk\u00e7uk t\u00fcrlerine kar\u015f\u0131 etkilidir. Eugenol trombositlerin birbirine yap\u0131\u015fmas\u0131n\u0131 \u00f6nler. Flavonoidler (luteolin t\u00fcrevleri) anti-enflamatuar etkilere sahiptir. Limon otu ayr\u0131ca yat\u0131\u015ft\u0131r\u0131c\u0131 bir etkiye sahiptir, depresyon ve ba\u015f a\u011fr\u0131lar\u0131n\u0131 hafifletir ve emziren annelerde s\u00fct \u00fcretimini uyar\u0131r.<\/p>\n<p>Besin takviyesi CC-A (ku\u015fburnu ve di\u011fer bitkilerin kar\u0131\u015f\u0131m\u0131), ek flavonoid kayna\u011f\u0131, u\u00e7ucu ya\u011flar ve tanenler i\u00e7erir.<\/p>\n<p><strong>\u00dcr\u00fcn kodu <\/strong>: 896 <strong>Kategori: <\/strong>G\u0131da Takviyeleri<\/p>\n<\/div>\n<div class=\"t-store__tabs__button-title t-name t-name_xs\"><\/div>\n<div class=\"t-store__tabs__button-title t-name t-name_xs\">\n<div class=\"t-store__tabs__controls-wrap\">\n<div class=\"t-store__tabs__controls\">\n<div class=\"t-store__tabs__button js-store-tab-button\" data-tab-title=\"Ingredients\" data-sanitized-data-tab-title=\"Ingredients\">\n<div class=\"t-store__tabs__button-title t-name t-name_xs\"><strong>\u0130\u00e7indekiler<\/strong><\/div>\n<div class=\"t-store__tabs__button-title t-name t-name_xs\"><strong>\u0130\u00e7erik <\/strong>(kaps\u00fcl):<\/div>\n<div class=\"t-store__tabs__button-title t-name t-name_xs\">ku\u015fburnu (Rosa canina) &#8211; 111 mg;<\/div>\n<div class=\"t-store__tabs__button-title t-name t-name_xs\">civanper\u00e7emi (Achillea millefolium) &#8211; 55 mg;<\/div>\n<div class=\"t-store__tabs__button-title t-name t-name_xs\">papatya \u00e7i\u00e7e\u011fi (Matricaria recutita) &#8211; 55 mg;<\/div>\n<div class=\"t-store__tabs__button-title t-name t-name_xs\">pasl\u0131 (k\u0131rm\u0131z\u0131) karaa\u011fa\u00e7 kabu\u011fu (Ulmus rubra) &#8211; 55 mg;<\/div>\n<div class=\"t-store__tabs__button-title t-name t-name_xs\">y\u0131ll\u0131k biber (Capsicum annuum) &#8211; 27 mg;<\/div>\n<div class=\"t-store__tabs__button-title t-name t-name_xs\">beyaz s\u00f6\u011f\u00fct kabu\u011fu (Salix alba) &#8211; 25 mg;<\/div>\n<div class=\"t-store__tabs__button-title t-name t-name_xs\">nane yapraklar\u0131 (Mentha piperita) &#8211; 20 mg;<\/div>\n<div class=\"t-store__tabs__button-title t-name t-name_xs\">ada\u00e7ay\u0131 yapraklar\u0131 (Salvia officinalis) &#8211; 15 mg;<\/div>\n<div class=\"t-store__tabs__button-title t-name t-name_xs\">\n<p>limon otu (Cymbopogon citratus) &#8211; 14 mg.<\/p>\n<p><strong>Etkin Olmayan Bile\u015fenler: <\/strong>sel\u00fcloz ve jelatin.<\/p>\n<\/div>\n<div class=\"t-store__tabs__button-title t-name t-name_xs\"><\/div>\n<\/div>\n<div class=\"t-store__tabs__button js-store-tab-button\" data-tab-title=\"Usage\" data-sanitized-data-tab-title=\"Usage\">\n<div class=\"t-store__tabs__button-title t-name t-name_xs\"><strong>Kullan\u0131m<\/strong><\/div>\n<div class=\"t-store__tabs__button-title t-name t-name_xs\">\n<p>Yeti\u015fkinler i\u00e7in yemeklerle birlikte g\u00fcnde iki kez iki kaps\u00fcl \u00f6nerilir. Kullan\u0131m s\u00fcresi iki ila \u00fc\u00e7 haftad\u0131r. Gerekirse kullan\u0131m tekrarlan\u0131r.<\/p>\n<p><strong>Kontrendikasyonlar<\/strong>: ki\u015fisel intolerans, hamilelik, emzirme<\/p>\n<\/div>\n<\/div>\n<\/div>\n<\/div>\n<\/div>\n<\/div>\n<\/div>\n<\/div>\n<div class=\"t-store__tabs__list\">\n<div class=\"t-store__tabs__item t-store__tabs__item_active\" data-tab-title=\"Description\" data-sanitized-data-tab-title=\"Description\" data-tab-type=\"info\" data-sanitized-data-tab-type=\"info\"><\/div>\n<\/div>\n<\/div>\r\n            <\/div>\r\n        <\/div>\r\n\r\n\n","protected":false},"excerpt":{"rendered":"<div class=\"woocommerce-product-details__short-description\">\n<ul>\n<li>Ku\u015fburnu ve bitki kar\u0131\u015f\u0131m\u0131 i\u00e7erir<\/li>\n<li>Takviye edici g\u0131dad\u0131r<\/li>\n<\/ul>\n<\/div>\n","protected":false},"featured_media":7976,"template":"","meta":{"_acf_changed":false},"product_cat":[397],"product_tag":[],"class_list":{"0":"post-8017","1":"product","2":"type-product","3":"status-publish","4":"has-post-thumbnail","6":"product_cat-heath","7":"pa_body-systems-bagisiklik-ve-lenfatik","8":"pa_body-systems-sindirim-sistemi","9":"pa_body-systems-solunum","10":"pa_health-topics-bagisiklik","11":"pa_health-topics-enflamasyon-ve-agri","12":"pa_health-topics-mevsimsel-destek","13":"pa_product-categories-antibakteriyeller","14":"pa_product-categories-antifungal-tr","15":"pa_product-categories-antiviraller","16":"pa_product-categories-parafarmasotikler","18":"first","19":"instock","20":"sale","21":"shipping-taxable","22":"purchasable","23":"product-type-simple"},"acf":[],"yoast_head":"<!-- This site is optimized with the Yoast SEO plugin v22.3 - https:\/\/yoast.com\/wordpress\/plugins\/seo\/ -->\n<title>Ku\u015fburnu ve Kar\u0131\u015f\u0131k Bitkiler NSP | Dietary Supplements<\/title>\n<meta name=\"description\" content=\"CC-A NSP: Ba\u011f\u0131\u015f\u0131kl\u0131k sistemini g\u00fc\u00e7lendirir. Bakteriyel ve viral enfeksiyonlara kar\u015f\u0131 korur. Gastrointestinal sistemi ve endokrin sistemi uyar\u0131r.\" \/>\n<meta name=\"robots\" content=\"index, follow, max-snippet:-1, max-image-preview:large, max-video-preview:-1\" \/>\n<link rel=\"canonical\" href=\"https:\/\/nspshop.net\/tr\/urun\/cc-a-nsp\/\" \/>\n<meta property=\"og:locale\" content=\"tr_TR\" \/>\n<meta property=\"og:type\" content=\"article\" \/>\n<meta property=\"og:title\" content=\"Ku\u015fburnu ve Kar\u0131\u015f\u0131k Bitkiler NSP | Dietary Supplements\" \/>\n<meta property=\"og:description\" content=\"CC-A NSP: Ba\u011f\u0131\u015f\u0131kl\u0131k sistemini g\u00fc\u00e7lendirir. Bakteriyel ve viral enfeksiyonlara kar\u015f\u0131 korur. Gastrointestinal sistemi ve endokrin sistemi uyar\u0131r.\" \/>\n<meta property=\"og:url\" content=\"https:\/\/nspshop.net\/tr\/urun\/cc-a-nsp\/\" \/>\n<meta property=\"og:site_name\" content=\"Dietary Supplements\" \/>\n<meta property=\"article:modified_time\" content=\"2024-03-31T08:27:20+00:00\" \/>\n<meta property=\"og:image\" content=\"https:\/\/nspshop.net\/wp-content\/uploads\/2023\/06\/CC_A.webp\" \/>\n\t<meta property=\"og:image:width\" content=\"1350\" \/>\n\t<meta property=\"og:image:height\" content=\"1350\" \/>\n\t<meta property=\"og:image:type\" content=\"image\/webp\" \/>\n<meta name=\"twitter:card\" content=\"summary_large_image\" \/>\n<meta name=\"twitter:label1\" content=\"Tahmini okuma s\u00fcresi\" \/>\n\t<meta name=\"twitter:data1\" content=\"1 dakika\" \/>\n<script type=\"application\/ld+json\" class=\"yoast-schema-graph\">{\"@context\":\"https:\/\/schema.org\",\"@graph\":[{\"@type\":\"WebPage\",\"@id\":\"https:\/\/nspshop.net\/tr\/urun\/cc-a-nsp\/\",\"url\":\"https:\/\/nspshop.net\/tr\/urun\/cc-a-nsp\/\",\"name\":\"Ku\u015fburnu ve Kar\u0131\u015f\u0131k Bitkiler NSP | Dietary Supplements\",\"isPartOf\":{\"@id\":\"https:\/\/nspshop.net\/#website\"},\"primaryImageOfPage\":{\"@id\":\"https:\/\/nspshop.net\/tr\/urun\/cc-a-nsp\/#primaryimage\"},\"image\":{\"@id\":\"https:\/\/nspshop.net\/tr\/urun\/cc-a-nsp\/#primaryimage\"},\"thumbnailUrl\":\"https:\/\/nspshop.net\/wp-content\/uploads\/2023\/06\/CC_A.webp\",\"datePublished\":\"2023-06-04T08:03:23+00:00\",\"dateModified\":\"2024-03-31T08:27:20+00:00\",\"description\":\"CC-A NSP: Ba\u011f\u0131\u015f\u0131kl\u0131k sistemini g\u00fc\u00e7lendirir. Bakteriyel ve viral enfeksiyonlara kar\u015f\u0131 korur. Gastrointestinal sistemi ve endokrin sistemi uyar\u0131r.\",\"breadcrumb\":{\"@id\":\"https:\/\/nspshop.net\/tr\/urun\/cc-a-nsp\/#breadcrumb\"},\"inLanguage\":\"tr\",\"potentialAction\":[{\"@type\":\"ReadAction\",\"target\":[\"https:\/\/nspshop.net\/tr\/urun\/cc-a-nsp\/\"]}]},{\"@type\":\"ImageObject\",\"inLanguage\":\"tr\",\"@id\":\"https:\/\/nspshop.net\/tr\/urun\/cc-a-nsp\/#primaryimage\",\"url\":\"https:\/\/nspshop.net\/wp-content\/uploads\/2023\/06\/CC_A.webp\",\"contentUrl\":\"https:\/\/nspshop.net\/wp-content\/uploads\/2023\/06\/CC_A.webp\",\"width\":1350,\"height\":1350,\"caption\":\"CC-A NSP\"},{\"@type\":\"BreadcrumbList\",\"@id\":\"https:\/\/nspshop.net\/tr\/urun\/cc-a-nsp\/#breadcrumb\",\"itemListElement\":[{\"@type\":\"ListItem\",\"position\":1,\"name\":\"\u0413\u043b\u0430\u0432\u043d\u0430\u044f \u0441\u0442\u0440\u0430\u043d\u0438\u0446\u0430\",\"item\":\"https:\/\/nspshop.net\/\"},{\"@type\":\"ListItem\",\"position\":2,\"name\":\"D\u00fckk\u00e2n\",\"item\":\"https:\/\/nspshop.net\/tr\/shop\/\"},{\"@type\":\"ListItem\",\"position\":3,\"name\":\"Ku\u015fburnu ve Kar\u0131\u015f\u0131k Bitkiler NSP\"}]},{\"@type\":\"WebSite\",\"@id\":\"https:\/\/nspshop.net\/#website\",\"url\":\"https:\/\/nspshop.net\/\",\"name\":\"Dietary Supplements\",\"description\":\"BuyNSP\",\"publisher\":{\"@id\":\"https:\/\/nspshop.net\/#organization\"},\"potentialAction\":[{\"@type\":\"SearchAction\",\"target\":{\"@type\":\"EntryPoint\",\"urlTemplate\":\"https:\/\/nspshop.net\/?s={search_term_string}\"},\"query-input\":\"required name=search_term_string\"}],\"inLanguage\":\"tr\"},{\"@type\":\"Organization\",\"@id\":\"https:\/\/nspshop.net\/#organization\",\"name\":\"Dietary Supplements\",\"alternateName\":\"BuyNSP\",\"url\":\"https:\/\/nspshop.net\/\",\"logo\":{\"@type\":\"ImageObject\",\"inLanguage\":\"tr\",\"@id\":\"https:\/\/nspshop.net\/#\/schema\/logo\/image\/\",\"url\":\"https:\/\/nspshop.net\/wp-content\/uploads\/2023\/06\/cropped-Logo-NSP.png\",\"contentUrl\":\"https:\/\/nspshop.net\/wp-content\/uploads\/2023\/06\/cropped-Logo-NSP.png\",\"width\":512,\"height\":512,\"caption\":\"Dietary Supplements\"},\"image\":{\"@id\":\"https:\/\/nspshop.net\/#\/schema\/logo\/image\/\"}}]}<\/script>\n<!-- \/ Yoast SEO plugin. -->","yoast_head_json":{"title":"Ku\u015fburnu ve Kar\u0131\u015f\u0131k Bitkiler NSP | Dietary Supplements","description":"CC-A NSP: Ba\u011f\u0131\u015f\u0131kl\u0131k sistemini g\u00fc\u00e7lendirir. Bakteriyel ve viral enfeksiyonlara kar\u015f\u0131 korur. Gastrointestinal sistemi ve endokrin sistemi uyar\u0131r.","robots":{"index":"index","follow":"follow","max-snippet":"max-snippet:-1","max-image-preview":"max-image-preview:large","max-video-preview":"max-video-preview:-1"},"canonical":"https:\/\/nspshop.net\/tr\/urun\/cc-a-nsp\/","og_locale":"tr_TR","og_type":"article","og_title":"Ku\u015fburnu ve Kar\u0131\u015f\u0131k Bitkiler NSP | Dietary Supplements","og_description":"CC-A NSP: Ba\u011f\u0131\u015f\u0131kl\u0131k sistemini g\u00fc\u00e7lendirir. Bakteriyel ve viral enfeksiyonlara kar\u015f\u0131 korur. Gastrointestinal sistemi ve endokrin sistemi uyar\u0131r.","og_url":"https:\/\/nspshop.net\/tr\/urun\/cc-a-nsp\/","og_site_name":"Dietary Supplements","article_modified_time":"2024-03-31T08:27:20+00:00","og_image":[{"width":1350,"height":1350,"url":"https:\/\/nspshop.net\/wp-content\/uploads\/2023\/06\/CC_A.webp","type":"image\/webp"}],"twitter_card":"summary_large_image","twitter_misc":{"Tahmini okuma s\u00fcresi":"1 dakika"},"schema":{"@context":"https:\/\/schema.org","@graph":[{"@type":"WebPage","@id":"https:\/\/nspshop.net\/tr\/urun\/cc-a-nsp\/","url":"https:\/\/nspshop.net\/tr\/urun\/cc-a-nsp\/","name":"Ku\u015fburnu ve Kar\u0131\u015f\u0131k Bitkiler NSP | Dietary Supplements","isPartOf":{"@id":"https:\/\/nspshop.net\/#website"},"primaryImageOfPage":{"@id":"https:\/\/nspshop.net\/tr\/urun\/cc-a-nsp\/#primaryimage"},"image":{"@id":"https:\/\/nspshop.net\/tr\/urun\/cc-a-nsp\/#primaryimage"},"thumbnailUrl":"https:\/\/nspshop.net\/wp-content\/uploads\/2023\/06\/CC_A.webp","datePublished":"2023-06-04T08:03:23+00:00","dateModified":"2024-03-31T08:27:20+00:00","description":"CC-A NSP: Ba\u011f\u0131\u015f\u0131kl\u0131k sistemini g\u00fc\u00e7lendirir. Bakteriyel ve viral enfeksiyonlara kar\u015f\u0131 korur. Gastrointestinal sistemi ve endokrin sistemi uyar\u0131r.","breadcrumb":{"@id":"https:\/\/nspshop.net\/tr\/urun\/cc-a-nsp\/#breadcrumb"},"inLanguage":"tr","potentialAction":[{"@type":"ReadAction","target":["https:\/\/nspshop.net\/tr\/urun\/cc-a-nsp\/"]}]},{"@type":"ImageObject","inLanguage":"tr","@id":"https:\/\/nspshop.net\/tr\/urun\/cc-a-nsp\/#primaryimage","url":"https:\/\/nspshop.net\/wp-content\/uploads\/2023\/06\/CC_A.webp","contentUrl":"https:\/\/nspshop.net\/wp-content\/uploads\/2023\/06\/CC_A.webp","width":1350,"height":1350,"caption":"CC-A NSP"},{"@type":"BreadcrumbList","@id":"https:\/\/nspshop.net\/tr\/urun\/cc-a-nsp\/#breadcrumb","itemListElement":[{"@type":"ListItem","position":1,"name":"\u0413\u043b\u0430\u0432\u043d\u0430\u044f \u0441\u0442\u0440\u0430\u043d\u0438\u0446\u0430","item":"https:\/\/nspshop.net\/"},{"@type":"ListItem","position":2,"name":"D\u00fckk\u00e2n","item":"https:\/\/nspshop.net\/tr\/shop\/"},{"@type":"ListItem","position":3,"name":"Ku\u015fburnu ve Kar\u0131\u015f\u0131k Bitkiler NSP"}]},{"@type":"WebSite","@id":"https:\/\/nspshop.net\/#website","url":"https:\/\/nspshop.net\/","name":"Dietary Supplements","description":"BuyNSP","publisher":{"@id":"https:\/\/nspshop.net\/#organization"},"potentialAction":[{"@type":"SearchAction","target":{"@type":"EntryPoint","urlTemplate":"https:\/\/nspshop.net\/?s={search_term_string}"},"query-input":"required name=search_term_string"}],"inLanguage":"tr"},{"@type":"Organization","@id":"https:\/\/nspshop.net\/#organization","name":"Dietary Supplements","alternateName":"BuyNSP","url":"https:\/\/nspshop.net\/","logo":{"@type":"ImageObject","inLanguage":"tr","@id":"https:\/\/nspshop.net\/#\/schema\/logo\/image\/","url":"https:\/\/nspshop.net\/wp-content\/uploads\/2023\/06\/cropped-Logo-NSP.png","contentUrl":"https:\/\/nspshop.net\/wp-content\/uploads\/2023\/06\/cropped-Logo-NSP.png","width":512,"height":512,"caption":"Dietary Supplements"},"image":{"@id":"https:\/\/nspshop.net\/#\/schema\/logo\/image\/"}}]}},"_links":{"self":[{"href":"https:\/\/nspshop.net\/tr\/wp-json\/wp\/v2\/product\/8017","targetHints":{"allow":["GET"]}}],"collection":[{"href":"https:\/\/nspshop.net\/tr\/wp-json\/wp\/v2\/product"}],"about":[{"href":"https:\/\/nspshop.net\/tr\/wp-json\/wp\/v2\/types\/product"}],"wp:featuredmedia":[{"embeddable":true,"href":"https:\/\/nspshop.net\/tr\/wp-json\/wp\/v2\/media\/7976"}],"wp:attachment":[{"href":"https:\/\/nspshop.net\/tr\/wp-json\/wp\/v2\/media?parent=8017"}],"wp:term":[{"taxonomy":"product_cat","embeddable":true,"href":"https:\/\/nspshop.net\/tr\/wp-json\/wp\/v2\/product_cat?post=8017"},{"taxonomy":"product_tag","embeddable":true,"href":"https:\/\/nspshop.net\/tr\/wp-json\/wp\/v2\/product_tag?post=8017"}],"curies":[{"name":"wp","href":"https:\/\/api.w.org\/{rel}","templated":true}]}}