{"id":8018,"date":"2023-06-03T19:55:32","date_gmt":"2023-06-03T16:55:32","guid":{"rendered":"https:\/\/nspshop.net\/product\/hista-blok-nsp\/"},"modified":"2024-03-31T11:36:33","modified_gmt":"2024-03-31T08:36:33","slug":"hista-blok-nsp","status":"publish","type":"product","link":"https:\/\/nspshop.net\/tr\/urun\/hista-blok-nsp\/","title":{"rendered":"Bromelian ve Kuersetin NSP"},"content":{"rendered":"\r\n        <div class=\"med_worker_introduce_text \">\r\n\r\n            Bu b\u00f6l\u00fcm sadece <span class=\"med_anchor_link\"> <b>Sa\u011fl\u0131k profesyonelleri<\/b> i\u00e7indir<\/span>\r\n\r\n        <\/div>\r\n\r\n        <div class=\"med_worker_popup_wrapper hide\" style=\"background-color: rgba(10,10,10,0.3)\">\r\n            <div class=\"med_worker_popup\" style=\"width:1024px; height:600px;background-color:#ffffff; border-radius: 10px;\">\r\n                <div class=\"med_worker_confirmation\">\r\n                    <span style=\"font-size: 20px\">\r\n                        Sa\u011fl\u0131k profesyoneli misiniz?                    <\/span>\r\n                    <div class=\"med_worker_buttons\">\r\n                        <a href=\"\" class=\"confirm\" style=\"background-color:#0d594e; color: #ffffff;\">Evet<\/a>\r\n                        <a href=\"\" class=\"reject\" style=\"background-color:#bc2b2b; color: #0a0a0a;\">Hay\u0131r<\/a>\r\n                    <\/div>\r\n                <\/div>\r\n                <div class=\"med_worker_decription hide\"><h1 class=\"product_title entry-title\">Bromelian\u00a0ve Kuersetin NSP<\/h1>\n<p>Alerjilerle y\u00fczle\u015fmek kolay bir i\u015f de\u011fildir. Alerjileri yenemeyen modern t\u0131p, antihistaminiklerin yard\u0131m\u0131yla alerjik s\u00fcrecin geli\u015fimini engellemeyi \u00f6nermektedir. NSP Hista Block, histamin \u00fcretimini durdurarak benzer bir etkiye sahiptir.<\/p>\n<p>Bu form\u00fcldeki aktif bile\u015fenler antioksidan \u00f6zelliklere sahiptir, h\u00fccre zarlar\u0131n\u0131 ve damar duvar\u0131n\u0131 korur, histamin dengesini d\u00fczenler, imm\u00fcnomod\u00fclat\u00f6r, onkoprotektif, anti-enflamatuar ve anti-romatizmal etkilere sahiptir.<\/p>\n<p>Benzersiz fitomineral form\u00fcl\u00fc geni\u015f bir etki spektrumuna sahiptir.<\/p>\n<h2>Aktif bile\u015fenler<\/h2>\n<h3>Quercetin (Kuersetin)<\/h3>\n<p>Sophora japonica ekstrakt\u0131ndan elde edilmi\u015ftir. Polifenolleri ifade eder. K\u0131rm\u0131z\u0131 \u015farap, so\u011fan, ye\u015fil \u00e7ay, meyve ve sebzelerde y\u00fcksek miktarda bulunur. Quercetin g\u00fc\u00e7l\u00fc antioksidan ve orta derecede fito\u00f6strojenik etkilere sahiptir, h\u00fccre zarlar\u0131n\u0131 stabilize eder ve damar duvar\u0131n\u0131 korur, histamin dengesini normalle\u015ftirir ve ba\u011f\u0131\u015f\u0131kl\u0131k fonksiyonunu mod\u00fcle eder. Radyoprotektif ve antit\u00fcm\u00f6r etkileri kaydedilmi\u015ftir. Kuersetinin prostat bezi \u00fczerinde faydal\u0131 bir etkiye sahip oldu\u011fu bulunmu\u015ftur. Anti-\u00f6demat\u00f6z, antispazmodik, anti-inflamatuar \u00f6zelliklere sahiptir.<\/p>\n<h3>Is\u0131rgan otu (Urtica dioica)<\/h3>\n<p>anemi, ate\u015f, di\u00fcretik ve anti-inflamatuar ajan olarak ve ayr\u0131ca emziren kad\u0131nlarda laktik asit i\u00e7in kullan\u0131l\u0131r. Romatizma, artrit, mide rahats\u0131zl\u0131klar\u0131 i\u00e7in kullan\u0131l\u0131r.<\/p>\n<h3>Ac\u0131 portakal veya Pomeranian (Citrus aurantium)<\/h3>\n<p>Melanin ve D vitamini olu\u015fumunu uyar\u0131r. Ya\u011flar\u0131n par\u00e7alanmas\u0131n\u0131 ve \u0131s\u0131 \u00fcretimini art\u0131r\u0131r. Antiseptik, anti-romatizmal, yara iyile\u015ftirici, anti-inflamatuar, antispazmodik, balgam s\u00f6kt\u00fcr\u00fcc\u00fc etkiye sahiptir. \u00c7arp\u0131nt\u0131 i\u00e7in faydal\u0131d\u0131r, depresyonu, anksiyeteyi, sinirlili\u011fi giderir.<\/p>\n<h3>Bromelain<\/h3>\n<p>Ananastan elde edilen bir enzim. Hem midenin asidik ortam\u0131nda hem de alkali ortamda aktiftir (bromelainin pH optimum de\u011feri 4.5-9.8&#8217;dir) ve ince ba\u011f\u0131rsa\u011f\u0131n n\u00f6tr ortam\u0131nda da \u00e7al\u0131\u015fabilir. Bromelain \u00e7ok \u00e7e\u015fitli proteinlere kar\u015f\u0131 proteolitik aktiviteye sahiptir. \u00d6zellikle bal\u0131k, et, s\u00fct \u00fcr\u00fcnleri ve baklagilleri sindirmede iyidir. Bromelain makrofajlar\u0131n, do\u011fal \u00f6ld\u00fcr\u00fcc\u00fc h\u00fccrelerin ve T-lenfositlerin aktivitesini art\u0131rarak anti-t\u00fcm\u00f6r ba\u011f\u0131\u015f\u0131kl\u0131\u011f\u0131n\u0131 g\u00fc\u00e7lendirir ve \u00f6ld\u00fcr\u00fcc\u00fc h\u00fccreler ile kanser h\u00fccreleri aras\u0131ndaki temas\u0131 kolayla\u015ft\u0131r\u0131r.<\/p>\n<p><strong>\u00dcr\u00fcn kodu <\/strong>: 776 <strong>Kategori <\/strong>: G\u0131da Takviyeleri <strong>Se\u00e7ilen \u00fcr\u00fcnler: <\/strong>\u015eimdi stokta<\/p>\n<h4><strong>\u0130\u00e7indekiler<\/strong><\/h4>\n<p>G\u0131da takviyesi Gista Block quercitin kayna\u011f\u0131d\u0131r, bromelain ve synephrine i\u00e7erir.<\/p>\n<p><strong>Content (1 capsule)<\/strong>:<\/p>\n<p>kuersitin (Japon sophora meyve ekstresi &#8211; %84) &#8211; 90 mg (75,6 mg &#8211; NTM&#8217;nin %252&#8217;si);<\/p>\n<p>\u0131s\u0131rgan otu yapraklar\u0131 (Urtica dioica) &#8211; 90 mg;<\/p>\n<p>portakal meyvesi tozu (Citrus aurantium) &#8211; 70 mg;<\/p>\n<p>bromelain (ananas \u00f6z\u00fc &#8211; %21,5) &#8211; 20 mg;<\/p>\n<p>kalsiyum (dikalsiyum fosfat i\u00e7inde) &#8211; 33 mg (NTM&#8217;nin %3,3&#8217;\u00fc).<\/p>\n<p><strong>Aktif Olmayan \u0130\u00e7er<\/strong>ikler: magnezyum stearat, mikrokristalin sel\u00fcloz, silikon dioksit ve jelatin.<\/p>\n<h5><strong>Kullan\u0131m<\/strong><\/h5>\n<p>Yeti\u015fkinler i\u00e7in g\u00fcnde bir kez yemeklerle birlikte bir kaps\u00fcl. Kullan\u0131m s\u00fcresi bir ayd\u0131r.<\/p>\n<p><strong>Contraindications:<\/strong> personal intolerance, pregnancy, and lactation.<\/p>\n<\/div>\r\n            <\/div>\r\n        <\/div>\r\n\r\n\n","protected":false},"excerpt":{"rendered":"<ul>\n<li>Bromelain ve Kuersetin i\u00e7eren g\u0131da takviyesidir.<\/li>\n<\/ul>\n","protected":false},"featured_media":9329,"template":"","meta":{"_acf_changed":false},"product_cat":[397],"product_tag":[],"class_list":{"0":"post-8018","1":"product","2":"type-product","3":"status-publish","4":"has-post-thumbnail","6":"product_cat-heath","8":"first","9":"instock","10":"sale","11":"shipping-taxable","12":"purchasable","13":"product-type-simple"},"acf":[],"yoast_head":"<!-- This site is optimized with the Yoast SEO plugin v22.3 - https:\/\/yoast.com\/wordpress\/plugins\/seo\/ -->\n<title>Bromelian ve Kuersetin NSP | Dietary Supplements<\/title>\n<meta name=\"description\" content=\"Hista Block NSP: Antioksidan etkiye sahiptir. Solunum yolu hastal\u0131klar\u0131nda solunumu kolayla\u015ft\u0131r\u0131r. Anti-enflamatuar etkiye sahiptir.\" \/>\n<meta name=\"robots\" content=\"index, follow, max-snippet:-1, max-image-preview:large, max-video-preview:-1\" \/>\n<link rel=\"canonical\" href=\"https:\/\/nspshop.net\/tr\/urun\/hista-blok-nsp\/\" \/>\n<meta property=\"og:locale\" content=\"tr_TR\" \/>\n<meta property=\"og:type\" content=\"article\" \/>\n<meta property=\"og:title\" content=\"Bromelian ve Kuersetin NSP | Dietary Supplements\" \/>\n<meta property=\"og:description\" content=\"Hista Block NSP: Antioksidan etkiye sahiptir. Solunum yolu hastal\u0131klar\u0131nda solunumu kolayla\u015ft\u0131r\u0131r. Anti-enflamatuar etkiye sahiptir.\" \/>\n<meta property=\"og:url\" content=\"https:\/\/nspshop.net\/tr\/urun\/hista-blok-nsp\/\" \/>\n<meta property=\"og:site_name\" content=\"Dietary Supplements\" \/>\n<meta property=\"article:modified_time\" content=\"2024-03-31T08:36:33+00:00\" \/>\n<meta property=\"og:image\" content=\"https:\/\/nspshop.net\/wp-content\/uploads\/2023\/06\/Hista_Block.webp\" \/>\n\t<meta property=\"og:image:width\" content=\"1080\" \/>\n\t<meta property=\"og:image:height\" content=\"1080\" \/>\n\t<meta property=\"og:image:type\" content=\"image\/webp\" \/>\n<meta name=\"twitter:card\" content=\"summary_large_image\" \/>\n<meta name=\"twitter:label1\" content=\"Tahmini okuma s\u00fcresi\" \/>\n\t<meta name=\"twitter:data1\" content=\"1 dakika\" \/>\n<script type=\"application\/ld+json\" class=\"yoast-schema-graph\">{\"@context\":\"https:\/\/schema.org\",\"@graph\":[{\"@type\":\"WebPage\",\"@id\":\"https:\/\/nspshop.net\/tr\/urun\/hista-blok-nsp\/\",\"url\":\"https:\/\/nspshop.net\/tr\/urun\/hista-blok-nsp\/\",\"name\":\"Bromelian ve Kuersetin NSP | Dietary Supplements\",\"isPartOf\":{\"@id\":\"https:\/\/nspshop.net\/#website\"},\"primaryImageOfPage\":{\"@id\":\"https:\/\/nspshop.net\/tr\/urun\/hista-blok-nsp\/#primaryimage\"},\"image\":{\"@id\":\"https:\/\/nspshop.net\/tr\/urun\/hista-blok-nsp\/#primaryimage\"},\"thumbnailUrl\":\"https:\/\/nspshop.net\/wp-content\/uploads\/2024\/04\/775.webp\",\"datePublished\":\"2023-06-03T16:55:32+00:00\",\"dateModified\":\"2024-03-31T08:36:33+00:00\",\"description\":\"Hista Block NSP: Antioksidan etkiye sahiptir. Solunum yolu hastal\u0131klar\u0131nda solunumu kolayla\u015ft\u0131r\u0131r. Anti-enflamatuar etkiye sahiptir.\",\"breadcrumb\":{\"@id\":\"https:\/\/nspshop.net\/tr\/urun\/hista-blok-nsp\/#breadcrumb\"},\"inLanguage\":\"tr\",\"potentialAction\":[{\"@type\":\"ReadAction\",\"target\":[\"https:\/\/nspshop.net\/tr\/urun\/hista-blok-nsp\/\"]}]},{\"@type\":\"ImageObject\",\"inLanguage\":\"tr\",\"@id\":\"https:\/\/nspshop.net\/tr\/urun\/hista-blok-nsp\/#primaryimage\",\"url\":\"https:\/\/nspshop.net\/wp-content\/uploads\/2024\/04\/775.webp\",\"contentUrl\":\"https:\/\/nspshop.net\/wp-content\/uploads\/2024\/04\/775.webp\",\"width\":887,\"height\":894},{\"@type\":\"BreadcrumbList\",\"@id\":\"https:\/\/nspshop.net\/tr\/urun\/hista-blok-nsp\/#breadcrumb\",\"itemListElement\":[{\"@type\":\"ListItem\",\"position\":1,\"name\":\"\u0413\u043b\u0430\u0432\u043d\u0430\u044f \u0441\u0442\u0440\u0430\u043d\u0438\u0446\u0430\",\"item\":\"https:\/\/nspshop.net\/\"},{\"@type\":\"ListItem\",\"position\":2,\"name\":\"D\u00fckk\u00e2n\",\"item\":\"https:\/\/nspshop.net\/tr\/shop\/\"},{\"@type\":\"ListItem\",\"position\":3,\"name\":\"Bromelian ve Kuersetin NSP\"}]},{\"@type\":\"WebSite\",\"@id\":\"https:\/\/nspshop.net\/#website\",\"url\":\"https:\/\/nspshop.net\/\",\"name\":\"Dietary Supplements\",\"description\":\"BuyNSP\",\"publisher\":{\"@id\":\"https:\/\/nspshop.net\/#organization\"},\"potentialAction\":[{\"@type\":\"SearchAction\",\"target\":{\"@type\":\"EntryPoint\",\"urlTemplate\":\"https:\/\/nspshop.net\/?s={search_term_string}\"},\"query-input\":\"required name=search_term_string\"}],\"inLanguage\":\"tr\"},{\"@type\":\"Organization\",\"@id\":\"https:\/\/nspshop.net\/#organization\",\"name\":\"Dietary Supplements\",\"alternateName\":\"BuyNSP\",\"url\":\"https:\/\/nspshop.net\/\",\"logo\":{\"@type\":\"ImageObject\",\"inLanguage\":\"tr\",\"@id\":\"https:\/\/nspshop.net\/#\/schema\/logo\/image\/\",\"url\":\"https:\/\/nspshop.net\/wp-content\/uploads\/2023\/06\/cropped-Logo-NSP.png\",\"contentUrl\":\"https:\/\/nspshop.net\/wp-content\/uploads\/2023\/06\/cropped-Logo-NSP.png\",\"width\":512,\"height\":512,\"caption\":\"Dietary Supplements\"},\"image\":{\"@id\":\"https:\/\/nspshop.net\/#\/schema\/logo\/image\/\"}}]}<\/script>\n<!-- \/ Yoast SEO plugin. -->","yoast_head_json":{"title":"Bromelian ve Kuersetin NSP | Dietary Supplements","description":"Hista Block NSP: Antioksidan etkiye sahiptir. Solunum yolu hastal\u0131klar\u0131nda solunumu kolayla\u015ft\u0131r\u0131r. Anti-enflamatuar etkiye sahiptir.","robots":{"index":"index","follow":"follow","max-snippet":"max-snippet:-1","max-image-preview":"max-image-preview:large","max-video-preview":"max-video-preview:-1"},"canonical":"https:\/\/nspshop.net\/tr\/urun\/hista-blok-nsp\/","og_locale":"tr_TR","og_type":"article","og_title":"Bromelian ve Kuersetin NSP | Dietary Supplements","og_description":"Hista Block NSP: Antioksidan etkiye sahiptir. Solunum yolu hastal\u0131klar\u0131nda solunumu kolayla\u015ft\u0131r\u0131r. Anti-enflamatuar etkiye sahiptir.","og_url":"https:\/\/nspshop.net\/tr\/urun\/hista-blok-nsp\/","og_site_name":"Dietary Supplements","article_modified_time":"2024-03-31T08:36:33+00:00","og_image":[{"width":1080,"height":1080,"url":"https:\/\/nspshop.net\/wp-content\/uploads\/2023\/06\/Hista_Block.webp","type":"image\/webp"}],"twitter_card":"summary_large_image","twitter_misc":{"Tahmini okuma s\u00fcresi":"1 dakika"},"schema":{"@context":"https:\/\/schema.org","@graph":[{"@type":"WebPage","@id":"https:\/\/nspshop.net\/tr\/urun\/hista-blok-nsp\/","url":"https:\/\/nspshop.net\/tr\/urun\/hista-blok-nsp\/","name":"Bromelian ve Kuersetin NSP | Dietary Supplements","isPartOf":{"@id":"https:\/\/nspshop.net\/#website"},"primaryImageOfPage":{"@id":"https:\/\/nspshop.net\/tr\/urun\/hista-blok-nsp\/#primaryimage"},"image":{"@id":"https:\/\/nspshop.net\/tr\/urun\/hista-blok-nsp\/#primaryimage"},"thumbnailUrl":"https:\/\/nspshop.net\/wp-content\/uploads\/2024\/04\/775.webp","datePublished":"2023-06-03T16:55:32+00:00","dateModified":"2024-03-31T08:36:33+00:00","description":"Hista Block NSP: Antioksidan etkiye sahiptir. Solunum yolu hastal\u0131klar\u0131nda solunumu kolayla\u015ft\u0131r\u0131r. Anti-enflamatuar etkiye sahiptir.","breadcrumb":{"@id":"https:\/\/nspshop.net\/tr\/urun\/hista-blok-nsp\/#breadcrumb"},"inLanguage":"tr","potentialAction":[{"@type":"ReadAction","target":["https:\/\/nspshop.net\/tr\/urun\/hista-blok-nsp\/"]}]},{"@type":"ImageObject","inLanguage":"tr","@id":"https:\/\/nspshop.net\/tr\/urun\/hista-blok-nsp\/#primaryimage","url":"https:\/\/nspshop.net\/wp-content\/uploads\/2024\/04\/775.webp","contentUrl":"https:\/\/nspshop.net\/wp-content\/uploads\/2024\/04\/775.webp","width":887,"height":894},{"@type":"BreadcrumbList","@id":"https:\/\/nspshop.net\/tr\/urun\/hista-blok-nsp\/#breadcrumb","itemListElement":[{"@type":"ListItem","position":1,"name":"\u0413\u043b\u0430\u0432\u043d\u0430\u044f \u0441\u0442\u0440\u0430\u043d\u0438\u0446\u0430","item":"https:\/\/nspshop.net\/"},{"@type":"ListItem","position":2,"name":"D\u00fckk\u00e2n","item":"https:\/\/nspshop.net\/tr\/shop\/"},{"@type":"ListItem","position":3,"name":"Bromelian ve Kuersetin NSP"}]},{"@type":"WebSite","@id":"https:\/\/nspshop.net\/#website","url":"https:\/\/nspshop.net\/","name":"Dietary Supplements","description":"BuyNSP","publisher":{"@id":"https:\/\/nspshop.net\/#organization"},"potentialAction":[{"@type":"SearchAction","target":{"@type":"EntryPoint","urlTemplate":"https:\/\/nspshop.net\/?s={search_term_string}"},"query-input":"required name=search_term_string"}],"inLanguage":"tr"},{"@type":"Organization","@id":"https:\/\/nspshop.net\/#organization","name":"Dietary Supplements","alternateName":"BuyNSP","url":"https:\/\/nspshop.net\/","logo":{"@type":"ImageObject","inLanguage":"tr","@id":"https:\/\/nspshop.net\/#\/schema\/logo\/image\/","url":"https:\/\/nspshop.net\/wp-content\/uploads\/2023\/06\/cropped-Logo-NSP.png","contentUrl":"https:\/\/nspshop.net\/wp-content\/uploads\/2023\/06\/cropped-Logo-NSP.png","width":512,"height":512,"caption":"Dietary Supplements"},"image":{"@id":"https:\/\/nspshop.net\/#\/schema\/logo\/image\/"}}]}},"_links":{"self":[{"href":"https:\/\/nspshop.net\/tr\/wp-json\/wp\/v2\/product\/8018","targetHints":{"allow":["GET"]}}],"collection":[{"href":"https:\/\/nspshop.net\/tr\/wp-json\/wp\/v2\/product"}],"about":[{"href":"https:\/\/nspshop.net\/tr\/wp-json\/wp\/v2\/types\/product"}],"wp:featuredmedia":[{"embeddable":true,"href":"https:\/\/nspshop.net\/tr\/wp-json\/wp\/v2\/media\/9329"}],"wp:attachment":[{"href":"https:\/\/nspshop.net\/tr\/wp-json\/wp\/v2\/media?parent=8018"}],"wp:term":[{"taxonomy":"product_cat","embeddable":true,"href":"https:\/\/nspshop.net\/tr\/wp-json\/wp\/v2\/product_cat?post=8018"},{"taxonomy":"product_tag","embeddable":true,"href":"https:\/\/nspshop.net\/tr\/wp-json\/wp\/v2\/product_tag?post=8018"}],"curies":[{"name":"wp","href":"https:\/\/api.w.org\/{rel}","templated":true}]}}