{"id":8020,"date":"2023-06-04T10:07:42","date_gmt":"2023-06-04T07:07:42","guid":{"rendered":"https:\/\/nspshop.net\/product\/kondroitin-nsp\/"},"modified":"2024-03-31T11:28:25","modified_gmt":"2024-03-31T08:28:25","slug":"kondroitin-nsp","status":"publish","type":"product","link":"https:\/\/nspshop.net\/tr\/urun\/kondroitin-nsp\/","title":{"rendered":"Kondroitin NSP"},"content":{"rendered":"\r\n        <div class=\"med_worker_introduce_text \">\r\n\r\n            Bu b\u00f6l\u00fcm sadece <span class=\"med_anchor_link\"> <b>Sa\u011fl\u0131k profesyonelleri<\/b> i\u00e7indir<\/span>\r\n\r\n        <\/div>\r\n\r\n        <div class=\"med_worker_popup_wrapper hide\" style=\"background-color: rgba(10,10,10,0.3)\">\r\n            <div class=\"med_worker_popup\" style=\"width:1024px; height:600px;background-color:#ffffff; border-radius: 10px;\">\r\n                <div class=\"med_worker_confirmation\">\r\n                    <span style=\"font-size: 20px\">\r\n                        Sa\u011fl\u0131k profesyoneli misiniz?                    <\/span>\r\n                    <div class=\"med_worker_buttons\">\r\n                        <a href=\"\" class=\"confirm\" style=\"background-color:#0d594e; color: #ffffff;\">Evet<\/a>\r\n                        <a href=\"\" class=\"reject\" style=\"background-color:#bc2b2b; color: #0a0a0a;\">Hay\u0131r<\/a>\r\n                    <\/div>\r\n                <\/div>\r\n                <div class=\"med_worker_decription hide\"><h1>Kondroitin NSP<\/h1>\n<p>Kondroitin NSP s\u00fclfat, ba\u011f, k\u0131k\u0131rdak ve kemik dokusunun temelini olu\u015fturan glukozaminoglikanlar\u0131n (proteoglikanlar) s\u00fclfatlanm\u0131\u015f bir t\u00fcrevidir. K\u0131k\u0131rda\u011f\u0131n yap\u0131sal bir bile\u015fenidir, eklem k\u0131k\u0131rda\u011f\u0131 taraf\u0131ndan \u00fcretilir ve sinovyal s\u0131v\u0131n\u0131n bir par\u00e7as\u0131d\u0131r. Kondroitin s\u00fclfat\u0131n \u00f6nemli bir bile\u015feni glukozamindir ve eksikli\u011fi, sinovyal s\u0131v\u0131n\u0131n bir par\u00e7as\u0131 olarak eklemlerde \u00e7at\u0131rdamaya neden olabilir. Proteoglikanlar aras\u0131nda kondroitinin \u00f6zel bir \u00f6zelli\u011fi, k\u0131k\u0131rdak bile\u015fiminde suyu tutma yetene\u011fidir. S\u00fclfat, kondroitin\u00f6z asit sentezi s\u0131ras\u0131nda s\u00fclf\u00fcr fiksasyonu s\u00fcrecini ba\u015flat\u0131r ve bu da kemiklerde kalsiyum birikimine katk\u0131da bulunur. Hyaluronik asit sentezini uyararak k\u0131k\u0131rdak, tendon, ba\u011f, deri gibi ba\u011f dokusu yap\u0131lar\u0131n\u0131 g\u00fc\u00e7lendirir ve kondrositlerin y\u0131k\u0131m\u0131yla sal\u0131nan lizozomal enzimler (elastaz, peptidaz, katepsin) dahil olmak \u00fczere ba\u011f dokusunu tahrip eden enzimlerin etkisini engeller. Analjezik ve anti-enflamatuar etkilere sahiptir, k\u0131k\u0131rda\u011f\u0131n aktif rejenerasyonunu destekler, dinlenme ve y\u00fcr\u00fcme s\u0131ras\u0131nda eklemlerde ve omurgada a\u011fr\u0131y\u0131 azalt\u0131r. D\u00fczenli kondroitin kullan\u0131m\u0131 steroid olmayan anti-enflamatuar ila\u00e7lara olan ihtiyac\u0131 azalt\u0131r ve bazen tamamen ortadan kald\u0131r\u0131r. Kullan\u0131m endikasyonlar\u0131 \u015funlard\u0131r: eklem ve omurgan\u0131n dejeneratif-distrofik hastal\u0131klar\u0131, primer artrit, intervertebral osteokondroz, osteoartrit, osteoporoz, k\u0131r\u0131klar. Kondroitin s\u00fclfat al\u0131nd\u0131\u011f\u0131nda pankreatik lipaz aktivitesini bloke eder ve ba\u011f\u0131rsakta ya\u011f emilimini yava\u015flat\u0131r. Uzun s\u00fcreli kullan\u0131mda hiperlipidemi ve hiperkolesterolemiyi ve v\u00fccut a\u011f\u0131rl\u0131\u011f\u0131n\u0131 azalt\u0131r.<\/p>\n<p>Kondroitin s\u00fclfat ve di\u011fer kondroprotekt\u00f6rler, hayvansal \u00fcr\u00fcnlerin tendon, deri ve k\u0131k\u0131rdaklar\u0131nda b\u00fcy\u00fck miktarlarda bulunur. Bununla birlikte, g\u0131dalarda esas olarak ba\u011f\u0131rsak enzimleri taraf\u0131ndan sindirilmeyen, ancak ba\u011f\u0131rsak bakterilerinin enzimleri taraf\u0131ndan k\u0131sa zincirli ya\u011f asitleri olu\u015fturmak \u00fczere hidrolize edilen polimerler \u015feklindedirler. Bu nedenle, diyet takviyeleri, esas olarak somon k\u0131k\u0131rda\u011f\u0131ndan elde edilen, gastrointestinal sistemde neredeyse tamamen emilen, yap\u0131lar\u0131n\u0131 koruyan ve k\u0131k\u0131rdak metabolizmas\u0131na dahil edilebilen d\u00fc\u015f\u00fck molek\u00fcler a\u011f\u0131rl\u0131kl\u0131 kondroitin s\u00fclfat fraksiyonlar\u0131 i\u00e7erir. Tedavi ama\u00e7l\u0131 olarak, iki veya \u00fc\u00e7 doz halinde g\u00fcnde 500-1500 mg kondroitin al\u0131nmas\u0131 \u00f6nerilir. Standart g\u00fcnl\u00fck doz 400 mg&#8217;d\u0131r. Kesin dozaj hastan\u0131n a\u011f\u0131rl\u0131\u011f\u0131na ve hastal\u0131\u011f\u0131n ciddiyetine ba\u011fl\u0131d\u0131r. Etki s\u00fcresi genellikle kabul\u00fcn ba\u015flang\u0131c\u0131ndan itibaren 2-8 hafta i\u00e7inde kaydedilir. Kondroitin s\u00fclfat kullan\u0131m\u0131ndan uzun s\u00fcreli ve kal\u0131c\u0131 sonu\u00e7 en az 2-3 ay sonra al\u0131nabilir. Etkiyi artt\u0131rmak i\u00e7in Kondroitin al\u0131m\u0131n\u0131n Glukozamin, Omega-3, Kalsiyum, <a href=\"https:\/\/nspshop.net\/product\/magnesium_complex\/\">Magnezyum Kompleksi<\/a>, Osteo Plus ila\u00e7lar\u0131 ile birle\u015ftirilmesi \u00f6nerilir. Kabul i\u00e7in kontrendikasyonlar p\u0131ht\u0131la\u015fma bozukluklar\u0131, tromboflebit, alerjilerdir.<\/p>\n<p><strong data-sanitized-data-mce-fragment=\"1\">\u00dcr\u00fcn kodu: <\/strong><span data-sanitized-data-mce-fragment=\"1\">1811 <\/span><strong data-sanitized-data-mce-fragment=\"1\">Kategori <\/strong><span data-sanitized-data-mce-fragment=\"1\">G\u0131da Takviyeleri <\/span><\/p>\n<p><span style=\"text-decoration: underline; color: #567450;\"><strong>\u0130\u00e7indekiler<\/strong><\/span><\/p>\n<p style=\"padding-left: 30px;\">Takviye edici g\u0131da Kondroitin;<\/p>\n<p style=\"padding-left: 30px;\">Ek kondroitin s\u00fclfat kayna\u011f\u0131.<\/p>\n<p><strong>\u0130\u00e7erik (1 kaps\u00fcl)<\/strong>: kondroitin s\u00fclfat &#8211; 323 mg (normal t\u00fcketimin %53,8&#8217;i).<\/p>\n<p><strong>Aktif Olmayan \u0130\u00e7erikler: <\/strong>maltodekstrin, magnezyum stearat, silikon dioksit ve jelatin.<\/p>\n<p><span style=\"text-decoration: underline; color: #45643f;\"><strong>Kullan\u0131m<\/strong><\/span><\/p>\n<p style=\"padding-left: 30px;\"><span style=\"color: #000000;\">Yeti\u015fkinler i\u00e7in, g\u00fcnde iki kez yemeklerle birlikte bir kaps\u00fcl. Kullan\u0131m s\u00fcresi bir ayd\u0131r.<\/span><\/p>\n<p>Kontrendikasyonlar: ki\u015fisel intolerans, gebelik, emzirme, kanama e\u011filimi ve tromboflebit.<\/p>\n<\/div>\r\n            <\/div>\r\n        <\/div>\r\n\r\n\n","protected":false},"excerpt":{"rendered":"<ul>\n<li>Kondroitin s\u00fclfat i\u00e7erir.<\/li>\n<li>Takviye edici g\u0131dad\u0131r<\/li>\n<\/ul>\n","protected":false},"featured_media":8021,"template":"","meta":{"_acf_changed":false},"product_cat":[397],"product_tag":[],"class_list":{"0":"post-8020","1":"product","2":"type-product","3":"status-publish","4":"has-post-thumbnail","6":"product_cat-heath","7":"pa_body-systems-kas-iskelet-sistemi-disler","8":"pa_body-systems-skin-hair-nails-tr-2","9":"pa_health-topics-kemikler-ve-eklemler","10":"pa_health-topics-sac-cilt-tirnaklar","11":"pa_product-categories-parafarmasotikler","12":"pa_product-categories-sports-nutrition-tr","14":"first","15":"outofstock","16":"sale","17":"shipping-taxable","18":"purchasable","19":"product-type-simple"},"acf":[],"yoast_head":"<!-- This site is optimized with the Yoast SEO plugin v22.3 - https:\/\/yoast.com\/wordpress\/plugins\/seo\/ -->\n<title>Kondroitin NSP | Dietary Supplements<\/title>\n<meta name=\"description\" content=\"Kondroitin NSP: K\u0131k\u0131rda\u011f\u0131 tahrip eden proteolitik enzimlerin etkisini engeller. Analjezik ve anti-enflamatuar etkilere sahiptir, eklemlerdeki a\u011fr\u0131y\u0131 azalt\u0131r ve ...\" \/>\n<meta name=\"robots\" content=\"index, follow, max-snippet:-1, max-image-preview:large, max-video-preview:-1\" \/>\n<link rel=\"canonical\" href=\"https:\/\/nspshop.net\/tr\/urun\/kondroitin-nsp\/\" \/>\n<meta property=\"og:locale\" content=\"tr_TR\" \/>\n<meta property=\"og:type\" content=\"article\" \/>\n<meta property=\"og:title\" content=\"Kondroitin NSP | Dietary Supplements\" \/>\n<meta property=\"og:description\" content=\"Kondroitin NSP: K\u0131k\u0131rda\u011f\u0131 tahrip eden proteolitik enzimlerin etkisini engeller. Analjezik ve anti-enflamatuar etkilere sahiptir, eklemlerdeki a\u011fr\u0131y\u0131 azalt\u0131r ve ...\" \/>\n<meta property=\"og:url\" content=\"https:\/\/nspshop.net\/tr\/urun\/kondroitin-nsp\/\" \/>\n<meta property=\"og:site_name\" content=\"Dietary Supplements\" \/>\n<meta property=\"article:modified_time\" content=\"2024-03-31T08:28:25+00:00\" \/>\n<meta property=\"og:image\" content=\"https:\/\/nspshop.net\/wp-content\/uploads\/2023\/06\/Chondroitin.webp\" \/>\n\t<meta property=\"og:image:width\" content=\"1080\" \/>\n\t<meta property=\"og:image:height\" content=\"1080\" \/>\n\t<meta property=\"og:image:type\" content=\"image\/webp\" \/>\n<meta name=\"twitter:card\" content=\"summary_large_image\" \/>\n<meta name=\"twitter:label1\" content=\"Tahmini okuma s\u00fcresi\" \/>\n\t<meta name=\"twitter:data1\" content=\"1 dakika\" \/>\n<script type=\"application\/ld+json\" class=\"yoast-schema-graph\">{\"@context\":\"https:\/\/schema.org\",\"@graph\":[{\"@type\":\"WebPage\",\"@id\":\"https:\/\/nspshop.net\/tr\/urun\/kondroitin-nsp\/\",\"url\":\"https:\/\/nspshop.net\/tr\/urun\/kondroitin-nsp\/\",\"name\":\"Kondroitin NSP | Dietary Supplements\",\"isPartOf\":{\"@id\":\"https:\/\/nspshop.net\/#website\"},\"primaryImageOfPage\":{\"@id\":\"https:\/\/nspshop.net\/tr\/urun\/kondroitin-nsp\/#primaryimage\"},\"image\":{\"@id\":\"https:\/\/nspshop.net\/tr\/urun\/kondroitin-nsp\/#primaryimage\"},\"thumbnailUrl\":\"https:\/\/nspshop.net\/wp-content\/uploads\/2023\/06\/Chondroitin.webp\",\"datePublished\":\"2023-06-04T07:07:42+00:00\",\"dateModified\":\"2024-03-31T08:28:25+00:00\",\"description\":\"Kondroitin NSP: K\u0131k\u0131rda\u011f\u0131 tahrip eden proteolitik enzimlerin etkisini engeller. Analjezik ve anti-enflamatuar etkilere sahiptir, eklemlerdeki a\u011fr\u0131y\u0131 azalt\u0131r ve ...\",\"breadcrumb\":{\"@id\":\"https:\/\/nspshop.net\/tr\/urun\/kondroitin-nsp\/#breadcrumb\"},\"inLanguage\":\"tr\",\"potentialAction\":[{\"@type\":\"ReadAction\",\"target\":[\"https:\/\/nspshop.net\/tr\/urun\/kondroitin-nsp\/\"]}]},{\"@type\":\"ImageObject\",\"inLanguage\":\"tr\",\"@id\":\"https:\/\/nspshop.net\/tr\/urun\/kondroitin-nsp\/#primaryimage\",\"url\":\"https:\/\/nspshop.net\/wp-content\/uploads\/2023\/06\/Chondroitin.webp\",\"contentUrl\":\"https:\/\/nspshop.net\/wp-content\/uploads\/2023\/06\/Chondroitin.webp\",\"width\":1080,\"height\":1080,\"caption\":\"Chondroitin\"},{\"@type\":\"BreadcrumbList\",\"@id\":\"https:\/\/nspshop.net\/tr\/urun\/kondroitin-nsp\/#breadcrumb\",\"itemListElement\":[{\"@type\":\"ListItem\",\"position\":1,\"name\":\"\u0413\u043b\u0430\u0432\u043d\u0430\u044f \u0441\u0442\u0440\u0430\u043d\u0438\u0446\u0430\",\"item\":\"https:\/\/nspshop.net\/\"},{\"@type\":\"ListItem\",\"position\":2,\"name\":\"D\u00fckk\u00e2n\",\"item\":\"https:\/\/nspshop.net\/tr\/shop\/\"},{\"@type\":\"ListItem\",\"position\":3,\"name\":\"Kondroitin NSP\"}]},{\"@type\":\"WebSite\",\"@id\":\"https:\/\/nspshop.net\/#website\",\"url\":\"https:\/\/nspshop.net\/\",\"name\":\"Dietary Supplements\",\"description\":\"BuyNSP\",\"publisher\":{\"@id\":\"https:\/\/nspshop.net\/#organization\"},\"potentialAction\":[{\"@type\":\"SearchAction\",\"target\":{\"@type\":\"EntryPoint\",\"urlTemplate\":\"https:\/\/nspshop.net\/?s={search_term_string}\"},\"query-input\":\"required name=search_term_string\"}],\"inLanguage\":\"tr\"},{\"@type\":\"Organization\",\"@id\":\"https:\/\/nspshop.net\/#organization\",\"name\":\"Dietary Supplements\",\"alternateName\":\"BuyNSP\",\"url\":\"https:\/\/nspshop.net\/\",\"logo\":{\"@type\":\"ImageObject\",\"inLanguage\":\"tr\",\"@id\":\"https:\/\/nspshop.net\/#\/schema\/logo\/image\/\",\"url\":\"https:\/\/nspshop.net\/wp-content\/uploads\/2023\/06\/cropped-Logo-NSP.png\",\"contentUrl\":\"https:\/\/nspshop.net\/wp-content\/uploads\/2023\/06\/cropped-Logo-NSP.png\",\"width\":512,\"height\":512,\"caption\":\"Dietary Supplements\"},\"image\":{\"@id\":\"https:\/\/nspshop.net\/#\/schema\/logo\/image\/\"}}]}<\/script>\n<!-- \/ Yoast SEO plugin. -->","yoast_head_json":{"title":"Kondroitin NSP | Dietary Supplements","description":"Kondroitin NSP: K\u0131k\u0131rda\u011f\u0131 tahrip eden proteolitik enzimlerin etkisini engeller. Analjezik ve anti-enflamatuar etkilere sahiptir, eklemlerdeki a\u011fr\u0131y\u0131 azalt\u0131r ve ...","robots":{"index":"index","follow":"follow","max-snippet":"max-snippet:-1","max-image-preview":"max-image-preview:large","max-video-preview":"max-video-preview:-1"},"canonical":"https:\/\/nspshop.net\/tr\/urun\/kondroitin-nsp\/","og_locale":"tr_TR","og_type":"article","og_title":"Kondroitin NSP | Dietary Supplements","og_description":"Kondroitin NSP: K\u0131k\u0131rda\u011f\u0131 tahrip eden proteolitik enzimlerin etkisini engeller. Analjezik ve anti-enflamatuar etkilere sahiptir, eklemlerdeki a\u011fr\u0131y\u0131 azalt\u0131r ve ...","og_url":"https:\/\/nspshop.net\/tr\/urun\/kondroitin-nsp\/","og_site_name":"Dietary Supplements","article_modified_time":"2024-03-31T08:28:25+00:00","og_image":[{"width":1080,"height":1080,"url":"https:\/\/nspshop.net\/wp-content\/uploads\/2023\/06\/Chondroitin.webp","type":"image\/webp"}],"twitter_card":"summary_large_image","twitter_misc":{"Tahmini okuma s\u00fcresi":"1 dakika"},"schema":{"@context":"https:\/\/schema.org","@graph":[{"@type":"WebPage","@id":"https:\/\/nspshop.net\/tr\/urun\/kondroitin-nsp\/","url":"https:\/\/nspshop.net\/tr\/urun\/kondroitin-nsp\/","name":"Kondroitin NSP | Dietary Supplements","isPartOf":{"@id":"https:\/\/nspshop.net\/#website"},"primaryImageOfPage":{"@id":"https:\/\/nspshop.net\/tr\/urun\/kondroitin-nsp\/#primaryimage"},"image":{"@id":"https:\/\/nspshop.net\/tr\/urun\/kondroitin-nsp\/#primaryimage"},"thumbnailUrl":"https:\/\/nspshop.net\/wp-content\/uploads\/2023\/06\/Chondroitin.webp","datePublished":"2023-06-04T07:07:42+00:00","dateModified":"2024-03-31T08:28:25+00:00","description":"Kondroitin NSP: K\u0131k\u0131rda\u011f\u0131 tahrip eden proteolitik enzimlerin etkisini engeller. Analjezik ve anti-enflamatuar etkilere sahiptir, eklemlerdeki a\u011fr\u0131y\u0131 azalt\u0131r ve ...","breadcrumb":{"@id":"https:\/\/nspshop.net\/tr\/urun\/kondroitin-nsp\/#breadcrumb"},"inLanguage":"tr","potentialAction":[{"@type":"ReadAction","target":["https:\/\/nspshop.net\/tr\/urun\/kondroitin-nsp\/"]}]},{"@type":"ImageObject","inLanguage":"tr","@id":"https:\/\/nspshop.net\/tr\/urun\/kondroitin-nsp\/#primaryimage","url":"https:\/\/nspshop.net\/wp-content\/uploads\/2023\/06\/Chondroitin.webp","contentUrl":"https:\/\/nspshop.net\/wp-content\/uploads\/2023\/06\/Chondroitin.webp","width":1080,"height":1080,"caption":"Chondroitin"},{"@type":"BreadcrumbList","@id":"https:\/\/nspshop.net\/tr\/urun\/kondroitin-nsp\/#breadcrumb","itemListElement":[{"@type":"ListItem","position":1,"name":"\u0413\u043b\u0430\u0432\u043d\u0430\u044f \u0441\u0442\u0440\u0430\u043d\u0438\u0446\u0430","item":"https:\/\/nspshop.net\/"},{"@type":"ListItem","position":2,"name":"D\u00fckk\u00e2n","item":"https:\/\/nspshop.net\/tr\/shop\/"},{"@type":"ListItem","position":3,"name":"Kondroitin NSP"}]},{"@type":"WebSite","@id":"https:\/\/nspshop.net\/#website","url":"https:\/\/nspshop.net\/","name":"Dietary Supplements","description":"BuyNSP","publisher":{"@id":"https:\/\/nspshop.net\/#organization"},"potentialAction":[{"@type":"SearchAction","target":{"@type":"EntryPoint","urlTemplate":"https:\/\/nspshop.net\/?s={search_term_string}"},"query-input":"required name=search_term_string"}],"inLanguage":"tr"},{"@type":"Organization","@id":"https:\/\/nspshop.net\/#organization","name":"Dietary Supplements","alternateName":"BuyNSP","url":"https:\/\/nspshop.net\/","logo":{"@type":"ImageObject","inLanguage":"tr","@id":"https:\/\/nspshop.net\/#\/schema\/logo\/image\/","url":"https:\/\/nspshop.net\/wp-content\/uploads\/2023\/06\/cropped-Logo-NSP.png","contentUrl":"https:\/\/nspshop.net\/wp-content\/uploads\/2023\/06\/cropped-Logo-NSP.png","width":512,"height":512,"caption":"Dietary Supplements"},"image":{"@id":"https:\/\/nspshop.net\/#\/schema\/logo\/image\/"}}]}},"_links":{"self":[{"href":"https:\/\/nspshop.net\/tr\/wp-json\/wp\/v2\/product\/8020","targetHints":{"allow":["GET"]}}],"collection":[{"href":"https:\/\/nspshop.net\/tr\/wp-json\/wp\/v2\/product"}],"about":[{"href":"https:\/\/nspshop.net\/tr\/wp-json\/wp\/v2\/types\/product"}],"wp:featuredmedia":[{"embeddable":true,"href":"https:\/\/nspshop.net\/tr\/wp-json\/wp\/v2\/media\/8021"}],"wp:attachment":[{"href":"https:\/\/nspshop.net\/tr\/wp-json\/wp\/v2\/media?parent=8020"}],"wp:term":[{"taxonomy":"product_cat","embeddable":true,"href":"https:\/\/nspshop.net\/tr\/wp-json\/wp\/v2\/product_cat?post=8020"},{"taxonomy":"product_tag","embeddable":true,"href":"https:\/\/nspshop.net\/tr\/wp-json\/wp\/v2\/product_tag?post=8020"}],"curies":[{"name":"wp","href":"https:\/\/api.w.org\/{rel}","templated":true}]}}