{"id":8022,"date":"2023-06-04T09:34:20","date_gmt":"2023-06-04T06:34:20","guid":{"rendered":"https:\/\/nspshop.net\/product\/bifidophilus-flora-force-nsp\/"},"modified":"2024-03-31T11:29:15","modified_gmt":"2024-03-31T08:29:15","slug":"bifidophilus-flora-force-nsp","status":"publish","type":"product","link":"https:\/\/nspshop.net\/tr\/urun\/bifidophilus-flora-force-nsp\/","title":{"rendered":"Probiyotik mikroorganizma NSP"},"content":{"rendered":"\r\n        <div class=\"med_worker_introduce_text \">\r\n\r\n            Bu b\u00f6l\u00fcm sadece <span class=\"med_anchor_link\"> <b>Sa\u011fl\u0131k profesyonelleri<\/b> i\u00e7indir<\/span>\r\n\r\n        <\/div>\r\n\r\n        <div class=\"med_worker_popup_wrapper hide\" style=\"background-color: rgba(10,10,10,0.3)\">\r\n            <div class=\"med_worker_popup\" style=\"width:1024px; height:600px;background-color:#ffffff; border-radius: 10px;\">\r\n                <div class=\"med_worker_confirmation\">\r\n                    <span style=\"font-size: 20px\">\r\n                        Sa\u011fl\u0131k profesyoneli misiniz?                    <\/span>\r\n                    <div class=\"med_worker_buttons\">\r\n                        <a href=\"\" class=\"confirm\" style=\"background-color:#0d594e; color: #ffffff;\">Evet<\/a>\r\n                        <a href=\"\" class=\"reject\" style=\"background-color:#bc2b2b; color: #0a0a0a;\">Hay\u0131r<\/a>\r\n                    <\/div>\r\n                <\/div>\r\n                <div class=\"med_worker_decription hide\"><h1 class=\"product_title entry-title\">Probiyotik mikroorganizma NSP<\/h1>\n<p>NSP \u015firketi, normal ba\u011f\u0131rsak mikrofloras\u0131n\u0131 nazik ve do\u011fal bir \u015fekilde geri kazand\u0131ran Bifidophilus Flora Force&#8217;u geli\u015ftirmi\u015ftir. Bu \u00fcr\u00fcn Bifidobacterium longum ve Lactobacillus acidophilus i\u00e7erir. Bu mikroorganizmalar sindirim sistemine girdikten sonra kolayca \u00e7o\u011fal\u0131r ve dizanteri ve salmonelloz patojenleri de dahil olmak \u00fczere patojenik (k\u00f6t\u00fc) mikrofloray\u0131 ac\u0131mas\u0131zca par\u00e7alarlar. Ba\u011f\u0131rsakta kanserojen bile\u015fiklerin olu\u015fumuna kar\u015f\u0131 diren\u00e7 g\u00f6sterir.<\/p>\n<p>Ki\u015fi sa\u011fl\u0131kl\u0131 bir ya\u015fam s\u00fcrer ve d\u00fczg\u00fcn beslenirse ba\u011f\u0131rsak floras\u0131 d\u00fczg\u00fcn \u00e7al\u0131\u015f\u0131r ve kendini hissettirmez. Ancak floradaki bile\u015fenlerden biri de\u011fi\u015firse sorunlar ba\u015flayabilir. Maya benzeri bir mantar olan enterokok, klostridya ve stafilokok gibi yabanc\u0131 mikroorganizmalar sa\u011fl\u0131kl\u0131 bir v\u00fccutta k\u00fc\u00e7\u00fck miktarlarda bulunabilir. \u00dcremeleri normal ba\u011f\u0131rsak mikrofloras\u0131 taraf\u0131ndan engellenir. Niteliksel bile\u015fimindeki bir de\u011fi\u015fiklik, ba\u011f\u0131rsaktaki mikrobiyolojik dengenin ihlaline ve Disbiyoz hastal\u0131\u011f\u0131na yol a\u00e7ar. Antibiyotiklerin, s\u00fclfonamidlerin ve di\u011fer baz\u0131 ila\u00e7lar\u0131n a\u015f\u0131r\u0131 t\u00fcketimi, disbiyoz geli\u015fiminin ana nedenlerinden biridir. Stres de bir ba\u015fka ciddi nedendir. Risk grubu, s\u00fcrekli stres halinde olan ve ekolojik a\u00e7\u0131dan elveri\u015fsiz b\u00f6lgelerde ya\u015fayan ki\u015filerden olu\u015fmaktad\u0131r.<\/p>\n<p>Zay\u0131flayan ba\u011f\u0131\u015f\u0131kl\u0131k, sindirim sisteminin iltihapl\u0131 hastal\u0131klar\u0131nda, g\u0131da alerjilerinde ve yetersiz beslenmede disbiyoz geli\u015fimine yol a\u00e7ar. Disbiyozun klinik belirtileri \u015fi\u015fkinlik, kar\u0131n a\u011fr\u0131s\u0131, ishal, dengesiz d\u0131\u015fk\u0131 veya kab\u0131zl\u0131kt\u0131r.<\/p>\n<p>Bilim insanlar\u0131, mide ve duodenum \u00fclserlerini tetikleyen ana fakt\u00f6rlerden birinin Helicobacter pylori bakterisi oldu\u011funu kan\u0131tlam\u0131\u015ft\u0131r. Bifidobacterium longum ve Lactobacillus acidophilus yeniden ortaya \u00e7\u0131kar ve bu da Helicobacter&#8217;in b\u00fcy\u00fcmesini engeller.<\/p>\n<p>Bifidophilus Flora Fors kimler kullanmal\u0131d\u0131r? Herkese tavsiye ediyoruz. Bu \u00fcr\u00fcn hamile ve emziren anneler, ya\u015fl\u0131lar, gastrointestinal rahats\u0131zl\u0131klar\u0131 olanlar, ameliyat ge\u00e7irmi\u015f olanlar ve halihaz\u0131rda antibiyotik kullanan ki\u015filer i\u00e7in (antibiyotik uygulamas\u0131 s\u0131ras\u0131nda ve antibiyotik uygulamas\u0131ndan iki hafta sonra) gereklidir.<\/p>\n<p><strong>\u00dcr\u00fcn kodu<\/strong>: <span data-sanitized-data-mce-fragment=\"1\">4100 <\/span><strong> Kategori <\/strong>: G\u0131da Takviyeleri <strong>Se\u00e7ilen \u00fcr\u00fcnler: <\/strong>\u015eimdi stokta<\/p>\n<p><span style=\"text-decoration: underline; color: #4d7250;\"><strong>\u0130\u00e7indekiler<\/strong><\/span><\/p>\n<p style=\"padding-left: 30px;\">Bifidophilus NSP probiyotik mikroorganizma i\u00e7eren takviye edici g\u0131da; ek bir probiyotik mikroorganizma (bifidobakteri, ve laktobakteri) kayna\u011f\u0131d\u0131r.<\/p>\n<p><strong>\u0130\u00e7erik <\/strong>(1 kaps\u00fcl):<\/p>\n<p style=\"padding-left: 30px;\">Lactobacilli (Lactobacillus acidophilus) &#8211; 25 x 108 KOE *;<\/p>\n<p style=\"padding-left: 30px;\">bifidobakteri (Bifidobacterium longum) &#8211; 10 x 108 KOE*;<\/p>\n<p style=\"padding-left: 30px;\">fruktooligosakkaritler, havu\u00e7 tozu, maltodekstrin, aspir ya\u011f\u0131 &#8211; 470 mg.<\/p>\n<p>*\u00dcretim s\u0131ras\u0131ndaki veriler<\/p>\n<p><strong>Aktif Olmayan \u0130\u00e7erikler:<\/strong> jelatin, sel\u00fcloz ve magnezyum stearat.<\/p>\n<p><span style=\"text-decoration: underline; color: #436446;\"><strong>Kullan\u0131m<\/strong><\/span><\/p>\n<p style=\"padding-left: 30px;\">Yeti\u015fkinler ve 14 ya\u015f \u00fcst\u00fc \u00e7ocuklar i\u00e7in, yemeklerle birlikte g\u00fcnde bir kaps\u00fcl. S\u00fcre: bir ila iki ay. Gerekirse tekrar kullanabilirsiniz.<\/p>\n<p><strong>Kontrendikasyonlar:<\/strong> ki\u015fisel intolerans.<\/p>\n<p>Saklama ko\u015fullar\u0131: Kapa\u011f\u0131 kapal\u0131 olarak buzdolab\u0131nda saklay\u0131n\u0131z (+4\u00b0C&#8217;yi ge\u00e7meyen s\u0131cakl\u0131kta).<\/p>\n<\/div>\r\n            <\/div>\r\n        <\/div>\r\n\r\n\n","protected":false},"excerpt":{"rendered":"<div class=\"woocommerce-product-details__short-description\">\n<ul>\n<li>Bu \u00fcr\u00fcn probiyotik mikroorganizma i\u00e7erir. Probiyotik mikroorganizmalar sindirim sistemini d\u00fczenlemeye ve ba\u011f\u0131\u015f\u0131kl\u0131k sistemini desteklemeye yard\u0131mc\u0131 olur.<\/li>\n<li>Bu \u00fcr\u00fcn prebiyotik bile\u015fen i\u00e7erir. Prebiyotik bile\u015fenler, sindirim sistemini d\u00fczenlemeye ve ba\u011f\u0131\u015f\u0131kl\u0131k sistemini desteklemeye yard\u0131mc\u0131 olan probiyotik mikroorganizmalar\u0131n ba\u011f\u0131rsakta geli\u015fimini ve ya\u015fam\u0131n\u0131 destekler.<\/li>\n<\/ul>\n<\/div>\n","protected":false},"featured_media":7975,"template":"","meta":{"_acf_changed":false},"product_cat":[397],"product_tag":[],"class_list":{"0":"post-8022","1":"product","2":"type-product","3":"status-publish","4":"has-post-thumbnail","6":"product_cat-heath","7":"pa_body-systems-bagisiklik-ve-lenfatik","8":"pa_body-systems-idrar","9":"pa_body-systems-kadin-ureme","10":"pa_body-systems-sindirim-sistemi","11":"pa_health-topics-bagisiklik","12":"pa_health-topics-detoks-ve-arinma","13":"pa_health-topics-hamile-emziren","14":"pa_health-topics-sac-cilt-tirnaklar","15":"pa_health-topics-sindirim","16":"pa_product-categories-prebiotics-tr-2","17":"pa_product-categories-probiotics-tr","19":"first","20":"outofstock","21":"sale","22":"shipping-taxable","23":"purchasable","24":"product-type-simple"},"acf":[],"yoast_head":"<!-- This site is optimized with the Yoast SEO plugin v22.3 - https:\/\/yoast.com\/wordpress\/plugins\/seo\/ -->\n<title>Probiyotik mikroorganizma NSP | Dietary Supplements<\/title>\n<meta name=\"description\" content=\"Bifidophilus Flora Force NSP: V\u00fccudun bakteri ve vir\u00fcslere kar\u015f\u0131 do\u011fal savunmas\u0131n\u0131 destekler. Gastrointestinal sistemin \u00e7al\u0131\u015fmas\u0131n\u0131 d\u00fczenler.\" \/>\n<meta name=\"robots\" content=\"index, follow, max-snippet:-1, max-image-preview:large, max-video-preview:-1\" \/>\n<link rel=\"canonical\" href=\"https:\/\/nspshop.net\/tr\/urun\/bifidophilus-flora-force-nsp\/\" \/>\n<meta property=\"og:locale\" content=\"tr_TR\" \/>\n<meta property=\"og:type\" content=\"article\" \/>\n<meta property=\"og:title\" content=\"Probiyotik mikroorganizma NSP | Dietary Supplements\" \/>\n<meta property=\"og:description\" content=\"Bifidophilus Flora Force NSP: V\u00fccudun bakteri ve vir\u00fcslere kar\u015f\u0131 do\u011fal savunmas\u0131n\u0131 destekler. Gastrointestinal sistemin \u00e7al\u0131\u015fmas\u0131n\u0131 d\u00fczenler.\" \/>\n<meta property=\"og:url\" content=\"https:\/\/nspshop.net\/tr\/urun\/bifidophilus-flora-force-nsp\/\" \/>\n<meta property=\"og:site_name\" content=\"Dietary Supplements\" \/>\n<meta property=\"article:modified_time\" content=\"2024-03-31T08:29:15+00:00\" \/>\n<meta property=\"og:image\" content=\"https:\/\/nspshop.net\/wp-content\/uploads\/2023\/06\/Bifidophilus_Flora_Force.webp\" \/>\n\t<meta property=\"og:image:width\" content=\"1350\" \/>\n\t<meta property=\"og:image:height\" content=\"1350\" \/>\n\t<meta property=\"og:image:type\" content=\"image\/webp\" \/>\n<meta name=\"twitter:card\" content=\"summary_large_image\" \/>\n<meta name=\"twitter:label1\" content=\"Tahmini okuma s\u00fcresi\" \/>\n\t<meta name=\"twitter:data1\" content=\"1 dakika\" \/>\n<script type=\"application\/ld+json\" class=\"yoast-schema-graph\">{\"@context\":\"https:\/\/schema.org\",\"@graph\":[{\"@type\":\"WebPage\",\"@id\":\"https:\/\/nspshop.net\/tr\/urun\/bifidophilus-flora-force-nsp\/\",\"url\":\"https:\/\/nspshop.net\/tr\/urun\/bifidophilus-flora-force-nsp\/\",\"name\":\"Probiyotik mikroorganizma NSP | Dietary Supplements\",\"isPartOf\":{\"@id\":\"https:\/\/nspshop.net\/#website\"},\"primaryImageOfPage\":{\"@id\":\"https:\/\/nspshop.net\/tr\/urun\/bifidophilus-flora-force-nsp\/#primaryimage\"},\"image\":{\"@id\":\"https:\/\/nspshop.net\/tr\/urun\/bifidophilus-flora-force-nsp\/#primaryimage\"},\"thumbnailUrl\":\"https:\/\/nspshop.net\/wp-content\/uploads\/2023\/06\/Bifidophilus_Flora_Force.webp\",\"datePublished\":\"2023-06-04T06:34:20+00:00\",\"dateModified\":\"2024-03-31T08:29:15+00:00\",\"description\":\"Bifidophilus Flora Force NSP: V\u00fccudun bakteri ve vir\u00fcslere kar\u015f\u0131 do\u011fal savunmas\u0131n\u0131 destekler. Gastrointestinal sistemin \u00e7al\u0131\u015fmas\u0131n\u0131 d\u00fczenler.\",\"breadcrumb\":{\"@id\":\"https:\/\/nspshop.net\/tr\/urun\/bifidophilus-flora-force-nsp\/#breadcrumb\"},\"inLanguage\":\"tr\",\"potentialAction\":[{\"@type\":\"ReadAction\",\"target\":[\"https:\/\/nspshop.net\/tr\/urun\/bifidophilus-flora-force-nsp\/\"]}]},{\"@type\":\"ImageObject\",\"inLanguage\":\"tr\",\"@id\":\"https:\/\/nspshop.net\/tr\/urun\/bifidophilus-flora-force-nsp\/#primaryimage\",\"url\":\"https:\/\/nspshop.net\/wp-content\/uploads\/2023\/06\/Bifidophilus_Flora_Force.webp\",\"contentUrl\":\"https:\/\/nspshop.net\/wp-content\/uploads\/2023\/06\/Bifidophilus_Flora_Force.webp\",\"width\":1350,\"height\":1350,\"caption\":\"Bifidophilus Flora Force NSP\"},{\"@type\":\"BreadcrumbList\",\"@id\":\"https:\/\/nspshop.net\/tr\/urun\/bifidophilus-flora-force-nsp\/#breadcrumb\",\"itemListElement\":[{\"@type\":\"ListItem\",\"position\":1,\"name\":\"\u0413\u043b\u0430\u0432\u043d\u0430\u044f \u0441\u0442\u0440\u0430\u043d\u0438\u0446\u0430\",\"item\":\"https:\/\/nspshop.net\/\"},{\"@type\":\"ListItem\",\"position\":2,\"name\":\"D\u00fckk\u00e2n\",\"item\":\"https:\/\/nspshop.net\/tr\/shop\/\"},{\"@type\":\"ListItem\",\"position\":3,\"name\":\"Probiyotik mikroorganizma NSP\"}]},{\"@type\":\"WebSite\",\"@id\":\"https:\/\/nspshop.net\/#website\",\"url\":\"https:\/\/nspshop.net\/\",\"name\":\"Dietary Supplements\",\"description\":\"BuyNSP\",\"publisher\":{\"@id\":\"https:\/\/nspshop.net\/#organization\"},\"potentialAction\":[{\"@type\":\"SearchAction\",\"target\":{\"@type\":\"EntryPoint\",\"urlTemplate\":\"https:\/\/nspshop.net\/?s={search_term_string}\"},\"query-input\":\"required name=search_term_string\"}],\"inLanguage\":\"tr\"},{\"@type\":\"Organization\",\"@id\":\"https:\/\/nspshop.net\/#organization\",\"name\":\"Dietary Supplements\",\"alternateName\":\"BuyNSP\",\"url\":\"https:\/\/nspshop.net\/\",\"logo\":{\"@type\":\"ImageObject\",\"inLanguage\":\"tr\",\"@id\":\"https:\/\/nspshop.net\/#\/schema\/logo\/image\/\",\"url\":\"https:\/\/nspshop.net\/wp-content\/uploads\/2023\/06\/cropped-Logo-NSP.png\",\"contentUrl\":\"https:\/\/nspshop.net\/wp-content\/uploads\/2023\/06\/cropped-Logo-NSP.png\",\"width\":512,\"height\":512,\"caption\":\"Dietary Supplements\"},\"image\":{\"@id\":\"https:\/\/nspshop.net\/#\/schema\/logo\/image\/\"}}]}<\/script>\n<!-- \/ Yoast SEO plugin. -->","yoast_head_json":{"title":"Probiyotik mikroorganizma NSP | Dietary Supplements","description":"Bifidophilus Flora Force NSP: V\u00fccudun bakteri ve vir\u00fcslere kar\u015f\u0131 do\u011fal savunmas\u0131n\u0131 destekler. Gastrointestinal sistemin \u00e7al\u0131\u015fmas\u0131n\u0131 d\u00fczenler.","robots":{"index":"index","follow":"follow","max-snippet":"max-snippet:-1","max-image-preview":"max-image-preview:large","max-video-preview":"max-video-preview:-1"},"canonical":"https:\/\/nspshop.net\/tr\/urun\/bifidophilus-flora-force-nsp\/","og_locale":"tr_TR","og_type":"article","og_title":"Probiyotik mikroorganizma NSP | Dietary Supplements","og_description":"Bifidophilus Flora Force NSP: V\u00fccudun bakteri ve vir\u00fcslere kar\u015f\u0131 do\u011fal savunmas\u0131n\u0131 destekler. Gastrointestinal sistemin \u00e7al\u0131\u015fmas\u0131n\u0131 d\u00fczenler.","og_url":"https:\/\/nspshop.net\/tr\/urun\/bifidophilus-flora-force-nsp\/","og_site_name":"Dietary Supplements","article_modified_time":"2024-03-31T08:29:15+00:00","og_image":[{"width":1350,"height":1350,"url":"https:\/\/nspshop.net\/wp-content\/uploads\/2023\/06\/Bifidophilus_Flora_Force.webp","type":"image\/webp"}],"twitter_card":"summary_large_image","twitter_misc":{"Tahmini okuma s\u00fcresi":"1 dakika"},"schema":{"@context":"https:\/\/schema.org","@graph":[{"@type":"WebPage","@id":"https:\/\/nspshop.net\/tr\/urun\/bifidophilus-flora-force-nsp\/","url":"https:\/\/nspshop.net\/tr\/urun\/bifidophilus-flora-force-nsp\/","name":"Probiyotik mikroorganizma NSP | Dietary Supplements","isPartOf":{"@id":"https:\/\/nspshop.net\/#website"},"primaryImageOfPage":{"@id":"https:\/\/nspshop.net\/tr\/urun\/bifidophilus-flora-force-nsp\/#primaryimage"},"image":{"@id":"https:\/\/nspshop.net\/tr\/urun\/bifidophilus-flora-force-nsp\/#primaryimage"},"thumbnailUrl":"https:\/\/nspshop.net\/wp-content\/uploads\/2023\/06\/Bifidophilus_Flora_Force.webp","datePublished":"2023-06-04T06:34:20+00:00","dateModified":"2024-03-31T08:29:15+00:00","description":"Bifidophilus Flora Force NSP: V\u00fccudun bakteri ve vir\u00fcslere kar\u015f\u0131 do\u011fal savunmas\u0131n\u0131 destekler. Gastrointestinal sistemin \u00e7al\u0131\u015fmas\u0131n\u0131 d\u00fczenler.","breadcrumb":{"@id":"https:\/\/nspshop.net\/tr\/urun\/bifidophilus-flora-force-nsp\/#breadcrumb"},"inLanguage":"tr","potentialAction":[{"@type":"ReadAction","target":["https:\/\/nspshop.net\/tr\/urun\/bifidophilus-flora-force-nsp\/"]}]},{"@type":"ImageObject","inLanguage":"tr","@id":"https:\/\/nspshop.net\/tr\/urun\/bifidophilus-flora-force-nsp\/#primaryimage","url":"https:\/\/nspshop.net\/wp-content\/uploads\/2023\/06\/Bifidophilus_Flora_Force.webp","contentUrl":"https:\/\/nspshop.net\/wp-content\/uploads\/2023\/06\/Bifidophilus_Flora_Force.webp","width":1350,"height":1350,"caption":"Bifidophilus Flora Force NSP"},{"@type":"BreadcrumbList","@id":"https:\/\/nspshop.net\/tr\/urun\/bifidophilus-flora-force-nsp\/#breadcrumb","itemListElement":[{"@type":"ListItem","position":1,"name":"\u0413\u043b\u0430\u0432\u043d\u0430\u044f \u0441\u0442\u0440\u0430\u043d\u0438\u0446\u0430","item":"https:\/\/nspshop.net\/"},{"@type":"ListItem","position":2,"name":"D\u00fckk\u00e2n","item":"https:\/\/nspshop.net\/tr\/shop\/"},{"@type":"ListItem","position":3,"name":"Probiyotik mikroorganizma NSP"}]},{"@type":"WebSite","@id":"https:\/\/nspshop.net\/#website","url":"https:\/\/nspshop.net\/","name":"Dietary Supplements","description":"BuyNSP","publisher":{"@id":"https:\/\/nspshop.net\/#organization"},"potentialAction":[{"@type":"SearchAction","target":{"@type":"EntryPoint","urlTemplate":"https:\/\/nspshop.net\/?s={search_term_string}"},"query-input":"required name=search_term_string"}],"inLanguage":"tr"},{"@type":"Organization","@id":"https:\/\/nspshop.net\/#organization","name":"Dietary Supplements","alternateName":"BuyNSP","url":"https:\/\/nspshop.net\/","logo":{"@type":"ImageObject","inLanguage":"tr","@id":"https:\/\/nspshop.net\/#\/schema\/logo\/image\/","url":"https:\/\/nspshop.net\/wp-content\/uploads\/2023\/06\/cropped-Logo-NSP.png","contentUrl":"https:\/\/nspshop.net\/wp-content\/uploads\/2023\/06\/cropped-Logo-NSP.png","width":512,"height":512,"caption":"Dietary Supplements"},"image":{"@id":"https:\/\/nspshop.net\/#\/schema\/logo\/image\/"}}]}},"_links":{"self":[{"href":"https:\/\/nspshop.net\/tr\/wp-json\/wp\/v2\/product\/8022","targetHints":{"allow":["GET"]}}],"collection":[{"href":"https:\/\/nspshop.net\/tr\/wp-json\/wp\/v2\/product"}],"about":[{"href":"https:\/\/nspshop.net\/tr\/wp-json\/wp\/v2\/types\/product"}],"wp:featuredmedia":[{"embeddable":true,"href":"https:\/\/nspshop.net\/tr\/wp-json\/wp\/v2\/media\/7975"}],"wp:attachment":[{"href":"https:\/\/nspshop.net\/tr\/wp-json\/wp\/v2\/media?parent=8022"}],"wp:term":[{"taxonomy":"product_cat","embeddable":true,"href":"https:\/\/nspshop.net\/tr\/wp-json\/wp\/v2\/product_cat?post=8022"},{"taxonomy":"product_tag","embeddable":true,"href":"https:\/\/nspshop.net\/tr\/wp-json\/wp\/v2\/product_tag?post=8022"}],"curies":[{"name":"wp","href":"https:\/\/api.w.org\/{rel}","templated":true}]}}