{"id":8023,"date":"2023-06-04T09:23:50","date_gmt":"2023-06-04T06:23:50","guid":{"rendered":"https:\/\/nspshop.net\/product\/hp-sarimsak-nsp\/"},"modified":"2024-03-31T11:30:06","modified_gmt":"2024-03-31T08:30:06","slug":"hp-sarimsak-nsp","status":"publish","type":"product","link":"https:\/\/nspshop.net\/tr\/urun\/hp-sarimsak-nsp\/","title":{"rendered":"Sar\u0131msak NSP"},"content":{"rendered":"\r\n        <div class=\"med_worker_introduce_text \">\r\n\r\n            Bu b\u00f6l\u00fcm sadece <span class=\"med_anchor_link\"> <b>Sa\u011fl\u0131k profesyonelleri<\/b> i\u00e7indir<\/span>\r\n\r\n        <\/div>\r\n\r\n        <div class=\"med_worker_popup_wrapper hide\" style=\"background-color: rgba(10,10,10,0.3)\">\r\n            <div class=\"med_worker_popup\" style=\"width:1024px; height:600px;background-color:#ffffff; border-radius: 10px;\">\r\n                <div class=\"med_worker_confirmation\">\r\n                    <span style=\"font-size: 20px\">\r\n                        Sa\u011fl\u0131k profesyoneli misiniz?                    <\/span>\r\n                    <div class=\"med_worker_buttons\">\r\n                        <a href=\"\" class=\"confirm\" style=\"background-color:#0d594e; color: #ffffff;\">Evet<\/a>\r\n                        <a href=\"\" class=\"reject\" style=\"background-color:#bc2b2b; color: #0a0a0a;\">Hay\u0131r<\/a>\r\n                    <\/div>\r\n                <\/div>\r\n                <div class=\"med_worker_decription hide\"><h1>Sar\u0131msak NSP<\/h1>\n<p>Sar\u0131msa\u011f\u0131n iyile\u015ftirici \u00f6zellikleri insanlar taraf\u0131ndan her zaman takdir edilmi\u015ftir. Arkeologlar M\u0131s\u0131r firavunu Tutankamon&#8217;un mezar\u0131nda sar\u0131msak buldu. B\u00fcy\u00fck Veba s\u0131ras\u0131nda Frans\u0131z rahipler \u00e7ok miktarda sar\u0131msak yedikleri i\u00e7in \u00f6l\u00fcmc\u00fcl enfeksiyondan kurtulmu\u015flard\u0131r. Modern ara\u015ft\u0131rmalar g\u00f6steriyor ki; sar\u0131msa\u011f\u0131n sadece evrensel bir antiseptik olmad\u0131\u011f\u0131n\u0131, ayn\u0131 zamanda kardiyovask\u00fcler, sindirim ve ba\u011f\u0131\u015f\u0131kl\u0131k sistemleri \u00fczerinde de olumlu bir etkiye sahip oldu\u011funu kan\u0131tlam\u0131\u015ft\u0131r.<\/p>\n<p>NSP HP Sar\u0131msak: Antiviral, antibakteriyel, antifungal, antelmintik, kardiyoprotektif, hipotansif ve kan inceltici etkilere sahiptir. Kardiyologlar kalp krizi sonras\u0131 hastalara aspirin yerine sar\u0131msak \u00f6nermektedir.<\/p>\n<p>\u00dcr\u00fcn patentli teknoloji kullan\u0131larak \u00fcretilmi\u015ftir. Bir tablet bir di\u015f sar\u0131msa\u011fa (1,2 g) e\u015fde\u011ferdir ve analoglar aras\u0131nda en y\u00fcksek allisin konsantrasyonuna sahiptir. Ayn\u0131 zamanda klorofilin i\u00e7eren \u00f6zel kabuk sayesinde sar\u0131msak tad\u0131n\u0131 hissetmezsiniz ve ho\u015f olmayan bir koku olu\u015fmaz. Tablet sadece ince ba\u011f\u0131rsakta \u00e7\u00f6z\u00fcl\u00fcr, bu da mide mukozas\u0131n\u0131n tahri\u015fini, safra kanallar\u0131n\u0131n spazmlar\u0131n\u0131 ve hepatik koli\u011fi ortadan kald\u0131r\u0131r. Taze sar\u0131msa\u011f\u0131n aksine, \u00fcr\u00fcn midedeki hidroklorik asit ile \u00e7arp\u0131\u015fmadan etkinli\u011fini korur. Bu mekanizma sayesinde bu \u00fcr\u00fcn \u00e7ocuklara da verilebilir.<\/p>\n<p><strong>Aktif i\u00e7erik<\/strong><\/p>\n<p><strong>Sar\u0131msak <\/strong><em>(Allium sativum<\/em>), kendine \u00f6zg\u00fc kokusu, tad\u0131 ve g\u00fc\u00e7l\u00fc antibakteriyel etkisi olan allisin u\u00e7ucu ya\u011f\u0131nda fitosteroller ve biyoflavonoidler i\u00e7erir. Sar\u0131msak kan kolesterol\u00fcn\u00fc d\u00fc\u015f\u00fcr\u00fcr ve p\u0131ht\u0131la\u015fmay\u0131 \u00f6nleyici bir etkiye sahiptir. Sar\u0131msak kan bas\u0131nc\u0131n\u0131 d\u00fc\u015f\u00fcr\u00fcr, kalp fonksiyonlar\u0131n\u0131 d\u00fczenler, hafif bir yat\u0131\u015ft\u0131r\u0131c\u0131 etkiye sahiptir ve kalp krizi ve fel\u00e7 riskini azalt\u0131r. Antibiyotiklere diren\u00e7li bakterilere kar\u015f\u0131 bile antibakteriyel aktivite g\u00f6sterir. Sar\u0131msak &#8220;do\u011fal bir antibiyotiktir&#8221; ve ayr\u0131ca antiviral ve antifungal \u00f6zelliklere sahiptir. Y\u00fcksek dozlarda sar\u0131msak anti-parazitik etkiye sahiptir. Gastrointestinal sistemin salg\u0131 ve motor fonksiyonunu d\u00fczenler ve safra salg\u0131s\u0131n\u0131 uyar\u0131r. Sar\u0131msak, geli\u015fmi\u015f dola\u015f\u0131m\u0131 ve pelvik organlara artan kan ak\u0131\u015f\u0131 nedeniyle uzun zamand\u0131r erkeklerde g\u00fcc\u00fc art\u0131rman\u0131n bir yolu olarak \u00fcnl\u00fcd\u00fcr. Mide ve kolon kanserleri gibi baz\u0131 kanserlerden koruyucu etkileri vard\u0131r.<\/p>\n<p>Bu patentli kar\u0131\u015f\u0131m Antiseptik, antispazmodik ve choleretic etkileri i\u00e7in \u00f6nemli olan brokoli, lahana, havu\u00e7, pancar, domates, biberiye ve zerde\u00e7al tozlar\u0131n\u0131n yan\u0131 s\u0131ra antioksidan \u00f6zellikleri i\u00e7in hesperidin ve bioflavonoidler i\u00e7erir.<\/p>\n<p><strong data-sanitized-data-mce-fragment=\"1\">\u00dcr\u00fcn kodu: <\/strong><span data-sanitized-data-mce-fragment=\"1\">292 <\/span><strong data-sanitized-data-mce-fragment=\"1\">Kategori <\/strong><span data-sanitized-data-mce-fragment=\"1\">G\u0131da Takviyeleri <\/span><strong data-sanitized-data-mce-fragment=\"1\">Se\u00e7ilmi\u015f \u00fcr\u00fcnler: <\/strong><span data-sanitized-data-mce-fragment=\"1\">\u015eimdi stokta<\/span><\/p>\n<p><span style=\"text-decoration: underline;\"><strong>\u0130\u00e7indekiler<\/strong><\/span><\/p>\n<p>G\u0131da Takviyesi Sar\u0131msak tamamlay\u0131c\u0131 bir allisin kayna\u011f\u0131d\u0131r.<\/p>\n<p><strong>Content (1 tablet)<\/strong>:<\/p>\n<p>Sar\u0131msak (Allium sativum) &#8211; 419 mg;<\/p>\n<p>kalsiyum (dikalsiyum fosfat i\u00e7inde) &#8211; 51,5 mg, ASP&#8217;nin %5,15&#8217;i (normal t\u00fcketim seviyesi \u00f6nerilir);<\/p>\n<p>\u00d6zel bir kar\u0131\u015f\u0131m:<\/p>\n<p>brokoli (Brassica oleracea) &#8211; 16,2 mg, havu\u00e7 (Daucus carota) &#8211; 5,0 mg, pancar (Beta vulgaris) &#8211; 5,0 mg, biberiye yapra\u011f\u0131 (Rosmarinus officinalis) &#8211; 5,0 mg, domates meyvesi (Solanum lycopersicum) &#8211; 5,0 mg;<\/p>\n<p>uzun zerde\u00e7al k\u00f6k\u00fc (Curcuma longa) &#8211; 5.0 mg, bah\u00e7e lahanas\u0131 (Brassica oleracea) &#8211; 5.0 mg;<\/p>\n<p>portakal ve greyfurt biyoflavonoidleri &#8211; 2,5 mg;<\/p>\n<p>hesperidin &#8211; 1,25 mg.<\/p>\n<p><strong>\u0130naktif Bile\u015fenler:<\/strong> mikrokristalin sel\u00fcloz, kroskarmeloz, stearik asit, silikon dioksit, hidroksipropil metilsel\u00fcloz ftalat, gomalak (transparan ajan), sodyum bak\u0131r ve klorofilin.<\/p>\n<p>&nbsp;<\/p>\n<p><span style=\"text-decoration: underline;\"><strong>Kullan\u0131m<\/strong><\/span><\/p>\n<p>Yeti\u015fkinler i\u00e7in g\u00fcnde bir kez yemekle birlikte bir tablet. Kullan\u0131m s\u00fcresi bir ayd\u0131r.<\/p>\n<p><strong>Contraindications: <\/strong>personal intolerance, pregnancy, and lactation.<\/p>\n<\/div>\r\n            <\/div>\r\n        <\/div>\r\n\r\n\n","protected":false},"excerpt":{"rendered":"<ul>\n<li>Sar\u0131msak,Lahana, Havu\u00e7, K\u0131rm\u0131z\u0131 Pancar, Biberiye, Domates, Zerde\u00e7al, Turun\u00e7gil Bioflavonoidleri, Hesperidin, Sodyum Bak\u0131r Klorofilin etken maddelerini i\u00e7erir.<\/li>\n<li>Takviye edici g\u0131dad\u0131r.<\/li>\n<\/ul>\n","protected":false},"featured_media":7981,"template":"","meta":{"_acf_changed":false},"product_cat":[397],"product_tag":[],"class_list":{"0":"post-8023","1":"product","2":"type-product","3":"status-publish","4":"has-post-thumbnail","6":"product_cat-heath","7":"pa_body-systems-bagisiklik-ve-lenfatik","8":"pa_body-systems-erkek-ureme","9":"pa_body-systems-idrar","10":"pa_body-systems-kardiyovaskuler","11":"pa_body-systems-metabolizma","12":"pa_body-systems-sindirim-sistemi","13":"pa_body-systems-solunum","14":"pa_health-topics-bagisiklik","15":"pa_health-topics-detoks-ve-arinma","16":"pa_health-topics-enflamasyon-ve-agri","17":"pa_health-topics-kalp-sagligi","18":"pa_health-topics-mevsimsel-destek","19":"pa_health-topics-sindirim","20":"pa_product-categories-antibakteriyeller","21":"pa_product-categories-antifungal-tr","22":"pa_product-categories-antioxidants-tr","23":"pa_product-categories-antiparaziter","24":"pa_product-categories-antiviraller","25":"pa_product-categories-parafarmasotikler","27":"first","28":"instock","29":"sale","30":"shipping-taxable","31":"purchasable","32":"product-type-simple"},"acf":[],"yoast_head":"<!-- This site is optimized with the Yoast SEO plugin v22.3 - https:\/\/yoast.com\/wordpress\/plugins\/seo\/ -->\n<title>Sar\u0131msak NSP | Dietary Supplements<\/title>\n<meta name=\"description\" content=\"HP Sar\u0131msak NSP: Hipotansif, kan inceltici ve kardiyoprotektif etkilere sahiptir. Antiviral, antibakteriyel ve antelmintik etkilere sahiptir.\" \/>\n<meta name=\"robots\" content=\"index, follow, max-snippet:-1, max-image-preview:large, max-video-preview:-1\" \/>\n<link rel=\"canonical\" href=\"https:\/\/nspshop.net\/tr\/urun\/hp-sarimsak-nsp\/\" \/>\n<meta property=\"og:locale\" content=\"tr_TR\" \/>\n<meta property=\"og:type\" content=\"article\" \/>\n<meta property=\"og:title\" content=\"Sar\u0131msak NSP | Dietary Supplements\" \/>\n<meta property=\"og:description\" content=\"HP Sar\u0131msak NSP: Hipotansif, kan inceltici ve kardiyoprotektif etkilere sahiptir. Antiviral, antibakteriyel ve antelmintik etkilere sahiptir.\" \/>\n<meta property=\"og:url\" content=\"https:\/\/nspshop.net\/tr\/urun\/hp-sarimsak-nsp\/\" \/>\n<meta property=\"og:site_name\" content=\"Dietary Supplements\" \/>\n<meta property=\"article:modified_time\" content=\"2024-03-31T08:30:06+00:00\" \/>\n<meta property=\"og:image\" content=\"https:\/\/nspshop.net\/wp-content\/uploads\/2023\/06\/HP_Garlic.webp\" \/>\n\t<meta property=\"og:image:width\" content=\"1350\" \/>\n\t<meta property=\"og:image:height\" content=\"1350\" \/>\n\t<meta property=\"og:image:type\" content=\"image\/webp\" \/>\n<meta name=\"twitter:card\" content=\"summary_large_image\" \/>\n<meta name=\"twitter:label1\" content=\"Tahmini okuma s\u00fcresi\" \/>\n\t<meta name=\"twitter:data1\" content=\"1 dakika\" \/>\n<script type=\"application\/ld+json\" class=\"yoast-schema-graph\">{\"@context\":\"https:\/\/schema.org\",\"@graph\":[{\"@type\":\"WebPage\",\"@id\":\"https:\/\/nspshop.net\/tr\/urun\/hp-sarimsak-nsp\/\",\"url\":\"https:\/\/nspshop.net\/tr\/urun\/hp-sarimsak-nsp\/\",\"name\":\"Sar\u0131msak NSP | Dietary Supplements\",\"isPartOf\":{\"@id\":\"https:\/\/nspshop.net\/#website\"},\"primaryImageOfPage\":{\"@id\":\"https:\/\/nspshop.net\/tr\/urun\/hp-sarimsak-nsp\/#primaryimage\"},\"image\":{\"@id\":\"https:\/\/nspshop.net\/tr\/urun\/hp-sarimsak-nsp\/#primaryimage\"},\"thumbnailUrl\":\"https:\/\/nspshop.net\/wp-content\/uploads\/2023\/06\/HP_Garlic.webp\",\"datePublished\":\"2023-06-04T06:23:50+00:00\",\"dateModified\":\"2024-03-31T08:30:06+00:00\",\"description\":\"HP Sar\u0131msak NSP: Hipotansif, kan inceltici ve kardiyoprotektif etkilere sahiptir. Antiviral, antibakteriyel ve antelmintik etkilere sahiptir.\",\"breadcrumb\":{\"@id\":\"https:\/\/nspshop.net\/tr\/urun\/hp-sarimsak-nsp\/#breadcrumb\"},\"inLanguage\":\"tr\",\"potentialAction\":[{\"@type\":\"ReadAction\",\"target\":[\"https:\/\/nspshop.net\/tr\/urun\/hp-sarimsak-nsp\/\"]}]},{\"@type\":\"ImageObject\",\"inLanguage\":\"tr\",\"@id\":\"https:\/\/nspshop.net\/tr\/urun\/hp-sarimsak-nsp\/#primaryimage\",\"url\":\"https:\/\/nspshop.net\/wp-content\/uploads\/2023\/06\/HP_Garlic.webp\",\"contentUrl\":\"https:\/\/nspshop.net\/wp-content\/uploads\/2023\/06\/HP_Garlic.webp\",\"width\":1350,\"height\":1350,\"caption\":\"HP Garlic NSP\"},{\"@type\":\"BreadcrumbList\",\"@id\":\"https:\/\/nspshop.net\/tr\/urun\/hp-sarimsak-nsp\/#breadcrumb\",\"itemListElement\":[{\"@type\":\"ListItem\",\"position\":1,\"name\":\"\u0413\u043b\u0430\u0432\u043d\u0430\u044f \u0441\u0442\u0440\u0430\u043d\u0438\u0446\u0430\",\"item\":\"https:\/\/nspshop.net\/\"},{\"@type\":\"ListItem\",\"position\":2,\"name\":\"D\u00fckk\u00e2n\",\"item\":\"https:\/\/nspshop.net\/tr\/shop\/\"},{\"@type\":\"ListItem\",\"position\":3,\"name\":\"Sar\u0131msak NSP\"}]},{\"@type\":\"WebSite\",\"@id\":\"https:\/\/nspshop.net\/#website\",\"url\":\"https:\/\/nspshop.net\/\",\"name\":\"Dietary Supplements\",\"description\":\"BuyNSP\",\"publisher\":{\"@id\":\"https:\/\/nspshop.net\/#organization\"},\"potentialAction\":[{\"@type\":\"SearchAction\",\"target\":{\"@type\":\"EntryPoint\",\"urlTemplate\":\"https:\/\/nspshop.net\/?s={search_term_string}\"},\"query-input\":\"required name=search_term_string\"}],\"inLanguage\":\"tr\"},{\"@type\":\"Organization\",\"@id\":\"https:\/\/nspshop.net\/#organization\",\"name\":\"Dietary Supplements\",\"alternateName\":\"BuyNSP\",\"url\":\"https:\/\/nspshop.net\/\",\"logo\":{\"@type\":\"ImageObject\",\"inLanguage\":\"tr\",\"@id\":\"https:\/\/nspshop.net\/#\/schema\/logo\/image\/\",\"url\":\"https:\/\/nspshop.net\/wp-content\/uploads\/2023\/06\/cropped-Logo-NSP.png\",\"contentUrl\":\"https:\/\/nspshop.net\/wp-content\/uploads\/2023\/06\/cropped-Logo-NSP.png\",\"width\":512,\"height\":512,\"caption\":\"Dietary Supplements\"},\"image\":{\"@id\":\"https:\/\/nspshop.net\/#\/schema\/logo\/image\/\"}}]}<\/script>\n<!-- \/ Yoast SEO plugin. -->","yoast_head_json":{"title":"Sar\u0131msak NSP | Dietary Supplements","description":"HP Sar\u0131msak NSP: Hipotansif, kan inceltici ve kardiyoprotektif etkilere sahiptir. Antiviral, antibakteriyel ve antelmintik etkilere sahiptir.","robots":{"index":"index","follow":"follow","max-snippet":"max-snippet:-1","max-image-preview":"max-image-preview:large","max-video-preview":"max-video-preview:-1"},"canonical":"https:\/\/nspshop.net\/tr\/urun\/hp-sarimsak-nsp\/","og_locale":"tr_TR","og_type":"article","og_title":"Sar\u0131msak NSP | Dietary Supplements","og_description":"HP Sar\u0131msak NSP: Hipotansif, kan inceltici ve kardiyoprotektif etkilere sahiptir. Antiviral, antibakteriyel ve antelmintik etkilere sahiptir.","og_url":"https:\/\/nspshop.net\/tr\/urun\/hp-sarimsak-nsp\/","og_site_name":"Dietary Supplements","article_modified_time":"2024-03-31T08:30:06+00:00","og_image":[{"width":1350,"height":1350,"url":"https:\/\/nspshop.net\/wp-content\/uploads\/2023\/06\/HP_Garlic.webp","type":"image\/webp"}],"twitter_card":"summary_large_image","twitter_misc":{"Tahmini okuma s\u00fcresi":"1 dakika"},"schema":{"@context":"https:\/\/schema.org","@graph":[{"@type":"WebPage","@id":"https:\/\/nspshop.net\/tr\/urun\/hp-sarimsak-nsp\/","url":"https:\/\/nspshop.net\/tr\/urun\/hp-sarimsak-nsp\/","name":"Sar\u0131msak NSP | Dietary Supplements","isPartOf":{"@id":"https:\/\/nspshop.net\/#website"},"primaryImageOfPage":{"@id":"https:\/\/nspshop.net\/tr\/urun\/hp-sarimsak-nsp\/#primaryimage"},"image":{"@id":"https:\/\/nspshop.net\/tr\/urun\/hp-sarimsak-nsp\/#primaryimage"},"thumbnailUrl":"https:\/\/nspshop.net\/wp-content\/uploads\/2023\/06\/HP_Garlic.webp","datePublished":"2023-06-04T06:23:50+00:00","dateModified":"2024-03-31T08:30:06+00:00","description":"HP Sar\u0131msak NSP: Hipotansif, kan inceltici ve kardiyoprotektif etkilere sahiptir. Antiviral, antibakteriyel ve antelmintik etkilere sahiptir.","breadcrumb":{"@id":"https:\/\/nspshop.net\/tr\/urun\/hp-sarimsak-nsp\/#breadcrumb"},"inLanguage":"tr","potentialAction":[{"@type":"ReadAction","target":["https:\/\/nspshop.net\/tr\/urun\/hp-sarimsak-nsp\/"]}]},{"@type":"ImageObject","inLanguage":"tr","@id":"https:\/\/nspshop.net\/tr\/urun\/hp-sarimsak-nsp\/#primaryimage","url":"https:\/\/nspshop.net\/wp-content\/uploads\/2023\/06\/HP_Garlic.webp","contentUrl":"https:\/\/nspshop.net\/wp-content\/uploads\/2023\/06\/HP_Garlic.webp","width":1350,"height":1350,"caption":"HP Garlic NSP"},{"@type":"BreadcrumbList","@id":"https:\/\/nspshop.net\/tr\/urun\/hp-sarimsak-nsp\/#breadcrumb","itemListElement":[{"@type":"ListItem","position":1,"name":"\u0413\u043b\u0430\u0432\u043d\u0430\u044f \u0441\u0442\u0440\u0430\u043d\u0438\u0446\u0430","item":"https:\/\/nspshop.net\/"},{"@type":"ListItem","position":2,"name":"D\u00fckk\u00e2n","item":"https:\/\/nspshop.net\/tr\/shop\/"},{"@type":"ListItem","position":3,"name":"Sar\u0131msak NSP"}]},{"@type":"WebSite","@id":"https:\/\/nspshop.net\/#website","url":"https:\/\/nspshop.net\/","name":"Dietary Supplements","description":"BuyNSP","publisher":{"@id":"https:\/\/nspshop.net\/#organization"},"potentialAction":[{"@type":"SearchAction","target":{"@type":"EntryPoint","urlTemplate":"https:\/\/nspshop.net\/?s={search_term_string}"},"query-input":"required name=search_term_string"}],"inLanguage":"tr"},{"@type":"Organization","@id":"https:\/\/nspshop.net\/#organization","name":"Dietary Supplements","alternateName":"BuyNSP","url":"https:\/\/nspshop.net\/","logo":{"@type":"ImageObject","inLanguage":"tr","@id":"https:\/\/nspshop.net\/#\/schema\/logo\/image\/","url":"https:\/\/nspshop.net\/wp-content\/uploads\/2023\/06\/cropped-Logo-NSP.png","contentUrl":"https:\/\/nspshop.net\/wp-content\/uploads\/2023\/06\/cropped-Logo-NSP.png","width":512,"height":512,"caption":"Dietary Supplements"},"image":{"@id":"https:\/\/nspshop.net\/#\/schema\/logo\/image\/"}}]}},"_links":{"self":[{"href":"https:\/\/nspshop.net\/tr\/wp-json\/wp\/v2\/product\/8023","targetHints":{"allow":["GET"]}}],"collection":[{"href":"https:\/\/nspshop.net\/tr\/wp-json\/wp\/v2\/product"}],"about":[{"href":"https:\/\/nspshop.net\/tr\/wp-json\/wp\/v2\/types\/product"}],"wp:featuredmedia":[{"embeddable":true,"href":"https:\/\/nspshop.net\/tr\/wp-json\/wp\/v2\/media\/7981"}],"wp:attachment":[{"href":"https:\/\/nspshop.net\/tr\/wp-json\/wp\/v2\/media?parent=8023"}],"wp:term":[{"taxonomy":"product_cat","embeddable":true,"href":"https:\/\/nspshop.net\/tr\/wp-json\/wp\/v2\/product_cat?post=8023"},{"taxonomy":"product_tag","embeddable":true,"href":"https:\/\/nspshop.net\/tr\/wp-json\/wp\/v2\/product_tag?post=8023"}],"curies":[{"name":"wp","href":"https:\/\/api.w.org\/{rel}","templated":true}]}}