{"id":8024,"date":"2023-06-03T20:13:34","date_gmt":"2023-06-03T17:13:34","guid":{"rendered":"https:\/\/nspshop.net\/product\/hvp-nsp\/"},"modified":"2024-03-31T11:35:40","modified_gmt":"2024-03-31T08:35:40","slug":"hvp-nsp","status":"publish","type":"product","link":"https:\/\/nspshop.net\/tr\/urun\/hvp-nsp\/","title":{"rendered":"\u015eerbet\u00e7iotu NSP"},"content":{"rendered":"\r\n        <div class=\"med_worker_introduce_text \">\r\n\r\n            Bu b\u00f6l\u00fcm sadece <span class=\"med_anchor_link\"> <b>Sa\u011fl\u0131k profesyonelleri<\/b> i\u00e7indir<\/span>\r\n\r\n        <\/div>\r\n\r\n        <div class=\"med_worker_popup_wrapper hide\" style=\"background-color: rgba(10,10,10,0.3)\">\r\n            <div class=\"med_worker_popup\" style=\"width:1024px; height:600px;background-color:#ffffff; border-radius: 10px;\">\r\n                <div class=\"med_worker_confirmation\">\r\n                    <span style=\"font-size: 20px\">\r\n                        Sa\u011fl\u0131k profesyoneli misiniz?                    <\/span>\r\n                    <div class=\"med_worker_buttons\">\r\n                        <a href=\"\" class=\"confirm\" style=\"background-color:#0d594e; color: #ffffff;\">Evet<\/a>\r\n                        <a href=\"\" class=\"reject\" style=\"background-color:#bc2b2b; color: #0a0a0a;\">Hay\u0131r<\/a>\r\n                    <\/div>\r\n                <\/div>\r\n                <div class=\"med_worker_decription hide\"><h1 class=\"product_title entry-title\">\u015eerbet\u00e7iotu NSP<\/h1>\n<p class=\"product_title entry-title\">\u015eerbet\u00e7iotu NSP: \u0130\u015fyerindeki sorunlar, aile \u00e7at\u0131\u015fmalar\u0131, finansal ve ya\u015fam zorluklar\u0131, insanlar\u0131n her g\u00fcn kar\u015f\u0131la\u015ft\u0131\u011f\u0131 psiko-duygusal stres fakt\u00f6rlerinden sadece birka\u00e7\u0131d\u0131r. Bunun sonucunda duygusal dengesizlik, uykusuzluk, anksiyete, beklenmedik panik ataklar, uyu\u015fukluk, sinirlilik ve yayg\u0131n hastal\u0131klara e\u011filim ortaya \u00e7\u0131kar. Stres ya\u015fayan ki\u015filerin v\u00fccudunu ve her \u015feyden \u00f6nce sinir sistemini besinlerle desteklemek gerekir.<\/p>\n<p>NSP \u015firketi, anksiyete, ge\u00e7ici duygusal rahats\u0131zl\u0131klar ve uykusuzluk i\u00e7in g\u00fcvenilir bir \u00e7are olarak \u015ferbet\u00e7iotu g\u0131da takviyesini geli\u015ftirdi. \u00dcr\u00fcn\u00fcn \u0130ngilizce ad\u0131 HVP olup, \u00fc\u00e7 \u015fifal\u0131 bitkinin adlar\u0131n\u0131n k\u0131salt\u0131lmas\u0131ndan gelmektedir<\/p>\n<p>\u015eerbet\u00e7iotu, kediotu (<em>Valeriana<\/em>) ve \u00e7ark\u0131felek<em>(Passiflora<\/em>). Kediotu yat\u0131\u015ft\u0131r\u0131c\u0131, antikonv\u00fclsan antispazmodik etkiye sahiptir. Sinirsel ajitasyon, uykusuzluk, nevroz, anjina pektoris, ba\u015flang\u0131\u00e7 hipertansiyonu, menopoz, migren benzeri ba\u015f a\u011fr\u0131lar\u0131, histeri ve y\u00fcksek tiroid fonksiyonu i\u00e7in kullan\u0131l\u0131r. Kediotu sakinle\u015ftirici etkileriyle iyi bilinen bir bitkidir. Panik ataklardan, a\u015f\u0131r\u0131 efordan kaynaklanan kas kramplar\u0131ndan, adet kramplar\u0131ndan kurtulmaya yard\u0131mc\u0131 olur ve sigara i\u00e7me iste\u011fini zay\u0131flatmaya yard\u0131mc\u0131 olabilir.<\/p>\n<h2>K\u0131rm\u0131z\u0131-beyaz \u00c7ark\u0131felek NSP<em>(Passiflora incarnata<\/em>)<\/h2>\n<p>konsantrasyon yetene\u011fini bozmayan hafif bir yat\u0131\u015ft\u0131r\u0131c\u0131 olarak kullan\u0131l\u0131r. Bu bitki en iyi sakinle\u015ftiricilerden biridir. Eski \u0130nka halk\u0131 bu bitkiden g\u00fc\u00e7lendirici bir \u00e7ay yapard\u0131. Meyveleri (marulun meyvesi ile akrabad\u0131r) k\u00fcre \u015feklindedir, sar\u0131dan koyu maviye kadar de\u011fi\u015fen renklere sahiptir ve hafif asitli ho\u015f bir tad\u0131 vard\u0131r. Yaprak ve saplar\u0131ndan elde edilen s\u0131v\u0131 ekstrakt kronik alkolizm, nevrasteni, uykusuzluk ve klimakterik bozukluklarda sakinle\u015ftirici olarak kullan\u0131l\u0131r.<\/p>\n<p>\u00c7ark\u0131felek anksiyete, gerginlik, ba\u015f a\u011fr\u0131s\u0131 ve uykusuzluk durumlar\u0131nda faydal\u0131d\u0131r. S\u0131k ast\u0131m ataklar\u0131, istemsiz n\u00f6betler, klimakterik anksiyete ve y\u00fcksek tansiyon i\u00e7in etkilidir. D\u00fcz kas spazmlar\u0131n\u0131 hafifletir ve hipotansif etkisi vard\u0131r. \u00c7ark\u0131felek suyu b\u00f6brek hastal\u0131\u011f\u0131, sistit, s\u0131k idrara \u00e7\u0131kma, uyku inkontinans\u0131, uykusuzlukta analjezik olarak ve nevrasteni hastalar\u0131 i\u00e7in yat\u0131\u015ft\u0131r\u0131c\u0131 olarak kullan\u0131l\u0131r. Nevralji ve radik\u00fclit i\u00e7in a\u011fr\u0131 kesici olarak kullan\u0131l\u0131r. \u015eerbet\u00e7iotu kozala\u011f\u0131 \u00f6zleri g\u00fc\u00e7l\u00fc \u00f6strojenik aktiviteye sahiptir. Sakinle\u015ftirici tabletlerin aksine, bu \u00fcr\u00fcn\u00fcn hi\u00e7bir yan etkisi yoktur.<\/p>\n<p><strong>\u00dcr\u00fcn kodu <\/strong>: 940 <strong>Kategori <\/strong>: G\u0131da Takviyeleri <strong>Se\u00e7ilen \u00fcr\u00fcnler: <\/strong>\u015eimdi stokta<\/p>\n<h3><strong>\u0130\u00e7indekiler<\/strong><\/h3>\n<p>\u015eerbet\u00e7iotu g\u0131da takviyesi ek bir flavonoid kayna\u011f\u0131d\u0131r ve valerik asit i\u00e7erir.<\/p>\n<p><strong>\u0130\u00e7erik <\/strong>(1 kaps\u00fcl):<\/p>\n<p>Kediotu k\u00f6k\u00fc (Valeriana officinalis) &#8211; 162 mg;<\/p>\n<p>K\u0131rm\u0131z\u0131-beyaz \u00e7ark\u0131felek (Passiflora incartanta) &#8211; 130 mg;<\/p>\n<p>\u015eerbet\u00e7iotu kozala\u011f\u0131 (kozalak) (Humulus lupulus) &#8211; 98 mg.<\/p>\n<p><strong>Aktif Olmayan Bile\u015fenler:<\/strong> jelatin.<\/p>\n<h5><strong>Kullan\u0131m<\/strong><\/h5>\n<p>Yeti\u015fkinler i\u00e7in yemeklerle birlikte g\u00fcnde iki kez bir kaps\u00fcl.<\/p>\n<p><strong>Kontrendikasyonlar<\/strong>: ki\u015fisel intolerans, hamilelik ve emzirme.<\/p>\n<\/div>\r\n            <\/div>\r\n        <\/div>\r\n\r\n\n","protected":false},"excerpt":{"rendered":"<ul>\n<li>Valerian, \u00c7ark\u0131felek , \u015eerbet\u00e7iotu i\u00e7erir.<\/li>\n<li>Takviye Edici G\u0131dad\u0131r.<\/li>\n<\/ul>\n","protected":false},"featured_media":8025,"template":"","meta":{"_acf_changed":false},"product_cat":[397],"product_tag":[],"class_list":{"0":"post-8024","1":"product","2":"type-product","3":"status-publish","4":"has-post-thumbnail","6":"product_cat-heath","7":"pa_body-systems-nervous-tr-2","8":"pa_body-systems-sindirim-sistemi","9":"pa_health-topics-ruh-hali","10":"pa_health-topics-stres-rahatlama-uyku-tr","11":"pa_product-categories-parafarmasotikler","13":"first","14":"instock","15":"sale","16":"shipping-taxable","17":"purchasable","18":"product-type-simple"},"acf":[],"yoast_head":"<!-- This site is optimized with the Yoast SEO plugin v22.3 - https:\/\/yoast.com\/wordpress\/plugins\/seo\/ -->\n<title>\u015eerbet\u00e7iotu NSP | Dietary Supplements<\/title>\n<meta name=\"description\" content=\"Kediotu HVP NSP ile kompleks: Merkezi sinir sistemi \u00fczerinde sakinle\u015ftirici bir etkiye sahiptir. Kayg\u0131 ve sinirsel gerginli\u011fi azalt\u0131r. Bu bir uyku d\u00fczenleyicidir.\" \/>\n<meta name=\"robots\" content=\"index, follow, max-snippet:-1, max-image-preview:large, max-video-preview:-1\" \/>\n<link rel=\"canonical\" href=\"https:\/\/nspshop.net\/tr\/urun\/hvp-nsp\/\" \/>\n<meta property=\"og:locale\" content=\"tr_TR\" \/>\n<meta property=\"og:type\" content=\"article\" \/>\n<meta property=\"og:title\" content=\"\u015eerbet\u00e7iotu NSP | Dietary Supplements\" \/>\n<meta property=\"og:description\" content=\"Kediotu HVP NSP ile kompleks: Merkezi sinir sistemi \u00fczerinde sakinle\u015ftirici bir etkiye sahiptir. Kayg\u0131 ve sinirsel gerginli\u011fi azalt\u0131r. Bu bir uyku d\u00fczenleyicidir.\" \/>\n<meta property=\"og:url\" content=\"https:\/\/nspshop.net\/tr\/urun\/hvp-nsp\/\" \/>\n<meta property=\"og:site_name\" content=\"Dietary Supplements\" \/>\n<meta property=\"article:modified_time\" content=\"2024-03-31T08:35:40+00:00\" \/>\n<meta property=\"og:image\" content=\"https:\/\/nspshop.net\/wp-content\/uploads\/2023\/06\/HVP.webp\" \/>\n\t<meta property=\"og:image:width\" content=\"1080\" \/>\n\t<meta property=\"og:image:height\" content=\"1080\" \/>\n\t<meta property=\"og:image:type\" content=\"image\/webp\" \/>\n<meta name=\"twitter:card\" content=\"summary_large_image\" \/>\n<meta name=\"twitter:label1\" content=\"Tahmini okuma s\u00fcresi\" \/>\n\t<meta name=\"twitter:data1\" content=\"1 dakika\" \/>\n<script type=\"application\/ld+json\" class=\"yoast-schema-graph\">{\"@context\":\"https:\/\/schema.org\",\"@graph\":[{\"@type\":\"WebPage\",\"@id\":\"https:\/\/nspshop.net\/tr\/urun\/hvp-nsp\/\",\"url\":\"https:\/\/nspshop.net\/tr\/urun\/hvp-nsp\/\",\"name\":\"\u015eerbet\u00e7iotu NSP | Dietary Supplements\",\"isPartOf\":{\"@id\":\"https:\/\/nspshop.net\/#website\"},\"primaryImageOfPage\":{\"@id\":\"https:\/\/nspshop.net\/tr\/urun\/hvp-nsp\/#primaryimage\"},\"image\":{\"@id\":\"https:\/\/nspshop.net\/tr\/urun\/hvp-nsp\/#primaryimage\"},\"thumbnailUrl\":\"https:\/\/nspshop.net\/wp-content\/uploads\/2023\/06\/HVP.webp\",\"datePublished\":\"2023-06-03T17:13:34+00:00\",\"dateModified\":\"2024-03-31T08:35:40+00:00\",\"description\":\"Kediotu HVP NSP ile kompleks: Merkezi sinir sistemi \u00fczerinde sakinle\u015ftirici bir etkiye sahiptir. Kayg\u0131 ve sinirsel gerginli\u011fi azalt\u0131r. Bu bir uyku d\u00fczenleyicidir.\",\"breadcrumb\":{\"@id\":\"https:\/\/nspshop.net\/tr\/urun\/hvp-nsp\/#breadcrumb\"},\"inLanguage\":\"tr\",\"potentialAction\":[{\"@type\":\"ReadAction\",\"target\":[\"https:\/\/nspshop.net\/tr\/urun\/hvp-nsp\/\"]}]},{\"@type\":\"ImageObject\",\"inLanguage\":\"tr\",\"@id\":\"https:\/\/nspshop.net\/tr\/urun\/hvp-nsp\/#primaryimage\",\"url\":\"https:\/\/nspshop.net\/wp-content\/uploads\/2023\/06\/HVP.webp\",\"contentUrl\":\"https:\/\/nspshop.net\/wp-content\/uploads\/2023\/06\/HVP.webp\",\"width\":1080,\"height\":1080,\"caption\":\"Complex with valerian HVP\"},{\"@type\":\"BreadcrumbList\",\"@id\":\"https:\/\/nspshop.net\/tr\/urun\/hvp-nsp\/#breadcrumb\",\"itemListElement\":[{\"@type\":\"ListItem\",\"position\":1,\"name\":\"\u0413\u043b\u0430\u0432\u043d\u0430\u044f \u0441\u0442\u0440\u0430\u043d\u0438\u0446\u0430\",\"item\":\"https:\/\/nspshop.net\/\"},{\"@type\":\"ListItem\",\"position\":2,\"name\":\"D\u00fckk\u00e2n\",\"item\":\"https:\/\/nspshop.net\/tr\/shop\/\"},{\"@type\":\"ListItem\",\"position\":3,\"name\":\"\u015eerbet\u00e7iotu NSP\"}]},{\"@type\":\"WebSite\",\"@id\":\"https:\/\/nspshop.net\/#website\",\"url\":\"https:\/\/nspshop.net\/\",\"name\":\"Dietary Supplements\",\"description\":\"BuyNSP\",\"publisher\":{\"@id\":\"https:\/\/nspshop.net\/#organization\"},\"potentialAction\":[{\"@type\":\"SearchAction\",\"target\":{\"@type\":\"EntryPoint\",\"urlTemplate\":\"https:\/\/nspshop.net\/?s={search_term_string}\"},\"query-input\":\"required name=search_term_string\"}],\"inLanguage\":\"tr\"},{\"@type\":\"Organization\",\"@id\":\"https:\/\/nspshop.net\/#organization\",\"name\":\"Dietary Supplements\",\"alternateName\":\"BuyNSP\",\"url\":\"https:\/\/nspshop.net\/\",\"logo\":{\"@type\":\"ImageObject\",\"inLanguage\":\"tr\",\"@id\":\"https:\/\/nspshop.net\/#\/schema\/logo\/image\/\",\"url\":\"https:\/\/nspshop.net\/wp-content\/uploads\/2023\/06\/cropped-Logo-NSP.png\",\"contentUrl\":\"https:\/\/nspshop.net\/wp-content\/uploads\/2023\/06\/cropped-Logo-NSP.png\",\"width\":512,\"height\":512,\"caption\":\"Dietary Supplements\"},\"image\":{\"@id\":\"https:\/\/nspshop.net\/#\/schema\/logo\/image\/\"}}]}<\/script>\n<!-- \/ Yoast SEO plugin. -->","yoast_head_json":{"title":"\u015eerbet\u00e7iotu NSP | Dietary Supplements","description":"Kediotu HVP NSP ile kompleks: Merkezi sinir sistemi \u00fczerinde sakinle\u015ftirici bir etkiye sahiptir. Kayg\u0131 ve sinirsel gerginli\u011fi azalt\u0131r. Bu bir uyku d\u00fczenleyicidir.","robots":{"index":"index","follow":"follow","max-snippet":"max-snippet:-1","max-image-preview":"max-image-preview:large","max-video-preview":"max-video-preview:-1"},"canonical":"https:\/\/nspshop.net\/tr\/urun\/hvp-nsp\/","og_locale":"tr_TR","og_type":"article","og_title":"\u015eerbet\u00e7iotu NSP | Dietary Supplements","og_description":"Kediotu HVP NSP ile kompleks: Merkezi sinir sistemi \u00fczerinde sakinle\u015ftirici bir etkiye sahiptir. Kayg\u0131 ve sinirsel gerginli\u011fi azalt\u0131r. Bu bir uyku d\u00fczenleyicidir.","og_url":"https:\/\/nspshop.net\/tr\/urun\/hvp-nsp\/","og_site_name":"Dietary Supplements","article_modified_time":"2024-03-31T08:35:40+00:00","og_image":[{"width":1080,"height":1080,"url":"https:\/\/nspshop.net\/wp-content\/uploads\/2023\/06\/HVP.webp","type":"image\/webp"}],"twitter_card":"summary_large_image","twitter_misc":{"Tahmini okuma s\u00fcresi":"1 dakika"},"schema":{"@context":"https:\/\/schema.org","@graph":[{"@type":"WebPage","@id":"https:\/\/nspshop.net\/tr\/urun\/hvp-nsp\/","url":"https:\/\/nspshop.net\/tr\/urun\/hvp-nsp\/","name":"\u015eerbet\u00e7iotu NSP | Dietary Supplements","isPartOf":{"@id":"https:\/\/nspshop.net\/#website"},"primaryImageOfPage":{"@id":"https:\/\/nspshop.net\/tr\/urun\/hvp-nsp\/#primaryimage"},"image":{"@id":"https:\/\/nspshop.net\/tr\/urun\/hvp-nsp\/#primaryimage"},"thumbnailUrl":"https:\/\/nspshop.net\/wp-content\/uploads\/2023\/06\/HVP.webp","datePublished":"2023-06-03T17:13:34+00:00","dateModified":"2024-03-31T08:35:40+00:00","description":"Kediotu HVP NSP ile kompleks: Merkezi sinir sistemi \u00fczerinde sakinle\u015ftirici bir etkiye sahiptir. Kayg\u0131 ve sinirsel gerginli\u011fi azalt\u0131r. Bu bir uyku d\u00fczenleyicidir.","breadcrumb":{"@id":"https:\/\/nspshop.net\/tr\/urun\/hvp-nsp\/#breadcrumb"},"inLanguage":"tr","potentialAction":[{"@type":"ReadAction","target":["https:\/\/nspshop.net\/tr\/urun\/hvp-nsp\/"]}]},{"@type":"ImageObject","inLanguage":"tr","@id":"https:\/\/nspshop.net\/tr\/urun\/hvp-nsp\/#primaryimage","url":"https:\/\/nspshop.net\/wp-content\/uploads\/2023\/06\/HVP.webp","contentUrl":"https:\/\/nspshop.net\/wp-content\/uploads\/2023\/06\/HVP.webp","width":1080,"height":1080,"caption":"Complex with valerian HVP"},{"@type":"BreadcrumbList","@id":"https:\/\/nspshop.net\/tr\/urun\/hvp-nsp\/#breadcrumb","itemListElement":[{"@type":"ListItem","position":1,"name":"\u0413\u043b\u0430\u0432\u043d\u0430\u044f \u0441\u0442\u0440\u0430\u043d\u0438\u0446\u0430","item":"https:\/\/nspshop.net\/"},{"@type":"ListItem","position":2,"name":"D\u00fckk\u00e2n","item":"https:\/\/nspshop.net\/tr\/shop\/"},{"@type":"ListItem","position":3,"name":"\u015eerbet\u00e7iotu NSP"}]},{"@type":"WebSite","@id":"https:\/\/nspshop.net\/#website","url":"https:\/\/nspshop.net\/","name":"Dietary Supplements","description":"BuyNSP","publisher":{"@id":"https:\/\/nspshop.net\/#organization"},"potentialAction":[{"@type":"SearchAction","target":{"@type":"EntryPoint","urlTemplate":"https:\/\/nspshop.net\/?s={search_term_string}"},"query-input":"required name=search_term_string"}],"inLanguage":"tr"},{"@type":"Organization","@id":"https:\/\/nspshop.net\/#organization","name":"Dietary Supplements","alternateName":"BuyNSP","url":"https:\/\/nspshop.net\/","logo":{"@type":"ImageObject","inLanguage":"tr","@id":"https:\/\/nspshop.net\/#\/schema\/logo\/image\/","url":"https:\/\/nspshop.net\/wp-content\/uploads\/2023\/06\/cropped-Logo-NSP.png","contentUrl":"https:\/\/nspshop.net\/wp-content\/uploads\/2023\/06\/cropped-Logo-NSP.png","width":512,"height":512,"caption":"Dietary Supplements"},"image":{"@id":"https:\/\/nspshop.net\/#\/schema\/logo\/image\/"}}]}},"_links":{"self":[{"href":"https:\/\/nspshop.net\/tr\/wp-json\/wp\/v2\/product\/8024","targetHints":{"allow":["GET"]}}],"collection":[{"href":"https:\/\/nspshop.net\/tr\/wp-json\/wp\/v2\/product"}],"about":[{"href":"https:\/\/nspshop.net\/tr\/wp-json\/wp\/v2\/types\/product"}],"wp:featuredmedia":[{"embeddable":true,"href":"https:\/\/nspshop.net\/tr\/wp-json\/wp\/v2\/media\/8025"}],"wp:attachment":[{"href":"https:\/\/nspshop.net\/tr\/wp-json\/wp\/v2\/media?parent=8024"}],"wp:term":[{"taxonomy":"product_cat","embeddable":true,"href":"https:\/\/nspshop.net\/tr\/wp-json\/wp\/v2\/product_cat?post=8024"},{"taxonomy":"product_tag","embeddable":true,"href":"https:\/\/nspshop.net\/tr\/wp-json\/wp\/v2\/product_tag?post=8024"}],"curies":[{"name":"wp","href":"https:\/\/api.w.org\/{rel}","templated":true}]}}