{"id":8026,"date":"2023-06-04T09:11:12","date_gmt":"2023-06-04T06:11:12","guid":{"rendered":"https:\/\/nspshop.net\/product\/saw-palmetto-nsp\/"},"modified":"2024-03-31T11:30:49","modified_gmt":"2024-03-31T08:30:49","slug":"saw-palmetto-nsp","status":"publish","type":"product","link":"https:\/\/nspshop.net\/tr\/urun\/saw-palmetto-nsp\/","title":{"rendered":"C\u00fcce palmiye NSP"},"content":{"rendered":"\r\n        <div class=\"med_worker_introduce_text \">\r\n\r\n            Bu b\u00f6l\u00fcm sadece <span class=\"med_anchor_link\"> <b>Sa\u011fl\u0131k profesyonelleri<\/b> i\u00e7indir<\/span>\r\n\r\n        <\/div>\r\n\r\n        <div class=\"med_worker_popup_wrapper hide\" style=\"background-color: rgba(10,10,10,0.3)\">\r\n            <div class=\"med_worker_popup\" style=\"width:1024px; height:600px;background-color:#ffffff; border-radius: 10px;\">\r\n                <div class=\"med_worker_confirmation\">\r\n                    <span style=\"font-size: 20px\">\r\n                        Sa\u011fl\u0131k profesyoneli misiniz?                    <\/span>\r\n                    <div class=\"med_worker_buttons\">\r\n                        <a href=\"\" class=\"confirm\" style=\"background-color:#0d594e; color: #ffffff;\">Evet<\/a>\r\n                        <a href=\"\" class=\"reject\" style=\"background-color:#bc2b2b; color: #0a0a0a;\">Hay\u0131r<\/a>\r\n                    <\/div>\r\n                <\/div>\r\n                <div class=\"med_worker_decription hide\"><h1 class=\"product_title entry-title\">C\u00fcce palmiye NSP<\/h1>\n<p>K\u0131rk ya\u015f\u0131n \u00fczerindeki erkeklerin yar\u0131s\u0131nda i\u015flev bozuklu\u011fu, masum hiperplazi veya prostat adenomu geli\u015fir ve 65 ya\u015f\u0131na gelindi\u011finde bu durumlar \u00e7o\u011fu erkekte bulunabilir. Prostat bezi iltihab\u0131 (prostatit) genellikle her ya\u015ftaki erkekte, hipotermi ve akut ve kronik enfeksiyonlarla ortaya \u00e7\u0131kar. Bu sorunlar prostat bezinin b\u00fcy\u00fcmesine ve prostattan ge\u00e7en \u00fcretran\u0131n s\u0131k\u0131\u015fmas\u0131na yol a\u00e7arak idrar yapma bozukluklar\u0131na ve erektil disfonksiyonlara neden olur.Scrub Palmetto<em>(Saw Palmetto NSP<\/em>) prostatit ve adenom geli\u015fimini \u00f6nler veya yava\u015flat\u0131r. En\u00fcrezis, prostatit, prostat adenomu i\u00e7in kullan\u0131l\u0131r D\u00fczenli kullan\u0131ld\u0131\u011f\u0131nda gonadlar dahil endokrin sistemi uyar\u0131r, sperm salg\u0131s\u0131n\u0131 ve libidoyu art\u0131r\u0131r, genito\u00fcriner sistem enfeksiyonlar\u0131nda antiinflamatuar etkisi vard\u0131r ve prostat b\u00fcy\u00fcmesini \u00f6nler. Scrub Palmetto prostat b\u00fcy\u00fcmesi ve iktidars\u0131zl\u0131k i\u00e7in tavsiye edilir.<\/p>\n<p>Erkek sa\u011fl\u0131\u011f\u0131n\u0131 destekleyen bitkisel mono bir \u00fcr\u00fcnd\u00fcr.<\/p>\n<p><strong>Aktif i\u00e7erik<\/strong><\/p>\n<p>Scrub palmetto veya Saw Palmetto<em>(Serenoa repens<\/em>) prostatik hiperplaziyi tetikleyen enzimin aktivitesini inhibe eder. Kad\u0131nlarda androjenik tip kelli\u011fe kar\u015f\u0131 koyan mekanizmalara kat\u0131l\u0131r. Gonadlar dahil endokrin sistemi uyar\u0131r, sperm salg\u0131s\u0131n\u0131 ve libidoyu art\u0131r\u0131r ve genito\u00fcriner sistem enfeksiyonlar\u0131nda antiinflamatuar etkiye sahiptir.<\/p>\n<p><strong>\u00dcr\u00fcn kodu <\/strong>: 630 <strong>Kategori <\/strong>: G\u0131da Takviyeleri <strong>Se\u00e7ilen \u00fcr\u00fcnler: <\/strong>\u015eimdi stokta<\/p>\n<p><strong><span style=\"text-decoration: underline;\">\u0130\u00e7indekiler<\/span><\/strong><\/p>\n<p>G\u0131da takviyesi Saw Palmetto bir lipid-sterol bile\u015fikleri (beta-sitosterol) kayna\u011f\u0131d\u0131r.<\/p>\n<p><strong>\u0130\u00e7erik (1 kaps\u00fcl)<\/strong>: Saw palmetto meyvesi (Serenoa repens) &#8211; 550 mg. Aktif Olmayan Bile\u015fenler: jelatin.<\/p>\n<p><span style=\"text-decoration: underline;\"><strong>Kullan\u0131m<\/strong><\/span><\/p>\n<p>Yeti\u015fkinler i\u00e7in, g\u00fcnde iki kez yemeklerle birlikte bir kaps\u00fcl. Kullan\u0131m s\u00fcresi \u00fc\u00e7 ayd\u0131r.<\/p>\n<p><strong>Kontrendikasyonlar:<\/strong> \u00fcr\u00fcne kar\u015f\u0131 bireysel intolerans.<\/p>\n<\/div>\r\n            <\/div>\r\n        <\/div>\r\n\r\n\n","protected":false},"excerpt":{"rendered":"<ul>\n<li><span lang=\"TR\">Saw palmetto \/ C\u00fcce palmiye i\u00e7eren g\u0131da takviyesidir.<\/span><\/li>\n<\/ul>\n","protected":false},"featured_media":8027,"template":"","meta":{"_acf_changed":false},"product_cat":[397],"product_tag":[],"class_list":{"0":"post-8026","1":"product","2":"type-product","3":"status-publish","4":"has-post-thumbnail","6":"product_cat-heath","7":"pa_body-systems-erkek-ureme","8":"pa_health-topics-erkek-sagligi","9":"pa_product-categories-onkoprotektorler","10":"pa_product-categories-parafarmasotikler","12":"first","13":"instock","14":"sale","15":"shipping-taxable","16":"purchasable","17":"product-type-simple"},"acf":[],"yoast_head":"<!-- This site is optimized with the Yoast SEO plugin v22.3 - https:\/\/yoast.com\/wordpress\/plugins\/seo\/ -->\n<title>C\u00fcce palmiye NSP | Dietary Supplements<\/title>\n<meta name=\"description\" content=\"Saw Palmetto NSP: Prostat bezinin i\u015flevini d\u00fczenler, g\u00fcc\u00fc art\u0131r\u0131r ve erkeklerin \u00fcreme i\u015flevini korur.\" \/>\n<meta name=\"robots\" content=\"index, follow, max-snippet:-1, max-image-preview:large, max-video-preview:-1\" \/>\n<link rel=\"canonical\" href=\"https:\/\/nspshop.net\/tr\/urun\/saw-palmetto-nsp\/\" \/>\n<meta property=\"og:locale\" content=\"tr_TR\" \/>\n<meta property=\"og:type\" content=\"article\" \/>\n<meta property=\"og:title\" content=\"C\u00fcce palmiye NSP | Dietary Supplements\" \/>\n<meta property=\"og:description\" content=\"Saw Palmetto NSP: Prostat bezinin i\u015flevini d\u00fczenler, g\u00fcc\u00fc art\u0131r\u0131r ve erkeklerin \u00fcreme i\u015flevini korur.\" \/>\n<meta property=\"og:url\" content=\"https:\/\/nspshop.net\/tr\/urun\/saw-palmetto-nsp\/\" \/>\n<meta property=\"og:site_name\" content=\"Dietary Supplements\" \/>\n<meta property=\"article:modified_time\" content=\"2024-03-31T08:30:49+00:00\" \/>\n<meta property=\"og:image\" content=\"https:\/\/nspshop.net\/wp-content\/uploads\/2023\/06\/Saw_Palmetto.webp\" \/>\n\t<meta property=\"og:image:width\" content=\"1080\" \/>\n\t<meta property=\"og:image:height\" content=\"1080\" \/>\n\t<meta property=\"og:image:type\" content=\"image\/webp\" \/>\n<meta name=\"twitter:card\" content=\"summary_large_image\" \/>\n<meta name=\"twitter:label1\" content=\"Tahmini okuma s\u00fcresi\" \/>\n\t<meta name=\"twitter:data1\" content=\"1 dakika\" \/>\n<script type=\"application\/ld+json\" class=\"yoast-schema-graph\">{\"@context\":\"https:\/\/schema.org\",\"@graph\":[{\"@type\":\"WebPage\",\"@id\":\"https:\/\/nspshop.net\/tr\/urun\/saw-palmetto-nsp\/\",\"url\":\"https:\/\/nspshop.net\/tr\/urun\/saw-palmetto-nsp\/\",\"name\":\"C\u00fcce palmiye NSP | Dietary Supplements\",\"isPartOf\":{\"@id\":\"https:\/\/nspshop.net\/#website\"},\"primaryImageOfPage\":{\"@id\":\"https:\/\/nspshop.net\/tr\/urun\/saw-palmetto-nsp\/#primaryimage\"},\"image\":{\"@id\":\"https:\/\/nspshop.net\/tr\/urun\/saw-palmetto-nsp\/#primaryimage\"},\"thumbnailUrl\":\"https:\/\/nspshop.net\/wp-content\/uploads\/2023\/06\/Saw_Palmetto.webp\",\"datePublished\":\"2023-06-04T06:11:12+00:00\",\"dateModified\":\"2024-03-31T08:30:49+00:00\",\"description\":\"Saw Palmetto NSP: Prostat bezinin i\u015flevini d\u00fczenler, g\u00fcc\u00fc art\u0131r\u0131r ve erkeklerin \u00fcreme i\u015flevini korur.\",\"breadcrumb\":{\"@id\":\"https:\/\/nspshop.net\/tr\/urun\/saw-palmetto-nsp\/#breadcrumb\"},\"inLanguage\":\"tr\",\"potentialAction\":[{\"@type\":\"ReadAction\",\"target\":[\"https:\/\/nspshop.net\/tr\/urun\/saw-palmetto-nsp\/\"]}]},{\"@type\":\"ImageObject\",\"inLanguage\":\"tr\",\"@id\":\"https:\/\/nspshop.net\/tr\/urun\/saw-palmetto-nsp\/#primaryimage\",\"url\":\"https:\/\/nspshop.net\/wp-content\/uploads\/2023\/06\/Saw_Palmetto.webp\",\"contentUrl\":\"https:\/\/nspshop.net\/wp-content\/uploads\/2023\/06\/Saw_Palmetto.webp\",\"width\":1080,\"height\":1080,\"caption\":\"Saw Palmetto NSP\"},{\"@type\":\"BreadcrumbList\",\"@id\":\"https:\/\/nspshop.net\/tr\/urun\/saw-palmetto-nsp\/#breadcrumb\",\"itemListElement\":[{\"@type\":\"ListItem\",\"position\":1,\"name\":\"\u0413\u043b\u0430\u0432\u043d\u0430\u044f \u0441\u0442\u0440\u0430\u043d\u0438\u0446\u0430\",\"item\":\"https:\/\/nspshop.net\/\"},{\"@type\":\"ListItem\",\"position\":2,\"name\":\"D\u00fckk\u00e2n\",\"item\":\"https:\/\/nspshop.net\/tr\/shop\/\"},{\"@type\":\"ListItem\",\"position\":3,\"name\":\"C\u00fcce palmiye NSP\"}]},{\"@type\":\"WebSite\",\"@id\":\"https:\/\/nspshop.net\/#website\",\"url\":\"https:\/\/nspshop.net\/\",\"name\":\"Dietary Supplements\",\"description\":\"BuyNSP\",\"publisher\":{\"@id\":\"https:\/\/nspshop.net\/#organization\"},\"potentialAction\":[{\"@type\":\"SearchAction\",\"target\":{\"@type\":\"EntryPoint\",\"urlTemplate\":\"https:\/\/nspshop.net\/?s={search_term_string}\"},\"query-input\":\"required name=search_term_string\"}],\"inLanguage\":\"tr\"},{\"@type\":\"Organization\",\"@id\":\"https:\/\/nspshop.net\/#organization\",\"name\":\"Dietary Supplements\",\"alternateName\":\"BuyNSP\",\"url\":\"https:\/\/nspshop.net\/\",\"logo\":{\"@type\":\"ImageObject\",\"inLanguage\":\"tr\",\"@id\":\"https:\/\/nspshop.net\/#\/schema\/logo\/image\/\",\"url\":\"https:\/\/nspshop.net\/wp-content\/uploads\/2023\/06\/cropped-Logo-NSP.png\",\"contentUrl\":\"https:\/\/nspshop.net\/wp-content\/uploads\/2023\/06\/cropped-Logo-NSP.png\",\"width\":512,\"height\":512,\"caption\":\"Dietary Supplements\"},\"image\":{\"@id\":\"https:\/\/nspshop.net\/#\/schema\/logo\/image\/\"}}]}<\/script>\n<!-- \/ Yoast SEO plugin. -->","yoast_head_json":{"title":"C\u00fcce palmiye NSP | Dietary Supplements","description":"Saw Palmetto NSP: Prostat bezinin i\u015flevini d\u00fczenler, g\u00fcc\u00fc art\u0131r\u0131r ve erkeklerin \u00fcreme i\u015flevini korur.","robots":{"index":"index","follow":"follow","max-snippet":"max-snippet:-1","max-image-preview":"max-image-preview:large","max-video-preview":"max-video-preview:-1"},"canonical":"https:\/\/nspshop.net\/tr\/urun\/saw-palmetto-nsp\/","og_locale":"tr_TR","og_type":"article","og_title":"C\u00fcce palmiye NSP | Dietary Supplements","og_description":"Saw Palmetto NSP: Prostat bezinin i\u015flevini d\u00fczenler, g\u00fcc\u00fc art\u0131r\u0131r ve erkeklerin \u00fcreme i\u015flevini korur.","og_url":"https:\/\/nspshop.net\/tr\/urun\/saw-palmetto-nsp\/","og_site_name":"Dietary Supplements","article_modified_time":"2024-03-31T08:30:49+00:00","og_image":[{"width":1080,"height":1080,"url":"https:\/\/nspshop.net\/wp-content\/uploads\/2023\/06\/Saw_Palmetto.webp","type":"image\/webp"}],"twitter_card":"summary_large_image","twitter_misc":{"Tahmini okuma s\u00fcresi":"1 dakika"},"schema":{"@context":"https:\/\/schema.org","@graph":[{"@type":"WebPage","@id":"https:\/\/nspshop.net\/tr\/urun\/saw-palmetto-nsp\/","url":"https:\/\/nspshop.net\/tr\/urun\/saw-palmetto-nsp\/","name":"C\u00fcce palmiye NSP | Dietary Supplements","isPartOf":{"@id":"https:\/\/nspshop.net\/#website"},"primaryImageOfPage":{"@id":"https:\/\/nspshop.net\/tr\/urun\/saw-palmetto-nsp\/#primaryimage"},"image":{"@id":"https:\/\/nspshop.net\/tr\/urun\/saw-palmetto-nsp\/#primaryimage"},"thumbnailUrl":"https:\/\/nspshop.net\/wp-content\/uploads\/2023\/06\/Saw_Palmetto.webp","datePublished":"2023-06-04T06:11:12+00:00","dateModified":"2024-03-31T08:30:49+00:00","description":"Saw Palmetto NSP: Prostat bezinin i\u015flevini d\u00fczenler, g\u00fcc\u00fc art\u0131r\u0131r ve erkeklerin \u00fcreme i\u015flevini korur.","breadcrumb":{"@id":"https:\/\/nspshop.net\/tr\/urun\/saw-palmetto-nsp\/#breadcrumb"},"inLanguage":"tr","potentialAction":[{"@type":"ReadAction","target":["https:\/\/nspshop.net\/tr\/urun\/saw-palmetto-nsp\/"]}]},{"@type":"ImageObject","inLanguage":"tr","@id":"https:\/\/nspshop.net\/tr\/urun\/saw-palmetto-nsp\/#primaryimage","url":"https:\/\/nspshop.net\/wp-content\/uploads\/2023\/06\/Saw_Palmetto.webp","contentUrl":"https:\/\/nspshop.net\/wp-content\/uploads\/2023\/06\/Saw_Palmetto.webp","width":1080,"height":1080,"caption":"Saw Palmetto NSP"},{"@type":"BreadcrumbList","@id":"https:\/\/nspshop.net\/tr\/urun\/saw-palmetto-nsp\/#breadcrumb","itemListElement":[{"@type":"ListItem","position":1,"name":"\u0413\u043b\u0430\u0432\u043d\u0430\u044f \u0441\u0442\u0440\u0430\u043d\u0438\u0446\u0430","item":"https:\/\/nspshop.net\/"},{"@type":"ListItem","position":2,"name":"D\u00fckk\u00e2n","item":"https:\/\/nspshop.net\/tr\/shop\/"},{"@type":"ListItem","position":3,"name":"C\u00fcce palmiye NSP"}]},{"@type":"WebSite","@id":"https:\/\/nspshop.net\/#website","url":"https:\/\/nspshop.net\/","name":"Dietary Supplements","description":"BuyNSP","publisher":{"@id":"https:\/\/nspshop.net\/#organization"},"potentialAction":[{"@type":"SearchAction","target":{"@type":"EntryPoint","urlTemplate":"https:\/\/nspshop.net\/?s={search_term_string}"},"query-input":"required name=search_term_string"}],"inLanguage":"tr"},{"@type":"Organization","@id":"https:\/\/nspshop.net\/#organization","name":"Dietary Supplements","alternateName":"BuyNSP","url":"https:\/\/nspshop.net\/","logo":{"@type":"ImageObject","inLanguage":"tr","@id":"https:\/\/nspshop.net\/#\/schema\/logo\/image\/","url":"https:\/\/nspshop.net\/wp-content\/uploads\/2023\/06\/cropped-Logo-NSP.png","contentUrl":"https:\/\/nspshop.net\/wp-content\/uploads\/2023\/06\/cropped-Logo-NSP.png","width":512,"height":512,"caption":"Dietary Supplements"},"image":{"@id":"https:\/\/nspshop.net\/#\/schema\/logo\/image\/"}}]}},"_links":{"self":[{"href":"https:\/\/nspshop.net\/tr\/wp-json\/wp\/v2\/product\/8026","targetHints":{"allow":["GET"]}}],"collection":[{"href":"https:\/\/nspshop.net\/tr\/wp-json\/wp\/v2\/product"}],"about":[{"href":"https:\/\/nspshop.net\/tr\/wp-json\/wp\/v2\/types\/product"}],"wp:featuredmedia":[{"embeddable":true,"href":"https:\/\/nspshop.net\/tr\/wp-json\/wp\/v2\/media\/8027"}],"wp:attachment":[{"href":"https:\/\/nspshop.net\/tr\/wp-json\/wp\/v2\/media?parent=8026"}],"wp:term":[{"taxonomy":"product_cat","embeddable":true,"href":"https:\/\/nspshop.net\/tr\/wp-json\/wp\/v2\/product_cat?post=8026"},{"taxonomy":"product_tag","embeddable":true,"href":"https:\/\/nspshop.net\/tr\/wp-json\/wp\/v2\/product_tag?post=8026"}],"curies":[{"name":"wp","href":"https:\/\/api.w.org\/{rel}","templated":true}]}}