{"id":8028,"date":"2023-06-04T08:29:39","date_gmt":"2023-06-04T05:29:39","guid":{"rendered":"https:\/\/nspshop.net\/product\/e-vitamini-nsp\/"},"modified":"2024-03-31T11:32:33","modified_gmt":"2024-03-31T08:32:33","slug":"e-vitamini-nsp","status":"publish","type":"product","link":"https:\/\/nspshop.net\/tr\/urun\/e-vitamini-nsp\/","title":{"rendered":"Vitamin E NSP"},"content":{"rendered":"\r\n        <div class=\"med_worker_introduce_text \">\r\n\r\n            Bu b\u00f6l\u00fcm sadece <span class=\"med_anchor_link\"> <b>Sa\u011fl\u0131k profesyonelleri<\/b> i\u00e7indir<\/span>\r\n\r\n        <\/div>\r\n\r\n        <div class=\"med_worker_popup_wrapper hide\" style=\"background-color: rgba(10,10,10,0.3)\">\r\n            <div class=\"med_worker_popup\" style=\"width:1024px; height:600px;background-color:#ffffff; border-radius: 10px;\">\r\n                <div class=\"med_worker_confirmation\">\r\n                    <span style=\"font-size: 20px\">\r\n                        Sa\u011fl\u0131k profesyoneli misiniz?                    <\/span>\r\n                    <div class=\"med_worker_buttons\">\r\n                        <a href=\"\" class=\"confirm\" style=\"background-color:#0d594e; color: #ffffff;\">Evet<\/a>\r\n                        <a href=\"\" class=\"reject\" style=\"background-color:#bc2b2b; color: #0a0a0a;\">Hay\u0131r<\/a>\r\n                    <\/div>\r\n                <\/div>\r\n                <div class=\"med_worker_decription hide\"><h1>E Vitamini NSP \u00e7ok \u00f6nemlidir!<\/h1>\n<p>E vitamini, h\u00fccre zarlar\u0131n\u0131 serbest radikallerden koruyan en aktif antioksidan olarak kabul edilir.<br \/>\nE Vitamini NSP, sindirim sistemindeki ya\u011flar\u0131n normal sindirimi i\u00e7in gereklidir. Kolesterol de dahil olmak \u00fczere d\u00fc\u015f\u00fck yo\u011funluklu lipoproteinlerin oksidasyonunu \u00f6nler. E vitamininin bu niteli\u011fi normal kardiyovask\u00fcler fonksiyon i\u00e7in \u00e7ok \u00f6nemlidir.<\/p>\n<p>\u0130ns\u00fclin ve trigliserit seviyelerini d\u00fc\u015f\u00fcr\u00fcr, b\u00f6ylece kardiyovask\u00fcler hastal\u0131k geli\u015fimini geciktirir. Ayr\u0131ca kan p\u0131ht\u0131lar\u0131n\u0131n olu\u015fumunu \u00f6nler ve onlar\u0131 \u00e7\u00f6zer, b\u00f6ylece kalp krizlerini ve ateroskleroz geli\u015fimini \u00f6nler.<\/p>\n<p>E vitamini \u00fcreme fonksiyonunu ve cinsel aktiviteyi d\u00fczenler ve menopoz semptomlar\u0131n\u0131n \u015fiddetini hafifletir.<\/p>\n<p>Ayr\u0131ca, E vitamini v\u00fccuttaki A vitamini ve demirin yenilenmesinde rol oynar.<\/p>\n<p>Bilim insanlar\u0131 g\u0131dalardan yeterli miktarda E vitamini alman\u0131n m\u00fcmk\u00fcn olmad\u0131\u011f\u0131n\u0131 s\u00f6yl\u00fcyor. Bu y\u00fczden E vitamini takviyesi olarak al\u0131nmal\u0131d\u0131r.<\/p>\n<p>Bilimsel \u00e7al\u0131\u015fmalar, do\u011fal E vitamininin sentetikten iki kat daha etkili oldu\u011funu do\u011frulamaktad\u0131r.<\/p>\n<h2>Do\u011fal E vitamini<\/h2>\n<p>Piyasadaki E vitamini preparatlar\u0131n\u0131n \u00e7o\u011fu yapay kimyasal bile\u015fiklerdir (dl-tokoferol).<br \/>\n\u00d6nerilen \u00fcr\u00fcndeki E Vitamini y\u00fcksek kaliteli, \u00e7evre dostu bitki materyalinden \u00fcretilmi\u015ftir ve bile\u015fim olarak g\u0131dalarda bulunan E vitaminine (D-alfa-tokoferol, D-beta, D-gama) benzer bir tokoferol kar\u0131\u015f\u0131m\u0131d\u0131r.<\/p>\n<h3>Sporcular i\u00e7in E Vitamini<\/h3>\n<p>Bazen insanlar uzun s\u00fcre e\u011fitime gidememe durumuyla kar\u015f\u0131 kar\u015f\u0131ya kal\u0131rlar (\u00fcniversitede bir oturum, i\u015fte uzun bir i\u015f gezisi, uzun s\u00fcreli bir tatil veya hastal\u0131k vb.) Bir veya iki hafta ka\u00e7\u0131r\u0131rsan\u0131z, daha da faydal\u0131 olacakt\u0131r &#8211; kaslar ve CNS tam bir iyile\u015fme sa\u011flayacakt\u0131r. Bir ya da iki ay atlarsan\u0131z, durum daha az umut verici g\u00f6r\u00fcn\u00fcyor.<br \/>\nD\u00fczenli antrenman s\u0131ras\u0131nda hipertrofiye u\u011frayan kas lifleri b\u00fcz\u00fc\u015febilir \u00e7\u00fcnk\u00fc v\u00fccudun onlara &#8220;hizmet&#8221; etmesi gerekmez. K\u00fctle ne kadar b\u00fcy\u00fckse, \u00f6nemli bir k\u0131sm\u0131n\u0131 kaybetme \u015fans\u0131 da o kadar b\u00fcy\u00fckt\u00fcr. Buna ek olarak, kaslar ne kadar sert in\u015fa edilirse, buna katk\u0131da bulunan fakt\u00f6rlere maruz kald\u0131klar\u0131nda (\u00f6zellikle kuvvet egzersizlerinin uzun s\u00fcre yap\u0131lmamas\u0131) o kadar kolay (daha h\u0131zl\u0131) k\u00fc\u00e7\u00fcl\u00fcrler.<\/p>\n<p>Peki kaslar nas\u0131l kaybedilmez? Bu soruna bir \u00e7\u00f6z\u00fcm E vitamini al\u0131m\u0131 olabilir. Amerikal\u0131 bilim insanlar\u0131 yapt\u0131klar\u0131 deneyler sonucunda E vitamininin kas h\u00fccresi zarlar\u0131n\u0131 g\u00fc\u00e7lendirdi\u011fini ve kas h\u00fccrelerini k\u00f6relten maddelerin bu zarlardan ge\u00e7mesini engelledi\u011fini bulmu\u015flard\u0131r.<\/p>\n<p>E Vitamininin ayr\u0131ca zar\u0131n ana bile\u015fenlerinden baz\u0131lar\u0131 olan fosfolipidleri de destekledi\u011fi bulunmu\u015ftur. E vitamini ihtiyac\u0131 sadece egzersizin yoklu\u011funda de\u011fil, varl\u0131\u011f\u0131nda da ge\u00e7erlidir. \u00d6rne\u011fin, bu vitaminin eksikli\u011fi kaslardaki miyozin, glikojen, potasyum, magnezyum, fosfor ve kreatin miktar\u0131n\u0131 azalt\u0131r. Bu ko\u015fullar alt\u0131nda sporcu hipotansiyon ve kaslarda g\u00fc\u00e7s\u00fczl\u00fck ya\u015far.<\/p>\n<p>Egzersiz yap\u0131lmayan zamanlarda kas kayb\u0131n\u0131 \u00f6nlemek i\u00e7in g\u00fcnl\u00fck 50-100 mg dozunda E vitamini al\u0131nmal\u0131d\u0131r. Bu tavsiyeye sadece uzun s\u00fcreli istenmeyen egzersiz eksikli\u011fi durumlar\u0131nda de\u011fil, ayn\u0131 zamanda egzersizden planlanm\u0131\u015f dinlenme d\u00f6nemlerinde de uyulabilir.<\/p>\n<p><strong>\u00dcr\u00fcn kodu <\/strong>: 1650 <strong>Kategori <\/strong>: G\u0131da Takviyeleri <strong>Se\u00e7ilen \u00fcr\u00fcnler: <\/strong>\u015eimdi stokta<\/p>\n<p><strong><span style=\"text-decoration: underline;\">\u0130\u00e7indekiler<\/span><\/strong><\/p>\n<p>G\u0131da takviyesi E vitamini ek bir E vitamini kayna\u011f\u0131d\u0131r.<\/p>\n<p><strong>\u0130\u00e7erik <\/strong>(1 kaps\u00fcl): E Vitamini (d-alfa-tokoferol) &#8211; 100 ME<\/p>\n<p><strong>Aktif Olmayan Bile\u015fenler:<\/strong> jelatin.<\/p>\n<p><strong><span style=\"text-decoration: underline;\">Kullan\u0131m<\/span><\/strong><\/p>\n<p>Yeti\u015fkinler i\u00e7in yemekle birlikte g\u00fcnde bir kaps\u00fcl. Kullan\u0131m s\u00fcresi bir ayd\u0131r.<\/p>\n<p>Kontrendikasyonlar: ki\u015fisel intolerans, hamilelik ve emzirme.<\/p>\n<\/div>\r\n            <\/div>\r\n        <\/div>\r\n\r\n\n","protected":false},"excerpt":{"rendered":"<ul>\n<li>E vitamini h\u00fccrelerin oksidatif stresten korunmas\u0131na katk\u0131da bulunur<\/li>\n<\/ul>\n","protected":false},"featured_media":8029,"template":"","meta":{"_acf_changed":false},"product_cat":[397],"product_tag":[],"class_list":{"0":"post-8028","1":"product","2":"type-product","3":"status-publish","4":"has-post-thumbnail","6":"product_cat-heath","7":"pa_body-systems-endokrin-tr","8":"pa_body-systems-erkek-ureme","9":"pa_body-systems-kadin-ureme","10":"pa_body-systems-kardiyovaskuler","11":"pa_body-systems-skin-hair-nails-tr-2","12":"pa_body-systems-vision-tr","13":"pa_health-topics-erkek-sagligi","14":"pa_health-topics-goz-sagligi","15":"pa_health-topics-hafiza-ve-beyin","16":"pa_health-topics-hamile-emziren","17":"pa_health-topics-kadin-sagligi","18":"pa_health-topics-kalp-sagligi","19":"pa_health-topics-sac-cilt-tirnaklar","20":"pa_health-topics-stres-rahatlama-uyku-tr","21":"pa_product-categories-antioxidants-tr","22":"pa_product-categories-estrojen-progesteron","23":"pa_product-categories-hepatoprotectors-tr","24":"pa_product-categories-nutrasotikler","25":"pa_product-categories-onkoprotektorler","26":"pa_product-categories-vitamins-and-minerals-tr","28":"first","29":"outofstock","30":"sale","31":"shipping-taxable","32":"purchasable","33":"product-type-simple"},"acf":[],"yoast_head":"<!-- This site is optimized with the Yoast SEO plugin v22.3 - https:\/\/yoast.com\/wordpress\/plugins\/seo\/ -->\n<title>Vitamin E NSP | Dietary Supplements<\/title>\n<meta name=\"description\" content=\"Vitamin E NSP: Kad\u0131n \u00fcreme sistemi \u00fczerinde olumlu etki sa\u011flar. Kan p\u0131ht\u0131la\u015fmas\u0131n\u0131 azalt\u0131r. Ba\u011f\u0131\u015f\u0131kl\u0131k sistemini g\u00fc\u00e7lendirir.\" \/>\n<meta name=\"robots\" content=\"index, follow, max-snippet:-1, max-image-preview:large, max-video-preview:-1\" \/>\n<link rel=\"canonical\" href=\"https:\/\/nspshop.net\/tr\/urun\/e-vitamini-nsp\/\" \/>\n<meta property=\"og:locale\" content=\"tr_TR\" \/>\n<meta property=\"og:type\" content=\"article\" \/>\n<meta property=\"og:title\" content=\"Vitamin E NSP | Dietary Supplements\" \/>\n<meta property=\"og:description\" content=\"Vitamin E NSP: Kad\u0131n \u00fcreme sistemi \u00fczerinde olumlu etki sa\u011flar. Kan p\u0131ht\u0131la\u015fmas\u0131n\u0131 azalt\u0131r. Ba\u011f\u0131\u015f\u0131kl\u0131k sistemini g\u00fc\u00e7lendirir.\" \/>\n<meta property=\"og:url\" content=\"https:\/\/nspshop.net\/tr\/urun\/e-vitamini-nsp\/\" \/>\n<meta property=\"og:site_name\" content=\"Dietary Supplements\" \/>\n<meta property=\"article:modified_time\" content=\"2024-03-31T08:32:33+00:00\" \/>\n<meta property=\"og:image\" content=\"https:\/\/nspshop.net\/wp-content\/uploads\/2023\/06\/Vitamin_E.webp\" \/>\n\t<meta property=\"og:image:width\" content=\"1080\" \/>\n\t<meta property=\"og:image:height\" content=\"1080\" \/>\n\t<meta property=\"og:image:type\" content=\"image\/webp\" \/>\n<meta name=\"twitter:card\" content=\"summary_large_image\" \/>\n<meta name=\"twitter:label1\" content=\"Tahmini okuma s\u00fcresi\" \/>\n\t<meta name=\"twitter:data1\" content=\"1 dakika\" \/>\n<script type=\"application\/ld+json\" class=\"yoast-schema-graph\">{\"@context\":\"https:\/\/schema.org\",\"@graph\":[{\"@type\":\"WebPage\",\"@id\":\"https:\/\/nspshop.net\/tr\/urun\/e-vitamini-nsp\/\",\"url\":\"https:\/\/nspshop.net\/tr\/urun\/e-vitamini-nsp\/\",\"name\":\"Vitamin E NSP | Dietary Supplements\",\"isPartOf\":{\"@id\":\"https:\/\/nspshop.net\/#website\"},\"primaryImageOfPage\":{\"@id\":\"https:\/\/nspshop.net\/tr\/urun\/e-vitamini-nsp\/#primaryimage\"},\"image\":{\"@id\":\"https:\/\/nspshop.net\/tr\/urun\/e-vitamini-nsp\/#primaryimage\"},\"thumbnailUrl\":\"https:\/\/nspshop.net\/wp-content\/uploads\/2023\/06\/Vitamin_E.webp\",\"datePublished\":\"2023-06-04T05:29:39+00:00\",\"dateModified\":\"2024-03-31T08:32:33+00:00\",\"description\":\"Vitamin E NSP: Kad\u0131n \u00fcreme sistemi \u00fczerinde olumlu etki sa\u011flar. Kan p\u0131ht\u0131la\u015fmas\u0131n\u0131 azalt\u0131r. Ba\u011f\u0131\u015f\u0131kl\u0131k sistemini g\u00fc\u00e7lendirir.\",\"breadcrumb\":{\"@id\":\"https:\/\/nspshop.net\/tr\/urun\/e-vitamini-nsp\/#breadcrumb\"},\"inLanguage\":\"tr\",\"potentialAction\":[{\"@type\":\"ReadAction\",\"target\":[\"https:\/\/nspshop.net\/tr\/urun\/e-vitamini-nsp\/\"]}]},{\"@type\":\"ImageObject\",\"inLanguage\":\"tr\",\"@id\":\"https:\/\/nspshop.net\/tr\/urun\/e-vitamini-nsp\/#primaryimage\",\"url\":\"https:\/\/nspshop.net\/wp-content\/uploads\/2023\/06\/Vitamin_E.webp\",\"contentUrl\":\"https:\/\/nspshop.net\/wp-content\/uploads\/2023\/06\/Vitamin_E.webp\",\"width\":1080,\"height\":1080,\"caption\":\"Vitamin E NSP\"},{\"@type\":\"BreadcrumbList\",\"@id\":\"https:\/\/nspshop.net\/tr\/urun\/e-vitamini-nsp\/#breadcrumb\",\"itemListElement\":[{\"@type\":\"ListItem\",\"position\":1,\"name\":\"\u0413\u043b\u0430\u0432\u043d\u0430\u044f \u0441\u0442\u0440\u0430\u043d\u0438\u0446\u0430\",\"item\":\"https:\/\/nspshop.net\/\"},{\"@type\":\"ListItem\",\"position\":2,\"name\":\"D\u00fckk\u00e2n\",\"item\":\"https:\/\/nspshop.net\/tr\/shop\/\"},{\"@type\":\"ListItem\",\"position\":3,\"name\":\"Vitamin E NSP\"}]},{\"@type\":\"WebSite\",\"@id\":\"https:\/\/nspshop.net\/#website\",\"url\":\"https:\/\/nspshop.net\/\",\"name\":\"Dietary Supplements\",\"description\":\"BuyNSP\",\"publisher\":{\"@id\":\"https:\/\/nspshop.net\/#organization\"},\"potentialAction\":[{\"@type\":\"SearchAction\",\"target\":{\"@type\":\"EntryPoint\",\"urlTemplate\":\"https:\/\/nspshop.net\/?s={search_term_string}\"},\"query-input\":\"required name=search_term_string\"}],\"inLanguage\":\"tr\"},{\"@type\":\"Organization\",\"@id\":\"https:\/\/nspshop.net\/#organization\",\"name\":\"Dietary Supplements\",\"alternateName\":\"BuyNSP\",\"url\":\"https:\/\/nspshop.net\/\",\"logo\":{\"@type\":\"ImageObject\",\"inLanguage\":\"tr\",\"@id\":\"https:\/\/nspshop.net\/#\/schema\/logo\/image\/\",\"url\":\"https:\/\/nspshop.net\/wp-content\/uploads\/2023\/06\/cropped-Logo-NSP.png\",\"contentUrl\":\"https:\/\/nspshop.net\/wp-content\/uploads\/2023\/06\/cropped-Logo-NSP.png\",\"width\":512,\"height\":512,\"caption\":\"Dietary Supplements\"},\"image\":{\"@id\":\"https:\/\/nspshop.net\/#\/schema\/logo\/image\/\"}}]}<\/script>\n<!-- \/ Yoast SEO plugin. -->","yoast_head_json":{"title":"Vitamin E NSP | Dietary Supplements","description":"Vitamin E NSP: Kad\u0131n \u00fcreme sistemi \u00fczerinde olumlu etki sa\u011flar. Kan p\u0131ht\u0131la\u015fmas\u0131n\u0131 azalt\u0131r. Ba\u011f\u0131\u015f\u0131kl\u0131k sistemini g\u00fc\u00e7lendirir.","robots":{"index":"index","follow":"follow","max-snippet":"max-snippet:-1","max-image-preview":"max-image-preview:large","max-video-preview":"max-video-preview:-1"},"canonical":"https:\/\/nspshop.net\/tr\/urun\/e-vitamini-nsp\/","og_locale":"tr_TR","og_type":"article","og_title":"Vitamin E NSP | Dietary Supplements","og_description":"Vitamin E NSP: Kad\u0131n \u00fcreme sistemi \u00fczerinde olumlu etki sa\u011flar. Kan p\u0131ht\u0131la\u015fmas\u0131n\u0131 azalt\u0131r. Ba\u011f\u0131\u015f\u0131kl\u0131k sistemini g\u00fc\u00e7lendirir.","og_url":"https:\/\/nspshop.net\/tr\/urun\/e-vitamini-nsp\/","og_site_name":"Dietary Supplements","article_modified_time":"2024-03-31T08:32:33+00:00","og_image":[{"width":1080,"height":1080,"url":"https:\/\/nspshop.net\/wp-content\/uploads\/2023\/06\/Vitamin_E.webp","type":"image\/webp"}],"twitter_card":"summary_large_image","twitter_misc":{"Tahmini okuma s\u00fcresi":"1 dakika"},"schema":{"@context":"https:\/\/schema.org","@graph":[{"@type":"WebPage","@id":"https:\/\/nspshop.net\/tr\/urun\/e-vitamini-nsp\/","url":"https:\/\/nspshop.net\/tr\/urun\/e-vitamini-nsp\/","name":"Vitamin E NSP | Dietary Supplements","isPartOf":{"@id":"https:\/\/nspshop.net\/#website"},"primaryImageOfPage":{"@id":"https:\/\/nspshop.net\/tr\/urun\/e-vitamini-nsp\/#primaryimage"},"image":{"@id":"https:\/\/nspshop.net\/tr\/urun\/e-vitamini-nsp\/#primaryimage"},"thumbnailUrl":"https:\/\/nspshop.net\/wp-content\/uploads\/2023\/06\/Vitamin_E.webp","datePublished":"2023-06-04T05:29:39+00:00","dateModified":"2024-03-31T08:32:33+00:00","description":"Vitamin E NSP: Kad\u0131n \u00fcreme sistemi \u00fczerinde olumlu etki sa\u011flar. Kan p\u0131ht\u0131la\u015fmas\u0131n\u0131 azalt\u0131r. Ba\u011f\u0131\u015f\u0131kl\u0131k sistemini g\u00fc\u00e7lendirir.","breadcrumb":{"@id":"https:\/\/nspshop.net\/tr\/urun\/e-vitamini-nsp\/#breadcrumb"},"inLanguage":"tr","potentialAction":[{"@type":"ReadAction","target":["https:\/\/nspshop.net\/tr\/urun\/e-vitamini-nsp\/"]}]},{"@type":"ImageObject","inLanguage":"tr","@id":"https:\/\/nspshop.net\/tr\/urun\/e-vitamini-nsp\/#primaryimage","url":"https:\/\/nspshop.net\/wp-content\/uploads\/2023\/06\/Vitamin_E.webp","contentUrl":"https:\/\/nspshop.net\/wp-content\/uploads\/2023\/06\/Vitamin_E.webp","width":1080,"height":1080,"caption":"Vitamin E NSP"},{"@type":"BreadcrumbList","@id":"https:\/\/nspshop.net\/tr\/urun\/e-vitamini-nsp\/#breadcrumb","itemListElement":[{"@type":"ListItem","position":1,"name":"\u0413\u043b\u0430\u0432\u043d\u0430\u044f \u0441\u0442\u0440\u0430\u043d\u0438\u0446\u0430","item":"https:\/\/nspshop.net\/"},{"@type":"ListItem","position":2,"name":"D\u00fckk\u00e2n","item":"https:\/\/nspshop.net\/tr\/shop\/"},{"@type":"ListItem","position":3,"name":"Vitamin E NSP"}]},{"@type":"WebSite","@id":"https:\/\/nspshop.net\/#website","url":"https:\/\/nspshop.net\/","name":"Dietary Supplements","description":"BuyNSP","publisher":{"@id":"https:\/\/nspshop.net\/#organization"},"potentialAction":[{"@type":"SearchAction","target":{"@type":"EntryPoint","urlTemplate":"https:\/\/nspshop.net\/?s={search_term_string}"},"query-input":"required name=search_term_string"}],"inLanguage":"tr"},{"@type":"Organization","@id":"https:\/\/nspshop.net\/#organization","name":"Dietary Supplements","alternateName":"BuyNSP","url":"https:\/\/nspshop.net\/","logo":{"@type":"ImageObject","inLanguage":"tr","@id":"https:\/\/nspshop.net\/#\/schema\/logo\/image\/","url":"https:\/\/nspshop.net\/wp-content\/uploads\/2023\/06\/cropped-Logo-NSP.png","contentUrl":"https:\/\/nspshop.net\/wp-content\/uploads\/2023\/06\/cropped-Logo-NSP.png","width":512,"height":512,"caption":"Dietary Supplements"},"image":{"@id":"https:\/\/nspshop.net\/#\/schema\/logo\/image\/"}}]}},"_links":{"self":[{"href":"https:\/\/nspshop.net\/tr\/wp-json\/wp\/v2\/product\/8028","targetHints":{"allow":["GET"]}}],"collection":[{"href":"https:\/\/nspshop.net\/tr\/wp-json\/wp\/v2\/product"}],"about":[{"href":"https:\/\/nspshop.net\/tr\/wp-json\/wp\/v2\/types\/product"}],"wp:featuredmedia":[{"embeddable":true,"href":"https:\/\/nspshop.net\/tr\/wp-json\/wp\/v2\/media\/8029"}],"wp:attachment":[{"href":"https:\/\/nspshop.net\/tr\/wp-json\/wp\/v2\/media?parent=8028"}],"wp:term":[{"taxonomy":"product_cat","embeddable":true,"href":"https:\/\/nspshop.net\/tr\/wp-json\/wp\/v2\/product_cat?post=8028"},{"taxonomy":"product_tag","embeddable":true,"href":"https:\/\/nspshop.net\/tr\/wp-json\/wp\/v2\/product_tag?post=8028"}],"curies":[{"name":"wp","href":"https:\/\/api.w.org\/{rel}","templated":true}]}}