{"id":8030,"date":"2023-06-03T20:27:05","date_gmt":"2023-06-03T17:27:05","guid":{"rendered":"https:\/\/nspshop.net\/product\/loclo-nsp\/"},"modified":"2024-03-31T11:34:48","modified_gmt":"2024-03-31T08:34:48","slug":"loclo-nsp","status":"publish","type":"product","link":"https:\/\/nspshop.net\/tr\/urun\/loclo-nsp\/","title":{"rendered":"Turun\u00e7gil Bioflavonoidleri \u0130\u00e7eren NSP"},"content":{"rendered":"\r\n        <div class=\"med_worker_introduce_text \">\r\n\r\n            Bu b\u00f6l\u00fcm sadece <span class=\"med_anchor_link\"> <b>Sa\u011fl\u0131k profesyonelleri<\/b> i\u00e7indir<\/span>\r\n\r\n        <\/div>\r\n\r\n        <div class=\"med_worker_popup_wrapper hide\" style=\"background-color: rgba(10,10,10,0.3)\">\r\n            <div class=\"med_worker_popup\" style=\"width:1024px; height:600px;background-color:#ffffff; border-radius: 10px;\">\r\n                <div class=\"med_worker_confirmation\">\r\n                    <span style=\"font-size: 20px\">\r\n                        Sa\u011fl\u0131k profesyoneli misiniz?                    <\/span>\r\n                    <div class=\"med_worker_buttons\">\r\n                        <a href=\"\" class=\"confirm\" style=\"background-color:#0d594e; color: #ffffff;\">Evet<\/a>\r\n                        <a href=\"\" class=\"reject\" style=\"background-color:#bc2b2b; color: #0a0a0a;\">Hay\u0131r<\/a>\r\n                    <\/div>\r\n                <\/div>\r\n                <div class=\"med_worker_decription hide\"><h1 class=\"product_title entry-title\">Turun\u00e7gil Bioflavonoidleri \u0130\u00e7eren NSP<\/h1>\n<p class=\"product_title entry-title\">Turun\u00e7gil Bioflavonoidleri \u0130\u00e7eren NSP, ba\u011f\u0131rsaklar\u0131n sindirim ve motor fonksiyonlar\u0131 i\u00e7in gerekli olan farkl\u0131 diyet lifi t\u00fcrlerinin m\u00fckemmel bir kombinasyonudur.<\/p>\n<p><strong>Plantago ovata<\/strong>, di\u011fer muz t\u00fcrlerinden farkl\u0131 olarak, gastrointestinal sistemin mukoza zar\u0131 \u00fczerinde koruyucu &#8211; saran bir etkiye sahip olan en b\u00fcy\u00fck miktarda mukus (% 40&#8217;a kadar) i\u00e7erir. Muz tohumu kabuklar\u0131, baz\u0131lar\u0131 ba\u011f\u0131rsak mikroorganizmalar\u0131 taraf\u0131ndan fermente edilebilen b\u00fcy\u00fck miktarlarda \u00e7\u00f6z\u00fcnmez ve \u00e7\u00f6z\u00fcn\u00fcr bitki lifleri (sel\u00fcloz, lignin, hemisel\u00fcloz) i\u00e7erir. Kab\u0131zl\u0131ktan kurtulmaya yard\u0131mc\u0131 olan d\u0131\u015fk\u0131y\u0131 yumu\u015fat\u0131r, irritabl kolon sendromuna, hemoroide yard\u0131mc\u0131 olur. Su ile temas etti\u011finde muz kabu\u011fu \u015fi\u015fer ve j\u00f6le benzeri bir k\u00fctle olu\u015fturur, bu da hacim yaratan, suyu ba\u011flayan ve ba\u011f\u0131rsak fonksiyonunu uyaran bir dolgu maddesi g\u00f6revi g\u00f6r\u00fcr. Bitki polisakkaritleri sorbent g\u00f6revi g\u00f6rerek toksik maddeleri, a\u011f\u0131r metalleri, kolesterol\u00fc, ya\u011f asitlerini, kanserojen maddeleri ba\u011flayarak kolon kanseri riskini azalt\u0131r. Muz tohumlar\u0131n\u0131n do\u011fas\u0131nda bulunan etkiler b\u00fcy\u00fck \u00f6l\u00e7\u00fcde pektininkilere benzer.<\/p>\n<p>&nbsp;<\/p>\n<h1 class=\"product_title entry-title\">Turun\u00e7gil Bioflavonoidleri \u0130\u00e7eren NSP&#8217;nin zengin bile\u015fimine bir bak\u0131n<\/h1>\n<p><strong>Elma pektini<\/strong> aktif olarak suyu ba\u011flar, \u015fi\u015fer ve hacmi artar. Pektin kolesterol\u00fc, a\u011f\u0131r metalleri, toksik maddeleri, enterotoksinleri ve kanserojen maddeleri ba\u011flayarak v\u00fccuttan uzakla\u015ft\u0131r\u0131r ve kolon kanseri riskini azalt\u0131r. Pektin, kan kolesterol seviyelerini d\u00fc\u015f\u00fcrmede ve diyabette \u00f6nemli olan glikoz emilimini yava\u015flatmada \u00f6nemli bir rol oynar.<\/p>\n<p><strong>Yulaf kep <\/strong>e\u011fi (<em>Avena sativa<\/em>) di\u011fer kepek t\u00fcrleri aras\u0131nda en y\u00fcksek miktarda lif i\u00e7erir (%15,4). Ba\u011f\u0131rsak hareketlili\u011fini art\u0131r\u0131r, kolesterol ve glikoz emilimini azalt\u0131r, kandaki i\u00e7eriklerini azalt\u0131r, toksik maddeleri ve a\u011f\u0131r metalleri v\u00fccuttan uzakla\u015ft\u0131r\u0131r.<\/p>\n<p><strong>Guar gum <\/strong><em>(Cyamopsis tetragonoloba<\/em>) \u015feker ve kolesterol emilimini azalt\u0131r, kan \u015fekeri ve kolesterol seviyelerini d\u00fc\u015f\u00fcr\u00fcr. Diyabet ve ateroskleroz tedavisinde ve \u00f6nlenmesinde kullan\u0131l\u0131r. M\u00fcshil etkisi vard\u0131r, ba\u011f\u0131rsak mikrofloras\u0131n\u0131 normalle\u015ftirir.<\/p>\n<p><strong>Akasya re\u00e7inesi <\/strong><em>(Arap<\/em> zamk\u0131) suda \u00e7\u00f6z\u00fcnebilen bir polisakkarittir. Ba\u011f\u0131rsak bile\u015fenlerinin viskozitesini art\u0131r\u0131r, bu da sindirimi yava\u015flat\u0131r ve glikoz ve lipitlerin emilimini azalt\u0131r. \u0130\u015ftah\u0131 azaltmaya yard\u0131mc\u0131 olur, kandaki kolesterol ve trigliseritleri d\u00fc\u015f\u00fcr\u00fcr, toksik maddeleri ba\u011flar ve v\u00fccuttan uzakla\u015ft\u0131r\u0131r.<\/p>\n<p><strong>Tar\u00e7\u0131n <\/strong>veya sinameki <strong>kabu\u011fu <\/strong><em>(Cinnamomum cassia<\/em>) antiseptik, bakteri \u00f6ld\u00fcr\u00fcc\u00fc, mantar \u00f6ld\u00fcr\u00fcc\u00fc ve spazm giderici etkilere sahiptir ve kan \u015fekerini d\u00fc\u015f\u00fcrmeye yard\u0131mc\u0131 olur.<\/p>\n<p><strong>Brokoli <\/strong><em>(Brassica oleracea<\/em>) vitaminler, karotenoidler ve indoller a\u00e7\u0131s\u0131ndan zengindir. S\u00fclforafan antibakteriyel etkiye sahiptir, antibiyotiklere diren\u00e7li bakterileri \u00f6ld\u00fcr\u00fcr ve ayr\u0131ca t\u00fcm\u00f6r b\u00fcy\u00fcmesini engeller.<\/p>\n<p><strong>Zerde\u00e7al <\/strong><em>(Curcuma longa<\/em>) antispazmodik, koleretik bir etkiye sahiptir, karaci\u011fer hastal\u0131klar\u0131nda zehirlenmeyi azalt\u0131r ve safra kesesinin i\u015fleyi\u015fini iyile\u015ftirir.<\/p>\n<p><em>Biberiye<\/em><strong>(<\/strong><em>Rosmarinus offic<\/em>inalis) koleretik ve tonik etkiye sahiptir, stafilokok, streptokok ve Escherichia coli&#8217;nin ya\u015famsal aktivitesini engeller.<\/p>\n<p><strong>Pancar <\/strong><em>(Beta vulgari<\/em>) gastrointestinal mikrofloran\u0131n ihlalinde kullan\u0131lan do\u011fal bir antiseptiktir.<\/p>\n<p><strong>Domates <\/strong><em>(Solanum lycopersicon<\/em>) antioksidanlar i\u00e7erir, mide, pankreas ve kolon kanserleri riskini azalt\u0131r.<\/p>\n<p><strong>Havu\u00e7 <\/strong><em>(Daucus carota<\/em>) antiseptik ve anti-inflamatuar etkiye sahiptir.<\/p>\n<p><strong>Lahana <\/strong><em>(Brassica oleracea<\/em>) kolesterol\u00fcn v\u00fccuttan at\u0131lmas\u0131na yard\u0131mc\u0131 olur, kan \u015fekerini d\u00fc\u015f\u00fcr\u00fcr, kab\u0131zl\u0131k ve hemoroidle m\u00fccadelede etkilidir. <strong><br \/>\n<em>\u0130ndoller <\/em><br \/>\n<\/strong>antit\u00fcm\u00f6r aktiviteye sahiptir.<\/p>\n<p><strong>\u00dcr\u00fcn kodu <\/strong>: 1346 <strong>Kategori <\/strong>: G\u0131da Takviyeleri <strong>Se\u00e7ilen \u00fcr\u00fcnler: <\/strong>\u015eimdi stokta<\/p>\n<p><strong>\u0130\u00e7indekiler<\/strong><\/p>\n<p>Loclo \u015funlar\u0131 i\u00e7erir<\/p>\n<div><strong>Narenciye Bioflavonoidleri \u0130\u00e7eren G\u0131da Takviyesi <\/strong>, flavonoid ve diyet lifi kayna\u011f\u0131d\u0131r.<\/div>\n<div>Bile\u015fim (1 yemek ka\u015f\u0131\u011f\u0131 9 g): fruktoz &#8211; 2,17 g (\u00f6nerilen seviyenin %6,18&#8217;i);<\/div>\n<div>Psyllium husk (Plantago ovata) &#8211; 2225 mg;<\/div>\n<div>elma pektini &#8211; 1503 mg;<\/div>\n<div>yulaf kepe\u011fi (Avena sativa) &#8211; 752 mg;<\/div>\n<div>guar gum (Cyamopsis tetragonolobus) &#8211; 752 mg;<\/div>\n<div>akasya re\u00e7inesi (Acacia seyal) &#8211; 752 mg;<\/div>\n<div>tar\u00e7\u0131n kabu\u011fu (Cinnamomum cassia) &#8211; 291 mg;<\/div>\n<div>brokoli \u00e7i\u00e7ekleri (Brassica oleracea) &#8211; 20 mg;<\/div>\n<div>uzun zerde\u00e7al k\u00f6k\u00fc (Curcuma longa) &#8211; 6 mg;<\/div>\n<div>biberiye yapraklar\u0131 (Rosmarinus officinalis) &#8211; 6 mg;<\/div>\n<div>Pancar (Beta vulgaris) &#8211; 6 mg;<\/div>\n<div>domates (Solanum lycopersicum) &#8211; 6 mg;<\/div>\n<div>havu\u00e7 (Daucus carota) &#8211; 6 mg;<\/div>\n<div>lahana yapraklar\u0131 (Brassica oleracea) &#8211; 6 mg;<\/div>\n<div>portakal bioflavonoidleri, greyfurt bioflavonoidleri &#8211; 3,13 mg (ASP&#8217;nin %1,32&#8217;si);<\/div>\n<div>hesperidin &#8211; 1.57mg<\/div>\n<div><strong>Aktif Olmayan \u0130\u00e7erikler: <\/strong>sitrik asit, elma aromas\u0131 ve potasyum bikarbonat.<\/div>\n<p><strong>Usage <\/strong><\/p>\n<p>Yeti\u015fkinler G\u00fcnde bir kez bir \u00e7orba ka\u015f\u0131\u011f\u0131 toz, bir bardak so\u011fuk, kaynam\u0131\u015f su ile seyreltilir. Bir ila iki bardak ek s\u0131v\u0131 al\u0131m\u0131 gereklidir.<\/p>\n<p>\u0130\u015ftah\u0131 bast\u0131rmay\u0131 ama\u00e7layan kilo verme programlar\u0131nda <strong>Narenciye Bioflavonoidleri \u0130\u00e7eren Takviye Edici G\u0131dan\u0131n yemeklerden 30-60 dakika \u00f6nce <\/strong>al\u0131nmas\u0131 tavsiye edilir.<\/p>\n<p><strong>Kontrendikasyonlar<\/strong>: ki\u015fisel intolerans, hamilelik ve emzirme.<\/p>\n<\/div>\r\n            <\/div>\r\n        <\/div>\r\n\r\n\n","protected":false},"excerpt":{"rendered":"<ul>\n<li>Lifli bile\u015fenler i\u00e7erir<\/li>\n<li>Takviye edici g\u0131dad\u0131r<\/li>\n<\/ul>\n","protected":false},"featured_media":8031,"template":"","meta":{"_acf_changed":false},"product_cat":[397],"product_tag":[],"class_list":{"0":"post-8030","1":"product","2":"type-product","3":"status-publish","4":"has-post-thumbnail","6":"product_cat-heath","7":"pa_body-systems-bagisiklik-ve-lenfatik","8":"pa_body-systems-metabolizma","9":"pa_body-systems-sindirim-sistemi","10":"pa_health-topics-detoks-ve-arinma","11":"pa_health-topics-kan-sekeri","12":"pa_health-topics-sac-cilt-tirnaklar","13":"pa_health-topics-sindirim","14":"pa_health-topics-kilo-vermek","15":"pa_product-categories-diyet-lifi","16":"pa_product-categories-nutrasotikler","17":"pa_product-categories-onkoprotektorler","18":"pa_product-categories-prebiotics-tr-2","20":"first","21":"instock","22":"sale","23":"shipping-taxable","24":"purchasable","25":"product-type-simple"},"acf":[],"yoast_head":"<!-- This site is optimized with the Yoast SEO plugin v22.3 - https:\/\/yoast.com\/wordpress\/plugins\/seo\/ -->\n<title>Turun\u00e7gil Bioflavonoidleri \u0130\u00e7eren NSP | Dietary Supplements<\/title>\n<meta name=\"description\" content=\"LocLo NSP: Bir diyet lifi kayna\u011f\u0131 olarak sindirim s\u00fcre\u00e7lerini uyumlu hale getirir. Peristaltizmi ve ba\u011f\u0131rsak hareketlili\u011fini geli\u015ftirir, temizlenmesini destekler\/\" \/>\n<meta name=\"robots\" content=\"index, follow, max-snippet:-1, max-image-preview:large, max-video-preview:-1\" \/>\n<link rel=\"canonical\" href=\"https:\/\/nspshop.net\/tr\/urun\/loclo-nsp\/\" \/>\n<meta property=\"og:locale\" content=\"tr_TR\" \/>\n<meta property=\"og:type\" content=\"article\" \/>\n<meta property=\"og:title\" content=\"Turun\u00e7gil Bioflavonoidleri \u0130\u00e7eren NSP | Dietary Supplements\" \/>\n<meta property=\"og:description\" content=\"LocLo NSP: Bir diyet lifi kayna\u011f\u0131 olarak sindirim s\u00fcre\u00e7lerini uyumlu hale getirir. Peristaltizmi ve ba\u011f\u0131rsak hareketlili\u011fini geli\u015ftirir, temizlenmesini destekler\/\" \/>\n<meta property=\"og:url\" content=\"https:\/\/nspshop.net\/tr\/urun\/loclo-nsp\/\" \/>\n<meta property=\"og:site_name\" content=\"Dietary Supplements\" \/>\n<meta property=\"article:modified_time\" content=\"2024-03-31T08:34:48+00:00\" \/>\n<meta property=\"og:image\" content=\"https:\/\/nspshop.net\/wp-content\/uploads\/2023\/06\/LocLo.webp\" \/>\n\t<meta property=\"og:image:width\" content=\"1080\" \/>\n\t<meta property=\"og:image:height\" content=\"1080\" \/>\n\t<meta property=\"og:image:type\" content=\"image\/webp\" \/>\n<meta name=\"twitter:card\" content=\"summary_large_image\" \/>\n<meta name=\"twitter:label1\" content=\"Tahmini okuma s\u00fcresi\" \/>\n\t<meta name=\"twitter:data1\" content=\"1 dakika\" \/>\n<script type=\"application\/ld+json\" class=\"yoast-schema-graph\">{\"@context\":\"https:\/\/schema.org\",\"@graph\":[{\"@type\":\"WebPage\",\"@id\":\"https:\/\/nspshop.net\/tr\/urun\/loclo-nsp\/\",\"url\":\"https:\/\/nspshop.net\/tr\/urun\/loclo-nsp\/\",\"name\":\"Turun\u00e7gil Bioflavonoidleri \u0130\u00e7eren NSP | Dietary Supplements\",\"isPartOf\":{\"@id\":\"https:\/\/nspshop.net\/#website\"},\"primaryImageOfPage\":{\"@id\":\"https:\/\/nspshop.net\/tr\/urun\/loclo-nsp\/#primaryimage\"},\"image\":{\"@id\":\"https:\/\/nspshop.net\/tr\/urun\/loclo-nsp\/#primaryimage\"},\"thumbnailUrl\":\"https:\/\/nspshop.net\/wp-content\/uploads\/2023\/06\/LocLo.webp\",\"datePublished\":\"2023-06-03T17:27:05+00:00\",\"dateModified\":\"2024-03-31T08:34:48+00:00\",\"description\":\"LocLo NSP: Bir diyet lifi kayna\u011f\u0131 olarak sindirim s\u00fcre\u00e7lerini uyumlu hale getirir. Peristaltizmi ve ba\u011f\u0131rsak hareketlili\u011fini geli\u015ftirir, temizlenmesini destekler\/\",\"breadcrumb\":{\"@id\":\"https:\/\/nspshop.net\/tr\/urun\/loclo-nsp\/#breadcrumb\"},\"inLanguage\":\"tr\",\"potentialAction\":[{\"@type\":\"ReadAction\",\"target\":[\"https:\/\/nspshop.net\/tr\/urun\/loclo-nsp\/\"]}]},{\"@type\":\"ImageObject\",\"inLanguage\":\"tr\",\"@id\":\"https:\/\/nspshop.net\/tr\/urun\/loclo-nsp\/#primaryimage\",\"url\":\"https:\/\/nspshop.net\/wp-content\/uploads\/2023\/06\/LocLo.webp\",\"contentUrl\":\"https:\/\/nspshop.net\/wp-content\/uploads\/2023\/06\/LocLo.webp\",\"width\":1080,\"height\":1080,\"caption\":\"LocLo NSP\"},{\"@type\":\"BreadcrumbList\",\"@id\":\"https:\/\/nspshop.net\/tr\/urun\/loclo-nsp\/#breadcrumb\",\"itemListElement\":[{\"@type\":\"ListItem\",\"position\":1,\"name\":\"\u0413\u043b\u0430\u0432\u043d\u0430\u044f \u0441\u0442\u0440\u0430\u043d\u0438\u0446\u0430\",\"item\":\"https:\/\/nspshop.net\/\"},{\"@type\":\"ListItem\",\"position\":2,\"name\":\"D\u00fckk\u00e2n\",\"item\":\"https:\/\/nspshop.net\/tr\/shop\/\"},{\"@type\":\"ListItem\",\"position\":3,\"name\":\"Turun\u00e7gil Bioflavonoidleri \u0130\u00e7eren NSP\"}]},{\"@type\":\"WebSite\",\"@id\":\"https:\/\/nspshop.net\/#website\",\"url\":\"https:\/\/nspshop.net\/\",\"name\":\"Dietary Supplements\",\"description\":\"BuyNSP\",\"publisher\":{\"@id\":\"https:\/\/nspshop.net\/#organization\"},\"potentialAction\":[{\"@type\":\"SearchAction\",\"target\":{\"@type\":\"EntryPoint\",\"urlTemplate\":\"https:\/\/nspshop.net\/?s={search_term_string}\"},\"query-input\":\"required name=search_term_string\"}],\"inLanguage\":\"tr\"},{\"@type\":\"Organization\",\"@id\":\"https:\/\/nspshop.net\/#organization\",\"name\":\"Dietary Supplements\",\"alternateName\":\"BuyNSP\",\"url\":\"https:\/\/nspshop.net\/\",\"logo\":{\"@type\":\"ImageObject\",\"inLanguage\":\"tr\",\"@id\":\"https:\/\/nspshop.net\/#\/schema\/logo\/image\/\",\"url\":\"https:\/\/nspshop.net\/wp-content\/uploads\/2023\/06\/cropped-Logo-NSP.png\",\"contentUrl\":\"https:\/\/nspshop.net\/wp-content\/uploads\/2023\/06\/cropped-Logo-NSP.png\",\"width\":512,\"height\":512,\"caption\":\"Dietary Supplements\"},\"image\":{\"@id\":\"https:\/\/nspshop.net\/#\/schema\/logo\/image\/\"}}]}<\/script>\n<!-- \/ Yoast SEO plugin. -->","yoast_head_json":{"title":"Turun\u00e7gil Bioflavonoidleri \u0130\u00e7eren NSP | Dietary Supplements","description":"LocLo NSP: Bir diyet lifi kayna\u011f\u0131 olarak sindirim s\u00fcre\u00e7lerini uyumlu hale getirir. Peristaltizmi ve ba\u011f\u0131rsak hareketlili\u011fini geli\u015ftirir, temizlenmesini destekler\/","robots":{"index":"index","follow":"follow","max-snippet":"max-snippet:-1","max-image-preview":"max-image-preview:large","max-video-preview":"max-video-preview:-1"},"canonical":"https:\/\/nspshop.net\/tr\/urun\/loclo-nsp\/","og_locale":"tr_TR","og_type":"article","og_title":"Turun\u00e7gil Bioflavonoidleri \u0130\u00e7eren NSP | Dietary Supplements","og_description":"LocLo NSP: Bir diyet lifi kayna\u011f\u0131 olarak sindirim s\u00fcre\u00e7lerini uyumlu hale getirir. Peristaltizmi ve ba\u011f\u0131rsak hareketlili\u011fini geli\u015ftirir, temizlenmesini destekler\/","og_url":"https:\/\/nspshop.net\/tr\/urun\/loclo-nsp\/","og_site_name":"Dietary Supplements","article_modified_time":"2024-03-31T08:34:48+00:00","og_image":[{"width":1080,"height":1080,"url":"https:\/\/nspshop.net\/wp-content\/uploads\/2023\/06\/LocLo.webp","type":"image\/webp"}],"twitter_card":"summary_large_image","twitter_misc":{"Tahmini okuma s\u00fcresi":"1 dakika"},"schema":{"@context":"https:\/\/schema.org","@graph":[{"@type":"WebPage","@id":"https:\/\/nspshop.net\/tr\/urun\/loclo-nsp\/","url":"https:\/\/nspshop.net\/tr\/urun\/loclo-nsp\/","name":"Turun\u00e7gil Bioflavonoidleri \u0130\u00e7eren NSP | Dietary Supplements","isPartOf":{"@id":"https:\/\/nspshop.net\/#website"},"primaryImageOfPage":{"@id":"https:\/\/nspshop.net\/tr\/urun\/loclo-nsp\/#primaryimage"},"image":{"@id":"https:\/\/nspshop.net\/tr\/urun\/loclo-nsp\/#primaryimage"},"thumbnailUrl":"https:\/\/nspshop.net\/wp-content\/uploads\/2023\/06\/LocLo.webp","datePublished":"2023-06-03T17:27:05+00:00","dateModified":"2024-03-31T08:34:48+00:00","description":"LocLo NSP: Bir diyet lifi kayna\u011f\u0131 olarak sindirim s\u00fcre\u00e7lerini uyumlu hale getirir. Peristaltizmi ve ba\u011f\u0131rsak hareketlili\u011fini geli\u015ftirir, temizlenmesini destekler\/","breadcrumb":{"@id":"https:\/\/nspshop.net\/tr\/urun\/loclo-nsp\/#breadcrumb"},"inLanguage":"tr","potentialAction":[{"@type":"ReadAction","target":["https:\/\/nspshop.net\/tr\/urun\/loclo-nsp\/"]}]},{"@type":"ImageObject","inLanguage":"tr","@id":"https:\/\/nspshop.net\/tr\/urun\/loclo-nsp\/#primaryimage","url":"https:\/\/nspshop.net\/wp-content\/uploads\/2023\/06\/LocLo.webp","contentUrl":"https:\/\/nspshop.net\/wp-content\/uploads\/2023\/06\/LocLo.webp","width":1080,"height":1080,"caption":"LocLo NSP"},{"@type":"BreadcrumbList","@id":"https:\/\/nspshop.net\/tr\/urun\/loclo-nsp\/#breadcrumb","itemListElement":[{"@type":"ListItem","position":1,"name":"\u0413\u043b\u0430\u0432\u043d\u0430\u044f \u0441\u0442\u0440\u0430\u043d\u0438\u0446\u0430","item":"https:\/\/nspshop.net\/"},{"@type":"ListItem","position":2,"name":"D\u00fckk\u00e2n","item":"https:\/\/nspshop.net\/tr\/shop\/"},{"@type":"ListItem","position":3,"name":"Turun\u00e7gil Bioflavonoidleri \u0130\u00e7eren NSP"}]},{"@type":"WebSite","@id":"https:\/\/nspshop.net\/#website","url":"https:\/\/nspshop.net\/","name":"Dietary Supplements","description":"BuyNSP","publisher":{"@id":"https:\/\/nspshop.net\/#organization"},"potentialAction":[{"@type":"SearchAction","target":{"@type":"EntryPoint","urlTemplate":"https:\/\/nspshop.net\/?s={search_term_string}"},"query-input":"required name=search_term_string"}],"inLanguage":"tr"},{"@type":"Organization","@id":"https:\/\/nspshop.net\/#organization","name":"Dietary Supplements","alternateName":"BuyNSP","url":"https:\/\/nspshop.net\/","logo":{"@type":"ImageObject","inLanguage":"tr","@id":"https:\/\/nspshop.net\/#\/schema\/logo\/image\/","url":"https:\/\/nspshop.net\/wp-content\/uploads\/2023\/06\/cropped-Logo-NSP.png","contentUrl":"https:\/\/nspshop.net\/wp-content\/uploads\/2023\/06\/cropped-Logo-NSP.png","width":512,"height":512,"caption":"Dietary Supplements"},"image":{"@id":"https:\/\/nspshop.net\/#\/schema\/logo\/image\/"}}]}},"_links":{"self":[{"href":"https:\/\/nspshop.net\/tr\/wp-json\/wp\/v2\/product\/8030","targetHints":{"allow":["GET"]}}],"collection":[{"href":"https:\/\/nspshop.net\/tr\/wp-json\/wp\/v2\/product"}],"about":[{"href":"https:\/\/nspshop.net\/tr\/wp-json\/wp\/v2\/types\/product"}],"wp:featuredmedia":[{"embeddable":true,"href":"https:\/\/nspshop.net\/tr\/wp-json\/wp\/v2\/media\/8031"}],"wp:attachment":[{"href":"https:\/\/nspshop.net\/tr\/wp-json\/wp\/v2\/media?parent=8030"}],"wp:term":[{"taxonomy":"product_cat","embeddable":true,"href":"https:\/\/nspshop.net\/tr\/wp-json\/wp\/v2\/product_cat?post=8030"},{"taxonomy":"product_tag","embeddable":true,"href":"https:\/\/nspshop.net\/tr\/wp-json\/wp\/v2\/product_tag?post=8030"}],"curies":[{"name":"wp","href":"https:\/\/api.w.org\/{rel}","templated":true}]}}