{"id":8032,"date":"2023-06-04T08:17:12","date_gmt":"2023-06-04T05:17:12","guid":{"rendered":"https:\/\/nspshop.net\/product\/cordyceps-nsp\/"},"modified":"2024-03-31T11:33:19","modified_gmt":"2024-03-31T08:33:19","slug":"cordyceps-nsp","status":"publish","type":"product","link":"https:\/\/nspshop.net\/tr\/urun\/cordyceps-nsp\/","title":{"rendered":"Kordisep Mantar\u0131 NSP"},"content":{"rendered":"\r\n        <div class=\"med_worker_introduce_text \">\r\n\r\n            Bu b\u00f6l\u00fcm sadece <span class=\"med_anchor_link\"> <b>Sa\u011fl\u0131k profesyonelleri<\/b> i\u00e7indir<\/span>\r\n\r\n        <\/div>\r\n\r\n        <div class=\"med_worker_popup_wrapper hide\" style=\"background-color: rgba(10,10,10,0.3)\">\r\n            <div class=\"med_worker_popup\" style=\"width:1024px; height:600px;background-color:#ffffff; border-radius: 10px;\">\r\n                <div class=\"med_worker_confirmation\">\r\n                    <span style=\"font-size: 20px\">\r\n                        Sa\u011fl\u0131k profesyoneli misiniz?                    <\/span>\r\n                    <div class=\"med_worker_buttons\">\r\n                        <a href=\"\" class=\"confirm\" style=\"background-color:#0d594e; color: #ffffff;\">Evet<\/a>\r\n                        <a href=\"\" class=\"reject\" style=\"background-color:#bc2b2b; color: #0a0a0a;\">Hay\u0131r<\/a>\r\n                    <\/div>\r\n                <\/div>\r\n                <div class=\"med_worker_decription hide\"><h1 class=\"product_title entry-title\">Kordisep Mantar\u0131 NSP<\/h1>\n<p>Cordyceps NSP sinensis, Kuzeybat\u0131 \u00c7in ve kuzeybat\u0131 Tibet&#8217;in eri\u015filemeyen da\u011fl\u0131k b\u00f6lgelerinde deniz seviyesinden 3.500 metre y\u00fckseklikte yeti\u015fen bir mantard\u0131r. Eski \u00c7in t\u0131bb\u0131n\u0131n \u015fifac\u0131lar\u0131 bu mantar\u0131 &#8220;tanr\u0131lar\u0131n arma\u011fan\u0131 &#8220;ndan ba\u015fka bir \u015fey olarak adland\u0131rm\u0131yordu. G\u00fcn\u00fcm\u00fczde, iyile\u015ftirici nitelikleri sayesinde ba\u015far\u0131yla yeti\u015ftirilmekte ve sa\u011fl\u0131kl\u0131 bir g\u0131da olarak yayg\u0131n bir \u015fekilde kullan\u0131lmaktad\u0131r.<\/p>\n<h2>Cordyceps&#8217;in faydas\u0131 nedir?<\/h2>\n<p>Cordyceps&#8217;in kimyasal bile\u015fimi besinler ve spesifik biyolojik olarak aktif bile\u015fenler a\u00e7\u0131s\u0131ndan son derece zengindir.<\/p>\n<p>Cordyceps i\u00e7erir:<br \/>\nPolisakkaritler, glikozitler, peptitler, beta-karoten ve D, E, C vitaminleri;<br \/>\nAmino asitler, doymam\u0131\u015f ya\u011f asitleri, 80&#8217;den fazla enzim;<br \/>\nMineraller: potasyum, demir, kalsiyum, sihir, \u00e7inko, manganez, kobalt.<br \/>\nCordyceps&#8217;in faydal\u0131 \u00f6zellikleri, besin takviyesi olarak kullan\u0131m\u0131n\u0131 belirler. Y\u00fcksek polisakkarit i\u00e7eri\u011fi nedeniyle, cordyceps y\u00fcksek imm\u00fcnomodelling ve antit\u00fcm\u00f6r aktivite g\u00f6sterir ve harika bir imm\u00fcnokoruyucu ve onkoprotekt\u00f6rd\u00fcr. Cordyceps&#8217;te bulunan biyolojik olarak aktif n\u00fckleosidler v\u00fccudun metabolik s\u00fcre\u00e7leri \u00fczerinde olumlu etkiye sahiptir. Hipotalamus, hipofiz bezinin \u00e7al\u0131\u015fmas\u0131n\u0131 uyar\u0131r, hormon sentezini aktive eder.<\/p>\n<h3>Bir besin takviyesi neyden gelir?<\/h3>\n<p>Kordiseps mantar\u0131, kan damarlar\u0131n\u0131n tonunun en \u00f6nemli mod\u00fclat\u00f6rlerinden biri olarak kabul edilir, mikrosirk\u00fclasyonu iyile\u015ftirir, kan p\u0131ht\u0131lar\u0131n\u0131n olu\u015fumunu \u00f6nler. Kan dola\u015f\u0131m\u0131n\u0131n iyile\u015ftirilmesi, t\u00fcm v\u00fccuttaki dokular\u0131n yenilenme s\u00fcre\u00e7lerini ve rejenerasyonunu uyar\u0131r. Lenfatik sistem \u00fczerinde faydal\u0131 bir etkiye sahiptir, ya\u015flanan v\u00fccudun enerjisini geri kazanmaya yard\u0131mc\u0131 olur.<br \/>\n\u00c7in mantar\u0131 m\u00fckemmel bir adaptojendir. B\u00f6brek\u00fcst\u00fc bezlerini ve t\u00fcm sinir sistemini destekler, strese ve kronik yorgunlu\u011fa kar\u015f\u0131 koymaya yard\u0131mc\u0131 olur, verimlili\u011fi art\u0131r\u0131r. Ayr\u0131ca karaci\u011fer ve b\u00f6breklerin toksik maddelere (alkol, nikotin, ila\u00e7lar vb.) kar\u015f\u0131 direncini art\u0131r\u0131r, v\u00fccudu ba\u011f\u0131rsak toksinlerinden, radyon\u00fcklidlerden ar\u0131nd\u0131r\u0131r.<\/p>\n<p>Cordyceps do\u011fal bir antiseptiktir; bakteriyostatik ve antiviral aktiviteye sahiptir, ayn\u0131 zamanda dost floram\u0131z\u0131 korur ve cinsel sistem \u00fczerinde tonik etkiye sahiptir: spermatogenezi aktive eder ve g\u00fcc\u00fc art\u0131r\u0131r. Hematopoietik fonksiyon \u00fczerinde derin bir etkiye sahiptir ve hematopoietik k\u00f6k h\u00fccrelerin olu\u015fumunu uyar\u0131r.<\/p>\n<p>Kullan\u0131m endikasyonlar\u0131:<\/p>\n<ul>\n<li>\u0130\u00e7 organlar\u0131n kronik hastal\u0131klar\u0131;<\/li>\n<li>Kronik veya \u015fiddetli enfeksiyonlar;<\/li>\n<li>Hematopoetik sistem hastal\u0131klar\u0131;<\/li>\n<li>Akut veya kronik zehirlenme;<\/li>\n<li>Endokrin bozukluklar;<\/li>\n<li>Kemoterapi ve radyoterapi;<\/li>\n<li>Otoimm\u00fcn hastal\u0131klar;<\/li>\n<li>Nevrasteni, kronik stres ve fiziksel a\u015f\u0131r\u0131 y\u00fcklenme.<\/li>\n<\/ul>\n<p>G\u0131da takviyesi NSP ek bir polisakkarit kayna\u011f\u0131d\u0131r.<\/p>\n<p><strong>\u00dcr\u00fcn kodu <\/strong>: 1240 <strong>Kategori <\/strong>: G\u0131da Takviyeleri <strong>Se\u00e7ilen \u00fcr\u00fcnler: <\/strong>\u015eimdi stokta<\/p>\n<p><span style=\"text-decoration: underline;\"><strong>\u0130\u00e7indekiler<\/strong><\/span><\/p>\n<p><strong>\u0130\u00e7erik (1 kaps\u00fcl)<\/strong>: \u00c7in cordyceps tozu (Cordyceps sinensis) &#8211; 530 mg.<\/p>\n<p><strong>Aktif Olmayan \u0130\u00e7erikler:<\/strong> mikrokristalin sel\u00fcloz, magnezyum stearat ve jelatin.<\/p>\n<p><span style=\"text-decoration: underline;\"><strong>Kullan\u0131m<\/strong><\/span><\/p>\n<p>Yeti\u015fkinler i\u00e7in, yemeklerle birlikte g\u00fcnde \u00fc\u00e7 kez iki kaps\u00fcl. Kullan\u0131m s\u00fcresi bir ayd\u0131r.<\/p>\n<p><strong>Contraindications:<\/strong> personal intolerance, pregnancy, and lactation.<\/p>\n<\/div>\r\n            <\/div>\r\n        <\/div>\r\n\r\n\n","protected":false},"excerpt":{"rendered":"<ul>\n<li>Kordiseps mantar\u0131 i\u00e7eren g\u0131da takviyesidir<\/li>\n<\/ul>\n","protected":false},"featured_media":7978,"template":"","meta":{"_acf_changed":false},"product_cat":[397],"product_tag":[],"class_list":{"0":"post-8032","1":"product","2":"type-product","3":"status-publish","4":"has-post-thumbnail","6":"product_cat-heath","7":"pa_body-systems-bagisiklik-ve-lenfatik","8":"pa_body-systems-hematopoez","9":"pa_body-systems-metabolizma","10":"pa_body-systems-nervous-tr-2","11":"pa_health-topics-bagisiklik","12":"pa_health-topics-enerji","13":"pa_health-topics-enflamasyon-ve-agri","14":"pa_health-topics-mevsimsel-destek","15":"pa_product-categories-adaptogenler","16":"pa_product-categories-anti-alerjenik","17":"pa_product-categories-onkoprotektorler","18":"pa_product-categories-parafarmasotikler","20":"first","21":"instock","22":"sale","23":"shipping-taxable","24":"purchasable","25":"product-type-simple"},"acf":[],"yoast_head":"<!-- This site is optimized with the Yoast SEO plugin v22.3 - https:\/\/yoast.com\/wordpress\/plugins\/seo\/ -->\n<title>Kordisep Mantar\u0131 NSP | Dietary Supplements<\/title>\n<meta name=\"description\" content=\"Cordyceps NSP: Tonik ve imm\u00fcnomod\u00fclat\u00f6r etkiye sahiptir. Bakteriostatik ve antiviral etkiye sahiptir. Onkoprotektif etkiye sahiptir. Hematopoetik uyar\u0131r.\" \/>\n<meta name=\"robots\" content=\"index, follow, max-snippet:-1, max-image-preview:large, max-video-preview:-1\" \/>\n<link rel=\"canonical\" href=\"https:\/\/nspshop.net\/tr\/urun\/cordyceps-nsp\/\" \/>\n<meta property=\"og:locale\" content=\"tr_TR\" \/>\n<meta property=\"og:type\" content=\"article\" \/>\n<meta property=\"og:title\" content=\"Kordisep Mantar\u0131 NSP | Dietary Supplements\" \/>\n<meta property=\"og:description\" content=\"Cordyceps NSP: Tonik ve imm\u00fcnomod\u00fclat\u00f6r etkiye sahiptir. Bakteriostatik ve antiviral etkiye sahiptir. Onkoprotektif etkiye sahiptir. Hematopoetik uyar\u0131r.\" \/>\n<meta property=\"og:url\" content=\"https:\/\/nspshop.net\/tr\/urun\/cordyceps-nsp\/\" \/>\n<meta property=\"og:site_name\" content=\"Dietary Supplements\" \/>\n<meta property=\"article:modified_time\" content=\"2024-03-31T08:33:19+00:00\" \/>\n<meta property=\"og:image\" content=\"https:\/\/nspshop.net\/wp-content\/uploads\/2023\/06\/Cordyceps.webp\" \/>\n\t<meta property=\"og:image:width\" content=\"1350\" \/>\n\t<meta property=\"og:image:height\" content=\"1350\" \/>\n\t<meta property=\"og:image:type\" content=\"image\/webp\" \/>\n<meta name=\"twitter:card\" content=\"summary_large_image\" \/>\n<meta name=\"twitter:label1\" content=\"Tahmini okuma s\u00fcresi\" \/>\n\t<meta name=\"twitter:data1\" content=\"1 dakika\" \/>\n<script type=\"application\/ld+json\" class=\"yoast-schema-graph\">{\"@context\":\"https:\/\/schema.org\",\"@graph\":[{\"@type\":\"WebPage\",\"@id\":\"https:\/\/nspshop.net\/tr\/urun\/cordyceps-nsp\/\",\"url\":\"https:\/\/nspshop.net\/tr\/urun\/cordyceps-nsp\/\",\"name\":\"Kordisep Mantar\u0131 NSP | Dietary Supplements\",\"isPartOf\":{\"@id\":\"https:\/\/nspshop.net\/#website\"},\"primaryImageOfPage\":{\"@id\":\"https:\/\/nspshop.net\/tr\/urun\/cordyceps-nsp\/#primaryimage\"},\"image\":{\"@id\":\"https:\/\/nspshop.net\/tr\/urun\/cordyceps-nsp\/#primaryimage\"},\"thumbnailUrl\":\"https:\/\/nspshop.net\/wp-content\/uploads\/2023\/06\/Cordyceps.webp\",\"datePublished\":\"2023-06-04T05:17:12+00:00\",\"dateModified\":\"2024-03-31T08:33:19+00:00\",\"description\":\"Cordyceps NSP: Tonik ve imm\u00fcnomod\u00fclat\u00f6r etkiye sahiptir. Bakteriostatik ve antiviral etkiye sahiptir. Onkoprotektif etkiye sahiptir. Hematopoetik uyar\u0131r.\",\"breadcrumb\":{\"@id\":\"https:\/\/nspshop.net\/tr\/urun\/cordyceps-nsp\/#breadcrumb\"},\"inLanguage\":\"tr\",\"potentialAction\":[{\"@type\":\"ReadAction\",\"target\":[\"https:\/\/nspshop.net\/tr\/urun\/cordyceps-nsp\/\"]}]},{\"@type\":\"ImageObject\",\"inLanguage\":\"tr\",\"@id\":\"https:\/\/nspshop.net\/tr\/urun\/cordyceps-nsp\/#primaryimage\",\"url\":\"https:\/\/nspshop.net\/wp-content\/uploads\/2023\/06\/Cordyceps.webp\",\"contentUrl\":\"https:\/\/nspshop.net\/wp-content\/uploads\/2023\/06\/Cordyceps.webp\",\"width\":1350,\"height\":1350,\"caption\":\"Cordyceps NSP\"},{\"@type\":\"BreadcrumbList\",\"@id\":\"https:\/\/nspshop.net\/tr\/urun\/cordyceps-nsp\/#breadcrumb\",\"itemListElement\":[{\"@type\":\"ListItem\",\"position\":1,\"name\":\"\u0413\u043b\u0430\u0432\u043d\u0430\u044f \u0441\u0442\u0440\u0430\u043d\u0438\u0446\u0430\",\"item\":\"https:\/\/nspshop.net\/\"},{\"@type\":\"ListItem\",\"position\":2,\"name\":\"D\u00fckk\u00e2n\",\"item\":\"https:\/\/nspshop.net\/tr\/shop\/\"},{\"@type\":\"ListItem\",\"position\":3,\"name\":\"Kordisep Mantar\u0131 NSP\"}]},{\"@type\":\"WebSite\",\"@id\":\"https:\/\/nspshop.net\/#website\",\"url\":\"https:\/\/nspshop.net\/\",\"name\":\"Dietary Supplements\",\"description\":\"BuyNSP\",\"publisher\":{\"@id\":\"https:\/\/nspshop.net\/#organization\"},\"potentialAction\":[{\"@type\":\"SearchAction\",\"target\":{\"@type\":\"EntryPoint\",\"urlTemplate\":\"https:\/\/nspshop.net\/?s={search_term_string}\"},\"query-input\":\"required name=search_term_string\"}],\"inLanguage\":\"tr\"},{\"@type\":\"Organization\",\"@id\":\"https:\/\/nspshop.net\/#organization\",\"name\":\"Dietary Supplements\",\"alternateName\":\"BuyNSP\",\"url\":\"https:\/\/nspshop.net\/\",\"logo\":{\"@type\":\"ImageObject\",\"inLanguage\":\"tr\",\"@id\":\"https:\/\/nspshop.net\/#\/schema\/logo\/image\/\",\"url\":\"https:\/\/nspshop.net\/wp-content\/uploads\/2023\/06\/cropped-Logo-NSP.png\",\"contentUrl\":\"https:\/\/nspshop.net\/wp-content\/uploads\/2023\/06\/cropped-Logo-NSP.png\",\"width\":512,\"height\":512,\"caption\":\"Dietary Supplements\"},\"image\":{\"@id\":\"https:\/\/nspshop.net\/#\/schema\/logo\/image\/\"}}]}<\/script>\n<!-- \/ Yoast SEO plugin. -->","yoast_head_json":{"title":"Kordisep Mantar\u0131 NSP | Dietary Supplements","description":"Cordyceps NSP: Tonik ve imm\u00fcnomod\u00fclat\u00f6r etkiye sahiptir. Bakteriostatik ve antiviral etkiye sahiptir. Onkoprotektif etkiye sahiptir. Hematopoetik uyar\u0131r.","robots":{"index":"index","follow":"follow","max-snippet":"max-snippet:-1","max-image-preview":"max-image-preview:large","max-video-preview":"max-video-preview:-1"},"canonical":"https:\/\/nspshop.net\/tr\/urun\/cordyceps-nsp\/","og_locale":"tr_TR","og_type":"article","og_title":"Kordisep Mantar\u0131 NSP | Dietary Supplements","og_description":"Cordyceps NSP: Tonik ve imm\u00fcnomod\u00fclat\u00f6r etkiye sahiptir. Bakteriostatik ve antiviral etkiye sahiptir. Onkoprotektif etkiye sahiptir. Hematopoetik uyar\u0131r.","og_url":"https:\/\/nspshop.net\/tr\/urun\/cordyceps-nsp\/","og_site_name":"Dietary Supplements","article_modified_time":"2024-03-31T08:33:19+00:00","og_image":[{"width":1350,"height":1350,"url":"https:\/\/nspshop.net\/wp-content\/uploads\/2023\/06\/Cordyceps.webp","type":"image\/webp"}],"twitter_card":"summary_large_image","twitter_misc":{"Tahmini okuma s\u00fcresi":"1 dakika"},"schema":{"@context":"https:\/\/schema.org","@graph":[{"@type":"WebPage","@id":"https:\/\/nspshop.net\/tr\/urun\/cordyceps-nsp\/","url":"https:\/\/nspshop.net\/tr\/urun\/cordyceps-nsp\/","name":"Kordisep Mantar\u0131 NSP | Dietary Supplements","isPartOf":{"@id":"https:\/\/nspshop.net\/#website"},"primaryImageOfPage":{"@id":"https:\/\/nspshop.net\/tr\/urun\/cordyceps-nsp\/#primaryimage"},"image":{"@id":"https:\/\/nspshop.net\/tr\/urun\/cordyceps-nsp\/#primaryimage"},"thumbnailUrl":"https:\/\/nspshop.net\/wp-content\/uploads\/2023\/06\/Cordyceps.webp","datePublished":"2023-06-04T05:17:12+00:00","dateModified":"2024-03-31T08:33:19+00:00","description":"Cordyceps NSP: Tonik ve imm\u00fcnomod\u00fclat\u00f6r etkiye sahiptir. Bakteriostatik ve antiviral etkiye sahiptir. Onkoprotektif etkiye sahiptir. Hematopoetik uyar\u0131r.","breadcrumb":{"@id":"https:\/\/nspshop.net\/tr\/urun\/cordyceps-nsp\/#breadcrumb"},"inLanguage":"tr","potentialAction":[{"@type":"ReadAction","target":["https:\/\/nspshop.net\/tr\/urun\/cordyceps-nsp\/"]}]},{"@type":"ImageObject","inLanguage":"tr","@id":"https:\/\/nspshop.net\/tr\/urun\/cordyceps-nsp\/#primaryimage","url":"https:\/\/nspshop.net\/wp-content\/uploads\/2023\/06\/Cordyceps.webp","contentUrl":"https:\/\/nspshop.net\/wp-content\/uploads\/2023\/06\/Cordyceps.webp","width":1350,"height":1350,"caption":"Cordyceps NSP"},{"@type":"BreadcrumbList","@id":"https:\/\/nspshop.net\/tr\/urun\/cordyceps-nsp\/#breadcrumb","itemListElement":[{"@type":"ListItem","position":1,"name":"\u0413\u043b\u0430\u0432\u043d\u0430\u044f \u0441\u0442\u0440\u0430\u043d\u0438\u0446\u0430","item":"https:\/\/nspshop.net\/"},{"@type":"ListItem","position":2,"name":"D\u00fckk\u00e2n","item":"https:\/\/nspshop.net\/tr\/shop\/"},{"@type":"ListItem","position":3,"name":"Kordisep Mantar\u0131 NSP"}]},{"@type":"WebSite","@id":"https:\/\/nspshop.net\/#website","url":"https:\/\/nspshop.net\/","name":"Dietary Supplements","description":"BuyNSP","publisher":{"@id":"https:\/\/nspshop.net\/#organization"},"potentialAction":[{"@type":"SearchAction","target":{"@type":"EntryPoint","urlTemplate":"https:\/\/nspshop.net\/?s={search_term_string}"},"query-input":"required name=search_term_string"}],"inLanguage":"tr"},{"@type":"Organization","@id":"https:\/\/nspshop.net\/#organization","name":"Dietary Supplements","alternateName":"BuyNSP","url":"https:\/\/nspshop.net\/","logo":{"@type":"ImageObject","inLanguage":"tr","@id":"https:\/\/nspshop.net\/#\/schema\/logo\/image\/","url":"https:\/\/nspshop.net\/wp-content\/uploads\/2023\/06\/cropped-Logo-NSP.png","contentUrl":"https:\/\/nspshop.net\/wp-content\/uploads\/2023\/06\/cropped-Logo-NSP.png","width":512,"height":512,"caption":"Dietary Supplements"},"image":{"@id":"https:\/\/nspshop.net\/#\/schema\/logo\/image\/"}}]}},"_links":{"self":[{"href":"https:\/\/nspshop.net\/tr\/wp-json\/wp\/v2\/product\/8032","targetHints":{"allow":["GET"]}}],"collection":[{"href":"https:\/\/nspshop.net\/tr\/wp-json\/wp\/v2\/product"}],"about":[{"href":"https:\/\/nspshop.net\/tr\/wp-json\/wp\/v2\/types\/product"}],"wp:featuredmedia":[{"embeddable":true,"href":"https:\/\/nspshop.net\/tr\/wp-json\/wp\/v2\/media\/7978"}],"wp:attachment":[{"href":"https:\/\/nspshop.net\/tr\/wp-json\/wp\/v2\/media?parent=8032"}],"wp:term":[{"taxonomy":"product_cat","embeddable":true,"href":"https:\/\/nspshop.net\/tr\/wp-json\/wp\/v2\/product_cat?post=8032"},{"taxonomy":"product_tag","embeddable":true,"href":"https:\/\/nspshop.net\/tr\/wp-json\/wp\/v2\/product_tag?post=8032"}],"curies":[{"name":"wp","href":"https:\/\/api.w.org\/{rel}","templated":true}]}}