{"id":8033,"date":"2023-06-05T15:59:30","date_gmt":"2023-06-05T12:59:30","guid":{"rendered":"https:\/\/nspshop.net\/product\/natures-noni-juice-nsp\/"},"modified":"2024-03-31T10:50:19","modified_gmt":"2024-03-31T07:50:19","slug":"natures-noni-juice-nsp","status":"publish","type":"product","link":"https:\/\/nspshop.net\/tr\/urun\/natures-noni-juice-nsp\/","title":{"rendered":"Noni Suyu NSP"},"content":{"rendered":"\r\n        <div class=\"med_worker_introduce_text \">\r\n\r\n            Bu b\u00f6l\u00fcm sadece <span class=\"med_anchor_link\"> <b>Sa\u011fl\u0131k profesyonelleri<\/b> i\u00e7indir<\/span>\r\n\r\n        <\/div>\r\n\r\n        <div class=\"med_worker_popup_wrapper hide\" style=\"background-color: rgba(10,10,10,0.3)\">\r\n            <div class=\"med_worker_popup\" style=\"width:1024px; height:600px;background-color:#ffffff; border-radius: 10px;\">\r\n                <div class=\"med_worker_confirmation\">\r\n                    <span style=\"font-size: 20px\">\r\n                        Sa\u011fl\u0131k profesyoneli misiniz?                    <\/span>\r\n                    <div class=\"med_worker_buttons\">\r\n                        <a href=\"\" class=\"confirm\" style=\"background-color:#0d594e; color: #ffffff;\">Evet<\/a>\r\n                        <a href=\"\" class=\"reject\" style=\"background-color:#bc2b2b; color: #0a0a0a;\">Hay\u0131r<\/a>\r\n                    <\/div>\r\n                <\/div>\r\n                <div class=\"med_worker_decription hide\"><h1>Noni Suyu NSP<\/h1>\n<p>Nature&#8217;s Noni Juice NSP, Morinda citrifolia \u00e7al\u0131 bitkisinin meyvesinin Tahiti dilindeki ad\u0131d\u0131r. Noni meyvesi yenilebilir, ancak ho\u015f olmayan kokusu ve ac\u0131 tad\u0131 nedeniyle Noni meyvelerinin sadece \u00f6z\u00fc tatl\u0131 meyve suyu eklenerek kullan\u0131l\u0131r. \u00c7ok say\u0131da \u00e7al\u0131\u015fma sonucu Noni&#8217;nin inan\u0131lmaz iyile\u015ftirici \u00f6zelliklere sahip oldu\u011funu g\u00f6stermektedir. Noni ba\u011f\u0131\u015f\u0131kl\u0131k sistemini g\u00fc\u00e7lendirir, metabolizmay\u0131 d\u00fczenler ve hasarl\u0131 h\u00fccreleri onar\u0131r. Noni suyu kan bas\u0131nc\u0131n\u0131 normalle\u015ftirmek ve nevroz, depresyon, kronik yorgunluk sendromu, ba\u015f a\u011fr\u0131s\u0131, eklem a\u011fr\u0131s\u0131 ve adet sanc\u0131s\u0131n\u0131 hafifletmek i\u00e7in kullan\u0131labilir. \u0130ltihapl\u0131 hastal\u0131klar, eklemler ve ba\u015f a\u011fr\u0131lar\u0131 \u00fczerinde analjezik etkisi vard\u0131r.<br \/>\nNoni Suyu&#8217;nun d\u00fczenli kullan\u0131m\u0131 ile insanlar so\u011fuk alg\u0131nl\u0131\u011f\u0131ndan muzdarip olmazlar. Amerika&#8217;da ya\u015fayan bir\u00e7ok ki\u015fi Noni suyunu g\u00fcnl\u00fck besinleriyle birlikte kullanmaktad\u0131r.<\/p>\n<p>Noni suyu k\u0131sa s\u00fcreli past\u00f6rizasyona tabi tutulur, bu da meyvenin faydal\u0131 \u00f6zelliklerini koruman\u0131za ve ayn\u0131 zamanda \u015fi\u015feyi a\u00e7t\u0131ktan sonraki 30 g\u00fcn i\u00e7inde \u00fcr\u00fcn\u00fcn tazeli\u011fini koruman\u0131za olanak tan\u0131r.<\/p>\n<p>ETKEN MADDELER<br \/>\nNoni meyvelerinde Salmonella ve Shigella bakteri t\u00fcrleri de dahil olmak \u00fczere antibakteriyel aktiviteye sahip 100&#8217;den fazla biyolojik olarak aktif madde bulunmu\u015ftur. Y\u00fcz gram taze Noni meyvesi 128 mg C vitamini i\u00e7erir.<br \/>\nNoni suyu kan bas\u0131nc\u0131n\u0131 normalle\u015ftirmek, nevroz, depresyon, kronik yorgunluk sendromu, a\u011fr\u0131, ba\u015f a\u011fr\u0131s\u0131, eklem ve adet sanc\u0131lar\u0131n\u0131 hafifletmek i\u00e7in kullan\u0131l\u0131r. Noni suyu merkezi bir analjezik etkiye sahiptir. Noni enzim ve safra \u00fcretimini g\u00fc\u00e7lendirir, sindirimi d\u00fczenler ve anti-parazitik etkiye sahiptir. Kanser koruyucudur, yaralar\u0131n iyile\u015fmesini h\u0131zland\u0131r\u0131r, d\u00fczenli t\u00fcketildi\u011finde ya\u015flanmay\u0131 \u00f6nler.<\/p>\n<p>K\u0131rm\u0131z\u0131 \u00fcz\u00fcm \u00e7e\u015fidinin<em>(Vitis vinifera<\/em>) kabu\u011funun ve tohumlar\u0131n\u0131n \u00f6z\u00fc, g\u00fc\u00e7l\u00fc antioksidan ve membran koruyucu etkilere sahip olan ve kan k\u0131lcal damarlar\u0131n\u0131 stabilize eden \u00e7ok miktarda tanen ve polifenol i\u00e7erir. Resveratrol \u00f6strojen benzeri bir aktiviteye sahiptir.<\/p>\n<p>C vitamini ana antioksidanlardan biridir.<\/p>\n<p><strong>\u00dcr\u00fcn kodu<\/strong>: <strong> 4066<\/strong> <strong>Kategori <\/strong>: G\u0131da Takviyeleri <strong>Se\u00e7ilen \u00fcr\u00fcnler: <\/strong>\u015eimdi stokta<\/p>\n<p><span style=\"text-decoration: underline; color: #497349;\"><strong>\u0130\u00e7indekiler<\/strong><\/span><\/p>\n<p style=\"padding-left: 30px;\">Takviye edici g\u0131da Noni suyu; organik asitler ve proantosiyaninler i\u00e7in ek bir kaynakt\u0131r.<\/p>\n<p><strong>\u0130\u00e7erik <\/strong>(2 yemek ka\u015f\u0131\u011f\u0131, 30 ml): meyve konsantresi (armut konsantresi, ananas konsantresi ve \u015furubu, k\u0131rm\u0131z\u0131 \u00fcz\u00fcm konsantresi, \u015feftali konsantresi, do\u011fal aroma, su, pektin) &#8211; 3,81 g; Noni meyve tozu (Morinda citrifolia) &#8211; 983 mg; k\u0131rm\u0131z\u0131 \u00fcz\u00fcm kabu\u011fu ekstresi (Vitus vinifera) &#8211; 63 mg; C vitamini &#8211; 5,2 mg (normal t\u00fcketim seviyesinin %5,7&#8217;si).<\/p>\n<p><strong>Aktif Olmayan \u0130\u00e7erikler: <\/strong>saf su, malik, tartarik ve sitrik asit.<\/p>\n<p><span style=\"text-decoration: underline; color: #4d764e;\"><strong>Kullan\u0131m<\/strong><\/span><\/p>\n<p style=\"padding-left: 30px;\">Yeti\u015fkinler i\u00e7in yemeklerle birlikte g\u00fcnde iki yemek ka\u015f\u0131\u011f\u0131 (30 ml) al\u0131n\u0131r. Kullanmadan \u00f6nce \u00e7alkalay\u0131n.<\/p>\n<p><strong>Kontrendikasyonlar:<\/strong> \u00dcr\u00fcn bile\u015fenlerine kar\u015f\u0131 bireysel intolerans, hamilelik ve emzirme.<\/p>\n<p>\u015ei\u015feyi a\u00e7t\u0131ktan sonra buzdolab\u0131nda saklay\u0131n.<\/p>\n<\/div>\r\n            <\/div>\r\n        <\/div>\r\n\r\n\n","protected":false},"excerpt":{"rendered":"<ul>\n<li>Meyve Suyu Konsantresi ( \u00dcz\u00fcm ,Armut ) , Noni (%3,10), \u00dcz\u00fcm i\u00e7erir<\/li>\n<li>Takviye edici g\u0131dad\u0131r<\/li>\n<\/ul>\n","protected":false},"featured_media":8034,"template":"","meta":{"_acf_changed":false},"product_cat":[397],"product_tag":[492],"class_list":{"0":"post-8033","1":"product","2":"type-product","3":"status-publish","4":"has-post-thumbnail","6":"product_cat-heath","7":"product_tag-stokta","8":"pa_body-systems-bagisiklik-ve-lenfatik","9":"pa_body-systems-metabolizma","10":"pa_body-systems-sindirim-sistemi","11":"pa_health-topics-bagisiklik","12":"pa_health-topics-detoks-ve-arinma","13":"pa_health-topics-enflamasyon-ve-agri","14":"pa_health-topics-mevsimsel-destek","15":"pa_health-topics-ruh-hali","16":"pa_health-topics-stres-rahatlama-uyku-tr","17":"pa_product-categories-adaptogenler","18":"pa_product-categories-antioxidants-tr","19":"pa_product-categories-antiparaziter","20":"pa_product-categories-onkoprotektorler","22":"first","23":"outofstock","24":"sale","25":"shipping-taxable","26":"purchasable","27":"product-type-simple"},"acf":[],"yoast_head":"<!-- This site is optimized with the Yoast SEO plugin v22.3 - https:\/\/yoast.com\/wordpress\/plugins\/seo\/ -->\n<title>Noni Suyu NSP | Dietary Supplements<\/title>\n<meta name=\"description\" content=\"Nature&#039;s Noni Juice NSP: Kan bas\u0131nc\u0131n\u0131 normalle\u015ftirir, ba\u015f a\u011fr\u0131lar\u0131n\u0131, eklem a\u011fr\u0131lar\u0131n\u0131, adet a\u011fr\u0131lar\u0131n\u0131 hafifletir. Merkezi sinir sisteminin i\u015flevini d\u00fczenler.\" \/>\n<meta name=\"robots\" content=\"index, follow, max-snippet:-1, max-image-preview:large, max-video-preview:-1\" \/>\n<link rel=\"canonical\" href=\"https:\/\/nspshop.net\/tr\/urun\/natures-noni-juice-nsp\/\" \/>\n<meta property=\"og:locale\" content=\"tr_TR\" \/>\n<meta property=\"og:type\" content=\"article\" \/>\n<meta property=\"og:title\" content=\"Noni Suyu NSP | Dietary Supplements\" \/>\n<meta property=\"og:description\" content=\"Nature&#039;s Noni Juice NSP: Kan bas\u0131nc\u0131n\u0131 normalle\u015ftirir, ba\u015f a\u011fr\u0131lar\u0131n\u0131, eklem a\u011fr\u0131lar\u0131n\u0131, adet a\u011fr\u0131lar\u0131n\u0131 hafifletir. Merkezi sinir sisteminin i\u015flevini d\u00fczenler.\" \/>\n<meta property=\"og:url\" content=\"https:\/\/nspshop.net\/tr\/urun\/natures-noni-juice-nsp\/\" \/>\n<meta property=\"og:site_name\" content=\"Dietary Supplements\" \/>\n<meta property=\"article:modified_time\" content=\"2024-03-31T07:50:19+00:00\" \/>\n<meta property=\"og:image\" content=\"https:\/\/nspshop.net\/wp-content\/uploads\/2023\/06\/Natures-Noni-Juice-NSP.webp\" \/>\n\t<meta property=\"og:image:width\" content=\"1080\" \/>\n\t<meta property=\"og:image:height\" content=\"1080\" \/>\n\t<meta property=\"og:image:type\" content=\"image\/webp\" \/>\n<meta name=\"twitter:card\" content=\"summary_large_image\" \/>\n<meta name=\"twitter:label1\" content=\"Tahmini okuma s\u00fcresi\" \/>\n\t<meta name=\"twitter:data1\" content=\"1 dakika\" \/>\n<script type=\"application\/ld+json\" class=\"yoast-schema-graph\">{\"@context\":\"https:\/\/schema.org\",\"@graph\":[{\"@type\":\"WebPage\",\"@id\":\"https:\/\/nspshop.net\/tr\/urun\/natures-noni-juice-nsp\/\",\"url\":\"https:\/\/nspshop.net\/tr\/urun\/natures-noni-juice-nsp\/\",\"name\":\"Noni Suyu NSP | Dietary Supplements\",\"isPartOf\":{\"@id\":\"https:\/\/nspshop.net\/#website\"},\"primaryImageOfPage\":{\"@id\":\"https:\/\/nspshop.net\/tr\/urun\/natures-noni-juice-nsp\/#primaryimage\"},\"image\":{\"@id\":\"https:\/\/nspshop.net\/tr\/urun\/natures-noni-juice-nsp\/#primaryimage\"},\"thumbnailUrl\":\"https:\/\/nspshop.net\/wp-content\/uploads\/2023\/06\/Natures-Noni-Juice-NSP.webp\",\"datePublished\":\"2023-06-05T12:59:30+00:00\",\"dateModified\":\"2024-03-31T07:50:19+00:00\",\"description\":\"Nature's Noni Juice NSP: Kan bas\u0131nc\u0131n\u0131 normalle\u015ftirir, ba\u015f a\u011fr\u0131lar\u0131n\u0131, eklem a\u011fr\u0131lar\u0131n\u0131, adet a\u011fr\u0131lar\u0131n\u0131 hafifletir. Merkezi sinir sisteminin i\u015flevini d\u00fczenler.\",\"breadcrumb\":{\"@id\":\"https:\/\/nspshop.net\/tr\/urun\/natures-noni-juice-nsp\/#breadcrumb\"},\"inLanguage\":\"tr\",\"potentialAction\":[{\"@type\":\"ReadAction\",\"target\":[\"https:\/\/nspshop.net\/tr\/urun\/natures-noni-juice-nsp\/\"]}]},{\"@type\":\"ImageObject\",\"inLanguage\":\"tr\",\"@id\":\"https:\/\/nspshop.net\/tr\/urun\/natures-noni-juice-nsp\/#primaryimage\",\"url\":\"https:\/\/nspshop.net\/wp-content\/uploads\/2023\/06\/Natures-Noni-Juice-NSP.webp\",\"contentUrl\":\"https:\/\/nspshop.net\/wp-content\/uploads\/2023\/06\/Natures-Noni-Juice-NSP.webp\",\"width\":1080,\"height\":1080,\"caption\":\"Natures Noni Juice NSP\"},{\"@type\":\"BreadcrumbList\",\"@id\":\"https:\/\/nspshop.net\/tr\/urun\/natures-noni-juice-nsp\/#breadcrumb\",\"itemListElement\":[{\"@type\":\"ListItem\",\"position\":1,\"name\":\"\u0413\u043b\u0430\u0432\u043d\u0430\u044f \u0441\u0442\u0440\u0430\u043d\u0438\u0446\u0430\",\"item\":\"https:\/\/nspshop.net\/\"},{\"@type\":\"ListItem\",\"position\":2,\"name\":\"D\u00fckk\u00e2n\",\"item\":\"https:\/\/nspshop.net\/tr\/shop\/\"},{\"@type\":\"ListItem\",\"position\":3,\"name\":\"Noni Suyu NSP\"}]},{\"@type\":\"WebSite\",\"@id\":\"https:\/\/nspshop.net\/#website\",\"url\":\"https:\/\/nspshop.net\/\",\"name\":\"Dietary Supplements\",\"description\":\"BuyNSP\",\"publisher\":{\"@id\":\"https:\/\/nspshop.net\/#organization\"},\"potentialAction\":[{\"@type\":\"SearchAction\",\"target\":{\"@type\":\"EntryPoint\",\"urlTemplate\":\"https:\/\/nspshop.net\/?s={search_term_string}\"},\"query-input\":\"required name=search_term_string\"}],\"inLanguage\":\"tr\"},{\"@type\":\"Organization\",\"@id\":\"https:\/\/nspshop.net\/#organization\",\"name\":\"Dietary Supplements\",\"alternateName\":\"BuyNSP\",\"url\":\"https:\/\/nspshop.net\/\",\"logo\":{\"@type\":\"ImageObject\",\"inLanguage\":\"tr\",\"@id\":\"https:\/\/nspshop.net\/#\/schema\/logo\/image\/\",\"url\":\"https:\/\/nspshop.net\/wp-content\/uploads\/2023\/06\/cropped-Logo-NSP.png\",\"contentUrl\":\"https:\/\/nspshop.net\/wp-content\/uploads\/2023\/06\/cropped-Logo-NSP.png\",\"width\":512,\"height\":512,\"caption\":\"Dietary Supplements\"},\"image\":{\"@id\":\"https:\/\/nspshop.net\/#\/schema\/logo\/image\/\"}}]}<\/script>\n<!-- \/ Yoast SEO plugin. -->","yoast_head_json":{"title":"Noni Suyu NSP | Dietary Supplements","description":"Nature's Noni Juice NSP: Kan bas\u0131nc\u0131n\u0131 normalle\u015ftirir, ba\u015f a\u011fr\u0131lar\u0131n\u0131, eklem a\u011fr\u0131lar\u0131n\u0131, adet a\u011fr\u0131lar\u0131n\u0131 hafifletir. Merkezi sinir sisteminin i\u015flevini d\u00fczenler.","robots":{"index":"index","follow":"follow","max-snippet":"max-snippet:-1","max-image-preview":"max-image-preview:large","max-video-preview":"max-video-preview:-1"},"canonical":"https:\/\/nspshop.net\/tr\/urun\/natures-noni-juice-nsp\/","og_locale":"tr_TR","og_type":"article","og_title":"Noni Suyu NSP | Dietary Supplements","og_description":"Nature's Noni Juice NSP: Kan bas\u0131nc\u0131n\u0131 normalle\u015ftirir, ba\u015f a\u011fr\u0131lar\u0131n\u0131, eklem a\u011fr\u0131lar\u0131n\u0131, adet a\u011fr\u0131lar\u0131n\u0131 hafifletir. Merkezi sinir sisteminin i\u015flevini d\u00fczenler.","og_url":"https:\/\/nspshop.net\/tr\/urun\/natures-noni-juice-nsp\/","og_site_name":"Dietary Supplements","article_modified_time":"2024-03-31T07:50:19+00:00","og_image":[{"width":1080,"height":1080,"url":"https:\/\/nspshop.net\/wp-content\/uploads\/2023\/06\/Natures-Noni-Juice-NSP.webp","type":"image\/webp"}],"twitter_card":"summary_large_image","twitter_misc":{"Tahmini okuma s\u00fcresi":"1 dakika"},"schema":{"@context":"https:\/\/schema.org","@graph":[{"@type":"WebPage","@id":"https:\/\/nspshop.net\/tr\/urun\/natures-noni-juice-nsp\/","url":"https:\/\/nspshop.net\/tr\/urun\/natures-noni-juice-nsp\/","name":"Noni Suyu NSP | Dietary Supplements","isPartOf":{"@id":"https:\/\/nspshop.net\/#website"},"primaryImageOfPage":{"@id":"https:\/\/nspshop.net\/tr\/urun\/natures-noni-juice-nsp\/#primaryimage"},"image":{"@id":"https:\/\/nspshop.net\/tr\/urun\/natures-noni-juice-nsp\/#primaryimage"},"thumbnailUrl":"https:\/\/nspshop.net\/wp-content\/uploads\/2023\/06\/Natures-Noni-Juice-NSP.webp","datePublished":"2023-06-05T12:59:30+00:00","dateModified":"2024-03-31T07:50:19+00:00","description":"Nature's Noni Juice NSP: Kan bas\u0131nc\u0131n\u0131 normalle\u015ftirir, ba\u015f a\u011fr\u0131lar\u0131n\u0131, eklem a\u011fr\u0131lar\u0131n\u0131, adet a\u011fr\u0131lar\u0131n\u0131 hafifletir. Merkezi sinir sisteminin i\u015flevini d\u00fczenler.","breadcrumb":{"@id":"https:\/\/nspshop.net\/tr\/urun\/natures-noni-juice-nsp\/#breadcrumb"},"inLanguage":"tr","potentialAction":[{"@type":"ReadAction","target":["https:\/\/nspshop.net\/tr\/urun\/natures-noni-juice-nsp\/"]}]},{"@type":"ImageObject","inLanguage":"tr","@id":"https:\/\/nspshop.net\/tr\/urun\/natures-noni-juice-nsp\/#primaryimage","url":"https:\/\/nspshop.net\/wp-content\/uploads\/2023\/06\/Natures-Noni-Juice-NSP.webp","contentUrl":"https:\/\/nspshop.net\/wp-content\/uploads\/2023\/06\/Natures-Noni-Juice-NSP.webp","width":1080,"height":1080,"caption":"Natures Noni Juice NSP"},{"@type":"BreadcrumbList","@id":"https:\/\/nspshop.net\/tr\/urun\/natures-noni-juice-nsp\/#breadcrumb","itemListElement":[{"@type":"ListItem","position":1,"name":"\u0413\u043b\u0430\u0432\u043d\u0430\u044f \u0441\u0442\u0440\u0430\u043d\u0438\u0446\u0430","item":"https:\/\/nspshop.net\/"},{"@type":"ListItem","position":2,"name":"D\u00fckk\u00e2n","item":"https:\/\/nspshop.net\/tr\/shop\/"},{"@type":"ListItem","position":3,"name":"Noni Suyu NSP"}]},{"@type":"WebSite","@id":"https:\/\/nspshop.net\/#website","url":"https:\/\/nspshop.net\/","name":"Dietary Supplements","description":"BuyNSP","publisher":{"@id":"https:\/\/nspshop.net\/#organization"},"potentialAction":[{"@type":"SearchAction","target":{"@type":"EntryPoint","urlTemplate":"https:\/\/nspshop.net\/?s={search_term_string}"},"query-input":"required name=search_term_string"}],"inLanguage":"tr"},{"@type":"Organization","@id":"https:\/\/nspshop.net\/#organization","name":"Dietary Supplements","alternateName":"BuyNSP","url":"https:\/\/nspshop.net\/","logo":{"@type":"ImageObject","inLanguage":"tr","@id":"https:\/\/nspshop.net\/#\/schema\/logo\/image\/","url":"https:\/\/nspshop.net\/wp-content\/uploads\/2023\/06\/cropped-Logo-NSP.png","contentUrl":"https:\/\/nspshop.net\/wp-content\/uploads\/2023\/06\/cropped-Logo-NSP.png","width":512,"height":512,"caption":"Dietary Supplements"},"image":{"@id":"https:\/\/nspshop.net\/#\/schema\/logo\/image\/"}}]}},"_links":{"self":[{"href":"https:\/\/nspshop.net\/tr\/wp-json\/wp\/v2\/product\/8033","targetHints":{"allow":["GET"]}}],"collection":[{"href":"https:\/\/nspshop.net\/tr\/wp-json\/wp\/v2\/product"}],"about":[{"href":"https:\/\/nspshop.net\/tr\/wp-json\/wp\/v2\/types\/product"}],"wp:featuredmedia":[{"embeddable":true,"href":"https:\/\/nspshop.net\/tr\/wp-json\/wp\/v2\/media\/8034"}],"wp:attachment":[{"href":"https:\/\/nspshop.net\/tr\/wp-json\/wp\/v2\/media?parent=8033"}],"wp:term":[{"taxonomy":"product_cat","embeddable":true,"href":"https:\/\/nspshop.net\/tr\/wp-json\/wp\/v2\/product_cat?post=8033"},{"taxonomy":"product_tag","embeddable":true,"href":"https:\/\/nspshop.net\/tr\/wp-json\/wp\/v2\/product_tag?post=8033"}],"curies":[{"name":"wp","href":"https:\/\/api.w.org\/{rel}","templated":true}]}}