{"id":8035,"date":"2023-06-05T10:12:49","date_gmt":"2023-06-05T07:12:49","guid":{"rendered":"https:\/\/nspshop.net\/product\/liv-guard-nsp\/"},"modified":"2024-03-31T08:06:57","modified_gmt":"2024-03-31T05:06:57","slug":"liv-guard-nsp","status":"publish","type":"product","link":"https:\/\/nspshop.net\/tr\/urun\/liv-guard-nsp\/","title":{"rendered":"Karahindiba, Devedikeni ve Kolin NSP"},"content":{"rendered":"\r\n        <div class=\"med_worker_introduce_text \">\r\n\r\n            Bu b\u00f6l\u00fcm sadece <span class=\"med_anchor_link\"> <b>Sa\u011fl\u0131k profesyonelleri<\/b> i\u00e7indir<\/span>\r\n\r\n        <\/div>\r\n\r\n        <div class=\"med_worker_popup_wrapper hide\" style=\"background-color: rgba(10,10,10,0.3)\">\r\n            <div class=\"med_worker_popup\" style=\"width:1024px; height:600px;background-color:#ffffff; border-radius: 10px;\">\r\n                <div class=\"med_worker_confirmation\">\r\n                    <span style=\"font-size: 20px\">\r\n                        Sa\u011fl\u0131k profesyoneli misiniz?                    <\/span>\r\n                    <div class=\"med_worker_buttons\">\r\n                        <a href=\"\" class=\"confirm\" style=\"background-color:#0d594e; color: #ffffff;\">Evet<\/a>\r\n                        <a href=\"\" class=\"reject\" style=\"background-color:#bc2b2b; color: #0a0a0a;\">Hay\u0131r<\/a>\r\n                    <\/div>\r\n                <\/div>\r\n                <div class=\"med_worker_decription hide\"><h1>Karahindiba, Devedikeni ve Kolin NSP<\/h1>\n<p>Karaci\u011fer \u00e7ok fonksiyonlu \u00f6nemli bir organd\u0131r. Vitaminler, demir, glikojen ve di\u011fer besinler i\u00e7in bir depo rol\u00fc oynayabilir. Karaci\u011fer, ba\u011f\u0131rsaklar\u0131n yiyecekleri sindirmesine yard\u0131mc\u0131 olan safray\u0131 \u00fcretir. V\u00fccudu \u00e7e\u015fitli toksik maddelerden korur. V\u00fccudumuza giren ve metabolizma s\u00fcrecinde olu\u015fan hemen hemen t\u00fcm zararl\u0131 maddeler karaci\u011ferde zarars\u0131z hale getirilir. Karaci\u011fer hasar\u0131na neden olabilecek bir\u00e7ok fakt\u00f6r vard\u0131r: alkol dahil toksinler, v\u00fccuda d\u0131\u015far\u0131dan giren veya ba\u011f\u0131rsaklarda olu\u015fan toksinler. S\u00fct ve et \u00fcr\u00fcnleri kal\u0131nt\u0131lar\u0131, hormonlar ve \u00e7iftlik hayvanlar\u0131nda kullan\u0131lan antibiyotikler. Karaci\u011feri antioksidanlar, vitaminler, biyolojik elementler ve bitki \u00f6zleri gibi hepatoprotekt\u00f6rler yard\u0131m\u0131yla desteklemek gerekir.<\/p>\n<p>Liv Guard NSP g\u00fc\u00e7l\u00fc bir karaci\u011fer onar\u0131m\u0131 ve karaci\u011fer yard\u0131mc\u0131s\u0131d\u0131r. Liv Guard beta-karoten, C vitamini, demir, kolin ve inositol i\u00e7erir. Ayr\u0131ca devedikeni ve karahindiba \u00f6zleri i\u00e7erir.<\/p>\n<p>Aktif i\u00e7erik<br \/>\nBeta-karoten bir provitamin A karotenoididir. h\u00fccrelerin b\u00fcy\u00fcmesini ve farkl\u0131la\u015fmas\u0131n\u0131 etkileyen, karaci\u011fer h\u00fccrelerinin yenilenmesini sa\u011flayan ve kansere yakalanma riskini azaltan g\u00fc\u00e7l\u00fc bir antioksidand\u0131r.<\/p>\n<p>Deve dikeni<em>(Silybum marianum<\/em>), belirgin bir hepatoprotektif ve antioksidan etkiye sahip olan, h\u00fccre zarlar\u0131n\u0131 korumaya yard\u0131mc\u0131 olan ve hepatositlerin yenilenmesini art\u0131ran flavonoidler ve flavonolignanlar i\u00e7erir. Ayr\u0131ca anti-enflamatuar etkileri de vard\u0131r.<br \/>\nKarahindiba<em>(Taraxacum officinale<\/em>), k\u00f6klerinde %40&#8217;a kadar in\u00fclin, triterpen bile\u015fikleri, steroller, taraksasin ve taraksasterol, vitaminler, kolin ve saponinler i\u00e7eren yenilebilir bir bitkidir. Antiviral, fungisidal, antikanserojenik, antidiyabetik etkileri vard\u0131r. Hepatit, kolesistit, kolelitiazis i\u00e7in kullan\u0131l\u0131r ve koleretik ve antispazmodik etkiye sahiptir. Sindirimi, i\u015ftah\u0131, metabolizmay\u0131 d\u00fczenler ve emziren kad\u0131nlar\u0131n s\u00fct \u00fcretimini art\u0131rabilir.<\/p>\n<p>Kolin, safra tuzu olan bir besin maddesidir. lesitin, sfingomiyelin gibi fosfolipidleri yapmak i\u00e7in gereklidir. Hepatoprotektiftir, lipid metabolizmas\u0131n\u0131 normalle\u015ftirir, ya\u011fl\u0131 karaci\u011fer infiltrasyonunun \u015fiddetini azalt\u0131r ve lipotropik etki sa\u011flar.<\/p>\n<p>\u0130nositol, kolin ile birlikte fosfolipid lesitinin \u00f6nc\u00fcs\u00fc olan vitamin benzeri bir maddedir (genellikle B8 Vitamini olarak adland\u0131r\u0131l\u0131r). Enerji metabolizmas\u0131n\u0131 aktive eder, protein metabolizmas\u0131na kat\u0131l\u0131r ve n\u00f6rom\u00fcsk\u00fcler uyar\u0131labilirli\u011fi art\u0131r\u0131r. Membran koruyucu, lipotropik, aterosklerotik, sedatif ve hipnotik etkileri vard\u0131r.<\/p>\n<p>Liv-Guard NSP karaci\u011fer h\u00fccrelerinin alkol\u00fcn zararl\u0131 etkilerine kar\u015f\u0131 direncini art\u0131r\u0131r, agresif ara metabolik \u00fcr\u00fcnleri n\u00f6tralize eder, safra olu\u015fumunu h\u0131zland\u0131r\u0131r ve safra kesesinin bo\u015falmas\u0131n\u0131 destekler. Ayr\u0131ca anti-enflamatuar \u00f6zelliklere sahiptir ve karaci\u011fer h\u00fccrelerinin hasarl\u0131 membranlar\u0131n\u0131n onar\u0131lmas\u0131na yard\u0131mc\u0131 olur. Toksik karaci\u011fer hasar\u0131, kronik hepatit, karaci\u011fer sirozu, kolesistit ve biliyer diskinezi i\u00e7in yararl\u0131 olabilir.<\/p>\n<p><strong>\u00dcr\u00fcn kodu<\/strong>: <strong> 4015<\/strong><strong> Kategori <\/strong>: G\u0131da Takviyeleri <strong>Se\u00e7ilen \u00fcr\u00fcnler: <\/strong>\u015eimdi stokta<\/p>\n<p><span style=\"text-decoration: underline; color: #4d764f;\"><strong>\u0130\u00e7indekiler<\/strong><\/span><\/p>\n<p style=\"padding-left: 30px;\">G\u0131da takviyesi Liv Gard, flavolignan, C vitamini, beta-karoten ve kolin i\u00e7eren demir ve inositol kayna\u011f\u0131d\u0131r.<\/p>\n<p><strong>\u0130\u00e7erik<\/strong> (1 tablet): \u03b2 -karoten &#8211; 10.000 IU (6,8 mg %136), C vitamini &#8211; 240 mg (%267), demir (demir fumarat i\u00e7inde) &#8211; 5 mg, devedikeni tohumu ekstresi (Silybum marianum) &#8211; 179 mg, karahindiba k\u00f6k\u00fc (Taraxacum officinale) &#8211; 152 mg, kolin (bitartat) &#8211; 60 mg (%12), inositol &#8211; 60 mg (%12).<\/p>\n<p><strong>\u0130naktif Bile\u015fenler<\/strong>: sel\u00fcloz, stearik asit, maltodekstrin, magnezyum stearat, silikon dioksit Tablet kabu\u011fu karnauba mumu, sel\u00fcloz kaplama ve ar\u0131t\u0131lm\u0131\u015f su i\u00e7erir.<\/p>\n<p><span style=\"text-decoration: underline; color: #4d7850;\"><strong>Kullan\u0131m<\/strong><\/span><\/p>\n<p style=\"padding-left: 30px;\">Yeti\u015fkinler i\u00e7in, \u00fc\u00e7 ila d\u00f6rt hafta boyunca g\u00fcnde bir kez yemeklerle birlikte bir tablet. Gerekirse kullan\u0131m tekrarlanabilir.<\/p>\n<p><strong>Contraindications:<\/strong> personal intolerance, pregnancy, and lactation.<\/p>\n<\/div>\r\n            <\/div>\r\n        <\/div>\r\n\r\n\n<p>&nbsp;<\/p>\n","protected":false},"excerpt":{"rendered":"<ul>\n<li>Gotu kola ve Ginko i\u00e7eren g\u0131da takviyesidir.<\/li>\n<\/ul>\n","protected":false},"featured_media":8036,"template":"","meta":{"_acf_changed":false},"product_cat":[397],"product_tag":[],"class_list":{"0":"post-8035","1":"product","2":"type-product","3":"status-publish","4":"has-post-thumbnail","6":"product_cat-heath","7":"pa_body-systems-metabolizma","8":"pa_body-systems-sindirim-sistemi","9":"pa_health-topics-detoks-ve-arinma","10":"pa_health-topics-sac-cilt-tirnaklar","11":"pa_health-topics-sindirim","12":"pa_product-categories-antioxidants-tr","13":"pa_product-categories-hepatoprotectors-tr","14":"pa_product-categories-parafarmasotikler","16":"first","17":"instock","18":"sale","19":"shipping-taxable","20":"purchasable","21":"product-type-simple"},"acf":[],"yoast_head":"<!-- This site is optimized with the Yoast SEO plugin v22.3 - https:\/\/yoast.com\/wordpress\/plugins\/seo\/ -->\n<title>Karahindiba, Devedikeni ve Kolin NSP | Dietary Supplements<\/title>\n<meta name=\"description\" content=\"Liv-Guard NSP: Karaci\u011fer fonksiyonlar\u0131n\u0131 destekler Sindirimi iyile\u015ftirir Detoksifikasyon s\u00fcre\u00e7lerini iyile\u015ftirir V\u00fccudu serbest radikallerden korur.\" \/>\n<meta name=\"robots\" content=\"index, follow, max-snippet:-1, max-image-preview:large, max-video-preview:-1\" \/>\n<link rel=\"canonical\" href=\"https:\/\/nspshop.net\/tr\/urun\/liv-guard-nsp\/\" \/>\n<meta property=\"og:locale\" content=\"tr_TR\" \/>\n<meta property=\"og:type\" content=\"article\" \/>\n<meta property=\"og:title\" content=\"Karahindiba, Devedikeni ve Kolin NSP | Dietary Supplements\" \/>\n<meta property=\"og:description\" content=\"Liv-Guard NSP: Karaci\u011fer fonksiyonlar\u0131n\u0131 destekler Sindirimi iyile\u015ftirir Detoksifikasyon s\u00fcre\u00e7lerini iyile\u015ftirir V\u00fccudu serbest radikallerden korur.\" \/>\n<meta property=\"og:url\" content=\"https:\/\/nspshop.net\/tr\/urun\/liv-guard-nsp\/\" \/>\n<meta property=\"og:site_name\" content=\"Dietary Supplements\" \/>\n<meta property=\"article:modified_time\" content=\"2024-03-31T05:06:57+00:00\" \/>\n<meta property=\"og:image\" content=\"https:\/\/nspshop.net\/wp-content\/uploads\/2023\/06\/Liv-Guard.webp\" \/>\n\t<meta property=\"og:image:width\" content=\"1080\" \/>\n\t<meta property=\"og:image:height\" content=\"1080\" \/>\n\t<meta property=\"og:image:type\" content=\"image\/webp\" \/>\n<meta name=\"twitter:card\" content=\"summary_large_image\" \/>\n<meta name=\"twitter:label1\" content=\"Tahmini okuma s\u00fcresi\" \/>\n\t<meta name=\"twitter:data1\" content=\"1 dakika\" \/>\n<script type=\"application\/ld+json\" class=\"yoast-schema-graph\">{\"@context\":\"https:\/\/schema.org\",\"@graph\":[{\"@type\":\"WebPage\",\"@id\":\"https:\/\/nspshop.net\/tr\/urun\/liv-guard-nsp\/\",\"url\":\"https:\/\/nspshop.net\/tr\/urun\/liv-guard-nsp\/\",\"name\":\"Karahindiba, Devedikeni ve Kolin NSP | Dietary Supplements\",\"isPartOf\":{\"@id\":\"https:\/\/nspshop.net\/#website\"},\"primaryImageOfPage\":{\"@id\":\"https:\/\/nspshop.net\/tr\/urun\/liv-guard-nsp\/#primaryimage\"},\"image\":{\"@id\":\"https:\/\/nspshop.net\/tr\/urun\/liv-guard-nsp\/#primaryimage\"},\"thumbnailUrl\":\"https:\/\/nspshop.net\/wp-content\/uploads\/2023\/06\/Liv-Guard.webp\",\"datePublished\":\"2023-06-05T07:12:49+00:00\",\"dateModified\":\"2024-03-31T05:06:57+00:00\",\"description\":\"Liv-Guard NSP: Karaci\u011fer fonksiyonlar\u0131n\u0131 destekler Sindirimi iyile\u015ftirir Detoksifikasyon s\u00fcre\u00e7lerini iyile\u015ftirir V\u00fccudu serbest radikallerden korur.\",\"breadcrumb\":{\"@id\":\"https:\/\/nspshop.net\/tr\/urun\/liv-guard-nsp\/#breadcrumb\"},\"inLanguage\":\"tr\",\"potentialAction\":[{\"@type\":\"ReadAction\",\"target\":[\"https:\/\/nspshop.net\/tr\/urun\/liv-guard-nsp\/\"]}]},{\"@type\":\"ImageObject\",\"inLanguage\":\"tr\",\"@id\":\"https:\/\/nspshop.net\/tr\/urun\/liv-guard-nsp\/#primaryimage\",\"url\":\"https:\/\/nspshop.net\/wp-content\/uploads\/2023\/06\/Liv-Guard.webp\",\"contentUrl\":\"https:\/\/nspshop.net\/wp-content\/uploads\/2023\/06\/Liv-Guard.webp\",\"width\":1080,\"height\":1080,\"caption\":\"Liv-Guard NSP\"},{\"@type\":\"BreadcrumbList\",\"@id\":\"https:\/\/nspshop.net\/tr\/urun\/liv-guard-nsp\/#breadcrumb\",\"itemListElement\":[{\"@type\":\"ListItem\",\"position\":1,\"name\":\"\u0413\u043b\u0430\u0432\u043d\u0430\u044f \u0441\u0442\u0440\u0430\u043d\u0438\u0446\u0430\",\"item\":\"https:\/\/nspshop.net\/\"},{\"@type\":\"ListItem\",\"position\":2,\"name\":\"D\u00fckk\u00e2n\",\"item\":\"https:\/\/nspshop.net\/tr\/shop\/\"},{\"@type\":\"ListItem\",\"position\":3,\"name\":\"Karahindiba, Devedikeni ve Kolin NSP\"}]},{\"@type\":\"WebSite\",\"@id\":\"https:\/\/nspshop.net\/#website\",\"url\":\"https:\/\/nspshop.net\/\",\"name\":\"Dietary Supplements\",\"description\":\"BuyNSP\",\"publisher\":{\"@id\":\"https:\/\/nspshop.net\/#organization\"},\"potentialAction\":[{\"@type\":\"SearchAction\",\"target\":{\"@type\":\"EntryPoint\",\"urlTemplate\":\"https:\/\/nspshop.net\/?s={search_term_string}\"},\"query-input\":\"required name=search_term_string\"}],\"inLanguage\":\"tr\"},{\"@type\":\"Organization\",\"@id\":\"https:\/\/nspshop.net\/#organization\",\"name\":\"Dietary Supplements\",\"alternateName\":\"BuyNSP\",\"url\":\"https:\/\/nspshop.net\/\",\"logo\":{\"@type\":\"ImageObject\",\"inLanguage\":\"tr\",\"@id\":\"https:\/\/nspshop.net\/#\/schema\/logo\/image\/\",\"url\":\"https:\/\/nspshop.net\/wp-content\/uploads\/2023\/06\/cropped-Logo-NSP.png\",\"contentUrl\":\"https:\/\/nspshop.net\/wp-content\/uploads\/2023\/06\/cropped-Logo-NSP.png\",\"width\":512,\"height\":512,\"caption\":\"Dietary Supplements\"},\"image\":{\"@id\":\"https:\/\/nspshop.net\/#\/schema\/logo\/image\/\"}}]}<\/script>\n<!-- \/ Yoast SEO plugin. -->","yoast_head_json":{"title":"Karahindiba, Devedikeni ve Kolin NSP | Dietary Supplements","description":"Liv-Guard NSP: Karaci\u011fer fonksiyonlar\u0131n\u0131 destekler Sindirimi iyile\u015ftirir Detoksifikasyon s\u00fcre\u00e7lerini iyile\u015ftirir V\u00fccudu serbest radikallerden korur.","robots":{"index":"index","follow":"follow","max-snippet":"max-snippet:-1","max-image-preview":"max-image-preview:large","max-video-preview":"max-video-preview:-1"},"canonical":"https:\/\/nspshop.net\/tr\/urun\/liv-guard-nsp\/","og_locale":"tr_TR","og_type":"article","og_title":"Karahindiba, Devedikeni ve Kolin NSP | Dietary Supplements","og_description":"Liv-Guard NSP: Karaci\u011fer fonksiyonlar\u0131n\u0131 destekler Sindirimi iyile\u015ftirir Detoksifikasyon s\u00fcre\u00e7lerini iyile\u015ftirir V\u00fccudu serbest radikallerden korur.","og_url":"https:\/\/nspshop.net\/tr\/urun\/liv-guard-nsp\/","og_site_name":"Dietary Supplements","article_modified_time":"2024-03-31T05:06:57+00:00","og_image":[{"width":1080,"height":1080,"url":"https:\/\/nspshop.net\/wp-content\/uploads\/2023\/06\/Liv-Guard.webp","type":"image\/webp"}],"twitter_card":"summary_large_image","twitter_misc":{"Tahmini okuma s\u00fcresi":"1 dakika"},"schema":{"@context":"https:\/\/schema.org","@graph":[{"@type":"WebPage","@id":"https:\/\/nspshop.net\/tr\/urun\/liv-guard-nsp\/","url":"https:\/\/nspshop.net\/tr\/urun\/liv-guard-nsp\/","name":"Karahindiba, Devedikeni ve Kolin NSP | Dietary Supplements","isPartOf":{"@id":"https:\/\/nspshop.net\/#website"},"primaryImageOfPage":{"@id":"https:\/\/nspshop.net\/tr\/urun\/liv-guard-nsp\/#primaryimage"},"image":{"@id":"https:\/\/nspshop.net\/tr\/urun\/liv-guard-nsp\/#primaryimage"},"thumbnailUrl":"https:\/\/nspshop.net\/wp-content\/uploads\/2023\/06\/Liv-Guard.webp","datePublished":"2023-06-05T07:12:49+00:00","dateModified":"2024-03-31T05:06:57+00:00","description":"Liv-Guard NSP: Karaci\u011fer fonksiyonlar\u0131n\u0131 destekler Sindirimi iyile\u015ftirir Detoksifikasyon s\u00fcre\u00e7lerini iyile\u015ftirir V\u00fccudu serbest radikallerden korur.","breadcrumb":{"@id":"https:\/\/nspshop.net\/tr\/urun\/liv-guard-nsp\/#breadcrumb"},"inLanguage":"tr","potentialAction":[{"@type":"ReadAction","target":["https:\/\/nspshop.net\/tr\/urun\/liv-guard-nsp\/"]}]},{"@type":"ImageObject","inLanguage":"tr","@id":"https:\/\/nspshop.net\/tr\/urun\/liv-guard-nsp\/#primaryimage","url":"https:\/\/nspshop.net\/wp-content\/uploads\/2023\/06\/Liv-Guard.webp","contentUrl":"https:\/\/nspshop.net\/wp-content\/uploads\/2023\/06\/Liv-Guard.webp","width":1080,"height":1080,"caption":"Liv-Guard NSP"},{"@type":"BreadcrumbList","@id":"https:\/\/nspshop.net\/tr\/urun\/liv-guard-nsp\/#breadcrumb","itemListElement":[{"@type":"ListItem","position":1,"name":"\u0413\u043b\u0430\u0432\u043d\u0430\u044f \u0441\u0442\u0440\u0430\u043d\u0438\u0446\u0430","item":"https:\/\/nspshop.net\/"},{"@type":"ListItem","position":2,"name":"D\u00fckk\u00e2n","item":"https:\/\/nspshop.net\/tr\/shop\/"},{"@type":"ListItem","position":3,"name":"Karahindiba, Devedikeni ve Kolin NSP"}]},{"@type":"WebSite","@id":"https:\/\/nspshop.net\/#website","url":"https:\/\/nspshop.net\/","name":"Dietary Supplements","description":"BuyNSP","publisher":{"@id":"https:\/\/nspshop.net\/#organization"},"potentialAction":[{"@type":"SearchAction","target":{"@type":"EntryPoint","urlTemplate":"https:\/\/nspshop.net\/?s={search_term_string}"},"query-input":"required name=search_term_string"}],"inLanguage":"tr"},{"@type":"Organization","@id":"https:\/\/nspshop.net\/#organization","name":"Dietary Supplements","alternateName":"BuyNSP","url":"https:\/\/nspshop.net\/","logo":{"@type":"ImageObject","inLanguage":"tr","@id":"https:\/\/nspshop.net\/#\/schema\/logo\/image\/","url":"https:\/\/nspshop.net\/wp-content\/uploads\/2023\/06\/cropped-Logo-NSP.png","contentUrl":"https:\/\/nspshop.net\/wp-content\/uploads\/2023\/06\/cropped-Logo-NSP.png","width":512,"height":512,"caption":"Dietary Supplements"},"image":{"@id":"https:\/\/nspshop.net\/#\/schema\/logo\/image\/"}}]}},"_links":{"self":[{"href":"https:\/\/nspshop.net\/tr\/wp-json\/wp\/v2\/product\/8035","targetHints":{"allow":["GET"]}}],"collection":[{"href":"https:\/\/nspshop.net\/tr\/wp-json\/wp\/v2\/product"}],"about":[{"href":"https:\/\/nspshop.net\/tr\/wp-json\/wp\/v2\/types\/product"}],"wp:featuredmedia":[{"embeddable":true,"href":"https:\/\/nspshop.net\/tr\/wp-json\/wp\/v2\/media\/8036"}],"wp:attachment":[{"href":"https:\/\/nspshop.net\/tr\/wp-json\/wp\/v2\/media?parent=8035"}],"wp:term":[{"taxonomy":"product_cat","embeddable":true,"href":"https:\/\/nspshop.net\/tr\/wp-json\/wp\/v2\/product_cat?post=8035"},{"taxonomy":"product_tag","embeddable":true,"href":"https:\/\/nspshop.net\/tr\/wp-json\/wp\/v2\/product_tag?post=8035"}],"curies":[{"name":"wp","href":"https:\/\/api.w.org\/{rel}","templated":true}]}}