{"id":8037,"date":"2023-06-05T10:00:57","date_gmt":"2023-06-05T07:00:57","guid":{"rendered":"https:\/\/nspshop.net\/product\/ginkgo-gotu-kola-nsp\/"},"modified":"2024-03-31T10:41:49","modified_gmt":"2024-03-31T07:41:49","slug":"ginkgo-gotu-kola-nsp","status":"publish","type":"product","link":"https:\/\/nspshop.net\/tr\/urun\/ginkgo-gotu-kola-nsp\/","title":{"rendered":"Ginkgo Gotu Kola NSP"},"content":{"rendered":"\r\n        <div class=\"med_worker_introduce_text \">\r\n\r\n            Bu b\u00f6l\u00fcm sadece <span class=\"med_anchor_link\"> <b>Sa\u011fl\u0131k profesyonelleri<\/b> i\u00e7indir<\/span>\r\n\r\n        <\/div>\r\n\r\n        <div class=\"med_worker_popup_wrapper hide\" style=\"background-color: rgba(10,10,10,0.3)\">\r\n            <div class=\"med_worker_popup\" style=\"width:1024px; height:600px;background-color:#ffffff; border-radius: 10px;\">\r\n                <div class=\"med_worker_confirmation\">\r\n                    <span style=\"font-size: 20px\">\r\n                        Sa\u011fl\u0131k profesyoneli misiniz?                    <\/span>\r\n                    <div class=\"med_worker_buttons\">\r\n                        <a href=\"\" class=\"confirm\" style=\"background-color:#0d594e; color: #ffffff;\">Evet<\/a>\r\n                        <a href=\"\" class=\"reject\" style=\"background-color:#bc2b2b; color: #0a0a0a;\">Hay\u0131r<\/a>\r\n                    <\/div>\r\n                <\/div>\r\n                <div class=\"med_worker_decription hide\"><h1>Ginkgo Gotu Kola NSP<\/h1>\n<p>Normal kan ak\u0131\u015f\u0131, organlara ve dokulara oksijen ve besin sa\u011flanmas\u0131n\u0131n yan\u0131 s\u0131ra toksik maddelerin ve metabolik \u00fcr\u00fcnlerin ortadan kald\u0131r\u0131lmas\u0131n\u0131 sa\u011flar. Vazospazm\u0131 hafifleten, kan viskozitesini azaltan ve kan damarlar\u0131n\u0131n duvarlar\u0131n\u0131 g\u00fc\u00e7lendiren maddeler kan ak\u0131\u015f\u0131n\u0131 iyile\u015ftirmeye yard\u0131mc\u0131 olabilir. Ginkgo \/ Gotu Kola&#8217;n\u0131n mikrosirk\u00fclasyonda d\u00fczenli bir iyile\u015fmesi vard\u0131r. Serebral dola\u015f\u0131m\u0131, derin arterlerin periferik kan ak\u0131\u015f\u0131n\u0131 ve ven\u00f6z kan ak\u0131\u015f\u0131n\u0131 iyile\u015ftirir. Antispazmodik etkiye sahiptir, rejenerasyonu ve kolajen olu\u015fumunu uyar\u0131r. Kalp krizi ve fel\u00e7 riskini azalt\u0131r ve beyne oksijen gitmesini sa\u011flar. Etkili bir sinir koruyucudur; zihinsel performans\u0131 art\u0131r\u0131r, haf\u0131zay\u0131 ve konsantrasyonu geli\u015ftirir, anksiyete ve depresyon durumlar\u0131nda yard\u0131mc\u0131 olur, uykuyu d\u00fczenler, Ginkgo \/ Gotu Kola ya\u015fa ba\u011fl\u0131 olumsuz de\u011fi\u015fikliklerle (ba\u015f d\u00f6nmesi, kan bas\u0131nc\u0131nda dalgalanmalar, so\u011fuk ekstremiteler) ba\u015fa \u00e7\u0131kmaya yard\u0131mc\u0131 olacakt\u0131r.<\/p>\n<p>Benzersiz fitomineral form\u00fcl\u00fc periferik dola\u015f\u0131m\u0131 iyile\u015ftirir.<\/p>\n<p><strong>Aktif i\u00e7erik<\/strong><\/p>\n<p>Ginkgo biloba<em>(Ginkgo bil<\/em>oba) antispazmodik etkiye sahiptir ve k\u0131lcal damar k\u0131r\u0131lganl\u0131\u011f\u0131n\u0131 \u00f6nler. Ginkgo biloba beyin dokusu da dahil olmak \u00fczere t\u00fcm organ ve dokularda mikrosirk\u00fclasyonu d\u00fczenleyerek beyin fonksiyonlar\u0131n\u0131 iyile\u015ftirir. Pediatrik patolojide (ensefalopati, demans, konsantrasyon eksikli\u011fi, n\u00f6ro-dola\u015f\u0131m distonisi) ve demans, Alzheimer hastal\u0131\u011f\u0131, g\u00f6rme keskinli\u011finde azalma, i\u015fitme kayb\u0131 ve kulak \u00e7\u0131nlamas\u0131 olan geriatrik uygulamada e\u015fit derecede etkilidir. Ginkgo biloba ayr\u0131ca varisli damarlar, hemoroidal ven trombozu ve alt ekstremite arterlerinin di\u011fer hastal\u0131klar\u0131na da yard\u0131mc\u0131 olur. Ginkgo biloba kullanan \u00f6\u011frencilerin performans\u0131 art\u0131yor. Ginkgo biloba&#8217;n\u0131n etkisi kullan\u0131m s\u00fcresi ile birlikte artar.<\/p>\n<p>Gotu Kola<em>(Centella asiatica<\/em>) kan bas\u0131nc\u0131n\u0131 ve kalp at\u0131\u015f h\u0131z\u0131n\u0131 d\u00fc\u015f\u00fcr\u00fcr, hemoglobin seviyelerini art\u0131r\u0131r ve kan damarlar\u0131n\u0131 g\u00fc\u00e7lendirir, bu da serebral dola\u015f\u0131m\u0131 ve beyne oksijen tedarikini iyile\u015ftirir, b\u00f6ylece zihinsel kapasiteyi art\u0131r\u0131r, zihinsel performans\u0131 h\u0131zland\u0131r\u0131r ve haf\u0131zay\u0131 ve konsantrasyonu geli\u015ftirir. Gotu kola sinir bozukluklar\u0131 ve anksiyete \u00fczerinde sakinle\u015ftirici bir etkiye sahiptir ve depresyonun tezah\u00fcr\u00fcn\u00fc azalt\u0131r. Y\u00fcksek sinir aktivitesini geli\u015ftirir. Asya \u00fclkelerinde bu bitki beyin g\u0131das\u0131 olarak adland\u0131r\u0131l\u0131r.&#8221; H\u00fccre b\u00f6l\u00fcnmesinin aktivasyonu ile ili\u015fkili bir yara iyile\u015ftirici etkiye sahiptir. Bu, ba\u011f dokusu olu\u015fumu i\u00e7in gerekli olan kolajen olu\u015fumunu art\u0131r\u0131r. Bu nedenle, gotu kola doku rejenerasyon s\u00fcre\u00e7lerini iyile\u015ftirir ve cilt hasar\u0131n\u0131 onar\u0131r. Do\u011fu t\u0131bb\u0131nda, mukoza zarlar\u0131n\u0131n ve cilt yaralar\u0131n\u0131n, yan\u0131klar\u0131n ve kesiklerin yan\u0131 s\u0131ra trofik \u00fclserlerin iyile\u015fmesini destekleyen bir ila\u00e7 olarak bilinir. G\u00fcc\u00fc art\u0131ran bir uyar\u0131c\u0131 olarak kullan\u0131l\u0131r.<\/p>\n<p><strong>\u00dcr\u00fcn kodu <\/strong>: 907 <strong>Kategori <\/strong>: G\u0131da Takviyeleri <strong>Se\u00e7ilen \u00fcr\u00fcnler: <\/strong>\u015eimdi stokta<\/p>\n<p><span style=\"text-decoration: underline;\"><strong>\u0130\u00e7indekiler<\/strong><\/span><\/p>\n<p>Takviye edici g\u0131da Ginko \/ Gotu Kola ek flavonlar, triterpen glikozitler ve flavonol kayna\u011f\u0131d\u0131r, isorhamnetin i\u00e7erir.<\/p>\n<p><strong>\u0130\u00e7erik<\/strong> <strong>(1 tablet<\/strong>): gotu kola bitkisi (C<em>entella asiatica<\/em>) &#8211; 100 mg; ginkgo biloba (Ginkgo biloba) yaprak \u00f6z\u00fc (%24 glikozitler) &#8211; 40 mg; kalsiyum (dikalsiyum fosfat i\u00e7inde) &#8211; 73 mg (\u00f6nerilen t\u00fcketimin %7,3&#8217;\u00fc).<\/p>\n<p><strong>Aktif Olmayan \u0130\u00e7er<\/strong>ikler: Mikrokristalin sel\u00fcloz, sel\u00fcloz, stearik asit, silikon dioksit ve magnezyum stearat. Vitamin kabu\u011fu karnauba mumu, sel\u00fcloz kaplama ve ar\u0131t\u0131lm\u0131\u015f su i\u00e7erir.<\/p>\n<p><span style=\"text-decoration: underline;\"><strong>Kullan\u0131m<\/strong><\/span><\/p>\n<p>Yeti\u015fkinler i\u00e7in, yemeklerle birlikte g\u00fcnde iki kez bir tabletin 1\/2&#8217;sini al\u0131n. Kullan\u0131m s\u00fcresi bir ayd\u0131r. Gerekirse kullan\u0131m tekrarlanabilir.<\/p>\n<p><strong>Kontrendikasyonlar:<\/strong> ki\u015fisel intolerans, gebelik, emzirme ve hemofili.<\/p>\n<\/div>\r\n            <\/div>\r\n        <\/div>\r\n\r\n\n<p>&nbsp;<\/p>\n","protected":false},"excerpt":{"rendered":"<ul>\n<li>Gotu kola ve Ginko i\u00e7eren g\u0131da takviyesidir.<\/li>\n<\/ul>\n","protected":false},"featured_media":8038,"template":"","meta":{"_acf_changed":false},"product_cat":[397],"product_tag":[],"class_list":{"0":"post-8037","1":"product","2":"type-product","3":"status-publish","4":"has-post-thumbnail","6":"product_cat-heath","7":"pa_health-topics-enerji","9":"first","10":"instock","11":"sale","12":"shipping-taxable","13":"purchasable","14":"product-type-simple"},"acf":[],"yoast_head":"<!-- This site is optimized with the Yoast SEO plugin v22.3 - https:\/\/yoast.com\/wordpress\/plugins\/seo\/ -->\n<title>Ginkgo Gotu Kola NSP | Dietary Supplements<\/title>\n<meta name=\"description\" content=\"Ginkgo Gotu Kola NSP: Zihinsel performans\u0131 art\u0131r\u0131r, haf\u0131zay\u0131 g\u00fc\u00e7lendirir. Kan damarlar\u0131n\u0131n, \u00f6zellikle k\u0131lcal damarlar\u0131n esnekli\u011fini ve dayan\u0131kl\u0131l\u0131\u011f\u0131n\u0131 sa\u011flar.\" \/>\n<meta name=\"robots\" content=\"index, follow, max-snippet:-1, max-image-preview:large, max-video-preview:-1\" \/>\n<link rel=\"canonical\" href=\"https:\/\/nspshop.net\/tr\/urun\/ginkgo-gotu-kola-nsp\/\" \/>\n<meta property=\"og:locale\" content=\"tr_TR\" \/>\n<meta property=\"og:type\" content=\"article\" \/>\n<meta property=\"og:title\" content=\"Ginkgo Gotu Kola NSP | Dietary Supplements\" \/>\n<meta property=\"og:description\" content=\"Ginkgo Gotu Kola NSP: Zihinsel performans\u0131 art\u0131r\u0131r, haf\u0131zay\u0131 g\u00fc\u00e7lendirir. Kan damarlar\u0131n\u0131n, \u00f6zellikle k\u0131lcal damarlar\u0131n esnekli\u011fini ve dayan\u0131kl\u0131l\u0131\u011f\u0131n\u0131 sa\u011flar.\" \/>\n<meta property=\"og:url\" content=\"https:\/\/nspshop.net\/tr\/urun\/ginkgo-gotu-kola-nsp\/\" \/>\n<meta property=\"og:site_name\" content=\"Dietary Supplements\" \/>\n<meta property=\"article:modified_time\" content=\"2024-03-31T07:41:49+00:00\" \/>\n<meta property=\"og:image\" content=\"https:\/\/nspshop.net\/wp-content\/uploads\/2023\/06\/Ginkgo_Gotu_Kola.webp\" \/>\n\t<meta property=\"og:image:width\" content=\"1080\" \/>\n\t<meta property=\"og:image:height\" content=\"1080\" \/>\n\t<meta property=\"og:image:type\" content=\"image\/webp\" \/>\n<meta name=\"twitter:card\" content=\"summary_large_image\" \/>\n<meta name=\"twitter:label1\" content=\"Tahmini okuma s\u00fcresi\" \/>\n\t<meta name=\"twitter:data1\" content=\"1 dakika\" \/>\n<script type=\"application\/ld+json\" class=\"yoast-schema-graph\">{\"@context\":\"https:\/\/schema.org\",\"@graph\":[{\"@type\":\"WebPage\",\"@id\":\"https:\/\/nspshop.net\/tr\/urun\/ginkgo-gotu-kola-nsp\/\",\"url\":\"https:\/\/nspshop.net\/tr\/urun\/ginkgo-gotu-kola-nsp\/\",\"name\":\"Ginkgo Gotu Kola NSP | Dietary Supplements\",\"isPartOf\":{\"@id\":\"https:\/\/nspshop.net\/#website\"},\"primaryImageOfPage\":{\"@id\":\"https:\/\/nspshop.net\/tr\/urun\/ginkgo-gotu-kola-nsp\/#primaryimage\"},\"image\":{\"@id\":\"https:\/\/nspshop.net\/tr\/urun\/ginkgo-gotu-kola-nsp\/#primaryimage\"},\"thumbnailUrl\":\"https:\/\/nspshop.net\/wp-content\/uploads\/2023\/06\/Ginkgo_Gotu_Kola.webp\",\"datePublished\":\"2023-06-05T07:00:57+00:00\",\"dateModified\":\"2024-03-31T07:41:49+00:00\",\"description\":\"Ginkgo Gotu Kola NSP: Zihinsel performans\u0131 art\u0131r\u0131r, haf\u0131zay\u0131 g\u00fc\u00e7lendirir. Kan damarlar\u0131n\u0131n, \u00f6zellikle k\u0131lcal damarlar\u0131n esnekli\u011fini ve dayan\u0131kl\u0131l\u0131\u011f\u0131n\u0131 sa\u011flar.\",\"breadcrumb\":{\"@id\":\"https:\/\/nspshop.net\/tr\/urun\/ginkgo-gotu-kola-nsp\/#breadcrumb\"},\"inLanguage\":\"tr\",\"potentialAction\":[{\"@type\":\"ReadAction\",\"target\":[\"https:\/\/nspshop.net\/tr\/urun\/ginkgo-gotu-kola-nsp\/\"]}]},{\"@type\":\"ImageObject\",\"inLanguage\":\"tr\",\"@id\":\"https:\/\/nspshop.net\/tr\/urun\/ginkgo-gotu-kola-nsp\/#primaryimage\",\"url\":\"https:\/\/nspshop.net\/wp-content\/uploads\/2023\/06\/Ginkgo_Gotu_Kola.webp\",\"contentUrl\":\"https:\/\/nspshop.net\/wp-content\/uploads\/2023\/06\/Ginkgo_Gotu_Kola.webp\",\"width\":1080,\"height\":1080,\"caption\":\"Ginkgo Gotu Kola NSP\"},{\"@type\":\"BreadcrumbList\",\"@id\":\"https:\/\/nspshop.net\/tr\/urun\/ginkgo-gotu-kola-nsp\/#breadcrumb\",\"itemListElement\":[{\"@type\":\"ListItem\",\"position\":1,\"name\":\"\u0413\u043b\u0430\u0432\u043d\u0430\u044f \u0441\u0442\u0440\u0430\u043d\u0438\u0446\u0430\",\"item\":\"https:\/\/nspshop.net\/\"},{\"@type\":\"ListItem\",\"position\":2,\"name\":\"D\u00fckk\u00e2n\",\"item\":\"https:\/\/nspshop.net\/tr\/shop\/\"},{\"@type\":\"ListItem\",\"position\":3,\"name\":\"Ginkgo Gotu Kola NSP\"}]},{\"@type\":\"WebSite\",\"@id\":\"https:\/\/nspshop.net\/#website\",\"url\":\"https:\/\/nspshop.net\/\",\"name\":\"Dietary Supplements\",\"description\":\"BuyNSP\",\"publisher\":{\"@id\":\"https:\/\/nspshop.net\/#organization\"},\"potentialAction\":[{\"@type\":\"SearchAction\",\"target\":{\"@type\":\"EntryPoint\",\"urlTemplate\":\"https:\/\/nspshop.net\/?s={search_term_string}\"},\"query-input\":\"required name=search_term_string\"}],\"inLanguage\":\"tr\"},{\"@type\":\"Organization\",\"@id\":\"https:\/\/nspshop.net\/#organization\",\"name\":\"Dietary Supplements\",\"alternateName\":\"BuyNSP\",\"url\":\"https:\/\/nspshop.net\/\",\"logo\":{\"@type\":\"ImageObject\",\"inLanguage\":\"tr\",\"@id\":\"https:\/\/nspshop.net\/#\/schema\/logo\/image\/\",\"url\":\"https:\/\/nspshop.net\/wp-content\/uploads\/2023\/06\/cropped-Logo-NSP.png\",\"contentUrl\":\"https:\/\/nspshop.net\/wp-content\/uploads\/2023\/06\/cropped-Logo-NSP.png\",\"width\":512,\"height\":512,\"caption\":\"Dietary Supplements\"},\"image\":{\"@id\":\"https:\/\/nspshop.net\/#\/schema\/logo\/image\/\"}}]}<\/script>\n<!-- \/ Yoast SEO plugin. -->","yoast_head_json":{"title":"Ginkgo Gotu Kola NSP | Dietary Supplements","description":"Ginkgo Gotu Kola NSP: Zihinsel performans\u0131 art\u0131r\u0131r, haf\u0131zay\u0131 g\u00fc\u00e7lendirir. Kan damarlar\u0131n\u0131n, \u00f6zellikle k\u0131lcal damarlar\u0131n esnekli\u011fini ve dayan\u0131kl\u0131l\u0131\u011f\u0131n\u0131 sa\u011flar.","robots":{"index":"index","follow":"follow","max-snippet":"max-snippet:-1","max-image-preview":"max-image-preview:large","max-video-preview":"max-video-preview:-1"},"canonical":"https:\/\/nspshop.net\/tr\/urun\/ginkgo-gotu-kola-nsp\/","og_locale":"tr_TR","og_type":"article","og_title":"Ginkgo Gotu Kola NSP | Dietary Supplements","og_description":"Ginkgo Gotu Kola NSP: Zihinsel performans\u0131 art\u0131r\u0131r, haf\u0131zay\u0131 g\u00fc\u00e7lendirir. Kan damarlar\u0131n\u0131n, \u00f6zellikle k\u0131lcal damarlar\u0131n esnekli\u011fini ve dayan\u0131kl\u0131l\u0131\u011f\u0131n\u0131 sa\u011flar.","og_url":"https:\/\/nspshop.net\/tr\/urun\/ginkgo-gotu-kola-nsp\/","og_site_name":"Dietary Supplements","article_modified_time":"2024-03-31T07:41:49+00:00","og_image":[{"width":1080,"height":1080,"url":"https:\/\/nspshop.net\/wp-content\/uploads\/2023\/06\/Ginkgo_Gotu_Kola.webp","type":"image\/webp"}],"twitter_card":"summary_large_image","twitter_misc":{"Tahmini okuma s\u00fcresi":"1 dakika"},"schema":{"@context":"https:\/\/schema.org","@graph":[{"@type":"WebPage","@id":"https:\/\/nspshop.net\/tr\/urun\/ginkgo-gotu-kola-nsp\/","url":"https:\/\/nspshop.net\/tr\/urun\/ginkgo-gotu-kola-nsp\/","name":"Ginkgo Gotu Kola NSP | Dietary Supplements","isPartOf":{"@id":"https:\/\/nspshop.net\/#website"},"primaryImageOfPage":{"@id":"https:\/\/nspshop.net\/tr\/urun\/ginkgo-gotu-kola-nsp\/#primaryimage"},"image":{"@id":"https:\/\/nspshop.net\/tr\/urun\/ginkgo-gotu-kola-nsp\/#primaryimage"},"thumbnailUrl":"https:\/\/nspshop.net\/wp-content\/uploads\/2023\/06\/Ginkgo_Gotu_Kola.webp","datePublished":"2023-06-05T07:00:57+00:00","dateModified":"2024-03-31T07:41:49+00:00","description":"Ginkgo Gotu Kola NSP: Zihinsel performans\u0131 art\u0131r\u0131r, haf\u0131zay\u0131 g\u00fc\u00e7lendirir. Kan damarlar\u0131n\u0131n, \u00f6zellikle k\u0131lcal damarlar\u0131n esnekli\u011fini ve dayan\u0131kl\u0131l\u0131\u011f\u0131n\u0131 sa\u011flar.","breadcrumb":{"@id":"https:\/\/nspshop.net\/tr\/urun\/ginkgo-gotu-kola-nsp\/#breadcrumb"},"inLanguage":"tr","potentialAction":[{"@type":"ReadAction","target":["https:\/\/nspshop.net\/tr\/urun\/ginkgo-gotu-kola-nsp\/"]}]},{"@type":"ImageObject","inLanguage":"tr","@id":"https:\/\/nspshop.net\/tr\/urun\/ginkgo-gotu-kola-nsp\/#primaryimage","url":"https:\/\/nspshop.net\/wp-content\/uploads\/2023\/06\/Ginkgo_Gotu_Kola.webp","contentUrl":"https:\/\/nspshop.net\/wp-content\/uploads\/2023\/06\/Ginkgo_Gotu_Kola.webp","width":1080,"height":1080,"caption":"Ginkgo Gotu Kola NSP"},{"@type":"BreadcrumbList","@id":"https:\/\/nspshop.net\/tr\/urun\/ginkgo-gotu-kola-nsp\/#breadcrumb","itemListElement":[{"@type":"ListItem","position":1,"name":"\u0413\u043b\u0430\u0432\u043d\u0430\u044f \u0441\u0442\u0440\u0430\u043d\u0438\u0446\u0430","item":"https:\/\/nspshop.net\/"},{"@type":"ListItem","position":2,"name":"D\u00fckk\u00e2n","item":"https:\/\/nspshop.net\/tr\/shop\/"},{"@type":"ListItem","position":3,"name":"Ginkgo Gotu Kola NSP"}]},{"@type":"WebSite","@id":"https:\/\/nspshop.net\/#website","url":"https:\/\/nspshop.net\/","name":"Dietary Supplements","description":"BuyNSP","publisher":{"@id":"https:\/\/nspshop.net\/#organization"},"potentialAction":[{"@type":"SearchAction","target":{"@type":"EntryPoint","urlTemplate":"https:\/\/nspshop.net\/?s={search_term_string}"},"query-input":"required name=search_term_string"}],"inLanguage":"tr"},{"@type":"Organization","@id":"https:\/\/nspshop.net\/#organization","name":"Dietary Supplements","alternateName":"BuyNSP","url":"https:\/\/nspshop.net\/","logo":{"@type":"ImageObject","inLanguage":"tr","@id":"https:\/\/nspshop.net\/#\/schema\/logo\/image\/","url":"https:\/\/nspshop.net\/wp-content\/uploads\/2023\/06\/cropped-Logo-NSP.png","contentUrl":"https:\/\/nspshop.net\/wp-content\/uploads\/2023\/06\/cropped-Logo-NSP.png","width":512,"height":512,"caption":"Dietary Supplements"},"image":{"@id":"https:\/\/nspshop.net\/#\/schema\/logo\/image\/"}}]}},"_links":{"self":[{"href":"https:\/\/nspshop.net\/tr\/wp-json\/wp\/v2\/product\/8037","targetHints":{"allow":["GET"]}}],"collection":[{"href":"https:\/\/nspshop.net\/tr\/wp-json\/wp\/v2\/product"}],"about":[{"href":"https:\/\/nspshop.net\/tr\/wp-json\/wp\/v2\/types\/product"}],"wp:featuredmedia":[{"embeddable":true,"href":"https:\/\/nspshop.net\/tr\/wp-json\/wp\/v2\/media\/8038"}],"wp:attachment":[{"href":"https:\/\/nspshop.net\/tr\/wp-json\/wp\/v2\/media?parent=8037"}],"wp:term":[{"taxonomy":"product_cat","embeddable":true,"href":"https:\/\/nspshop.net\/tr\/wp-json\/wp\/v2\/product_cat?post=8037"},{"taxonomy":"product_tag","embeddable":true,"href":"https:\/\/nspshop.net\/tr\/wp-json\/wp\/v2\/product_tag?post=8037"}],"curies":[{"name":"wp","href":"https:\/\/api.w.org\/{rel}","templated":true}]}}