{"id":8039,"date":"2023-06-05T09:47:50","date_gmt":"2023-06-05T06:47:50","guid":{"rendered":"https:\/\/nspshop.net\/product\/sekiz-nsp\/"},"modified":"2024-03-31T10:52:00","modified_gmt":"2024-03-31T07:52:00","slug":"sekiz-nsp","status":"publish","type":"product","link":"https:\/\/nspshop.net\/tr\/urun\/sekiz-nsp\/","title":{"rendered":"Zencefil, \u015eerbet\u00e7iotu, Kediotu NSP"},"content":{"rendered":"\r\n        <div class=\"med_worker_introduce_text \">\r\n\r\n            Bu b\u00f6l\u00fcm sadece <span class=\"med_anchor_link\"> <b>Sa\u011fl\u0131k profesyonelleri<\/b> i\u00e7indir<\/span>\r\n\r\n        <\/div>\r\n\r\n        <div class=\"med_worker_popup_wrapper hide\" style=\"background-color: rgba(10,10,10,0.3)\">\r\n            <div class=\"med_worker_popup\" style=\"width:1024px; height:600px;background-color:#ffffff; border-radius: 10px;\">\r\n                <div class=\"med_worker_confirmation\">\r\n                    <span style=\"font-size: 20px\">\r\n                        Sa\u011fl\u0131k profesyoneli misiniz?                    <\/span>\r\n                    <div class=\"med_worker_buttons\">\r\n                        <a href=\"\" class=\"confirm\" style=\"background-color:#0d594e; color: #ffffff;\">Evet<\/a>\r\n                        <a href=\"\" class=\"reject\" style=\"background-color:#bc2b2b; color: #0a0a0a;\">Hay\u0131r<\/a>\r\n                    <\/div>\r\n                <\/div>\r\n                <div class=\"med_worker_decription hide\"><h1>Zencefil, \u015eerbet\u00e7iotu, Kediotu NSP<\/h1>\n<div class=\"t-store__tabs__controls-wrap\">\n<div class=\"t-store__tabs__controls\">\n<div class=\"t-store__tabs__button js-store-tab-button\" data-tab-title=\"Ingredients\" data-sanitized-data-tab-title=\"Ingredients\">\n<div class=\"t-store__tabs__button-title t-name t-name_xs\">&#8220;Eight NSP&#8221; birbirini tamamlayan ve g\u00fc\u00e7lendiren sekiz bitkiden olu\u015fan bir komplekstir. Sinir sisteminin i\u015fleyi\u015fini uyumlu hale getirmek i\u00e7in faydal\u0131d\u0131r.<\/div>\n<\/div>\n<\/div>\n<\/div>\n<div class=\"t-store__tabs__list\">\n<div class=\"t-store__tabs__item t-store__tabs__item_active\" data-tab-title=\"Description\" data-sanitized-data-tab-title=\"Description\" data-tab-type=\"info\" data-sanitized-data-tab-type=\"info\">\n<div class=\"t-store__tabs__content t-descr t-descr_xxs\">\n<p>Beyaz s\u00f6\u011f\u00fct<em>(Salix alba<\/em>) kabu\u011fu, aspirine benzer farmakolojide bilinen non-steroid anti-inflamatuar ila\u00e7lar gibi davran\u0131r. Kabuk ayr\u0131ca anti-enflamatuar ve antioksidan etkileri olan C vitamini ve bioflavonoidler i\u00e7erir. Ac\u0131 biber<em>(Capsicum annuum)<\/em> k\u0131rm\u0131z\u0131 biber, anti-enflamatuar etkiye sahiptir, kardiyovask\u00fcler sistemin i\u015fleyi\u015fini iyile\u015ftirir, vazospazm\u0131 ve kan viskozitesini hafifletir ve kan bas\u0131nc\u0131n\u0131 d\u00fc\u015f\u00fcr\u00fcr.<\/p>\n<p>Kediotu<em>(Valeriana officinalis<\/em>) yat\u0131\u015ft\u0131r\u0131c\u0131, antikonv\u00fclsan, antispazmodik, sekretolitik etkiye sahiptir. Tiroid fonksiyonlar\u0131n\u0131n artmas\u0131, sinirsel heyecan, uykusuzluk, nevroz, anjina pektoris (kalp krizi), ba\u015flang\u0131\u00e7 hipertansiyonu, menopoz ve migren benzeri ba\u015f a\u011fr\u0131lar\u0131 gibi hastal\u0131klara kar\u015f\u0131 kullan\u0131l\u0131r.<\/p>\n<p>Cimicifuga veya karay\u0131lan otu<em>(Cimicifuga racemosa<\/em>), kad\u0131nlarda \u00f6strojen ve erkeklerde testosteron salg\u0131lanmas\u0131n\u0131 d\u00fczenleyen luteinle\u015ftirici hormon \u00fcretimini engeller. Karay\u0131lan otunun hormon benzeri etkisi, zay\u0131f \u00f6strojenik aktiviteye sahip olan formononetin varl\u0131\u011f\u0131 ile ili\u015fkilidir. Karay\u0131lan otu, vejetatif-vask\u00fcler bozukluklar\u0131n ortadan kald\u0131r\u0131lmas\u0131na, premenopozal ve klimakterik d\u00f6nemlerde ortaya \u00e7\u0131kan depresyonun \u00f6nlenmesine ve hamile kad\u0131nlarda toksikoz ve hipertansiyon belirtilerinin azalt\u0131lmas\u0131na yol a\u00e7ar. Karay\u0131lan otunun anti-enflamatuar ve antispazmodik etkileri vard\u0131r, adet sanc\u0131s\u0131, ba\u015f a\u011fr\u0131s\u0131, \u00f6ks\u00fcr\u00fck ve ast\u0131m durumlar\u0131nda yard\u0131mc\u0131 olur.<\/p>\n<p><em>Zencefil (Zingiber officinale<\/em>) proinflamatuar prostaglandinlerin sentezini engeller ve a\u011fr\u0131y\u0131 azalt\u0131r.<\/p>\n<p>\u015eerbet\u00e7iotu<em>(Humulus lupulus<\/em>) suyunun kaynat\u0131lmas\u0131 a\u011fr\u0131 kesici ve yat\u0131\u015ft\u0131r\u0131c\u0131 olarak kullan\u0131l\u0131r. S\u0131k idrara \u00e7\u0131kma, yatak \u0131slatma ve uykusuzluk i\u00e7in kullan\u0131l\u0131r. Nevraljiye yard\u0131mc\u0131 olmak i\u00e7in, sinirsel heyecan ve siyatik i\u00e7in anestezik olarak kullan\u0131l\u0131r. \u015eerbet\u00e7iotu \u00f6z\u00fc \u00f6strojenik aktiviteye sahiptir.<\/p>\n<p>A\u011fa\u00e7 betonyas\u0131<em>(Betonica officinalis<\/em>) sakinle\u015ftirici bir etkiye sahiptir, metabolizmay\u0131 iyile\u015ftirir, kan bas\u0131nc\u0131n\u0131 d\u00fc\u015f\u00fcr\u00fcr ve anti-enflamatuar, anti-astmatik ve analjezik etkilere sahiptir. Bitki kaynat\u0131l\u0131r ve artan sinirsel uyar\u0131labilirlik, epilepsi, migren, ba\u015f d\u00f6nmesi, eklem a\u011fr\u0131s\u0131 ve romatoid artrit i\u00e7in t\u00fcketilir.<\/p>\n<p>Kokulu martinia veya \u015feytan pen\u00e7esi<em>(Harpagophytum procumbens<\/em>) dejeneratif osteoartrit ve spinal osteokondroz gibi dejeneratif-distrofik eklem hastal\u0131klar\u0131nda kullan\u0131l\u0131r. Martinia eklem hareketlili\u011fini art\u0131rarak &#8220;hareketsizlik&#8221; hissinin azalt\u0131lmas\u0131nda rol oynar. A\u011fr\u0131n\u0131n \u015fiddetini, romatoid ve gut artritindeki \u00f6demi ve di\u011fer deforme edici osteoartriti azaltabilir. L\u00f6kotrienlerin biyosentezini inhibe etme kabiliyeti nedeniyle, anti-inflamatuar kardiyotonik ve antiaritmik bir ajan olarak i\u015flev g\u00f6r\u00fcr.<\/p>\n<p>G\u0131da takviyesi &#8220;Sekiz&#8221; ek bir flavonoid, izovalerik asit, tanen, u\u00e7ucu ya\u011flar ve salisin kayna\u011f\u0131 i\u00e7erir.<\/p>\n<p><strong>\u00dcr\u00fcn kodu <\/strong>: 850 <strong>Kategori: <\/strong>G\u0131da Takviyeleri<\/p>\n<\/div>\n<div class=\"t-store__tabs__content t-descr t-descr_xxs\"><\/div>\n<div class=\"t-store__tabs__content t-descr t-descr_xxs\">\n<div class=\"t-store__tabs__button js-store-tab-button\" data-tab-title=\"Ingredients\" data-sanitized-data-tab-title=\"Ingredients\">\n<div class=\"t-store__tabs__button-title t-name t-name_xs\">\u0130\u00e7indekiler<\/div>\n<div class=\"t-store__tabs__button-title t-name t-name_xs\">\n<p><strong>\u0130\u00e7erik <\/strong>(1 kaps\u00fcl): beyaz s\u00f6\u011f\u00fct kabu\u011fu (Salix alba) 100 mg, karay\u0131lan otu k\u00f6k\u00fc (Cimicifuga racemosa) 73 mg, k\u0131rm\u0131z\u0131 biber (Capsicum annuum) 65 mg kediotu k\u00f6k\u00fc (Valeriana officinalis) 58 mg, zencefil k\u00f6k\u00fc (Zingiber officinale) 56 mg, \u015ferbet\u00e7iotu kozala\u011f\u0131 (Humulus lupulus) 35 mg, a\u011fa\u00e7 betonyas\u0131 (Betonica officinalis) 35 mg, kokulu martinia k\u00f6k\u00fc (Harpagophytum procumbens) &#8211; 3 mg.<\/p>\n<p><strong>Inactive Ingredients<\/strong>: gelatine.<\/p>\n<\/div>\n<div class=\"t-store__tabs__button-title t-name t-name_xs\"><\/div>\n<\/div>\n<div class=\"t-store__tabs__button js-store-tab-button\" data-tab-title=\"Usage\" data-sanitized-data-tab-title=\"Usage\">\n<div class=\"t-store__tabs__button-title t-name t-name_xs\"><strong>Kullan\u0131m<\/strong><\/div>\n<div class=\"t-store__tabs__button-title t-name t-name_xs\">\n<p>Yeti\u015fkinler i\u00e7in iki ila \u00fc\u00e7 hafta boyunca yiyeceklerle birlikte g\u00fcnde \u00fc\u00e7 kez bir kaps\u00fcl. Gerekirse kullan\u0131m tekrarlanabilir.<\/p>\n<p><strong>Contraindications:<\/strong> personal intolerance, pregnancy, and lactation.<\/p>\n<\/div>\n<\/div>\n<\/div>\n<\/div>\n<\/div>\n<\/div>\r\n            <\/div>\r\n        <\/div>\r\n\r\n\n","protected":false},"excerpt":{"rendered":"<ul>\n<li>Zencefil,\u015eerbet\u00e7iotu ve Kediotu \u0130\u00e7eren i\u00e7erir<\/li>\n<li>Takviye edici g\u0131dad\u0131r<\/li>\n<\/ul>\n","protected":false},"featured_media":7979,"template":"","meta":{"_acf_changed":false},"product_cat":[397],"product_tag":[],"class_list":{"0":"post-8039","1":"product","2":"type-product","3":"status-publish","4":"has-post-thumbnail","6":"product_cat-heath","7":"pa_body-systems-endokrin-tr","8":"pa_body-systems-kadin-ureme","9":"pa_body-systems-nervous-tr-2","10":"pa_health-topics-kadin-sagligi","11":"pa_health-topics-ruh-hali","12":"pa_health-topics-stres-rahatlama-uyku-tr","13":"pa_product-categories-estrojen-progesteron","14":"pa_product-categories-parafarmasotikler","16":"first","17":"instock","18":"sale","19":"shipping-taxable","20":"purchasable","21":"product-type-simple"},"acf":[],"yoast_head":"<!-- This site is optimized with the Yoast SEO plugin v22.3 - https:\/\/yoast.com\/wordpress\/plugins\/seo\/ -->\n<title>Zencefil, \u015eerbet\u00e7iotu, Kediotu NSP | Dietary Supplements<\/title>\n<meta name=\"description\" content=\"Zencefil, \u015eerbet\u00e7iotu, Kediotu NSP: Sinir sistemini d\u00fczenler. Depresyon, anksiyete, uykusuzluk s\u0131ras\u0131nda sinir sisteminin durumunu normalle\u015ftirir.\" \/>\n<meta name=\"robots\" content=\"index, follow, max-snippet:-1, max-image-preview:large, max-video-preview:-1\" \/>\n<link rel=\"canonical\" href=\"https:\/\/nspshop.net\/tr\/urun\/sekiz-nsp\/\" \/>\n<meta property=\"og:locale\" content=\"tr_TR\" \/>\n<meta property=\"og:type\" content=\"article\" \/>\n<meta property=\"og:title\" content=\"Zencefil, \u015eerbet\u00e7iotu, Kediotu NSP | Dietary Supplements\" \/>\n<meta property=\"og:description\" content=\"Zencefil, \u015eerbet\u00e7iotu, Kediotu NSP: Sinir sistemini d\u00fczenler. Depresyon, anksiyete, uykusuzluk s\u0131ras\u0131nda sinir sisteminin durumunu normalle\u015ftirir.\" \/>\n<meta property=\"og:url\" content=\"https:\/\/nspshop.net\/tr\/urun\/sekiz-nsp\/\" \/>\n<meta property=\"og:site_name\" content=\"Dietary Supplements\" \/>\n<meta property=\"article:modified_time\" content=\"2024-03-31T07:52:00+00:00\" \/>\n<meta property=\"og:image\" content=\"https:\/\/nspshop.net\/wp-content\/uploads\/2023\/06\/Eight.webp\" \/>\n\t<meta property=\"og:image:width\" content=\"1350\" \/>\n\t<meta property=\"og:image:height\" content=\"1350\" \/>\n\t<meta property=\"og:image:type\" content=\"image\/webp\" \/>\n<meta name=\"twitter:card\" content=\"summary_large_image\" \/>\n<meta name=\"twitter:label1\" content=\"Tahmini okuma s\u00fcresi\" \/>\n\t<meta name=\"twitter:data1\" content=\"1 dakika\" \/>\n<script type=\"application\/ld+json\" class=\"yoast-schema-graph\">{\"@context\":\"https:\/\/schema.org\",\"@graph\":[{\"@type\":\"WebPage\",\"@id\":\"https:\/\/nspshop.net\/tr\/urun\/sekiz-nsp\/\",\"url\":\"https:\/\/nspshop.net\/tr\/urun\/sekiz-nsp\/\",\"name\":\"Zencefil, \u015eerbet\u00e7iotu, Kediotu NSP | Dietary Supplements\",\"isPartOf\":{\"@id\":\"https:\/\/nspshop.net\/#website\"},\"primaryImageOfPage\":{\"@id\":\"https:\/\/nspshop.net\/tr\/urun\/sekiz-nsp\/#primaryimage\"},\"image\":{\"@id\":\"https:\/\/nspshop.net\/tr\/urun\/sekiz-nsp\/#primaryimage\"},\"thumbnailUrl\":\"https:\/\/nspshop.net\/wp-content\/uploads\/2023\/06\/Eight.webp\",\"datePublished\":\"2023-06-05T06:47:50+00:00\",\"dateModified\":\"2024-03-31T07:52:00+00:00\",\"description\":\"Zencefil, \u015eerbet\u00e7iotu, Kediotu NSP: Sinir sistemini d\u00fczenler. Depresyon, anksiyete, uykusuzluk s\u0131ras\u0131nda sinir sisteminin durumunu normalle\u015ftirir.\",\"breadcrumb\":{\"@id\":\"https:\/\/nspshop.net\/tr\/urun\/sekiz-nsp\/#breadcrumb\"},\"inLanguage\":\"tr\",\"potentialAction\":[{\"@type\":\"ReadAction\",\"target\":[\"https:\/\/nspshop.net\/tr\/urun\/sekiz-nsp\/\"]}]},{\"@type\":\"ImageObject\",\"inLanguage\":\"tr\",\"@id\":\"https:\/\/nspshop.net\/tr\/urun\/sekiz-nsp\/#primaryimage\",\"url\":\"https:\/\/nspshop.net\/wp-content\/uploads\/2023\/06\/Eight.webp\",\"contentUrl\":\"https:\/\/nspshop.net\/wp-content\/uploads\/2023\/06\/Eight.webp\",\"width\":1350,\"height\":1350,\"caption\":\"Eight NSP\"},{\"@type\":\"BreadcrumbList\",\"@id\":\"https:\/\/nspshop.net\/tr\/urun\/sekiz-nsp\/#breadcrumb\",\"itemListElement\":[{\"@type\":\"ListItem\",\"position\":1,\"name\":\"\u0413\u043b\u0430\u0432\u043d\u0430\u044f \u0441\u0442\u0440\u0430\u043d\u0438\u0446\u0430\",\"item\":\"https:\/\/nspshop.net\/\"},{\"@type\":\"ListItem\",\"position\":2,\"name\":\"D\u00fckk\u00e2n\",\"item\":\"https:\/\/nspshop.net\/tr\/shop\/\"},{\"@type\":\"ListItem\",\"position\":3,\"name\":\"Zencefil, \u015eerbet\u00e7iotu, Kediotu NSP\"}]},{\"@type\":\"WebSite\",\"@id\":\"https:\/\/nspshop.net\/#website\",\"url\":\"https:\/\/nspshop.net\/\",\"name\":\"Dietary Supplements\",\"description\":\"BuyNSP\",\"publisher\":{\"@id\":\"https:\/\/nspshop.net\/#organization\"},\"potentialAction\":[{\"@type\":\"SearchAction\",\"target\":{\"@type\":\"EntryPoint\",\"urlTemplate\":\"https:\/\/nspshop.net\/?s={search_term_string}\"},\"query-input\":\"required name=search_term_string\"}],\"inLanguage\":\"tr\"},{\"@type\":\"Organization\",\"@id\":\"https:\/\/nspshop.net\/#organization\",\"name\":\"Dietary Supplements\",\"alternateName\":\"BuyNSP\",\"url\":\"https:\/\/nspshop.net\/\",\"logo\":{\"@type\":\"ImageObject\",\"inLanguage\":\"tr\",\"@id\":\"https:\/\/nspshop.net\/#\/schema\/logo\/image\/\",\"url\":\"https:\/\/nspshop.net\/wp-content\/uploads\/2023\/06\/cropped-Logo-NSP.png\",\"contentUrl\":\"https:\/\/nspshop.net\/wp-content\/uploads\/2023\/06\/cropped-Logo-NSP.png\",\"width\":512,\"height\":512,\"caption\":\"Dietary Supplements\"},\"image\":{\"@id\":\"https:\/\/nspshop.net\/#\/schema\/logo\/image\/\"}}]}<\/script>\n<!-- \/ Yoast SEO plugin. -->","yoast_head_json":{"title":"Zencefil, \u015eerbet\u00e7iotu, Kediotu NSP | Dietary Supplements","description":"Zencefil, \u015eerbet\u00e7iotu, Kediotu NSP: Sinir sistemini d\u00fczenler. Depresyon, anksiyete, uykusuzluk s\u0131ras\u0131nda sinir sisteminin durumunu normalle\u015ftirir.","robots":{"index":"index","follow":"follow","max-snippet":"max-snippet:-1","max-image-preview":"max-image-preview:large","max-video-preview":"max-video-preview:-1"},"canonical":"https:\/\/nspshop.net\/tr\/urun\/sekiz-nsp\/","og_locale":"tr_TR","og_type":"article","og_title":"Zencefil, \u015eerbet\u00e7iotu, Kediotu NSP | Dietary Supplements","og_description":"Zencefil, \u015eerbet\u00e7iotu, Kediotu NSP: Sinir sistemini d\u00fczenler. Depresyon, anksiyete, uykusuzluk s\u0131ras\u0131nda sinir sisteminin durumunu normalle\u015ftirir.","og_url":"https:\/\/nspshop.net\/tr\/urun\/sekiz-nsp\/","og_site_name":"Dietary Supplements","article_modified_time":"2024-03-31T07:52:00+00:00","og_image":[{"width":1350,"height":1350,"url":"https:\/\/nspshop.net\/wp-content\/uploads\/2023\/06\/Eight.webp","type":"image\/webp"}],"twitter_card":"summary_large_image","twitter_misc":{"Tahmini okuma s\u00fcresi":"1 dakika"},"schema":{"@context":"https:\/\/schema.org","@graph":[{"@type":"WebPage","@id":"https:\/\/nspshop.net\/tr\/urun\/sekiz-nsp\/","url":"https:\/\/nspshop.net\/tr\/urun\/sekiz-nsp\/","name":"Zencefil, \u015eerbet\u00e7iotu, Kediotu NSP | Dietary Supplements","isPartOf":{"@id":"https:\/\/nspshop.net\/#website"},"primaryImageOfPage":{"@id":"https:\/\/nspshop.net\/tr\/urun\/sekiz-nsp\/#primaryimage"},"image":{"@id":"https:\/\/nspshop.net\/tr\/urun\/sekiz-nsp\/#primaryimage"},"thumbnailUrl":"https:\/\/nspshop.net\/wp-content\/uploads\/2023\/06\/Eight.webp","datePublished":"2023-06-05T06:47:50+00:00","dateModified":"2024-03-31T07:52:00+00:00","description":"Zencefil, \u015eerbet\u00e7iotu, Kediotu NSP: Sinir sistemini d\u00fczenler. Depresyon, anksiyete, uykusuzluk s\u0131ras\u0131nda sinir sisteminin durumunu normalle\u015ftirir.","breadcrumb":{"@id":"https:\/\/nspshop.net\/tr\/urun\/sekiz-nsp\/#breadcrumb"},"inLanguage":"tr","potentialAction":[{"@type":"ReadAction","target":["https:\/\/nspshop.net\/tr\/urun\/sekiz-nsp\/"]}]},{"@type":"ImageObject","inLanguage":"tr","@id":"https:\/\/nspshop.net\/tr\/urun\/sekiz-nsp\/#primaryimage","url":"https:\/\/nspshop.net\/wp-content\/uploads\/2023\/06\/Eight.webp","contentUrl":"https:\/\/nspshop.net\/wp-content\/uploads\/2023\/06\/Eight.webp","width":1350,"height":1350,"caption":"Eight NSP"},{"@type":"BreadcrumbList","@id":"https:\/\/nspshop.net\/tr\/urun\/sekiz-nsp\/#breadcrumb","itemListElement":[{"@type":"ListItem","position":1,"name":"\u0413\u043b\u0430\u0432\u043d\u0430\u044f \u0441\u0442\u0440\u0430\u043d\u0438\u0446\u0430","item":"https:\/\/nspshop.net\/"},{"@type":"ListItem","position":2,"name":"D\u00fckk\u00e2n","item":"https:\/\/nspshop.net\/tr\/shop\/"},{"@type":"ListItem","position":3,"name":"Zencefil, \u015eerbet\u00e7iotu, Kediotu NSP"}]},{"@type":"WebSite","@id":"https:\/\/nspshop.net\/#website","url":"https:\/\/nspshop.net\/","name":"Dietary Supplements","description":"BuyNSP","publisher":{"@id":"https:\/\/nspshop.net\/#organization"},"potentialAction":[{"@type":"SearchAction","target":{"@type":"EntryPoint","urlTemplate":"https:\/\/nspshop.net\/?s={search_term_string}"},"query-input":"required name=search_term_string"}],"inLanguage":"tr"},{"@type":"Organization","@id":"https:\/\/nspshop.net\/#organization","name":"Dietary Supplements","alternateName":"BuyNSP","url":"https:\/\/nspshop.net\/","logo":{"@type":"ImageObject","inLanguage":"tr","@id":"https:\/\/nspshop.net\/#\/schema\/logo\/image\/","url":"https:\/\/nspshop.net\/wp-content\/uploads\/2023\/06\/cropped-Logo-NSP.png","contentUrl":"https:\/\/nspshop.net\/wp-content\/uploads\/2023\/06\/cropped-Logo-NSP.png","width":512,"height":512,"caption":"Dietary Supplements"},"image":{"@id":"https:\/\/nspshop.net\/#\/schema\/logo\/image\/"}}]}},"_links":{"self":[{"href":"https:\/\/nspshop.net\/tr\/wp-json\/wp\/v2\/product\/8039","targetHints":{"allow":["GET"]}}],"collection":[{"href":"https:\/\/nspshop.net\/tr\/wp-json\/wp\/v2\/product"}],"about":[{"href":"https:\/\/nspshop.net\/tr\/wp-json\/wp\/v2\/types\/product"}],"wp:featuredmedia":[{"embeddable":true,"href":"https:\/\/nspshop.net\/tr\/wp-json\/wp\/v2\/media\/7979"}],"wp:attachment":[{"href":"https:\/\/nspshop.net\/tr\/wp-json\/wp\/v2\/media?parent=8039"}],"wp:term":[{"taxonomy":"product_cat","embeddable":true,"href":"https:\/\/nspshop.net\/tr\/wp-json\/wp\/v2\/product_cat?post=8039"},{"taxonomy":"product_tag","embeddable":true,"href":"https:\/\/nspshop.net\/tr\/wp-json\/wp\/v2\/product_tag?post=8039"}],"curies":[{"name":"wp","href":"https:\/\/api.w.org\/{rel}","templated":true}]}}