{"id":8040,"date":"2023-06-05T09:44:37","date_gmt":"2023-06-05T06:44:37","guid":{"rendered":"https:\/\/nspshop.net\/product\/coq10-nsp\/"},"modified":"2024-03-31T10:53:52","modified_gmt":"2024-03-31T07:53:52","slug":"coq10-nsp","status":"publish","type":"product","link":"https:\/\/nspshop.net\/tr\/urun\/coq10-nsp\/","title":{"rendered":"Koenzim Q10 NSP"},"content":{"rendered":"\r\n        <div class=\"med_worker_introduce_text \">\r\n\r\n            Bu b\u00f6l\u00fcm sadece <span class=\"med_anchor_link\"> <b>Sa\u011fl\u0131k profesyonelleri<\/b> i\u00e7indir<\/span>\r\n\r\n        <\/div>\r\n\r\n        <div class=\"med_worker_popup_wrapper hide\" style=\"background-color: rgba(10,10,10,0.3)\">\r\n            <div class=\"med_worker_popup\" style=\"width:1024px; height:600px;background-color:#ffffff; border-radius: 10px;\">\r\n                <div class=\"med_worker_confirmation\">\r\n                    <span style=\"font-size: 20px\">\r\n                        Sa\u011fl\u0131k profesyoneli misiniz?                    <\/span>\r\n                    <div class=\"med_worker_buttons\">\r\n                        <a href=\"\" class=\"confirm\" style=\"background-color:#0d594e; color: #ffffff;\">Evet<\/a>\r\n                        <a href=\"\" class=\"reject\" style=\"background-color:#bc2b2b; color: #0a0a0a;\">Hay\u0131r<\/a>\r\n                    <\/div>\r\n                <\/div>\r\n                <div class=\"med_worker_decription hide\"><h1>Koenzim Q10 NSP<\/h1>\n<p>Co Q10 NSP (di\u011fer isimleri koenzim Q10 veya her yerde bulunan &#8220;ubikinon&#8221;) lipit yap\u0131s\u0131na sahip vitamin benzeri bir maddedir, h\u00fccresel enerji \u00fcretiminin %95&#8217;i koenzim Q10&#8217;a ba\u011fl\u0131d\u0131r.<\/p>\n<p>V\u00fccuttaki koenzim miktar\u0131 yakla\u015f\u0131k bir gramd\u0131r. V\u00fccudun t\u00fcm h\u00fccrelerinde bulunur, ancak b\u00fcy\u00fck miktarda enerjinin gerekli oldu\u011fu baz\u0131 tehlikeli durumlarda ve \u00e7e\u015fitli hastal\u0131klarda v\u00fccudun kendi koenzim Co Q10 NSP kaynaklar\u0131 yetersiz kal\u0131r. Ya\u015fla birlikte koenzim olu\u015fumu azal\u0131r (60 ya\u015f\u0131nda %40 ila %60 oran\u0131nda), bu da ya\u015flanma s\u00fcre\u00e7lerini h\u0131zland\u0131r\u0131r. V\u00fccuttaki koenzim Q10 seviyesi, y\u00fcksek fiziksel aktivite, stres, oksidatif stres durumlar\u0131 ve ciddi hastal\u0131klarla birlikte azalmaya ba\u015flar.<\/p>\n<p>Koenzim Q10 etkili bir antioksidand\u0131r. Oksidasyon s\u0131ras\u0131nda yenilenebilir ve E vitamini aktivitesini geri kazanabilir.<\/p>\n<p>CoQ10 NSP eksikli\u011fi, kalp, karaci\u011fer, beyin, b\u00f6brekler, dalak ve pankreas gibi organlar\u0131n b\u00fcy\u00fck miktarlarda enerji t\u00fcketmesi sonucu ciddi metabolik sorunlara ve hastal\u0131klara neden olabilir. 60&#8217;tan fazla hastal\u0131k koenzim Q10 eksikli\u011fi ile ili\u015fkilendirilmi\u015ftir.<\/p>\n<p>Koenzim, a\u015fa\u011f\u0131daki gibi farkl\u0131 rahats\u0131zl\u0131klarda kullan\u0131l\u0131r:<\/p>\n<p>Kardiyoloji; iskemik kalp hastal\u0131\u011f\u0131 (g\u00fcnde 100 mg \u00f6nerilir), kardiyomiyopati, akut koroner sendrom (g\u00fcnde 100 mg \u00f6nerilir), miyokard enfarkt\u00fcs\u00fc, enfarkt\u00fcs sonras\u0131 durum, endotel disfonksiyonu, kronik kalp yetmezli\u011fi (g\u00fcnde 200-300 mg \u00f6nerilir), konjenital kalp hastal\u0131\u011f\u0131 ve kalp ritim bozukluklar\u0131.<\/p>\n<p>Hipertansiyon; kan bas\u0131nc\u0131n\u0131 d\u00fc\u015f\u00fcr\u00fcr (g\u00fcnde 100-200 mg \u00f6nerilir).<br \/>\nAteroskleroz; kolesterol biyosentezini inhibe eder. N\u00f6roloji; kronik yorgunluk sendromu, n\u00f6rodejeneratif ve Parkinson hastal\u0131\u011f\u0131 (g\u00fcnde 1200 mg \u00f6nerilir). Kas hastal\u0131klar\u0131; Duchenne distrofisi dahil miyopatiler.<\/p>\n<p>Koenzim Q10:<br \/>\n&#8211; Retinal distrofi i\u00e7in oftalmik koruyucu olarak \u00f6nerilir,<br \/>\n&#8211; toksik ve viral hepatit, karaci\u011fer yetmezli\u011fi, kronik piyelonefrit ve metabolik nefropati i\u00e7in hepatoprotekt\u00f6r olarak kullan\u0131l\u0131r;<br \/>\n&#8211; Dermatolojide cilt sa\u011fl\u0131\u011f\u0131n\u0131 ve gen\u00e7le\u015fmeyi desteklemek i\u00e7in;<br \/>\nperiodontal hastal\u0131\u011fa yard\u0131mc\u0131 olarak \u00f6nerilir (g\u00fcnde 50-75 mg).<\/p>\n<p>Koenzim Q10&#8217;un onkolojik hastal\u0131klarda t\u00fcm\u00f6r b\u00fcy\u00fcmesinin engellenmesini destekledi\u011fi ve anti-kanser ila\u00e7lar\u0131n\u0131n toksisitesini azaltt\u0131\u011f\u0131 bulunmu\u015ftur. Koenzim Q10 ba\u011f\u0131\u015f\u0131kl\u0131k sisteminin t\u00fcm zincirini uyar\u0131r, fagositoz aktivitesini art\u0131r\u0131r ve antikorlar\u0131n biyosentezini art\u0131r\u0131r. Kan \u015fekerini %30&#8217;a kadar d\u00fc\u015f\u00fcr\u00fcr ve ya\u015flanma s\u00fcrecini yava\u015flat\u0131r.<\/p>\n<p>G\u0131da Takviyesi Koenzim Q10-100 mg; Q10 koenzimin ek bir kayna\u011f\u0131d\u0131r.<\/p>\n<p><strong>\u00dcr\u00fcn kodu <\/strong>: 4135 <strong>Kategori <\/strong>: G\u0131da Takviyeleri <strong>Se\u00e7ilen \u00fcr\u00fcnler: <\/strong>\u015eimdi stokta<\/p>\n<p><strong><span style=\"text-decoration: underline;\">\u0130\u00e7indekiler<\/span><\/strong><\/p>\n<p><strong>\u0130\u00e7erik <\/strong>(1 kaps\u00fcl): koenzim Q10-100 mg (normal t\u00fcketim miktar\u0131n\u0131n %333&#8217;\u00fc, normal t\u00fcketimin en y\u00fcksek seviyesini ge\u00e7meyecek \u015fekilde).<\/p>\n<p><strong>Aktif Olmayan Bile\u015fenler<\/strong>: Zeytinya\u011f\u0131, jelatin, gliserin, su, balmumu, ay\u00e7i\u00e7ek ya\u011f\u0131ndan elde edilen lesitin ve ke\u00e7iboynuzu sak\u0131z\u0131.<\/p>\n<p><strong>Kullan\u0131m<\/strong><\/p>\n<p>Yemekle birlikte g\u00fcnde bir kaps\u00fcl. Kullanmadan \u00f6nce doktorunuza dan\u0131\u015f\u0131n\u0131z.<\/p>\n<p><strong>Kontrendikasyonlar<\/strong>: ki\u015fisel intolerans, hamilelik ve emzirme.<\/p>\n<\/div>\r\n            <\/div>\r\n        <\/div>\r\n\r\n\n","protected":false},"excerpt":{"rendered":"<div class=\"woocommerce-product-details__short-description\">\n<ul>\n<li>Koenzim Q10 i\u00e7erir.<\/li>\n<li>Takviye edici g\u0131dad\u0131r.<\/li>\n<\/ul>\n<\/div>\n","protected":false},"featured_media":8041,"template":"","meta":{"_acf_changed":false},"product_cat":[397],"product_tag":[],"class_list":{"0":"post-8040","1":"product","2":"type-product","3":"status-publish","4":"has-post-thumbnail","6":"product_cat-heath","7":"pa_body-systems-kardiyovaskuler","8":"pa_body-systems-metabolizma","9":"pa_body-systems-vision-tr","10":"pa_health-topics-enerji","11":"pa_health-topics-fitness-tr","12":"pa_health-topics-hafiza-ve-beyin","13":"pa_health-topics-kalp-sagligi","14":"pa_health-topics-stres-rahatlama-uyku-tr","15":"pa_product-categories-antioxidants-tr","16":"pa_product-categories-enerjik","17":"pa_product-categories-hepatoprotectors-tr","18":"pa_product-categories-parafarmasotikler","19":"pa_product-categories-sports-nutrition-tr","21":"first","22":"outofstock","23":"sale","24":"shipping-taxable","25":"purchasable","26":"product-type-simple"},"acf":[],"yoast_head":"<!-- This site is optimized with the Yoast SEO plugin v22.3 - https:\/\/yoast.com\/wordpress\/plugins\/seo\/ -->\n<title>Koenzim Q10 NSP | Dietary Supplements<\/title>\n<meta name=\"description\" content=\"Koenzim Q10 NSP: H\u00fccresel enerji \u00fcretiminin &#039;ini sa\u011flar.G\u00fc\u00e7l\u00fc kardiyoprotektif etkiye sahiptir.Antioksidan aktiviteye sahiptir.GMD yoktur.\" \/>\n<meta name=\"robots\" content=\"index, follow, max-snippet:-1, max-image-preview:large, max-video-preview:-1\" \/>\n<link rel=\"canonical\" href=\"https:\/\/nspshop.net\/tr\/urun\/coq10-nsp\/\" \/>\n<meta property=\"og:locale\" content=\"tr_TR\" \/>\n<meta property=\"og:type\" content=\"article\" \/>\n<meta property=\"og:title\" content=\"Koenzim Q10 NSP | Dietary Supplements\" \/>\n<meta property=\"og:description\" content=\"Koenzim Q10 NSP: H\u00fccresel enerji \u00fcretiminin &#039;ini sa\u011flar.G\u00fc\u00e7l\u00fc kardiyoprotektif etkiye sahiptir.Antioksidan aktiviteye sahiptir.GMD yoktur.\" \/>\n<meta property=\"og:url\" content=\"https:\/\/nspshop.net\/tr\/urun\/coq10-nsp\/\" \/>\n<meta property=\"og:site_name\" content=\"Dietary Supplements\" \/>\n<meta property=\"article:modified_time\" content=\"2024-03-31T07:53:52+00:00\" \/>\n<meta property=\"og:image\" content=\"https:\/\/nspshop.net\/wp-content\/uploads\/2023\/06\/CoQ10.webp\" \/>\n\t<meta property=\"og:image:width\" content=\"1080\" \/>\n\t<meta property=\"og:image:height\" content=\"1080\" \/>\n\t<meta property=\"og:image:type\" content=\"image\/webp\" \/>\n<meta name=\"twitter:card\" content=\"summary_large_image\" \/>\n<meta name=\"twitter:label1\" content=\"Tahmini okuma s\u00fcresi\" \/>\n\t<meta name=\"twitter:data1\" content=\"1 dakika\" \/>\n<script type=\"application\/ld+json\" class=\"yoast-schema-graph\">{\"@context\":\"https:\/\/schema.org\",\"@graph\":[{\"@type\":\"WebPage\",\"@id\":\"https:\/\/nspshop.net\/tr\/urun\/coq10-nsp\/\",\"url\":\"https:\/\/nspshop.net\/tr\/urun\/coq10-nsp\/\",\"name\":\"Koenzim Q10 NSP | Dietary Supplements\",\"isPartOf\":{\"@id\":\"https:\/\/nspshop.net\/#website\"},\"primaryImageOfPage\":{\"@id\":\"https:\/\/nspshop.net\/tr\/urun\/coq10-nsp\/#primaryimage\"},\"image\":{\"@id\":\"https:\/\/nspshop.net\/tr\/urun\/coq10-nsp\/#primaryimage\"},\"thumbnailUrl\":\"https:\/\/nspshop.net\/wp-content\/uploads\/2023\/06\/CoQ10.webp\",\"datePublished\":\"2023-06-05T06:44:37+00:00\",\"dateModified\":\"2024-03-31T07:53:52+00:00\",\"description\":\"Koenzim Q10 NSP: H\u00fccresel enerji \u00fcretiminin 'ini sa\u011flar.G\u00fc\u00e7l\u00fc kardiyoprotektif etkiye sahiptir.Antioksidan aktiviteye sahiptir.GMD yoktur.\",\"breadcrumb\":{\"@id\":\"https:\/\/nspshop.net\/tr\/urun\/coq10-nsp\/#breadcrumb\"},\"inLanguage\":\"tr\",\"potentialAction\":[{\"@type\":\"ReadAction\",\"target\":[\"https:\/\/nspshop.net\/tr\/urun\/coq10-nsp\/\"]}]},{\"@type\":\"ImageObject\",\"inLanguage\":\"tr\",\"@id\":\"https:\/\/nspshop.net\/tr\/urun\/coq10-nsp\/#primaryimage\",\"url\":\"https:\/\/nspshop.net\/wp-content\/uploads\/2023\/06\/CoQ10.webp\",\"contentUrl\":\"https:\/\/nspshop.net\/wp-content\/uploads\/2023\/06\/CoQ10.webp\",\"width\":1080,\"height\":1080,\"caption\":\"CoQ10 NSP\"},{\"@type\":\"BreadcrumbList\",\"@id\":\"https:\/\/nspshop.net\/tr\/urun\/coq10-nsp\/#breadcrumb\",\"itemListElement\":[{\"@type\":\"ListItem\",\"position\":1,\"name\":\"\u0413\u043b\u0430\u0432\u043d\u0430\u044f \u0441\u0442\u0440\u0430\u043d\u0438\u0446\u0430\",\"item\":\"https:\/\/nspshop.net\/\"},{\"@type\":\"ListItem\",\"position\":2,\"name\":\"D\u00fckk\u00e2n\",\"item\":\"https:\/\/nspshop.net\/tr\/shop\/\"},{\"@type\":\"ListItem\",\"position\":3,\"name\":\"Koenzim Q10 NSP\"}]},{\"@type\":\"WebSite\",\"@id\":\"https:\/\/nspshop.net\/#website\",\"url\":\"https:\/\/nspshop.net\/\",\"name\":\"Dietary Supplements\",\"description\":\"BuyNSP\",\"publisher\":{\"@id\":\"https:\/\/nspshop.net\/#organization\"},\"potentialAction\":[{\"@type\":\"SearchAction\",\"target\":{\"@type\":\"EntryPoint\",\"urlTemplate\":\"https:\/\/nspshop.net\/?s={search_term_string}\"},\"query-input\":\"required name=search_term_string\"}],\"inLanguage\":\"tr\"},{\"@type\":\"Organization\",\"@id\":\"https:\/\/nspshop.net\/#organization\",\"name\":\"Dietary Supplements\",\"alternateName\":\"BuyNSP\",\"url\":\"https:\/\/nspshop.net\/\",\"logo\":{\"@type\":\"ImageObject\",\"inLanguage\":\"tr\",\"@id\":\"https:\/\/nspshop.net\/#\/schema\/logo\/image\/\",\"url\":\"https:\/\/nspshop.net\/wp-content\/uploads\/2023\/06\/cropped-Logo-NSP.png\",\"contentUrl\":\"https:\/\/nspshop.net\/wp-content\/uploads\/2023\/06\/cropped-Logo-NSP.png\",\"width\":512,\"height\":512,\"caption\":\"Dietary Supplements\"},\"image\":{\"@id\":\"https:\/\/nspshop.net\/#\/schema\/logo\/image\/\"}}]}<\/script>\n<!-- \/ Yoast SEO plugin. -->","yoast_head_json":{"title":"Koenzim Q10 NSP | Dietary Supplements","description":"Koenzim Q10 NSP: H\u00fccresel enerji \u00fcretiminin 'ini sa\u011flar.G\u00fc\u00e7l\u00fc kardiyoprotektif etkiye sahiptir.Antioksidan aktiviteye sahiptir.GMD yoktur.","robots":{"index":"index","follow":"follow","max-snippet":"max-snippet:-1","max-image-preview":"max-image-preview:large","max-video-preview":"max-video-preview:-1"},"canonical":"https:\/\/nspshop.net\/tr\/urun\/coq10-nsp\/","og_locale":"tr_TR","og_type":"article","og_title":"Koenzim Q10 NSP | Dietary Supplements","og_description":"Koenzim Q10 NSP: H\u00fccresel enerji \u00fcretiminin 'ini sa\u011flar.G\u00fc\u00e7l\u00fc kardiyoprotektif etkiye sahiptir.Antioksidan aktiviteye sahiptir.GMD yoktur.","og_url":"https:\/\/nspshop.net\/tr\/urun\/coq10-nsp\/","og_site_name":"Dietary Supplements","article_modified_time":"2024-03-31T07:53:52+00:00","og_image":[{"width":1080,"height":1080,"url":"https:\/\/nspshop.net\/wp-content\/uploads\/2023\/06\/CoQ10.webp","type":"image\/webp"}],"twitter_card":"summary_large_image","twitter_misc":{"Tahmini okuma s\u00fcresi":"1 dakika"},"schema":{"@context":"https:\/\/schema.org","@graph":[{"@type":"WebPage","@id":"https:\/\/nspshop.net\/tr\/urun\/coq10-nsp\/","url":"https:\/\/nspshop.net\/tr\/urun\/coq10-nsp\/","name":"Koenzim Q10 NSP | Dietary Supplements","isPartOf":{"@id":"https:\/\/nspshop.net\/#website"},"primaryImageOfPage":{"@id":"https:\/\/nspshop.net\/tr\/urun\/coq10-nsp\/#primaryimage"},"image":{"@id":"https:\/\/nspshop.net\/tr\/urun\/coq10-nsp\/#primaryimage"},"thumbnailUrl":"https:\/\/nspshop.net\/wp-content\/uploads\/2023\/06\/CoQ10.webp","datePublished":"2023-06-05T06:44:37+00:00","dateModified":"2024-03-31T07:53:52+00:00","description":"Koenzim Q10 NSP: H\u00fccresel enerji \u00fcretiminin 'ini sa\u011flar.G\u00fc\u00e7l\u00fc kardiyoprotektif etkiye sahiptir.Antioksidan aktiviteye sahiptir.GMD yoktur.","breadcrumb":{"@id":"https:\/\/nspshop.net\/tr\/urun\/coq10-nsp\/#breadcrumb"},"inLanguage":"tr","potentialAction":[{"@type":"ReadAction","target":["https:\/\/nspshop.net\/tr\/urun\/coq10-nsp\/"]}]},{"@type":"ImageObject","inLanguage":"tr","@id":"https:\/\/nspshop.net\/tr\/urun\/coq10-nsp\/#primaryimage","url":"https:\/\/nspshop.net\/wp-content\/uploads\/2023\/06\/CoQ10.webp","contentUrl":"https:\/\/nspshop.net\/wp-content\/uploads\/2023\/06\/CoQ10.webp","width":1080,"height":1080,"caption":"CoQ10 NSP"},{"@type":"BreadcrumbList","@id":"https:\/\/nspshop.net\/tr\/urun\/coq10-nsp\/#breadcrumb","itemListElement":[{"@type":"ListItem","position":1,"name":"\u0413\u043b\u0430\u0432\u043d\u0430\u044f \u0441\u0442\u0440\u0430\u043d\u0438\u0446\u0430","item":"https:\/\/nspshop.net\/"},{"@type":"ListItem","position":2,"name":"D\u00fckk\u00e2n","item":"https:\/\/nspshop.net\/tr\/shop\/"},{"@type":"ListItem","position":3,"name":"Koenzim Q10 NSP"}]},{"@type":"WebSite","@id":"https:\/\/nspshop.net\/#website","url":"https:\/\/nspshop.net\/","name":"Dietary Supplements","description":"BuyNSP","publisher":{"@id":"https:\/\/nspshop.net\/#organization"},"potentialAction":[{"@type":"SearchAction","target":{"@type":"EntryPoint","urlTemplate":"https:\/\/nspshop.net\/?s={search_term_string}"},"query-input":"required name=search_term_string"}],"inLanguage":"tr"},{"@type":"Organization","@id":"https:\/\/nspshop.net\/#organization","name":"Dietary Supplements","alternateName":"BuyNSP","url":"https:\/\/nspshop.net\/","logo":{"@type":"ImageObject","inLanguage":"tr","@id":"https:\/\/nspshop.net\/#\/schema\/logo\/image\/","url":"https:\/\/nspshop.net\/wp-content\/uploads\/2023\/06\/cropped-Logo-NSP.png","contentUrl":"https:\/\/nspshop.net\/wp-content\/uploads\/2023\/06\/cropped-Logo-NSP.png","width":512,"height":512,"caption":"Dietary Supplements"},"image":{"@id":"https:\/\/nspshop.net\/#\/schema\/logo\/image\/"}}]}},"_links":{"self":[{"href":"https:\/\/nspshop.net\/tr\/wp-json\/wp\/v2\/product\/8040","targetHints":{"allow":["GET"]}}],"collection":[{"href":"https:\/\/nspshop.net\/tr\/wp-json\/wp\/v2\/product"}],"about":[{"href":"https:\/\/nspshop.net\/tr\/wp-json\/wp\/v2\/types\/product"}],"wp:featuredmedia":[{"embeddable":true,"href":"https:\/\/nspshop.net\/tr\/wp-json\/wp\/v2\/media\/8041"}],"wp:attachment":[{"href":"https:\/\/nspshop.net\/tr\/wp-json\/wp\/v2\/media?parent=8040"}],"wp:term":[{"taxonomy":"product_cat","embeddable":true,"href":"https:\/\/nspshop.net\/tr\/wp-json\/wp\/v2\/product_cat?post=8040"},{"taxonomy":"product_tag","embeddable":true,"href":"https:\/\/nspshop.net\/tr\/wp-json\/wp\/v2\/product_tag?post=8040"}],"curies":[{"name":"wp","href":"https:\/\/api.w.org\/{rel}","templated":true}]}}