{"id":8042,"date":"2023-06-05T09:40:03","date_gmt":"2023-06-05T06:40:03","guid":{"rendered":"https:\/\/nspshop.net\/product\/carbo-grabbers-nsp\/"},"modified":"2024-03-31T10:55:19","modified_gmt":"2024-03-31T07:55:19","slug":"carbo-grabbers-nsp","status":"publish","type":"product","link":"https:\/\/nspshop.net\/tr\/urun\/carbo-grabbers-nsp\/","title":{"rendered":"Fasulye Ekstrakt\u0131 NSP"},"content":{"rendered":"\r\n        <div class=\"med_worker_introduce_text \">\r\n\r\n            Bu b\u00f6l\u00fcm sadece <span class=\"med_anchor_link\"> <b>Sa\u011fl\u0131k profesyonelleri<\/b> i\u00e7indir<\/span>\r\n\r\n        <\/div>\r\n\r\n        <div class=\"med_worker_popup_wrapper hide\" style=\"background-color: rgba(10,10,10,0.3)\">\r\n            <div class=\"med_worker_popup\" style=\"width:1024px; height:600px;background-color:#ffffff; border-radius: 10px;\">\r\n                <div class=\"med_worker_confirmation\">\r\n                    <span style=\"font-size: 20px\">\r\n                        Sa\u011fl\u0131k profesyoneli misiniz?                    <\/span>\r\n                    <div class=\"med_worker_buttons\">\r\n                        <a href=\"\" class=\"confirm\" style=\"background-color:#0d594e; color: #ffffff;\">Evet<\/a>\r\n                        <a href=\"\" class=\"reject\" style=\"background-color:#bc2b2b; color: #0a0a0a;\">Hay\u0131r<\/a>\r\n                    <\/div>\r\n                <\/div>\r\n                <div class=\"med_worker_decription hide\"><h1 class=\"product_title entry-title\">Fasulye Ekstrakt\u0131 NSP<\/h1>\n<p>Karbonhidrat ve ya\u011f metabolizmas\u0131 bozukluklar\u0131 olan ki\u015filer i\u00e7in tasarlanm\u0131\u015ft\u0131r. Loklo, Chromium Chelate NSP, Garcinia Complex, Fat Grubbers, Nutri Bern ve SmartMil, \u00e7e\u015fitli kilo verme programlar\u0131nda kullan\u0131labilir.<br \/>\nE\u015fsiz monofito form\u00fcl. Carbo Grabbers NSP&#8217;nin standart obezite tedavisi ile birlikte kullan\u0131m\u0131 i\u00e7in klinik \u00e7al\u0131\u015fmalar devam etmektedir.<\/p>\n<p><strong>Aktif i\u00e7erik<\/strong><\/p>\n<p>Fasulye \u00f6z\u00fc (Phaseolus vulgaris), sindirim enzimi alfa-amilaz\u0131 inhibe eden ve aktivitesini% 56 oran\u0131nda inhibe eden fazolamin i\u00e7erir. Bu enzim beyaz ekmek ve patates gibi g\u0131dalardaki karbonhidratlar\u0131 par\u00e7alar. Ni\u015fastal\u0131 karbonhidratlar\u0131n par\u00e7alanma h\u0131z\u0131ndaki bir azalma, kandaki glikoz ve ins\u00fclin seviyesindeki keskin bir art\u0131\u015f\u0131 yava\u015flat\u0131r, glikoz metabolizmas\u0131n\u0131 normalle\u015ftirir, ya\u011f asitlerinin glikozdan biyosentezini azalt\u0131r ve v\u00fccut ya\u011f\u0131n\u0131n azalmas\u0131na katk\u0131da bulunur.<\/p>\n<p><strong>\u00dcr\u00fcn Kodu: <\/strong>2954 <strong>Kategoriler: <\/strong><strong>G\u0131da Katk\u0131 Maddeleri Se\u00e7ilmi\u015f \u00dcr\u00fcnler: <\/strong>\u015eu Anda Stokta Var<\/p>\n<p><strong><span style=\"text-decoration: underline;\">Malzemeler<\/span><\/strong><\/p>\n<p>Carbo Grabbers besin takviyesi, fasulye \u00f6z\u00fc (folamin) i\u00e7erir.<\/p>\n<p><strong>\u0130\u00e7indekiler (1 kaps\u00fcl):<\/strong> Fasulye \u00f6z\u00fc (Phaseolus vulgaris) \u2013 300 mg. Aktif olmayan bile\u015fenler: sel\u00fcloz, magnezyum stearat, silika, jelatin.<\/p>\n<p><span style=\"text-decoration: underline;\"><strong>Uygulama<\/strong><\/span><\/p>\n<p>Carbo Grabbers, karbonhidrat ve ya\u011f metabolizmas\u0131 bozukluklar\u0131 olan ki\u015filer i\u00e7in tasarlanm\u0131\u015ft\u0131r. Loklo, Chromium Chelate NSP, Garcinia Complex, Fat Grubbers, Nutri Bern ve SmartMil ile birlikte \u00e7e\u015fitli kilo verme programlar\u0131nda kullan\u0131labilir.<\/p>\n<p><strong>Talimatlar: Yeti\u015fkinler<\/strong> i\u00e7in, karbonhidrat a\u00e7\u0131s\u0131ndan zengin bir yemekle bir ila iki kaps\u00fcl al\u0131n.<\/p>\n<p><strong>Kontrendikasyonlar:<\/strong> bireysel ho\u015fg\u00f6r\u00fcs\u00fczl\u00fck, hamilelik ve emzirme.<\/p>\n<\/div>\r\n            <\/div>\r\n        <\/div>\r\n\r\n\n","protected":false},"excerpt":{"rendered":"<ul>\n<li>Fasulye Ekstresi i\u00e7eren g\u0131da takviyesidir.<\/li>\n<\/ul>\n","protected":false},"featured_media":8043,"template":"","meta":{"_acf_changed":false},"product_cat":[397],"product_tag":[],"class_list":{"0":"post-8042","1":"product","2":"type-product","3":"status-publish","4":"has-post-thumbnail","6":"product_cat-heath","8":"first","9":"instock","10":"sale","11":"shipping-taxable","12":"purchasable","13":"product-type-simple"},"acf":[],"yoast_head":"<!-- This site is optimized with the Yoast SEO plugin v22.3 - https:\/\/yoast.com\/wordpress\/plugins\/seo\/ -->\n<title>Fasulye Ekstrakt\u0131 NSP | Dietary Supplements<\/title>\n<meta name=\"description\" content=\"Fasulye Ekstrakt\u0131 NSP: Glikozun kan dola\u015f\u0131m\u0131na h\u0131zl\u0131 emilimini engeller. Ya\u011f olu\u015fumunu ve birikmesini engeller ve kilo kayb\u0131n\u0131 destekler.\" \/>\n<meta name=\"robots\" content=\"index, follow, max-snippet:-1, max-image-preview:large, max-video-preview:-1\" \/>\n<link rel=\"canonical\" href=\"https:\/\/nspshop.net\/tr\/urun\/carbo-grabbers-nsp\/\" \/>\n<meta property=\"og:locale\" content=\"tr_TR\" \/>\n<meta property=\"og:type\" content=\"article\" \/>\n<meta property=\"og:title\" content=\"Fasulye Ekstrakt\u0131 NSP | Dietary Supplements\" \/>\n<meta property=\"og:description\" content=\"Fasulye Ekstrakt\u0131 NSP: Glikozun kan dola\u015f\u0131m\u0131na h\u0131zl\u0131 emilimini engeller. Ya\u011f olu\u015fumunu ve birikmesini engeller ve kilo kayb\u0131n\u0131 destekler.\" \/>\n<meta property=\"og:url\" content=\"https:\/\/nspshop.net\/tr\/urun\/carbo-grabbers-nsp\/\" \/>\n<meta property=\"og:site_name\" content=\"Dietary Supplements\" \/>\n<meta property=\"article:modified_time\" content=\"2024-03-31T07:55:19+00:00\" \/>\n<meta property=\"og:image\" content=\"https:\/\/nspshop.net\/wp-content\/uploads\/2023\/06\/Carbo_Grabbers.webp\" \/>\n\t<meta property=\"og:image:width\" content=\"1080\" \/>\n\t<meta property=\"og:image:height\" content=\"1080\" \/>\n\t<meta property=\"og:image:type\" content=\"image\/webp\" \/>\n<meta name=\"twitter:card\" content=\"summary_large_image\" \/>\n<meta name=\"twitter:label1\" content=\"Tahmini okuma s\u00fcresi\" \/>\n\t<meta name=\"twitter:data1\" content=\"1 dakika\" \/>\n<script type=\"application\/ld+json\" class=\"yoast-schema-graph\">{\"@context\":\"https:\/\/schema.org\",\"@graph\":[{\"@type\":\"WebPage\",\"@id\":\"https:\/\/nspshop.net\/tr\/urun\/carbo-grabbers-nsp\/\",\"url\":\"https:\/\/nspshop.net\/tr\/urun\/carbo-grabbers-nsp\/\",\"name\":\"Fasulye Ekstrakt\u0131 NSP | Dietary Supplements\",\"isPartOf\":{\"@id\":\"https:\/\/nspshop.net\/#website\"},\"primaryImageOfPage\":{\"@id\":\"https:\/\/nspshop.net\/tr\/urun\/carbo-grabbers-nsp\/#primaryimage\"},\"image\":{\"@id\":\"https:\/\/nspshop.net\/tr\/urun\/carbo-grabbers-nsp\/#primaryimage\"},\"thumbnailUrl\":\"https:\/\/nspshop.net\/wp-content\/uploads\/2023\/06\/Carbo_Grabbers.webp\",\"datePublished\":\"2023-06-05T06:40:03+00:00\",\"dateModified\":\"2024-03-31T07:55:19+00:00\",\"description\":\"Fasulye Ekstrakt\u0131 NSP: Glikozun kan dola\u015f\u0131m\u0131na h\u0131zl\u0131 emilimini engeller. Ya\u011f olu\u015fumunu ve birikmesini engeller ve kilo kayb\u0131n\u0131 destekler.\",\"breadcrumb\":{\"@id\":\"https:\/\/nspshop.net\/tr\/urun\/carbo-grabbers-nsp\/#breadcrumb\"},\"inLanguage\":\"tr\",\"potentialAction\":[{\"@type\":\"ReadAction\",\"target\":[\"https:\/\/nspshop.net\/tr\/urun\/carbo-grabbers-nsp\/\"]}]},{\"@type\":\"ImageObject\",\"inLanguage\":\"tr\",\"@id\":\"https:\/\/nspshop.net\/tr\/urun\/carbo-grabbers-nsp\/#primaryimage\",\"url\":\"https:\/\/nspshop.net\/wp-content\/uploads\/2023\/06\/Carbo_Grabbers.webp\",\"contentUrl\":\"https:\/\/nspshop.net\/wp-content\/uploads\/2023\/06\/Carbo_Grabbers.webp\",\"width\":1080,\"height\":1080,\"caption\":\"Carbo Grabbers NSP\"},{\"@type\":\"BreadcrumbList\",\"@id\":\"https:\/\/nspshop.net\/tr\/urun\/carbo-grabbers-nsp\/#breadcrumb\",\"itemListElement\":[{\"@type\":\"ListItem\",\"position\":1,\"name\":\"\u0413\u043b\u0430\u0432\u043d\u0430\u044f \u0441\u0442\u0440\u0430\u043d\u0438\u0446\u0430\",\"item\":\"https:\/\/nspshop.net\/\"},{\"@type\":\"ListItem\",\"position\":2,\"name\":\"D\u00fckk\u00e2n\",\"item\":\"https:\/\/nspshop.net\/tr\/shop\/\"},{\"@type\":\"ListItem\",\"position\":3,\"name\":\"Fasulye Ekstrakt\u0131 NSP\"}]},{\"@type\":\"WebSite\",\"@id\":\"https:\/\/nspshop.net\/#website\",\"url\":\"https:\/\/nspshop.net\/\",\"name\":\"Dietary Supplements\",\"description\":\"BuyNSP\",\"publisher\":{\"@id\":\"https:\/\/nspshop.net\/#organization\"},\"potentialAction\":[{\"@type\":\"SearchAction\",\"target\":{\"@type\":\"EntryPoint\",\"urlTemplate\":\"https:\/\/nspshop.net\/?s={search_term_string}\"},\"query-input\":\"required name=search_term_string\"}],\"inLanguage\":\"tr\"},{\"@type\":\"Organization\",\"@id\":\"https:\/\/nspshop.net\/#organization\",\"name\":\"Dietary Supplements\",\"alternateName\":\"BuyNSP\",\"url\":\"https:\/\/nspshop.net\/\",\"logo\":{\"@type\":\"ImageObject\",\"inLanguage\":\"tr\",\"@id\":\"https:\/\/nspshop.net\/#\/schema\/logo\/image\/\",\"url\":\"https:\/\/nspshop.net\/wp-content\/uploads\/2023\/06\/cropped-Logo-NSP.png\",\"contentUrl\":\"https:\/\/nspshop.net\/wp-content\/uploads\/2023\/06\/cropped-Logo-NSP.png\",\"width\":512,\"height\":512,\"caption\":\"Dietary Supplements\"},\"image\":{\"@id\":\"https:\/\/nspshop.net\/#\/schema\/logo\/image\/\"}}]}<\/script>\n<!-- \/ Yoast SEO plugin. -->","yoast_head_json":{"title":"Fasulye Ekstrakt\u0131 NSP | Dietary Supplements","description":"Fasulye Ekstrakt\u0131 NSP: Glikozun kan dola\u015f\u0131m\u0131na h\u0131zl\u0131 emilimini engeller. Ya\u011f olu\u015fumunu ve birikmesini engeller ve kilo kayb\u0131n\u0131 destekler.","robots":{"index":"index","follow":"follow","max-snippet":"max-snippet:-1","max-image-preview":"max-image-preview:large","max-video-preview":"max-video-preview:-1"},"canonical":"https:\/\/nspshop.net\/tr\/urun\/carbo-grabbers-nsp\/","og_locale":"tr_TR","og_type":"article","og_title":"Fasulye Ekstrakt\u0131 NSP | Dietary Supplements","og_description":"Fasulye Ekstrakt\u0131 NSP: Glikozun kan dola\u015f\u0131m\u0131na h\u0131zl\u0131 emilimini engeller. Ya\u011f olu\u015fumunu ve birikmesini engeller ve kilo kayb\u0131n\u0131 destekler.","og_url":"https:\/\/nspshop.net\/tr\/urun\/carbo-grabbers-nsp\/","og_site_name":"Dietary Supplements","article_modified_time":"2024-03-31T07:55:19+00:00","og_image":[{"width":1080,"height":1080,"url":"https:\/\/nspshop.net\/wp-content\/uploads\/2023\/06\/Carbo_Grabbers.webp","type":"image\/webp"}],"twitter_card":"summary_large_image","twitter_misc":{"Tahmini okuma s\u00fcresi":"1 dakika"},"schema":{"@context":"https:\/\/schema.org","@graph":[{"@type":"WebPage","@id":"https:\/\/nspshop.net\/tr\/urun\/carbo-grabbers-nsp\/","url":"https:\/\/nspshop.net\/tr\/urun\/carbo-grabbers-nsp\/","name":"Fasulye Ekstrakt\u0131 NSP | Dietary Supplements","isPartOf":{"@id":"https:\/\/nspshop.net\/#website"},"primaryImageOfPage":{"@id":"https:\/\/nspshop.net\/tr\/urun\/carbo-grabbers-nsp\/#primaryimage"},"image":{"@id":"https:\/\/nspshop.net\/tr\/urun\/carbo-grabbers-nsp\/#primaryimage"},"thumbnailUrl":"https:\/\/nspshop.net\/wp-content\/uploads\/2023\/06\/Carbo_Grabbers.webp","datePublished":"2023-06-05T06:40:03+00:00","dateModified":"2024-03-31T07:55:19+00:00","description":"Fasulye Ekstrakt\u0131 NSP: Glikozun kan dola\u015f\u0131m\u0131na h\u0131zl\u0131 emilimini engeller. Ya\u011f olu\u015fumunu ve birikmesini engeller ve kilo kayb\u0131n\u0131 destekler.","breadcrumb":{"@id":"https:\/\/nspshop.net\/tr\/urun\/carbo-grabbers-nsp\/#breadcrumb"},"inLanguage":"tr","potentialAction":[{"@type":"ReadAction","target":["https:\/\/nspshop.net\/tr\/urun\/carbo-grabbers-nsp\/"]}]},{"@type":"ImageObject","inLanguage":"tr","@id":"https:\/\/nspshop.net\/tr\/urun\/carbo-grabbers-nsp\/#primaryimage","url":"https:\/\/nspshop.net\/wp-content\/uploads\/2023\/06\/Carbo_Grabbers.webp","contentUrl":"https:\/\/nspshop.net\/wp-content\/uploads\/2023\/06\/Carbo_Grabbers.webp","width":1080,"height":1080,"caption":"Carbo Grabbers NSP"},{"@type":"BreadcrumbList","@id":"https:\/\/nspshop.net\/tr\/urun\/carbo-grabbers-nsp\/#breadcrumb","itemListElement":[{"@type":"ListItem","position":1,"name":"\u0413\u043b\u0430\u0432\u043d\u0430\u044f \u0441\u0442\u0440\u0430\u043d\u0438\u0446\u0430","item":"https:\/\/nspshop.net\/"},{"@type":"ListItem","position":2,"name":"D\u00fckk\u00e2n","item":"https:\/\/nspshop.net\/tr\/shop\/"},{"@type":"ListItem","position":3,"name":"Fasulye Ekstrakt\u0131 NSP"}]},{"@type":"WebSite","@id":"https:\/\/nspshop.net\/#website","url":"https:\/\/nspshop.net\/","name":"Dietary Supplements","description":"BuyNSP","publisher":{"@id":"https:\/\/nspshop.net\/#organization"},"potentialAction":[{"@type":"SearchAction","target":{"@type":"EntryPoint","urlTemplate":"https:\/\/nspshop.net\/?s={search_term_string}"},"query-input":"required name=search_term_string"}],"inLanguage":"tr"},{"@type":"Organization","@id":"https:\/\/nspshop.net\/#organization","name":"Dietary Supplements","alternateName":"BuyNSP","url":"https:\/\/nspshop.net\/","logo":{"@type":"ImageObject","inLanguage":"tr","@id":"https:\/\/nspshop.net\/#\/schema\/logo\/image\/","url":"https:\/\/nspshop.net\/wp-content\/uploads\/2023\/06\/cropped-Logo-NSP.png","contentUrl":"https:\/\/nspshop.net\/wp-content\/uploads\/2023\/06\/cropped-Logo-NSP.png","width":512,"height":512,"caption":"Dietary Supplements"},"image":{"@id":"https:\/\/nspshop.net\/#\/schema\/logo\/image\/"}}]}},"_links":{"self":[{"href":"https:\/\/nspshop.net\/tr\/wp-json\/wp\/v2\/product\/8042","targetHints":{"allow":["GET"]}}],"collection":[{"href":"https:\/\/nspshop.net\/tr\/wp-json\/wp\/v2\/product"}],"about":[{"href":"https:\/\/nspshop.net\/tr\/wp-json\/wp\/v2\/types\/product"}],"wp:featuredmedia":[{"embeddable":true,"href":"https:\/\/nspshop.net\/tr\/wp-json\/wp\/v2\/media\/8043"}],"wp:attachment":[{"href":"https:\/\/nspshop.net\/tr\/wp-json\/wp\/v2\/media?parent=8042"}],"wp:term":[{"taxonomy":"product_cat","embeddable":true,"href":"https:\/\/nspshop.net\/tr\/wp-json\/wp\/v2\/product_cat?post=8042"},{"taxonomy":"product_tag","embeddable":true,"href":"https:\/\/nspshop.net\/tr\/wp-json\/wp\/v2\/product_tag?post=8042"}],"curies":[{"name":"wp","href":"https:\/\/api.w.org\/{rel}","templated":true}]}}