{"id":8044,"date":"2023-06-05T09:34:18","date_gmt":"2023-06-05T06:34:18","guid":{"rendered":"https:\/\/nspshop.net\/product\/dulavratotu-nsp\/"},"modified":"2024-03-31T10:57:28","modified_gmt":"2024-03-31T07:57:28","slug":"dulavratotu-nsp","status":"publish","type":"product","link":"https:\/\/nspshop.net\/tr\/urun\/dulavratotu-nsp\/","title":{"rendered":"Dulavratotu NSP"},"content":{"rendered":"\r\n        <div class=\"med_worker_introduce_text \">\r\n\r\n            Bu b\u00f6l\u00fcm sadece <span class=\"med_anchor_link\"> <b>Sa\u011fl\u0131k profesyonelleri<\/b> i\u00e7indir<\/span>\r\n\r\n        <\/div>\r\n\r\n        <div class=\"med_worker_popup_wrapper hide\" style=\"background-color: rgba(10,10,10,0.3)\">\r\n            <div class=\"med_worker_popup\" style=\"width:1024px; height:600px;background-color:#ffffff; border-radius: 10px;\">\r\n                <div class=\"med_worker_confirmation\">\r\n                    <span style=\"font-size: 20px\">\r\n                        Sa\u011fl\u0131k profesyoneli misiniz?                    <\/span>\r\n                    <div class=\"med_worker_buttons\">\r\n                        <a href=\"\" class=\"confirm\" style=\"background-color:#0d594e; color: #ffffff;\">Evet<\/a>\r\n                        <a href=\"\" class=\"reject\" style=\"background-color:#bc2b2b; color: #0a0a0a;\">Hay\u0131r<\/a>\r\n                    <\/div>\r\n                <\/div>\r\n                <div class=\"med_worker_decription hide\"><h1>Dulavratotu NSP<\/h1>\n<p>Dulavratotu NSP (Arctium lappa) k\u00f6k\u00fcn\u00fcn kaynat\u0131lmas\u0131 safra ve pankreas enzimlerinin salg\u0131lanmas\u0131n\u0131 art\u0131r\u0131r, ba\u011f\u0131rsak hareketlili\u011fini uyar\u0131r. Karaci\u011fer hastal\u0131klar\u0131, safra kesesi ve b\u00f6brek ta\u015flar\u0131, kab\u0131zl\u0131k, hemoroid, gut, eklem romatizmas\u0131 gibi hastal\u0131klarda kullan\u0131l\u0131r. Dulavrat otunun anti-enflamatuar, idrar s\u00f6kt\u00fcr\u00fcc\u00fc, antibakteriyel ve mantar \u00f6ld\u00fcr\u00fcc\u00fc etkileri vard\u0131r. Dulavratotu, cilt durumunu iyile\u015ftiren ve ka\u015f\u0131nt\u0131y\u0131 azaltan bir anti-alerjik etkiye sahiptir.<\/p>\n<p>Dulavratotu k\u00f6k\u00fc polisakkarit in\u00fclin, protein, u\u00e7ucu ya\u011flar, tanenler ve re\u00e7ineli maddeler i\u00e7erir. Yapraklar ve s\u00fcrg\u00fcnler askorbik asit, karoten, u\u00e7ucu ya\u011flar, tanen ve pektin i\u00e7erir.<\/p>\n<p>Dulavratotu k\u00f6k\u00fc koleretik, di\u00fcretik, orta derecede analjezik, antibakteriyel, anti-enflamatuar ve fungisidal etkiye sahiptir, \u00fcrik asit ve \u00fcre at\u0131l\u0131m\u0131n\u0131 te\u015fvik eder.<\/p>\n<p>Dulavratotu safra ve proteolitik enzimlerin salg\u0131lanmas\u0131n\u0131 art\u0131r\u0131r, ins\u00fclin ve pankreas\u0131n di\u011fer fonksiyonlar\u0131n\u0131 iyile\u015ftirir, m\u00fcshildir, ba\u011f\u0131rsak hareketlili\u011fini uyar\u0131r ve bo\u015falmas\u0131n\u0131 iyile\u015ftirir, karaci\u011ferin glikojen i\u00e7eri\u011fini art\u0131r\u0131r. Dulavratotu k\u00f6k\u00fc, karaci\u011fer ve safra kesesi hastal\u0131klar\u0131, gastrit ve kolit, kab\u0131zl\u0131k, hemoroid, gut, eklem romatizmas\u0131, b\u00f6brek hastal\u0131\u011f\u0131nda ba\u015far\u0131yla kullan\u0131l\u0131r.<\/p>\n<p>Dulavratotu, v\u00fccudu temizlemenin e\u015fsiz bir yolu olarak kabul edilir ve detoksifiye edici etkiye sahip drenaj bitkileri kategorisini ifade eder. Dulavratotu, h\u00fccreler aras\u0131 bo\u015fluktaki metabolizmay\u0131 art\u0131r\u0131r, toksik maddelerin v\u00fccuttan olabildi\u011fince \u00e7abuk at\u0131lmas\u0131na katk\u0131da bulunur.<\/p>\n<p>Dulavratotu k\u00f6k\u00fcn\u00fcn yayg\u0131n olarak bilinen anti-alerjik \u00f6zellikleri. Dermatolojide, bitki cilt ve ya\u011f bezlerinin iltihaplanmas\u0131n\u0131 azaltmak, cildi ar\u0131nd\u0131rmak, ka\u015f\u0131nt\u0131y\u0131 azaltmak i\u00e7in kullan\u0131l\u0131r. Dulavratotu k\u00f6k\u00fc, herhangi bir etiyolojideki d\u00f6k\u00fcnt\u00fcler, egzama, sedef hastal\u0131\u011f\u0131, fronk\u00fcloz, akne, kepek, liken, ayak mantar\u0131 ve di\u011fer cilt hastal\u0131klar\u0131nda ba\u015far\u0131yla kullan\u0131l\u0131r. Dulavratotu k\u00f6k\u00fc \u00e7\u00f6zeltisi di\u015f eti iltihab\u0131, stomatit, di\u015f eti iltihab\u0131 i\u00e7in gargara olarak kullan\u0131labilir.<\/p>\n<p><strong>\u00dcr\u00fcn kodu<\/strong>: <span data-sanitized-data-mce-fragment=\"1\">140 <\/span><strong>Kategori <\/strong>: G\u0131da Takviyeleri <strong>Se\u00e7ilen \u00fcr\u00fcnler: <\/strong>\u015eimdi stokta<\/p>\n<p><span style=\"text-decoration: underline; color: #466c48;\"><strong>\u0130\u00e7indekiler<\/strong><\/span><\/p>\n<p style=\"padding-left: 30px;\"><strong>\u0130\u00e7erik<\/strong> (1 kaps\u00fcl): Dulavratotu k\u00f6k\u00fc (Arctium lappa) -360 mg.<\/p>\n<p><strong>Aktif Olmayan \u0130\u00e7erikler: <\/strong>sel\u00fcloz, magnezyum stearat, silikon dioksit ve jelatin.<\/p>\n<p><span style=\"text-decoration: underline; color: #456c47;\"><strong>Kullan\u0131m<\/strong><\/span><\/p>\n<p style=\"padding-left: 30px;\">Yeti\u015fkinler i\u00e7in yemeklerle birlikte g\u00fcnde iki kez iki kaps\u00fcl \u00f6nerilir. Kullan\u0131m s\u00fcresi \u00fc\u00e7 ila d\u00f6rt haftad\u0131r. Gerekti\u011finde kullan\u0131m tekrarlan\u0131r.<\/p>\n<p><strong>Kontrendikasyonlar<\/strong>: ki\u015fisel intolerans, hamilelik veya emzirme.<\/p>\n<\/div>\r\n            <\/div>\r\n        <\/div>\r\n\r\n\n","protected":false},"excerpt":{"rendered":"<ul>\n<li>Dulavratotu\u00a0i\u00e7erir.<\/li>\n<li>Takviye edici g\u0131dad\u0131r.<\/li>\n<\/ul>\n","protected":false},"featured_media":8045,"template":"","meta":{"_acf_changed":false},"product_cat":[397],"product_tag":[],"class_list":{"0":"post-8044","1":"product","2":"type-product","3":"status-publish","4":"has-post-thumbnail","6":"product_cat-heath","7":"pa_body-systems-idrar","8":"pa_body-systems-sindirim-sistemi","9":"pa_body-systems-skin-hair-nails-tr-2","10":"pa_health-topics-cocuk-sagligi","11":"pa_health-topics-detoks-ve-arinma","12":"pa_health-topics-enflamasyon-ve-agri","13":"pa_health-topics-goz-sagligi","14":"pa_health-topics-sac-cilt-tirnaklar","15":"pa_health-topics-sindirim","16":"pa_product-categories-anti-alerjenik","17":"pa_product-categories-antibakteriyeller","18":"pa_product-categories-antifungal-tr","19":"pa_product-categories-antiparaziter","20":"pa_product-categories-parafarmasotikler","22":"first","23":"instock","24":"sale","25":"shipping-taxable","26":"purchasable","27":"product-type-simple"},"acf":[],"yoast_head":"<!-- This site is optimized with the Yoast SEO plugin v22.3 - https:\/\/yoast.com\/wordpress\/plugins\/seo\/ -->\n<title>Dulavratotu NSP | Dietary Supplements<\/title>\n<meta name=\"description\" content=\"Dulavratotu NSP: Gastrointestinal sistemin \u00e7al\u0131\u015fmas\u0131n\u0131 aktive eder.Hepatoprotektif ve antialerjik etkiye sahiptir.Cilt durumunu iyile\u015ftirmeye yard\u0131mc\u0131 olur.\" \/>\n<meta name=\"robots\" content=\"index, follow, max-snippet:-1, max-image-preview:large, max-video-preview:-1\" \/>\n<link rel=\"canonical\" href=\"https:\/\/nspshop.net\/tr\/urun\/dulavratotu-nsp\/\" \/>\n<meta property=\"og:locale\" content=\"tr_TR\" \/>\n<meta property=\"og:type\" content=\"article\" \/>\n<meta property=\"og:title\" content=\"Dulavratotu NSP | Dietary Supplements\" \/>\n<meta property=\"og:description\" content=\"Dulavratotu NSP: Gastrointestinal sistemin \u00e7al\u0131\u015fmas\u0131n\u0131 aktive eder.Hepatoprotektif ve antialerjik etkiye sahiptir.Cilt durumunu iyile\u015ftirmeye yard\u0131mc\u0131 olur.\" \/>\n<meta property=\"og:url\" content=\"https:\/\/nspshop.net\/tr\/urun\/dulavratotu-nsp\/\" \/>\n<meta property=\"og:site_name\" content=\"Dietary Supplements\" \/>\n<meta property=\"article:modified_time\" content=\"2024-03-31T07:57:28+00:00\" \/>\n<meta property=\"og:image\" content=\"https:\/\/nspshop.net\/wp-content\/uploads\/2023\/06\/Burdoc.webp\" \/>\n\t<meta property=\"og:image:width\" content=\"1350\" \/>\n\t<meta property=\"og:image:height\" content=\"1350\" \/>\n\t<meta property=\"og:image:type\" content=\"image\/webp\" \/>\n<meta name=\"twitter:card\" content=\"summary_large_image\" \/>\n<meta name=\"twitter:label1\" content=\"Tahmini okuma s\u00fcresi\" \/>\n\t<meta name=\"twitter:data1\" content=\"1 dakika\" \/>\n<script type=\"application\/ld+json\" class=\"yoast-schema-graph\">{\"@context\":\"https:\/\/schema.org\",\"@graph\":[{\"@type\":\"WebPage\",\"@id\":\"https:\/\/nspshop.net\/tr\/urun\/dulavratotu-nsp\/\",\"url\":\"https:\/\/nspshop.net\/tr\/urun\/dulavratotu-nsp\/\",\"name\":\"Dulavratotu NSP | Dietary Supplements\",\"isPartOf\":{\"@id\":\"https:\/\/nspshop.net\/#website\"},\"primaryImageOfPage\":{\"@id\":\"https:\/\/nspshop.net\/tr\/urun\/dulavratotu-nsp\/#primaryimage\"},\"image\":{\"@id\":\"https:\/\/nspshop.net\/tr\/urun\/dulavratotu-nsp\/#primaryimage\"},\"thumbnailUrl\":\"https:\/\/nspshop.net\/wp-content\/uploads\/2023\/06\/Burdoc.webp\",\"datePublished\":\"2023-06-05T06:34:18+00:00\",\"dateModified\":\"2024-03-31T07:57:28+00:00\",\"description\":\"Dulavratotu NSP: Gastrointestinal sistemin \u00e7al\u0131\u015fmas\u0131n\u0131 aktive eder.Hepatoprotektif ve antialerjik etkiye sahiptir.Cilt durumunu iyile\u015ftirmeye yard\u0131mc\u0131 olur.\",\"breadcrumb\":{\"@id\":\"https:\/\/nspshop.net\/tr\/urun\/dulavratotu-nsp\/#breadcrumb\"},\"inLanguage\":\"tr\",\"potentialAction\":[{\"@type\":\"ReadAction\",\"target\":[\"https:\/\/nspshop.net\/tr\/urun\/dulavratotu-nsp\/\"]}]},{\"@type\":\"ImageObject\",\"inLanguage\":\"tr\",\"@id\":\"https:\/\/nspshop.net\/tr\/urun\/dulavratotu-nsp\/#primaryimage\",\"url\":\"https:\/\/nspshop.net\/wp-content\/uploads\/2023\/06\/Burdoc.webp\",\"contentUrl\":\"https:\/\/nspshop.net\/wp-content\/uploads\/2023\/06\/Burdoc.webp\",\"width\":1350,\"height\":1350,\"caption\":\"Burdoc NSP\"},{\"@type\":\"BreadcrumbList\",\"@id\":\"https:\/\/nspshop.net\/tr\/urun\/dulavratotu-nsp\/#breadcrumb\",\"itemListElement\":[{\"@type\":\"ListItem\",\"position\":1,\"name\":\"\u0413\u043b\u0430\u0432\u043d\u0430\u044f \u0441\u0442\u0440\u0430\u043d\u0438\u0446\u0430\",\"item\":\"https:\/\/nspshop.net\/\"},{\"@type\":\"ListItem\",\"position\":2,\"name\":\"D\u00fckk\u00e2n\",\"item\":\"https:\/\/nspshop.net\/tr\/shop\/\"},{\"@type\":\"ListItem\",\"position\":3,\"name\":\"Dulavratotu NSP\"}]},{\"@type\":\"WebSite\",\"@id\":\"https:\/\/nspshop.net\/#website\",\"url\":\"https:\/\/nspshop.net\/\",\"name\":\"Dietary Supplements\",\"description\":\"BuyNSP\",\"publisher\":{\"@id\":\"https:\/\/nspshop.net\/#organization\"},\"potentialAction\":[{\"@type\":\"SearchAction\",\"target\":{\"@type\":\"EntryPoint\",\"urlTemplate\":\"https:\/\/nspshop.net\/?s={search_term_string}\"},\"query-input\":\"required name=search_term_string\"}],\"inLanguage\":\"tr\"},{\"@type\":\"Organization\",\"@id\":\"https:\/\/nspshop.net\/#organization\",\"name\":\"Dietary Supplements\",\"alternateName\":\"BuyNSP\",\"url\":\"https:\/\/nspshop.net\/\",\"logo\":{\"@type\":\"ImageObject\",\"inLanguage\":\"tr\",\"@id\":\"https:\/\/nspshop.net\/#\/schema\/logo\/image\/\",\"url\":\"https:\/\/nspshop.net\/wp-content\/uploads\/2023\/06\/cropped-Logo-NSP.png\",\"contentUrl\":\"https:\/\/nspshop.net\/wp-content\/uploads\/2023\/06\/cropped-Logo-NSP.png\",\"width\":512,\"height\":512,\"caption\":\"Dietary Supplements\"},\"image\":{\"@id\":\"https:\/\/nspshop.net\/#\/schema\/logo\/image\/\"}}]}<\/script>\n<!-- \/ Yoast SEO plugin. -->","yoast_head_json":{"title":"Dulavratotu NSP | Dietary Supplements","description":"Dulavratotu NSP: Gastrointestinal sistemin \u00e7al\u0131\u015fmas\u0131n\u0131 aktive eder.Hepatoprotektif ve antialerjik etkiye sahiptir.Cilt durumunu iyile\u015ftirmeye yard\u0131mc\u0131 olur.","robots":{"index":"index","follow":"follow","max-snippet":"max-snippet:-1","max-image-preview":"max-image-preview:large","max-video-preview":"max-video-preview:-1"},"canonical":"https:\/\/nspshop.net\/tr\/urun\/dulavratotu-nsp\/","og_locale":"tr_TR","og_type":"article","og_title":"Dulavratotu NSP | Dietary Supplements","og_description":"Dulavratotu NSP: Gastrointestinal sistemin \u00e7al\u0131\u015fmas\u0131n\u0131 aktive eder.Hepatoprotektif ve antialerjik etkiye sahiptir.Cilt durumunu iyile\u015ftirmeye yard\u0131mc\u0131 olur.","og_url":"https:\/\/nspshop.net\/tr\/urun\/dulavratotu-nsp\/","og_site_name":"Dietary Supplements","article_modified_time":"2024-03-31T07:57:28+00:00","og_image":[{"width":1350,"height":1350,"url":"https:\/\/nspshop.net\/wp-content\/uploads\/2023\/06\/Burdoc.webp","type":"image\/webp"}],"twitter_card":"summary_large_image","twitter_misc":{"Tahmini okuma s\u00fcresi":"1 dakika"},"schema":{"@context":"https:\/\/schema.org","@graph":[{"@type":"WebPage","@id":"https:\/\/nspshop.net\/tr\/urun\/dulavratotu-nsp\/","url":"https:\/\/nspshop.net\/tr\/urun\/dulavratotu-nsp\/","name":"Dulavratotu NSP | Dietary Supplements","isPartOf":{"@id":"https:\/\/nspshop.net\/#website"},"primaryImageOfPage":{"@id":"https:\/\/nspshop.net\/tr\/urun\/dulavratotu-nsp\/#primaryimage"},"image":{"@id":"https:\/\/nspshop.net\/tr\/urun\/dulavratotu-nsp\/#primaryimage"},"thumbnailUrl":"https:\/\/nspshop.net\/wp-content\/uploads\/2023\/06\/Burdoc.webp","datePublished":"2023-06-05T06:34:18+00:00","dateModified":"2024-03-31T07:57:28+00:00","description":"Dulavratotu NSP: Gastrointestinal sistemin \u00e7al\u0131\u015fmas\u0131n\u0131 aktive eder.Hepatoprotektif ve antialerjik etkiye sahiptir.Cilt durumunu iyile\u015ftirmeye yard\u0131mc\u0131 olur.","breadcrumb":{"@id":"https:\/\/nspshop.net\/tr\/urun\/dulavratotu-nsp\/#breadcrumb"},"inLanguage":"tr","potentialAction":[{"@type":"ReadAction","target":["https:\/\/nspshop.net\/tr\/urun\/dulavratotu-nsp\/"]}]},{"@type":"ImageObject","inLanguage":"tr","@id":"https:\/\/nspshop.net\/tr\/urun\/dulavratotu-nsp\/#primaryimage","url":"https:\/\/nspshop.net\/wp-content\/uploads\/2023\/06\/Burdoc.webp","contentUrl":"https:\/\/nspshop.net\/wp-content\/uploads\/2023\/06\/Burdoc.webp","width":1350,"height":1350,"caption":"Burdoc NSP"},{"@type":"BreadcrumbList","@id":"https:\/\/nspshop.net\/tr\/urun\/dulavratotu-nsp\/#breadcrumb","itemListElement":[{"@type":"ListItem","position":1,"name":"\u0413\u043b\u0430\u0432\u043d\u0430\u044f \u0441\u0442\u0440\u0430\u043d\u0438\u0446\u0430","item":"https:\/\/nspshop.net\/"},{"@type":"ListItem","position":2,"name":"D\u00fckk\u00e2n","item":"https:\/\/nspshop.net\/tr\/shop\/"},{"@type":"ListItem","position":3,"name":"Dulavratotu NSP"}]},{"@type":"WebSite","@id":"https:\/\/nspshop.net\/#website","url":"https:\/\/nspshop.net\/","name":"Dietary Supplements","description":"BuyNSP","publisher":{"@id":"https:\/\/nspshop.net\/#organization"},"potentialAction":[{"@type":"SearchAction","target":{"@type":"EntryPoint","urlTemplate":"https:\/\/nspshop.net\/?s={search_term_string}"},"query-input":"required name=search_term_string"}],"inLanguage":"tr"},{"@type":"Organization","@id":"https:\/\/nspshop.net\/#organization","name":"Dietary Supplements","alternateName":"BuyNSP","url":"https:\/\/nspshop.net\/","logo":{"@type":"ImageObject","inLanguage":"tr","@id":"https:\/\/nspshop.net\/#\/schema\/logo\/image\/","url":"https:\/\/nspshop.net\/wp-content\/uploads\/2023\/06\/cropped-Logo-NSP.png","contentUrl":"https:\/\/nspshop.net\/wp-content\/uploads\/2023\/06\/cropped-Logo-NSP.png","width":512,"height":512,"caption":"Dietary Supplements"},"image":{"@id":"https:\/\/nspshop.net\/#\/schema\/logo\/image\/"}}]}},"_links":{"self":[{"href":"https:\/\/nspshop.net\/tr\/wp-json\/wp\/v2\/product\/8044","targetHints":{"allow":["GET"]}}],"collection":[{"href":"https:\/\/nspshop.net\/tr\/wp-json\/wp\/v2\/product"}],"about":[{"href":"https:\/\/nspshop.net\/tr\/wp-json\/wp\/v2\/types\/product"}],"wp:featuredmedia":[{"embeddable":true,"href":"https:\/\/nspshop.net\/tr\/wp-json\/wp\/v2\/media\/8045"}],"wp:attachment":[{"href":"https:\/\/nspshop.net\/tr\/wp-json\/wp\/v2\/media?parent=8044"}],"wp:term":[{"taxonomy":"product_cat","embeddable":true,"href":"https:\/\/nspshop.net\/tr\/wp-json\/wp\/v2\/product_cat?post=8044"},{"taxonomy":"product_tag","embeddable":true,"href":"https:\/\/nspshop.net\/tr\/wp-json\/wp\/v2\/product_tag?post=8044"}],"curies":[{"name":"wp","href":"https:\/\/api.w.org\/{rel}","templated":true}]}}