{"id":8046,"date":"2023-06-05T08:55:14","date_gmt":"2023-06-05T05:55:14","guid":{"rendered":"https:\/\/nspshop.net\/product\/maydanozlu-kirmizi-biber-ve-sarimsak-nsp\/"},"modified":"2024-03-31T11:00:14","modified_gmt":"2024-03-31T08:00:14","slug":"maydanozlu-kirmizi-biber-ve-sarimsak-nsp","status":"publish","type":"product","link":"https:\/\/nspshop.net\/tr\/urun\/maydanozlu-kirmizi-biber-ve-sarimsak-nsp\/","title":{"rendered":"Maydanozlu K\u0131rm\u0131z\u0131 Biber ve Sar\u0131msak NSP"},"content":{"rendered":"\r\n        <div class=\"med_worker_introduce_text \">\r\n\r\n            Bu b\u00f6l\u00fcm sadece <span class=\"med_anchor_link\"> <b>Sa\u011fl\u0131k profesyonelleri<\/b> i\u00e7indir<\/span>\r\n\r\n        <\/div>\r\n\r\n        <div class=\"med_worker_popup_wrapper hide\" style=\"background-color: rgba(10,10,10,0.3)\">\r\n            <div class=\"med_worker_popup\" style=\"width:1024px; height:600px;background-color:#ffffff; border-radius: 10px;\">\r\n                <div class=\"med_worker_confirmation\">\r\n                    <span style=\"font-size: 20px\">\r\n                        Sa\u011fl\u0131k profesyoneli misiniz?                    <\/span>\r\n                    <div class=\"med_worker_buttons\">\r\n                        <a href=\"\" class=\"confirm\" style=\"background-color:#0d594e; color: #ffffff;\">Evet<\/a>\r\n                        <a href=\"\" class=\"reject\" style=\"background-color:#bc2b2b; color: #0a0a0a;\">Hay\u0131r<\/a>\r\n                    <\/div>\r\n                <\/div>\r\n                <div class=\"med_worker_decription hide\"><h1>Maydanozlu K\u0131rm\u0131z\u0131 Biber ve Sar\u0131msak NSP<\/h1>\n<p>Sadece egzotik veya bulunmas\u0131 zor bile\u015fenler de\u011fil, ayn\u0131 zamanda pop\u00fcler bile\u015fenlere dayanan basit, etkili form\u00fcller de NSP teknoloji uzmanlar\u0131n\u0131n radar\u0131ndad\u0131r. Bunun bir \u00f6rne\u011fi, mutfakta ve ecza dolab\u0131nda kullan\u0131lan, yemeklerin tad\u0131n\u0131 vurgulayan ve sa\u011fl\u0131\u011f\u0131m\u0131za, gen\u00e7li\u011fimize ve g\u00fczelli\u011fimize \u00f6zen g\u00f6steren tan\u0131d\u0131k, sevilen sebze ve bitkilerden olu\u015fan Capsicum &amp; Garlic with Parsley NSP kompleksidir.<\/p>\n<p>Ayr\u0131ca Mayalar biberi \u00f6ks\u00fcr\u00fck, bo\u011faz a\u011fr\u0131s\u0131 ve di\u011fer solunum yolu rahats\u0131zl\u0131klar\u0131n\u0131 gidermek i\u00e7in kullanm\u0131\u015flard\u0131r. Bu arada, Nature&#8217;s Sunshine \u00dcr\u00fcnlerinin k\u00f6keni de bu sa\u011fl\u0131kl\u0131 ama inan\u0131lmaz ac\u0131 tada sahip bitkiyle ili\u015fkilidir. Biberin ac\u0131 tad\u0131n\u0131 ve keskin kokusunu ortadan kald\u0131rma arzusu, \u015firketin kurucusu Jean Hughes&#8217;u kaps\u00fcller halinde diyet takviyeleri \u00fcretimini organize etmeye y\u00f6neltti. Biber, Sar\u0131msak, Maydanoz kompleksi hipertansiyon, ateroskleroz, miyokard enfarkt\u00fcs\u00fc, iskemik kalp hastal\u0131\u011f\u0131, tromboflebit, varisli damarlar, serebrovask\u00fcler kaza, sistit, \u00fcrolitiyazis ve farenjit, bademcik iltihab\u0131, orta kulak iltihab\u0131, artrit, zat\u00fcrre ve bron\u015fit gibi so\u011fuk alg\u0131nl\u0131\u011f\u0131 ve di\u011fer solunum sorunlar\u0131 i\u00e7in kullan\u0131labilir.<\/p>\n<p><strong>Aktif bile\u015fen<\/strong><\/p>\n<p>K\u0131rm\u0131z\u0131 biber<em>(Cap<\/em>sicum<em>annuum<\/em>) ac\u0131 biber grubuna aittir ve beta-karoten, C vitamini ve keskin alkaloid kapsaisin i\u00e7erir. Antiseptik ve anti-enflamatuar etkileri vard\u0131r, kardiyovask\u00fcler sistemin \u00e7al\u0131\u015fmas\u0131n\u0131 d\u00fczenler, vazospazm\u0131 hafifletir, k\u0131lcal damarlar\u0131 geni\u015fletir ve kan viskozitesini ve kan bas\u0131nc\u0131n\u0131 d\u00fc\u015f\u00fcr\u00fcr. K\u0131rm\u0131z\u0131 biber \u00fclser yaralar\u0131n\u0131 iyile\u015ftirir, t\u00fck\u00fcr\u00fck ve mukus salg\u0131s\u0131n\u0131 uyar\u0131r ve koleretik etkiye sahiptir. Prostat kanseri \u00fczerinde engelleyici etkisi vard\u0131r.<\/p>\n<p>Sar\u0131msak<em>(Allium sativum<\/em>), kendine \u00f6zg\u00fc kokusunu, tad\u0131n\u0131 ve g\u00fc\u00e7l\u00fc antibakteriyel etkisini bor\u00e7lu oldu\u011fu u\u00e7ucu bir ya\u011f olan allisin i\u00e7erir. Kan kolesterol seviyelerini, kan viskozitesini ve kan bas\u0131nc\u0131n\u0131 d\u00fc\u015f\u00fcr\u00fcr, kardiyovask\u00fcler hastal\u0131k ve fel\u00e7 riskini \u00f6nler. Antiviral, antifungal ve antelmintik (parazitlere kar\u015f\u0131) etkileri vard\u0131r ve do\u011fal bir antibiyotiktir. Gastrointestinal sistemin salg\u0131 ve motor fonksiyonlar\u0131n\u0131 iyile\u015ftirir, safra salg\u0131s\u0131n\u0131 uyar\u0131r ve hafif bir yat\u0131\u015ft\u0131r\u0131c\u0131 etkiye sahiptir. Sar\u0131msak, pelvik organlara artan kan ak\u0131\u015f\u0131 nedeniyle erkeklerde g\u00fcc\u00fc art\u0131rman\u0131n bir yolu olarak kullan\u0131l\u0131r. Ara\u015ft\u0131rmalar, sar\u0131msa\u011f\u0131n mide ve kolon gibi baz\u0131 kanserlere kar\u015f\u0131 v\u00fccudu koruyabildi\u011fini g\u00f6stermektedir.<\/p>\n<p>Maydanoz<em>(Petroselinum crispum<\/em>) en pop\u00fcler bah\u00e7e bitkilerinden biridir. Maydanoz C vitamini, beta-beta-karoten, klorofil a\u00e7\u0131s\u0131ndan zengindir. Bir grup vitamin, mineral tuzlar\u0131 ve di\u011fer aktif maddeleri i\u00e7erir. Ba\u011f\u0131rsaklar\u0131n, mesanenin ve rahmin d\u00fcz kaslar\u0131n\u0131n tonunu art\u0131r\u0131r. B\u00f6brek\u00fcst\u00fc ve tiroid bezlerinin i\u015flevini normalle\u015ftirir. Maydanozun u\u00e7ucu ya\u011flar\u0131 antibiyotiktir. Myristicin kansere yakalanma riskini \u00f6nler. Ayn\u0131 zamanda, maydanoz preparatlar\u0131 rahmin d\u00fcz kaslar\u0131n\u0131 uyard\u0131\u011f\u0131 i\u00e7in gebeli\u011fin sonland\u0131r\u0131lmas\u0131 riskini art\u0131r\u0131r. Maydanoz preparatlar\u0131 sistit, \u00fcrolitiyazis, \u00f6dem, b\u00f6brek spazmlar\u0131 (nefritte kullan\u0131lmaz) ve prostat bezi iltihab\u0131 i\u00e7in kullan\u0131l\u0131r.<\/p>\n<p><strong>\u00dcr\u00fcn kodu <\/strong>: 832 <strong>Kategori <\/strong>: G\u0131da Takviyeleri <strong>Se\u00e7ilen \u00fcr\u00fcnler: <\/strong>\u015eimdi stokta<\/p>\n<p><span style=\"text-decoration: underline;\"><strong>\u0130\u00e7indekiler<\/strong><\/span><\/p>\n<p>G\u0131da takviyesi Biber, Sar\u0131msak, Maydanoz flavonoidi ek allisin kayna\u011f\u0131d\u0131r.<\/p>\n<p><strong>\u0130\u00e7erik <\/strong>(1 kaps\u00fcl): sar\u0131msak (Allium sativum) 250 mg; ac\u0131 biber (Capsicum annuum) &#8211; 125 mg; maydanoz (Petroselinum crispum) &#8211; 125 mg<\/p>\n<p><strong>Aktif Olmayan Bile\u015fenler:<\/strong> jelatin.<\/p>\n<p>Biber, Sar\u0131msak, Maydanoz kompleksi so\u011fuk alg\u0131nl\u0131\u011f\u0131 ve farenjit, bademcik iltihab\u0131, orta kulak iltihab\u0131, artrit, zat\u00fcrre ve bron\u015fit gibi di\u011fer solunum sorunlar\u0131, hipertansiyon, ateroskleroz, miyokard enfarkt\u00fcs\u00fc, iskemik kalp hastal\u0131\u011f\u0131, tromboflebit, varisli damarlar, serebrovask\u00fcler kaza, sistit ve \u00fcrolitiyazis i\u00e7in kullan\u0131labilir.<\/p>\n<p><span style=\"text-decoration: underline;\"><strong>Kullan\u0131m<\/strong><\/span><\/p>\n<p>Yeti\u015fkinler i\u00e7in, yemeklerle birlikte g\u00fcnde iki kez bir ila iki kaps\u00fcl. Gerekirse \u00fc\u00e7 ila d\u00f6rt hafta sonra tekrar kullan\u0131labilir.<\/p>\n<p><strong>Contraindications:<\/strong> personal intolerance, pregnancy, and lactation.<\/p>\n<\/div>\r\n            <\/div>\r\n        <\/div>\r\n\r\n\n","protected":false},"excerpt":{"rendered":"<div class=\"woocommerce-product-details__short-description\">\n<ul>\n<li>Sar\u0131msak (Allium sativum) ,k\u0131rm\u0131z\u0131 biber (Capsicum annuum) \u00a0ve maydanoz (Petroselinum Crispum) i\u00e7eren g\u0131da takviyesidir.<\/li>\n<\/ul>\n<\/div>\n","protected":false},"featured_media":8047,"template":"","meta":{"_acf_changed":false},"product_cat":[397],"product_tag":[],"class_list":{"0":"post-8046","1":"product","2":"type-product","3":"status-publish","4":"has-post-thumbnail","6":"product_cat-heath","8":"first","9":"instock","10":"sale","11":"shipping-taxable","12":"purchasable","13":"product-type-simple"},"acf":[],"yoast_head":"<!-- This site is optimized with the Yoast SEO plugin v22.3 - https:\/\/yoast.com\/wordpress\/plugins\/seo\/ -->\n<title>Maydanozlu K\u0131rm\u0131z\u0131 Biber ve Sar\u0131msak NSP | Dietary Supplements<\/title>\n<meta name=\"description\" content=\"Capsicum &amp; Garlic with Parsley NSP: Antibakteriyel ve antiviral etkilere sahiptir. Mikrosirk\u00fclasyonu iyile\u015ftirir, kan viskozitesini d\u00fc\u015f\u00fcr\u00fcr, kan bas\u0131nc\u0131n\u0131 d\u00fc\u015f\u00fcr\u00fcr.\" \/>\n<meta name=\"robots\" content=\"index, follow, max-snippet:-1, max-image-preview:large, max-video-preview:-1\" \/>\n<link rel=\"canonical\" href=\"https:\/\/nspshop.net\/tr\/urun\/maydanozlu-kirmizi-biber-ve-sarimsak-nsp\/\" \/>\n<meta property=\"og:locale\" content=\"tr_TR\" \/>\n<meta property=\"og:type\" content=\"article\" \/>\n<meta property=\"og:title\" content=\"Maydanozlu K\u0131rm\u0131z\u0131 Biber ve Sar\u0131msak NSP | Dietary Supplements\" \/>\n<meta property=\"og:description\" content=\"Capsicum &amp; Garlic with Parsley NSP: Antibakteriyel ve antiviral etkilere sahiptir. Mikrosirk\u00fclasyonu iyile\u015ftirir, kan viskozitesini d\u00fc\u015f\u00fcr\u00fcr, kan bas\u0131nc\u0131n\u0131 d\u00fc\u015f\u00fcr\u00fcr.\" \/>\n<meta property=\"og:url\" content=\"https:\/\/nspshop.net\/tr\/urun\/maydanozlu-kirmizi-biber-ve-sarimsak-nsp\/\" \/>\n<meta property=\"og:site_name\" content=\"Dietary Supplements\" \/>\n<meta property=\"article:modified_time\" content=\"2024-03-31T08:00:14+00:00\" \/>\n<meta property=\"og:image\" content=\"https:\/\/nspshop.net\/wp-content\/uploads\/2023\/06\/Capsicum_Garlic_with_Parsley.webp\" \/>\n\t<meta property=\"og:image:width\" content=\"1080\" \/>\n\t<meta property=\"og:image:height\" content=\"1080\" \/>\n\t<meta property=\"og:image:type\" content=\"image\/webp\" \/>\n<meta name=\"twitter:card\" content=\"summary_large_image\" \/>\n<meta name=\"twitter:label1\" content=\"Tahmini okuma s\u00fcresi\" \/>\n\t<meta name=\"twitter:data1\" content=\"1 dakika\" \/>\n<script type=\"application\/ld+json\" class=\"yoast-schema-graph\">{\"@context\":\"https:\/\/schema.org\",\"@graph\":[{\"@type\":\"WebPage\",\"@id\":\"https:\/\/nspshop.net\/tr\/urun\/maydanozlu-kirmizi-biber-ve-sarimsak-nsp\/\",\"url\":\"https:\/\/nspshop.net\/tr\/urun\/maydanozlu-kirmizi-biber-ve-sarimsak-nsp\/\",\"name\":\"Maydanozlu K\u0131rm\u0131z\u0131 Biber ve Sar\u0131msak NSP | Dietary Supplements\",\"isPartOf\":{\"@id\":\"https:\/\/nspshop.net\/#website\"},\"primaryImageOfPage\":{\"@id\":\"https:\/\/nspshop.net\/tr\/urun\/maydanozlu-kirmizi-biber-ve-sarimsak-nsp\/#primaryimage\"},\"image\":{\"@id\":\"https:\/\/nspshop.net\/tr\/urun\/maydanozlu-kirmizi-biber-ve-sarimsak-nsp\/#primaryimage\"},\"thumbnailUrl\":\"https:\/\/nspshop.net\/wp-content\/uploads\/2023\/06\/Capsicum_Garlic_with_Parsley.webp\",\"datePublished\":\"2023-06-05T05:55:14+00:00\",\"dateModified\":\"2024-03-31T08:00:14+00:00\",\"description\":\"Capsicum & Garlic with Parsley NSP: Antibakteriyel ve antiviral etkilere sahiptir. Mikrosirk\u00fclasyonu iyile\u015ftirir, kan viskozitesini d\u00fc\u015f\u00fcr\u00fcr, kan bas\u0131nc\u0131n\u0131 d\u00fc\u015f\u00fcr\u00fcr.\",\"breadcrumb\":{\"@id\":\"https:\/\/nspshop.net\/tr\/urun\/maydanozlu-kirmizi-biber-ve-sarimsak-nsp\/#breadcrumb\"},\"inLanguage\":\"tr\",\"potentialAction\":[{\"@type\":\"ReadAction\",\"target\":[\"https:\/\/nspshop.net\/tr\/urun\/maydanozlu-kirmizi-biber-ve-sarimsak-nsp\/\"]}]},{\"@type\":\"ImageObject\",\"inLanguage\":\"tr\",\"@id\":\"https:\/\/nspshop.net\/tr\/urun\/maydanozlu-kirmizi-biber-ve-sarimsak-nsp\/#primaryimage\",\"url\":\"https:\/\/nspshop.net\/wp-content\/uploads\/2023\/06\/Capsicum_Garlic_with_Parsley.webp\",\"contentUrl\":\"https:\/\/nspshop.net\/wp-content\/uploads\/2023\/06\/Capsicum_Garlic_with_Parsley.webp\",\"width\":1080,\"height\":1080,\"caption\":\"Capsicum Garlic with Parsley NSP\"},{\"@type\":\"BreadcrumbList\",\"@id\":\"https:\/\/nspshop.net\/tr\/urun\/maydanozlu-kirmizi-biber-ve-sarimsak-nsp\/#breadcrumb\",\"itemListElement\":[{\"@type\":\"ListItem\",\"position\":1,\"name\":\"\u0413\u043b\u0430\u0432\u043d\u0430\u044f \u0441\u0442\u0440\u0430\u043d\u0438\u0446\u0430\",\"item\":\"https:\/\/nspshop.net\/\"},{\"@type\":\"ListItem\",\"position\":2,\"name\":\"D\u00fckk\u00e2n\",\"item\":\"https:\/\/nspshop.net\/tr\/shop\/\"},{\"@type\":\"ListItem\",\"position\":3,\"name\":\"Maydanozlu K\u0131rm\u0131z\u0131 Biber ve Sar\u0131msak NSP\"}]},{\"@type\":\"WebSite\",\"@id\":\"https:\/\/nspshop.net\/#website\",\"url\":\"https:\/\/nspshop.net\/\",\"name\":\"Dietary Supplements\",\"description\":\"BuyNSP\",\"publisher\":{\"@id\":\"https:\/\/nspshop.net\/#organization\"},\"potentialAction\":[{\"@type\":\"SearchAction\",\"target\":{\"@type\":\"EntryPoint\",\"urlTemplate\":\"https:\/\/nspshop.net\/?s={search_term_string}\"},\"query-input\":\"required name=search_term_string\"}],\"inLanguage\":\"tr\"},{\"@type\":\"Organization\",\"@id\":\"https:\/\/nspshop.net\/#organization\",\"name\":\"Dietary Supplements\",\"alternateName\":\"BuyNSP\",\"url\":\"https:\/\/nspshop.net\/\",\"logo\":{\"@type\":\"ImageObject\",\"inLanguage\":\"tr\",\"@id\":\"https:\/\/nspshop.net\/#\/schema\/logo\/image\/\",\"url\":\"https:\/\/nspshop.net\/wp-content\/uploads\/2023\/06\/cropped-Logo-NSP.png\",\"contentUrl\":\"https:\/\/nspshop.net\/wp-content\/uploads\/2023\/06\/cropped-Logo-NSP.png\",\"width\":512,\"height\":512,\"caption\":\"Dietary Supplements\"},\"image\":{\"@id\":\"https:\/\/nspshop.net\/#\/schema\/logo\/image\/\"}}]}<\/script>\n<!-- \/ Yoast SEO plugin. -->","yoast_head_json":{"title":"Maydanozlu K\u0131rm\u0131z\u0131 Biber ve Sar\u0131msak NSP | Dietary Supplements","description":"Capsicum & Garlic with Parsley NSP: Antibakteriyel ve antiviral etkilere sahiptir. Mikrosirk\u00fclasyonu iyile\u015ftirir, kan viskozitesini d\u00fc\u015f\u00fcr\u00fcr, kan bas\u0131nc\u0131n\u0131 d\u00fc\u015f\u00fcr\u00fcr.","robots":{"index":"index","follow":"follow","max-snippet":"max-snippet:-1","max-image-preview":"max-image-preview:large","max-video-preview":"max-video-preview:-1"},"canonical":"https:\/\/nspshop.net\/tr\/urun\/maydanozlu-kirmizi-biber-ve-sarimsak-nsp\/","og_locale":"tr_TR","og_type":"article","og_title":"Maydanozlu K\u0131rm\u0131z\u0131 Biber ve Sar\u0131msak NSP | Dietary Supplements","og_description":"Capsicum & Garlic with Parsley NSP: Antibakteriyel ve antiviral etkilere sahiptir. Mikrosirk\u00fclasyonu iyile\u015ftirir, kan viskozitesini d\u00fc\u015f\u00fcr\u00fcr, kan bas\u0131nc\u0131n\u0131 d\u00fc\u015f\u00fcr\u00fcr.","og_url":"https:\/\/nspshop.net\/tr\/urun\/maydanozlu-kirmizi-biber-ve-sarimsak-nsp\/","og_site_name":"Dietary Supplements","article_modified_time":"2024-03-31T08:00:14+00:00","og_image":[{"width":1080,"height":1080,"url":"https:\/\/nspshop.net\/wp-content\/uploads\/2023\/06\/Capsicum_Garlic_with_Parsley.webp","type":"image\/webp"}],"twitter_card":"summary_large_image","twitter_misc":{"Tahmini okuma s\u00fcresi":"1 dakika"},"schema":{"@context":"https:\/\/schema.org","@graph":[{"@type":"WebPage","@id":"https:\/\/nspshop.net\/tr\/urun\/maydanozlu-kirmizi-biber-ve-sarimsak-nsp\/","url":"https:\/\/nspshop.net\/tr\/urun\/maydanozlu-kirmizi-biber-ve-sarimsak-nsp\/","name":"Maydanozlu K\u0131rm\u0131z\u0131 Biber ve Sar\u0131msak NSP | Dietary Supplements","isPartOf":{"@id":"https:\/\/nspshop.net\/#website"},"primaryImageOfPage":{"@id":"https:\/\/nspshop.net\/tr\/urun\/maydanozlu-kirmizi-biber-ve-sarimsak-nsp\/#primaryimage"},"image":{"@id":"https:\/\/nspshop.net\/tr\/urun\/maydanozlu-kirmizi-biber-ve-sarimsak-nsp\/#primaryimage"},"thumbnailUrl":"https:\/\/nspshop.net\/wp-content\/uploads\/2023\/06\/Capsicum_Garlic_with_Parsley.webp","datePublished":"2023-06-05T05:55:14+00:00","dateModified":"2024-03-31T08:00:14+00:00","description":"Capsicum & Garlic with Parsley NSP: Antibakteriyel ve antiviral etkilere sahiptir. Mikrosirk\u00fclasyonu iyile\u015ftirir, kan viskozitesini d\u00fc\u015f\u00fcr\u00fcr, kan bas\u0131nc\u0131n\u0131 d\u00fc\u015f\u00fcr\u00fcr.","breadcrumb":{"@id":"https:\/\/nspshop.net\/tr\/urun\/maydanozlu-kirmizi-biber-ve-sarimsak-nsp\/#breadcrumb"},"inLanguage":"tr","potentialAction":[{"@type":"ReadAction","target":["https:\/\/nspshop.net\/tr\/urun\/maydanozlu-kirmizi-biber-ve-sarimsak-nsp\/"]}]},{"@type":"ImageObject","inLanguage":"tr","@id":"https:\/\/nspshop.net\/tr\/urun\/maydanozlu-kirmizi-biber-ve-sarimsak-nsp\/#primaryimage","url":"https:\/\/nspshop.net\/wp-content\/uploads\/2023\/06\/Capsicum_Garlic_with_Parsley.webp","contentUrl":"https:\/\/nspshop.net\/wp-content\/uploads\/2023\/06\/Capsicum_Garlic_with_Parsley.webp","width":1080,"height":1080,"caption":"Capsicum Garlic with Parsley NSP"},{"@type":"BreadcrumbList","@id":"https:\/\/nspshop.net\/tr\/urun\/maydanozlu-kirmizi-biber-ve-sarimsak-nsp\/#breadcrumb","itemListElement":[{"@type":"ListItem","position":1,"name":"\u0413\u043b\u0430\u0432\u043d\u0430\u044f \u0441\u0442\u0440\u0430\u043d\u0438\u0446\u0430","item":"https:\/\/nspshop.net\/"},{"@type":"ListItem","position":2,"name":"D\u00fckk\u00e2n","item":"https:\/\/nspshop.net\/tr\/shop\/"},{"@type":"ListItem","position":3,"name":"Maydanozlu K\u0131rm\u0131z\u0131 Biber ve Sar\u0131msak NSP"}]},{"@type":"WebSite","@id":"https:\/\/nspshop.net\/#website","url":"https:\/\/nspshop.net\/","name":"Dietary Supplements","description":"BuyNSP","publisher":{"@id":"https:\/\/nspshop.net\/#organization"},"potentialAction":[{"@type":"SearchAction","target":{"@type":"EntryPoint","urlTemplate":"https:\/\/nspshop.net\/?s={search_term_string}"},"query-input":"required name=search_term_string"}],"inLanguage":"tr"},{"@type":"Organization","@id":"https:\/\/nspshop.net\/#organization","name":"Dietary Supplements","alternateName":"BuyNSP","url":"https:\/\/nspshop.net\/","logo":{"@type":"ImageObject","inLanguage":"tr","@id":"https:\/\/nspshop.net\/#\/schema\/logo\/image\/","url":"https:\/\/nspshop.net\/wp-content\/uploads\/2023\/06\/cropped-Logo-NSP.png","contentUrl":"https:\/\/nspshop.net\/wp-content\/uploads\/2023\/06\/cropped-Logo-NSP.png","width":512,"height":512,"caption":"Dietary Supplements"},"image":{"@id":"https:\/\/nspshop.net\/#\/schema\/logo\/image\/"}}]}},"_links":{"self":[{"href":"https:\/\/nspshop.net\/tr\/wp-json\/wp\/v2\/product\/8046","targetHints":{"allow":["GET"]}}],"collection":[{"href":"https:\/\/nspshop.net\/tr\/wp-json\/wp\/v2\/product"}],"about":[{"href":"https:\/\/nspshop.net\/tr\/wp-json\/wp\/v2\/types\/product"}],"wp:featuredmedia":[{"embeddable":true,"href":"https:\/\/nspshop.net\/tr\/wp-json\/wp\/v2\/media\/8047"}],"wp:attachment":[{"href":"https:\/\/nspshop.net\/tr\/wp-json\/wp\/v2\/media?parent=8046"}],"wp:term":[{"taxonomy":"product_cat","embeddable":true,"href":"https:\/\/nspshop.net\/tr\/wp-json\/wp\/v2\/product_cat?post=8046"},{"taxonomy":"product_tag","embeddable":true,"href":"https:\/\/nspshop.net\/tr\/wp-json\/wp\/v2\/product_tag?post=8046"}],"curies":[{"name":"wp","href":"https:\/\/api.w.org\/{rel}","templated":true}]}}