{"id":8048,"date":"2023-06-05T08:47:28","date_gmt":"2023-06-05T05:47:28","guid":{"rendered":"https:\/\/nspshop.net\/product\/ari-poleni-nsp\/"},"modified":"2024-03-31T11:01:11","modified_gmt":"2024-03-31T08:01:11","slug":"ari-poleni-nsp","status":"publish","type":"product","link":"https:\/\/nspshop.net\/tr\/urun\/ari-poleni-nsp\/","title":{"rendered":"Ar\u0131 poleni NSP"},"content":{"rendered":"\r\n        <div class=\"med_worker_introduce_text \">\r\n\r\n            Bu b\u00f6l\u00fcm sadece <span class=\"med_anchor_link\"> <b>Sa\u011fl\u0131k profesyonelleri<\/b> i\u00e7indir<\/span>\r\n\r\n        <\/div>\r\n\r\n        <div class=\"med_worker_popup_wrapper hide\" style=\"background-color: rgba(10,10,10,0.3)\">\r\n            <div class=\"med_worker_popup\" style=\"width:1024px; height:600px;background-color:#ffffff; border-radius: 10px;\">\r\n                <div class=\"med_worker_confirmation\">\r\n                    <span style=\"font-size: 20px\">\r\n                        Sa\u011fl\u0131k profesyoneli misiniz?                    <\/span>\r\n                    <div class=\"med_worker_buttons\">\r\n                        <a href=\"\" class=\"confirm\" style=\"background-color:#0d594e; color: #ffffff;\">Evet<\/a>\r\n                        <a href=\"\" class=\"reject\" style=\"background-color:#bc2b2b; color: #0a0a0a;\">Hay\u0131r<\/a>\r\n                    <\/div>\r\n                <\/div>\r\n                <div class=\"med_worker_decription hide\"><h1>Ar\u0131 poleni NSP<\/h1>\n<p>NSP ar\u0131 poleni, nektar ve ar\u0131 t\u00fck\u00fcr\u00fc\u011f\u00fcne ba\u011flanm\u0131\u015f ve erkek ar\u0131lara yedirilen toplar haline getirilmi\u015f bitki polenidir. Ar\u0131 poleni en m\u00fckemmel do\u011fal besin \u00fcr\u00fcn\u00fc olarak kabul edilir, neredeyse t\u00fcm temel ya\u015famsal bile\u015fenleri i\u00e7erir: 18 amino asit, vitaminler, 46 biyoelement, enzimler. Polen ekstrakte edildi\u011finde, kabuklar \u00e7\u0131kar\u0131l\u0131r ve alerjenleri n\u00f6tralize etmek ve sindirilebilirli\u011fi art\u0131rmak i\u00e7in enzimler eklenir. Polen fiziksel dayan\u0131kl\u0131l\u0131\u011f\u0131 art\u0131r\u0131r, ba\u011f\u0131\u015f\u0131kl\u0131k ve sinir sistemlerini destekler ve kalp hastal\u0131klar\u0131, kanser ve artrite kar\u015f\u0131 korur. Ar\u0131 poleni t\u00fcketiminin ya\u015flanma s\u00fcrecini yava\u015flatt\u0131\u011f\u0131na, cildi gen\u00e7le\u015ftirdi\u011fine ve gen\u00e7lik enerjisini korudu\u011funa inan\u0131lmaktad\u0131r. Ar\u0131 poleni, alerji ve saman nezlesinin pro-varl\u0131\u011f\u0131n\u0131 azaltma yetene\u011fine sahiptir. G\u00fcnde 2,5 ila 20 gram al\u0131nmas\u0131 tavsiye edilir. Ar\u0131 poleni NRS alerjiye neden olmaz. Ancak ar\u0131 \u00fcr\u00fcnlerine (bal, propolis) kar\u015f\u0131 a\u015f\u0131r\u0131 duyarl\u0131l\u0131\u011f\u0131 olan ki\u015filer doktora dan\u0131\u015fmal\u0131d\u0131r.<\/p>\n<p>Polende bulunan y\u00fcksek miktarda potasyum ve rutin kalp aktivitesini destekler ve kan damarlar\u0131n\u0131n duvarlar\u0131n\u0131 g\u00fc\u00e7lendirir. Bu nedenle, ar\u0131 poleni kardiyovask\u00fcler hastal\u0131klar\u0131n \u00f6nlenmesi ve tedavisi i\u00e7in m\u00fckemmel bir ara\u00e7t\u0131r. Ar\u0131 poleni, i\u00e7inde bulunan \u00f6zel maddeler sayesinde antibakteriyel \u00f6zelliklere sahiptir. Bu, vir\u00fcslere ve bakterilere kar\u015f\u0131 g\u00fc\u00e7l\u00fc bir ba\u011f\u0131\u015f\u0131kl\u0131k sistemi direnci mekanizmas\u0131 ba\u015flat\u0131r.<\/p>\n<p>Ar\u0131 poleninin faydalar\u0131<br \/>\nV\u00fccudun fiziksel yorgunlu\u011funda, uzun s\u00fcreli ciddi hastal\u0131klardan ve anemiden iyile\u015firken faydas\u0131 paha bi\u00e7ilmezdir. So\u011fuk alg\u0131nl\u0131\u011f\u0131 ve grip salg\u0131nlar\u0131n\u0131n yay\u0131lmas\u0131 s\u0131ras\u0131nda, imm\u00fcnomod\u00fclat\u00f6r \u00f6zelliklere sahip oldu\u011fu i\u00e7in ar\u0131 poleninin profilaktik olarak al\u0131nmas\u0131 tavsiye edilir.<\/p>\n<p>Bu besin takviyesi, kan damarlar\u0131n\u0131n duvarlar\u0131ndaki sklerotik plaklar\u0131 giderir ve olu\u015fumlar\u0131n\u0131 \u00f6nler, \u00f6zellikle Omega-3 ile birle\u015ftirildi\u011finde kandaki lipit miktar\u0131n\u0131 normalle\u015ftirir. Bu da onu m\u00fckemmel bir anti-sklerotik etki haline getirir. Hipertansiyondan muzdarip ki\u015filerde ar\u0131 poleni kullan\u0131m\u0131 sayesinde kan bas\u0131nc\u0131n\u0131 \u00e7ok nazik\u00e7e d\u00fc\u015f\u00fcr\u00fcr. Bu do\u011fal ila\u00e7, kardiyovask\u00fcler sistemin \u00f6nemli hastal\u0131klar\u0131n\u0131n tedavisinde m\u00fckemmel sonu\u00e7lar verir, ba\u015f a\u011fr\u0131lar\u0131n\u0131 hafifletir ve ba\u015f d\u00f6nmesini giderir. Ar\u0131 poleni ayn\u0131 zamanda erkek hastal\u0131klar\u0131n\u0131n tedavisi ve \u00f6nlenmesi i\u00e7in de d\u00fcnya \u00e7ap\u0131nda kabul g\u00f6rmektedir.<\/p>\n<p>Her t\u00fcrl\u00fc ameliyattan sonra, ar\u0131 poleni ve ar\u0131 s\u00fct\u00fc kombine edildi\u011finde iyile\u015fme ve doku yenilenmesi daha h\u0131zl\u0131 ger\u00e7ekle\u015fir. \u00c7e\u015fitli hastal\u0131klar\u0131n tedavisinde fitopreparatlar\u0131n uygulanmas\u0131, ar\u0131 poleni bunlar\u0131n etkisini ve etkinli\u011fini art\u0131r\u0131r. Ar\u0131 \u00fcr\u00fcnlerini ar\u0131 poleni ile birle\u015ftiren insanlar kronik ve akut bronkopulmoner hastal\u0131klardan iyile\u015fir.<\/p>\n<p>Kilo vermek umuduyla diyet yapan insanlar, bu s\u0131rada gerekli besinleri, vitaminleri, mineralleri vb. almad\u0131klar\u0131 ger\u00e7e\u011fini her zaman hesaba katmazlar. Bu ba\u011flamda, v\u00fccut patolojik de\u011fi\u015fikliklere u\u011frar. Kas k\u00fctlelerini kaybederler ve sadece &#8220;g\u00fczel&#8221; bir anda hastalanma ve istenen sonucu elde edememe \u015fans\u0131na sahip olurlar. Oru\u00e7, terap\u00f6tik oru\u00e7 veya diyet s\u0131ras\u0131nda ar\u0131 poleni almak, v\u00fccuttaki protein yap\u0131lar\u0131n\u0131n par\u00e7alanmas\u0131n\u0131 \u00f6nler, ancak ayn\u0131 zamanda ya\u011f birikintileri \u00e7ok daha az olur.<\/p>\n<p>1 kaps\u00fcl Ar\u0131 Poleni NRS \u015funlar\u0131 i\u00e7erir: 3.0 mg flavonoid (rutin) (%10 ASP).<\/p>\n<p>Ar\u0131 Poleni NRS ek bir flavonoid kayna\u011f\u0131d\u0131r.<\/p>\n<p>Ar\u0131 poleni NSP, i\u015f\u00e7i bal ar\u0131lar\u0131 taraf\u0131ndan olu\u015fturulan ve nektar ve ar\u0131 t\u00fck\u00fcr\u00fc\u011f\u00fc taraf\u0131ndan bir arada tutulan bir \u00e7i\u00e7ek poleni topudur. Ar\u0131 poleni m\u00fckemmel bir do\u011fal besin \u00fcr\u00fcn\u00fc olarak kabul edilir, 18 amino asit, vitaminler, 46 biyolojik element ve enzimler dahil olmak \u00fczere neredeyse t\u00fcm \u00f6nemli hayati bile\u015fenleri i\u00e7erir.<\/p>\n<p>Toplama s\u0131ras\u0131nda polen ince kabu\u011fundan temizlenir ve alerjenleri n\u00f6tralize eden ve sindirilebilirli\u011fi art\u0131ran gerekli enzimler eklenir. Polen fiziksel dayan\u0131kl\u0131l\u0131\u011f\u0131 art\u0131r\u0131r, ba\u011f\u0131\u015f\u0131kl\u0131k ve sinir sistemlerini destekler ve kalp hastal\u0131\u011f\u0131, kanser ve iltihapl\u0131 eklem rahats\u0131zl\u0131klar\u0131 gibi hastal\u0131klara kar\u015f\u0131 korur. Ar\u0131 poleni t\u00fcketiminin ya\u015flanma s\u00fcrecini yava\u015flatt\u0131\u011f\u0131, cildi gen\u00e7le\u015ftirdi\u011fi ve gen\u00e7lik enerjisini korudu\u011fu d\u00fc\u015f\u00fcn\u00fclmektedir. Ar\u0131 poleni NSP alerjileri ve saman nezlesini azaltabilir. G\u00fcnde 2,5 ila 20 g aras\u0131nda al\u0131nmas\u0131 tavsiye edilir. Ar\u0131 poleni alerjiye neden olmaz. Ancak bal ve propolis gibi ar\u0131 \u00fcr\u00fcnlerine kar\u015f\u0131 a\u015f\u0131r\u0131 duyarl\u0131l\u0131\u011f\u0131 olan ki\u015filer doktora dan\u0131\u015fmal\u0131d\u0131r.<\/p>\n<p><strong data-sanitized-data-mce-fragment=\"1\">\u00dcr\u00fcn kodu: <\/strong><span data-sanitized-data-mce-fragment=\"1\">70 <\/span><strong data-sanitized-data-mce-fragment=\"1\">Kategori <\/strong><span data-sanitized-data-mce-fragment=\"1\">G\u0131da Takviyeleri <\/span><\/p>\n<p><span style=\"text-decoration: underline; color: #496c4f;\"><strong>\u0130\u00e7indekiler<\/strong><\/span><\/p>\n<p style=\"padding-left: 30px;\">Takviye edici g\u0131da Ar\u0131 Poleni; ek flavonoid kayna\u011f\u0131.<\/p>\n<p><strong>\u0130\u00e7erik (1 kaps\u00fcl)<\/strong>: 450 mg ar\u0131 poleni<\/p>\n<p><strong>Inactive Ingredients: <\/strong>gelatine.<\/p>\n<p><span style=\"text-decoration: underline; color: #405c43;\"><strong>Kullan\u0131m<\/strong><\/span><\/p>\n<p style=\"padding-left: 30px;\">Yeti\u015fkinler i\u00e7in, yemekle birlikte g\u00fcnde iki kaps\u00fcl. Kullan\u0131m s\u00fcresi bir ayd\u0131r.<\/p>\n<p><strong>Contraindications:<\/strong> personal intolerance, pregnancy, and lactation.<\/p>\n<\/div>\r\n            <\/div>\r\n        <\/div>\r\n\r\n\n","protected":false},"excerpt":{"rendered":"<ul>\n<li><strong>Ar\u0131 poleni i\u00e7erir.<\/strong><\/li>\n<li><strong>Takviye edici g\u0131dad\u0131r<\/strong><\/li>\n<\/ul>\n","protected":false},"featured_media":8049,"template":"","meta":{"_acf_changed":false},"product_cat":[397],"product_tag":[],"class_list":{"0":"post-8048","1":"product","2":"type-product","3":"status-publish","4":"has-post-thumbnail","6":"product_cat-heath","7":"pa_body-systems-bagisiklik-ve-lenfatik","8":"pa_body-systems-hematopoez","9":"pa_body-systems-metabolizma","10":"pa_body-systems-nervous-tr-2","11":"pa_body-systems-skin-hair-nails-tr-2","12":"pa_body-systems-vision-tr","13":"pa_health-topics-bagisiklik","14":"pa_health-topics-cocuk-sagligi","15":"pa_health-topics-enerji","16":"pa_health-topics-erkek-sagligi","17":"pa_health-topics-goz-sagligi","18":"pa_health-topics-kalp-sagligi","19":"pa_health-topics-mevsimsel-destek","20":"pa_product-categories-adaptogenler","21":"pa_product-categories-enerjik","22":"pa_product-categories-nutrasotikler","23":"pa_product-categories-vitamins-and-minerals-tr","25":"first","26":"instock","27":"sale","28":"shipping-taxable","29":"purchasable","30":"product-type-simple"},"acf":[],"yoast_head":"<!-- This site is optimized with the Yoast SEO plugin v22.3 - https:\/\/yoast.com\/wordpress\/plugins\/seo\/ -->\n<title>Ar\u0131 poleni NSP | Dietary Supplements<\/title>\n<meta name=\"description\" content=\"Ar\u0131 poleni NSP: Fiziksel g\u00fcc\u00fc, dayan\u0131kl\u0131l\u0131\u011f\u0131 ve aktiviteyi art\u0131r\u0131r. Ba\u011f\u0131\u015f\u0131kl\u0131k sistemini normalle\u015ftirir ve anti-alerjik bir etkiye sahiptir.\" \/>\n<meta name=\"robots\" content=\"index, follow, max-snippet:-1, max-image-preview:large, max-video-preview:-1\" \/>\n<link rel=\"canonical\" href=\"https:\/\/nspshop.net\/tr\/urun\/ari-poleni-nsp\/\" \/>\n<meta property=\"og:locale\" content=\"tr_TR\" \/>\n<meta property=\"og:type\" content=\"article\" \/>\n<meta property=\"og:title\" content=\"Ar\u0131 poleni NSP | Dietary Supplements\" \/>\n<meta property=\"og:description\" content=\"Ar\u0131 poleni NSP: Fiziksel g\u00fcc\u00fc, dayan\u0131kl\u0131l\u0131\u011f\u0131 ve aktiviteyi art\u0131r\u0131r. Ba\u011f\u0131\u015f\u0131kl\u0131k sistemini normalle\u015ftirir ve anti-alerjik bir etkiye sahiptir.\" \/>\n<meta property=\"og:url\" content=\"https:\/\/nspshop.net\/tr\/urun\/ari-poleni-nsp\/\" \/>\n<meta property=\"og:site_name\" content=\"Dietary Supplements\" \/>\n<meta property=\"article:modified_time\" content=\"2024-03-31T08:01:11+00:00\" \/>\n<meta property=\"og:image\" content=\"https:\/\/nspshop.net\/wp-content\/uploads\/2023\/06\/Bee_Pollen.webp\" \/>\n\t<meta property=\"og:image:width\" content=\"1080\" \/>\n\t<meta property=\"og:image:height\" content=\"1080\" \/>\n\t<meta property=\"og:image:type\" content=\"image\/webp\" \/>\n<meta name=\"twitter:card\" content=\"summary_large_image\" \/>\n<meta name=\"twitter:label1\" content=\"Tahmini okuma s\u00fcresi\" \/>\n\t<meta name=\"twitter:data1\" content=\"1 dakika\" \/>\n<script type=\"application\/ld+json\" class=\"yoast-schema-graph\">{\"@context\":\"https:\/\/schema.org\",\"@graph\":[{\"@type\":\"WebPage\",\"@id\":\"https:\/\/nspshop.net\/tr\/urun\/ari-poleni-nsp\/\",\"url\":\"https:\/\/nspshop.net\/tr\/urun\/ari-poleni-nsp\/\",\"name\":\"Ar\u0131 poleni NSP | Dietary Supplements\",\"isPartOf\":{\"@id\":\"https:\/\/nspshop.net\/#website\"},\"primaryImageOfPage\":{\"@id\":\"https:\/\/nspshop.net\/tr\/urun\/ari-poleni-nsp\/#primaryimage\"},\"image\":{\"@id\":\"https:\/\/nspshop.net\/tr\/urun\/ari-poleni-nsp\/#primaryimage\"},\"thumbnailUrl\":\"https:\/\/nspshop.net\/wp-content\/uploads\/2023\/06\/Bee_Pollen.webp\",\"datePublished\":\"2023-06-05T05:47:28+00:00\",\"dateModified\":\"2024-03-31T08:01:11+00:00\",\"description\":\"Ar\u0131 poleni NSP: Fiziksel g\u00fcc\u00fc, dayan\u0131kl\u0131l\u0131\u011f\u0131 ve aktiviteyi art\u0131r\u0131r. Ba\u011f\u0131\u015f\u0131kl\u0131k sistemini normalle\u015ftirir ve anti-alerjik bir etkiye sahiptir.\",\"breadcrumb\":{\"@id\":\"https:\/\/nspshop.net\/tr\/urun\/ari-poleni-nsp\/#breadcrumb\"},\"inLanguage\":\"tr\",\"potentialAction\":[{\"@type\":\"ReadAction\",\"target\":[\"https:\/\/nspshop.net\/tr\/urun\/ari-poleni-nsp\/\"]}]},{\"@type\":\"ImageObject\",\"inLanguage\":\"tr\",\"@id\":\"https:\/\/nspshop.net\/tr\/urun\/ari-poleni-nsp\/#primaryimage\",\"url\":\"https:\/\/nspshop.net\/wp-content\/uploads\/2023\/06\/Bee_Pollen.webp\",\"contentUrl\":\"https:\/\/nspshop.net\/wp-content\/uploads\/2023\/06\/Bee_Pollen.webp\",\"width\":1080,\"height\":1080,\"caption\":\"Bee Pollen NSP\"},{\"@type\":\"BreadcrumbList\",\"@id\":\"https:\/\/nspshop.net\/tr\/urun\/ari-poleni-nsp\/#breadcrumb\",\"itemListElement\":[{\"@type\":\"ListItem\",\"position\":1,\"name\":\"\u0413\u043b\u0430\u0432\u043d\u0430\u044f \u0441\u0442\u0440\u0430\u043d\u0438\u0446\u0430\",\"item\":\"https:\/\/nspshop.net\/\"},{\"@type\":\"ListItem\",\"position\":2,\"name\":\"D\u00fckk\u00e2n\",\"item\":\"https:\/\/nspshop.net\/tr\/shop\/\"},{\"@type\":\"ListItem\",\"position\":3,\"name\":\"Ar\u0131 poleni NSP\"}]},{\"@type\":\"WebSite\",\"@id\":\"https:\/\/nspshop.net\/#website\",\"url\":\"https:\/\/nspshop.net\/\",\"name\":\"Dietary Supplements\",\"description\":\"BuyNSP\",\"publisher\":{\"@id\":\"https:\/\/nspshop.net\/#organization\"},\"potentialAction\":[{\"@type\":\"SearchAction\",\"target\":{\"@type\":\"EntryPoint\",\"urlTemplate\":\"https:\/\/nspshop.net\/?s={search_term_string}\"},\"query-input\":\"required name=search_term_string\"}],\"inLanguage\":\"tr\"},{\"@type\":\"Organization\",\"@id\":\"https:\/\/nspshop.net\/#organization\",\"name\":\"Dietary Supplements\",\"alternateName\":\"BuyNSP\",\"url\":\"https:\/\/nspshop.net\/\",\"logo\":{\"@type\":\"ImageObject\",\"inLanguage\":\"tr\",\"@id\":\"https:\/\/nspshop.net\/#\/schema\/logo\/image\/\",\"url\":\"https:\/\/nspshop.net\/wp-content\/uploads\/2023\/06\/cropped-Logo-NSP.png\",\"contentUrl\":\"https:\/\/nspshop.net\/wp-content\/uploads\/2023\/06\/cropped-Logo-NSP.png\",\"width\":512,\"height\":512,\"caption\":\"Dietary Supplements\"},\"image\":{\"@id\":\"https:\/\/nspshop.net\/#\/schema\/logo\/image\/\"}}]}<\/script>\n<!-- \/ Yoast SEO plugin. -->","yoast_head_json":{"title":"Ar\u0131 poleni NSP | Dietary Supplements","description":"Ar\u0131 poleni NSP: Fiziksel g\u00fcc\u00fc, dayan\u0131kl\u0131l\u0131\u011f\u0131 ve aktiviteyi art\u0131r\u0131r. Ba\u011f\u0131\u015f\u0131kl\u0131k sistemini normalle\u015ftirir ve anti-alerjik bir etkiye sahiptir.","robots":{"index":"index","follow":"follow","max-snippet":"max-snippet:-1","max-image-preview":"max-image-preview:large","max-video-preview":"max-video-preview:-1"},"canonical":"https:\/\/nspshop.net\/tr\/urun\/ari-poleni-nsp\/","og_locale":"tr_TR","og_type":"article","og_title":"Ar\u0131 poleni NSP | Dietary Supplements","og_description":"Ar\u0131 poleni NSP: Fiziksel g\u00fcc\u00fc, dayan\u0131kl\u0131l\u0131\u011f\u0131 ve aktiviteyi art\u0131r\u0131r. Ba\u011f\u0131\u015f\u0131kl\u0131k sistemini normalle\u015ftirir ve anti-alerjik bir etkiye sahiptir.","og_url":"https:\/\/nspshop.net\/tr\/urun\/ari-poleni-nsp\/","og_site_name":"Dietary Supplements","article_modified_time":"2024-03-31T08:01:11+00:00","og_image":[{"width":1080,"height":1080,"url":"https:\/\/nspshop.net\/wp-content\/uploads\/2023\/06\/Bee_Pollen.webp","type":"image\/webp"}],"twitter_card":"summary_large_image","twitter_misc":{"Tahmini okuma s\u00fcresi":"1 dakika"},"schema":{"@context":"https:\/\/schema.org","@graph":[{"@type":"WebPage","@id":"https:\/\/nspshop.net\/tr\/urun\/ari-poleni-nsp\/","url":"https:\/\/nspshop.net\/tr\/urun\/ari-poleni-nsp\/","name":"Ar\u0131 poleni NSP | Dietary Supplements","isPartOf":{"@id":"https:\/\/nspshop.net\/#website"},"primaryImageOfPage":{"@id":"https:\/\/nspshop.net\/tr\/urun\/ari-poleni-nsp\/#primaryimage"},"image":{"@id":"https:\/\/nspshop.net\/tr\/urun\/ari-poleni-nsp\/#primaryimage"},"thumbnailUrl":"https:\/\/nspshop.net\/wp-content\/uploads\/2023\/06\/Bee_Pollen.webp","datePublished":"2023-06-05T05:47:28+00:00","dateModified":"2024-03-31T08:01:11+00:00","description":"Ar\u0131 poleni NSP: Fiziksel g\u00fcc\u00fc, dayan\u0131kl\u0131l\u0131\u011f\u0131 ve aktiviteyi art\u0131r\u0131r. Ba\u011f\u0131\u015f\u0131kl\u0131k sistemini normalle\u015ftirir ve anti-alerjik bir etkiye sahiptir.","breadcrumb":{"@id":"https:\/\/nspshop.net\/tr\/urun\/ari-poleni-nsp\/#breadcrumb"},"inLanguage":"tr","potentialAction":[{"@type":"ReadAction","target":["https:\/\/nspshop.net\/tr\/urun\/ari-poleni-nsp\/"]}]},{"@type":"ImageObject","inLanguage":"tr","@id":"https:\/\/nspshop.net\/tr\/urun\/ari-poleni-nsp\/#primaryimage","url":"https:\/\/nspshop.net\/wp-content\/uploads\/2023\/06\/Bee_Pollen.webp","contentUrl":"https:\/\/nspshop.net\/wp-content\/uploads\/2023\/06\/Bee_Pollen.webp","width":1080,"height":1080,"caption":"Bee Pollen NSP"},{"@type":"BreadcrumbList","@id":"https:\/\/nspshop.net\/tr\/urun\/ari-poleni-nsp\/#breadcrumb","itemListElement":[{"@type":"ListItem","position":1,"name":"\u0413\u043b\u0430\u0432\u043d\u0430\u044f \u0441\u0442\u0440\u0430\u043d\u0438\u0446\u0430","item":"https:\/\/nspshop.net\/"},{"@type":"ListItem","position":2,"name":"D\u00fckk\u00e2n","item":"https:\/\/nspshop.net\/tr\/shop\/"},{"@type":"ListItem","position":3,"name":"Ar\u0131 poleni NSP"}]},{"@type":"WebSite","@id":"https:\/\/nspshop.net\/#website","url":"https:\/\/nspshop.net\/","name":"Dietary Supplements","description":"BuyNSP","publisher":{"@id":"https:\/\/nspshop.net\/#organization"},"potentialAction":[{"@type":"SearchAction","target":{"@type":"EntryPoint","urlTemplate":"https:\/\/nspshop.net\/?s={search_term_string}"},"query-input":"required name=search_term_string"}],"inLanguage":"tr"},{"@type":"Organization","@id":"https:\/\/nspshop.net\/#organization","name":"Dietary Supplements","alternateName":"BuyNSP","url":"https:\/\/nspshop.net\/","logo":{"@type":"ImageObject","inLanguage":"tr","@id":"https:\/\/nspshop.net\/#\/schema\/logo\/image\/","url":"https:\/\/nspshop.net\/wp-content\/uploads\/2023\/06\/cropped-Logo-NSP.png","contentUrl":"https:\/\/nspshop.net\/wp-content\/uploads\/2023\/06\/cropped-Logo-NSP.png","width":512,"height":512,"caption":"Dietary Supplements"},"image":{"@id":"https:\/\/nspshop.net\/#\/schema\/logo\/image\/"}}]}},"_links":{"self":[{"href":"https:\/\/nspshop.net\/tr\/wp-json\/wp\/v2\/product\/8048","targetHints":{"allow":["GET"]}}],"collection":[{"href":"https:\/\/nspshop.net\/tr\/wp-json\/wp\/v2\/product"}],"about":[{"href":"https:\/\/nspshop.net\/tr\/wp-json\/wp\/v2\/types\/product"}],"wp:featuredmedia":[{"embeddable":true,"href":"https:\/\/nspshop.net\/tr\/wp-json\/wp\/v2\/media\/8049"}],"wp:attachment":[{"href":"https:\/\/nspshop.net\/tr\/wp-json\/wp\/v2\/media?parent=8048"}],"wp:term":[{"taxonomy":"product_cat","embeddable":true,"href":"https:\/\/nspshop.net\/tr\/wp-json\/wp\/v2\/product_cat?post=8048"},{"taxonomy":"product_tag","embeddable":true,"href":"https:\/\/nspshop.net\/tr\/wp-json\/wp\/v2\/product_tag?post=8048"}],"curies":[{"name":"wp","href":"https:\/\/api.w.org\/{rel}","templated":true}]}}