{"id":8050,"date":"2023-06-05T08:35:52","date_gmt":"2023-06-05T05:35:52","guid":{"rendered":"https:\/\/nspshop.net\/product\/kirmizi-yonca-nsp\/"},"modified":"2024-03-31T11:02:06","modified_gmt":"2024-03-31T08:02:06","slug":"kirmizi-yonca-nsp","status":"publish","type":"product","link":"https:\/\/nspshop.net\/tr\/urun\/kirmizi-yonca-nsp\/","title":{"rendered":"K\u0131rm\u0131z\u0131 yonca NSP"},"content":{"rendered":"\r\n        <div class=\"med_worker_introduce_text \">\r\n\r\n            Bu b\u00f6l\u00fcm sadece <span class=\"med_anchor_link\"> <b>Sa\u011fl\u0131k profesyonelleri<\/b> i\u00e7indir<\/span>\r\n\r\n        <\/div>\r\n\r\n        <div class=\"med_worker_popup_wrapper hide\" style=\"background-color: rgba(10,10,10,0.3)\">\r\n            <div class=\"med_worker_popup\" style=\"width:1024px; height:600px;background-color:#ffffff; border-radius: 10px;\">\r\n                <div class=\"med_worker_confirmation\">\r\n                    <span style=\"font-size: 20px\">\r\n                        Sa\u011fl\u0131k profesyoneli misiniz?                    <\/span>\r\n                    <div class=\"med_worker_buttons\">\r\n                        <a href=\"\" class=\"confirm\" style=\"background-color:#0d594e; color: #ffffff;\">Evet<\/a>\r\n                        <a href=\"\" class=\"reject\" style=\"background-color:#bc2b2b; color: #0a0a0a;\">Hay\u0131r<\/a>\r\n                    <\/div>\r\n                <\/div>\r\n                <div class=\"med_worker_decription hide\"><h1>K\u0131rm\u0131z\u0131 yonca NSP<\/h1>\n<p>K\u0131rm\u0131z\u0131 yonca nsp veya maun, k\u0131rm\u0131z\u0131 lapa, trinity baklagiller familyas\u0131ndan \u00e7ok y\u0131ll\u0131k bir bitkidir. Ukrayna&#8217;n\u0131n K\u0131rm\u0131z\u0131 Kitab\u0131&#8217;nda listelenmi\u015ftir. Cinsinin bilimsel ad\u0131 trefoil&#8217;dir. Bu isim Vaftizci Aziz John&#8217;dan beri \u0130rlanda&#8217;n\u0131n sembol\u00fc olarak kabul edilmektedir. Patrick. Bazen d\u00f6rt hatta be\u015f yaprakl\u0131 \u00e7i\u00e7ekler vard\u0131r. D\u00f6rt yaprakl\u0131 yonca geleneksel olarak iyi \u015fans\u0131n sembol\u00fc olarak kabul edilirken, be\u015f yaprakl\u0131 yonca \u00e7i\u00e7e\u011fi zenginlik getirir ve k\u00f6t\u00fc ruhlar\u0131 uzakla\u015ft\u0131r\u0131r.<\/p>\n<p>Bu bitkinin faydal\u0131 nitelikleri sadece t\u0131pta kullan\u0131lmamaktad\u0131r. Yonca k\u00f6klerindeki bakteriler azotu hapsedebilir. Bu nedenle, yoncan\u0131n yeti\u015fti\u011fi veya b\u00fcy\u00fcd\u00fc\u011f\u00fc topraklar azot i\u00e7erir ve bu nedenle ye\u015fil g\u00fcbre olarak adland\u0131r\u0131l\u0131r. Yonca tarlalar\u0131nda yeti\u015ftirilir, buradan \u00e7ay\u0131rlarda ve yol kenarlar\u0131nda filizlenir. B\u00fct\u00fcn yaz boyunca \u00e7i\u00e7ek a\u00e7ar. K\u0131rm\u0131z\u0131 lapan\u0131n en iyi bal \u00f6z\u00fc oldu\u011funu belirtmek gerekir. Yonca bal\u0131 \u015feffaft\u0131r, narin bir aromas\u0131 ve ho\u015f bir tad\u0131 vard\u0131r.<\/p>\n<p>T\u0131bbi bir ila\u00e7 olarak k\u0131rm\u0131z\u0131 yonca, antik \u00c7in ve Amerika t\u0131bb\u0131nda kullan\u0131lmaya ba\u015fland\u0131. Y\u00fczy\u0131llard\u0131r kullan\u0131m\u0131, karaci\u011fer, safra kesesi, gastrointestinal sistem hastal\u0131klar\u0131n\u0131n tedavisinde etkinli\u011fini do\u011frulam\u0131\u015ft\u0131r.<\/p>\n<p>K\u0131rm\u0131z\u0131 yonca \u00e7i\u00e7ekleri karotenoidler, A, C, P, E, K vitaminleri, salisilik asit, flavonoidler, u\u00e7ucu ya\u011flar, trifolizin (antifungal bir madde) ve v\u00fccudun d\u00fczg\u00fcn \u00e7al\u0131\u015fmas\u0131 i\u00e7in gerekli bir\u00e7ok eser element i\u00e7erir. Bitki uzmanlar\u0131 yoncay\u0131 t\u00fckenmez bir kalsiyum, demir, krom, fosfor, magnezyum ve bak\u0131r kayna\u011f\u0131 olarak bilirler. Bu faydal\u0131 maddeler nedeniyle bitki en iyi kan temizleyici stat\u00fcs\u00fcn\u00fc kazanm\u0131\u015ft\u0131r.<\/p>\n<p>T\u0131p, yoncan\u0131n sadece \u00e7aylarda, kaynatmalarda ve ila\u00e7larda kullan\u0131lmas\u0131n\u0131 \u00f6nermez. \u0130nf\u00fczyon bitkisi ve taze meyve suyu losyonlar\u0131, kanamay\u0131 durdurmak ve h\u0131zl\u0131 iyile\u015fme sa\u011flamak i\u00e7in yaralara, yan\u0131klara ve \u00e7\u0131banlara uygulanabilir. Romatizmal a\u011fr\u0131lar, t\u0131rnak yata\u011f\u0131 ve parmak enfeksiyonlar\u0131, kulak ve g\u00f6z iltihaplar\u0131 i\u00e7in yayg\u0131n olarak kullan\u0131l\u0131r. \u00dc\u00e7l\u00fcn\u00fcn banyo ila\u00e7lar\u0131n\u0131n bile\u015fimine dahil edilmesi tavsiye edilir.<\/p>\n<p>K\u0131rm\u0131z\u0131 k\u00f6k 30&#8217;dan fazla \u00fclkede kanser tedavisine yard\u0131mc\u0131 bir ila\u00e7 olarak bilinmektedir. Doktorlar bu onkoprotekt\u00f6r\u00fc yumurtal\u0131k, meme kanseri i\u00e7in aktif olarak \u00f6nermektedir.<\/p>\n<p>Ayr\u0131ca, yonca anti-enfektif \u00f6zellikleriyle bilinir. Bitkinin \u00f6z\u00fcndeki aktif maddeler monon\u00fckleoz ve hepatit gibi hastal\u0131klarla etkili bir \u015fekilde m\u00fccadele eder. K\u0131rm\u0131z\u0131 yonca \u00e7i\u00e7eklerinin \u00f6ks\u00fcr\u00fck \u00f6nleyici \u00f6zellikleri de yayg\u0131n olarak bilinir, bron\u015fit i\u00e7in nekahet d\u00f6neminde, so\u011fuk alg\u0131nl\u0131\u011f\u0131 ve ba\u011f\u0131\u015f\u0131kl\u0131k bozuklu\u011fu, cilt iltihaplar\u0131, \u00e7ocuk egzamas\u0131, sedef hastal\u0131\u011f\u0131 ve artrit i\u00e7in balgam s\u00f6kt\u00fcr\u00fcc\u00fc olarak re\u00e7ete edilir.<\/p>\n<p>Menopoz semptomlar\u0131n\u0131 hafifletme arac\u0131 olarak kad\u0131nlar i\u00e7in vazge\u00e7ilmezdir (bile\u015fimindeki baz\u0131 maddeler \u00f6strojen g\u00f6revi g\u00f6r\u00fcr). Uterus atonisinde etkilidir. Emzirmeyi art\u0131rmak i\u00e7in kullan\u0131l\u0131r. V\u00fccutta durgun s\u0131v\u0131 bulunan adet \u00f6ncesi sendrom i\u00e7in \u00f6nerilir. G\u00fc\u00e7 kayb\u0131 i\u00e7in faydal\u0131d\u0131r.<\/p>\n<p>Yukar\u0131dakilere ek olarak, k\u0131rm\u0131z\u0131 yoncan\u0131n di\u00fcretik, antiseptik, yumu\u015fat\u0131c\u0131, choleretic, diaphoretic, anti-inflamatuar, damar geni\u015fletici, styptic, analjezik, anti-t\u00fcm\u00f6r \u00f6zelliklerinden de bahsetmeye de\u011fer.<\/p>\n<p>K\u0131rm\u0131z\u0131 yonca, gastrik ve torasik toplant\u0131larda olmazsa olmaz bir bile\u015fendir. Kan kolesterol seviyelerinin d\u00fczenleyicisidir ve bu nedenle aterosklerozun \u00f6nlenmesi ve tedavisi i\u00e7in endikedir. Kan p\u0131ht\u0131la\u015fmas\u0131n\u0131 azalt\u0131r, a\u011f\u0131r metal tuzlar\u0131n\u0131 v\u00fccuttan uzakla\u015ft\u0131r\u0131r. Bitkilerin ba\u011f\u0131rsaklar da dahil olmak \u00fczere mukoza zarlar\u0131 \u00fczerindeki yararl\u0131 etkisi, ishal tedavisinde tavsiye etmenizi sa\u011flar.<\/p>\n<p>Bu ve di\u011fer bir\u00e7ok hastal\u0131\u011f\u0131n \u00f6nlenmesi ve tedavisi i\u00e7in Natures Sunshine e\u015fsiz bir besin takviyesi olan K\u0131rm\u0131z\u0131 Yonca&#8217;y\u0131 geli\u015ftirmi\u015ftir. \u00dcst ve alt solunum yollar\u0131n\u0131n viral enfeksiyonlar\u0131 olan \u00e7ocuklar da dahil olmak \u00fczere her ya\u015ftan insan taraf\u0131ndan kullan\u0131lmas\u0131 \u00f6nerilir: trakeit, bron\u015fit, bron\u015fiyal ast\u0131m, akci\u011fer hastal\u0131klar\u0131, t\u00fcberk\u00fcloz, so\u011fuk alg\u0131nl\u0131\u011f\u0131, ba\u011f\u0131\u015f\u0131kl\u0131\u011f\u0131n zay\u0131flad\u0131\u011f\u0131 d\u00f6nemlerde imm\u00fcnomod\u00fclat\u00f6r olarak, g\u00fc\u00e7 kayb\u0131, anemi, iltihapl\u0131 cilt hastal\u0131klar\u0131, romatizma, \u00e7ocukluk \u00e7a\u011f\u0131 ra\u015fitizmi.<\/p>\n<p>NSP K\u0131rm\u0131z\u0131 yonca kan\u0131n ve lenflerin temizlenmesi, zararl\u0131 maddelerin v\u00fccuttan at\u0131lmas\u0131, karaci\u011ferin detoksifikasyonu ve ba\u011f\u0131rsak aktivitesinin normalle\u015ftirilmesi i\u00e7in tavsiye edilir.<\/p>\n<p><strong> \u00dcr\u00fcn kodu<\/strong>: <span data-sanitized-data-mce-fragment=\"1\">550 <\/span><strong>Kategori <\/strong>: G\u0131da Takviyeleri <strong>Se\u00e7ilen \u00fcr\u00fcnler: <\/strong>\u015eimdi stokta<\/p>\n<p><span style=\"text-decoration: underline; color: #4b6850;\"><strong>\u0130\u00e7indekiler<\/strong><\/span><\/p>\n<p style=\"padding-left: 30px;\">\u0130\u00e7erik (1 kaps\u00fcl): k\u0131rm\u0131z\u0131 yonca \u00e7i\u00e7e\u011fi (Trifolium pratense) &#8211; 320 mg.<br data-sanitized-data-mce-fragment=\"1\" \/><br data-sanitized-data-mce-fragment=\"1\" \/>Aktif Olmayan \u0130\u00e7erikler: sel\u00fcloz, magnezyum stearat ve jelatin.<\/p>\n<p><strong>Kullan\u0131m<\/strong><\/p>\n<p style=\"padding-left: 30px;\">Yeti\u015fkinler i\u00e7in g\u00fcnde \u00fc\u00e7 kez yemeklerle birlikte iki kaps\u00fcl. Kullan\u0131m s\u00fcresi iki haftad\u0131r. Gerekirse kullan\u0131m tekrarlanabilir.<\/p>\n<p>Kontrendikasyonlar: ki\u015fisel intolerans, hamilelik ve emzirme.<\/p>\n<\/div>\r\n            <\/div>\r\n        <\/div>\r\n\r\n\n","protected":false},"excerpt":{"rendered":"<ul>\n<li>K\u0131rm\u0131z\u0131 yonca \u00e7i\u00e7ekleri i\u00e7erir<\/li>\n<li>Takviye edici g\u0131dad\u0131r<\/li>\n<\/ul>\n","protected":false},"featured_media":7989,"template":"","meta":{"_acf_changed":false},"product_cat":[397],"product_tag":[],"class_list":{"0":"post-8050","1":"product","2":"type-product","3":"status-publish","4":"has-post-thumbnail","6":"product_cat-heath","7":"pa_body-systems-bagisiklik-ve-lenfatik","8":"pa_body-systems-endokrin-tr","9":"pa_body-systems-hematopoez","10":"pa_body-systems-kadin-ureme","11":"pa_body-systems-skin-hair-nails-tr-2","12":"pa_body-systems-solunum","13":"pa_health-topics-bagisiklik","14":"pa_health-topics-cocuk-sagligi","15":"pa_health-topics-detoks-ve-arinma","16":"pa_health-topics-enflamasyon-ve-agri","17":"pa_health-topics-sac-cilt-tirnaklar","18":"pa_product-categories-anti-alerjenik","19":"pa_product-categories-estrojen-progesteron","20":"pa_product-categories-parafarmasotikler","22":"first","23":"instock","24":"sale","25":"shipping-taxable","26":"purchasable","27":"product-type-simple"},"acf":[],"yoast_head":"<!-- This site is optimized with the Yoast SEO plugin v22.3 - https:\/\/yoast.com\/wordpress\/plugins\/seo\/ -->\n<title>K\u0131rm\u0131z\u0131 yonca NSP | Dietary Supplements<\/title>\n<meta name=\"description\" content=\"K\u0131rm\u0131z\u0131 yonca NSP: V\u00fccudu toksik kimyasallardan korur. Kan, lenf ve cildin ar\u0131nd\u0131r\u0131lmas\u0131. Ba\u011f\u0131\u015f\u0131kl\u0131\u011f\u0131n iyile\u015ftirilmesi. Diyetin dengelenmesinde yard\u0131m.\" \/>\n<meta name=\"robots\" content=\"index, follow, max-snippet:-1, max-image-preview:large, max-video-preview:-1\" \/>\n<link rel=\"canonical\" href=\"https:\/\/nspshop.net\/tr\/urun\/kirmizi-yonca-nsp\/\" \/>\n<meta property=\"og:locale\" content=\"tr_TR\" \/>\n<meta property=\"og:type\" content=\"article\" \/>\n<meta property=\"og:title\" content=\"K\u0131rm\u0131z\u0131 yonca NSP | Dietary Supplements\" \/>\n<meta property=\"og:description\" content=\"K\u0131rm\u0131z\u0131 yonca NSP: V\u00fccudu toksik kimyasallardan korur. Kan, lenf ve cildin ar\u0131nd\u0131r\u0131lmas\u0131. Ba\u011f\u0131\u015f\u0131kl\u0131\u011f\u0131n iyile\u015ftirilmesi. Diyetin dengelenmesinde yard\u0131m.\" \/>\n<meta property=\"og:url\" content=\"https:\/\/nspshop.net\/tr\/urun\/kirmizi-yonca-nsp\/\" \/>\n<meta property=\"og:site_name\" content=\"Dietary Supplements\" \/>\n<meta property=\"article:modified_time\" content=\"2024-03-31T08:02:06+00:00\" \/>\n<meta property=\"og:image\" content=\"https:\/\/nspshop.net\/wp-content\/uploads\/2023\/06\/Red_clover.webp\" \/>\n\t<meta property=\"og:image:width\" content=\"1080\" \/>\n\t<meta property=\"og:image:height\" content=\"1080\" \/>\n\t<meta property=\"og:image:type\" content=\"image\/webp\" \/>\n<meta name=\"twitter:card\" content=\"summary_large_image\" \/>\n<meta name=\"twitter:label1\" content=\"Tahmini okuma s\u00fcresi\" \/>\n\t<meta name=\"twitter:data1\" content=\"1 dakika\" \/>\n<script type=\"application\/ld+json\" class=\"yoast-schema-graph\">{\"@context\":\"https:\/\/schema.org\",\"@graph\":[{\"@type\":\"WebPage\",\"@id\":\"https:\/\/nspshop.net\/tr\/urun\/kirmizi-yonca-nsp\/\",\"url\":\"https:\/\/nspshop.net\/tr\/urun\/kirmizi-yonca-nsp\/\",\"name\":\"K\u0131rm\u0131z\u0131 yonca NSP | Dietary Supplements\",\"isPartOf\":{\"@id\":\"https:\/\/nspshop.net\/#website\"},\"primaryImageOfPage\":{\"@id\":\"https:\/\/nspshop.net\/tr\/urun\/kirmizi-yonca-nsp\/#primaryimage\"},\"image\":{\"@id\":\"https:\/\/nspshop.net\/tr\/urun\/kirmizi-yonca-nsp\/#primaryimage\"},\"thumbnailUrl\":\"https:\/\/nspshop.net\/wp-content\/uploads\/2023\/06\/Red_clover.webp\",\"datePublished\":\"2023-06-05T05:35:52+00:00\",\"dateModified\":\"2024-03-31T08:02:06+00:00\",\"description\":\"K\u0131rm\u0131z\u0131 yonca NSP: V\u00fccudu toksik kimyasallardan korur. Kan, lenf ve cildin ar\u0131nd\u0131r\u0131lmas\u0131. Ba\u011f\u0131\u015f\u0131kl\u0131\u011f\u0131n iyile\u015ftirilmesi. Diyetin dengelenmesinde yard\u0131m.\",\"breadcrumb\":{\"@id\":\"https:\/\/nspshop.net\/tr\/urun\/kirmizi-yonca-nsp\/#breadcrumb\"},\"inLanguage\":\"tr\",\"potentialAction\":[{\"@type\":\"ReadAction\",\"target\":[\"https:\/\/nspshop.net\/tr\/urun\/kirmizi-yonca-nsp\/\"]}]},{\"@type\":\"ImageObject\",\"inLanguage\":\"tr\",\"@id\":\"https:\/\/nspshop.net\/tr\/urun\/kirmizi-yonca-nsp\/#primaryimage\",\"url\":\"https:\/\/nspshop.net\/wp-content\/uploads\/2023\/06\/Red_clover.webp\",\"contentUrl\":\"https:\/\/nspshop.net\/wp-content\/uploads\/2023\/06\/Red_clover.webp\",\"width\":1080,\"height\":1080,\"caption\":\"Red clover NSP\"},{\"@type\":\"BreadcrumbList\",\"@id\":\"https:\/\/nspshop.net\/tr\/urun\/kirmizi-yonca-nsp\/#breadcrumb\",\"itemListElement\":[{\"@type\":\"ListItem\",\"position\":1,\"name\":\"\u0413\u043b\u0430\u0432\u043d\u0430\u044f \u0441\u0442\u0440\u0430\u043d\u0438\u0446\u0430\",\"item\":\"https:\/\/nspshop.net\/\"},{\"@type\":\"ListItem\",\"position\":2,\"name\":\"D\u00fckk\u00e2n\",\"item\":\"https:\/\/nspshop.net\/tr\/shop\/\"},{\"@type\":\"ListItem\",\"position\":3,\"name\":\"K\u0131rm\u0131z\u0131 yonca NSP\"}]},{\"@type\":\"WebSite\",\"@id\":\"https:\/\/nspshop.net\/#website\",\"url\":\"https:\/\/nspshop.net\/\",\"name\":\"Dietary Supplements\",\"description\":\"BuyNSP\",\"publisher\":{\"@id\":\"https:\/\/nspshop.net\/#organization\"},\"potentialAction\":[{\"@type\":\"SearchAction\",\"target\":{\"@type\":\"EntryPoint\",\"urlTemplate\":\"https:\/\/nspshop.net\/?s={search_term_string}\"},\"query-input\":\"required name=search_term_string\"}],\"inLanguage\":\"tr\"},{\"@type\":\"Organization\",\"@id\":\"https:\/\/nspshop.net\/#organization\",\"name\":\"Dietary Supplements\",\"alternateName\":\"BuyNSP\",\"url\":\"https:\/\/nspshop.net\/\",\"logo\":{\"@type\":\"ImageObject\",\"inLanguage\":\"tr\",\"@id\":\"https:\/\/nspshop.net\/#\/schema\/logo\/image\/\",\"url\":\"https:\/\/nspshop.net\/wp-content\/uploads\/2023\/06\/cropped-Logo-NSP.png\",\"contentUrl\":\"https:\/\/nspshop.net\/wp-content\/uploads\/2023\/06\/cropped-Logo-NSP.png\",\"width\":512,\"height\":512,\"caption\":\"Dietary Supplements\"},\"image\":{\"@id\":\"https:\/\/nspshop.net\/#\/schema\/logo\/image\/\"}}]}<\/script>\n<!-- \/ Yoast SEO plugin. -->","yoast_head_json":{"title":"K\u0131rm\u0131z\u0131 yonca NSP | Dietary Supplements","description":"K\u0131rm\u0131z\u0131 yonca NSP: V\u00fccudu toksik kimyasallardan korur. Kan, lenf ve cildin ar\u0131nd\u0131r\u0131lmas\u0131. Ba\u011f\u0131\u015f\u0131kl\u0131\u011f\u0131n iyile\u015ftirilmesi. Diyetin dengelenmesinde yard\u0131m.","robots":{"index":"index","follow":"follow","max-snippet":"max-snippet:-1","max-image-preview":"max-image-preview:large","max-video-preview":"max-video-preview:-1"},"canonical":"https:\/\/nspshop.net\/tr\/urun\/kirmizi-yonca-nsp\/","og_locale":"tr_TR","og_type":"article","og_title":"K\u0131rm\u0131z\u0131 yonca NSP | Dietary Supplements","og_description":"K\u0131rm\u0131z\u0131 yonca NSP: V\u00fccudu toksik kimyasallardan korur. Kan, lenf ve cildin ar\u0131nd\u0131r\u0131lmas\u0131. Ba\u011f\u0131\u015f\u0131kl\u0131\u011f\u0131n iyile\u015ftirilmesi. Diyetin dengelenmesinde yard\u0131m.","og_url":"https:\/\/nspshop.net\/tr\/urun\/kirmizi-yonca-nsp\/","og_site_name":"Dietary Supplements","article_modified_time":"2024-03-31T08:02:06+00:00","og_image":[{"width":1080,"height":1080,"url":"https:\/\/nspshop.net\/wp-content\/uploads\/2023\/06\/Red_clover.webp","type":"image\/webp"}],"twitter_card":"summary_large_image","twitter_misc":{"Tahmini okuma s\u00fcresi":"1 dakika"},"schema":{"@context":"https:\/\/schema.org","@graph":[{"@type":"WebPage","@id":"https:\/\/nspshop.net\/tr\/urun\/kirmizi-yonca-nsp\/","url":"https:\/\/nspshop.net\/tr\/urun\/kirmizi-yonca-nsp\/","name":"K\u0131rm\u0131z\u0131 yonca NSP | Dietary Supplements","isPartOf":{"@id":"https:\/\/nspshop.net\/#website"},"primaryImageOfPage":{"@id":"https:\/\/nspshop.net\/tr\/urun\/kirmizi-yonca-nsp\/#primaryimage"},"image":{"@id":"https:\/\/nspshop.net\/tr\/urun\/kirmizi-yonca-nsp\/#primaryimage"},"thumbnailUrl":"https:\/\/nspshop.net\/wp-content\/uploads\/2023\/06\/Red_clover.webp","datePublished":"2023-06-05T05:35:52+00:00","dateModified":"2024-03-31T08:02:06+00:00","description":"K\u0131rm\u0131z\u0131 yonca NSP: V\u00fccudu toksik kimyasallardan korur. Kan, lenf ve cildin ar\u0131nd\u0131r\u0131lmas\u0131. Ba\u011f\u0131\u015f\u0131kl\u0131\u011f\u0131n iyile\u015ftirilmesi. Diyetin dengelenmesinde yard\u0131m.","breadcrumb":{"@id":"https:\/\/nspshop.net\/tr\/urun\/kirmizi-yonca-nsp\/#breadcrumb"},"inLanguage":"tr","potentialAction":[{"@type":"ReadAction","target":["https:\/\/nspshop.net\/tr\/urun\/kirmizi-yonca-nsp\/"]}]},{"@type":"ImageObject","inLanguage":"tr","@id":"https:\/\/nspshop.net\/tr\/urun\/kirmizi-yonca-nsp\/#primaryimage","url":"https:\/\/nspshop.net\/wp-content\/uploads\/2023\/06\/Red_clover.webp","contentUrl":"https:\/\/nspshop.net\/wp-content\/uploads\/2023\/06\/Red_clover.webp","width":1080,"height":1080,"caption":"Red clover NSP"},{"@type":"BreadcrumbList","@id":"https:\/\/nspshop.net\/tr\/urun\/kirmizi-yonca-nsp\/#breadcrumb","itemListElement":[{"@type":"ListItem","position":1,"name":"\u0413\u043b\u0430\u0432\u043d\u0430\u044f \u0441\u0442\u0440\u0430\u043d\u0438\u0446\u0430","item":"https:\/\/nspshop.net\/"},{"@type":"ListItem","position":2,"name":"D\u00fckk\u00e2n","item":"https:\/\/nspshop.net\/tr\/shop\/"},{"@type":"ListItem","position":3,"name":"K\u0131rm\u0131z\u0131 yonca NSP"}]},{"@type":"WebSite","@id":"https:\/\/nspshop.net\/#website","url":"https:\/\/nspshop.net\/","name":"Dietary Supplements","description":"BuyNSP","publisher":{"@id":"https:\/\/nspshop.net\/#organization"},"potentialAction":[{"@type":"SearchAction","target":{"@type":"EntryPoint","urlTemplate":"https:\/\/nspshop.net\/?s={search_term_string}"},"query-input":"required name=search_term_string"}],"inLanguage":"tr"},{"@type":"Organization","@id":"https:\/\/nspshop.net\/#organization","name":"Dietary Supplements","alternateName":"BuyNSP","url":"https:\/\/nspshop.net\/","logo":{"@type":"ImageObject","inLanguage":"tr","@id":"https:\/\/nspshop.net\/#\/schema\/logo\/image\/","url":"https:\/\/nspshop.net\/wp-content\/uploads\/2023\/06\/cropped-Logo-NSP.png","contentUrl":"https:\/\/nspshop.net\/wp-content\/uploads\/2023\/06\/cropped-Logo-NSP.png","width":512,"height":512,"caption":"Dietary Supplements"},"image":{"@id":"https:\/\/nspshop.net\/#\/schema\/logo\/image\/"}}]}},"_links":{"self":[{"href":"https:\/\/nspshop.net\/tr\/wp-json\/wp\/v2\/product\/8050","targetHints":{"allow":["GET"]}}],"collection":[{"href":"https:\/\/nspshop.net\/tr\/wp-json\/wp\/v2\/product"}],"about":[{"href":"https:\/\/nspshop.net\/tr\/wp-json\/wp\/v2\/types\/product"}],"wp:featuredmedia":[{"embeddable":true,"href":"https:\/\/nspshop.net\/tr\/wp-json\/wp\/v2\/media\/7989"}],"wp:attachment":[{"href":"https:\/\/nspshop.net\/tr\/wp-json\/wp\/v2\/media?parent=8050"}],"wp:term":[{"taxonomy":"product_cat","embeddable":true,"href":"https:\/\/nspshop.net\/tr\/wp-json\/wp\/v2\/product_cat?post=8050"},{"taxonomy":"product_tag","embeddable":true,"href":"https:\/\/nspshop.net\/tr\/wp-json\/wp\/v2\/product_tag?post=8050"}],"curies":[{"name":"wp","href":"https:\/\/api.w.org\/{rel}","templated":true}]}}