{"id":8051,"date":"2023-06-04T19:24:31","date_gmt":"2023-06-04T16:24:31","guid":{"rendered":"https:\/\/nspshop.net\/product\/lesitin-nsp\/"},"modified":"2024-03-31T11:11:53","modified_gmt":"2024-03-31T08:11:53","slug":"lesitin-nsp","status":"publish","type":"product","link":"https:\/\/nspshop.net\/tr\/urun\/lesitin-nsp\/","title":{"rendered":"Lesitin NSP"},"content":{"rendered":"\r\n        <div class=\"med_worker_introduce_text \">\r\n\r\n            Bu b\u00f6l\u00fcm sadece <span class=\"med_anchor_link\"> <b>Sa\u011fl\u0131k profesyonelleri<\/b> i\u00e7indir<\/span>\r\n\r\n        <\/div>\r\n\r\n        <div class=\"med_worker_popup_wrapper hide\" style=\"background-color: rgba(10,10,10,0.3)\">\r\n            <div class=\"med_worker_popup\" style=\"width:1024px; height:600px;background-color:#ffffff; border-radius: 10px;\">\r\n                <div class=\"med_worker_confirmation\">\r\n                    <span style=\"font-size: 20px\">\r\n                        Sa\u011fl\u0131k profesyoneli misiniz?                    <\/span>\r\n                    <div class=\"med_worker_buttons\">\r\n                        <a href=\"\" class=\"confirm\" style=\"background-color:#0d594e; color: #ffffff;\">Evet<\/a>\r\n                        <a href=\"\" class=\"reject\" style=\"background-color:#bc2b2b; color: #0a0a0a;\">Hay\u0131r<\/a>\r\n                    <\/div>\r\n                <\/div>\r\n                <div class=\"med_worker_decription hide\"><h1>Lesitin NSP<\/h1>\n<p>Lesitin NSP v\u00fccutta hayati bir rol oynar, besinleri ve vitaminleri t\u00fcm h\u00fccrelere ve dokulara iletir ve beyin ve sinir sisteminin d\u00fczg\u00fcn \u00e7al\u0131\u015fmas\u0131n\u0131 sa\u011flar. Karaci\u011ferin \u00bd&#8217;si ve beyin ve omurili\u011fin koruyucu dokular\u0131n\u0131n %30&#8217;u lesitinden olu\u015fur. Hasarl\u0131 h\u00fccrelerin yenilenmesi de lesitinin do\u011frudan kat\u0131l\u0131m\u0131yla ger\u00e7ekle\u015fir. Sinirler, insan v\u00fccudu boyunca uzanan \u00e7ok say\u0131da elektrik teline benzetilebilir. Lesitin ise bu &#8220;tellerin&#8221; yal\u0131t\u0131m\u0131d\u0131r.<\/p>\n<p>B\u00f6ylece, lesitin eksikli\u011finde &#8220;yal\u0131t\u0131m\u0131n bozulmas\u0131&#8221; s\u00f6z konusu olur. Sonu\u00e7 olarak, ki\u015fi artan sinirlilik, uykusuzluk, haf\u0131za bozulmas\u0131 ve dikkat zay\u0131flamas\u0131 ya\u015famaya ba\u015flar, bu da sinirsel t\u00fckenme ve depresyona yol a\u00e7ar.<\/p>\n<p>Bu nedenle lesitin, nevrit, nevroz, multipl skleroz, Alzheimer hastal\u0131\u011f\u0131 ve Parkinson hastal\u0131\u011f\u0131 gibi hastal\u0131klar i\u00e7in ilk basamak ila\u00e7lar listesinde yer almaktad\u0131r. Lesitin ayr\u0131ca sinir sisteminin travmatik ve enfeksiy\u00f6z lezyonlar\u0131n\u0131n yan\u0131 s\u0131ra zihinsel ve fiziksel a\u015f\u0131r\u0131 y\u00fcklenme i\u00e7in de re\u00e7ete edilir.<\/p>\n<p>Son y\u0131llarda lesitinin fel\u00e7 sonucu kaybedilen motor ve zihinsel fonksiyonlar\u0131n geri kazan\u0131lmas\u0131nda olumlu bir etkisi oldu\u011fu g\u00f6sterilmi\u015ftir.<\/p>\n<p>Lesitinin en b\u00fcy\u00fck y\u00fczdesi kalpte bulunur. Lesitin ayn\u0131 zamanda kolesterol antagonisti olarak da adland\u0131r\u0131l\u0131r \u00e7\u00fcnk\u00fc sadece kan damarlar\u0131n\u0131n duvarlar\u0131nda kolesterol birikimini \u00f6nlemekle kalmaz, ayn\u0131 zamanda kandaki hemoglobin seviyelerini de artt\u0131r\u0131r.<\/p>\n<p>Ayr\u0131ca kalp i\u00e7in \u00e7ok \u00f6nemli bir besin olan karnitin seviyesini d\u00fczenler. Lesitin ayr\u0131ca kan ak\u0131\u015f\u0131n\u0131 iyile\u015ftirir ve kandaki ya\u011f asitleri konsantrasyonunu azalt\u0131r. D\u00fczenli lesitin al\u0131m\u0131 ateroskleroz, koroner kalp hastal\u0131\u011f\u0131 ve kalp krizini en iyi \u015fekilde \u00f6nler. Lesitin takviyeleri ayr\u0131ca kardiyomiyopati, anemi, kalp yetmezli\u011fi tedavisinde ve kalp krizi sonras\u0131 iyile\u015fme d\u00f6neminde de re\u00e7ete edilir.<\/p>\n<p>\u0130yi bir antioksidan aktivite sergileyen lesitin, serbest radikallerin zararl\u0131 etkilerini \u00f6nler ve lenfosit ve makrofaj olu\u015fumunu ve antikor \u00fcretimini aktive ederek ba\u011f\u0131\u015f\u0131kl\u0131k sistemini geli\u015ftirir. Lesitin varl\u0131\u011f\u0131nda v\u00fccutta enerji metabolizmas\u0131 s\u00fcre\u00e7leri de ger\u00e7ekle\u015fir.<\/p>\n<p>Lesitinin karaci\u011ferdeki \u00f6nemli bir i\u015flevi: lipid metabolizmas\u0131n\u0131 iyile\u015ftiren, hepatositlerin safla\u015ft\u0131r\u0131lmas\u0131n\u0131 destekleyen ve ya\u011fl\u0131 dejenerasyonlar\u0131n\u0131 \u00f6nleyen karaci\u011fer h\u00fccrelerinden ya\u011f ta\u015f\u0131nmas\u0131nda rol oynar. Lesitin ayr\u0131ca safra salg\u0131s\u0131n\u0131 art\u0131r\u0131r ve bile\u015fimini iyile\u015ftirir, safra kesesi ve kanallar\u0131nda ta\u015f olu\u015fumunu \u00f6nler. V\u00fccut i\u00e7in hayati \u00f6nem ta\u015f\u0131yan ya\u011fda \u00e7\u00f6z\u00fcnen A, D, E, K vitaminleri lesitin eksikli\u011finde neredeyse emilemez.<\/p>\n<p>Lesitin \u00fcreme fonksiyonu i\u00e7in de \u00f6nemlidir. Hamilelik s\u0131ras\u0131nda lesitin al\u0131m\u0131, fet\u00fcs\u00fcn beyin ve sinir dokusunun daha iyi olu\u015fmas\u0131na katk\u0131da bulunman\u0131n yan\u0131 s\u0131ra do\u011fumun seyrini de b\u00fcy\u00fck \u00f6l\u00e7\u00fcde kolayla\u015ft\u0131r\u0131r. Lesitin takviyelerinin \u00e7ocu\u011fun diyetine dahil edilmesi, fiziksel ve zihinsel geli\u015fimi \u00fczerinde yararl\u0131 bir etkiye sahiptir, haf\u0131zay\u0131 geli\u015ftirir ve \u00e7e\u015fitli bozukluklarda (gecikmi\u015f konu\u015fma, artan uyar\u0131labilirlik, yorgunluk vb.) lesitin al\u0131m\u0131 tedavinin \u00f6nemli bir bile\u015feni olarak \u00f6nerilmektedir.<\/p>\n<p>Hayvansal ve bitkisel kaynakl\u0131 lesitin aras\u0131nda bir ayr\u0131m yap\u0131l\u0131r. Bitki lesitini insan v\u00fccudu i\u00e7in en etkili olan\u0131d\u0131r.<\/p>\n<p>NSP&#8217;nin besin takviyesi Lesitin, soya fasulyesi ya\u011f\u0131ndan yap\u0131l\u0131r ve %95&#8230;97 oran\u0131nda aktif madde i\u00e7erir. Soya \u00e7ok say\u0131da \u00e7oklu doymam\u0131\u015f ya\u011f asidi i\u00e7erir. Nature&#8217;s Sunshine geneti\u011fi de\u011fi\u015ftirilmi\u015f i\u00e7eriklerden takviye \u00fcretmez.<\/p>\n<p>NSP Lecetin kombinasyon tedavilerinde tavsiye edilir:<br \/>\nlecetin natures sunshine<br \/>\nSinir ve zihin sisteminin fonksiyonel bozukluklar\u0131, dikkat da\u011f\u0131n\u0131kl\u0131\u011f\u0131, haf\u0131za bozuklu\u011fu;<br \/>\nSinir sisteminin dejeneratif hastal\u0131klar\u0131 (multipl skleroz, Alzheimer hastal\u0131\u011f\u0131);<br \/>\nSinir sisteminin travmatik ve enfeksiy\u00f6z hastal\u0131klar\u0131;<br \/>\nKardiyovask\u00fcler sistem hastal\u0131klar\u0131 (ateroskleroz, koroner kalp hastal\u0131\u011f\u0131, hipertansiyon);<br \/>\nHepatit, kolelitiazis, biliyer diskinezi, ya\u011fl\u0131 karaci\u011fer distrofisi;<br \/>\nsistemik deri hastal\u0131klar\u0131, \u00f6zellikle karaci\u011fer hastal\u0131\u011f\u0131 ile ili\u015fkili olanlar;<br \/>\nA\u015f\u0131r\u0131 \u00f6strojen \u00fcretiminden kaynaklanan hormonal bozukluklar.<br \/>\nLesitin NSP sporcular i\u00e7in tavsiye edilir, al\u0131nmas\u0131 dayan\u0131kl\u0131l\u0131\u011f\u0131 ve yorucu fiziksel aktiviteden sonra iyile\u015fmeyi art\u0131racakt\u0131r. Lesitin ayr\u0131ca y\u00fcksek konsantrasyon ve d\u00fc\u015f\u00fcnce h\u0131z\u0131na ihtiya\u00e7 duyulan durumlarda da al\u0131nmal\u0131d\u0131r (\u00f6rne\u011fin, okul \u00e7ocuklar\u0131 ve \u00f6\u011frenciler). Ve hi\u00e7 \u015f\u00fcphesiz, lesitin ya\u015fl\u0131 insanlar i\u00e7in ateroskleroz, kalp krizi, kolelitiazis ve di\u011fer ya\u015fa ba\u011fl\u0131 hastal\u0131klar\u0131 \u00f6nlemek i\u00e7in \u00e7ok yararl\u0131 olacakt\u0131r.<\/p>\n<\/div>\r\n            <\/div>\r\n        <\/div>\r\n\r\n\n","protected":false},"excerpt":{"rendered":"<div class=\"woocommerce-product-details__short-description\">\n<ul>\n<li>Fosfolipidler (Soya Lesitini) i\u00e7erir<\/li>\n<li>Takviye edici g\u0131dad\u0131r<\/li>\n<\/ul>\n<\/div>\n","protected":false},"featured_media":7983,"template":"","meta":{"_acf_changed":false},"product_cat":[397],"product_tag":[],"class_list":{"0":"post-8051","1":"product","2":"type-product","3":"status-publish","4":"has-post-thumbnail","6":"product_cat-heath","7":"pa_body-systems-hematopoez","8":"pa_body-systems-kardiyovaskuler","9":"pa_body-systems-metabolizma","10":"pa_body-systems-nervous-tr-2","11":"pa_body-systems-sindirim-sistemi","12":"pa_body-systems-skin-hair-nails-tr-2","13":"pa_body-systems-solunum","14":"pa_health-topics-detoks-ve-arinma","15":"pa_health-topics-enerji","16":"pa_health-topics-fitness-tr","17":"pa_health-topics-goz-sagligi","18":"pa_health-topics-hafiza-ve-beyin","19":"pa_health-topics-kalp-sagligi","20":"pa_health-topics-ruh-hali","21":"pa_health-topics-stres-rahatlama-uyku-tr","22":"pa_product-categories-esansiyel-yag-asitleri","23":"pa_product-categories-hepatoprotectors-tr","24":"pa_product-categories-nutrasotikler","26":"first","27":"instock","28":"sale","29":"shipping-taxable","30":"purchasable","31":"product-type-simple"},"acf":[],"yoast_head":"<!-- This site is optimized with the Yoast SEO plugin v22.3 - https:\/\/yoast.com\/wordpress\/plugins\/seo\/ -->\n<title>Lesitin NSP | Dietary Supplements<\/title>\n<meta name=\"description\" content=\"Lesitin NSP: Membran (zar) koruyucu etkiye sahiptir. T\u00fcm sinir sistemi i\u00e7in beslenme sa\u011flar. Karaci\u011fer ya\u011flanmas\u0131n\u0131 azalt\u0131r, hepatoprotektiftir.\" \/>\n<meta name=\"robots\" content=\"index, follow, max-snippet:-1, max-image-preview:large, max-video-preview:-1\" \/>\n<link rel=\"canonical\" href=\"https:\/\/nspshop.net\/tr\/urun\/lesitin-nsp\/\" \/>\n<meta property=\"og:locale\" content=\"tr_TR\" \/>\n<meta property=\"og:type\" content=\"article\" \/>\n<meta property=\"og:title\" content=\"Lesitin NSP | Dietary Supplements\" \/>\n<meta property=\"og:description\" content=\"Lesitin NSP: Membran (zar) koruyucu etkiye sahiptir. T\u00fcm sinir sistemi i\u00e7in beslenme sa\u011flar. Karaci\u011fer ya\u011flanmas\u0131n\u0131 azalt\u0131r, hepatoprotektiftir.\" \/>\n<meta property=\"og:url\" content=\"https:\/\/nspshop.net\/tr\/urun\/lesitin-nsp\/\" \/>\n<meta property=\"og:site_name\" content=\"Dietary Supplements\" \/>\n<meta property=\"article:modified_time\" content=\"2024-03-31T08:11:53+00:00\" \/>\n<meta property=\"og:image\" content=\"https:\/\/nspshop.net\/wp-content\/uploads\/2023\/06\/Lecithin.webp\" \/>\n\t<meta property=\"og:image:width\" content=\"1350\" \/>\n\t<meta property=\"og:image:height\" content=\"1350\" \/>\n\t<meta property=\"og:image:type\" content=\"image\/webp\" \/>\n<meta name=\"twitter:card\" content=\"summary_large_image\" \/>\n<meta name=\"twitter:label1\" content=\"Tahmini okuma s\u00fcresi\" \/>\n\t<meta name=\"twitter:data1\" content=\"1 dakika\" \/>\n<script type=\"application\/ld+json\" class=\"yoast-schema-graph\">{\"@context\":\"https:\/\/schema.org\",\"@graph\":[{\"@type\":\"WebPage\",\"@id\":\"https:\/\/nspshop.net\/tr\/urun\/lesitin-nsp\/\",\"url\":\"https:\/\/nspshop.net\/tr\/urun\/lesitin-nsp\/\",\"name\":\"Lesitin NSP | Dietary Supplements\",\"isPartOf\":{\"@id\":\"https:\/\/nspshop.net\/#website\"},\"primaryImageOfPage\":{\"@id\":\"https:\/\/nspshop.net\/tr\/urun\/lesitin-nsp\/#primaryimage\"},\"image\":{\"@id\":\"https:\/\/nspshop.net\/tr\/urun\/lesitin-nsp\/#primaryimage\"},\"thumbnailUrl\":\"https:\/\/nspshop.net\/wp-content\/uploads\/2023\/06\/Lecithin.webp\",\"datePublished\":\"2023-06-04T16:24:31+00:00\",\"dateModified\":\"2024-03-31T08:11:53+00:00\",\"description\":\"Lesitin NSP: Membran (zar) koruyucu etkiye sahiptir. T\u00fcm sinir sistemi i\u00e7in beslenme sa\u011flar. Karaci\u011fer ya\u011flanmas\u0131n\u0131 azalt\u0131r, hepatoprotektiftir.\",\"breadcrumb\":{\"@id\":\"https:\/\/nspshop.net\/tr\/urun\/lesitin-nsp\/#breadcrumb\"},\"inLanguage\":\"tr\",\"potentialAction\":[{\"@type\":\"ReadAction\",\"target\":[\"https:\/\/nspshop.net\/tr\/urun\/lesitin-nsp\/\"]}]},{\"@type\":\"ImageObject\",\"inLanguage\":\"tr\",\"@id\":\"https:\/\/nspshop.net\/tr\/urun\/lesitin-nsp\/#primaryimage\",\"url\":\"https:\/\/nspshop.net\/wp-content\/uploads\/2023\/06\/Lecithin.webp\",\"contentUrl\":\"https:\/\/nspshop.net\/wp-content\/uploads\/2023\/06\/Lecithin.webp\",\"width\":1350,\"height\":1350,\"caption\":\"Lecithin NSP\"},{\"@type\":\"BreadcrumbList\",\"@id\":\"https:\/\/nspshop.net\/tr\/urun\/lesitin-nsp\/#breadcrumb\",\"itemListElement\":[{\"@type\":\"ListItem\",\"position\":1,\"name\":\"\u0413\u043b\u0430\u0432\u043d\u0430\u044f \u0441\u0442\u0440\u0430\u043d\u0438\u0446\u0430\",\"item\":\"https:\/\/nspshop.net\/\"},{\"@type\":\"ListItem\",\"position\":2,\"name\":\"D\u00fckk\u00e2n\",\"item\":\"https:\/\/nspshop.net\/tr\/shop\/\"},{\"@type\":\"ListItem\",\"position\":3,\"name\":\"Lesitin NSP\"}]},{\"@type\":\"WebSite\",\"@id\":\"https:\/\/nspshop.net\/#website\",\"url\":\"https:\/\/nspshop.net\/\",\"name\":\"Dietary Supplements\",\"description\":\"BuyNSP\",\"publisher\":{\"@id\":\"https:\/\/nspshop.net\/#organization\"},\"potentialAction\":[{\"@type\":\"SearchAction\",\"target\":{\"@type\":\"EntryPoint\",\"urlTemplate\":\"https:\/\/nspshop.net\/?s={search_term_string}\"},\"query-input\":\"required name=search_term_string\"}],\"inLanguage\":\"tr\"},{\"@type\":\"Organization\",\"@id\":\"https:\/\/nspshop.net\/#organization\",\"name\":\"Dietary Supplements\",\"alternateName\":\"BuyNSP\",\"url\":\"https:\/\/nspshop.net\/\",\"logo\":{\"@type\":\"ImageObject\",\"inLanguage\":\"tr\",\"@id\":\"https:\/\/nspshop.net\/#\/schema\/logo\/image\/\",\"url\":\"https:\/\/nspshop.net\/wp-content\/uploads\/2023\/06\/cropped-Logo-NSP.png\",\"contentUrl\":\"https:\/\/nspshop.net\/wp-content\/uploads\/2023\/06\/cropped-Logo-NSP.png\",\"width\":512,\"height\":512,\"caption\":\"Dietary Supplements\"},\"image\":{\"@id\":\"https:\/\/nspshop.net\/#\/schema\/logo\/image\/\"}}]}<\/script>\n<!-- \/ Yoast SEO plugin. -->","yoast_head_json":{"title":"Lesitin NSP | Dietary Supplements","description":"Lesitin NSP: Membran (zar) koruyucu etkiye sahiptir. T\u00fcm sinir sistemi i\u00e7in beslenme sa\u011flar. Karaci\u011fer ya\u011flanmas\u0131n\u0131 azalt\u0131r, hepatoprotektiftir.","robots":{"index":"index","follow":"follow","max-snippet":"max-snippet:-1","max-image-preview":"max-image-preview:large","max-video-preview":"max-video-preview:-1"},"canonical":"https:\/\/nspshop.net\/tr\/urun\/lesitin-nsp\/","og_locale":"tr_TR","og_type":"article","og_title":"Lesitin NSP | Dietary Supplements","og_description":"Lesitin NSP: Membran (zar) koruyucu etkiye sahiptir. T\u00fcm sinir sistemi i\u00e7in beslenme sa\u011flar. Karaci\u011fer ya\u011flanmas\u0131n\u0131 azalt\u0131r, hepatoprotektiftir.","og_url":"https:\/\/nspshop.net\/tr\/urun\/lesitin-nsp\/","og_site_name":"Dietary Supplements","article_modified_time":"2024-03-31T08:11:53+00:00","og_image":[{"width":1350,"height":1350,"url":"https:\/\/nspshop.net\/wp-content\/uploads\/2023\/06\/Lecithin.webp","type":"image\/webp"}],"twitter_card":"summary_large_image","twitter_misc":{"Tahmini okuma s\u00fcresi":"1 dakika"},"schema":{"@context":"https:\/\/schema.org","@graph":[{"@type":"WebPage","@id":"https:\/\/nspshop.net\/tr\/urun\/lesitin-nsp\/","url":"https:\/\/nspshop.net\/tr\/urun\/lesitin-nsp\/","name":"Lesitin NSP | Dietary Supplements","isPartOf":{"@id":"https:\/\/nspshop.net\/#website"},"primaryImageOfPage":{"@id":"https:\/\/nspshop.net\/tr\/urun\/lesitin-nsp\/#primaryimage"},"image":{"@id":"https:\/\/nspshop.net\/tr\/urun\/lesitin-nsp\/#primaryimage"},"thumbnailUrl":"https:\/\/nspshop.net\/wp-content\/uploads\/2023\/06\/Lecithin.webp","datePublished":"2023-06-04T16:24:31+00:00","dateModified":"2024-03-31T08:11:53+00:00","description":"Lesitin NSP: Membran (zar) koruyucu etkiye sahiptir. T\u00fcm sinir sistemi i\u00e7in beslenme sa\u011flar. Karaci\u011fer ya\u011flanmas\u0131n\u0131 azalt\u0131r, hepatoprotektiftir.","breadcrumb":{"@id":"https:\/\/nspshop.net\/tr\/urun\/lesitin-nsp\/#breadcrumb"},"inLanguage":"tr","potentialAction":[{"@type":"ReadAction","target":["https:\/\/nspshop.net\/tr\/urun\/lesitin-nsp\/"]}]},{"@type":"ImageObject","inLanguage":"tr","@id":"https:\/\/nspshop.net\/tr\/urun\/lesitin-nsp\/#primaryimage","url":"https:\/\/nspshop.net\/wp-content\/uploads\/2023\/06\/Lecithin.webp","contentUrl":"https:\/\/nspshop.net\/wp-content\/uploads\/2023\/06\/Lecithin.webp","width":1350,"height":1350,"caption":"Lecithin NSP"},{"@type":"BreadcrumbList","@id":"https:\/\/nspshop.net\/tr\/urun\/lesitin-nsp\/#breadcrumb","itemListElement":[{"@type":"ListItem","position":1,"name":"\u0413\u043b\u0430\u0432\u043d\u0430\u044f \u0441\u0442\u0440\u0430\u043d\u0438\u0446\u0430","item":"https:\/\/nspshop.net\/"},{"@type":"ListItem","position":2,"name":"D\u00fckk\u00e2n","item":"https:\/\/nspshop.net\/tr\/shop\/"},{"@type":"ListItem","position":3,"name":"Lesitin NSP"}]},{"@type":"WebSite","@id":"https:\/\/nspshop.net\/#website","url":"https:\/\/nspshop.net\/","name":"Dietary Supplements","description":"BuyNSP","publisher":{"@id":"https:\/\/nspshop.net\/#organization"},"potentialAction":[{"@type":"SearchAction","target":{"@type":"EntryPoint","urlTemplate":"https:\/\/nspshop.net\/?s={search_term_string}"},"query-input":"required name=search_term_string"}],"inLanguage":"tr"},{"@type":"Organization","@id":"https:\/\/nspshop.net\/#organization","name":"Dietary Supplements","alternateName":"BuyNSP","url":"https:\/\/nspshop.net\/","logo":{"@type":"ImageObject","inLanguage":"tr","@id":"https:\/\/nspshop.net\/#\/schema\/logo\/image\/","url":"https:\/\/nspshop.net\/wp-content\/uploads\/2023\/06\/cropped-Logo-NSP.png","contentUrl":"https:\/\/nspshop.net\/wp-content\/uploads\/2023\/06\/cropped-Logo-NSP.png","width":512,"height":512,"caption":"Dietary Supplements"},"image":{"@id":"https:\/\/nspshop.net\/#\/schema\/logo\/image\/"}}]}},"_links":{"self":[{"href":"https:\/\/nspshop.net\/tr\/wp-json\/wp\/v2\/product\/8051","targetHints":{"allow":["GET"]}}],"collection":[{"href":"https:\/\/nspshop.net\/tr\/wp-json\/wp\/v2\/product"}],"about":[{"href":"https:\/\/nspshop.net\/tr\/wp-json\/wp\/v2\/types\/product"}],"wp:featuredmedia":[{"embeddable":true,"href":"https:\/\/nspshop.net\/tr\/wp-json\/wp\/v2\/media\/7983"}],"wp:attachment":[{"href":"https:\/\/nspshop.net\/tr\/wp-json\/wp\/v2\/media?parent=8051"}],"wp:term":[{"taxonomy":"product_cat","embeddable":true,"href":"https:\/\/nspshop.net\/tr\/wp-json\/wp\/v2\/product_cat?post=8051"},{"taxonomy":"product_tag","embeddable":true,"href":"https:\/\/nspshop.net\/tr\/wp-json\/wp\/v2\/product_tag?post=8051"}],"curies":[{"name":"wp","href":"https:\/\/api.w.org\/{rel}","templated":true}]}}