{"id":8052,"date":"2023-06-05T08:28:26","date_gmt":"2023-06-05T05:28:26","guid":{"rendered":"https:\/\/nspshop.net\/product\/gotu-kola-nsp\/"},"modified":"2024-03-31T11:03:07","modified_gmt":"2024-03-31T08:03:07","slug":"gotu-kola-nsp","status":"publish","type":"product","link":"https:\/\/nspshop.net\/tr\/urun\/gotu-kola-nsp\/","title":{"rendered":"Gotu Kola NSP"},"content":{"rendered":"\r\n        <div class=\"med_worker_introduce_text \">\r\n\r\n            Bu b\u00f6l\u00fcm sadece <span class=\"med_anchor_link\"> <b>Sa\u011fl\u0131k profesyonelleri<\/b> i\u00e7indir<\/span>\r\n\r\n        <\/div>\r\n\r\n        <div class=\"med_worker_popup_wrapper hide\" style=\"background-color: rgba(10,10,10,0.3)\">\r\n            <div class=\"med_worker_popup\" style=\"width:1024px; height:600px;background-color:#ffffff; border-radius: 10px;\">\r\n                <div class=\"med_worker_confirmation\">\r\n                    <span style=\"font-size: 20px\">\r\n                        Sa\u011fl\u0131k profesyoneli misiniz?                    <\/span>\r\n                    <div class=\"med_worker_buttons\">\r\n                        <a href=\"\" class=\"confirm\" style=\"background-color:#0d594e; color: #ffffff;\">Evet<\/a>\r\n                        <a href=\"\" class=\"reject\" style=\"background-color:#bc2b2b; color: #0a0a0a;\">Hay\u0131r<\/a>\r\n                    <\/div>\r\n                <\/div>\r\n                <div class=\"med_worker_decription hide\"><h1>Gotu Kola NSP<\/h1>\n<p>Gotu Kola NSP<em>(Centella asiatica)<\/em> y\u00fcksek sinir aktivitesi \u00fczerinde faydal\u0131 bir etkiye sahiptir ve sinir bozukluklar\u0131nda ve anksiyete durumlar\u0131nda yat\u0131\u015ft\u0131r\u0131c\u0131d\u0131r. Depresyon belirtilerini azalt\u0131r. Kan bas\u0131nc\u0131n\u0131 ve kalp at\u0131\u015f h\u0131z\u0131n\u0131 d\u00fc\u015f\u00fcr\u00fcr, hemoglobin seviyesini y\u00fckseltir, kan damarlar\u0131n\u0131 g\u00fc\u00e7lendirir, serebral dola\u015f\u0131m\u0131 ve beyne oksijen tedarikini d\u00fczenler. Zihinsel kapasiteyi art\u0131r\u0131r, d\u00fc\u015f\u00fcnmeyi h\u0131zland\u0131r\u0131r, haf\u0131zay\u0131 ve konsantrasyonu g\u00fc\u00e7lendirir. Gotu kolan\u0131n yara iyile\u015ftirici etkisi vard\u0131r. Asiaticoside aktif maddesinin etkisi alt\u0131nda h\u00fccrenin b\u00f6l\u00fcnmesini (mitoz) h\u0131zland\u0131r\u0131r, b\u00f6ylece ba\u011f dokusu olu\u015fumu i\u00e7in gerekli kolajen sentezini art\u0131r\u0131r. Bu nedenle gotu kola doku rejenerasyonu ve her \u015feyden \u00f6nce cilt hasar\u0131n\u0131n restorasyonu s\u00fcre\u00e7lerini y\u00fcr\u00fct\u00fcr. Do\u011fu t\u0131bb\u0131nda mukoza zarlar\u0131n\u0131n ve cilt yaralar\u0131n\u0131n, yan\u0131klar\u0131n ve kesiklerin yan\u0131 s\u0131ra trofik \u00fclserlerin iyile\u015fmesine yard\u0131mc\u0131 olan bir ila\u00e7 olarak bilinir. Uyar\u0131c\u0131 olarak kullan\u0131l\u0131r ve cinsel g\u00fcc\u00fc artt\u0131rd\u0131\u011f\u0131 s\u00f6ylenir.<\/p>\n<p>Takviye edici g\u0131da Gotu Kola NSP; flavonoid, triterpen saponin ve u\u00e7ucu ya\u011f kayna\u011f\u0131d\u0131r.<\/p>\n<p><strong>\u00dcr\u00fcn kodu <\/strong>: 360 <strong>Kategori <\/strong>: G\u0131da Takviyeleri <strong>Se\u00e7ilen \u00fcr\u00fcnler: <\/strong>\u015eimdi stokta<\/p>\n<p><span style=\"text-decoration: underline;\" data-sanitized-data-mce-style=\"text-decoration: underline;\"><strong>\u0130\u00e7indekiler<\/strong><\/span><\/p>\n<p><strong>\u0130\u00e7erik<\/strong> (1 kaps\u00fcl): Gotu Kola (Centella asiatica) &#8211; 395 mg.<\/p>\n<p><strong>\u0130naktif Bile\u015fenler<\/strong>: jelatin<\/p>\n<p><strong><span style=\"text-decoration: underline;\" data-sanitized-data-mce-style=\"text-decoration: underline;\">Kullan\u0131m<\/span><\/strong><\/p>\n<p>Yeti\u015fkinler i\u00e7in g\u00fcnde iki kez yemekle birlikte iki kaps\u00fcl. Kullan\u0131m s\u00fcresi \u00fc\u00e7 ila d\u00f6rt haftad\u0131r. Gerekirse kullan\u0131m tekrarlanabilir.<\/p>\n<p><strong>Contraindications:<\/strong> personal intolerance, pregnancy, and lactation.<\/p>\n<p>&nbsp;<\/p>\n<\/div>\r\n            <\/div>\r\n        <\/div>\r\n\r\n\n","protected":false},"excerpt":{"rendered":"<ul>\n<li>Gotu Kola (Centella asiatica) i\u00e7erir<\/li>\n<li>Takviye edici g\u0131dad\u0131r<\/li>\n<\/ul>\n","protected":false},"featured_media":8053,"template":"","meta":{"_acf_changed":false},"product_cat":[397],"product_tag":[],"class_list":{"0":"post-8052","1":"product","2":"type-product","3":"status-publish","4":"has-post-thumbnail","6":"product_cat-heath","7":"pa_body-systems-kardiyovaskuler","8":"pa_body-systems-nervous-tr-2","9":"pa_health-topics-enerji","10":"pa_health-topics-goz-sagligi","11":"pa_health-topics-hafiza-ve-beyin","12":"pa_health-topics-kalp-sagligi","13":"pa_health-topics-stres-rahatlama-uyku-tr","14":"pa_product-categories-adaptogenler","15":"pa_product-categories-parafarmasotikler","17":"first","18":"instock","19":"sale","20":"shipping-taxable","21":"purchasable","22":"product-type-simple"},"acf":[],"yoast_head":"<!-- This site is optimized with the Yoast SEO plugin v22.3 - https:\/\/yoast.com\/wordpress\/plugins\/seo\/ -->\n<title>Gotu Kola NSP | Dietary Supplements<\/title>\n<meta name=\"description\" content=\"Gotu Kola NSP: Zihinsel yetenekleri, haf\u0131zay\u0131 ve reaksiyon h\u0131z\u0131n\u0131 art\u0131r\u0131r. Yaralar\u0131n, s\u0131yr\u0131klar\u0131n ve yan\u0131klar\u0131n iyile\u015fmesini h\u0131zland\u0131r\u0131r.\" \/>\n<meta name=\"robots\" content=\"index, follow, max-snippet:-1, max-image-preview:large, max-video-preview:-1\" \/>\n<link rel=\"canonical\" href=\"https:\/\/nspshop.net\/tr\/urun\/gotu-kola-nsp\/\" \/>\n<meta property=\"og:locale\" content=\"tr_TR\" \/>\n<meta property=\"og:type\" content=\"article\" \/>\n<meta property=\"og:title\" content=\"Gotu Kola NSP | Dietary Supplements\" \/>\n<meta property=\"og:description\" content=\"Gotu Kola NSP: Zihinsel yetenekleri, haf\u0131zay\u0131 ve reaksiyon h\u0131z\u0131n\u0131 art\u0131r\u0131r. Yaralar\u0131n, s\u0131yr\u0131klar\u0131n ve yan\u0131klar\u0131n iyile\u015fmesini h\u0131zland\u0131r\u0131r.\" \/>\n<meta property=\"og:url\" content=\"https:\/\/nspshop.net\/tr\/urun\/gotu-kola-nsp\/\" \/>\n<meta property=\"og:site_name\" content=\"Dietary Supplements\" \/>\n<meta property=\"article:modified_time\" content=\"2024-03-31T08:03:07+00:00\" \/>\n<meta property=\"og:image\" content=\"https:\/\/nspshop.net\/wp-content\/uploads\/2023\/06\/Gotu_Kola.webp\" \/>\n\t<meta property=\"og:image:width\" content=\"1200\" \/>\n\t<meta property=\"og:image:height\" content=\"1200\" \/>\n\t<meta property=\"og:image:type\" content=\"image\/webp\" \/>\n<meta name=\"twitter:card\" content=\"summary_large_image\" \/>\n<meta name=\"twitter:label1\" content=\"Tahmini okuma s\u00fcresi\" \/>\n\t<meta name=\"twitter:data1\" content=\"1 dakika\" \/>\n<script type=\"application\/ld+json\" class=\"yoast-schema-graph\">{\"@context\":\"https:\/\/schema.org\",\"@graph\":[{\"@type\":\"WebPage\",\"@id\":\"https:\/\/nspshop.net\/tr\/urun\/gotu-kola-nsp\/\",\"url\":\"https:\/\/nspshop.net\/tr\/urun\/gotu-kola-nsp\/\",\"name\":\"Gotu Kola NSP | Dietary Supplements\",\"isPartOf\":{\"@id\":\"https:\/\/nspshop.net\/#website\"},\"primaryImageOfPage\":{\"@id\":\"https:\/\/nspshop.net\/tr\/urun\/gotu-kola-nsp\/#primaryimage\"},\"image\":{\"@id\":\"https:\/\/nspshop.net\/tr\/urun\/gotu-kola-nsp\/#primaryimage\"},\"thumbnailUrl\":\"https:\/\/nspshop.net\/wp-content\/uploads\/2023\/06\/Gotu_Kola.webp\",\"datePublished\":\"2023-06-05T05:28:26+00:00\",\"dateModified\":\"2024-03-31T08:03:07+00:00\",\"description\":\"Gotu Kola NSP: Zihinsel yetenekleri, haf\u0131zay\u0131 ve reaksiyon h\u0131z\u0131n\u0131 art\u0131r\u0131r. Yaralar\u0131n, s\u0131yr\u0131klar\u0131n ve yan\u0131klar\u0131n iyile\u015fmesini h\u0131zland\u0131r\u0131r.\",\"breadcrumb\":{\"@id\":\"https:\/\/nspshop.net\/tr\/urun\/gotu-kola-nsp\/#breadcrumb\"},\"inLanguage\":\"tr\",\"potentialAction\":[{\"@type\":\"ReadAction\",\"target\":[\"https:\/\/nspshop.net\/tr\/urun\/gotu-kola-nsp\/\"]}]},{\"@type\":\"ImageObject\",\"inLanguage\":\"tr\",\"@id\":\"https:\/\/nspshop.net\/tr\/urun\/gotu-kola-nsp\/#primaryimage\",\"url\":\"https:\/\/nspshop.net\/wp-content\/uploads\/2023\/06\/Gotu_Kola.webp\",\"contentUrl\":\"https:\/\/nspshop.net\/wp-content\/uploads\/2023\/06\/Gotu_Kola.webp\",\"width\":1200,\"height\":1200,\"caption\":\"Gotu Kola NSP\"},{\"@type\":\"BreadcrumbList\",\"@id\":\"https:\/\/nspshop.net\/tr\/urun\/gotu-kola-nsp\/#breadcrumb\",\"itemListElement\":[{\"@type\":\"ListItem\",\"position\":1,\"name\":\"\u0413\u043b\u0430\u0432\u043d\u0430\u044f \u0441\u0442\u0440\u0430\u043d\u0438\u0446\u0430\",\"item\":\"https:\/\/nspshop.net\/\"},{\"@type\":\"ListItem\",\"position\":2,\"name\":\"D\u00fckk\u00e2n\",\"item\":\"https:\/\/nspshop.net\/tr\/shop\/\"},{\"@type\":\"ListItem\",\"position\":3,\"name\":\"Gotu Kola NSP\"}]},{\"@type\":\"WebSite\",\"@id\":\"https:\/\/nspshop.net\/#website\",\"url\":\"https:\/\/nspshop.net\/\",\"name\":\"Dietary Supplements\",\"description\":\"BuyNSP\",\"publisher\":{\"@id\":\"https:\/\/nspshop.net\/#organization\"},\"potentialAction\":[{\"@type\":\"SearchAction\",\"target\":{\"@type\":\"EntryPoint\",\"urlTemplate\":\"https:\/\/nspshop.net\/?s={search_term_string}\"},\"query-input\":\"required name=search_term_string\"}],\"inLanguage\":\"tr\"},{\"@type\":\"Organization\",\"@id\":\"https:\/\/nspshop.net\/#organization\",\"name\":\"Dietary Supplements\",\"alternateName\":\"BuyNSP\",\"url\":\"https:\/\/nspshop.net\/\",\"logo\":{\"@type\":\"ImageObject\",\"inLanguage\":\"tr\",\"@id\":\"https:\/\/nspshop.net\/#\/schema\/logo\/image\/\",\"url\":\"https:\/\/nspshop.net\/wp-content\/uploads\/2023\/06\/cropped-Logo-NSP.png\",\"contentUrl\":\"https:\/\/nspshop.net\/wp-content\/uploads\/2023\/06\/cropped-Logo-NSP.png\",\"width\":512,\"height\":512,\"caption\":\"Dietary Supplements\"},\"image\":{\"@id\":\"https:\/\/nspshop.net\/#\/schema\/logo\/image\/\"}}]}<\/script>\n<!-- \/ Yoast SEO plugin. -->","yoast_head_json":{"title":"Gotu Kola NSP | Dietary Supplements","description":"Gotu Kola NSP: Zihinsel yetenekleri, haf\u0131zay\u0131 ve reaksiyon h\u0131z\u0131n\u0131 art\u0131r\u0131r. Yaralar\u0131n, s\u0131yr\u0131klar\u0131n ve yan\u0131klar\u0131n iyile\u015fmesini h\u0131zland\u0131r\u0131r.","robots":{"index":"index","follow":"follow","max-snippet":"max-snippet:-1","max-image-preview":"max-image-preview:large","max-video-preview":"max-video-preview:-1"},"canonical":"https:\/\/nspshop.net\/tr\/urun\/gotu-kola-nsp\/","og_locale":"tr_TR","og_type":"article","og_title":"Gotu Kola NSP | Dietary Supplements","og_description":"Gotu Kola NSP: Zihinsel yetenekleri, haf\u0131zay\u0131 ve reaksiyon h\u0131z\u0131n\u0131 art\u0131r\u0131r. Yaralar\u0131n, s\u0131yr\u0131klar\u0131n ve yan\u0131klar\u0131n iyile\u015fmesini h\u0131zland\u0131r\u0131r.","og_url":"https:\/\/nspshop.net\/tr\/urun\/gotu-kola-nsp\/","og_site_name":"Dietary Supplements","article_modified_time":"2024-03-31T08:03:07+00:00","og_image":[{"width":1200,"height":1200,"url":"https:\/\/nspshop.net\/wp-content\/uploads\/2023\/06\/Gotu_Kola.webp","type":"image\/webp"}],"twitter_card":"summary_large_image","twitter_misc":{"Tahmini okuma s\u00fcresi":"1 dakika"},"schema":{"@context":"https:\/\/schema.org","@graph":[{"@type":"WebPage","@id":"https:\/\/nspshop.net\/tr\/urun\/gotu-kola-nsp\/","url":"https:\/\/nspshop.net\/tr\/urun\/gotu-kola-nsp\/","name":"Gotu Kola NSP | Dietary Supplements","isPartOf":{"@id":"https:\/\/nspshop.net\/#website"},"primaryImageOfPage":{"@id":"https:\/\/nspshop.net\/tr\/urun\/gotu-kola-nsp\/#primaryimage"},"image":{"@id":"https:\/\/nspshop.net\/tr\/urun\/gotu-kola-nsp\/#primaryimage"},"thumbnailUrl":"https:\/\/nspshop.net\/wp-content\/uploads\/2023\/06\/Gotu_Kola.webp","datePublished":"2023-06-05T05:28:26+00:00","dateModified":"2024-03-31T08:03:07+00:00","description":"Gotu Kola NSP: Zihinsel yetenekleri, haf\u0131zay\u0131 ve reaksiyon h\u0131z\u0131n\u0131 art\u0131r\u0131r. Yaralar\u0131n, s\u0131yr\u0131klar\u0131n ve yan\u0131klar\u0131n iyile\u015fmesini h\u0131zland\u0131r\u0131r.","breadcrumb":{"@id":"https:\/\/nspshop.net\/tr\/urun\/gotu-kola-nsp\/#breadcrumb"},"inLanguage":"tr","potentialAction":[{"@type":"ReadAction","target":["https:\/\/nspshop.net\/tr\/urun\/gotu-kola-nsp\/"]}]},{"@type":"ImageObject","inLanguage":"tr","@id":"https:\/\/nspshop.net\/tr\/urun\/gotu-kola-nsp\/#primaryimage","url":"https:\/\/nspshop.net\/wp-content\/uploads\/2023\/06\/Gotu_Kola.webp","contentUrl":"https:\/\/nspshop.net\/wp-content\/uploads\/2023\/06\/Gotu_Kola.webp","width":1200,"height":1200,"caption":"Gotu Kola NSP"},{"@type":"BreadcrumbList","@id":"https:\/\/nspshop.net\/tr\/urun\/gotu-kola-nsp\/#breadcrumb","itemListElement":[{"@type":"ListItem","position":1,"name":"\u0413\u043b\u0430\u0432\u043d\u0430\u044f \u0441\u0442\u0440\u0430\u043d\u0438\u0446\u0430","item":"https:\/\/nspshop.net\/"},{"@type":"ListItem","position":2,"name":"D\u00fckk\u00e2n","item":"https:\/\/nspshop.net\/tr\/shop\/"},{"@type":"ListItem","position":3,"name":"Gotu Kola NSP"}]},{"@type":"WebSite","@id":"https:\/\/nspshop.net\/#website","url":"https:\/\/nspshop.net\/","name":"Dietary Supplements","description":"BuyNSP","publisher":{"@id":"https:\/\/nspshop.net\/#organization"},"potentialAction":[{"@type":"SearchAction","target":{"@type":"EntryPoint","urlTemplate":"https:\/\/nspshop.net\/?s={search_term_string}"},"query-input":"required name=search_term_string"}],"inLanguage":"tr"},{"@type":"Organization","@id":"https:\/\/nspshop.net\/#organization","name":"Dietary Supplements","alternateName":"BuyNSP","url":"https:\/\/nspshop.net\/","logo":{"@type":"ImageObject","inLanguage":"tr","@id":"https:\/\/nspshop.net\/#\/schema\/logo\/image\/","url":"https:\/\/nspshop.net\/wp-content\/uploads\/2023\/06\/cropped-Logo-NSP.png","contentUrl":"https:\/\/nspshop.net\/wp-content\/uploads\/2023\/06\/cropped-Logo-NSP.png","width":512,"height":512,"caption":"Dietary Supplements"},"image":{"@id":"https:\/\/nspshop.net\/#\/schema\/logo\/image\/"}}]}},"_links":{"self":[{"href":"https:\/\/nspshop.net\/tr\/wp-json\/wp\/v2\/product\/8052","targetHints":{"allow":["GET"]}}],"collection":[{"href":"https:\/\/nspshop.net\/tr\/wp-json\/wp\/v2\/product"}],"about":[{"href":"https:\/\/nspshop.net\/tr\/wp-json\/wp\/v2\/types\/product"}],"wp:featuredmedia":[{"embeddable":true,"href":"https:\/\/nspshop.net\/tr\/wp-json\/wp\/v2\/media\/8053"}],"wp:attachment":[{"href":"https:\/\/nspshop.net\/tr\/wp-json\/wp\/v2\/media?parent=8052"}],"wp:term":[{"taxonomy":"product_cat","embeddable":true,"href":"https:\/\/nspshop.net\/tr\/wp-json\/wp\/v2\/product_cat?post=8052"},{"taxonomy":"product_tag","embeddable":true,"href":"https:\/\/nspshop.net\/tr\/wp-json\/wp\/v2\/product_tag?post=8052"}],"curies":[{"name":"wp","href":"https:\/\/api.w.org\/{rel}","templated":true}]}}