{"id":8054,"date":"2023-06-05T08:25:06","date_gmt":"2023-06-05T05:25:06","guid":{"rendered":"https:\/\/nspshop.net\/product\/astragalus-nsp\/"},"modified":"2024-03-31T11:04:11","modified_gmt":"2024-03-31T08:04:11","slug":"astragalus-nsp","status":"publish","type":"product","link":"https:\/\/nspshop.net\/tr\/urun\/astragalus-nsp\/","title":{"rendered":"Astragalus NSP"},"content":{"rendered":"\r\n        <div class=\"med_worker_introduce_text \">\r\n\r\n            Bu b\u00f6l\u00fcm sadece <span class=\"med_anchor_link\"> <b>Sa\u011fl\u0131k profesyonelleri<\/b> i\u00e7indir<\/span>\r\n\r\n        <\/div>\r\n\r\n        <div class=\"med_worker_popup_wrapper hide\" style=\"background-color: rgba(10,10,10,0.3)\">\r\n            <div class=\"med_worker_popup\" style=\"width:1024px; height:600px;background-color:#ffffff; border-radius: 10px;\">\r\n                <div class=\"med_worker_confirmation\">\r\n                    <span style=\"font-size: 20px\">\r\n                        Sa\u011fl\u0131k profesyoneli misiniz?                    <\/span>\r\n                    <div class=\"med_worker_buttons\">\r\n                        <a href=\"\" class=\"confirm\" style=\"background-color:#0d594e; color: #ffffff;\">Evet<\/a>\r\n                        <a href=\"\" class=\"reject\" style=\"background-color:#bc2b2b; color: #0a0a0a;\">Hay\u0131r<\/a>\r\n                    <\/div>\r\n                <\/div>\r\n                <div class=\"med_worker_decription hide\"><h1>Astragalus NSP<\/h1>\n<p>Astragalus saponinler, steroller, izoflavonlar ve polisakkaritler i\u00e7erir. Serbest radikallerden kaynaklanan membran hasar\u0131n\u0131 en aza indirmeye yard\u0131mc\u0131 olur. Astragalus NSP, T h\u00fccrelerinin aktivasyonunu desteklemenin yan\u0131 s\u0131ra ba\u011f\u0131\u015f\u0131kl\u0131k h\u00fccrelerinin b\u00fcy\u00fcmesini, imm\u00fcnoglobulinlerin salg\u0131lanmas\u0131n\u0131 ve ba\u011f\u0131\u015f\u0131kl\u0131k sinyallerinin iletilmesini destekler. Sonu\u00e7 olarak v\u00fccudunuzun bakteri, mikrop ve vir\u00fcslere kar\u015f\u0131 savunmas\u0131n\u0131 g\u00fc\u00e7lendirir.<\/p>\n<p>Bir adaptojen olarak astragalus, v\u00fccudun stresle ba\u015fa \u00e7\u0131kmas\u0131na ve fiziksel, zihinsel ve duygusal uyaranlara yan\u0131t vermesine yard\u0131mc\u0131 olur.<\/p>\n<p>Avantajlar:<\/p>\n<p>Aktif Uzun \u00d6m\u00fcr i\u00e7in benzersiz ve tek bile\u015fenli \u00fcr\u00fcn. Geni\u015f bir aksiyona sahiptir.<br \/>\nNSP \u015eirketi, iklim ve toprak ko\u015fullar\u0131n\u0131n ideal oldu\u011fu \u00c7in&#8217;in verimli ovalar\u0131nda yeti\u015fen astragalus (\u00c7in Kitresi) kullanmaktad\u0131r. Bu bitki, k\u00f6klerinin saf ve g\u00fc\u00e7l\u00fc besinleri biriktirecek kadar olgunla\u015fmas\u0131n\u0131 sa\u011flamak i\u00e7in iki mevsimde yeti\u015ftirilir.<br \/>\nHasat s\u0131ras\u0131nda do\u011fay\u0131 koruyan teknolojiler kullan\u0131l\u0131r. Astragalus \u00fcretiminde kullan\u0131lan hammaddeler GDO i\u00e7ermez ve helal sertifikal\u0131d\u0131r.<\/p>\n<p><strong>Aktif i\u00e7erik<\/strong><\/p>\n<p>Astragalus<em>(Astragalus membranaceus<\/em>) geleneksel \u00c7in t\u0131bb\u0131ndaki kullan\u0131m\u0131yla bilinir. Ge\u00e7mi\u015fte so\u011fuk alg\u0131nl\u0131\u011f\u0131, ishal, yorgunluk ve i\u015ftahs\u0131zl\u0131k tedavisinde kullan\u0131l\u0131rd\u0131. Bu bitkinin k\u00f6k\u00fc polisakkaritler, flavonoidler, izoflavonlar, triterpen saponinler, kolin, betain ve kumatakenin i\u00e7erir.<\/p>\n<p><strong>Astragalus&#8217;un (\u00c7in Kitresi) ana etkileri:<\/strong><\/p>\n<p>1. Adaptojenik, anti-enflamatuar: enfeksiyonlara kar\u015f\u0131 direnci art\u0131r\u0131r. Astragalustaki saponinlerin enflamasyonu bask\u0131layarak sepsise kar\u015f\u0131 koruma sa\u011flad\u0131\u011f\u0131 g\u00f6sterilmi\u015ftir. Astragalus, enflamatuar fakt\u00f6rleri hafifleterek pulmoner \u00f6dem de dahil olmak \u00fczere doku \u00f6demi gibi doku hasar\u0131n\u0131 azalt\u0131r.<\/p>\n<p>2. Antiviral etki: so\u011fuk alg\u0131nl\u0131\u011f\u0131, solunum yolu enfeksiyonlar\u0131 ve bula\u015f\u0131c\u0131 karaci\u011fer hastal\u0131klar\u0131 (bula\u015f\u0131c\u0131 hepatit) dahil olmak \u00fczere viral enfeksiyonlar\u0131 \u00f6nler.<\/p>\n<p>3. Astragalus k\u00f6k\u00fcn\u00fcn ba\u011f\u0131\u015f\u0131kl\u0131k sistemini destekledi\u011fi kan\u0131tlanm\u0131\u015ft\u0131r. T\u00fcm\u00f6r s\u00fcreci olan hastalarda, astragalus enfeksiyonlara kar\u015f\u0131 direnci art\u0131r\u0131r.<\/p>\n<p>4. Antineoplastik etki (t\u00fcm\u00f6rlere kar\u015f\u0131): Apoptozu (kanser h\u00fccrelerinin do\u011fal programl\u0131 \u00f6l\u00fcm\u00fc) ind\u00fcklemek i\u00e7in kullan\u0131l\u0131r. Kemoterapinin yan etkilerini (bulant\u0131, kusma ve ishal) hafifletir. Astragalus tedavinin ilk haftas\u0131nda \u00e7ok etkilidir.<\/p>\n<p>5. Kardiyotonik ve vazodilat\u00f6r: kalp fonksiyonlar\u0131n\u0131 iyile\u015ftirir ve kalp hastal\u0131klar\u0131nda semptomlar\u0131n \u015fiddetini azalt\u0131r. Astragalus kan damarlar\u0131n\u0131 geni\u015fletir ve kalpten pompalanan kan miktar\u0131n\u0131 art\u0131r\u0131r.<\/p>\n<p>6. Tip II diyabette kan \u015fekeri seviyesini d\u00fc\u015f\u00fcr\u00fcr ve kontrol alt\u0131nda tutar. Tip II diyabet hastalar\u0131n\u0131n \u00f6\u011f\u00fcnlerine Astragalus eklemesi, bu \u00fcr\u00fcn\u00fcn d\u00f6rt ay boyunca g\u00fcnl\u00fck kullan\u0131m\u0131yla hem h\u0131zl\u0131 bir d\u00f6nemden sonra hem de bir yemekten sonra kan \u015fekeri seviyelerini kontrol etmeye yard\u0131mc\u0131 olur.<\/p>\n<p>7. Karbonhidrat metabolizmas\u0131n\u0131 geli\u015ftirerek v\u00fccut a\u011f\u0131rl\u0131\u011f\u0131n\u0131 azalt\u0131r.<\/p>\n<p>8. B\u00f6brek sa\u011fl\u0131\u011f\u0131n\u0131 korur ve b\u00f6brek fonksiyonlar\u0131n\u0131 d\u00fczenler. \u0130drardaki protein seviyelerini (protein\u00fcri) d\u00fczenler, \u00e7e\u015fitli protein seviyeleri b\u00f6brek hasar\u0131 veya i\u015flev bozuklu\u011funun bir i\u015faretidir. Astragalusun, b\u00f6brek fonksiyonlar\u0131 azalm\u0131\u015f ki\u015filerde \u00fc\u00e7 ila alt\u0131 ay boyunca g\u00fcnl\u00fck olarak al\u0131nd\u0131\u011f\u0131nda enfeksiyon ve iltihaplanma riskini \u00f6nledi\u011fi g\u00f6sterilmi\u015ftir.<\/p>\n<p>9. Kronik yorgunluk sendromunun belirtilerini azalt\u0131r.<\/p>\n<p>10. Anti-alerjik etkiler: Hap\u015f\u0131rma ve burun ak\u0131nt\u0131s\u0131 gibi mevsimsel alerjilerin semptomlar\u0131n\u0131 hafifletir.<\/p>\n<p>11. Geroprotektif etki: Astragalusun h\u00fccresel ya\u015flanmay\u0131 durdurma ve telomer k\u0131salmas\u0131n\u0131 yava\u015flatma yetene\u011fi kan\u0131tlanm\u0131\u015ft\u0131r. Telomerler, kromozomlar \u00fczerinde bulunan ve ya\u015fla birlikte incelip h\u00fccresel ya\u015flanman\u0131n bir i\u015fareti olan koruyucu ba\u015fl\u0131klard\u0131r. Dr. Bill Edwards h\u00fccrelerindeki telomeraz enzimini ke\u015ffetti ve bu telomerlerin ya\u015fla ilgili bilgileri gelecek nesillere aktaracak \u015fekilde yenilenmesini izledi. Astragalus telomer k\u0131salmas\u0131n\u0131 yava\u015flat\u0131r ve tersine \u00e7evirir, h\u00fccresel i\u015flevi geri y\u00fckler ve iyile\u015ftirir.<\/p>\n<p>G\u0131da takviyesi Astragalus polifenolik bile\u015fiklerin kayna\u011f\u0131d\u0131r, triterpen saponinler i\u00e7erir.<\/p>\n<p><strong> \u00dcr\u00fcn kodu<\/strong>: 22751<strong> Kategori <\/strong>: G\u0131da Takviyeleri <strong>Se\u00e7ilen \u00fcr\u00fcnler: <\/strong>\u015eimdi stokta<\/p>\n<p><span style=\"text-decoration: underline; color: #213b22;\"><strong>\u0130\u00e7indekiler<\/strong><\/span><\/p>\n<p style=\"padding-left: 30px;\"><strong>\u0130\u00e7erik:<\/strong> Astragalus (kitre otu) k\u00f6k\u00fc 420 mg.<\/p>\n<p><strong>\u0130naktif Bile\u015fenler:<\/strong> Jelatin ve su<\/p>\n<p><span style=\"text-decoration: underline; color: #2c4d2d;\"><strong>Kullan\u0131m<\/strong><\/span><\/p>\n<p style=\"padding-left: 30px;\">Yeti\u015fkinler i\u00e7in, g\u00fcnde \u00fc\u00e7 kez yemekle birlikte iki kaps\u00fcl. Kullan\u0131m s\u00fcresi iki ila d\u00f6rt haftad\u0131r.<\/p>\n<p><strong>Contraindications:<\/strong> personal intolerance, pregnancy, and lactation.<\/p>\n<p>D\u00fc\u015f\u00fcnceler:<br \/>\n&#8211; Multipl skleroz, sistemik lupus eritematozus ve romatoid artrit dahil ancak bunlarla s\u0131n\u0131rl\u0131 olmamak \u00fczere otoimm\u00fcn hastal\u0131klar\u0131 olan ki\u015filerde ba\u011f\u0131\u015f\u0131kl\u0131k sisteminin aktivitesini art\u0131rabilir.<br \/>\n&#8211; Ba\u011f\u0131\u015f\u0131kl\u0131k sistemini bask\u0131layan ila\u00e7lar kullanan ki\u015filerde, astragalus ba\u011f\u0131\u015f\u0131kl\u0131k sisteminin aktivitesini art\u0131rabilir ve ba\u011f\u0131\u015f\u0131kl\u0131k sistemini bask\u0131layan ila\u00e7lar\u0131n etkilerini azaltabilir.<br \/>\n&#8211; Diyabet ve hipotansiyonu olan ki\u015filerde kan \u015fekeri seviyelerini etkiler ve kan bas\u0131nc\u0131n\u0131 d\u00fc\u015f\u00fcr\u00fcr.<\/p>\n<\/div>\r\n            <\/div>\r\n        <\/div>\r\n\r\n\n","protected":false},"excerpt":{"rendered":"<ul>\n<li>\u00c7in Geveni i\u00e7eren g\u0131da takviyesidir<\/li>\n<\/ul>\n","protected":false},"featured_media":8055,"template":"","meta":{"_acf_changed":false},"product_cat":[397],"product_tag":[],"class_list":{"0":"post-8054","1":"product","2":"type-product","3":"status-publish","4":"has-post-thumbnail","6":"product_cat-heath","7":"pa_body-systems-bagisiklik-ve-lenfatik","8":"pa_body-systems-endokrin-tr","9":"pa_body-systems-kardiyovaskuler","10":"pa_body-systems-metabolizma","11":"pa_health-topics-bagisiklik","12":"pa_health-topics-kalp-sagligi","13":"pa_health-topics-kan-sekeri","14":"pa_health-topics-mevsimsel-destek","15":"pa_product-categories-adaptogenler","16":"pa_product-categories-antibakteriyeller","17":"pa_product-categories-antiviraller","18":"pa_product-categories-parafarmasotikler","20":"first","21":"instock","22":"sale","23":"shipping-taxable","24":"purchasable","25":"product-type-simple"},"acf":[],"yoast_head":"<!-- This site is optimized with the Yoast SEO plugin v22.3 - https:\/\/yoast.com\/wordpress\/plugins\/seo\/ -->\n<title>Astragalus NSP | Dietary Supplements<\/title>\n<meta name=\"description\" content=\"Astragalus NSP viral enfeksiyonlara kar\u015f\u0131 korur, ba\u011f\u0131\u015f\u0131kl\u0131k sistemini g\u00fc\u00e7lendirir. Kronik yorgunluk semptomlar\u0131n\u0131 azalt\u0131r. Mevsimsel alerjiyi d\u00fczenler\" \/>\n<meta name=\"robots\" content=\"index, follow, max-snippet:-1, max-image-preview:large, max-video-preview:-1\" \/>\n<link rel=\"canonical\" href=\"https:\/\/nspshop.net\/tr\/urun\/astragalus-nsp\/\" \/>\n<meta property=\"og:locale\" content=\"tr_TR\" \/>\n<meta property=\"og:type\" content=\"article\" \/>\n<meta property=\"og:title\" content=\"Astragalus NSP | Dietary Supplements\" \/>\n<meta property=\"og:description\" content=\"Astragalus NSP viral enfeksiyonlara kar\u015f\u0131 korur, ba\u011f\u0131\u015f\u0131kl\u0131k sistemini g\u00fc\u00e7lendirir. Kronik yorgunluk semptomlar\u0131n\u0131 azalt\u0131r. Mevsimsel alerjiyi d\u00fczenler\" \/>\n<meta property=\"og:url\" content=\"https:\/\/nspshop.net\/tr\/urun\/astragalus-nsp\/\" \/>\n<meta property=\"og:site_name\" content=\"Dietary Supplements\" \/>\n<meta property=\"article:modified_time\" content=\"2024-03-31T08:04:11+00:00\" \/>\n<meta property=\"og:image\" content=\"https:\/\/nspshop.net\/wp-content\/uploads\/2023\/06\/Astragalus.webp\" \/>\n\t<meta property=\"og:image:width\" content=\"1080\" \/>\n\t<meta property=\"og:image:height\" content=\"1080\" \/>\n\t<meta property=\"og:image:type\" content=\"image\/webp\" \/>\n<meta name=\"twitter:card\" content=\"summary_large_image\" \/>\n<meta name=\"twitter:label1\" content=\"Tahmini okuma s\u00fcresi\" \/>\n\t<meta name=\"twitter:data1\" content=\"1 dakika\" \/>\n<script type=\"application\/ld+json\" class=\"yoast-schema-graph\">{\"@context\":\"https:\/\/schema.org\",\"@graph\":[{\"@type\":\"WebPage\",\"@id\":\"https:\/\/nspshop.net\/tr\/urun\/astragalus-nsp\/\",\"url\":\"https:\/\/nspshop.net\/tr\/urun\/astragalus-nsp\/\",\"name\":\"Astragalus NSP | Dietary Supplements\",\"isPartOf\":{\"@id\":\"https:\/\/nspshop.net\/#website\"},\"primaryImageOfPage\":{\"@id\":\"https:\/\/nspshop.net\/tr\/urun\/astragalus-nsp\/#primaryimage\"},\"image\":{\"@id\":\"https:\/\/nspshop.net\/tr\/urun\/astragalus-nsp\/#primaryimage\"},\"thumbnailUrl\":\"https:\/\/nspshop.net\/wp-content\/uploads\/2023\/06\/Astragalus.webp\",\"datePublished\":\"2023-06-05T05:25:06+00:00\",\"dateModified\":\"2024-03-31T08:04:11+00:00\",\"description\":\"Astragalus NSP viral enfeksiyonlara kar\u015f\u0131 korur, ba\u011f\u0131\u015f\u0131kl\u0131k sistemini g\u00fc\u00e7lendirir. Kronik yorgunluk semptomlar\u0131n\u0131 azalt\u0131r. Mevsimsel alerjiyi d\u00fczenler\",\"breadcrumb\":{\"@id\":\"https:\/\/nspshop.net\/tr\/urun\/astragalus-nsp\/#breadcrumb\"},\"inLanguage\":\"tr\",\"potentialAction\":[{\"@type\":\"ReadAction\",\"target\":[\"https:\/\/nspshop.net\/tr\/urun\/astragalus-nsp\/\"]}]},{\"@type\":\"ImageObject\",\"inLanguage\":\"tr\",\"@id\":\"https:\/\/nspshop.net\/tr\/urun\/astragalus-nsp\/#primaryimage\",\"url\":\"https:\/\/nspshop.net\/wp-content\/uploads\/2023\/06\/Astragalus.webp\",\"contentUrl\":\"https:\/\/nspshop.net\/wp-content\/uploads\/2023\/06\/Astragalus.webp\",\"width\":1080,\"height\":1080,\"caption\":\"Astragalus NSP\"},{\"@type\":\"BreadcrumbList\",\"@id\":\"https:\/\/nspshop.net\/tr\/urun\/astragalus-nsp\/#breadcrumb\",\"itemListElement\":[{\"@type\":\"ListItem\",\"position\":1,\"name\":\"\u0413\u043b\u0430\u0432\u043d\u0430\u044f \u0441\u0442\u0440\u0430\u043d\u0438\u0446\u0430\",\"item\":\"https:\/\/nspshop.net\/\"},{\"@type\":\"ListItem\",\"position\":2,\"name\":\"D\u00fckk\u00e2n\",\"item\":\"https:\/\/nspshop.net\/tr\/shop\/\"},{\"@type\":\"ListItem\",\"position\":3,\"name\":\"Astragalus NSP\"}]},{\"@type\":\"WebSite\",\"@id\":\"https:\/\/nspshop.net\/#website\",\"url\":\"https:\/\/nspshop.net\/\",\"name\":\"Dietary Supplements\",\"description\":\"BuyNSP\",\"publisher\":{\"@id\":\"https:\/\/nspshop.net\/#organization\"},\"potentialAction\":[{\"@type\":\"SearchAction\",\"target\":{\"@type\":\"EntryPoint\",\"urlTemplate\":\"https:\/\/nspshop.net\/?s={search_term_string}\"},\"query-input\":\"required name=search_term_string\"}],\"inLanguage\":\"tr\"},{\"@type\":\"Organization\",\"@id\":\"https:\/\/nspshop.net\/#organization\",\"name\":\"Dietary Supplements\",\"alternateName\":\"BuyNSP\",\"url\":\"https:\/\/nspshop.net\/\",\"logo\":{\"@type\":\"ImageObject\",\"inLanguage\":\"tr\",\"@id\":\"https:\/\/nspshop.net\/#\/schema\/logo\/image\/\",\"url\":\"https:\/\/nspshop.net\/wp-content\/uploads\/2023\/06\/cropped-Logo-NSP.png\",\"contentUrl\":\"https:\/\/nspshop.net\/wp-content\/uploads\/2023\/06\/cropped-Logo-NSP.png\",\"width\":512,\"height\":512,\"caption\":\"Dietary Supplements\"},\"image\":{\"@id\":\"https:\/\/nspshop.net\/#\/schema\/logo\/image\/\"}}]}<\/script>\n<!-- \/ Yoast SEO plugin. -->","yoast_head_json":{"title":"Astragalus NSP | Dietary Supplements","description":"Astragalus NSP viral enfeksiyonlara kar\u015f\u0131 korur, ba\u011f\u0131\u015f\u0131kl\u0131k sistemini g\u00fc\u00e7lendirir. Kronik yorgunluk semptomlar\u0131n\u0131 azalt\u0131r. Mevsimsel alerjiyi d\u00fczenler","robots":{"index":"index","follow":"follow","max-snippet":"max-snippet:-1","max-image-preview":"max-image-preview:large","max-video-preview":"max-video-preview:-1"},"canonical":"https:\/\/nspshop.net\/tr\/urun\/astragalus-nsp\/","og_locale":"tr_TR","og_type":"article","og_title":"Astragalus NSP | Dietary Supplements","og_description":"Astragalus NSP viral enfeksiyonlara kar\u015f\u0131 korur, ba\u011f\u0131\u015f\u0131kl\u0131k sistemini g\u00fc\u00e7lendirir. Kronik yorgunluk semptomlar\u0131n\u0131 azalt\u0131r. Mevsimsel alerjiyi d\u00fczenler","og_url":"https:\/\/nspshop.net\/tr\/urun\/astragalus-nsp\/","og_site_name":"Dietary Supplements","article_modified_time":"2024-03-31T08:04:11+00:00","og_image":[{"width":1080,"height":1080,"url":"https:\/\/nspshop.net\/wp-content\/uploads\/2023\/06\/Astragalus.webp","type":"image\/webp"}],"twitter_card":"summary_large_image","twitter_misc":{"Tahmini okuma s\u00fcresi":"1 dakika"},"schema":{"@context":"https:\/\/schema.org","@graph":[{"@type":"WebPage","@id":"https:\/\/nspshop.net\/tr\/urun\/astragalus-nsp\/","url":"https:\/\/nspshop.net\/tr\/urun\/astragalus-nsp\/","name":"Astragalus NSP | Dietary Supplements","isPartOf":{"@id":"https:\/\/nspshop.net\/#website"},"primaryImageOfPage":{"@id":"https:\/\/nspshop.net\/tr\/urun\/astragalus-nsp\/#primaryimage"},"image":{"@id":"https:\/\/nspshop.net\/tr\/urun\/astragalus-nsp\/#primaryimage"},"thumbnailUrl":"https:\/\/nspshop.net\/wp-content\/uploads\/2023\/06\/Astragalus.webp","datePublished":"2023-06-05T05:25:06+00:00","dateModified":"2024-03-31T08:04:11+00:00","description":"Astragalus NSP viral enfeksiyonlara kar\u015f\u0131 korur, ba\u011f\u0131\u015f\u0131kl\u0131k sistemini g\u00fc\u00e7lendirir. Kronik yorgunluk semptomlar\u0131n\u0131 azalt\u0131r. Mevsimsel alerjiyi d\u00fczenler","breadcrumb":{"@id":"https:\/\/nspshop.net\/tr\/urun\/astragalus-nsp\/#breadcrumb"},"inLanguage":"tr","potentialAction":[{"@type":"ReadAction","target":["https:\/\/nspshop.net\/tr\/urun\/astragalus-nsp\/"]}]},{"@type":"ImageObject","inLanguage":"tr","@id":"https:\/\/nspshop.net\/tr\/urun\/astragalus-nsp\/#primaryimage","url":"https:\/\/nspshop.net\/wp-content\/uploads\/2023\/06\/Astragalus.webp","contentUrl":"https:\/\/nspshop.net\/wp-content\/uploads\/2023\/06\/Astragalus.webp","width":1080,"height":1080,"caption":"Astragalus NSP"},{"@type":"BreadcrumbList","@id":"https:\/\/nspshop.net\/tr\/urun\/astragalus-nsp\/#breadcrumb","itemListElement":[{"@type":"ListItem","position":1,"name":"\u0413\u043b\u0430\u0432\u043d\u0430\u044f \u0441\u0442\u0440\u0430\u043d\u0438\u0446\u0430","item":"https:\/\/nspshop.net\/"},{"@type":"ListItem","position":2,"name":"D\u00fckk\u00e2n","item":"https:\/\/nspshop.net\/tr\/shop\/"},{"@type":"ListItem","position":3,"name":"Astragalus NSP"}]},{"@type":"WebSite","@id":"https:\/\/nspshop.net\/#website","url":"https:\/\/nspshop.net\/","name":"Dietary Supplements","description":"BuyNSP","publisher":{"@id":"https:\/\/nspshop.net\/#organization"},"potentialAction":[{"@type":"SearchAction","target":{"@type":"EntryPoint","urlTemplate":"https:\/\/nspshop.net\/?s={search_term_string}"},"query-input":"required name=search_term_string"}],"inLanguage":"tr"},{"@type":"Organization","@id":"https:\/\/nspshop.net\/#organization","name":"Dietary Supplements","alternateName":"BuyNSP","url":"https:\/\/nspshop.net\/","logo":{"@type":"ImageObject","inLanguage":"tr","@id":"https:\/\/nspshop.net\/#\/schema\/logo\/image\/","url":"https:\/\/nspshop.net\/wp-content\/uploads\/2023\/06\/cropped-Logo-NSP.png","contentUrl":"https:\/\/nspshop.net\/wp-content\/uploads\/2023\/06\/cropped-Logo-NSP.png","width":512,"height":512,"caption":"Dietary Supplements"},"image":{"@id":"https:\/\/nspshop.net\/#\/schema\/logo\/image\/"}}]}},"_links":{"self":[{"href":"https:\/\/nspshop.net\/tr\/wp-json\/wp\/v2\/product\/8054","targetHints":{"allow":["GET"]}}],"collection":[{"href":"https:\/\/nspshop.net\/tr\/wp-json\/wp\/v2\/product"}],"about":[{"href":"https:\/\/nspshop.net\/tr\/wp-json\/wp\/v2\/types\/product"}],"wp:featuredmedia":[{"embeddable":true,"href":"https:\/\/nspshop.net\/tr\/wp-json\/wp\/v2\/media\/8055"}],"wp:attachment":[{"href":"https:\/\/nspshop.net\/tr\/wp-json\/wp\/v2\/media?parent=8054"}],"wp:term":[{"taxonomy":"product_cat","embeddable":true,"href":"https:\/\/nspshop.net\/tr\/wp-json\/wp\/v2\/product_cat?post=8054"},{"taxonomy":"product_tag","embeddable":true,"href":"https:\/\/nspshop.net\/tr\/wp-json\/wp\/v2\/product_tag?post=8054"}],"curies":[{"name":"wp","href":"https:\/\/api.w.org\/{rel}","templated":true}]}}