{"id":8056,"date":"2023-06-05T08:21:04","date_gmt":"2023-06-05T05:21:04","guid":{"rendered":"https:\/\/nspshop.net\/product\/super-kompleks-nsp\/"},"modified":"2024-03-31T11:05:15","modified_gmt":"2024-03-31T08:05:15","slug":"super-kompleks-nsp","status":"publish","type":"product","link":"https:\/\/nspshop.net\/tr\/urun\/super-kompleks-nsp\/","title":{"rendered":"S\u00fcper Kompleks NSP"},"content":{"rendered":"\r\n        <div class=\"med_worker_introduce_text \">\r\n\r\n            Bu b\u00f6l\u00fcm sadece <span class=\"med_anchor_link\"> <b>Sa\u011fl\u0131k profesyonelleri<\/b> i\u00e7indir<\/span>\r\n\r\n        <\/div>\r\n\r\n        <div class=\"med_worker_popup_wrapper hide\" style=\"background-color: rgba(10,10,10,0.3)\">\r\n            <div class=\"med_worker_popup\" style=\"width:1024px; height:600px;background-color:#ffffff; border-radius: 10px;\">\r\n                <div class=\"med_worker_confirmation\">\r\n                    <span style=\"font-size: 20px\">\r\n                        Sa\u011fl\u0131k profesyoneli misiniz?                    <\/span>\r\n                    <div class=\"med_worker_buttons\">\r\n                        <a href=\"\" class=\"confirm\" style=\"background-color:#0d594e; color: #ffffff;\">Evet<\/a>\r\n                        <a href=\"\" class=\"reject\" style=\"background-color:#bc2b2b; color: #0a0a0a;\">Hay\u0131r<\/a>\r\n                    <\/div>\r\n                <\/div>\r\n                <div class=\"med_worker_decription hide\"><h1>S\u00fcper Kompleks NSP<\/h1>\n<div class=\"t-store__tabs__content t-descr t-descr_xxs\">\n<p>Temel beslenme fakt\u00f6rleri aras\u0131nda en \u00f6nemlileri vitaminler ve biyo elementlerdir. Eksiklikler modern insanlarda yayg\u0131nd\u0131r ve mevsime ba\u011fl\u0131 de\u011fildir. Bu nedenle beslenme uzmanlar\u0131 y\u0131l boyunca s\u00fcrekli olarak vitamin-mineral kompleksleri (VMC) al\u0131nmas\u0131n\u0131 \u00f6nermektedir. Universal <strong>&#8220;Super Complex NSP&#8221; <\/strong>, t\u00fcm organizman\u0131n normal i\u015fleyi\u015fi i\u00e7in gerekli olan 12 vitamin ve 12 biyolojik elementi etkili dozlarda kolayca sindirilebilir bir formda i\u00e7erir. Kompleks, 7 bitki bile\u015feni, hesperidin ve portakal-greyfurt flavonoidlerinden olu\u015fan tescilli bir kar\u0131\u015f\u0131mla zenginle\u015ftirilmi\u015ftir.<\/p>\n<p>Kompleksin etkisini art\u0131ran fitokomponentler ve biyoflavonoidler i\u00e7eren benzersiz bir vitamin-mineral form\u00fcl\u00fc. Vitaminler ve biyoelementler kolay sindirilebilir formdad\u0131r.<\/p>\n<p>Aktif i\u00e7erik<\/p>\n<p><strong>C, D2, E, B1, B2, B3 vitaminleri, pantotenik asit (B5), B6, folik asit, B12, biotin ve beta-karoten<\/strong> i\u00e7erir. Vitaminler beslenmenin \u00f6nemli ve vazge\u00e7ilmez bir par\u00e7as\u0131d\u0131r. V\u00fccudun normal i\u015fleyi\u015fini sa\u011flarlar, bir\u00e7ok enzimin par\u00e7as\u0131d\u0131rlar, metabolizmay\u0131 d\u00fczenlerler, ba\u011f\u0131\u015f\u0131kl\u0131k sistemini harekete ge\u00e7irirler.<\/p>\n<p>Biyo element i\u00e7erir: <strong>kalsiyum (patentonat, difosfat), fosfor (kalsiyum fosfat), magnezyum oksit, potasyum (bikarbonat, iyod\u00fcr), demir (fumarat), \u00e7inko (oksit), bak\u0131r (glukonat), iyot (potasyum iyod\u00fcr<\/strong>). Biyoelementler vazge\u00e7ilmez beslenme fakt\u00f6rleridir. Enzimlerin bir par\u00e7as\u0131d\u0131rlar, h\u00fccrelerin su-elektrolit metabolizmas\u0131n\u0131 ve elektrik potansiyelini, asit-baz dengesini sa\u011flarlar ve kemik dokusunun bile\u015fenleridirler. Biyo elementler ba\u015fka bir\u00e7ok hayati i\u015flevi yerine getirir.<\/p>\n<p><strong>Narenciye biyoflavonoidleri<\/strong> kalp i\u00e7in iyi olan antioksidanlard\u0131r. Beyin fonksiyonlar\u0131n\u0131, ba\u011f dokusunu korumaya ve kan dola\u015f\u0131m\u0131n\u0131 iyile\u015ftirmeye yard\u0131mc\u0131 olurlar.<\/p>\n<p><strong>Hesperidin <\/strong>bir bioflavonoid ve bir antioksidand\u0131r. Damarlar\u0131n geni\u015fleyebilirli\u011fini azalt\u0131r ve ven\u00f6z staz\u0131 azaltmaya yard\u0131mc\u0131 olan tonusunu art\u0131r\u0131r. K\u0131lcal damar ge\u00e7irgenli\u011fini azalt\u0131r ve direncini art\u0131r\u0131r, mikrosirk\u00fclasyonu ve lenf ak\u0131\u015f\u0131n\u0131 iyile\u015ftirir. Bioflavonoidler kolajen \u00fcretimini uyar\u0131r ve ba\u011f dokusunu g\u00fc\u00e7lendirmeye yard\u0131mc\u0131 olur.<\/p>\n<p>Koruyucu kar\u0131\u015f\u0131m (antioksidan ve onkoprotektif etkiye sahip diyet lifi):<\/p>\n<p><strong>Brokoli <\/strong>(Brassica<em> oleracea<\/em>) C, K vitaminleri, folik asit, kalsiyum, demir, magnezyum, fosfor ve potasyum a\u00e7\u0131s\u0131ndan zengindir. Bir antioksidand\u0131r ve kanser h\u00fccrelerinin b\u00fcy\u00fcmesine ve herpes vir\u00fcs\u00fcn\u00fcn yay\u0131lmas\u0131na etkili bir \u015fekilde direnebilen maddeler i\u00e7erir.<\/p>\n<p><strong>Zerde\u00e7al <\/strong><em>(Curcuma longa<\/em>) antiseptik, antispazmodik etkiye sahip bir k\u00f6kt\u00fcr. Zerde\u00e7al, karaci\u011fer hastal\u0131klar\u0131nda zehirlenmeyi azalt\u0131r ve \u00e7ok az yan etkiyle iltihaplanmaya yard\u0131mc\u0131 olan g\u00fc\u00e7l\u00fc bir do\u011fal maddedir. \u00c7e\u015fitli kanser t\u00fcrlerine sahip kanser hastalar\u0131nda metastaz geli\u015fimini \u00f6nler.<\/p>\n<p><strong>Biberiye <\/strong>(Rosmarinus<em> officinalis<\/em>) tonik etkisi olan g\u00fc\u00e7l\u00fc bir uyar\u0131c\u0131d\u0131r ve \u00e7e\u015fitli antioksidan t\u00fcrlerinin kayna\u011f\u0131d\u0131r. \u0130nsan ba\u011f\u0131\u015f\u0131kl\u0131k sistemini g\u00fc\u00e7lendirmede faydal\u0131 bir etkiye sahip olan demir, magnezyum, fosfor, potasyum, sodyum ve \u00e7inko i\u00e7erir.<\/p>\n<p><strong>Pancar <\/strong><em>(Beta vulgaris<\/em>) gastrointestinal mikrofloran\u0131n ihlalinde kullan\u0131lan do\u011fal bir antiseptiktir.<\/p>\n<p><strong>Domates <\/strong><em>(Solanum Lycopersicon<\/em>) antioksidanlar i\u00e7erir, kanser riskini azalt\u0131r.<\/p>\n<p><strong>Havu\u00e7 <\/strong><em>(Daucus carota<\/em>) antiseptik ve anti-inflamatuar etkiye sahip bir karotenoid kayna\u011f\u0131d\u0131r.<\/p>\n<p><strong>Lahana <\/strong><em>(Brassica oleracea<\/em>) kolesterol\u00fcn v\u00fccuttan at\u0131lmas\u0131n\u0131 destekler ve kan \u015fekerini d\u00fc\u015f\u00fcr\u00fcr.<\/p>\n<p><strong>\u00dcr\u00fcn kodu <\/strong>: 4052 <strong>Kategori: <\/strong>G\u0131da Takviyeleri<\/p>\n<\/div>\n<div class=\"t-store__tabs__content t-descr t-descr_xxs\"><\/div>\n<div class=\"t-store__tabs__content t-descr t-descr_xxs\"><\/div>\n<div class=\"t-store__tabs__content t-descr t-descr_xxs\">\n<div class=\"t-store__tabs__button js-store-tab-button\" data-tab-title=\"Ingredients\" data-sanitized-data-tab-title=\"Ingredients\">\n<div class=\"t-store__tabs__button-title t-name t-name_xs\"><strong>\u0130\u00e7indekiler<\/strong><\/div>\n<div class=\"t-store__tabs__button-title t-name t-name_xs\">\n<p>G\u0131da takviyesi Super Complex ek bir vitamin kayna\u011f\u0131d\u0131r; (E, D, C, B1, B2, B6, B12, PP, folik asit, pantotenik asit, biotin, beta-karoten) ve biyo elementler (iyot, bak\u0131r, demir, \u00e7inko).<\/p>\n<p><strong>\u0130naktif Bile\u015fenler:<\/strong> Mikrokristalin sel\u00fcloz, stearik asit, sel\u00fcloz, silikon dioksit ve magnezyum stearat. Kaplama karnauba mumu, sel\u00fcloz kaplama ve ar\u0131t\u0131lm\u0131\u015f su i\u00e7erir.<\/p>\n<\/div>\n<div class=\"t-store__tabs__button-title t-name t-name_xs\"><\/div>\n<\/div>\n<div class=\"t-store__tabs__button js-store-tab-button\" data-tab-title=\"Usage\" data-sanitized-data-tab-title=\"Usage\">\n<div class=\"t-store__tabs__button-title t-name t-name_xs\"><strong>Kullan\u0131m<\/strong><\/div>\n<div class=\"t-store__tabs__button-title t-name t-name_xs\">\n<p>G\u00fcnde bir kez yemeklerle birlikte bir tablet. Kullan\u0131m s\u00fcresi bir ayd\u0131r. Y\u0131lda \u00fc\u00e7 ila d\u00f6rt kez kullan\u0131labilir.<\/p>\n<p><strong>Contraindications:<\/strong> personal intolerance, pregnancy, and lactation. \u0130yot preparatlar\u0131n\u0131n kontrendike oldu\u011fu durumlar. Tiroid hastal\u0131\u011f\u0131 olan ki\u015filerin kullanmadan \u00f6nce bir endokrinologa dan\u0131\u015fmalar\u0131 tavsiye edilir.<\/p>\n<\/div>\n<\/div>\n<\/div>\n<\/div>\r\n            <\/div>\r\n        <\/div>\r\n\r\n\n","protected":false},"excerpt":{"rendered":"<ul>\n<li>Vitamin ve Mineral i\u00e7erir.<\/li>\n<li>Takviye Edici G\u0131dad\u0131r<\/li>\n<\/ul>\n","protected":false},"featured_media":7990,"template":"","meta":{"_acf_changed":false},"product_cat":[397],"product_tag":[],"class_list":{"0":"post-8056","1":"product","2":"type-product","3":"status-publish","4":"has-post-thumbnail","6":"product_cat-heath","7":"pa_body-systems-endokrin-tr","8":"pa_body-systems-erkek-ureme","9":"pa_body-systems-kadin-ureme","10":"pa_body-systems-nervous-tr-2","11":"pa_health-topics-bagisiklik","12":"pa_health-topics-enerji","13":"pa_health-topics-fitness-tr","14":"pa_health-topics-goz-sagligi","15":"pa_health-topics-kalp-sagligi","16":"pa_health-topics-mevsimsel-destek","17":"pa_health-topics-ruh-hali","18":"pa_health-topics-sac-cilt-tirnaklar","19":"pa_health-topics-kilo-vermek","20":"pa_health-topics-stres-rahatlama-uyku-tr","21":"pa_product-categories-nutrasotikler","22":"pa_product-categories-vitamins-and-minerals-tr","24":"first","25":"outofstock","26":"sale","27":"shipping-taxable","28":"purchasable","29":"product-type-simple"},"acf":[],"yoast_head":"<!-- This site is optimized with the Yoast SEO plugin v22.3 - https:\/\/yoast.com\/wordpress\/plugins\/seo\/ -->\n<title>S\u00fcper Kompleks NSP | Dietary Supplements<\/title>\n<meta name=\"description\" content=\"Super Complex NSP: Sa\u011fl\u0131kl\u0131 bir ya\u015fam tarz\u0131 i\u00e7in kolay sindirilebilir formda 12 vitamin, 12 mikro ve makro element kayna\u011f\u0131. Ba\u011f\u0131\u015f\u0131kl\u0131k sistemini g\u00fc\u00e7lendirir.\" \/>\n<meta name=\"robots\" content=\"index, follow, max-snippet:-1, max-image-preview:large, max-video-preview:-1\" \/>\n<link rel=\"canonical\" href=\"https:\/\/nspshop.net\/tr\/urun\/super-kompleks-nsp\/\" \/>\n<meta property=\"og:locale\" content=\"tr_TR\" \/>\n<meta property=\"og:type\" content=\"article\" \/>\n<meta property=\"og:title\" content=\"S\u00fcper Kompleks NSP | Dietary Supplements\" \/>\n<meta property=\"og:description\" content=\"Super Complex NSP: Sa\u011fl\u0131kl\u0131 bir ya\u015fam tarz\u0131 i\u00e7in kolay sindirilebilir formda 12 vitamin, 12 mikro ve makro element kayna\u011f\u0131. Ba\u011f\u0131\u015f\u0131kl\u0131k sistemini g\u00fc\u00e7lendirir.\" \/>\n<meta property=\"og:url\" content=\"https:\/\/nspshop.net\/tr\/urun\/super-kompleks-nsp\/\" \/>\n<meta property=\"og:site_name\" content=\"Dietary Supplements\" \/>\n<meta property=\"article:modified_time\" content=\"2024-03-31T08:05:15+00:00\" \/>\n<meta property=\"og:image\" content=\"https:\/\/nspshop.net\/wp-content\/uploads\/2023\/06\/Super_Complex.webp\" \/>\n\t<meta property=\"og:image:width\" content=\"1597\" \/>\n\t<meta property=\"og:image:height\" content=\"1597\" \/>\n\t<meta property=\"og:image:type\" content=\"image\/webp\" \/>\n<meta name=\"twitter:card\" content=\"summary_large_image\" \/>\n<meta name=\"twitter:label1\" content=\"Tahmini okuma s\u00fcresi\" \/>\n\t<meta name=\"twitter:data1\" content=\"1 dakika\" \/>\n<script type=\"application\/ld+json\" class=\"yoast-schema-graph\">{\"@context\":\"https:\/\/schema.org\",\"@graph\":[{\"@type\":\"WebPage\",\"@id\":\"https:\/\/nspshop.net\/tr\/urun\/super-kompleks-nsp\/\",\"url\":\"https:\/\/nspshop.net\/tr\/urun\/super-kompleks-nsp\/\",\"name\":\"S\u00fcper Kompleks NSP | Dietary Supplements\",\"isPartOf\":{\"@id\":\"https:\/\/nspshop.net\/#website\"},\"primaryImageOfPage\":{\"@id\":\"https:\/\/nspshop.net\/tr\/urun\/super-kompleks-nsp\/#primaryimage\"},\"image\":{\"@id\":\"https:\/\/nspshop.net\/tr\/urun\/super-kompleks-nsp\/#primaryimage\"},\"thumbnailUrl\":\"https:\/\/nspshop.net\/wp-content\/uploads\/2023\/06\/Super_Complex.webp\",\"datePublished\":\"2023-06-05T05:21:04+00:00\",\"dateModified\":\"2024-03-31T08:05:15+00:00\",\"description\":\"Super Complex NSP: Sa\u011fl\u0131kl\u0131 bir ya\u015fam tarz\u0131 i\u00e7in kolay sindirilebilir formda 12 vitamin, 12 mikro ve makro element kayna\u011f\u0131. Ba\u011f\u0131\u015f\u0131kl\u0131k sistemini g\u00fc\u00e7lendirir.\",\"breadcrumb\":{\"@id\":\"https:\/\/nspshop.net\/tr\/urun\/super-kompleks-nsp\/#breadcrumb\"},\"inLanguage\":\"tr\",\"potentialAction\":[{\"@type\":\"ReadAction\",\"target\":[\"https:\/\/nspshop.net\/tr\/urun\/super-kompleks-nsp\/\"]}]},{\"@type\":\"ImageObject\",\"inLanguage\":\"tr\",\"@id\":\"https:\/\/nspshop.net\/tr\/urun\/super-kompleks-nsp\/#primaryimage\",\"url\":\"https:\/\/nspshop.net\/wp-content\/uploads\/2023\/06\/Super_Complex.webp\",\"contentUrl\":\"https:\/\/nspshop.net\/wp-content\/uploads\/2023\/06\/Super_Complex.webp\",\"width\":1597,\"height\":1597,\"caption\":\"Super Complex NSP\"},{\"@type\":\"BreadcrumbList\",\"@id\":\"https:\/\/nspshop.net\/tr\/urun\/super-kompleks-nsp\/#breadcrumb\",\"itemListElement\":[{\"@type\":\"ListItem\",\"position\":1,\"name\":\"\u0413\u043b\u0430\u0432\u043d\u0430\u044f \u0441\u0442\u0440\u0430\u043d\u0438\u0446\u0430\",\"item\":\"https:\/\/nspshop.net\/\"},{\"@type\":\"ListItem\",\"position\":2,\"name\":\"D\u00fckk\u00e2n\",\"item\":\"https:\/\/nspshop.net\/tr\/shop\/\"},{\"@type\":\"ListItem\",\"position\":3,\"name\":\"S\u00fcper Kompleks NSP\"}]},{\"@type\":\"WebSite\",\"@id\":\"https:\/\/nspshop.net\/#website\",\"url\":\"https:\/\/nspshop.net\/\",\"name\":\"Dietary Supplements\",\"description\":\"BuyNSP\",\"publisher\":{\"@id\":\"https:\/\/nspshop.net\/#organization\"},\"potentialAction\":[{\"@type\":\"SearchAction\",\"target\":{\"@type\":\"EntryPoint\",\"urlTemplate\":\"https:\/\/nspshop.net\/?s={search_term_string}\"},\"query-input\":\"required name=search_term_string\"}],\"inLanguage\":\"tr\"},{\"@type\":\"Organization\",\"@id\":\"https:\/\/nspshop.net\/#organization\",\"name\":\"Dietary Supplements\",\"alternateName\":\"BuyNSP\",\"url\":\"https:\/\/nspshop.net\/\",\"logo\":{\"@type\":\"ImageObject\",\"inLanguage\":\"tr\",\"@id\":\"https:\/\/nspshop.net\/#\/schema\/logo\/image\/\",\"url\":\"https:\/\/nspshop.net\/wp-content\/uploads\/2023\/06\/cropped-Logo-NSP.png\",\"contentUrl\":\"https:\/\/nspshop.net\/wp-content\/uploads\/2023\/06\/cropped-Logo-NSP.png\",\"width\":512,\"height\":512,\"caption\":\"Dietary Supplements\"},\"image\":{\"@id\":\"https:\/\/nspshop.net\/#\/schema\/logo\/image\/\"}}]}<\/script>\n<!-- \/ Yoast SEO plugin. -->","yoast_head_json":{"title":"S\u00fcper Kompleks NSP | Dietary Supplements","description":"Super Complex NSP: Sa\u011fl\u0131kl\u0131 bir ya\u015fam tarz\u0131 i\u00e7in kolay sindirilebilir formda 12 vitamin, 12 mikro ve makro element kayna\u011f\u0131. Ba\u011f\u0131\u015f\u0131kl\u0131k sistemini g\u00fc\u00e7lendirir.","robots":{"index":"index","follow":"follow","max-snippet":"max-snippet:-1","max-image-preview":"max-image-preview:large","max-video-preview":"max-video-preview:-1"},"canonical":"https:\/\/nspshop.net\/tr\/urun\/super-kompleks-nsp\/","og_locale":"tr_TR","og_type":"article","og_title":"S\u00fcper Kompleks NSP | Dietary Supplements","og_description":"Super Complex NSP: Sa\u011fl\u0131kl\u0131 bir ya\u015fam tarz\u0131 i\u00e7in kolay sindirilebilir formda 12 vitamin, 12 mikro ve makro element kayna\u011f\u0131. Ba\u011f\u0131\u015f\u0131kl\u0131k sistemini g\u00fc\u00e7lendirir.","og_url":"https:\/\/nspshop.net\/tr\/urun\/super-kompleks-nsp\/","og_site_name":"Dietary Supplements","article_modified_time":"2024-03-31T08:05:15+00:00","og_image":[{"width":1597,"height":1597,"url":"https:\/\/nspshop.net\/wp-content\/uploads\/2023\/06\/Super_Complex.webp","type":"image\/webp"}],"twitter_card":"summary_large_image","twitter_misc":{"Tahmini okuma s\u00fcresi":"1 dakika"},"schema":{"@context":"https:\/\/schema.org","@graph":[{"@type":"WebPage","@id":"https:\/\/nspshop.net\/tr\/urun\/super-kompleks-nsp\/","url":"https:\/\/nspshop.net\/tr\/urun\/super-kompleks-nsp\/","name":"S\u00fcper Kompleks NSP | Dietary Supplements","isPartOf":{"@id":"https:\/\/nspshop.net\/#website"},"primaryImageOfPage":{"@id":"https:\/\/nspshop.net\/tr\/urun\/super-kompleks-nsp\/#primaryimage"},"image":{"@id":"https:\/\/nspshop.net\/tr\/urun\/super-kompleks-nsp\/#primaryimage"},"thumbnailUrl":"https:\/\/nspshop.net\/wp-content\/uploads\/2023\/06\/Super_Complex.webp","datePublished":"2023-06-05T05:21:04+00:00","dateModified":"2024-03-31T08:05:15+00:00","description":"Super Complex NSP: Sa\u011fl\u0131kl\u0131 bir ya\u015fam tarz\u0131 i\u00e7in kolay sindirilebilir formda 12 vitamin, 12 mikro ve makro element kayna\u011f\u0131. Ba\u011f\u0131\u015f\u0131kl\u0131k sistemini g\u00fc\u00e7lendirir.","breadcrumb":{"@id":"https:\/\/nspshop.net\/tr\/urun\/super-kompleks-nsp\/#breadcrumb"},"inLanguage":"tr","potentialAction":[{"@type":"ReadAction","target":["https:\/\/nspshop.net\/tr\/urun\/super-kompleks-nsp\/"]}]},{"@type":"ImageObject","inLanguage":"tr","@id":"https:\/\/nspshop.net\/tr\/urun\/super-kompleks-nsp\/#primaryimage","url":"https:\/\/nspshop.net\/wp-content\/uploads\/2023\/06\/Super_Complex.webp","contentUrl":"https:\/\/nspshop.net\/wp-content\/uploads\/2023\/06\/Super_Complex.webp","width":1597,"height":1597,"caption":"Super Complex NSP"},{"@type":"BreadcrumbList","@id":"https:\/\/nspshop.net\/tr\/urun\/super-kompleks-nsp\/#breadcrumb","itemListElement":[{"@type":"ListItem","position":1,"name":"\u0413\u043b\u0430\u0432\u043d\u0430\u044f \u0441\u0442\u0440\u0430\u043d\u0438\u0446\u0430","item":"https:\/\/nspshop.net\/"},{"@type":"ListItem","position":2,"name":"D\u00fckk\u00e2n","item":"https:\/\/nspshop.net\/tr\/shop\/"},{"@type":"ListItem","position":3,"name":"S\u00fcper Kompleks NSP"}]},{"@type":"WebSite","@id":"https:\/\/nspshop.net\/#website","url":"https:\/\/nspshop.net\/","name":"Dietary Supplements","description":"BuyNSP","publisher":{"@id":"https:\/\/nspshop.net\/#organization"},"potentialAction":[{"@type":"SearchAction","target":{"@type":"EntryPoint","urlTemplate":"https:\/\/nspshop.net\/?s={search_term_string}"},"query-input":"required name=search_term_string"}],"inLanguage":"tr"},{"@type":"Organization","@id":"https:\/\/nspshop.net\/#organization","name":"Dietary Supplements","alternateName":"BuyNSP","url":"https:\/\/nspshop.net\/","logo":{"@type":"ImageObject","inLanguage":"tr","@id":"https:\/\/nspshop.net\/#\/schema\/logo\/image\/","url":"https:\/\/nspshop.net\/wp-content\/uploads\/2023\/06\/cropped-Logo-NSP.png","contentUrl":"https:\/\/nspshop.net\/wp-content\/uploads\/2023\/06\/cropped-Logo-NSP.png","width":512,"height":512,"caption":"Dietary Supplements"},"image":{"@id":"https:\/\/nspshop.net\/#\/schema\/logo\/image\/"}}]}},"_links":{"self":[{"href":"https:\/\/nspshop.net\/tr\/wp-json\/wp\/v2\/product\/8056","targetHints":{"allow":["GET"]}}],"collection":[{"href":"https:\/\/nspshop.net\/tr\/wp-json\/wp\/v2\/product"}],"about":[{"href":"https:\/\/nspshop.net\/tr\/wp-json\/wp\/v2\/types\/product"}],"wp:featuredmedia":[{"embeddable":true,"href":"https:\/\/nspshop.net\/tr\/wp-json\/wp\/v2\/media\/7990"}],"wp:attachment":[{"href":"https:\/\/nspshop.net\/tr\/wp-json\/wp\/v2\/media?parent=8056"}],"wp:term":[{"taxonomy":"product_cat","embeddable":true,"href":"https:\/\/nspshop.net\/tr\/wp-json\/wp\/v2\/product_cat?post=8056"},{"taxonomy":"product_tag","embeddable":true,"href":"https:\/\/nspshop.net\/tr\/wp-json\/wp\/v2\/product_tag?post=8056"}],"curies":[{"name":"wp","href":"https:\/\/api.w.org\/{rel}","templated":true}]}}