{"id":8057,"date":"2023-06-05T08:13:16","date_gmt":"2023-06-05T05:13:16","guid":{"rendered":"https:\/\/nspshop.net\/product\/proteaz-plus-nsp\/"},"modified":"2024-03-31T11:06:21","modified_gmt":"2024-03-31T08:06:21","slug":"proteaz-plus-nsp","status":"publish","type":"product","link":"https:\/\/nspshop.net\/tr\/urun\/proteaz-plus-nsp\/","title":{"rendered":"Proteaz Plus NSP"},"content":{"rendered":"\r\n        <div class=\"med_worker_introduce_text \">\r\n\r\n            Bu b\u00f6l\u00fcm sadece <span class=\"med_anchor_link\"> <b>Sa\u011fl\u0131k profesyonelleri<\/b> i\u00e7indir<\/span>\r\n\r\n        <\/div>\r\n\r\n        <div class=\"med_worker_popup_wrapper hide\" style=\"background-color: rgba(10,10,10,0.3)\">\r\n            <div class=\"med_worker_popup\" style=\"width:1024px; height:600px;background-color:#ffffff; border-radius: 10px;\">\r\n                <div class=\"med_worker_confirmation\">\r\n                    <span style=\"font-size: 20px\">\r\n                        Sa\u011fl\u0131k profesyoneli misiniz?                    <\/span>\r\n                    <div class=\"med_worker_buttons\">\r\n                        <a href=\"\" class=\"confirm\" style=\"background-color:#0d594e; color: #ffffff;\">Evet<\/a>\r\n                        <a href=\"\" class=\"reject\" style=\"background-color:#bc2b2b; color: #0a0a0a;\">Hay\u0131r<\/a>\r\n                    <\/div>\r\n                <\/div>\r\n                <div class=\"med_worker_decription hide\"><h1>Proteaz Plus NSP<\/h1>\n<p>1930&#8217;larda bir fikir ortaya at\u0131ld\u0131 ve 1970&#8217;lerde t\u0131pta sistemik enzim tedavisi ad\u0131 verilen yeni bir y\u00f6n ortaya \u00e7\u0131kt\u0131. Proteolitik enzimlerin v\u00fccudun i\u00e7 ortam\u0131ndaki etkisine dayan\u0131r. Sistemik enzim tedavisinde enzimlerin kullan\u0131m\u0131, kan p\u0131ht\u0131la\u015fmas\u0131n\u0131, enflamatuar ve ba\u011f\u0131\u015f\u0131kl\u0131k s\u00fcre\u00e7lerinin aktivitesini, yaralanmalardan, ameliyatlardan, kronik enflamasyondan ve kemoterapiden sonra \u00e7\u00fcr\u00fcklerin iyile\u015fmesini d\u00fczenlemenizi sa\u011flar. Benzersiz enzim kompleksi Protease Plus, sistemik enzim tedavisi i\u00e7in \u00f6\u011f\u00fcn aralar\u0131nda kullan\u0131labilir. Proteolitik enzimler artroz, artrit ve osteokondroz gibi k\u0131k\u0131rdak y\u0131k\u0131m\u0131 ile ili\u015fkili hastal\u0131klarda, bol balgaml\u0131 bron\u015fit, pl\u00f6rezi, yara s\u00fcp\u00fcrasyonu ve trofik \u00fclserler gibi p\u00fcr\u00fclan ve enflamatuar hastal\u0131klarda al\u0131nabilir. Sistemik enzim tedavisi ortopedi ve travmatolojide, nekrotik komplikasyonlar\u0131n s\u0131kl\u0131\u011f\u0131n\u0131 azaltan diyabetik ayak sendromunda, kronik prostatit, fibrokistik mastopati, yap\u0131\u015fkan ba\u011f\u0131rsak t\u0131kan\u0131kl\u0131\u011f\u0131 ve vitiligoda etkilidir (s\u00fcre\u00e7 stabilize edilir ve cilt repigmentasyonu kaydedilir). Kompleks, imm\u00fcn yetmezlik durumlar\u0131nda ve onkolojide kullan\u0131labilir. <strong>Proteaz Plus NSP <\/strong>Enzim Kompleksi ayr\u0131ca midenin sindirim fonksiyonunu iyile\u015ftirmek i\u00e7in de kullan\u0131labilir. Bu durumda yemekle birlikte al\u0131nmal\u0131d\u0131r.<\/p>\n<p>Enzim ta\u015f\u0131y\u0131c\u0131lar\u0131 olarak pancar liflerinin (lif, pektin ve lignin) dahil edildi\u011fi misel mantarlar\u0131ndan elde edilen proteolitik enzimlere dayanan benzersiz bir form\u00fcl. Sistemik bir enzim preparat\u0131 olarak, \u00fcr\u00fcn uzun s\u00fcre y\u00fcksek dozlarda kullan\u0131labilir.<\/p>\n<p>Proteaz Plus (proteaza plus) g\u0131da takviyesi ve \u00c7inko Pastil ile ana tedavide kronik prostatit ve erektil disfonksiyonu olan bir grup hastada yap\u0131lan klinik \u00e7al\u0131\u015fmalardan elde edilen sonu\u00e7lar vard\u0131r. Ba\u015flang\u0131\u00e7 tedavisine k\u0131yasla geni\u015fletilmi\u015f tedavinin sonu\u00e7lar\u0131 ereksiyonda %50, orgazmda %34, libidoda %24 ve cinsel ili\u015fki kalitesinde %39 iyile\u015fme olmu\u015ftur.<\/p>\n<p>Bu proteaz kar\u0131\u015f\u0131m\u0131; belirgin bir anti-enflamatuar, anti-\u00f6dem, emilebilir ve imm\u00fcnomod\u00fclat\u00f6r etkiye sahiptir Mikrosirk\u00fclasyonu iyile\u015ftirir ve rejenerasyon s\u00fcre\u00e7lerini h\u0131zland\u0131r\u0131r ve makrofajlar\u0131 ve ba\u011f\u0131\u015f\u0131kl\u0131k \u00f6ld\u00fcr\u00fcc\u00fc h\u00fccreleri aktive etme yetene\u011fine sahiptir. SE&#8217;nin (Sistemik enzim tedavisi) bir par\u00e7as\u0131 olarak, malign neoplazmlar\u0131n geli\u015fiminin t\u00fcm a\u015famalar\u0131nda ve \u00f6zellikle radyo veya kemoterapi s\u0131ras\u0131nda terminal a\u015famada hastalar\u0131n durumunu hafifletmek i\u00e7in etkili bir \u015fekilde \u00e7al\u0131\u015f\u0131r.<\/p>\n<p><strong>Pancar\u0131n <\/strong><em>(Beta vulgaris<\/em>) <strong>bitkisel lifleri <\/strong>, gastrointestinal sistemdeki hareket s\u00fcrecinde proteolitik enzimlerin ta\u015f\u0131y\u0131c\u0131s\u0131 olarak i\u015flev g\u00f6ren sel\u00fcloz, hemisel\u00fcloz, pektin ve lignin i\u00e7erir.<\/p>\n<p><strong>\u00dcr\u00fcn kodu <\/strong>: 1841 <strong>Kategori <\/strong>: G\u0131da Takviyeleri <strong>Se\u00e7ilen \u00fcr\u00fcnler: <\/strong>\u015eimdi stokta<\/p>\n<p><span style=\"text-decoration: underline;\"><strong>\u0130\u00e7indekiler<\/strong><\/span><\/p>\n<p><strong>\u0130\u00e7erik (1 <\/strong>600 mg kaps\u00fcl): bitkisel proteazlar &#8211; 203 mg; pancar\u0131n bitkisel lifi (Beta vulgaris) &#8211; 267 mg. Proteolitik aktivite: 60 \u00fcnite (60.000 HUT)\/kaps\u00fcl.<\/p>\n<p><strong>Aktif Olmayan Bile\u015fenler:<\/strong> trasit ve jelatin.<\/p>\n<p><span style=\"text-decoration: underline;\"><strong>Kullan\u0131m<\/strong><\/span><\/p>\n<p>Yeti\u015fkinler i\u00e7in yemeklerle birlikte g\u00fcnde \u00fc\u00e7 kez bir kaps\u00fcl.<\/p>\n<p><strong>Kontrendikasyonlar<\/strong>: ki\u015fisel intolerans, hamilelik ve emzirme.<\/p>\n<\/div>\r\n            <\/div>\r\n        <\/div>\r\n\r\n\n","protected":false},"excerpt":{"rendered":"<ul>\n<li>Proteaz Enzim Kar\u0131\u015f\u0131m\u0131 ,Sindirim Enzimleri i\u00e7erir.<\/li>\n<li>Sindirim sistemini d\u00fczenlemeye yard\u0131mc\u0131 olur.<\/li>\n<\/ul>\n","protected":false},"featured_media":7988,"template":"","meta":{"_acf_changed":false},"product_cat":[397],"product_tag":[],"class_list":{"0":"post-8057","1":"product","2":"type-product","3":"status-publish","4":"has-post-thumbnail","6":"product_cat-heath","8":"first","9":"instock","10":"sale","11":"shipping-taxable","12":"purchasable","13":"product-type-simple"},"acf":[],"yoast_head":"<!-- This site is optimized with the Yoast SEO plugin v22.3 - https:\/\/yoast.com\/wordpress\/plugins\/seo\/ -->\n<title>Proteaz Plus NSP | Dietary Supplements<\/title>\n<meta name=\"description\" content=\"Proteaz Plus NSP: Sistemik enzim tedavisi programlar\u0131nda kullan\u0131l\u0131r. G\u0131da proteinlerinin sindirimini ve emilimini art\u0131r\u0131r. Kan viskozitesini azalt\u0131r ve dola\u015f\u0131m\u0131 iyile\u015ftirir\" \/>\n<meta name=\"robots\" content=\"index, follow, max-snippet:-1, max-image-preview:large, max-video-preview:-1\" \/>\n<link rel=\"canonical\" href=\"https:\/\/nspshop.net\/tr\/urun\/proteaz-plus-nsp\/\" \/>\n<meta property=\"og:locale\" content=\"tr_TR\" \/>\n<meta property=\"og:type\" content=\"article\" \/>\n<meta property=\"og:title\" content=\"Proteaz Plus NSP | Dietary Supplements\" \/>\n<meta property=\"og:description\" content=\"Proteaz Plus NSP: Sistemik enzim tedavisi programlar\u0131nda kullan\u0131l\u0131r. G\u0131da proteinlerinin sindirimini ve emilimini art\u0131r\u0131r. Kan viskozitesini azalt\u0131r ve dola\u015f\u0131m\u0131 iyile\u015ftirir\" \/>\n<meta property=\"og:url\" content=\"https:\/\/nspshop.net\/tr\/urun\/proteaz-plus-nsp\/\" \/>\n<meta property=\"og:site_name\" content=\"Dietary Supplements\" \/>\n<meta property=\"article:modified_time\" content=\"2024-03-31T08:06:21+00:00\" \/>\n<meta property=\"og:image\" content=\"https:\/\/nspshop.net\/wp-content\/uploads\/2023\/06\/Protease_Plus.webp\" \/>\n\t<meta property=\"og:image:width\" content=\"1080\" \/>\n\t<meta property=\"og:image:height\" content=\"1080\" \/>\n\t<meta property=\"og:image:type\" content=\"image\/webp\" \/>\n<meta name=\"twitter:card\" content=\"summary_large_image\" \/>\n<meta name=\"twitter:label1\" content=\"Tahmini okuma s\u00fcresi\" \/>\n\t<meta name=\"twitter:data1\" content=\"1 dakika\" \/>\n<script type=\"application\/ld+json\" class=\"yoast-schema-graph\">{\"@context\":\"https:\/\/schema.org\",\"@graph\":[{\"@type\":\"WebPage\",\"@id\":\"https:\/\/nspshop.net\/tr\/urun\/proteaz-plus-nsp\/\",\"url\":\"https:\/\/nspshop.net\/tr\/urun\/proteaz-plus-nsp\/\",\"name\":\"Proteaz Plus NSP | Dietary Supplements\",\"isPartOf\":{\"@id\":\"https:\/\/nspshop.net\/#website\"},\"primaryImageOfPage\":{\"@id\":\"https:\/\/nspshop.net\/tr\/urun\/proteaz-plus-nsp\/#primaryimage\"},\"image\":{\"@id\":\"https:\/\/nspshop.net\/tr\/urun\/proteaz-plus-nsp\/#primaryimage\"},\"thumbnailUrl\":\"https:\/\/nspshop.net\/wp-content\/uploads\/2023\/06\/Protease_Plus.webp\",\"datePublished\":\"2023-06-05T05:13:16+00:00\",\"dateModified\":\"2024-03-31T08:06:21+00:00\",\"description\":\"Proteaz Plus NSP: Sistemik enzim tedavisi programlar\u0131nda kullan\u0131l\u0131r. G\u0131da proteinlerinin sindirimini ve emilimini art\u0131r\u0131r. Kan viskozitesini azalt\u0131r ve dola\u015f\u0131m\u0131 iyile\u015ftirir\",\"breadcrumb\":{\"@id\":\"https:\/\/nspshop.net\/tr\/urun\/proteaz-plus-nsp\/#breadcrumb\"},\"inLanguage\":\"tr\",\"potentialAction\":[{\"@type\":\"ReadAction\",\"target\":[\"https:\/\/nspshop.net\/tr\/urun\/proteaz-plus-nsp\/\"]}]},{\"@type\":\"ImageObject\",\"inLanguage\":\"tr\",\"@id\":\"https:\/\/nspshop.net\/tr\/urun\/proteaz-plus-nsp\/#primaryimage\",\"url\":\"https:\/\/nspshop.net\/wp-content\/uploads\/2023\/06\/Protease_Plus.webp\",\"contentUrl\":\"https:\/\/nspshop.net\/wp-content\/uploads\/2023\/06\/Protease_Plus.webp\",\"width\":1080,\"height\":1080,\"caption\":\"Protease Plus NSP\"},{\"@type\":\"BreadcrumbList\",\"@id\":\"https:\/\/nspshop.net\/tr\/urun\/proteaz-plus-nsp\/#breadcrumb\",\"itemListElement\":[{\"@type\":\"ListItem\",\"position\":1,\"name\":\"\u0413\u043b\u0430\u0432\u043d\u0430\u044f \u0441\u0442\u0440\u0430\u043d\u0438\u0446\u0430\",\"item\":\"https:\/\/nspshop.net\/\"},{\"@type\":\"ListItem\",\"position\":2,\"name\":\"D\u00fckk\u00e2n\",\"item\":\"https:\/\/nspshop.net\/tr\/shop\/\"},{\"@type\":\"ListItem\",\"position\":3,\"name\":\"Proteaz Plus NSP\"}]},{\"@type\":\"WebSite\",\"@id\":\"https:\/\/nspshop.net\/#website\",\"url\":\"https:\/\/nspshop.net\/\",\"name\":\"Dietary Supplements\",\"description\":\"BuyNSP\",\"publisher\":{\"@id\":\"https:\/\/nspshop.net\/#organization\"},\"potentialAction\":[{\"@type\":\"SearchAction\",\"target\":{\"@type\":\"EntryPoint\",\"urlTemplate\":\"https:\/\/nspshop.net\/?s={search_term_string}\"},\"query-input\":\"required name=search_term_string\"}],\"inLanguage\":\"tr\"},{\"@type\":\"Organization\",\"@id\":\"https:\/\/nspshop.net\/#organization\",\"name\":\"Dietary Supplements\",\"alternateName\":\"BuyNSP\",\"url\":\"https:\/\/nspshop.net\/\",\"logo\":{\"@type\":\"ImageObject\",\"inLanguage\":\"tr\",\"@id\":\"https:\/\/nspshop.net\/#\/schema\/logo\/image\/\",\"url\":\"https:\/\/nspshop.net\/wp-content\/uploads\/2023\/06\/cropped-Logo-NSP.png\",\"contentUrl\":\"https:\/\/nspshop.net\/wp-content\/uploads\/2023\/06\/cropped-Logo-NSP.png\",\"width\":512,\"height\":512,\"caption\":\"Dietary Supplements\"},\"image\":{\"@id\":\"https:\/\/nspshop.net\/#\/schema\/logo\/image\/\"}}]}<\/script>\n<!-- \/ Yoast SEO plugin. -->","yoast_head_json":{"title":"Proteaz Plus NSP | Dietary Supplements","description":"Proteaz Plus NSP: Sistemik enzim tedavisi programlar\u0131nda kullan\u0131l\u0131r. G\u0131da proteinlerinin sindirimini ve emilimini art\u0131r\u0131r. Kan viskozitesini azalt\u0131r ve dola\u015f\u0131m\u0131 iyile\u015ftirir","robots":{"index":"index","follow":"follow","max-snippet":"max-snippet:-1","max-image-preview":"max-image-preview:large","max-video-preview":"max-video-preview:-1"},"canonical":"https:\/\/nspshop.net\/tr\/urun\/proteaz-plus-nsp\/","og_locale":"tr_TR","og_type":"article","og_title":"Proteaz Plus NSP | Dietary Supplements","og_description":"Proteaz Plus NSP: Sistemik enzim tedavisi programlar\u0131nda kullan\u0131l\u0131r. G\u0131da proteinlerinin sindirimini ve emilimini art\u0131r\u0131r. Kan viskozitesini azalt\u0131r ve dola\u015f\u0131m\u0131 iyile\u015ftirir","og_url":"https:\/\/nspshop.net\/tr\/urun\/proteaz-plus-nsp\/","og_site_name":"Dietary Supplements","article_modified_time":"2024-03-31T08:06:21+00:00","og_image":[{"width":1080,"height":1080,"url":"https:\/\/nspshop.net\/wp-content\/uploads\/2023\/06\/Protease_Plus.webp","type":"image\/webp"}],"twitter_card":"summary_large_image","twitter_misc":{"Tahmini okuma s\u00fcresi":"1 dakika"},"schema":{"@context":"https:\/\/schema.org","@graph":[{"@type":"WebPage","@id":"https:\/\/nspshop.net\/tr\/urun\/proteaz-plus-nsp\/","url":"https:\/\/nspshop.net\/tr\/urun\/proteaz-plus-nsp\/","name":"Proteaz Plus NSP | Dietary Supplements","isPartOf":{"@id":"https:\/\/nspshop.net\/#website"},"primaryImageOfPage":{"@id":"https:\/\/nspshop.net\/tr\/urun\/proteaz-plus-nsp\/#primaryimage"},"image":{"@id":"https:\/\/nspshop.net\/tr\/urun\/proteaz-plus-nsp\/#primaryimage"},"thumbnailUrl":"https:\/\/nspshop.net\/wp-content\/uploads\/2023\/06\/Protease_Plus.webp","datePublished":"2023-06-05T05:13:16+00:00","dateModified":"2024-03-31T08:06:21+00:00","description":"Proteaz Plus NSP: Sistemik enzim tedavisi programlar\u0131nda kullan\u0131l\u0131r. G\u0131da proteinlerinin sindirimini ve emilimini art\u0131r\u0131r. Kan viskozitesini azalt\u0131r ve dola\u015f\u0131m\u0131 iyile\u015ftirir","breadcrumb":{"@id":"https:\/\/nspshop.net\/tr\/urun\/proteaz-plus-nsp\/#breadcrumb"},"inLanguage":"tr","potentialAction":[{"@type":"ReadAction","target":["https:\/\/nspshop.net\/tr\/urun\/proteaz-plus-nsp\/"]}]},{"@type":"ImageObject","inLanguage":"tr","@id":"https:\/\/nspshop.net\/tr\/urun\/proteaz-plus-nsp\/#primaryimage","url":"https:\/\/nspshop.net\/wp-content\/uploads\/2023\/06\/Protease_Plus.webp","contentUrl":"https:\/\/nspshop.net\/wp-content\/uploads\/2023\/06\/Protease_Plus.webp","width":1080,"height":1080,"caption":"Protease Plus NSP"},{"@type":"BreadcrumbList","@id":"https:\/\/nspshop.net\/tr\/urun\/proteaz-plus-nsp\/#breadcrumb","itemListElement":[{"@type":"ListItem","position":1,"name":"\u0413\u043b\u0430\u0432\u043d\u0430\u044f \u0441\u0442\u0440\u0430\u043d\u0438\u0446\u0430","item":"https:\/\/nspshop.net\/"},{"@type":"ListItem","position":2,"name":"D\u00fckk\u00e2n","item":"https:\/\/nspshop.net\/tr\/shop\/"},{"@type":"ListItem","position":3,"name":"Proteaz Plus NSP"}]},{"@type":"WebSite","@id":"https:\/\/nspshop.net\/#website","url":"https:\/\/nspshop.net\/","name":"Dietary Supplements","description":"BuyNSP","publisher":{"@id":"https:\/\/nspshop.net\/#organization"},"potentialAction":[{"@type":"SearchAction","target":{"@type":"EntryPoint","urlTemplate":"https:\/\/nspshop.net\/?s={search_term_string}"},"query-input":"required name=search_term_string"}],"inLanguage":"tr"},{"@type":"Organization","@id":"https:\/\/nspshop.net\/#organization","name":"Dietary Supplements","alternateName":"BuyNSP","url":"https:\/\/nspshop.net\/","logo":{"@type":"ImageObject","inLanguage":"tr","@id":"https:\/\/nspshop.net\/#\/schema\/logo\/image\/","url":"https:\/\/nspshop.net\/wp-content\/uploads\/2023\/06\/cropped-Logo-NSP.png","contentUrl":"https:\/\/nspshop.net\/wp-content\/uploads\/2023\/06\/cropped-Logo-NSP.png","width":512,"height":512,"caption":"Dietary Supplements"},"image":{"@id":"https:\/\/nspshop.net\/#\/schema\/logo\/image\/"}}]}},"_links":{"self":[{"href":"https:\/\/nspshop.net\/tr\/wp-json\/wp\/v2\/product\/8057","targetHints":{"allow":["GET"]}}],"collection":[{"href":"https:\/\/nspshop.net\/tr\/wp-json\/wp\/v2\/product"}],"about":[{"href":"https:\/\/nspshop.net\/tr\/wp-json\/wp\/v2\/types\/product"}],"wp:featuredmedia":[{"embeddable":true,"href":"https:\/\/nspshop.net\/tr\/wp-json\/wp\/v2\/media\/7988"}],"wp:attachment":[{"href":"https:\/\/nspshop.net\/tr\/wp-json\/wp\/v2\/media?parent=8057"}],"wp:term":[{"taxonomy":"product_cat","embeddable":true,"href":"https:\/\/nspshop.net\/tr\/wp-json\/wp\/v2\/product_cat?post=8057"},{"taxonomy":"product_tag","embeddable":true,"href":"https:\/\/nspshop.net\/tr\/wp-json\/wp\/v2\/product_tag?post=8057"}],"curies":[{"name":"wp","href":"https:\/\/api.w.org\/{rel}","templated":true}]}}