{"id":8058,"date":"2023-06-04T20:59:03","date_gmt":"2023-06-04T17:59:03","guid":{"rendered":"https:\/\/nspshop.net\/product\/koruyuculu-grapine-nsp\/"},"modified":"2024-03-31T11:07:28","modified_gmt":"2024-03-31T08:07:28","slug":"koruyuculu-grapine-nsp","status":"publish","type":"product","link":"https:\/\/nspshop.net\/tr\/urun\/koruyuculu-grapine-nsp\/","title":{"rendered":"Koruyuculu Grapine NSP"},"content":{"rendered":"\r\n        <div class=\"med_worker_introduce_text \">\r\n\r\n            Bu b\u00f6l\u00fcm sadece <span class=\"med_anchor_link\"> <b>Sa\u011fl\u0131k profesyonelleri<\/b> i\u00e7indir<\/span>\r\n\r\n        <\/div>\r\n\r\n        <div class=\"med_worker_popup_wrapper hide\" style=\"background-color: rgba(10,10,10,0.3)\">\r\n            <div class=\"med_worker_popup\" style=\"width:1024px; height:600px;background-color:#ffffff; border-radius: 10px;\">\r\n                <div class=\"med_worker_confirmation\">\r\n                    <span style=\"font-size: 20px\">\r\n                        Sa\u011fl\u0131k profesyoneli misiniz?                    <\/span>\r\n                    <div class=\"med_worker_buttons\">\r\n                        <a href=\"\" class=\"confirm\" style=\"background-color:#0d594e; color: #ffffff;\">Evet<\/a>\r\n                        <a href=\"\" class=\"reject\" style=\"background-color:#bc2b2b; color: #0a0a0a;\">Hay\u0131r<\/a>\r\n                    <\/div>\r\n                <\/div>\r\n                <div class=\"med_worker_decription hide\"><p><strong>Koruyuculu Grapine NSP<\/strong><\/p>\n<p>NSP&#8217;nin sinerjik koruyucular\u0131n\u0131 i\u00e7eren Grapine kompleksinin antioksidan \u00f6zellikleri, C ve E vitaminlerinden kat kat daha y\u00fcksektir. Bu aktivite, NSP taraf\u0131ndan sa\u011fl\u0131\u011f\u0131n\u0131z i\u00e7in \u00f6zenle geli\u015ftirilen benzersiz kompleksten kaynaklanmaktad\u0131r.<\/p>\n<h3>Koruyuculu Grapine NSP<\/h3>\n<p>\u00fcz\u00fcm kabu\u011fu ve \u00fcz\u00fcm \u00e7ekirde\u011fi ekstresi, \u00e7am kabu\u011fu ekstresi ve C vitamini kombinasyonudur. Kompleksin her \u00fc\u00e7 bile\u015feni de kendi ba\u015flar\u0131na antioksidan \u00f6zellikler g\u00f6sterir ve tek bir kaps\u00fclde birle\u015ftirildiklerinde v\u00fccudunuz i\u00e7in g\u00fc\u00e7l\u00fc bir koruma sa\u011flar.<\/p>\n<p>\u00dcz\u00fcm kabuklar\u0131 ve \u00e7ekirdeklerinden elde edilen ekstrakt, h\u00fccreleri serbest radikallerden (h\u00fccresel yap\u0131ya zarar veren, kansere ve erken ya\u015flanmaya neden olan oksijen molek\u00fclleri) koruyan bitki fenolik bile\u015fikleri olan proantosiyanidinler bak\u0131m\u0131ndan rekor k\u0131rmaktad\u0131r. \u00dcz\u00fcm \u00e7ekirde\u011fi ve kabuklar\u0131n\u0131n tedavi edici ve \u00f6nleyici etkisi ayn\u0131 zamanda A, E, C, B grubu vitaminleri, mineraller (potasyum, sodyum, kalsiyum, demir vb.), biyoflavonoidler, fitokitler, tanenler, \u00e7oklu doymam\u0131\u015f ya\u011f asitleri, fito\u00f6strojenlerin y\u00fcksek i\u00e7eri\u011finden kaynaklanmaktad\u0131r. Bu yararl\u0131 madde zenginli\u011fi nedeniyle \u00fcz\u00fcm \u00e7ekirde\u011fi ve \u00fcz\u00fcm \u00e7ekirde\u011fi, anti-enflamatuar ve imm\u00fcn sistemi uyar\u0131c\u0131 etkiye sahiptir, lipid metabolizmas\u0131n\u0131 normalle\u015ftirir, kardiyovask\u00fcler, sinir ve endokrin sistemlerini iyile\u015ftirir, toksinleri (radyon\u00fcklidler ve a\u011f\u0131r metal tuzlar\u0131 dahil) giderir, hepatoprotektif etkiye sahiptir. A ve E vitaminlerinin varl\u0131\u011f\u0131, \u00fcz\u00fcm \u00e7ekirde\u011fi ve deri \u00f6z\u00fct\u00fcn\u00fcn yara iyile\u015ftirici etkisini, g\u00f6rme, cilt ve mukoza zarlar\u0131n\u0131n iyile\u015ftirilmesini, \u00fcreme fonksiyonunun aktivasyonunu ve klorofilin varl\u0131\u011f\u0131n\u0131 &#8211; bakterisidal etkisini, b\u00f6brek ve mesane ta\u015flar\u0131n\u0131n \u00f6nlenmesini vb. a\u00e7\u0131klar. \u00dcz\u00fcm \u00e7ekirde\u011fi ekstresi ayr\u0131ca \u00f6strojen dengesini normalle\u015ftirerek menopoz d\u00f6nemindeki kad\u0131nlara hormon replasman tedavisi olarak re\u00e7ete edilmesini sa\u011flar. Ayr\u0131ca mide ve duodenum mukozas\u0131n\u0131n eroziv-\u00fclseratif lezyonlar\u0131 dahil olmak \u00fczere sindirim sistemi hastal\u0131klar\u0131n\u0131n \u00f6nlenmesi ve tedavisinde endikedir.<\/p>\n<p>NSP \u015firketi diyet takviyeleri \u00fcretiminde Akdeniz&#8217;in Fransa k\u0131y\u0131lar\u0131nda yeti\u015fen \u00e7am kabu\u011funu kullanmaktad\u0131r. \u00dcz\u00fcm \u00e7ekirde\u011fi gibi g\u00fc\u00e7l\u00fc bir antioksidan olan resveratrol i\u00e7eren \u00e7evre dostu hammaddelerden elde edilir. \u00c7am kabu\u011fundan elde edilen proantosiyanidinler y\u00fcksek antikoag\u00fclan aktiviteye sahiptir. \u00c7am kabu\u011funun karakteristik bir \u00f6zelli\u011fi, adsorptif i\u015flev g\u00f6ren ve t\u00fcm zararl\u0131 maddeleri v\u00fccuttan uzakla\u015ft\u0131ran y\u00fcksek pektin (bitkisel polisakkaritler) i\u00e7eri\u011fidir. \u00c7am kabu\u011fu k\u0131lcal damar duvarlar\u0131n\u0131 g\u00fc\u00e7lendirebilir ve kan mikrosirk\u00fclasyonunu iyile\u015ftirebilir, kan kolesterol\u00fcn\u00fc ve kan p\u0131ht\u0131la\u015fmas\u0131 riskini d\u00fc\u015f\u00fcrebilir, anti-enflamatuar ve antibakteriyel etkilere sahiptir, iyi bir hepatoprotekt\u00f6rd\u00fcr, anti-alerjik etkiye sahiptir, ba\u011f\u0131\u015f\u0131kl\u0131\u011f\u0131 art\u0131r\u0131r ve g\u00fc\u00e7lendirir, kolajen olu\u015fumunu uyar\u0131r. \u00c7am kabu\u011fu \u00f6z\u00fc kullanmak zihinsel ve fiziksel aktiviteyi te\u015fvik eder.<\/p>\n<p>Sinerjik koruyucular i\u00e7eren NSP Grepain kompleksi, her biri baz\u0131 tedavi edici \u00f6zelliklere sahip olan bir bitki kar\u0131\u015f\u0131m\u0131 da i\u00e7erir. Dolay\u0131s\u0131yla, brokoli, \u00c7in lahanas\u0131, beyaz lahana, sofra pancar\u0131, havu\u00e7, domates sadece antioksidan olmakla kalmaz, ayn\u0131 zamanda yukar\u0131daki \u00f6zlerin etkilerini de artt\u0131r\u0131r. T\u00fcm bitkiler vitaminler, mineral tuzlar, flavonoidler, amino asitler ve di\u011fer yararl\u0131 ve besleyici maddeler a\u00e7\u0131s\u0131ndan zengindir.<\/p>\n<h3>Grapine with Protectors NSP &#8211; antioksidan form\u00fcl:<\/h3>\n<p>Kalp krizi, fel\u00e7, anjina ve hipertansiyon riskinin azalt\u0131lmas\u0131<br \/>\nDiyabet, artrit, romatizman\u0131n \u00f6nlenmesi ve tedavisi<br \/>\nErozyon ve \u00fclser durumunda gastrointestinal sistemin mukoza zarlar\u0131n\u0131n normalle\u015fmesi<br \/>\notoimm\u00fcn hastal\u0131klar\u0131n karma\u015f\u0131k tedavisinde tedavi<br \/>\nhaf\u0131za, g\u00f6rme, i\u015fitme duyular\u0131nda iyile\u015fme<br \/>\nfiziksel ve zihinsel aktivitenin uyar\u0131lmas\u0131<br \/>\nSinir, ba\u011f\u0131\u015f\u0131kl\u0131k ve endokrin sistemlerinin optimizasyonu<br \/>\nkanserin \u00f6nlenmesi ve tedavisi<br \/>\nBir fito\u00f6strojendir ve kad\u0131nlar i\u00e7in karma\u015f\u0131k bir hormon replasman tedavisinde bir program geli\u015ftirme olarak \u00f6nerilir<br \/>\nOsteoporoz ve artrit riskini azalt\u0131r.<\/p>\n<p>\u00e7ok y\u00fcksek antioksidan aktiviteye sahip \u00fcz\u00fcm ve \u00e7am kabu\u011fu ve tohumlar\u0131ndan elde edilen ekstraktlar\u0131n bir kompleksidir. \u00dcr\u00fcn, antioksidan olan turun\u00e7gil biyoflavonoidleri, hesperidin, C vitamini ve antioksidanlar\u0131n etkisini art\u0131ran sekiz kurutulmu\u015f bitki kompleksi i\u00e7erir. Grepayn h\u00fccre zarlar\u0131n\u0131 korur, kan damarlar\u0131n\u0131n duvarlar\u0131n\u0131 g\u00fc\u00e7lendirir ve periferik dola\u015f\u0131m\u0131 iyile\u015ftirir. H\u00fccre zarlar\u0131n\u0131 ve kan damarlar\u0131n\u0131 antioksidan stresten korur. Yara iyile\u015ftirici ve antiseptik etkileri vard\u0131r. Cilt, meme ve pankreas kanserlerine ve melanoma kar\u015f\u0131 koruyabilir.<\/p>\n<p>V\u00fccudumuzdaki bir\u00e7ok s\u00fcre\u00e7 serbest radikallerin olu\u015fumuna yol a\u00e7ar. Bu nedenle v\u00fccudun g\u00fc\u00e7l\u00fc bir antioksidan korumaya ihtiyac\u0131 vard\u0131r. Antioksidanlar serbest radikalleri ba\u011flar ve n\u00f6tralize eder.<\/p>\n<p><strong>Aktif i\u00e7erik<\/strong><\/p>\n<p><strong>\u00dcz\u00fcm <\/strong><em>(Vitis vinifera<\/em>) g\u00fc\u00e7l\u00fc bir antioksidan ve membran koruyucu etkiye sahiptir ve k\u0131lcal kan damarlar\u0131n\u0131 stabilize eder. K\u0131rm\u0131z\u0131 \u00fcz\u00fcm \u00e7e\u015fitlerinin kabuk ve \u00e7ekirdek ekstrelerinde \u00e7ok miktarda polifenol (antosiyaninler, dihidrokuersetin ve resveratrol) bulunmu\u015ftur. Resveratrol zay\u0131f bir \u00f6strojen benzeri aktiviteye sahiptir.<\/p>\n<p><strong>C vitamini <\/strong>suda \u00e7\u00f6z\u00fcnen en \u00f6nemli antioksidand\u0131r.<\/p>\n<p><strong>Deniz \u00e7am\u0131n\u0131n <\/strong><em>(Pinus maritima<\/em>) kabu\u011fu b\u00fcy\u00fck miktarda polifenolik madde i\u00e7erir. Antiviral, anti-inflamatuar, h\u00fccre b\u00f6l\u00fcnmesini \u00f6nleyici ve antimutajenik etkiler g\u00f6sterir. Cildi ultraviyole radyasyonun zararl\u0131 etkilerinden korur. \u00d6z\u00fc g\u00fc\u00e7l\u00fc bir antioksidan, k\u0131lcal damar koruyucu ve antimikrobiyal etkiye sahiptir. Cerahatli yaralar\u0131 ve \u00fclserleri iyile\u015ftirmek i\u00e7in ve di\u015f eti kanamalar\u0131n\u0131 azaltmaya yard\u0131mc\u0131 olmak i\u00e7in a\u011f\u0131z gargaralar\u0131nda ve di\u015f macunlar\u0131nda kullan\u0131l\u0131r.<\/p>\n<p><strong>Brokoli <\/strong><em>(Brassica oleracea<\/em>) vitaminler, karotenoidler ve indoller a\u00e7\u0131s\u0131ndan zengindir. S\u00fclforafan antibakteriyel etkiye sahiptir ve antibiyotiklere diren\u00e7li bakterileri \u00f6ld\u00fcr\u00fcr. S\u00fclforafan ayr\u0131ca indol-3-karbinol ve synegrin ile birlikte t\u00fcm\u00f6r b\u00fcy\u00fcmesini engeller. \u0130lk olarak, t\u00fcm\u00f6r h\u00fccreleriyle sava\u015fmak i\u00e7in ba\u011f\u0131\u015f\u0131kl\u0131k sistemini harekete ge\u00e7irir ve ikinci olarak, kanser h\u00fccrelerinin b\u00f6l\u00fcnmesini durdurarak \u00e7o\u011falmalar\u0131n\u0131 \u00f6nler.<\/p>\n<p><strong>Havu\u00e7 <\/strong><em>(Daucus carota<\/em>) karotenoidler, vitaminler, flavonoidler, antosiyanidinler i\u00e7erir. Antiseptik, anti-enflamatuar ve yara iyile\u015ftirici etkileri vard\u0131r. Karotenoidler ve flavonoidler g\u00fc\u00e7l\u00fc antioksidanlard\u0131r.<\/p>\n<p><strong>Pancar <\/strong><em>(Beta vulgaris)<\/em> organik asitler, magnezyum, kalsiyum, potasyum, demir, iyot, vitaminler, betain ve \u00e7ok miktarda antioksidan i\u00e7eren bir k\u00f6k bitkisidir. Pancarda bulunan do\u011fal antiseptikler, bula\u015f\u0131c\u0131 hastal\u0131klar, dysbacteriosis ve cilt mikrofloras\u0131n\u0131n durumunu iyile\u015ftirmek i\u00e7in kullan\u0131lmas\u0131na izin verir.<\/p>\n<p><em>Biberiye (Rosmarinus offic<\/em>inalis) stresi ve sinirsel gerginli\u011fi gideren tonik bir etkiye sahiptir. Serebral dola\u015f\u0131m\u0131, haf\u0131zay\u0131 ve g\u00f6rmeyi iyile\u015ftirme kabiliyeti nedeniyle inme sonras\u0131 d\u00f6nemde tavsiye edilir. Biberiye, odan\u0131n havas\u0131n\u0131 %80 oran\u0131nda mikroplardan ar\u0131nd\u0131rmaya yard\u0131mc\u0131 olan nemlendiricilerle birlikte kullan\u0131ld\u0131\u011f\u0131nda so\u011fuk alg\u0131nl\u0131\u011f\u0131na iyi gelir. Staphylococcus aureus, streptococcus, E. coli ve maya ile iyi ba\u015fa \u00e7\u0131kmaktad\u0131r.<\/p>\n<p><strong>Domates <\/strong><em>(Solanum lycopersicum<\/em>) \u00e7ok say\u0131da karotenoid (likopen), vitamin, organik asit ve polifenol i\u00e7erir. Domates kullan\u0131m\u0131 mide, rahim, pankreas, prostat, meme bezleri ve a\u011f\u0131z bo\u015flu\u011fu kanserleri riskini azalt\u0131r. Her g\u00fcn domates suyu veya sosu t\u00fcketen erkekler prostat kanseri riskini %50 oran\u0131nda azaltmaktad\u0131r.<\/p>\n<p><strong>Zerde\u00e7al <\/strong><em>(Curcuma longa<\/em>) melanom h\u00fccrelerinin, meme ve pankreas kanserlerinin b\u00fcy\u00fcmesini yava\u015flat\u0131r. Kurkumin deri, rahim ve memedeki k\u00f6t\u00fc huylu t\u00fcm\u00f6rlerin b\u00fcy\u00fcmesini engeller. Sineol, t\u00fcm\u00f6rlerde yeni kan damarlar\u0131n\u0131n b\u00fcy\u00fcmesini durdurur. Tumeron antiparazitik etkiye sahiptir ve bakteri b\u00fcy\u00fcmesini engeller. Yara iyile\u015fmesini h\u0131zland\u0131r\u0131r.<\/p>\n<p><strong>Lahana <\/strong><em>(Brassica oleracea<\/em>) vitaminler, karotenoidler ve indoller i\u00e7erir. \u0130ndoller antit\u00fcm\u00f6r aktiviteye sahipken, vitaminler ve karotenoidler antioksidand\u0131r.<\/p>\n<p><strong>Hesperidin <\/strong>bir bitki flavonoididir. Periferik ve koroner kan damarlar\u0131n\u0131n duvarlar\u0131n\u0131 g\u00fc\u00e7lendirmeye, kan ak\u0131\u015f\u0131n\u0131 iyile\u015ftirmeye ve kan damarlar\u0131n\u0131n d\u00fcz kaslar\u0131n\u0131 gev\u015feterek kan bas\u0131nc\u0131n\u0131 d\u00fc\u015f\u00fcrmeye yard\u0131mc\u0131 olur. Hesperidin, alerjik reaksiyonlar\u0131n ve ast\u0131m semptomlar\u0131n\u0131n \u015fiddetini azalt\u0131r ve antioksidan, anti-kanserojen ve anti-inflamatuar etkilere sahiptir.<\/p>\n<p><strong>Biyoflavonoidler <\/strong>(flavonoidler veya polifenoller) bitki pigmentleridir. 6500&#8217;den fazla flavonoid bilinmektedir. Antosiyaninler \u00e7i\u00e7eklerin k\u0131rm\u0131z\u0131, mavi ve mor renklerini belirlerken flavonlar ve flavonoller sar\u0131 ve turuncu renkleri belirlemektedir. \u0130nsan v\u00fccudu flavonoid bile\u015fikleri kendi ba\u015f\u0131na sentezleyemedi\u011fi i\u00e7in bunlar bizim i\u00e7in vazge\u00e7ilmez besin fakt\u00f6rleridir. Flavonoidler antioksidan \u00f6zelliklere sahiptir, bir\u00e7ok metabolik enzimi etkileyebilir ve baz\u0131 flavonoidlerin antibakteriyel etkileri vard\u0131r. Askorbik asit ile birlikte P-vitaminleri olarak adland\u0131r\u0131lan flavonoidler rutin ve kuersetin, membran koruyucu etkiye sahiptir, k\u0131lcal damar k\u0131r\u0131lganl\u0131\u011f\u0131n\u0131 azalt\u0131r, kan p\u0131ht\u0131la\u015fmas\u0131n\u0131 engeller ve k\u0131rm\u0131z\u0131 kan h\u00fccrelerinin esnekli\u011fini art\u0131r\u0131r.<\/p>\n<p><strong>\u00dcr\u00fcn kodu <\/strong>: 1750 <strong>Kategori <\/strong>: G\u0131da Takviyeleri <strong>Se\u00e7ilen \u00fcr\u00fcnler: <\/strong>\u015eimdi stokta<\/p>\n<p>Koruyuculu Grapine NSP Bile\u015fenleri<\/p>\n<p><strong>Content<\/strong> <strong>(1 tablet)<\/strong>:<\/p>\n<p>Bitki \u00f6z\u00fc &#8211; 200 mg (brokoli \u00e7i\u00e7ekleri, lahana yapraklar\u0131, havu\u00e7 k\u00f6k\u00fc, pancar k\u00f6k\u00fc, biberiye yapraklar\u0131, domates meyveleri, zerde\u00e7al k\u00f6k\u00fc, greyfurt bioflavonoid \u00f6z\u00fc, hesperidin bioflavonoid, portakal bioflavonoid \u00f6z\u00fc), dikalsiyum fosfat i\u00e7inde kalsiyum &#8211; 38 mg (%3. 8 DV), dikalsiyum fosfat i\u00e7inde kalsiyum &#8211; 38 mg (%3.8 DV), k\u0131rm\u0131z\u0131 \u00fcz\u00fcm kabu\u011fu ekstresi 50 mg, brokoli \u00e7i\u00e7e\u011fi 34 mg, \u00fcz\u00fcm \u00e7ekirde\u011fi ekstresi 24 mg, C vitamini (askorbik asit) 20 mg (%33 DV), \u00e7am kabu\u011fu ekstresi &#8211; 1 mg.<\/p>\n<p><strong>Aktif Olmayan \u0130\u00e7er<\/strong>ikler: mikrokristalin sel\u00fcloz, stearik asit, magnezyum stearat ve silikon dioksit. Vitamin kabu\u011fu karnauba mumu, sel\u00fcloz kaplama ve ar\u0131t\u0131lm\u0131\u015f su i\u00e7erir.<\/p>\n<p>Kullan\u0131m<\/p>\n<p>Yeti\u015fkinler i\u00e7in, \u00fc\u00e7 ila d\u00f6rt hafta boyunca yemeklerle birlikte g\u00fcnde iki kez bir tablet. Gerekirse kullan\u0131m tekrarlanabilir.<\/p>\n<p><strong>Contraindications:<\/strong> personal intolerance, pregnancy, and lactation.<\/p>\n<\/div>\r\n            <\/div>\r\n        <\/div>\r\n\r\n\n","protected":false},"excerpt":{"rendered":"<ul>\n<li>\u00dcz\u00fcm Tohum ekstresi i\u00e7eren g\u0131da takviyesidir.<\/li>\n<\/ul>\n","protected":false},"featured_media":8059,"template":"","meta":{"_acf_changed":false},"product_cat":[397],"product_tag":[],"class_list":{"0":"post-8058","1":"product","2":"type-product","3":"status-publish","4":"has-post-thumbnail","6":"product_cat-heath","7":"pa_body-systems-endokrin-tr","8":"pa_body-systems-kardiyovaskuler","9":"pa_body-systems-nervous-tr-2","10":"pa_body-systems-skin-hair-nails-tr-2","11":"pa_body-systems-vision-tr","12":"pa_health-topics-detoks-ve-arinma","13":"pa_health-topics-enflamasyon-ve-agri","14":"pa_health-topics-fitness-tr","15":"pa_health-topics-goz-sagligi","16":"pa_health-topics-hafiza-ve-beyin","17":"pa_health-topics-kadin-sagligi","18":"pa_health-topics-sac-cilt-tirnaklar","19":"pa_product-categories-antioxidants-tr","20":"pa_product-categories-parafarmasotikler","22":"first","23":"outofstock","24":"sale","25":"shipping-taxable","26":"purchasable","27":"product-type-simple"},"acf":[],"yoast_head":"<!-- This site is optimized with the Yoast SEO plugin v22.3 - https:\/\/yoast.com\/wordpress\/plugins\/seo\/ -->\n<title>Koruyuculu Grapine NSP | Dietary Supplements<\/title>\n<meta name=\"description\" content=\"Koruyuculu \u00dcz\u00fcm NSP: Antioksidan ve onkoprotektif etkilere sahiptir. Kan damarlar\u0131n\u0131n duvarlar\u0131n\u0131 g\u00fc\u00e7lendirir, kan dola\u015f\u0131m\u0131n\u0131 iyile\u015ftirir.\" \/>\n<meta name=\"robots\" content=\"index, follow, max-snippet:-1, max-image-preview:large, max-video-preview:-1\" \/>\n<link rel=\"canonical\" href=\"https:\/\/nspshop.net\/tr\/urun\/koruyuculu-grapine-nsp\/\" \/>\n<meta property=\"og:locale\" content=\"tr_TR\" \/>\n<meta property=\"og:type\" content=\"article\" \/>\n<meta property=\"og:title\" content=\"Koruyuculu Grapine NSP | Dietary Supplements\" \/>\n<meta property=\"og:description\" content=\"Koruyuculu \u00dcz\u00fcm NSP: Antioksidan ve onkoprotektif etkilere sahiptir. Kan damarlar\u0131n\u0131n duvarlar\u0131n\u0131 g\u00fc\u00e7lendirir, kan dola\u015f\u0131m\u0131n\u0131 iyile\u015ftirir.\" \/>\n<meta property=\"og:url\" content=\"https:\/\/nspshop.net\/tr\/urun\/koruyuculu-grapine-nsp\/\" \/>\n<meta property=\"og:site_name\" content=\"Dietary Supplements\" \/>\n<meta property=\"article:modified_time\" content=\"2024-03-31T08:07:28+00:00\" \/>\n<meta property=\"og:image\" content=\"https:\/\/nspshop.net\/wp-content\/uploads\/2023\/06\/Grapine_with_Protectors.webp\" \/>\n\t<meta property=\"og:image:width\" content=\"1080\" \/>\n\t<meta property=\"og:image:height\" content=\"1080\" \/>\n\t<meta property=\"og:image:type\" content=\"image\/webp\" \/>\n<meta name=\"twitter:card\" content=\"summary_large_image\" \/>\n<meta name=\"twitter:label1\" content=\"Tahmini okuma s\u00fcresi\" \/>\n\t<meta name=\"twitter:data1\" content=\"1 dakika\" \/>\n<script type=\"application\/ld+json\" class=\"yoast-schema-graph\">{\"@context\":\"https:\/\/schema.org\",\"@graph\":[{\"@type\":\"WebPage\",\"@id\":\"https:\/\/nspshop.net\/tr\/urun\/koruyuculu-grapine-nsp\/\",\"url\":\"https:\/\/nspshop.net\/tr\/urun\/koruyuculu-grapine-nsp\/\",\"name\":\"Koruyuculu Grapine NSP | Dietary Supplements\",\"isPartOf\":{\"@id\":\"https:\/\/nspshop.net\/#website\"},\"primaryImageOfPage\":{\"@id\":\"https:\/\/nspshop.net\/tr\/urun\/koruyuculu-grapine-nsp\/#primaryimage\"},\"image\":{\"@id\":\"https:\/\/nspshop.net\/tr\/urun\/koruyuculu-grapine-nsp\/#primaryimage\"},\"thumbnailUrl\":\"https:\/\/nspshop.net\/wp-content\/uploads\/2023\/06\/Grapine_with_Protectors.webp\",\"datePublished\":\"2023-06-04T17:59:03+00:00\",\"dateModified\":\"2024-03-31T08:07:28+00:00\",\"description\":\"Koruyuculu \u00dcz\u00fcm NSP: Antioksidan ve onkoprotektif etkilere sahiptir. Kan damarlar\u0131n\u0131n duvarlar\u0131n\u0131 g\u00fc\u00e7lendirir, kan dola\u015f\u0131m\u0131n\u0131 iyile\u015ftirir.\",\"breadcrumb\":{\"@id\":\"https:\/\/nspshop.net\/tr\/urun\/koruyuculu-grapine-nsp\/#breadcrumb\"},\"inLanguage\":\"tr\",\"potentialAction\":[{\"@type\":\"ReadAction\",\"target\":[\"https:\/\/nspshop.net\/tr\/urun\/koruyuculu-grapine-nsp\/\"]}]},{\"@type\":\"ImageObject\",\"inLanguage\":\"tr\",\"@id\":\"https:\/\/nspshop.net\/tr\/urun\/koruyuculu-grapine-nsp\/#primaryimage\",\"url\":\"https:\/\/nspshop.net\/wp-content\/uploads\/2023\/06\/Grapine_with_Protectors.webp\",\"contentUrl\":\"https:\/\/nspshop.net\/wp-content\/uploads\/2023\/06\/Grapine_with_Protectors.webp\",\"width\":1080,\"height\":1080,\"caption\":\"Grapine with Protectors NSP\"},{\"@type\":\"BreadcrumbList\",\"@id\":\"https:\/\/nspshop.net\/tr\/urun\/koruyuculu-grapine-nsp\/#breadcrumb\",\"itemListElement\":[{\"@type\":\"ListItem\",\"position\":1,\"name\":\"\u0413\u043b\u0430\u0432\u043d\u0430\u044f \u0441\u0442\u0440\u0430\u043d\u0438\u0446\u0430\",\"item\":\"https:\/\/nspshop.net\/\"},{\"@type\":\"ListItem\",\"position\":2,\"name\":\"D\u00fckk\u00e2n\",\"item\":\"https:\/\/nspshop.net\/tr\/shop\/\"},{\"@type\":\"ListItem\",\"position\":3,\"name\":\"Koruyuculu Grapine NSP\"}]},{\"@type\":\"WebSite\",\"@id\":\"https:\/\/nspshop.net\/#website\",\"url\":\"https:\/\/nspshop.net\/\",\"name\":\"Dietary Supplements\",\"description\":\"BuyNSP\",\"publisher\":{\"@id\":\"https:\/\/nspshop.net\/#organization\"},\"potentialAction\":[{\"@type\":\"SearchAction\",\"target\":{\"@type\":\"EntryPoint\",\"urlTemplate\":\"https:\/\/nspshop.net\/?s={search_term_string}\"},\"query-input\":\"required name=search_term_string\"}],\"inLanguage\":\"tr\"},{\"@type\":\"Organization\",\"@id\":\"https:\/\/nspshop.net\/#organization\",\"name\":\"Dietary Supplements\",\"alternateName\":\"BuyNSP\",\"url\":\"https:\/\/nspshop.net\/\",\"logo\":{\"@type\":\"ImageObject\",\"inLanguage\":\"tr\",\"@id\":\"https:\/\/nspshop.net\/#\/schema\/logo\/image\/\",\"url\":\"https:\/\/nspshop.net\/wp-content\/uploads\/2023\/06\/cropped-Logo-NSP.png\",\"contentUrl\":\"https:\/\/nspshop.net\/wp-content\/uploads\/2023\/06\/cropped-Logo-NSP.png\",\"width\":512,\"height\":512,\"caption\":\"Dietary Supplements\"},\"image\":{\"@id\":\"https:\/\/nspshop.net\/#\/schema\/logo\/image\/\"}}]}<\/script>\n<!-- \/ Yoast SEO plugin. -->","yoast_head_json":{"title":"Koruyuculu Grapine NSP | Dietary Supplements","description":"Koruyuculu \u00dcz\u00fcm NSP: Antioksidan ve onkoprotektif etkilere sahiptir. Kan damarlar\u0131n\u0131n duvarlar\u0131n\u0131 g\u00fc\u00e7lendirir, kan dola\u015f\u0131m\u0131n\u0131 iyile\u015ftirir.","robots":{"index":"index","follow":"follow","max-snippet":"max-snippet:-1","max-image-preview":"max-image-preview:large","max-video-preview":"max-video-preview:-1"},"canonical":"https:\/\/nspshop.net\/tr\/urun\/koruyuculu-grapine-nsp\/","og_locale":"tr_TR","og_type":"article","og_title":"Koruyuculu Grapine NSP | Dietary Supplements","og_description":"Koruyuculu \u00dcz\u00fcm NSP: Antioksidan ve onkoprotektif etkilere sahiptir. Kan damarlar\u0131n\u0131n duvarlar\u0131n\u0131 g\u00fc\u00e7lendirir, kan dola\u015f\u0131m\u0131n\u0131 iyile\u015ftirir.","og_url":"https:\/\/nspshop.net\/tr\/urun\/koruyuculu-grapine-nsp\/","og_site_name":"Dietary Supplements","article_modified_time":"2024-03-31T08:07:28+00:00","og_image":[{"width":1080,"height":1080,"url":"https:\/\/nspshop.net\/wp-content\/uploads\/2023\/06\/Grapine_with_Protectors.webp","type":"image\/webp"}],"twitter_card":"summary_large_image","twitter_misc":{"Tahmini okuma s\u00fcresi":"1 dakika"},"schema":{"@context":"https:\/\/schema.org","@graph":[{"@type":"WebPage","@id":"https:\/\/nspshop.net\/tr\/urun\/koruyuculu-grapine-nsp\/","url":"https:\/\/nspshop.net\/tr\/urun\/koruyuculu-grapine-nsp\/","name":"Koruyuculu Grapine NSP | Dietary Supplements","isPartOf":{"@id":"https:\/\/nspshop.net\/#website"},"primaryImageOfPage":{"@id":"https:\/\/nspshop.net\/tr\/urun\/koruyuculu-grapine-nsp\/#primaryimage"},"image":{"@id":"https:\/\/nspshop.net\/tr\/urun\/koruyuculu-grapine-nsp\/#primaryimage"},"thumbnailUrl":"https:\/\/nspshop.net\/wp-content\/uploads\/2023\/06\/Grapine_with_Protectors.webp","datePublished":"2023-06-04T17:59:03+00:00","dateModified":"2024-03-31T08:07:28+00:00","description":"Koruyuculu \u00dcz\u00fcm NSP: Antioksidan ve onkoprotektif etkilere sahiptir. Kan damarlar\u0131n\u0131n duvarlar\u0131n\u0131 g\u00fc\u00e7lendirir, kan dola\u015f\u0131m\u0131n\u0131 iyile\u015ftirir.","breadcrumb":{"@id":"https:\/\/nspshop.net\/tr\/urun\/koruyuculu-grapine-nsp\/#breadcrumb"},"inLanguage":"tr","potentialAction":[{"@type":"ReadAction","target":["https:\/\/nspshop.net\/tr\/urun\/koruyuculu-grapine-nsp\/"]}]},{"@type":"ImageObject","inLanguage":"tr","@id":"https:\/\/nspshop.net\/tr\/urun\/koruyuculu-grapine-nsp\/#primaryimage","url":"https:\/\/nspshop.net\/wp-content\/uploads\/2023\/06\/Grapine_with_Protectors.webp","contentUrl":"https:\/\/nspshop.net\/wp-content\/uploads\/2023\/06\/Grapine_with_Protectors.webp","width":1080,"height":1080,"caption":"Grapine with Protectors NSP"},{"@type":"BreadcrumbList","@id":"https:\/\/nspshop.net\/tr\/urun\/koruyuculu-grapine-nsp\/#breadcrumb","itemListElement":[{"@type":"ListItem","position":1,"name":"\u0413\u043b\u0430\u0432\u043d\u0430\u044f \u0441\u0442\u0440\u0430\u043d\u0438\u0446\u0430","item":"https:\/\/nspshop.net\/"},{"@type":"ListItem","position":2,"name":"D\u00fckk\u00e2n","item":"https:\/\/nspshop.net\/tr\/shop\/"},{"@type":"ListItem","position":3,"name":"Koruyuculu Grapine NSP"}]},{"@type":"WebSite","@id":"https:\/\/nspshop.net\/#website","url":"https:\/\/nspshop.net\/","name":"Dietary Supplements","description":"BuyNSP","publisher":{"@id":"https:\/\/nspshop.net\/#organization"},"potentialAction":[{"@type":"SearchAction","target":{"@type":"EntryPoint","urlTemplate":"https:\/\/nspshop.net\/?s={search_term_string}"},"query-input":"required name=search_term_string"}],"inLanguage":"tr"},{"@type":"Organization","@id":"https:\/\/nspshop.net\/#organization","name":"Dietary Supplements","alternateName":"BuyNSP","url":"https:\/\/nspshop.net\/","logo":{"@type":"ImageObject","inLanguage":"tr","@id":"https:\/\/nspshop.net\/#\/schema\/logo\/image\/","url":"https:\/\/nspshop.net\/wp-content\/uploads\/2023\/06\/cropped-Logo-NSP.png","contentUrl":"https:\/\/nspshop.net\/wp-content\/uploads\/2023\/06\/cropped-Logo-NSP.png","width":512,"height":512,"caption":"Dietary Supplements"},"image":{"@id":"https:\/\/nspshop.net\/#\/schema\/logo\/image\/"}}]}},"_links":{"self":[{"href":"https:\/\/nspshop.net\/tr\/wp-json\/wp\/v2\/product\/8058","targetHints":{"allow":["GET"]}}],"collection":[{"href":"https:\/\/nspshop.net\/tr\/wp-json\/wp\/v2\/product"}],"about":[{"href":"https:\/\/nspshop.net\/tr\/wp-json\/wp\/v2\/types\/product"}],"wp:featuredmedia":[{"embeddable":true,"href":"https:\/\/nspshop.net\/tr\/wp-json\/wp\/v2\/media\/8059"}],"wp:attachment":[{"href":"https:\/\/nspshop.net\/tr\/wp-json\/wp\/v2\/media?parent=8058"}],"wp:term":[{"taxonomy":"product_cat","embeddable":true,"href":"https:\/\/nspshop.net\/tr\/wp-json\/wp\/v2\/product_cat?post=8058"},{"taxonomy":"product_tag","embeddable":true,"href":"https:\/\/nspshop.net\/tr\/wp-json\/wp\/v2\/product_tag?post=8058"}],"curies":[{"name":"wp","href":"https:\/\/api.w.org\/{rel}","templated":true}]}}